{"id":87182,"date":"2025-06-25T16:01:49","date_gmt":"2025-06-25T14:01:49","guid":{"rendered":"https:\/\/www.librairieclavreuil.com\/charas-moyse-nouvelles-experiences-sur-la-vipere-ou-lon-verra-une-description-exacte-de-toutes-ses-parties-la-source-de-son-venin-ses-divers-effets-et-les-remedes-exquis-que-les-artistes-peuven\/"},"modified":"2025-06-25T16:01:52","modified_gmt":"2025-06-25T14:01:52","slug":"charas-moyse-nouvelles-experiences-sur-la-vipere-ou-lon-verra-une-description-exacte-de-toutes-ses-parties-la-source-de-son-venin-ses-divers-effets-et-les-remedes-exquis-que-les-artistes-peuven","status":"publish","type":"product","link":"https:\/\/www.librairieclavreuil.com\/en\/charas-moyse-nouvelles-experiences-sur-la-vipere-ou-lon-verra-une-description-exacte-de-toutes-ses-parties-la-source-de-son-venin-ses-divers-effets-et-les-remedes-exquis-que-les-artistes-peuven\/","title":{"rendered":"CHARAS Moyse Nouvelles exp\u00e9riences sur la vip\u00e8re, ou..."},"content":{"rendered":"<p style=\"text-align:justify\"><i>Krivatsy, 2367 (missing the 3 folding plates); Wellcome, II, 327 (issue dated 1669).<\/i><\/p>\n<p style=\"text-align:justify\"><span style=\"font-variant:small-caps\">First edition in second and msot complete issue with the title dated 1670 and Charas&#8217;s reply inserted after page 201.<\/span><\/p>\n<p style=\"text-align:justify\">Moyse Charas (1619-1698), a chemist from Uz\u00e8s who settled in Paris around 1646, was one of the first scientists to contribute &#8211; along with Claude Perrault, G.J. Duverney, J. Pequet, and P. de La Hire &#8211; articles on comparative anatomy to the recently created French Acad\u00e9mie des Sciences.<\/p>\n<p style=\"text-align:justify\">In this work, the author presents a study of viper anatomy and the source and effects of the venom. He presented the experiments carried out publicly in the King&#8217;s garden and defended the thesis that the viper is an antidote to its bite, a thesis opposed to that of another specialist on the subject, the Italian biologist Francesco Redi (1626-1697), with whom he maintained a lengthy controversy. Thanks to his research, Charas contributed to a better understanding of the therapeutic properties of venoms.<\/p>\n<p style=\"text-align:justify\">The engraved frontispiece shows apparatus for distilling venom, and the 3 fold-out plates show details of viper anatomy.<\/p>\n<p style=\"text-align:justify\">Pages 203-278 contain the <i>Suite des nouvelles exp\u00e9riences sur la vip\u00e8re, avec une dissertation sur son venin, pour servir de r\u00e9plique \u00e0 une lettre que monsieur Fran\u00e7ois R\u00e9di&#8230; a \u00e9crite \u00e0 messieurs Bourdelot &amp; Morus, imprim\u00e9e \u00e0 Florence en l&#8217;ann\u00e9e 1670. <\/i>Page 278 indicates that this addition was printed on 4 August 1671. Pages 201-218 at the end contain a long alexandrine on the virtues of the viper written in Latin by Moyse Charas.<\/p>\n<p style=\"text-align:justify\">A few stains or small traces of waterstain at the beginning and towards the end.<\/p>\n<p style=\"text-align:justify\">A rare copy in contemporary morocco.<\/p>\n<p style=\"text-align:justify\">Provenance : Fremyn (signature on title).<\/p>\n","protected":false},"excerpt":{"rendered":"<p>Large 8vo (181 x 119 mm) engraved frontispiece, 6 nn.ll., [201] pp., 2 nn.ll., pp. 203-278, pp. 201-218 (<i>Echiosophium<\/i>), 3 nn.ll. (table of contents and the privilege). Contemporary red morocco, double gilt filet on covers, spine gilt with raised bands, gilt edges (some light wear and slightly stained).<\/p>\n","protected":false},"featured_media":87169,"comment_status":"open","ping_status":"closed","template":"","meta":{"_acf_changed":false},"product_brand":[],"product_cat":[540],"product_tag":[1344,1315],"class_list":{"0":"post-87182","1":"product","2":"type-product","3":"status-publish","4":"has-post-thumbnail","6":"product_cat-natural-history","7":"product_tag-erpetology","8":"product_tag-science","9":"pa_auteur-charas-moyse-2","10":"pa_type-de-livre-printed-book","12":"first","13":"instock","14":"shipping-taxable","15":"purchasable","16":"product-type-simple"},"acf":{"artist":" Moyse CHARAS","chapeau":"Bound in red morocco","adresse_bibliographique":"Paris, Chez L'Auteur et Olivier de Varennes, 1670","book_type":"Printed book","provenance":"","afficher_prix":""},"yoast_head":"<!-- This site is optimized with the Yoast SEO plugin v24.7 - https:\/\/yoast.com\/wordpress\/plugins\/seo\/ -->\n<title>CHARAS Moyse Nouvelles exp\u00e9riences sur la vip\u00e8re, ou l&#039;on verra une description exacte de toutes ses parties, la source de son venin, ses divers effets, et les rem\u00e8des exquis que les artistes peuvent tirer de la vip\u00e8re, tant pour la gu\u00e9rison sur ses morsures, que pour celle de plusieurs autres maladies. - Libairie Clavreuil<\/title>\n<meta name=\"robots\" content=\"index, follow, max-snippet:-1, max-image-preview:large, max-video-preview:-1\" \/>\n<link rel=\"canonical\" href=\"https:\/\/www.librairieclavreuil.com\/en\/charas-moyse-nouvelles-experiences-sur-la-vipere-ou-lon-verra-une-description-exacte-de-toutes-ses-parties-la-source-de-son-venin-ses-divers-effets-et-les-remedes-exquis-que-les-artistes-peuven\/\" \/>\n<meta property=\"og:locale\" content=\"en_US\" \/>\n<meta property=\"og:type\" content=\"article\" \/>\n<meta property=\"og:title\" content=\"CHARAS Moyse Nouvelles exp\u00e9riences sur la vip\u00e8re, ou l&#039;on verra une description exacte de toutes ses parties, la source de son venin, ses divers effets, et les rem\u00e8des exquis que les artistes peuvent tirer de la vip\u00e8re, tant pour la gu\u00e9rison sur ses morsures, que pour celle de plusieurs autres maladies. - Libairie Clavreuil\" \/>\n<meta property=\"og:description\" content=\"Large 8vo (181 x 119 mm) engraved frontispiece, 6 nn.ll., [201] pp., 2 nn.ll., pp. 203-278, pp. 201-218 (Echiosophium), 3 nn.ll. (table of contents and the privilege). Contemporary red morocco, double gilt filet on covers, spine gilt with raised bands, gilt edges (some light wear and slightly stained).\" \/>\n<meta property=\"og:url\" content=\"https:\/\/www.librairieclavreuil.com\/en\/charas-moyse-nouvelles-experiences-sur-la-vipere-ou-lon-verra-une-description-exacte-de-toutes-ses-parties-la-source-de-son-venin-ses-divers-effets-et-les-remedes-exquis-que-les-artistes-peuven\/\" \/>\n<meta property=\"og:site_name\" content=\"Libairie Clavreuil\" \/>\n<meta property=\"article:modified_time\" content=\"2025-06-25T14:01:52+00:00\" \/>\n<meta property=\"og:image\" content=\"https:\/\/www.librairieclavreuil.com\/wp-content\/uploads\/2025\/06\/moyse-charas-nouvelles-experiences-sur-la-vipere-ou-l-on-verra-une-description-exacte-de-toutes-ses-parties-la-source-de-son-venin-ses-diver-685c00e099ddd.jpg\" \/>\n\t<meta property=\"og:image:width\" content=\"622\" \/>\n\t<meta property=\"og:image:height\" content=\"800\" \/>\n\t<meta property=\"og:image:type\" content=\"image\/jpeg\" \/>\n<meta name=\"twitter:card\" content=\"summary_large_image\" \/>\n<meta name=\"twitter:label1\" content=\"Est. reading time\" \/>\n\t<meta name=\"twitter:data1\" content=\"1 minute\" \/>\n<script type=\"application\/ld+json\" class=\"yoast-schema-graph\">{\"@context\":\"https:\/\/schema.org\",\"@graph\":[{\"@type\":\"WebPage\",\"@id\":\"https:\/\/www.librairieclavreuil.com\/en\/charas-moyse-nouvelles-experiences-sur-la-vipere-ou-lon-verra-une-description-exacte-de-toutes-ses-parties-la-source-de-son-venin-ses-divers-effets-et-les-remedes-exquis-que-les-artistes-peuven\/\",\"url\":\"https:\/\/www.librairieclavreuil.com\/en\/charas-moyse-nouvelles-experiences-sur-la-vipere-ou-lon-verra-une-description-exacte-de-toutes-ses-parties-la-source-de-son-venin-ses-divers-effets-et-les-remedes-exquis-que-les-artistes-peuven\/\",\"name\":\"CHARAS Moyse Nouvelles exp\u00e9riences sur la vip\u00e8re, ou l'on verra une description exacte de toutes ses parties, la source de son venin, ses divers effets, et les rem\u00e8des exquis que les artistes peuvent tirer de la vip\u00e8re, tant pour la gu\u00e9rison sur ses morsures, que pour celle de plusieurs autres maladies. - Libairie Clavreuil\",\"isPartOf\":{\"@id\":\"https:\/\/www.librairieclavreuil.com\/#website\"},\"primaryImageOfPage\":{\"@id\":\"https:\/\/www.librairieclavreuil.com\/en\/charas-moyse-nouvelles-experiences-sur-la-vipere-ou-lon-verra-une-description-exacte-de-toutes-ses-parties-la-source-de-son-venin-ses-divers-effets-et-les-remedes-exquis-que-les-artistes-peuven\/#primaryimage\"},\"image\":{\"@id\":\"https:\/\/www.librairieclavreuil.com\/en\/charas-moyse-nouvelles-experiences-sur-la-vipere-ou-lon-verra-une-description-exacte-de-toutes-ses-parties-la-source-de-son-venin-ses-divers-effets-et-les-remedes-exquis-que-les-artistes-peuven\/#primaryimage\"},\"thumbnailUrl\":\"https:\/\/www.librairieclavreuil.com\/wp-content\/uploads\/2025\/06\/moyse-charas-nouvelles-experiences-sur-la-vipere-ou-l-on-verra-une-description-exacte-de-toutes-ses-parties-la-source-de-son-venin-ses-diver-685c00e099ddd.jpg\",\"datePublished\":\"2025-06-25T14:01:49+00:00\",\"dateModified\":\"2025-06-25T14:01:52+00:00\",\"breadcrumb\":{\"@id\":\"https:\/\/www.librairieclavreuil.com\/en\/charas-moyse-nouvelles-experiences-sur-la-vipere-ou-lon-verra-une-description-exacte-de-toutes-ses-parties-la-source-de-son-venin-ses-divers-effets-et-les-remedes-exquis-que-les-artistes-peuven\/#breadcrumb\"},\"inLanguage\":\"en-US\",\"potentialAction\":[{\"@type\":\"ReadAction\",\"target\":[\"https:\/\/www.librairieclavreuil.com\/en\/charas-moyse-nouvelles-experiences-sur-la-vipere-ou-lon-verra-une-description-exacte-de-toutes-ses-parties-la-source-de-son-venin-ses-divers-effets-et-les-remedes-exquis-que-les-artistes-peuven\/\"]}]},{\"@type\":\"ImageObject\",\"inLanguage\":\"en-US\",\"@id\":\"https:\/\/www.librairieclavreuil.com\/en\/charas-moyse-nouvelles-experiences-sur-la-vipere-ou-lon-verra-une-description-exacte-de-toutes-ses-parties-la-source-de-son-venin-ses-divers-effets-et-les-remedes-exquis-que-les-artistes-peuven\/#primaryimage\",\"url\":\"https:\/\/www.librairieclavreuil.com\/wp-content\/uploads\/2025\/06\/moyse-charas-nouvelles-experiences-sur-la-vipere-ou-l-on-verra-une-description-exacte-de-toutes-ses-parties-la-source-de-son-venin-ses-diver-685c00e099ddd.jpg\",\"contentUrl\":\"https:\/\/www.librairieclavreuil.com\/wp-content\/uploads\/2025\/06\/moyse-charas-nouvelles-experiences-sur-la-vipere-ou-l-on-verra-une-description-exacte-de-toutes-ses-parties-la-source-de-son-venin-ses-diver-685c00e099ddd.jpg\",\"width\":622,\"height\":800},{\"@type\":\"BreadcrumbList\",\"@id\":\"https:\/\/www.librairieclavreuil.com\/en\/charas-moyse-nouvelles-experiences-sur-la-vipere-ou-lon-verra-une-description-exacte-de-toutes-ses-parties-la-source-de-son-venin-ses-divers-effets-et-les-remedes-exquis-que-les-artistes-peuven\/#breadcrumb\",\"itemListElement\":[{\"@type\":\"ListItem\",\"position\":1,\"name\":\"Accueil\",\"item\":\"https:\/\/www.librairieclavreuil.com\/\"},{\"@type\":\"ListItem\",\"position\":2,\"name\":\"All our books\",\"item\":\"https:\/\/www.librairieclavreuil.com\/en\/all-our-books\/\"},{\"@type\":\"ListItem\",\"position\":3,\"name\":\"CHARAS Moyse Nouvelles exp\u00e9riences sur la vip\u00e8re, ou...\"}]},{\"@type\":\"WebSite\",\"@id\":\"https:\/\/www.librairieclavreuil.com\/#website\",\"url\":\"https:\/\/www.librairieclavreuil.com\/\",\"name\":\"Libairie Clavreuil\",\"description\":\"Livres anciens, manuscrits rares et \u00e9ditions originales \u2013 Librairie Clavreuil\",\"publisher\":{\"@id\":\"https:\/\/www.librairieclavreuil.com\/#organization\"},\"potentialAction\":[{\"@type\":\"SearchAction\",\"target\":{\"@type\":\"EntryPoint\",\"urlTemplate\":\"https:\/\/www.librairieclavreuil.com\/?s={search_term_string}\"},\"query-input\":{\"@type\":\"PropertyValueSpecification\",\"valueRequired\":true,\"valueName\":\"search_term_string\"}}],\"inLanguage\":\"en-US\"},{\"@type\":\"Organization\",\"@id\":\"https:\/\/www.librairieclavreuil.com\/#organization\",\"name\":\"Libairie Clavreuil\",\"url\":\"https:\/\/www.librairieclavreuil.com\/\",\"logo\":{\"@type\":\"ImageObject\",\"inLanguage\":\"en-US\",\"@id\":\"https:\/\/www.librairieclavreuil.com\/#\/schema\/logo\/image\/\",\"url\":\"https:\/\/www.librairieclavreuil.com\/wp-content\/uploads\/2021\/06\/cropped-LOGO_PNG_DATE-_gold-512x512-1.png\",\"contentUrl\":\"https:\/\/www.librairieclavreuil.com\/wp-content\/uploads\/2021\/06\/cropped-LOGO_PNG_DATE-_gold-512x512-1.png\",\"width\":512,\"height\":512,\"caption\":\"Libairie Clavreuil\"},\"image\":{\"@id\":\"https:\/\/www.librairieclavreuil.com\/#\/schema\/logo\/image\/\"},\"sameAs\":[\"https:\/\/www.instagram.com\/librairieclavreuil\/\"]}]}<\/script>\n<!-- \/ Yoast SEO plugin. -->","yoast_head_json":{"title":"CHARAS Moyse Nouvelles exp\u00e9riences sur la vip\u00e8re, ou l'on verra une description exacte de toutes ses parties, la source de son venin, ses divers effets, et les rem\u00e8des exquis que les artistes peuvent tirer de la vip\u00e8re, tant pour la gu\u00e9rison sur ses morsures, que pour celle de plusieurs autres maladies. - Libairie Clavreuil","robots":{"index":"index","follow":"follow","max-snippet":"max-snippet:-1","max-image-preview":"max-image-preview:large","max-video-preview":"max-video-preview:-1"},"canonical":"https:\/\/www.librairieclavreuil.com\/en\/charas-moyse-nouvelles-experiences-sur-la-vipere-ou-lon-verra-une-description-exacte-de-toutes-ses-parties-la-source-de-son-venin-ses-divers-effets-et-les-remedes-exquis-que-les-artistes-peuven\/","og_locale":"en_US","og_type":"article","og_title":"CHARAS Moyse Nouvelles exp\u00e9riences sur la vip\u00e8re, ou l'on verra une description exacte de toutes ses parties, la source de son venin, ses divers effets, et les rem\u00e8des exquis que les artistes peuvent tirer de la vip\u00e8re, tant pour la gu\u00e9rison sur ses morsures, que pour celle de plusieurs autres maladies. - Libairie Clavreuil","og_description":"Large 8vo (181 x 119 mm) engraved frontispiece, 6 nn.ll., [201] pp., 2 nn.ll., pp. 203-278, pp. 201-218 (Echiosophium), 3 nn.ll. (table of contents and the privilege). Contemporary red morocco, double gilt filet on covers, spine gilt with raised bands, gilt edges (some light wear and slightly stained).","og_url":"https:\/\/www.librairieclavreuil.com\/en\/charas-moyse-nouvelles-experiences-sur-la-vipere-ou-lon-verra-une-description-exacte-de-toutes-ses-parties-la-source-de-son-venin-ses-divers-effets-et-les-remedes-exquis-que-les-artistes-peuven\/","og_site_name":"Libairie Clavreuil","article_modified_time":"2025-06-25T14:01:52+00:00","og_image":[{"width":622,"height":800,"url":"https:\/\/www.librairieclavreuil.com\/wp-content\/uploads\/2025\/06\/moyse-charas-nouvelles-experiences-sur-la-vipere-ou-l-on-verra-une-description-exacte-de-toutes-ses-parties-la-source-de-son-venin-ses-diver-685c00e099ddd.jpg","type":"image\/jpeg"}],"twitter_card":"summary_large_image","twitter_misc":{"Est. reading time":"1 minute"},"schema":{"@context":"https:\/\/schema.org","@graph":[{"@type":"WebPage","@id":"https:\/\/www.librairieclavreuil.com\/en\/charas-moyse-nouvelles-experiences-sur-la-vipere-ou-lon-verra-une-description-exacte-de-toutes-ses-parties-la-source-de-son-venin-ses-divers-effets-et-les-remedes-exquis-que-les-artistes-peuven\/","url":"https:\/\/www.librairieclavreuil.com\/en\/charas-moyse-nouvelles-experiences-sur-la-vipere-ou-lon-verra-une-description-exacte-de-toutes-ses-parties-la-source-de-son-venin-ses-divers-effets-et-les-remedes-exquis-que-les-artistes-peuven\/","name":"CHARAS Moyse Nouvelles exp\u00e9riences sur la vip\u00e8re, ou l'on verra une description exacte de toutes ses parties, la source de son venin, ses divers effets, et les rem\u00e8des exquis que les artistes peuvent tirer de la vip\u00e8re, tant pour la gu\u00e9rison sur ses morsures, que pour celle de plusieurs autres maladies. - Libairie Clavreuil","isPartOf":{"@id":"https:\/\/www.librairieclavreuil.com\/#website"},"primaryImageOfPage":{"@id":"https:\/\/www.librairieclavreuil.com\/en\/charas-moyse-nouvelles-experiences-sur-la-vipere-ou-lon-verra-une-description-exacte-de-toutes-ses-parties-la-source-de-son-venin-ses-divers-effets-et-les-remedes-exquis-que-les-artistes-peuven\/#primaryimage"},"image":{"@id":"https:\/\/www.librairieclavreuil.com\/en\/charas-moyse-nouvelles-experiences-sur-la-vipere-ou-lon-verra-une-description-exacte-de-toutes-ses-parties-la-source-de-son-venin-ses-divers-effets-et-les-remedes-exquis-que-les-artistes-peuven\/#primaryimage"},"thumbnailUrl":"https:\/\/www.librairieclavreuil.com\/wp-content\/uploads\/2025\/06\/moyse-charas-nouvelles-experiences-sur-la-vipere-ou-l-on-verra-une-description-exacte-de-toutes-ses-parties-la-source-de-son-venin-ses-diver-685c00e099ddd.jpg","datePublished":"2025-06-25T14:01:49+00:00","dateModified":"2025-06-25T14:01:52+00:00","breadcrumb":{"@id":"https:\/\/www.librairieclavreuil.com\/en\/charas-moyse-nouvelles-experiences-sur-la-vipere-ou-lon-verra-une-description-exacte-de-toutes-ses-parties-la-source-de-son-venin-ses-divers-effets-et-les-remedes-exquis-que-les-artistes-peuven\/#breadcrumb"},"inLanguage":"en-US","potentialAction":[{"@type":"ReadAction","target":["https:\/\/www.librairieclavreuil.com\/en\/charas-moyse-nouvelles-experiences-sur-la-vipere-ou-lon-verra-une-description-exacte-de-toutes-ses-parties-la-source-de-son-venin-ses-divers-effets-et-les-remedes-exquis-que-les-artistes-peuven\/"]}]},{"@type":"ImageObject","inLanguage":"en-US","@id":"https:\/\/www.librairieclavreuil.com\/en\/charas-moyse-nouvelles-experiences-sur-la-vipere-ou-lon-verra-une-description-exacte-de-toutes-ses-parties-la-source-de-son-venin-ses-divers-effets-et-les-remedes-exquis-que-les-artistes-peuven\/#primaryimage","url":"https:\/\/www.librairieclavreuil.com\/wp-content\/uploads\/2025\/06\/moyse-charas-nouvelles-experiences-sur-la-vipere-ou-l-on-verra-une-description-exacte-de-toutes-ses-parties-la-source-de-son-venin-ses-diver-685c00e099ddd.jpg","contentUrl":"https:\/\/www.librairieclavreuil.com\/wp-content\/uploads\/2025\/06\/moyse-charas-nouvelles-experiences-sur-la-vipere-ou-l-on-verra-une-description-exacte-de-toutes-ses-parties-la-source-de-son-venin-ses-diver-685c00e099ddd.jpg","width":622,"height":800},{"@type":"BreadcrumbList","@id":"https:\/\/www.librairieclavreuil.com\/en\/charas-moyse-nouvelles-experiences-sur-la-vipere-ou-lon-verra-une-description-exacte-de-toutes-ses-parties-la-source-de-son-venin-ses-divers-effets-et-les-remedes-exquis-que-les-artistes-peuven\/#breadcrumb","itemListElement":[{"@type":"ListItem","position":1,"name":"Accueil","item":"https:\/\/www.librairieclavreuil.com\/"},{"@type":"ListItem","position":2,"name":"All our books","item":"https:\/\/www.librairieclavreuil.com\/en\/all-our-books\/"},{"@type":"ListItem","position":3,"name":"CHARAS Moyse Nouvelles exp\u00e9riences sur la vip\u00e8re, ou..."}]},{"@type":"WebSite","@id":"https:\/\/www.librairieclavreuil.com\/#website","url":"https:\/\/www.librairieclavreuil.com\/","name":"Libairie Clavreuil","description":"Livres anciens, manuscrits rares et \u00e9ditions originales \u2013 Librairie Clavreuil","publisher":{"@id":"https:\/\/www.librairieclavreuil.com\/#organization"},"potentialAction":[{"@type":"SearchAction","target":{"@type":"EntryPoint","urlTemplate":"https:\/\/www.librairieclavreuil.com\/?s={search_term_string}"},"query-input":{"@type":"PropertyValueSpecification","valueRequired":true,"valueName":"search_term_string"}}],"inLanguage":"en-US"},{"@type":"Organization","@id":"https:\/\/www.librairieclavreuil.com\/#organization","name":"Libairie Clavreuil","url":"https:\/\/www.librairieclavreuil.com\/","logo":{"@type":"ImageObject","inLanguage":"en-US","@id":"https:\/\/www.librairieclavreuil.com\/#\/schema\/logo\/image\/","url":"https:\/\/www.librairieclavreuil.com\/wp-content\/uploads\/2021\/06\/cropped-LOGO_PNG_DATE-_gold-512x512-1.png","contentUrl":"https:\/\/www.librairieclavreuil.com\/wp-content\/uploads\/2021\/06\/cropped-LOGO_PNG_DATE-_gold-512x512-1.png","width":512,"height":512,"caption":"Libairie Clavreuil"},"image":{"@id":"https:\/\/www.librairieclavreuil.com\/#\/schema\/logo\/image\/"},"sameAs":["https:\/\/www.instagram.com\/librairieclavreuil\/"]}]}},"jetpack_sharing_enabled":true,"_links":{"self":[{"href":"https:\/\/www.librairieclavreuil.com\/en\/wp-json\/wp\/v2\/product\/87182","targetHints":{"allow":["GET"]}}],"collection":[{"href":"https:\/\/www.librairieclavreuil.com\/en\/wp-json\/wp\/v2\/product"}],"about":[{"href":"https:\/\/www.librairieclavreuil.com\/en\/wp-json\/wp\/v2\/types\/product"}],"replies":[{"embeddable":true,"href":"https:\/\/www.librairieclavreuil.com\/en\/wp-json\/wp\/v2\/comments?post=87182"}],"wp:featuredmedia":[{"embeddable":true,"href":"https:\/\/www.librairieclavreuil.com\/en\/wp-json\/wp\/v2\/media\/87169"}],"wp:attachment":[{"href":"https:\/\/www.librairieclavreuil.com\/en\/wp-json\/wp\/v2\/media?parent=87182"}],"wp:term":[{"taxonomy":"product_brand","embeddable":true,"href":"https:\/\/www.librairieclavreuil.com\/en\/wp-json\/wp\/v2\/product_brand?post=87182"},{"taxonomy":"product_cat","embeddable":true,"href":"https:\/\/www.librairieclavreuil.com\/en\/wp-json\/wp\/v2\/product_cat?post=87182"},{"taxonomy":"product_tag","embeddable":true,"href":"https:\/\/www.librairieclavreuil.com\/en\/wp-json\/wp\/v2\/product_tag?post=87182"}],"curies":[{"name":"wp","href":"https:\/\/api.w.org\/{rel}","templated":true}]}}