{"id":87168,"date":"2025-06-25T15:56:54","date_gmt":"2025-06-25T13:56:54","guid":{"rendered":"https:\/\/www.librairieclavreuil.com\/maffei-giovanno-pietro-lhistoire-des-indes-orientales-et-occidentales-traduite-de-latin-en-francois-par-m-m-d-p\/"},"modified":"2025-06-25T15:56:57","modified_gmt":"2025-06-25T13:56:57","slug":"maffei-giovanno-pietro-lhistoire-des-indes-orientales-et-occidentales-traduite-de-latin-en-francois-par-m-m-d-p","status":"publish","type":"product","link":"https:\/\/www.librairieclavreuil.com\/en\/maffei-giovanno-pietro-lhistoire-des-indes-orientales-et-occidentales-traduite-de-latin-en-francois-par-m-m-d-p\/","title":{"rendered":"MAFFEI Giovanno Pietro L&#8217;histoire des Indes orientales et..."},"content":{"rendered":"<p style=\"text-align:justify\"><span><i>De Backer Sommervogel V, 299 ; Sabin 43783 ; Palau, 146991 ; Brunet III, 1291 ; Borba de Moraes, 509 ; Cordier, Sinica, 784 ; Cordier, Japonica, 66.<\/i><\/span><\/p>\n<p style=\"text-align:justify\"><span>First of the French translation by the priest and historigrapher Michel de Pure (1620-1680). At the same time this is third &#8211; and most important &#8211; translation into French, following that of Edmond Auger, published in 1571 (a small extract of only 91 pages), followed by another translation of Arnauld de la Borie in 1604. Curiously the first French translation preceded the original Latin edition by 17 years (FLorence, Giunta, 1588).<\/span><\/p>\n<p style=\"text-align:justify\"><span>This major work by the Italian Jesuit Giovanni Pietro Maffei (1538-1603) describes the Portuguese conquests and 16th-century voyages to the East Indies, Persia, Japan, China, Brazil, and other aprts of America. This translation divided into 16 long chapters is particularly nbotable for its detailed account of Brazil and ist descrioption of China and Japan, including a section on Japanese tea and its preparation for guests (&#8220;l&#8217;eau presque brulante m\u00eal\u00e9e avec de la poudre de Chia, dont nous avons parl\u00e9, fait les d\u00e9lices de leur boisson. Ils sont soigneux de l&#8217;avoir bien faite&#8221;, p. 137).<\/span><\/p>\n<p style=\"text-align:justify\"><span>&#8220;Father Maffei took twelve years to write his history of the Indies, spending his time in Lisbon assembling his material. It is a classic work on the subject, and enjoyed great success when it appeared. It was reprinted many times&#8221; (Borba).<\/span><\/p>\n<p style=\"text-align:justify\"><span>Very good, well preserved copy.<\/span><\/p>\n","protected":false},"excerpt":{"rendered":"<p style=\"text-align:justify\"><span>2 parts in 1 volume 4to (252 x 176 mm) &nbsp;16 nn.ll., 353 pp., ; 2 nn.ll., 292 pp., 12 nn.ll. (table). Contemporary speckled calf, spine gilt with raised bands, red speckled edges.<\/span><\/p>\n","protected":false},"featured_media":87163,"comment_status":"open","ping_status":"closed","template":"","meta":{"_acf_changed":false},"product_brand":[],"product_cat":[552],"product_tag":[1382,1376,1389],"class_list":{"0":"post-87168","1":"product","2":"type-product","3":"status-publish","4":"has-post-thumbnail","6":"product_cat-travel","7":"product_tag-asia","8":"product_tag-brazil","9":"product_tag-general-asia","10":"pa_auteur-maffei-giovanno-pietro-2","11":"pa_type-de-livre-printed-book","13":"first","14":"instock","15":"shipping-taxable","16":"purchasable","17":"product-type-simple"},"acf":{"artist":"Giovanno Pietro MAFFEI","chapeau":"","adresse_bibliographique":"Paris, Robert de Ninville, 1665","book_type":"Printed book","provenance":"","afficher_prix":""},"yoast_head":"<!-- This site is optimized with the Yoast SEO plugin v24.7 - https:\/\/yoast.com\/wordpress\/plugins\/seo\/ -->\n<title>MAFFEI Giovanno Pietro L&#039;histoire des Indes orientales et occidentales. Traduite de latin en fran\u00e7ois par M.M.D.P. - Libairie Clavreuil<\/title>\n<meta name=\"robots\" content=\"index, follow, max-snippet:-1, max-image-preview:large, max-video-preview:-1\" \/>\n<link rel=\"canonical\" href=\"https:\/\/www.librairieclavreuil.com\/en\/maffei-giovanno-pietro-lhistoire-des-indes-orientales-et-occidentales-traduite-de-latin-en-francois-par-m-m-d-p\/\" \/>\n<meta property=\"og:locale\" content=\"en_US\" \/>\n<meta property=\"og:type\" content=\"article\" \/>\n<meta property=\"og:title\" content=\"MAFFEI Giovanno Pietro L&#039;histoire des Indes orientales et occidentales. Traduite de latin en fran\u00e7ois par M.M.D.P. - Libairie Clavreuil\" \/>\n<meta property=\"og:description\" content=\"2 parts in 1 volume 4to (252 x 176 mm) &nbsp;16 nn.ll., 353 pp., ; 2 nn.ll., 292 pp., 12 nn.ll. (table). Contemporary speckled calf, spine gilt with raised bands, red speckled edges.\" \/>\n<meta property=\"og:url\" content=\"https:\/\/www.librairieclavreuil.com\/en\/maffei-giovanno-pietro-lhistoire-des-indes-orientales-et-occidentales-traduite-de-latin-en-francois-par-m-m-d-p\/\" \/>\n<meta property=\"og:site_name\" content=\"Libairie Clavreuil\" \/>\n<meta property=\"article:modified_time\" content=\"2025-06-25T13:56:57+00:00\" \/>\n<meta property=\"og:image\" content=\"https:\/\/www.librairieclavreuil.com\/wp-content\/uploads\/2025\/06\/giovanno-pietro-maffei-l-histoire-des-indes-orientales-et-occidentales-traduite-de-latin-en-francois-par-m-m-d-p-9784-685c0007587fe.jpg\" \/>\n\t<meta property=\"og:image:width\" content=\"622\" \/>\n\t<meta property=\"og:image:height\" content=\"800\" \/>\n\t<meta property=\"og:image:type\" content=\"image\/jpeg\" \/>\n<meta name=\"twitter:card\" content=\"summary_large_image\" \/>\n<meta name=\"twitter:label1\" content=\"Est. reading time\" \/>\n\t<meta name=\"twitter:data1\" content=\"1 minute\" \/>\n<script type=\"application\/ld+json\" class=\"yoast-schema-graph\">{\"@context\":\"https:\/\/schema.org\",\"@graph\":[{\"@type\":\"WebPage\",\"@id\":\"https:\/\/www.librairieclavreuil.com\/en\/maffei-giovanno-pietro-lhistoire-des-indes-orientales-et-occidentales-traduite-de-latin-en-francois-par-m-m-d-p\/\",\"url\":\"https:\/\/www.librairieclavreuil.com\/en\/maffei-giovanno-pietro-lhistoire-des-indes-orientales-et-occidentales-traduite-de-latin-en-francois-par-m-m-d-p\/\",\"name\":\"MAFFEI Giovanno Pietro L'histoire des Indes orientales et occidentales. Traduite de latin en fran\u00e7ois par M.M.D.P. - Libairie Clavreuil\",\"isPartOf\":{\"@id\":\"https:\/\/www.librairieclavreuil.com\/#website\"},\"primaryImageOfPage\":{\"@id\":\"https:\/\/www.librairieclavreuil.com\/en\/maffei-giovanno-pietro-lhistoire-des-indes-orientales-et-occidentales-traduite-de-latin-en-francois-par-m-m-d-p\/#primaryimage\"},\"image\":{\"@id\":\"https:\/\/www.librairieclavreuil.com\/en\/maffei-giovanno-pietro-lhistoire-des-indes-orientales-et-occidentales-traduite-de-latin-en-francois-par-m-m-d-p\/#primaryimage\"},\"thumbnailUrl\":\"https:\/\/www.librairieclavreuil.com\/wp-content\/uploads\/2025\/06\/giovanno-pietro-maffei-l-histoire-des-indes-orientales-et-occidentales-traduite-de-latin-en-francois-par-m-m-d-p-9784-685c0007587fe.jpg\",\"datePublished\":\"2025-06-25T13:56:54+00:00\",\"dateModified\":\"2025-06-25T13:56:57+00:00\",\"breadcrumb\":{\"@id\":\"https:\/\/www.librairieclavreuil.com\/en\/maffei-giovanno-pietro-lhistoire-des-indes-orientales-et-occidentales-traduite-de-latin-en-francois-par-m-m-d-p\/#breadcrumb\"},\"inLanguage\":\"en-US\",\"potentialAction\":[{\"@type\":\"ReadAction\",\"target\":[\"https:\/\/www.librairieclavreuil.com\/en\/maffei-giovanno-pietro-lhistoire-des-indes-orientales-et-occidentales-traduite-de-latin-en-francois-par-m-m-d-p\/\"]}]},{\"@type\":\"ImageObject\",\"inLanguage\":\"en-US\",\"@id\":\"https:\/\/www.librairieclavreuil.com\/en\/maffei-giovanno-pietro-lhistoire-des-indes-orientales-et-occidentales-traduite-de-latin-en-francois-par-m-m-d-p\/#primaryimage\",\"url\":\"https:\/\/www.librairieclavreuil.com\/wp-content\/uploads\/2025\/06\/giovanno-pietro-maffei-l-histoire-des-indes-orientales-et-occidentales-traduite-de-latin-en-francois-par-m-m-d-p-9784-685c0007587fe.jpg\",\"contentUrl\":\"https:\/\/www.librairieclavreuil.com\/wp-content\/uploads\/2025\/06\/giovanno-pietro-maffei-l-histoire-des-indes-orientales-et-occidentales-traduite-de-latin-en-francois-par-m-m-d-p-9784-685c0007587fe.jpg\",\"width\":622,\"height\":800},{\"@type\":\"BreadcrumbList\",\"@id\":\"https:\/\/www.librairieclavreuil.com\/en\/maffei-giovanno-pietro-lhistoire-des-indes-orientales-et-occidentales-traduite-de-latin-en-francois-par-m-m-d-p\/#breadcrumb\",\"itemListElement\":[{\"@type\":\"ListItem\",\"position\":1,\"name\":\"Accueil\",\"item\":\"https:\/\/www.librairieclavreuil.com\/\"},{\"@type\":\"ListItem\",\"position\":2,\"name\":\"All our books\",\"item\":\"https:\/\/www.librairieclavreuil.com\/en\/all-our-books\/\"},{\"@type\":\"ListItem\",\"position\":3,\"name\":\"MAFFEI Giovanno Pietro L&rsquo;histoire des Indes orientales et...\"}]},{\"@type\":\"WebSite\",\"@id\":\"https:\/\/www.librairieclavreuil.com\/#website\",\"url\":\"https:\/\/www.librairieclavreuil.com\/\",\"name\":\"Libairie Clavreuil\",\"description\":\"Livres anciens, manuscrits rares et \u00e9ditions originales \u2013 Librairie Clavreuil\",\"publisher\":{\"@id\":\"https:\/\/www.librairieclavreuil.com\/#organization\"},\"potentialAction\":[{\"@type\":\"SearchAction\",\"target\":{\"@type\":\"EntryPoint\",\"urlTemplate\":\"https:\/\/www.librairieclavreuil.com\/?s={search_term_string}\"},\"query-input\":{\"@type\":\"PropertyValueSpecification\",\"valueRequired\":true,\"valueName\":\"search_term_string\"}}],\"inLanguage\":\"en-US\"},{\"@type\":\"Organization\",\"@id\":\"https:\/\/www.librairieclavreuil.com\/#organization\",\"name\":\"Libairie Clavreuil\",\"url\":\"https:\/\/www.librairieclavreuil.com\/\",\"logo\":{\"@type\":\"ImageObject\",\"inLanguage\":\"en-US\",\"@id\":\"https:\/\/www.librairieclavreuil.com\/#\/schema\/logo\/image\/\",\"url\":\"https:\/\/www.librairieclavreuil.com\/wp-content\/uploads\/2021\/06\/cropped-LOGO_PNG_DATE-_gold-512x512-1.png\",\"contentUrl\":\"https:\/\/www.librairieclavreuil.com\/wp-content\/uploads\/2021\/06\/cropped-LOGO_PNG_DATE-_gold-512x512-1.png\",\"width\":512,\"height\":512,\"caption\":\"Libairie Clavreuil\"},\"image\":{\"@id\":\"https:\/\/www.librairieclavreuil.com\/#\/schema\/logo\/image\/\"},\"sameAs\":[\"https:\/\/www.instagram.com\/librairieclavreuil\/\"]}]}<\/script>\n<!-- \/ Yoast SEO plugin. -->","yoast_head_json":{"title":"MAFFEI Giovanno Pietro L'histoire des Indes orientales et occidentales. Traduite de latin en fran\u00e7ois par M.M.D.P. - Libairie Clavreuil","robots":{"index":"index","follow":"follow","max-snippet":"max-snippet:-1","max-image-preview":"max-image-preview:large","max-video-preview":"max-video-preview:-1"},"canonical":"https:\/\/www.librairieclavreuil.com\/en\/maffei-giovanno-pietro-lhistoire-des-indes-orientales-et-occidentales-traduite-de-latin-en-francois-par-m-m-d-p\/","og_locale":"en_US","og_type":"article","og_title":"MAFFEI Giovanno Pietro L'histoire des Indes orientales et occidentales. Traduite de latin en fran\u00e7ois par M.M.D.P. - Libairie Clavreuil","og_description":"2 parts in 1 volume 4to (252 x 176 mm) &nbsp;16 nn.ll., 353 pp., ; 2 nn.ll., 292 pp., 12 nn.ll. (table). Contemporary speckled calf, spine gilt with raised bands, red speckled edges.","og_url":"https:\/\/www.librairieclavreuil.com\/en\/maffei-giovanno-pietro-lhistoire-des-indes-orientales-et-occidentales-traduite-de-latin-en-francois-par-m-m-d-p\/","og_site_name":"Libairie Clavreuil","article_modified_time":"2025-06-25T13:56:57+00:00","og_image":[{"width":622,"height":800,"url":"https:\/\/www.librairieclavreuil.com\/wp-content\/uploads\/2025\/06\/giovanno-pietro-maffei-l-histoire-des-indes-orientales-et-occidentales-traduite-de-latin-en-francois-par-m-m-d-p-9784-685c0007587fe.jpg","type":"image\/jpeg"}],"twitter_card":"summary_large_image","twitter_misc":{"Est. reading time":"1 minute"},"schema":{"@context":"https:\/\/schema.org","@graph":[{"@type":"WebPage","@id":"https:\/\/www.librairieclavreuil.com\/en\/maffei-giovanno-pietro-lhistoire-des-indes-orientales-et-occidentales-traduite-de-latin-en-francois-par-m-m-d-p\/","url":"https:\/\/www.librairieclavreuil.com\/en\/maffei-giovanno-pietro-lhistoire-des-indes-orientales-et-occidentales-traduite-de-latin-en-francois-par-m-m-d-p\/","name":"MAFFEI Giovanno Pietro L'histoire des Indes orientales et occidentales. Traduite de latin en fran\u00e7ois par M.M.D.P. - Libairie Clavreuil","isPartOf":{"@id":"https:\/\/www.librairieclavreuil.com\/#website"},"primaryImageOfPage":{"@id":"https:\/\/www.librairieclavreuil.com\/en\/maffei-giovanno-pietro-lhistoire-des-indes-orientales-et-occidentales-traduite-de-latin-en-francois-par-m-m-d-p\/#primaryimage"},"image":{"@id":"https:\/\/www.librairieclavreuil.com\/en\/maffei-giovanno-pietro-lhistoire-des-indes-orientales-et-occidentales-traduite-de-latin-en-francois-par-m-m-d-p\/#primaryimage"},"thumbnailUrl":"https:\/\/www.librairieclavreuil.com\/wp-content\/uploads\/2025\/06\/giovanno-pietro-maffei-l-histoire-des-indes-orientales-et-occidentales-traduite-de-latin-en-francois-par-m-m-d-p-9784-685c0007587fe.jpg","datePublished":"2025-06-25T13:56:54+00:00","dateModified":"2025-06-25T13:56:57+00:00","breadcrumb":{"@id":"https:\/\/www.librairieclavreuil.com\/en\/maffei-giovanno-pietro-lhistoire-des-indes-orientales-et-occidentales-traduite-de-latin-en-francois-par-m-m-d-p\/#breadcrumb"},"inLanguage":"en-US","potentialAction":[{"@type":"ReadAction","target":["https:\/\/www.librairieclavreuil.com\/en\/maffei-giovanno-pietro-lhistoire-des-indes-orientales-et-occidentales-traduite-de-latin-en-francois-par-m-m-d-p\/"]}]},{"@type":"ImageObject","inLanguage":"en-US","@id":"https:\/\/www.librairieclavreuil.com\/en\/maffei-giovanno-pietro-lhistoire-des-indes-orientales-et-occidentales-traduite-de-latin-en-francois-par-m-m-d-p\/#primaryimage","url":"https:\/\/www.librairieclavreuil.com\/wp-content\/uploads\/2025\/06\/giovanno-pietro-maffei-l-histoire-des-indes-orientales-et-occidentales-traduite-de-latin-en-francois-par-m-m-d-p-9784-685c0007587fe.jpg","contentUrl":"https:\/\/www.librairieclavreuil.com\/wp-content\/uploads\/2025\/06\/giovanno-pietro-maffei-l-histoire-des-indes-orientales-et-occidentales-traduite-de-latin-en-francois-par-m-m-d-p-9784-685c0007587fe.jpg","width":622,"height":800},{"@type":"BreadcrumbList","@id":"https:\/\/www.librairieclavreuil.com\/en\/maffei-giovanno-pietro-lhistoire-des-indes-orientales-et-occidentales-traduite-de-latin-en-francois-par-m-m-d-p\/#breadcrumb","itemListElement":[{"@type":"ListItem","position":1,"name":"Accueil","item":"https:\/\/www.librairieclavreuil.com\/"},{"@type":"ListItem","position":2,"name":"All our books","item":"https:\/\/www.librairieclavreuil.com\/en\/all-our-books\/"},{"@type":"ListItem","position":3,"name":"MAFFEI Giovanno Pietro L&rsquo;histoire des Indes orientales et..."}]},{"@type":"WebSite","@id":"https:\/\/www.librairieclavreuil.com\/#website","url":"https:\/\/www.librairieclavreuil.com\/","name":"Libairie Clavreuil","description":"Livres anciens, manuscrits rares et \u00e9ditions originales \u2013 Librairie Clavreuil","publisher":{"@id":"https:\/\/www.librairieclavreuil.com\/#organization"},"potentialAction":[{"@type":"SearchAction","target":{"@type":"EntryPoint","urlTemplate":"https:\/\/www.librairieclavreuil.com\/?s={search_term_string}"},"query-input":{"@type":"PropertyValueSpecification","valueRequired":true,"valueName":"search_term_string"}}],"inLanguage":"en-US"},{"@type":"Organization","@id":"https:\/\/www.librairieclavreuil.com\/#organization","name":"Libairie Clavreuil","url":"https:\/\/www.librairieclavreuil.com\/","logo":{"@type":"ImageObject","inLanguage":"en-US","@id":"https:\/\/www.librairieclavreuil.com\/#\/schema\/logo\/image\/","url":"https:\/\/www.librairieclavreuil.com\/wp-content\/uploads\/2021\/06\/cropped-LOGO_PNG_DATE-_gold-512x512-1.png","contentUrl":"https:\/\/www.librairieclavreuil.com\/wp-content\/uploads\/2021\/06\/cropped-LOGO_PNG_DATE-_gold-512x512-1.png","width":512,"height":512,"caption":"Libairie Clavreuil"},"image":{"@id":"https:\/\/www.librairieclavreuil.com\/#\/schema\/logo\/image\/"},"sameAs":["https:\/\/www.instagram.com\/librairieclavreuil\/"]}]}},"jetpack_sharing_enabled":true,"_links":{"self":[{"href":"https:\/\/www.librairieclavreuil.com\/en\/wp-json\/wp\/v2\/product\/87168","targetHints":{"allow":["GET"]}}],"collection":[{"href":"https:\/\/www.librairieclavreuil.com\/en\/wp-json\/wp\/v2\/product"}],"about":[{"href":"https:\/\/www.librairieclavreuil.com\/en\/wp-json\/wp\/v2\/types\/product"}],"replies":[{"embeddable":true,"href":"https:\/\/www.librairieclavreuil.com\/en\/wp-json\/wp\/v2\/comments?post=87168"}],"wp:featuredmedia":[{"embeddable":true,"href":"https:\/\/www.librairieclavreuil.com\/en\/wp-json\/wp\/v2\/media\/87163"}],"wp:attachment":[{"href":"https:\/\/www.librairieclavreuil.com\/en\/wp-json\/wp\/v2\/media?parent=87168"}],"wp:term":[{"taxonomy":"product_brand","embeddable":true,"href":"https:\/\/www.librairieclavreuil.com\/en\/wp-json\/wp\/v2\/product_brand?post=87168"},{"taxonomy":"product_cat","embeddable":true,"href":"https:\/\/www.librairieclavreuil.com\/en\/wp-json\/wp\/v2\/product_cat?post=87168"},{"taxonomy":"product_tag","embeddable":true,"href":"https:\/\/www.librairieclavreuil.com\/en\/wp-json\/wp\/v2\/product_tag?post=87168"}],"curies":[{"name":"wp","href":"https:\/\/api.w.org\/{rel}","templated":true}]}}