{"id":87107,"date":"2025-06-20T11:41:05","date_gmt":"2025-06-20T09:41:05","guid":{"rendered":"https:\/\/www.librairieclavreuil.com\/adanson-jean-baptiste-mutalsam-talismans\/"},"modified":"2025-06-20T11:42:05","modified_gmt":"2025-06-20T09:42:05","slug":"adanson-jean-baptiste-mutalsam-talismans","status":"publish","type":"product","link":"https:\/\/www.librairieclavreuil.com\/en\/adanson-jean-baptiste-mutalsam-talismans\/","title":{"rendered":"ADANSON Jean-Baptiste Mutalsam \/ Talismans."},"content":{"rendered":"<p>Autograph manuscript by Jean-Baptiste Adanson (1732-1803), orientalist, diplomat and drogman in France and the Orient. He worked in particular on Egypt, but also on Tunis.<\/p>\n<p>The manuscript is devoted to the study of the origin of talismans: \u2018&#8221;Les \u00c9gyptiens sont consid\u00e9r\u00e9s comme les premiers inventeurs de talismans&#8230; Le talisman chez eux \u00e9tait la figure ou l&#8217;image d&#8217;un Signe C\u00e9leste, d&#8217;une Constellation ou d&#8217;une Pan\u00e8te, grav\u00e9e sur une pierre sympathique, ou sur un m\u00e9tal correspondant \u00e0 l&#8217;Astre dans un temps propre \u00e0 recevoir les influences de l&#8217;astre qu&#8217;on repr\u00e9sentait\u2019.<\/p>\n<p>Adanson then cites the main legendary talismans: the talisman of Paris, of the palace of Toledo, of the palace of Venice, of Solomon, of the island of Samothrace, of Petronius, and others.<\/p>\n<p>Joint: two other notebooks, the first of which of 4 ff.n.ch. (last blank) contains a Greek lexicon; the other composed of 8 ff.n.ch. (including 3 blank leaves) with a Hebrew lexicon as well as a short note on Anubis \u2018idol of the Egyptians\u2019.<\/p>\n","protected":false},"excerpt":{"rendered":"<p>Writing carnet, 8vo (205 x 150 mm) 5 nn.ll., ink on paper, and 4 blank leaves. Stitched.<\/p>\n","protected":false},"featured_media":87100,"comment_status":"open","ping_status":"closed","template":"","meta":{"_acf_changed":false},"product_brand":[],"product_cat":[546],"product_tag":[1355],"class_list":{"0":"post-87107","1":"product","2":"type-product","3":"status-publish","4":"has-post-thumbnail","6":"product_cat-manuscript","7":"product_tag-egypt-ethiopia","8":"pa_auteur-adanson-jean-baptiste-2","10":"first","11":"instock","12":"shipping-taxable","13":"purchasable","14":"product-type-simple"},"acf":{"artist":"Jean-Baptiste ADANSON","chapeau":"","adresse_bibliographique":"ca. 1760-1780","book_type":"","provenance":"","afficher_prix":""},"yoast_head":"<!-- This site is optimized with the Yoast SEO plugin v24.7 - https:\/\/yoast.com\/wordpress\/plugins\/seo\/ -->\n<title>ADANSON Jean-Baptiste Mutalsam \/ Talismans. - Libairie Clavreuil<\/title>\n<meta name=\"robots\" content=\"index, follow, max-snippet:-1, max-image-preview:large, max-video-preview:-1\" \/>\n<link rel=\"canonical\" href=\"https:\/\/www.librairieclavreuil.com\/en\/adanson-jean-baptiste-mutalsam-talismans\/\" \/>\n<meta property=\"og:locale\" content=\"en_US\" \/>\n<meta property=\"og:type\" content=\"article\" \/>\n<meta property=\"og:title\" content=\"ADANSON Jean-Baptiste Mutalsam \/ Talismans. - Libairie Clavreuil\" \/>\n<meta property=\"og:description\" content=\"Writing carnet, 8vo (205 x 150 mm) 5 nn.ll., ink on paper, and 4 blank leaves. Stitched.\" \/>\n<meta property=\"og:url\" content=\"https:\/\/www.librairieclavreuil.com\/en\/adanson-jean-baptiste-mutalsam-talismans\/\" \/>\n<meta property=\"og:site_name\" content=\"Libairie Clavreuil\" \/>\n<meta property=\"article:modified_time\" content=\"2025-06-20T09:42:05+00:00\" \/>\n<meta property=\"og:image\" content=\"https:\/\/www.librairieclavreuil.com\/wp-content\/uploads\/2025\/06\/charles-louis-adanson-mutalsam-talismans-9616-6723baa60ee6e.jpg\" \/>\n\t<meta property=\"og:image:width\" content=\"622\" \/>\n\t<meta property=\"og:image:height\" content=\"800\" \/>\n\t<meta property=\"og:image:type\" content=\"image\/jpeg\" \/>\n<meta name=\"twitter:card\" content=\"summary_large_image\" \/>\n<meta name=\"twitter:label1\" content=\"Est. reading time\" \/>\n\t<meta name=\"twitter:data1\" content=\"1 minute\" \/>\n<script type=\"application\/ld+json\" class=\"yoast-schema-graph\">{\"@context\":\"https:\/\/schema.org\",\"@graph\":[{\"@type\":\"WebPage\",\"@id\":\"https:\/\/www.librairieclavreuil.com\/en\/adanson-jean-baptiste-mutalsam-talismans\/\",\"url\":\"https:\/\/www.librairieclavreuil.com\/en\/adanson-jean-baptiste-mutalsam-talismans\/\",\"name\":\"ADANSON Jean-Baptiste Mutalsam \/ Talismans. - Libairie Clavreuil\",\"isPartOf\":{\"@id\":\"https:\/\/www.librairieclavreuil.com\/#website\"},\"primaryImageOfPage\":{\"@id\":\"https:\/\/www.librairieclavreuil.com\/en\/adanson-jean-baptiste-mutalsam-talismans\/#primaryimage\"},\"image\":{\"@id\":\"https:\/\/www.librairieclavreuil.com\/en\/adanson-jean-baptiste-mutalsam-talismans\/#primaryimage\"},\"thumbnailUrl\":\"https:\/\/www.librairieclavreuil.com\/wp-content\/uploads\/2025\/06\/charles-louis-adanson-mutalsam-talismans-9616-6723baa60ee6e.jpg\",\"datePublished\":\"2025-06-20T09:41:05+00:00\",\"dateModified\":\"2025-06-20T09:42:05+00:00\",\"breadcrumb\":{\"@id\":\"https:\/\/www.librairieclavreuil.com\/en\/adanson-jean-baptiste-mutalsam-talismans\/#breadcrumb\"},\"inLanguage\":\"en-US\",\"potentialAction\":[{\"@type\":\"ReadAction\",\"target\":[\"https:\/\/www.librairieclavreuil.com\/en\/adanson-jean-baptiste-mutalsam-talismans\/\"]}]},{\"@type\":\"ImageObject\",\"inLanguage\":\"en-US\",\"@id\":\"https:\/\/www.librairieclavreuil.com\/en\/adanson-jean-baptiste-mutalsam-talismans\/#primaryimage\",\"url\":\"https:\/\/www.librairieclavreuil.com\/wp-content\/uploads\/2025\/06\/charles-louis-adanson-mutalsam-talismans-9616-6723baa60ee6e.jpg\",\"contentUrl\":\"https:\/\/www.librairieclavreuil.com\/wp-content\/uploads\/2025\/06\/charles-louis-adanson-mutalsam-talismans-9616-6723baa60ee6e.jpg\",\"width\":622,\"height\":800},{\"@type\":\"BreadcrumbList\",\"@id\":\"https:\/\/www.librairieclavreuil.com\/en\/adanson-jean-baptiste-mutalsam-talismans\/#breadcrumb\",\"itemListElement\":[{\"@type\":\"ListItem\",\"position\":1,\"name\":\"Accueil\",\"item\":\"https:\/\/www.librairieclavreuil.com\/\"},{\"@type\":\"ListItem\",\"position\":2,\"name\":\"All our books\",\"item\":\"https:\/\/www.librairieclavreuil.com\/en\/all-our-books\/\"},{\"@type\":\"ListItem\",\"position\":3,\"name\":\"ADANSON Jean-Baptiste Mutalsam \/ Talismans.\"}]},{\"@type\":\"WebSite\",\"@id\":\"https:\/\/www.librairieclavreuil.com\/#website\",\"url\":\"https:\/\/www.librairieclavreuil.com\/\",\"name\":\"Libairie Clavreuil\",\"description\":\"Livres anciens, manuscrits rares et \u00e9ditions originales \u2013 Librairie Clavreuil\",\"publisher\":{\"@id\":\"https:\/\/www.librairieclavreuil.com\/#organization\"},\"potentialAction\":[{\"@type\":\"SearchAction\",\"target\":{\"@type\":\"EntryPoint\",\"urlTemplate\":\"https:\/\/www.librairieclavreuil.com\/?s={search_term_string}\"},\"query-input\":{\"@type\":\"PropertyValueSpecification\",\"valueRequired\":true,\"valueName\":\"search_term_string\"}}],\"inLanguage\":\"en-US\"},{\"@type\":\"Organization\",\"@id\":\"https:\/\/www.librairieclavreuil.com\/#organization\",\"name\":\"Libairie Clavreuil\",\"url\":\"https:\/\/www.librairieclavreuil.com\/\",\"logo\":{\"@type\":\"ImageObject\",\"inLanguage\":\"en-US\",\"@id\":\"https:\/\/www.librairieclavreuil.com\/#\/schema\/logo\/image\/\",\"url\":\"https:\/\/www.librairieclavreuil.com\/wp-content\/uploads\/2021\/06\/cropped-LOGO_PNG_DATE-_gold-512x512-1.png\",\"contentUrl\":\"https:\/\/www.librairieclavreuil.com\/wp-content\/uploads\/2021\/06\/cropped-LOGO_PNG_DATE-_gold-512x512-1.png\",\"width\":512,\"height\":512,\"caption\":\"Libairie Clavreuil\"},\"image\":{\"@id\":\"https:\/\/www.librairieclavreuil.com\/#\/schema\/logo\/image\/\"},\"sameAs\":[\"https:\/\/www.instagram.com\/librairieclavreuil\/\"]}]}<\/script>\n<!-- \/ Yoast SEO plugin. -->","yoast_head_json":{"title":"ADANSON Jean-Baptiste Mutalsam \/ Talismans. - Libairie Clavreuil","robots":{"index":"index","follow":"follow","max-snippet":"max-snippet:-1","max-image-preview":"max-image-preview:large","max-video-preview":"max-video-preview:-1"},"canonical":"https:\/\/www.librairieclavreuil.com\/en\/adanson-jean-baptiste-mutalsam-talismans\/","og_locale":"en_US","og_type":"article","og_title":"ADANSON Jean-Baptiste Mutalsam \/ Talismans. - Libairie Clavreuil","og_description":"Writing carnet, 8vo (205 x 150 mm) 5 nn.ll., ink on paper, and 4 blank leaves. Stitched.","og_url":"https:\/\/www.librairieclavreuil.com\/en\/adanson-jean-baptiste-mutalsam-talismans\/","og_site_name":"Libairie Clavreuil","article_modified_time":"2025-06-20T09:42:05+00:00","og_image":[{"width":622,"height":800,"url":"https:\/\/www.librairieclavreuil.com\/wp-content\/uploads\/2025\/06\/charles-louis-adanson-mutalsam-talismans-9616-6723baa60ee6e.jpg","type":"image\/jpeg"}],"twitter_card":"summary_large_image","twitter_misc":{"Est. reading time":"1 minute"},"schema":{"@context":"https:\/\/schema.org","@graph":[{"@type":"WebPage","@id":"https:\/\/www.librairieclavreuil.com\/en\/adanson-jean-baptiste-mutalsam-talismans\/","url":"https:\/\/www.librairieclavreuil.com\/en\/adanson-jean-baptiste-mutalsam-talismans\/","name":"ADANSON Jean-Baptiste Mutalsam \/ Talismans. - Libairie Clavreuil","isPartOf":{"@id":"https:\/\/www.librairieclavreuil.com\/#website"},"primaryImageOfPage":{"@id":"https:\/\/www.librairieclavreuil.com\/en\/adanson-jean-baptiste-mutalsam-talismans\/#primaryimage"},"image":{"@id":"https:\/\/www.librairieclavreuil.com\/en\/adanson-jean-baptiste-mutalsam-talismans\/#primaryimage"},"thumbnailUrl":"https:\/\/www.librairieclavreuil.com\/wp-content\/uploads\/2025\/06\/charles-louis-adanson-mutalsam-talismans-9616-6723baa60ee6e.jpg","datePublished":"2025-06-20T09:41:05+00:00","dateModified":"2025-06-20T09:42:05+00:00","breadcrumb":{"@id":"https:\/\/www.librairieclavreuil.com\/en\/adanson-jean-baptiste-mutalsam-talismans\/#breadcrumb"},"inLanguage":"en-US","potentialAction":[{"@type":"ReadAction","target":["https:\/\/www.librairieclavreuil.com\/en\/adanson-jean-baptiste-mutalsam-talismans\/"]}]},{"@type":"ImageObject","inLanguage":"en-US","@id":"https:\/\/www.librairieclavreuil.com\/en\/adanson-jean-baptiste-mutalsam-talismans\/#primaryimage","url":"https:\/\/www.librairieclavreuil.com\/wp-content\/uploads\/2025\/06\/charles-louis-adanson-mutalsam-talismans-9616-6723baa60ee6e.jpg","contentUrl":"https:\/\/www.librairieclavreuil.com\/wp-content\/uploads\/2025\/06\/charles-louis-adanson-mutalsam-talismans-9616-6723baa60ee6e.jpg","width":622,"height":800},{"@type":"BreadcrumbList","@id":"https:\/\/www.librairieclavreuil.com\/en\/adanson-jean-baptiste-mutalsam-talismans\/#breadcrumb","itemListElement":[{"@type":"ListItem","position":1,"name":"Accueil","item":"https:\/\/www.librairieclavreuil.com\/"},{"@type":"ListItem","position":2,"name":"All our books","item":"https:\/\/www.librairieclavreuil.com\/en\/all-our-books\/"},{"@type":"ListItem","position":3,"name":"ADANSON Jean-Baptiste Mutalsam \/ Talismans."}]},{"@type":"WebSite","@id":"https:\/\/www.librairieclavreuil.com\/#website","url":"https:\/\/www.librairieclavreuil.com\/","name":"Libairie Clavreuil","description":"Livres anciens, manuscrits rares et \u00e9ditions originales \u2013 Librairie Clavreuil","publisher":{"@id":"https:\/\/www.librairieclavreuil.com\/#organization"},"potentialAction":[{"@type":"SearchAction","target":{"@type":"EntryPoint","urlTemplate":"https:\/\/www.librairieclavreuil.com\/?s={search_term_string}"},"query-input":{"@type":"PropertyValueSpecification","valueRequired":true,"valueName":"search_term_string"}}],"inLanguage":"en-US"},{"@type":"Organization","@id":"https:\/\/www.librairieclavreuil.com\/#organization","name":"Libairie Clavreuil","url":"https:\/\/www.librairieclavreuil.com\/","logo":{"@type":"ImageObject","inLanguage":"en-US","@id":"https:\/\/www.librairieclavreuil.com\/#\/schema\/logo\/image\/","url":"https:\/\/www.librairieclavreuil.com\/wp-content\/uploads\/2021\/06\/cropped-LOGO_PNG_DATE-_gold-512x512-1.png","contentUrl":"https:\/\/www.librairieclavreuil.com\/wp-content\/uploads\/2021\/06\/cropped-LOGO_PNG_DATE-_gold-512x512-1.png","width":512,"height":512,"caption":"Libairie Clavreuil"},"image":{"@id":"https:\/\/www.librairieclavreuil.com\/#\/schema\/logo\/image\/"},"sameAs":["https:\/\/www.instagram.com\/librairieclavreuil\/"]}]}},"jetpack_sharing_enabled":true,"_links":{"self":[{"href":"https:\/\/www.librairieclavreuil.com\/en\/wp-json\/wp\/v2\/product\/87107","targetHints":{"allow":["GET"]}}],"collection":[{"href":"https:\/\/www.librairieclavreuil.com\/en\/wp-json\/wp\/v2\/product"}],"about":[{"href":"https:\/\/www.librairieclavreuil.com\/en\/wp-json\/wp\/v2\/types\/product"}],"replies":[{"embeddable":true,"href":"https:\/\/www.librairieclavreuil.com\/en\/wp-json\/wp\/v2\/comments?post=87107"}],"wp:featuredmedia":[{"embeddable":true,"href":"https:\/\/www.librairieclavreuil.com\/en\/wp-json\/wp\/v2\/media\/87100"}],"wp:attachment":[{"href":"https:\/\/www.librairieclavreuil.com\/en\/wp-json\/wp\/v2\/media?parent=87107"}],"wp:term":[{"taxonomy":"product_brand","embeddable":true,"href":"https:\/\/www.librairieclavreuil.com\/en\/wp-json\/wp\/v2\/product_brand?post=87107"},{"taxonomy":"product_cat","embeddable":true,"href":"https:\/\/www.librairieclavreuil.com\/en\/wp-json\/wp\/v2\/product_cat?post=87107"},{"taxonomy":"product_tag","embeddable":true,"href":"https:\/\/www.librairieclavreuil.com\/en\/wp-json\/wp\/v2\/product_tag?post=87107"}],"curies":[{"name":"wp","href":"https:\/\/api.w.org\/{rel}","templated":true}]}}