{"id":87095,"date":"2025-06-19T12:46:09","date_gmt":"2025-06-19T10:46:09","guid":{"rendered":"https:\/\/www.librairieclavreuil.com\/stevin-simon-les-oeuvres-mathematiques-de-simon-stevin-de-bruges-ou-sont-inserees-les-memoires-mathematiques-le-tout-reveu-et-corrigee-augmente-par-albert-girard\/"},"modified":"2025-08-27T19:17:56","modified_gmt":"2025-08-27T17:17:56","slug":"stevin-simon-les-oeuvres-mathematiques-de-simon-stevin-de-bruges-ou-sont-inserees-les-memoires-mathematiques-le-tout-reveu-et-corrigee-augmente-par-albert-girard","status":"publish","type":"product","link":"https:\/\/www.librairieclavreuil.com\/en\/stevin-simon-les-oeuvres-mathematiques-de-simon-stevin-de-bruges-ou-sont-inserees-les-memoires-mathematiques-le-tout-reveu-et-corrigee-augmente-par-albert-girard\/","title":{"rendered":"STEVIN Simon Les oeuvres Math\u00e9matiques de Simon Stevin..."},"content":{"rendered":"<p style=\"text-align:justify\"><i>DSB, XIII, 47-51 ; Roberts &amp; Trent, pp. 303-304.<\/i><\/p>\n<p style=\"text-align:justify\"><span style=\"font-variant:small-caps\">The best edition of the scientific writings of Stevin (1548-1620), the most influential of all mathematicians produced by the Low Countries in the 16th century.<\/span><\/p>\n<p style=\"text-align:justify\">The present edition has become very scarce on the market; it contains his writings on algebra and arithmetic (first part) followed by cosmography (including geography, and astronomy), applied geometry, statics optics, fortification (including mathematics applied to military science), and navigation (second part).<\/p>\n<p style=\"text-align:justify\">\u201cWhile mathematicians up to his time had followed the Greek example and given each proof by reductio ad absurdum, Stevin introduced methods that, although still cumbersome, paved the way toward simpler methods of the calculus\u201d (DSB).<\/p>\n<p style=\"text-align:justify\">In this book, Stevin sets out the rules of single and compound interest and gives tables for the rapid computation of discounts and annuities; introduces decimal fractions for general purposes; gives a general treatment of the arithmetic and algebra of his time; provides his important works on mechanics and hydrostatics; presents one of the first descriptions of the Copernican system; and outlines his important theories of fortification and field encampment.<\/p>\n<p style=\"text-align:justify\">\u201cThe first systematic treatise on hydrostatics since Archimedes\u201d (DSB).<\/p>\n<p style=\"text-align:justify\">This edition also contains Stevin\u2019s translation, the first into a modern language, of the work of Diophantus.<\/p>\n<p style=\"text-align:justify\">This edition by Albert Girard (1595-1632), a famous mathematician from Lorraine, was published posthumously by his widow, as she explains in her preface: &#8221; Here is a poor widow with eleven orphaned children, whose husband and father, who died a year ago, left them only a good reputation for having served faithfully and devoted all his time to researching the most beautiful secrets of mathematics; He was delighted when he planned to leave some useful monuments to posterity, of his own invention, which he himself would have brought to the feet of your Most Illustrious Lords, if God had given him the leisure to complete them.&#8221;<br \/>According to the Belgian mathematician Henri Bosmans, Girard&#8217;s discoveries are the most important ones made between Vi\u00e8te and Descartes. His work, which bridges the traditions of Coss, the innovations of Fran\u00e7ois Vi\u00e8te&#8217;s specious algebra, and the concerns that animated Pierre de Fermat and Bachet de M\u00e9ziriac at the same time, touches on a variety of fields and brings considerable innovations. His mathematical writing, inherited from the Coss and partly from the new algebra, is teeming with new notations.<\/p>\n<p style=\"text-align:justify\">Several of Girard&#8217;s proposals are milestones in the history of mathematics. Among these are the first notations for the sine function (sin), dating back to 1626. He was one of the first to formulate the fundamental theorem of algebra in the case of real polynomials (1629) and the four-square theorem. He is the author of the first known statement of the two squares theorem, known as \u2018Fermat&#8217;s Christmas present\u2019 (1625), and one of the first statements of the Girard-Waring formula, a precise definition of Fibonacci sequences, etc. The formula, which he was the first to publish and partially prove, giving the area of a spherical triangle using its angles, is called Girard&#8217;s or Harriot-Girard&#8217;s theorem.<\/p>\n<p style=\"text-align:justify\">This copy is complete with the movable parts mounted on pages 529 and 532, which are sometimes found on a separate sheet or are most often missing. Page 623 has been folded by the bookbinder, and the text and illustration on the fortification are entirely present and have not been touched by the bookbinder&#8217;s knife.<\/p>\n<p style=\"text-align:justify\">Some quires toned, otherwise a very good, complete copy.<\/p>\n","protected":false},"excerpt":{"rendered":"<p>2 parts in 1 volume folio (340 x 210 mm) 4 nn.ll. (including half-title), 222pp., 1 nn.l. (table) ; 678 pp. Contemporary vellum, spine with raised bands (some expert restorations to hinges and corners, ties renewed).<\/p>\n","protected":false},"featured_media":87082,"comment_status":"open","ping_status":"closed","template":"","meta":{"_acf_changed":false},"product_brand":[],"product_cat":[550],"product_tag":[1316,1320,1331,1330,610],"class_list":{"0":"post-87095","1":"product","2":"type-product","3":"status-publish","4":"has-post-thumbnail","6":"product_cat-science","7":"product_tag-astronomy","8":"product_tag-general-astronomy","9":"product_tag-geometry","10":"product_tag-mathematics","11":"product_tag-optical","12":"pa_auteur-stevin-simon-2","13":"pa_type-de-livre-printed-book","15":"first","16":"instock","17":"shipping-taxable","18":"purchasable","19":"product-type-simple"},"acf":{"artist":" Simon STEVIN","chapeau":"","adresse_bibliographique":"Leyde, Bonaventure et Abraham Elzevier, 1634","book_type":"Printed book","provenance":"","afficher_prix":""},"yoast_head":"<!-- This site is optimized with the Yoast SEO plugin v24.7 - https:\/\/yoast.com\/wordpress\/plugins\/seo\/ -->\n<title>STEVIN Simon Les oeuvres Math\u00e9matiques de Simon Stevin de Bruges. Ou sont ins\u00e9r\u00e9es les M\u00e9moires math\u00e9matiques... Le tout reveu et corrig\u00e9e &amp; augment\u00e9 par Albert Girard. - Libairie Clavreuil<\/title>\n<meta name=\"robots\" content=\"index, follow, max-snippet:-1, max-image-preview:large, max-video-preview:-1\" \/>\n<link rel=\"canonical\" href=\"https:\/\/www.librairieclavreuil.com\/en\/stevin-simon-les-oeuvres-mathematiques-de-simon-stevin-de-bruges-ou-sont-inserees-les-memoires-mathematiques-le-tout-reveu-et-corrigee-augmente-par-albert-girard\/\" \/>\n<meta property=\"og:locale\" content=\"en_US\" \/>\n<meta property=\"og:type\" content=\"article\" \/>\n<meta property=\"og:title\" content=\"STEVIN Simon Les oeuvres Math\u00e9matiques de Simon Stevin de Bruges. Ou sont ins\u00e9r\u00e9es les M\u00e9moires math\u00e9matiques... Le tout reveu et corrig\u00e9e &amp; augment\u00e9 par Albert Girard. - Libairie Clavreuil\" \/>\n<meta property=\"og:description\" content=\"2 parts in 1 volume folio (340 x 210 mm) 4 nn.ll. (including half-title), 222pp., 1 nn.l. (table) ; 678 pp. Contemporary vellum, spine with raised bands (some expert restorations to hinges and corners, ties renewed).\" \/>\n<meta property=\"og:url\" content=\"https:\/\/www.librairieclavreuil.com\/en\/stevin-simon-les-oeuvres-mathematiques-de-simon-stevin-de-bruges-ou-sont-inserees-les-memoires-mathematiques-le-tout-reveu-et-corrigee-augmente-par-albert-girard\/\" \/>\n<meta property=\"og:site_name\" content=\"Libairie Clavreuil\" \/>\n<meta property=\"article:modified_time\" content=\"2025-08-27T17:17:56+00:00\" \/>\n<meta property=\"og:image\" content=\"https:\/\/www.librairieclavreuil.com\/wp-content\/uploads\/2025\/06\/simon-stevin-les-oeuvres-mathematiques-de-simon-stevin-de-bruges-ou-sont-inserees-les-memoires-mathematiques-le-tout-reveu-et-corrigee-augme-6827429d07cad.jpg\" \/>\n\t<meta property=\"og:image:width\" content=\"622\" \/>\n\t<meta property=\"og:image:height\" content=\"800\" \/>\n\t<meta property=\"og:image:type\" content=\"image\/jpeg\" \/>\n<meta name=\"twitter:card\" content=\"summary_large_image\" \/>\n<meta name=\"twitter:label1\" content=\"Est. reading time\" \/>\n\t<meta name=\"twitter:data1\" content=\"3 minutes\" \/>\n<script type=\"application\/ld+json\" class=\"yoast-schema-graph\">{\"@context\":\"https:\/\/schema.org\",\"@graph\":[{\"@type\":\"WebPage\",\"@id\":\"https:\/\/www.librairieclavreuil.com\/en\/stevin-simon-les-oeuvres-mathematiques-de-simon-stevin-de-bruges-ou-sont-inserees-les-memoires-mathematiques-le-tout-reveu-et-corrigee-augmente-par-albert-girard\/\",\"url\":\"https:\/\/www.librairieclavreuil.com\/en\/stevin-simon-les-oeuvres-mathematiques-de-simon-stevin-de-bruges-ou-sont-inserees-les-memoires-mathematiques-le-tout-reveu-et-corrigee-augmente-par-albert-girard\/\",\"name\":\"STEVIN Simon Les oeuvres Math\u00e9matiques de Simon Stevin de Bruges. Ou sont ins\u00e9r\u00e9es les M\u00e9moires math\u00e9matiques... Le tout reveu et corrig\u00e9e &amp; augment\u00e9 par Albert Girard. - Libairie Clavreuil\",\"isPartOf\":{\"@id\":\"https:\/\/www.librairieclavreuil.com\/#website\"},\"primaryImageOfPage\":{\"@id\":\"https:\/\/www.librairieclavreuil.com\/en\/stevin-simon-les-oeuvres-mathematiques-de-simon-stevin-de-bruges-ou-sont-inserees-les-memoires-mathematiques-le-tout-reveu-et-corrigee-augmente-par-albert-girard\/#primaryimage\"},\"image\":{\"@id\":\"https:\/\/www.librairieclavreuil.com\/en\/stevin-simon-les-oeuvres-mathematiques-de-simon-stevin-de-bruges-ou-sont-inserees-les-memoires-mathematiques-le-tout-reveu-et-corrigee-augmente-par-albert-girard\/#primaryimage\"},\"thumbnailUrl\":\"https:\/\/www.librairieclavreuil.com\/wp-content\/uploads\/2025\/06\/simon-stevin-les-oeuvres-mathematiques-de-simon-stevin-de-bruges-ou-sont-inserees-les-memoires-mathematiques-le-tout-reveu-et-corrigee-augme-6827429d07cad.jpg\",\"datePublished\":\"2025-06-19T10:46:09+00:00\",\"dateModified\":\"2025-08-27T17:17:56+00:00\",\"breadcrumb\":{\"@id\":\"https:\/\/www.librairieclavreuil.com\/en\/stevin-simon-les-oeuvres-mathematiques-de-simon-stevin-de-bruges-ou-sont-inserees-les-memoires-mathematiques-le-tout-reveu-et-corrigee-augmente-par-albert-girard\/#breadcrumb\"},\"inLanguage\":\"en-US\",\"potentialAction\":[{\"@type\":\"ReadAction\",\"target\":[\"https:\/\/www.librairieclavreuil.com\/en\/stevin-simon-les-oeuvres-mathematiques-de-simon-stevin-de-bruges-ou-sont-inserees-les-memoires-mathematiques-le-tout-reveu-et-corrigee-augmente-par-albert-girard\/\"]}]},{\"@type\":\"ImageObject\",\"inLanguage\":\"en-US\",\"@id\":\"https:\/\/www.librairieclavreuil.com\/en\/stevin-simon-les-oeuvres-mathematiques-de-simon-stevin-de-bruges-ou-sont-inserees-les-memoires-mathematiques-le-tout-reveu-et-corrigee-augmente-par-albert-girard\/#primaryimage\",\"url\":\"https:\/\/www.librairieclavreuil.com\/wp-content\/uploads\/2025\/06\/simon-stevin-les-oeuvres-mathematiques-de-simon-stevin-de-bruges-ou-sont-inserees-les-memoires-mathematiques-le-tout-reveu-et-corrigee-augme-6827429d07cad.jpg\",\"contentUrl\":\"https:\/\/www.librairieclavreuil.com\/wp-content\/uploads\/2025\/06\/simon-stevin-les-oeuvres-mathematiques-de-simon-stevin-de-bruges-ou-sont-inserees-les-memoires-mathematiques-le-tout-reveu-et-corrigee-augme-6827429d07cad.jpg\",\"width\":622,\"height\":800},{\"@type\":\"BreadcrumbList\",\"@id\":\"https:\/\/www.librairieclavreuil.com\/en\/stevin-simon-les-oeuvres-mathematiques-de-simon-stevin-de-bruges-ou-sont-inserees-les-memoires-mathematiques-le-tout-reveu-et-corrigee-augmente-par-albert-girard\/#breadcrumb\",\"itemListElement\":[{\"@type\":\"ListItem\",\"position\":1,\"name\":\"Accueil\",\"item\":\"https:\/\/www.librairieclavreuil.com\/\"},{\"@type\":\"ListItem\",\"position\":2,\"name\":\"All our books\",\"item\":\"https:\/\/www.librairieclavreuil.com\/en\/all-our-books\/\"},{\"@type\":\"ListItem\",\"position\":3,\"name\":\"STEVIN Simon Les oeuvres Math\u00e9matiques de Simon Stevin...\"}]},{\"@type\":\"WebSite\",\"@id\":\"https:\/\/www.librairieclavreuil.com\/#website\",\"url\":\"https:\/\/www.librairieclavreuil.com\/\",\"name\":\"Libairie Clavreuil\",\"description\":\"Livres anciens, manuscrits rares et \u00e9ditions originales \u2013 Librairie Clavreuil\",\"publisher\":{\"@id\":\"https:\/\/www.librairieclavreuil.com\/#organization\"},\"potentialAction\":[{\"@type\":\"SearchAction\",\"target\":{\"@type\":\"EntryPoint\",\"urlTemplate\":\"https:\/\/www.librairieclavreuil.com\/?s={search_term_string}\"},\"query-input\":{\"@type\":\"PropertyValueSpecification\",\"valueRequired\":true,\"valueName\":\"search_term_string\"}}],\"inLanguage\":\"en-US\"},{\"@type\":\"Organization\",\"@id\":\"https:\/\/www.librairieclavreuil.com\/#organization\",\"name\":\"Libairie Clavreuil\",\"url\":\"https:\/\/www.librairieclavreuil.com\/\",\"logo\":{\"@type\":\"ImageObject\",\"inLanguage\":\"en-US\",\"@id\":\"https:\/\/www.librairieclavreuil.com\/#\/schema\/logo\/image\/\",\"url\":\"https:\/\/www.librairieclavreuil.com\/wp-content\/uploads\/2021\/06\/cropped-LOGO_PNG_DATE-_gold-512x512-1.png\",\"contentUrl\":\"https:\/\/www.librairieclavreuil.com\/wp-content\/uploads\/2021\/06\/cropped-LOGO_PNG_DATE-_gold-512x512-1.png\",\"width\":512,\"height\":512,\"caption\":\"Libairie Clavreuil\"},\"image\":{\"@id\":\"https:\/\/www.librairieclavreuil.com\/#\/schema\/logo\/image\/\"},\"sameAs\":[\"https:\/\/www.instagram.com\/librairieclavreuil\/\"]}]}<\/script>\n<!-- \/ Yoast SEO plugin. -->","yoast_head_json":{"title":"STEVIN Simon Les oeuvres Math\u00e9matiques de Simon Stevin de Bruges. Ou sont ins\u00e9r\u00e9es les M\u00e9moires math\u00e9matiques... Le tout reveu et corrig\u00e9e &amp; augment\u00e9 par Albert Girard. - Libairie Clavreuil","robots":{"index":"index","follow":"follow","max-snippet":"max-snippet:-1","max-image-preview":"max-image-preview:large","max-video-preview":"max-video-preview:-1"},"canonical":"https:\/\/www.librairieclavreuil.com\/en\/stevin-simon-les-oeuvres-mathematiques-de-simon-stevin-de-bruges-ou-sont-inserees-les-memoires-mathematiques-le-tout-reveu-et-corrigee-augmente-par-albert-girard\/","og_locale":"en_US","og_type":"article","og_title":"STEVIN Simon Les oeuvres Math\u00e9matiques de Simon Stevin de Bruges. Ou sont ins\u00e9r\u00e9es les M\u00e9moires math\u00e9matiques... Le tout reveu et corrig\u00e9e &amp; augment\u00e9 par Albert Girard. - Libairie Clavreuil","og_description":"2 parts in 1 volume folio (340 x 210 mm) 4 nn.ll. (including half-title), 222pp., 1 nn.l. (table) ; 678 pp. Contemporary vellum, spine with raised bands (some expert restorations to hinges and corners, ties renewed).","og_url":"https:\/\/www.librairieclavreuil.com\/en\/stevin-simon-les-oeuvres-mathematiques-de-simon-stevin-de-bruges-ou-sont-inserees-les-memoires-mathematiques-le-tout-reveu-et-corrigee-augmente-par-albert-girard\/","og_site_name":"Libairie Clavreuil","article_modified_time":"2025-08-27T17:17:56+00:00","og_image":[{"width":622,"height":800,"url":"https:\/\/www.librairieclavreuil.com\/wp-content\/uploads\/2025\/06\/simon-stevin-les-oeuvres-mathematiques-de-simon-stevin-de-bruges-ou-sont-inserees-les-memoires-mathematiques-le-tout-reveu-et-corrigee-augme-6827429d07cad.jpg","type":"image\/jpeg"}],"twitter_card":"summary_large_image","twitter_misc":{"Est. reading time":"3 minutes"},"schema":{"@context":"https:\/\/schema.org","@graph":[{"@type":"WebPage","@id":"https:\/\/www.librairieclavreuil.com\/en\/stevin-simon-les-oeuvres-mathematiques-de-simon-stevin-de-bruges-ou-sont-inserees-les-memoires-mathematiques-le-tout-reveu-et-corrigee-augmente-par-albert-girard\/","url":"https:\/\/www.librairieclavreuil.com\/en\/stevin-simon-les-oeuvres-mathematiques-de-simon-stevin-de-bruges-ou-sont-inserees-les-memoires-mathematiques-le-tout-reveu-et-corrigee-augmente-par-albert-girard\/","name":"STEVIN Simon Les oeuvres Math\u00e9matiques de Simon Stevin de Bruges. Ou sont ins\u00e9r\u00e9es les M\u00e9moires math\u00e9matiques... Le tout reveu et corrig\u00e9e &amp; augment\u00e9 par Albert Girard. - Libairie Clavreuil","isPartOf":{"@id":"https:\/\/www.librairieclavreuil.com\/#website"},"primaryImageOfPage":{"@id":"https:\/\/www.librairieclavreuil.com\/en\/stevin-simon-les-oeuvres-mathematiques-de-simon-stevin-de-bruges-ou-sont-inserees-les-memoires-mathematiques-le-tout-reveu-et-corrigee-augmente-par-albert-girard\/#primaryimage"},"image":{"@id":"https:\/\/www.librairieclavreuil.com\/en\/stevin-simon-les-oeuvres-mathematiques-de-simon-stevin-de-bruges-ou-sont-inserees-les-memoires-mathematiques-le-tout-reveu-et-corrigee-augmente-par-albert-girard\/#primaryimage"},"thumbnailUrl":"https:\/\/www.librairieclavreuil.com\/wp-content\/uploads\/2025\/06\/simon-stevin-les-oeuvres-mathematiques-de-simon-stevin-de-bruges-ou-sont-inserees-les-memoires-mathematiques-le-tout-reveu-et-corrigee-augme-6827429d07cad.jpg","datePublished":"2025-06-19T10:46:09+00:00","dateModified":"2025-08-27T17:17:56+00:00","breadcrumb":{"@id":"https:\/\/www.librairieclavreuil.com\/en\/stevin-simon-les-oeuvres-mathematiques-de-simon-stevin-de-bruges-ou-sont-inserees-les-memoires-mathematiques-le-tout-reveu-et-corrigee-augmente-par-albert-girard\/#breadcrumb"},"inLanguage":"en-US","potentialAction":[{"@type":"ReadAction","target":["https:\/\/www.librairieclavreuil.com\/en\/stevin-simon-les-oeuvres-mathematiques-de-simon-stevin-de-bruges-ou-sont-inserees-les-memoires-mathematiques-le-tout-reveu-et-corrigee-augmente-par-albert-girard\/"]}]},{"@type":"ImageObject","inLanguage":"en-US","@id":"https:\/\/www.librairieclavreuil.com\/en\/stevin-simon-les-oeuvres-mathematiques-de-simon-stevin-de-bruges-ou-sont-inserees-les-memoires-mathematiques-le-tout-reveu-et-corrigee-augmente-par-albert-girard\/#primaryimage","url":"https:\/\/www.librairieclavreuil.com\/wp-content\/uploads\/2025\/06\/simon-stevin-les-oeuvres-mathematiques-de-simon-stevin-de-bruges-ou-sont-inserees-les-memoires-mathematiques-le-tout-reveu-et-corrigee-augme-6827429d07cad.jpg","contentUrl":"https:\/\/www.librairieclavreuil.com\/wp-content\/uploads\/2025\/06\/simon-stevin-les-oeuvres-mathematiques-de-simon-stevin-de-bruges-ou-sont-inserees-les-memoires-mathematiques-le-tout-reveu-et-corrigee-augme-6827429d07cad.jpg","width":622,"height":800},{"@type":"BreadcrumbList","@id":"https:\/\/www.librairieclavreuil.com\/en\/stevin-simon-les-oeuvres-mathematiques-de-simon-stevin-de-bruges-ou-sont-inserees-les-memoires-mathematiques-le-tout-reveu-et-corrigee-augmente-par-albert-girard\/#breadcrumb","itemListElement":[{"@type":"ListItem","position":1,"name":"Accueil","item":"https:\/\/www.librairieclavreuil.com\/"},{"@type":"ListItem","position":2,"name":"All our books","item":"https:\/\/www.librairieclavreuil.com\/en\/all-our-books\/"},{"@type":"ListItem","position":3,"name":"STEVIN Simon Les oeuvres Math\u00e9matiques de Simon Stevin..."}]},{"@type":"WebSite","@id":"https:\/\/www.librairieclavreuil.com\/#website","url":"https:\/\/www.librairieclavreuil.com\/","name":"Libairie Clavreuil","description":"Livres anciens, manuscrits rares et \u00e9ditions originales \u2013 Librairie Clavreuil","publisher":{"@id":"https:\/\/www.librairieclavreuil.com\/#organization"},"potentialAction":[{"@type":"SearchAction","target":{"@type":"EntryPoint","urlTemplate":"https:\/\/www.librairieclavreuil.com\/?s={search_term_string}"},"query-input":{"@type":"PropertyValueSpecification","valueRequired":true,"valueName":"search_term_string"}}],"inLanguage":"en-US"},{"@type":"Organization","@id":"https:\/\/www.librairieclavreuil.com\/#organization","name":"Libairie Clavreuil","url":"https:\/\/www.librairieclavreuil.com\/","logo":{"@type":"ImageObject","inLanguage":"en-US","@id":"https:\/\/www.librairieclavreuil.com\/#\/schema\/logo\/image\/","url":"https:\/\/www.librairieclavreuil.com\/wp-content\/uploads\/2021\/06\/cropped-LOGO_PNG_DATE-_gold-512x512-1.png","contentUrl":"https:\/\/www.librairieclavreuil.com\/wp-content\/uploads\/2021\/06\/cropped-LOGO_PNG_DATE-_gold-512x512-1.png","width":512,"height":512,"caption":"Libairie Clavreuil"},"image":{"@id":"https:\/\/www.librairieclavreuil.com\/#\/schema\/logo\/image\/"},"sameAs":["https:\/\/www.instagram.com\/librairieclavreuil\/"]}]}},"jetpack_sharing_enabled":true,"_links":{"self":[{"href":"https:\/\/www.librairieclavreuil.com\/en\/wp-json\/wp\/v2\/product\/87095","targetHints":{"allow":["GET"]}}],"collection":[{"href":"https:\/\/www.librairieclavreuil.com\/en\/wp-json\/wp\/v2\/product"}],"about":[{"href":"https:\/\/www.librairieclavreuil.com\/en\/wp-json\/wp\/v2\/types\/product"}],"replies":[{"embeddable":true,"href":"https:\/\/www.librairieclavreuil.com\/en\/wp-json\/wp\/v2\/comments?post=87095"}],"wp:featuredmedia":[{"embeddable":true,"href":"https:\/\/www.librairieclavreuil.com\/en\/wp-json\/wp\/v2\/media\/87082"}],"wp:attachment":[{"href":"https:\/\/www.librairieclavreuil.com\/en\/wp-json\/wp\/v2\/media?parent=87095"}],"wp:term":[{"taxonomy":"product_brand","embeddable":true,"href":"https:\/\/www.librairieclavreuil.com\/en\/wp-json\/wp\/v2\/product_brand?post=87095"},{"taxonomy":"product_cat","embeddable":true,"href":"https:\/\/www.librairieclavreuil.com\/en\/wp-json\/wp\/v2\/product_cat?post=87095"},{"taxonomy":"product_tag","embeddable":true,"href":"https:\/\/www.librairieclavreuil.com\/en\/wp-json\/wp\/v2\/product_tag?post=87095"}],"curies":[{"name":"wp","href":"https:\/\/api.w.org\/{rel}","templated":true}]}}