{"id":87039,"date":"2025-06-10T11:38:21","date_gmt":"2025-06-10T09:38:21","guid":{"rendered":"https:\/\/www.librairieclavreuil.com\/cervantes-miguel-de-el-ingenioso-hidalgo-don-quixote-de-la-mancha-compuesto-por-miguel-de-cervantes-saavedra\/"},"modified":"2025-11-18T15:44:15","modified_gmt":"2025-11-18T14:44:15","slug":"cervantes-miguel-de-el-ingenioso-hidalgo-don-quixote-de-la-mancha-compuesto-por-miguel-de-cervantes-saavedra","status":"publish","type":"product","link":"https:\/\/www.librairieclavreuil.com\/en\/cervantes-miguel-de-el-ingenioso-hidalgo-don-quixote-de-la-mancha-compuesto-por-miguel-de-cervantes-saavedra\/","title":{"rendered":"CERVANTES SAAVEDRA Miguel de El Ingenioso Hidalgo Don..."},"content":{"rendered":"<p><i>Palau, 51984; Ford &amp; Lansing, p.5; Biblioteca Nacional, Don Quijote, Ausgaben in vierhundert Jahren, 9; Henrich, n\u00b0 10 (erroneous pagination); Salv\u00e0, 1551.<\/i><\/p>\n<p>Second Brussels edition of the first part of <i>Don Quixote.<\/i><\/p>\n<p>It closely follows the first Brussels edition, published four years earlier. Here, some errors have been corrected, but as the text has been completely recomposed, others reappear. In this edition, Solisd\u00e0n&#8217;s sonnet to Don Quixote was removed. The printer Velpius, who had acquired the exclusive rights to publish Don Quixote in 1607, sold part of the rights to his colleague Hubert Antoine two years before this privilege expired. Hubert Antoine published the second part of the novel in 1616, without sharing the new privilege with Velpius. This copy conforms to the collation given in the Biblioteca Nacional catalog, but the pagination is incorrect; there are actually [16]pp., including the title page, 583, [9]pp. The last page contains the privilege granted for six years from March 6, 1607.<\/p>\n<p><span style=\"font-variant:small-caps\">Literary provenance<\/span><\/p>\n<p>Copy that belonged to Jean Joseph Marius Diouloufet (1771-1840) with his signature on the title page and flyleaf. Proven\u00e7al poet Diouloufet is the author of Proven\u00e7al poems, fables, and tales, as well as \u201cDon Quichotte philosophe,\u201d published the year of his death. A loose leaf bears his (?) notes with suggestions for typographical corrections between pages 24 and 50.<\/p>\n<p>A very fine copy.<\/p>\n<p>[<strong>Together with:<\/strong>]<\/p>\n<p style=\"text-align:center\"><i>The true second edition of the Segunda Parte<\/i><\/p>\n<p><strong>CERVANTES, Miguel de.<\/strong> Segunda parte del Ingenioso Cavallero don Quixote de la Mancha. <i>Brucelas, Huberto Antonio, impressor jurado cerca del Palacio, 1616. <\/i>Large 8vo (178 x 101 mm) 8 unn.l, 687 pp. Contemporary vellum, flat spine with manuscript title, no laces.<\/p>\n<p><i>Ford-Lansing, p. 5; Don Quijote, Ausgaben in Vierhundert Jahren, no. 11; Henrich-Rius, Iconografia de las ediciones del Quijote, no. 13; Peteer-Fontainas, 228; Brunet, I, 1748; Barges-Medias, Manuel del coleccionista de Quijotes, 2.VII; Salva, no. 1553.<\/i><\/p>\n<p><span style=\"font-variant:small-caps\">First Brussels edition, first edition printed outside the Iberian Peninsula, and second edition of the text of the Secunda parte de Don Quijote.<\/span><\/p>\n<p>Published during the author&#8217;s lifetime, who died a few days later, it appeared a few months after the original Madrid edition (Juan de la Cuesta, 1615). It was followed by a third edition, also published in 1616 in Valencia by Mey.<\/p>\n<p>&#8220;Der exacte Zeitpunkt der Ver\u00f6ffentlichung dieser Ausgabe des zweiten Teils ist sehr umstritten. Fitzmaurice-Kelly in seinem Werk &#8216;The Life of Miguel de Cervantes Saavedra&#8230; with a tentative bibliography&#8217; S. 330, Heinrich in seiner &#8216;Icononografia de las ediciones del Quijote&#8217;, und Givanel in seinem &#8216;Catalogo de la seccion Cervantina de la Biblioteca Central&#8217; reihen sie vor der valencianischen Edition aus dem gleichen Jahr 1616 ein. Salva, Rius und Cortejon hingegen betrachten di Br\u00fcsseler Ausgabe als die zweite \u00fcberhaupt, da sie (trotz \u00fcber hundert Abweichungen) doch fast alle Druck- und Zeichensetzungsfehler der Editio Princeps aufweist. Der auff\u00e4lligste Fehler befindet sich gleich auf dem Titelblatt : &#8216;Marqu\u00e9s de Saria&#8217; f\u00fcr &#8216;Sarria&#8217;. Diese Ausgabe passt zum Ersten Teil, den der gleiche Drucker dann 1617 ver\u00f6ffentlichte&#8221; (Don Quijote Ausgaben).<\/p>\n<p>Quires \u2018a\u2019 to \u2018z\u2019 and \u2018Vv\u2019 reinforced in the margins without affecting the text, quires slightly dislodged, pagination errors: 41 instead of 51, 257 for 247, 413 instead of 431, 525 instead of 552, 581 instead of 591, and in the table in chapter 74, page 979 instead of 679). Small loss to the upper joint.<\/p>\n<p>A fine copy with very good margins, as indicated by Barges-Medias: \u201cThe pages must be more than 17 cm high to be a good copy.\u201d<\/p>\n","protected":false},"excerpt":{"rendered":"<p style=\"text-align:justify\">8vo (163 x 100 mm) 8 nn.ll., 583 pp., 4 nn.ll. Second half of seventeenth-century mottled calf, spine gilt with raised bands, inner gilt rule, speckled edges, original marbled endpapers (very light overall wear).<\/p>\n","protected":false},"featured_media":87078,"comment_status":"open","ping_status":"closed","template":"","meta":{"_acf_changed":false},"product_brand":[],"product_cat":[544],"product_tag":[1244],"class_list":{"0":"post-87039","1":"product","2":"type-product","3":"status-publish","4":"has-post-thumbnail","6":"product_cat-literature","7":"product_tag-17th-century-literature","8":"pa_auteur-cervantes-saavedra-miguel-de-2","9":"pa_type-de-livre-printed-book","11":"first","12":"instock","13":"shipping-taxable","14":"purchasable","15":"product-type-simple"},"acf":{"artist":" Miguel de CERVANTES SAAVEDRA","chapeau":"","adresse_bibliographique":"Brucelas, por Roger Velpius y Huberto Antonio, 1611","book_type":"Printed book","provenance":"","afficher_prix":""},"yoast_head":"<!-- This site is optimized with the Yoast SEO plugin v24.7 - https:\/\/yoast.com\/wordpress\/plugins\/seo\/ -->\n<title>CERVANTES SAAVEDRA Miguel de El Ingenioso Hidalgo Don Quixote de la Mancha. Compuesto por Miguel de Cervantes Saavedra. - Libairie Clavreuil<\/title>\n<meta name=\"robots\" content=\"index, follow, max-snippet:-1, max-image-preview:large, max-video-preview:-1\" \/>\n<link rel=\"canonical\" href=\"https:\/\/www.librairieclavreuil.com\/en\/cervantes-miguel-de-el-ingenioso-hidalgo-don-quixote-de-la-mancha-compuesto-por-miguel-de-cervantes-saavedra\/\" \/>\n<meta property=\"og:locale\" content=\"en_US\" \/>\n<meta property=\"og:type\" content=\"article\" \/>\n<meta property=\"og:title\" content=\"CERVANTES SAAVEDRA Miguel de El Ingenioso Hidalgo Don Quixote de la Mancha. Compuesto por Miguel de Cervantes Saavedra. - Libairie Clavreuil\" \/>\n<meta property=\"og:description\" content=\"8vo (163 x 100 mm) 8 nn.ll., 583 pp., 4 nn.ll. Second half of seventeenth-century mottled calf, spine gilt with raised bands, inner gilt rule, speckled edges, original marbled endpapers (very light overall wear).\" \/>\n<meta property=\"og:url\" content=\"https:\/\/www.librairieclavreuil.com\/en\/cervantes-miguel-de-el-ingenioso-hidalgo-don-quixote-de-la-mancha-compuesto-por-miguel-de-cervantes-saavedra\/\" \/>\n<meta property=\"og:site_name\" content=\"Libairie Clavreuil\" \/>\n<meta property=\"article:modified_time\" content=\"2025-11-18T14:44:15+00:00\" \/>\n<meta property=\"og:image\" content=\"https:\/\/www.librairieclavreuil.com\/wp-content\/uploads\/2025\/06\/miguel-de-cervantes-el-ingenioso-hidalgo-don-quixote-de-la-mancha-compuesto-por-miguel-de-cervantes-saavedra-9635-68493cd895e0e.jpg\" \/>\n\t<meta property=\"og:image:width\" content=\"502\" \/>\n\t<meta property=\"og:image:height\" content=\"800\" \/>\n\t<meta property=\"og:image:type\" content=\"image\/jpeg\" \/>\n<meta name=\"twitter:card\" content=\"summary_large_image\" \/>\n<meta name=\"twitter:label1\" content=\"Est. reading time\" \/>\n\t<meta name=\"twitter:data1\" content=\"3 minutes\" \/>\n<script type=\"application\/ld+json\" class=\"yoast-schema-graph\">{\"@context\":\"https:\/\/schema.org\",\"@graph\":[{\"@type\":\"WebPage\",\"@id\":\"https:\/\/www.librairieclavreuil.com\/en\/cervantes-miguel-de-el-ingenioso-hidalgo-don-quixote-de-la-mancha-compuesto-por-miguel-de-cervantes-saavedra\/\",\"url\":\"https:\/\/www.librairieclavreuil.com\/en\/cervantes-miguel-de-el-ingenioso-hidalgo-don-quixote-de-la-mancha-compuesto-por-miguel-de-cervantes-saavedra\/\",\"name\":\"CERVANTES SAAVEDRA Miguel de El Ingenioso Hidalgo Don Quixote de la Mancha. Compuesto por Miguel de Cervantes Saavedra. - Libairie Clavreuil\",\"isPartOf\":{\"@id\":\"https:\/\/www.librairieclavreuil.com\/#website\"},\"primaryImageOfPage\":{\"@id\":\"https:\/\/www.librairieclavreuil.com\/en\/cervantes-miguel-de-el-ingenioso-hidalgo-don-quixote-de-la-mancha-compuesto-por-miguel-de-cervantes-saavedra\/#primaryimage\"},\"image\":{\"@id\":\"https:\/\/www.librairieclavreuil.com\/en\/cervantes-miguel-de-el-ingenioso-hidalgo-don-quixote-de-la-mancha-compuesto-por-miguel-de-cervantes-saavedra\/#primaryimage\"},\"thumbnailUrl\":\"https:\/\/www.librairieclavreuil.com\/wp-content\/uploads\/2025\/06\/miguel-de-cervantes-el-ingenioso-hidalgo-don-quixote-de-la-mancha-compuesto-por-miguel-de-cervantes-saavedra-9635-68493cd895e0e.jpg\",\"datePublished\":\"2025-06-10T09:38:21+00:00\",\"dateModified\":\"2025-11-18T14:44:15+00:00\",\"breadcrumb\":{\"@id\":\"https:\/\/www.librairieclavreuil.com\/en\/cervantes-miguel-de-el-ingenioso-hidalgo-don-quixote-de-la-mancha-compuesto-por-miguel-de-cervantes-saavedra\/#breadcrumb\"},\"inLanguage\":\"en-US\",\"potentialAction\":[{\"@type\":\"ReadAction\",\"target\":[\"https:\/\/www.librairieclavreuil.com\/en\/cervantes-miguel-de-el-ingenioso-hidalgo-don-quixote-de-la-mancha-compuesto-por-miguel-de-cervantes-saavedra\/\"]}]},{\"@type\":\"ImageObject\",\"inLanguage\":\"en-US\",\"@id\":\"https:\/\/www.librairieclavreuil.com\/en\/cervantes-miguel-de-el-ingenioso-hidalgo-don-quixote-de-la-mancha-compuesto-por-miguel-de-cervantes-saavedra\/#primaryimage\",\"url\":\"https:\/\/www.librairieclavreuil.com\/wp-content\/uploads\/2025\/06\/miguel-de-cervantes-el-ingenioso-hidalgo-don-quixote-de-la-mancha-compuesto-por-miguel-de-cervantes-saavedra-9635-68493cd895e0e.jpg\",\"contentUrl\":\"https:\/\/www.librairieclavreuil.com\/wp-content\/uploads\/2025\/06\/miguel-de-cervantes-el-ingenioso-hidalgo-don-quixote-de-la-mancha-compuesto-por-miguel-de-cervantes-saavedra-9635-68493cd895e0e.jpg\",\"width\":502,\"height\":800},{\"@type\":\"BreadcrumbList\",\"@id\":\"https:\/\/www.librairieclavreuil.com\/en\/cervantes-miguel-de-el-ingenioso-hidalgo-don-quixote-de-la-mancha-compuesto-por-miguel-de-cervantes-saavedra\/#breadcrumb\",\"itemListElement\":[{\"@type\":\"ListItem\",\"position\":1,\"name\":\"Accueil\",\"item\":\"https:\/\/www.librairieclavreuil.com\/\"},{\"@type\":\"ListItem\",\"position\":2,\"name\":\"All our books\",\"item\":\"https:\/\/www.librairieclavreuil.com\/en\/all-our-books\/\"},{\"@type\":\"ListItem\",\"position\":3,\"name\":\"CERVANTES SAAVEDRA Miguel de El Ingenioso Hidalgo Don...\"}]},{\"@type\":\"WebSite\",\"@id\":\"https:\/\/www.librairieclavreuil.com\/#website\",\"url\":\"https:\/\/www.librairieclavreuil.com\/\",\"name\":\"Libairie Clavreuil\",\"description\":\"Livres anciens, manuscrits rares et \u00e9ditions originales \u2013 Librairie Clavreuil\",\"publisher\":{\"@id\":\"https:\/\/www.librairieclavreuil.com\/#organization\"},\"potentialAction\":[{\"@type\":\"SearchAction\",\"target\":{\"@type\":\"EntryPoint\",\"urlTemplate\":\"https:\/\/www.librairieclavreuil.com\/?s={search_term_string}\"},\"query-input\":{\"@type\":\"PropertyValueSpecification\",\"valueRequired\":true,\"valueName\":\"search_term_string\"}}],\"inLanguage\":\"en-US\"},{\"@type\":\"Organization\",\"@id\":\"https:\/\/www.librairieclavreuil.com\/#organization\",\"name\":\"Libairie Clavreuil\",\"url\":\"https:\/\/www.librairieclavreuil.com\/\",\"logo\":{\"@type\":\"ImageObject\",\"inLanguage\":\"en-US\",\"@id\":\"https:\/\/www.librairieclavreuil.com\/#\/schema\/logo\/image\/\",\"url\":\"https:\/\/www.librairieclavreuil.com\/wp-content\/uploads\/2021\/06\/cropped-LOGO_PNG_DATE-_gold-512x512-1.png\",\"contentUrl\":\"https:\/\/www.librairieclavreuil.com\/wp-content\/uploads\/2021\/06\/cropped-LOGO_PNG_DATE-_gold-512x512-1.png\",\"width\":512,\"height\":512,\"caption\":\"Libairie Clavreuil\"},\"image\":{\"@id\":\"https:\/\/www.librairieclavreuil.com\/#\/schema\/logo\/image\/\"},\"sameAs\":[\"https:\/\/www.instagram.com\/librairieclavreuil\/\"]}]}<\/script>\n<!-- \/ Yoast SEO plugin. -->","yoast_head_json":{"title":"CERVANTES SAAVEDRA Miguel de El Ingenioso Hidalgo Don Quixote de la Mancha. Compuesto por Miguel de Cervantes Saavedra. - Libairie Clavreuil","robots":{"index":"index","follow":"follow","max-snippet":"max-snippet:-1","max-image-preview":"max-image-preview:large","max-video-preview":"max-video-preview:-1"},"canonical":"https:\/\/www.librairieclavreuil.com\/en\/cervantes-miguel-de-el-ingenioso-hidalgo-don-quixote-de-la-mancha-compuesto-por-miguel-de-cervantes-saavedra\/","og_locale":"en_US","og_type":"article","og_title":"CERVANTES SAAVEDRA Miguel de El Ingenioso Hidalgo Don Quixote de la Mancha. Compuesto por Miguel de Cervantes Saavedra. - Libairie Clavreuil","og_description":"8vo (163 x 100 mm) 8 nn.ll., 583 pp., 4 nn.ll. Second half of seventeenth-century mottled calf, spine gilt with raised bands, inner gilt rule, speckled edges, original marbled endpapers (very light overall wear).","og_url":"https:\/\/www.librairieclavreuil.com\/en\/cervantes-miguel-de-el-ingenioso-hidalgo-don-quixote-de-la-mancha-compuesto-por-miguel-de-cervantes-saavedra\/","og_site_name":"Libairie Clavreuil","article_modified_time":"2025-11-18T14:44:15+00:00","og_image":[{"width":502,"height":800,"url":"https:\/\/www.librairieclavreuil.com\/wp-content\/uploads\/2025\/06\/miguel-de-cervantes-el-ingenioso-hidalgo-don-quixote-de-la-mancha-compuesto-por-miguel-de-cervantes-saavedra-9635-68493cd895e0e.jpg","type":"image\/jpeg"}],"twitter_card":"summary_large_image","twitter_misc":{"Est. reading time":"3 minutes"},"schema":{"@context":"https:\/\/schema.org","@graph":[{"@type":"WebPage","@id":"https:\/\/www.librairieclavreuil.com\/en\/cervantes-miguel-de-el-ingenioso-hidalgo-don-quixote-de-la-mancha-compuesto-por-miguel-de-cervantes-saavedra\/","url":"https:\/\/www.librairieclavreuil.com\/en\/cervantes-miguel-de-el-ingenioso-hidalgo-don-quixote-de-la-mancha-compuesto-por-miguel-de-cervantes-saavedra\/","name":"CERVANTES SAAVEDRA Miguel de El Ingenioso Hidalgo Don Quixote de la Mancha. Compuesto por Miguel de Cervantes Saavedra. - Libairie Clavreuil","isPartOf":{"@id":"https:\/\/www.librairieclavreuil.com\/#website"},"primaryImageOfPage":{"@id":"https:\/\/www.librairieclavreuil.com\/en\/cervantes-miguel-de-el-ingenioso-hidalgo-don-quixote-de-la-mancha-compuesto-por-miguel-de-cervantes-saavedra\/#primaryimage"},"image":{"@id":"https:\/\/www.librairieclavreuil.com\/en\/cervantes-miguel-de-el-ingenioso-hidalgo-don-quixote-de-la-mancha-compuesto-por-miguel-de-cervantes-saavedra\/#primaryimage"},"thumbnailUrl":"https:\/\/www.librairieclavreuil.com\/wp-content\/uploads\/2025\/06\/miguel-de-cervantes-el-ingenioso-hidalgo-don-quixote-de-la-mancha-compuesto-por-miguel-de-cervantes-saavedra-9635-68493cd895e0e.jpg","datePublished":"2025-06-10T09:38:21+00:00","dateModified":"2025-11-18T14:44:15+00:00","breadcrumb":{"@id":"https:\/\/www.librairieclavreuil.com\/en\/cervantes-miguel-de-el-ingenioso-hidalgo-don-quixote-de-la-mancha-compuesto-por-miguel-de-cervantes-saavedra\/#breadcrumb"},"inLanguage":"en-US","potentialAction":[{"@type":"ReadAction","target":["https:\/\/www.librairieclavreuil.com\/en\/cervantes-miguel-de-el-ingenioso-hidalgo-don-quixote-de-la-mancha-compuesto-por-miguel-de-cervantes-saavedra\/"]}]},{"@type":"ImageObject","inLanguage":"en-US","@id":"https:\/\/www.librairieclavreuil.com\/en\/cervantes-miguel-de-el-ingenioso-hidalgo-don-quixote-de-la-mancha-compuesto-por-miguel-de-cervantes-saavedra\/#primaryimage","url":"https:\/\/www.librairieclavreuil.com\/wp-content\/uploads\/2025\/06\/miguel-de-cervantes-el-ingenioso-hidalgo-don-quixote-de-la-mancha-compuesto-por-miguel-de-cervantes-saavedra-9635-68493cd895e0e.jpg","contentUrl":"https:\/\/www.librairieclavreuil.com\/wp-content\/uploads\/2025\/06\/miguel-de-cervantes-el-ingenioso-hidalgo-don-quixote-de-la-mancha-compuesto-por-miguel-de-cervantes-saavedra-9635-68493cd895e0e.jpg","width":502,"height":800},{"@type":"BreadcrumbList","@id":"https:\/\/www.librairieclavreuil.com\/en\/cervantes-miguel-de-el-ingenioso-hidalgo-don-quixote-de-la-mancha-compuesto-por-miguel-de-cervantes-saavedra\/#breadcrumb","itemListElement":[{"@type":"ListItem","position":1,"name":"Accueil","item":"https:\/\/www.librairieclavreuil.com\/"},{"@type":"ListItem","position":2,"name":"All our books","item":"https:\/\/www.librairieclavreuil.com\/en\/all-our-books\/"},{"@type":"ListItem","position":3,"name":"CERVANTES SAAVEDRA Miguel de El Ingenioso Hidalgo Don..."}]},{"@type":"WebSite","@id":"https:\/\/www.librairieclavreuil.com\/#website","url":"https:\/\/www.librairieclavreuil.com\/","name":"Libairie Clavreuil","description":"Livres anciens, manuscrits rares et \u00e9ditions originales \u2013 Librairie Clavreuil","publisher":{"@id":"https:\/\/www.librairieclavreuil.com\/#organization"},"potentialAction":[{"@type":"SearchAction","target":{"@type":"EntryPoint","urlTemplate":"https:\/\/www.librairieclavreuil.com\/?s={search_term_string}"},"query-input":{"@type":"PropertyValueSpecification","valueRequired":true,"valueName":"search_term_string"}}],"inLanguage":"en-US"},{"@type":"Organization","@id":"https:\/\/www.librairieclavreuil.com\/#organization","name":"Libairie Clavreuil","url":"https:\/\/www.librairieclavreuil.com\/","logo":{"@type":"ImageObject","inLanguage":"en-US","@id":"https:\/\/www.librairieclavreuil.com\/#\/schema\/logo\/image\/","url":"https:\/\/www.librairieclavreuil.com\/wp-content\/uploads\/2021\/06\/cropped-LOGO_PNG_DATE-_gold-512x512-1.png","contentUrl":"https:\/\/www.librairieclavreuil.com\/wp-content\/uploads\/2021\/06\/cropped-LOGO_PNG_DATE-_gold-512x512-1.png","width":512,"height":512,"caption":"Libairie Clavreuil"},"image":{"@id":"https:\/\/www.librairieclavreuil.com\/#\/schema\/logo\/image\/"},"sameAs":["https:\/\/www.instagram.com\/librairieclavreuil\/"]}]}},"jetpack_sharing_enabled":true,"_links":{"self":[{"href":"https:\/\/www.librairieclavreuil.com\/en\/wp-json\/wp\/v2\/product\/87039","targetHints":{"allow":["GET"]}}],"collection":[{"href":"https:\/\/www.librairieclavreuil.com\/en\/wp-json\/wp\/v2\/product"}],"about":[{"href":"https:\/\/www.librairieclavreuil.com\/en\/wp-json\/wp\/v2\/types\/product"}],"replies":[{"embeddable":true,"href":"https:\/\/www.librairieclavreuil.com\/en\/wp-json\/wp\/v2\/comments?post=87039"}],"wp:featuredmedia":[{"embeddable":true,"href":"https:\/\/www.librairieclavreuil.com\/en\/wp-json\/wp\/v2\/media\/87078"}],"wp:attachment":[{"href":"https:\/\/www.librairieclavreuil.com\/en\/wp-json\/wp\/v2\/media?parent=87039"}],"wp:term":[{"taxonomy":"product_brand","embeddable":true,"href":"https:\/\/www.librairieclavreuil.com\/en\/wp-json\/wp\/v2\/product_brand?post=87039"},{"taxonomy":"product_cat","embeddable":true,"href":"https:\/\/www.librairieclavreuil.com\/en\/wp-json\/wp\/v2\/product_cat?post=87039"},{"taxonomy":"product_tag","embeddable":true,"href":"https:\/\/www.librairieclavreuil.com\/en\/wp-json\/wp\/v2\/product_tag?post=87039"}],"curies":[{"name":"wp","href":"https:\/\/api.w.org\/{rel}","templated":true}]}}