{"id":86981,"date":"2025-06-05T14:42:11","date_gmt":"2025-06-05T12:42:11","guid":{"rendered":"https:\/\/www.librairieclavreuil.com\/houliez-pierre-abbaye-notre-dame-de-la-trappe-tableaux-representans-au-naturel-tout-ce-qui-se-passe-en-la-maison-dieu-notre-dame-de-la-trappe-de-letroitte-observance-de-lordre-de-cis-teaux-d\/"},"modified":"2025-11-18T15:45:40","modified_gmt":"2025-11-18T14:45:40","slug":"houliez-pierre-abbaye-notre-dame-de-la-trappe-tableaux-representans-au-naturel-tout-ce-qui-se-passe-en-la-maison-dieu-notre-dame-de-la-trappe-de-letroitte-observance-de-lordre-de-cis-teaux-d","status":"publish","type":"product","link":"https:\/\/www.librairieclavreuil.com\/en\/houliez-pierre-abbaye-notre-dame-de-la-trappe-tableaux-representans-au-naturel-tout-ce-qui-se-passe-en-la-maison-dieu-notre-dame-de-la-trappe-de-letroitte-observance-de-lordre-de-cis-teaux-d\/","title":{"rendered":"[HOULIEZ Pierre] [ABBAYE NOTRE DAME DE LA TRAPPE]..."},"content":{"rendered":"<p style=\"text-align:justify\"><span style=\"font-variant:small-caps\">A rare complete set of 20 large copper engravings by Pierre Houliez, circa 1700, dedicated to Abb\u00e9 Armand-Jean de Ranc\u00e9 (1626-1700), the great reformer of the Cistercian abbey of Notre-Dame de la Trappe, founded in 1122 in Soligny-la-Trappe (Orne).<\/span><\/p>\n<p style=\"text-align:justify\">Published in Paris by the print-dealer J. Guenard, they describe the activities of the monastery in the 17th century; all bear the inscription \u2018Se vend \u00e0 Paris\u2019 (Sold in Paris), supplemented for plate [12] by \u2018Se vend \u00e0 Paris chez I. Guenard\u2019 (Sold in Paris at I. Guenard&#8217;s). Of these 20 plates, 11 are numbered.<\/p>\n<p style=\"text-align:justify\">The titles of the engravings in the series are as follows:<\/p>\n<ol>\n<li>\n<p style=\"text-align:justify\">[Title and dedication with coat of arms of Knight Ranc\u00e9, &#8216;chevalier de l&#8217;Ordre de Saint Jean de J\u00e9rusalem, capitaine du port de Marseille, chef d&#8217;escadre des gal\u00e8res&#8217;]<\/p>\n<\/li>\n<li>\n<p style=\"text-align:justify\">Fr\u00e8re Armand Jean Abb\u00e9 de la Maison-dieu Notre-Dame de la Trappe fait la Conf\u00e9rence les jours destin\u00e9s pour la r\u00e9cr\u00e9ation avec ses Religieux (n\u00b02)<\/p>\n<\/li>\n<li>\n<p style=\"text-align:justify\">R\u00e9fectoire (n\u00b03)<\/p>\n<\/li>\n<li>\n<p style=\"text-align:justify\">La Mani\u00e8re dont les religieux de Notre Dame de la Trappe re\u00e7oivent l&#8217;habit et font profession (n\u00b04)<\/p>\n<\/li>\n<li>\n<p style=\"text-align:justify\">Les Perres (sic) de la Trappe font voir la maison aux passans \/ La Mani\u00e8re dont les Perres de la Trappe re\u00e7oivent les passans (n\u00b05)<\/p>\n<\/li>\n<li>\n<p style=\"text-align:justify\">Hospitalit\u00e9 exerc\u00e9e \u00e0 la Trappe (n\u00b06)<\/p>\n<\/li>\n<li>\n<p style=\"text-align:justify\">Choeur de l&#8217;Abbaye de la Trappe (n\u00b07)<\/p>\n<\/li>\n<li>\n<p style=\"text-align:justify\">Visite de l&#8217;Abbaye des Clairets (n\u00b08)<\/p>\n<\/li>\n<li>\n<p style=\"text-align:justify\">Veu\u00eb de l&#8217;Eglise et des Clo\u00eetres de Notre Dame de la Trappe (n\u00b09)<\/p>\n<\/li>\n<li>\n<p style=\"text-align:justify\">Conversion du Comte de Santena (n\u00b010)<\/p>\n<\/li>\n<li>\n<p style=\"text-align:justify\">Le P\u00e8re Abb\u00e9 de la Trappe tient le chapitre des Coulpes deux fois la semaine<\/p>\n<\/li>\n<li>\n<p style=\"text-align:justify\">Chauffoir des religieux de la Trappe<\/p>\n<\/li>\n<li>\n<p style=\"text-align:justify\">Les Religieux de la Trappe s&#8217;occupent \u00e0 differens ouvrages<\/p>\n<\/li>\n<li>\n<p style=\"text-align:justify\">Lessive des religieux de la Trappe<\/p>\n<\/li>\n<li>\n<p style=\"text-align:justify\">Le Jardin des Perres de la Trappe<\/p>\n<\/li>\n<li>\n<p style=\"text-align:justify\">Boulangerie de la Trappe<\/p>\n<\/li>\n<li>\n<p style=\"text-align:justify\">Vendanges des Religieux de la Trappe<\/p>\n<\/li>\n<li>\n<p style=\"text-align:justify\">Cuisine de la Trappe<\/p>\n<\/li>\n<li>\n<p style=\"text-align:justify\">Infirmerie des Religieux de la Trappe (n\u00b019)<\/p>\n<\/li>\n<li>\n<p style=\"text-align:justify\">Religieux de la Trappe \u00e0 l&#8217;Agonie (n\u00b020)<\/p>\n<\/li>\n<\/ol>\n<p style=\"text-align:justify\"><span style=\"color:black\">At a time when the Council of Trent was bearing fruit and peace had returned between Catholics and Huguenots, a reform movement was sweeping through Cistercian life. Some wanted to rediscover the fervour and customs that had been undermined by the difficulties of the time: this was the movement known as the Strict Observance, which was quickly joined by a man of fiery temperament, Armand-Jean Le Bouthillier de Ranc\u00e9 (1626-1700), from a family of lawyers who had made a name for themselves in Richelieu&#8217;s government. The young man, owner of La Trappe Abbey, began a brilliant ecclesiastical and social career when he was struck by a sudden mystical crisis and withdrew from the world in the spring of 1656. He renounced all his possessions and entered his abbey as a monk, where he was blessed abbot in 1664, imbuing his community with his zeal for God and for the authentic practice of the Rule of St. Benedict and the traditions of the order. However, his interpretation of Tradition was not unanimous. Nevertheless, he continued to fascinate his contemporaries with his fervour for God and his ardent charity, which unfortunately found more expression in his private conversations and correspondence than in his public statements. <\/span>Vocations poured in, but many left, unable to endure such a demanding lifestyle. However, at the end of the 18th century, a particularly unfavourable period for monastic life, the community of La Trappe was still one of the largest in France. (See: Abbaye Notre-Dame de Bon Secours de Blauvac, Ranc\u00e9 abb\u00e9 de La Trappe: la Passion de Dieu).<\/p>\n<p style=\"text-align:justify\">This magnificent suite is very rare; the only copy listed in the Catalogue collectif de France is held at the Biblioth\u00e8que de Carpentras (identical collation, reference 26.697).<\/p>\n<p style=\"text-align:justify\">It is missing from the collection of Henri Tourno\u00fcer, Bibliography and iconography of the Notre-Dame de la Trappe almshouse in the diocese of S\u00e9es, by Dom A.-J. Le Bouthillier de Ranc\u00e9, abbot and reformer of this abbey, and in general of all the monks of the same monastery (Mortagne, Marchand et Gilles, G. Meaux, 1894-1896, 2 vols.).<\/p>\n<p style=\"text-align:justify\">Copies cited: Catalogue of books and prints relating to the fine arts Hippolyte Alexandre Gabriel Walter Destailleurs 1895, no. 389 (20 plates); Library of Baron Bethmann 1923, no. 178 (20 plates); Antiquarisches B\u00fccherlager von Kirchhoff &amp; Wigand in Leipzig 1889 vol. 836, no. 1105 (18 plates). See: Marie-G\u00e9rard Dubois, L\u2019abbaye Notre-Dame de la Trappe, \u00c9ditions Amis du Perche, 2001, pages 41ff.&nbsp;<\/p>\n","protected":false},"excerpt":{"rendered":"<p>In sheets (410 x 284 mm) 20 engraved leaves including the title. Untrimmed.<\/p>\n","protected":false},"featured_media":86805,"comment_status":"open","ping_status":"closed","template":"","meta":{"_acf_changed":false},"product_brand":[],"product_cat":[538],"product_tag":[1240],"class_list":{"0":"post-86981","1":"product","2":"type-product","3":"status-publish","4":"has-post-thumbnail","6":"product_cat-gastronomy","7":"product_tag-18th-century-illustrations","8":"pa_auteur-houliez-pierre-4","9":"pa_type-de-livre-print","11":"first","12":"instock","13":"shipping-taxable","14":"purchasable","15":"product-type-simple"},"acf":{"artist":"Pierre] [HOULIEZ","chapeau":"","adresse_bibliographique":"Paris, Se vend \u00e0 Paris R\u00fce St Jacques, chez J. Guenard, ca. 1700","book_type":"Print","provenance":"","afficher_prix":""},"yoast_head":"<!-- This site is optimized with the Yoast SEO plugin v24.7 - https:\/\/yoast.com\/wordpress\/plugins\/seo\/ -->\n<title>[HOULIEZ Pierre] [ABBAYE NOTRE DAME DE LA TRAPPE] - Tableaux representans au naturel tout ce qui se passe en la maison Dieu N\u00f4tre dame de la Trappe de l&#039;Etroitte observance de l&#039;ordre de Cis-teaux dioc\u00e8se de S\u00e9es, depuis que cette Abhaye a est\u00e9 mise en Regle par Dom Armand Jean de Bouthillier, de Ranc\u00e9 cy devant. Abb\u00e9 Commendataire de la ditte Abbaye, et depuis Abb\u00e9 regulier ayant fait sa profession en l&#039;Abbaye de Perseigne le 6e juin 1664, il mourut dans celle de la Trappe le 27e octobre 1700 \u00e0 deux heures apr\u00e8s midi ag\u00e9 de 74 ans entre les bras de Monseigneur l&#039;Evesque de Sees. Il voulut estre enterr\u00e9 dans le cimeti\u00e8re de la ditte Abbaye. D\u00e9di\u00e9s \u00e0 Monsieur le chevalier de Ranc\u00e9 chevalier de l&#039;Ordre de Saint-Jean de J\u00e9rusalem, Capitaine du Port de Marseille, chef d&#039;escadre des Gal\u00e8res de France. - Libairie Clavreuil<\/title>\n<meta name=\"robots\" content=\"index, follow, max-snippet:-1, max-image-preview:large, max-video-preview:-1\" \/>\n<link rel=\"canonical\" href=\"https:\/\/www.librairieclavreuil.com\/en\/houliez-pierre-abbaye-notre-dame-de-la-trappe-tableaux-representans-au-naturel-tout-ce-qui-se-passe-en-la-maison-dieu-notre-dame-de-la-trappe-de-letroitte-observance-de-lordre-de-cis-teaux-d\/\" \/>\n<meta property=\"og:locale\" content=\"en_US\" \/>\n<meta property=\"og:type\" content=\"article\" \/>\n<meta property=\"og:title\" content=\"[HOULIEZ Pierre] [ABBAYE NOTRE DAME DE LA TRAPPE] - Tableaux representans au naturel tout ce qui se passe en la maison Dieu N\u00f4tre dame de la Trappe de l&#039;Etroitte observance de l&#039;ordre de Cis-teaux dioc\u00e8se de S\u00e9es, depuis que cette Abhaye a est\u00e9 mise en Regle par Dom Armand Jean de Bouthillier, de Ranc\u00e9 cy devant. Abb\u00e9 Commendataire de la ditte Abbaye, et depuis Abb\u00e9 regulier ayant fait sa profession en l&#039;Abbaye de Perseigne le 6e juin 1664, il mourut dans celle de la Trappe le 27e octobre 1700 \u00e0 deux heures apr\u00e8s midi ag\u00e9 de 74 ans entre les bras de Monseigneur l&#039;Evesque de Sees. Il voulut estre enterr\u00e9 dans le cimeti\u00e8re de la ditte Abbaye. D\u00e9di\u00e9s \u00e0 Monsieur le chevalier de Ranc\u00e9 chevalier de l&#039;Ordre de Saint-Jean de J\u00e9rusalem, Capitaine du Port de Marseille, chef d&#039;escadre des Gal\u00e8res de France. - Libairie Clavreuil\" \/>\n<meta property=\"og:description\" content=\"In sheets (410 x 284 mm) 20 engraved leaves including the title. Untrimmed.\" \/>\n<meta property=\"og:url\" content=\"https:\/\/www.librairieclavreuil.com\/en\/houliez-pierre-abbaye-notre-dame-de-la-trappe-tableaux-representans-au-naturel-tout-ce-qui-se-passe-en-la-maison-dieu-notre-dame-de-la-trappe-de-letroitte-observance-de-lordre-de-cis-teaux-d\/\" \/>\n<meta property=\"og:site_name\" content=\"Libairie Clavreuil\" \/>\n<meta property=\"article:modified_time\" content=\"2025-11-18T14:45:40+00:00\" \/>\n<meta property=\"og:image\" content=\"https:\/\/www.librairieclavreuil.com\/wp-content\/uploads\/2025\/06\/pierre-houliez-abbaye-notre-dame-de-la-trappe-tableaux-representans-au-naturel-tout-ce-qui-se-passe-en-la-maison-dieu-notre-dame-de-la-trapp-6841671ae6fe9.jpg\" \/>\n\t<meta property=\"og:image:width\" content=\"622\" \/>\n\t<meta property=\"og:image:height\" content=\"800\" \/>\n\t<meta property=\"og:image:type\" content=\"image\/jpeg\" \/>\n<meta name=\"twitter:card\" content=\"summary_large_image\" \/>\n<meta name=\"twitter:label1\" content=\"Est. reading time\" \/>\n\t<meta name=\"twitter:data1\" content=\"4 minutes\" \/>\n<script type=\"application\/ld+json\" class=\"yoast-schema-graph\">{\"@context\":\"https:\/\/schema.org\",\"@graph\":[{\"@type\":\"WebPage\",\"@id\":\"https:\/\/www.librairieclavreuil.com\/en\/houliez-pierre-abbaye-notre-dame-de-la-trappe-tableaux-representans-au-naturel-tout-ce-qui-se-passe-en-la-maison-dieu-notre-dame-de-la-trappe-de-letroitte-observance-de-lordre-de-cis-teaux-d\/\",\"url\":\"https:\/\/www.librairieclavreuil.com\/en\/houliez-pierre-abbaye-notre-dame-de-la-trappe-tableaux-representans-au-naturel-tout-ce-qui-se-passe-en-la-maison-dieu-notre-dame-de-la-trappe-de-letroitte-observance-de-lordre-de-cis-teaux-d\/\",\"name\":\"[HOULIEZ Pierre] [ABBAYE NOTRE DAME DE LA TRAPPE] - Tableaux representans au naturel tout ce qui se passe en la maison Dieu N\u00f4tre dame de la Trappe de l'Etroitte observance de l'ordre de Cis-teaux dioc\u00e8se de S\u00e9es, depuis que cette Abhaye a est\u00e9 mise en Regle par Dom Armand Jean de Bouthillier, de Ranc\u00e9 cy devant. Abb\u00e9 Commendataire de la ditte Abbaye, et depuis Abb\u00e9 regulier ayant fait sa profession en l'Abbaye de Perseigne le 6e juin 1664, il mourut dans celle de la Trappe le 27e octobre 1700 \u00e0 deux heures apr\u00e8s midi ag\u00e9 de 74 ans entre les bras de Monseigneur l'Evesque de Sees. Il voulut estre enterr\u00e9 dans le cimeti\u00e8re de la ditte Abbaye. D\u00e9di\u00e9s \u00e0 Monsieur le chevalier de Ranc\u00e9 chevalier de l'Ordre de Saint-Jean de J\u00e9rusalem, Capitaine du Port de Marseille, chef d'escadre des Gal\u00e8res de France. - Libairie Clavreuil\",\"isPartOf\":{\"@id\":\"https:\/\/www.librairieclavreuil.com\/#website\"},\"primaryImageOfPage\":{\"@id\":\"https:\/\/www.librairieclavreuil.com\/en\/houliez-pierre-abbaye-notre-dame-de-la-trappe-tableaux-representans-au-naturel-tout-ce-qui-se-passe-en-la-maison-dieu-notre-dame-de-la-trappe-de-letroitte-observance-de-lordre-de-cis-teaux-d\/#primaryimage\"},\"image\":{\"@id\":\"https:\/\/www.librairieclavreuil.com\/en\/houliez-pierre-abbaye-notre-dame-de-la-trappe-tableaux-representans-au-naturel-tout-ce-qui-se-passe-en-la-maison-dieu-notre-dame-de-la-trappe-de-letroitte-observance-de-lordre-de-cis-teaux-d\/#primaryimage\"},\"thumbnailUrl\":\"https:\/\/www.librairieclavreuil.com\/wp-content\/uploads\/2025\/06\/pierre-houliez-abbaye-notre-dame-de-la-trappe-tableaux-representans-au-naturel-tout-ce-qui-se-passe-en-la-maison-dieu-notre-dame-de-la-trapp-6841671ae6fe9.jpg\",\"datePublished\":\"2025-06-05T12:42:11+00:00\",\"dateModified\":\"2025-11-18T14:45:40+00:00\",\"breadcrumb\":{\"@id\":\"https:\/\/www.librairieclavreuil.com\/en\/houliez-pierre-abbaye-notre-dame-de-la-trappe-tableaux-representans-au-naturel-tout-ce-qui-se-passe-en-la-maison-dieu-notre-dame-de-la-trappe-de-letroitte-observance-de-lordre-de-cis-teaux-d\/#breadcrumb\"},\"inLanguage\":\"en-US\",\"potentialAction\":[{\"@type\":\"ReadAction\",\"target\":[\"https:\/\/www.librairieclavreuil.com\/en\/houliez-pierre-abbaye-notre-dame-de-la-trappe-tableaux-representans-au-naturel-tout-ce-qui-se-passe-en-la-maison-dieu-notre-dame-de-la-trappe-de-letroitte-observance-de-lordre-de-cis-teaux-d\/\"]}]},{\"@type\":\"ImageObject\",\"inLanguage\":\"en-US\",\"@id\":\"https:\/\/www.librairieclavreuil.com\/en\/houliez-pierre-abbaye-notre-dame-de-la-trappe-tableaux-representans-au-naturel-tout-ce-qui-se-passe-en-la-maison-dieu-notre-dame-de-la-trappe-de-letroitte-observance-de-lordre-de-cis-teaux-d\/#primaryimage\",\"url\":\"https:\/\/www.librairieclavreuil.com\/wp-content\/uploads\/2025\/06\/pierre-houliez-abbaye-notre-dame-de-la-trappe-tableaux-representans-au-naturel-tout-ce-qui-se-passe-en-la-maison-dieu-notre-dame-de-la-trapp-6841671ae6fe9.jpg\",\"contentUrl\":\"https:\/\/www.librairieclavreuil.com\/wp-content\/uploads\/2025\/06\/pierre-houliez-abbaye-notre-dame-de-la-trappe-tableaux-representans-au-naturel-tout-ce-qui-se-passe-en-la-maison-dieu-notre-dame-de-la-trapp-6841671ae6fe9.jpg\",\"width\":622,\"height\":800},{\"@type\":\"BreadcrumbList\",\"@id\":\"https:\/\/www.librairieclavreuil.com\/en\/houliez-pierre-abbaye-notre-dame-de-la-trappe-tableaux-representans-au-naturel-tout-ce-qui-se-passe-en-la-maison-dieu-notre-dame-de-la-trappe-de-letroitte-observance-de-lordre-de-cis-teaux-d\/#breadcrumb\",\"itemListElement\":[{\"@type\":\"ListItem\",\"position\":1,\"name\":\"Accueil\",\"item\":\"https:\/\/www.librairieclavreuil.com\/\"},{\"@type\":\"ListItem\",\"position\":2,\"name\":\"All our books\",\"item\":\"https:\/\/www.librairieclavreuil.com\/en\/all-our-books\/\"},{\"@type\":\"ListItem\",\"position\":3,\"name\":\"[HOULIEZ Pierre] [ABBAYE NOTRE DAME DE LA TRAPPE]...\"}]},{\"@type\":\"WebSite\",\"@id\":\"https:\/\/www.librairieclavreuil.com\/#website\",\"url\":\"https:\/\/www.librairieclavreuil.com\/\",\"name\":\"Libairie Clavreuil\",\"description\":\"Livres anciens, manuscrits rares et \u00e9ditions originales \u2013 Librairie Clavreuil\",\"publisher\":{\"@id\":\"https:\/\/www.librairieclavreuil.com\/#organization\"},\"potentialAction\":[{\"@type\":\"SearchAction\",\"target\":{\"@type\":\"EntryPoint\",\"urlTemplate\":\"https:\/\/www.librairieclavreuil.com\/?s={search_term_string}\"},\"query-input\":{\"@type\":\"PropertyValueSpecification\",\"valueRequired\":true,\"valueName\":\"search_term_string\"}}],\"inLanguage\":\"en-US\"},{\"@type\":\"Organization\",\"@id\":\"https:\/\/www.librairieclavreuil.com\/#organization\",\"name\":\"Libairie Clavreuil\",\"url\":\"https:\/\/www.librairieclavreuil.com\/\",\"logo\":{\"@type\":\"ImageObject\",\"inLanguage\":\"en-US\",\"@id\":\"https:\/\/www.librairieclavreuil.com\/#\/schema\/logo\/image\/\",\"url\":\"https:\/\/www.librairieclavreuil.com\/wp-content\/uploads\/2021\/06\/cropped-LOGO_PNG_DATE-_gold-512x512-1.png\",\"contentUrl\":\"https:\/\/www.librairieclavreuil.com\/wp-content\/uploads\/2021\/06\/cropped-LOGO_PNG_DATE-_gold-512x512-1.png\",\"width\":512,\"height\":512,\"caption\":\"Libairie Clavreuil\"},\"image\":{\"@id\":\"https:\/\/www.librairieclavreuil.com\/#\/schema\/logo\/image\/\"},\"sameAs\":[\"https:\/\/www.instagram.com\/librairieclavreuil\/\"]}]}<\/script>\n<!-- \/ Yoast SEO plugin. -->","yoast_head_json":{"title":"[HOULIEZ Pierre] [ABBAYE NOTRE DAME DE LA TRAPPE] - Tableaux representans au naturel tout ce qui se passe en la maison Dieu N\u00f4tre dame de la Trappe de l'Etroitte observance de l'ordre de Cis-teaux dioc\u00e8se de S\u00e9es, depuis que cette Abhaye a est\u00e9 mise en Regle par Dom Armand Jean de Bouthillier, de Ranc\u00e9 cy devant. Abb\u00e9 Commendataire de la ditte Abbaye, et depuis Abb\u00e9 regulier ayant fait sa profession en l'Abbaye de Perseigne le 6e juin 1664, il mourut dans celle de la Trappe le 27e octobre 1700 \u00e0 deux heures apr\u00e8s midi ag\u00e9 de 74 ans entre les bras de Monseigneur l'Evesque de Sees. Il voulut estre enterr\u00e9 dans le cimeti\u00e8re de la ditte Abbaye. D\u00e9di\u00e9s \u00e0 Monsieur le chevalier de Ranc\u00e9 chevalier de l'Ordre de Saint-Jean de J\u00e9rusalem, Capitaine du Port de Marseille, chef d'escadre des Gal\u00e8res de France. - Libairie Clavreuil","robots":{"index":"index","follow":"follow","max-snippet":"max-snippet:-1","max-image-preview":"max-image-preview:large","max-video-preview":"max-video-preview:-1"},"canonical":"https:\/\/www.librairieclavreuil.com\/en\/houliez-pierre-abbaye-notre-dame-de-la-trappe-tableaux-representans-au-naturel-tout-ce-qui-se-passe-en-la-maison-dieu-notre-dame-de-la-trappe-de-letroitte-observance-de-lordre-de-cis-teaux-d\/","og_locale":"en_US","og_type":"article","og_title":"[HOULIEZ Pierre] [ABBAYE NOTRE DAME DE LA TRAPPE] - Tableaux representans au naturel tout ce qui se passe en la maison Dieu N\u00f4tre dame de la Trappe de l'Etroitte observance de l'ordre de Cis-teaux dioc\u00e8se de S\u00e9es, depuis que cette Abhaye a est\u00e9 mise en Regle par Dom Armand Jean de Bouthillier, de Ranc\u00e9 cy devant. Abb\u00e9 Commendataire de la ditte Abbaye, et depuis Abb\u00e9 regulier ayant fait sa profession en l'Abbaye de Perseigne le 6e juin 1664, il mourut dans celle de la Trappe le 27e octobre 1700 \u00e0 deux heures apr\u00e8s midi ag\u00e9 de 74 ans entre les bras de Monseigneur l'Evesque de Sees. Il voulut estre enterr\u00e9 dans le cimeti\u00e8re de la ditte Abbaye. D\u00e9di\u00e9s \u00e0 Monsieur le chevalier de Ranc\u00e9 chevalier de l'Ordre de Saint-Jean de J\u00e9rusalem, Capitaine du Port de Marseille, chef d'escadre des Gal\u00e8res de France. - Libairie Clavreuil","og_description":"In sheets (410 x 284 mm) 20 engraved leaves including the title. Untrimmed.","og_url":"https:\/\/www.librairieclavreuil.com\/en\/houliez-pierre-abbaye-notre-dame-de-la-trappe-tableaux-representans-au-naturel-tout-ce-qui-se-passe-en-la-maison-dieu-notre-dame-de-la-trappe-de-letroitte-observance-de-lordre-de-cis-teaux-d\/","og_site_name":"Libairie Clavreuil","article_modified_time":"2025-11-18T14:45:40+00:00","og_image":[{"width":622,"height":800,"url":"https:\/\/www.librairieclavreuil.com\/wp-content\/uploads\/2025\/06\/pierre-houliez-abbaye-notre-dame-de-la-trappe-tableaux-representans-au-naturel-tout-ce-qui-se-passe-en-la-maison-dieu-notre-dame-de-la-trapp-6841671ae6fe9.jpg","type":"image\/jpeg"}],"twitter_card":"summary_large_image","twitter_misc":{"Est. reading time":"4 minutes"},"schema":{"@context":"https:\/\/schema.org","@graph":[{"@type":"WebPage","@id":"https:\/\/www.librairieclavreuil.com\/en\/houliez-pierre-abbaye-notre-dame-de-la-trappe-tableaux-representans-au-naturel-tout-ce-qui-se-passe-en-la-maison-dieu-notre-dame-de-la-trappe-de-letroitte-observance-de-lordre-de-cis-teaux-d\/","url":"https:\/\/www.librairieclavreuil.com\/en\/houliez-pierre-abbaye-notre-dame-de-la-trappe-tableaux-representans-au-naturel-tout-ce-qui-se-passe-en-la-maison-dieu-notre-dame-de-la-trappe-de-letroitte-observance-de-lordre-de-cis-teaux-d\/","name":"[HOULIEZ Pierre] [ABBAYE NOTRE DAME DE LA TRAPPE] - Tableaux representans au naturel tout ce qui se passe en la maison Dieu N\u00f4tre dame de la Trappe de l'Etroitte observance de l'ordre de Cis-teaux dioc\u00e8se de S\u00e9es, depuis que cette Abhaye a est\u00e9 mise en Regle par Dom Armand Jean de Bouthillier, de Ranc\u00e9 cy devant. Abb\u00e9 Commendataire de la ditte Abbaye, et depuis Abb\u00e9 regulier ayant fait sa profession en l'Abbaye de Perseigne le 6e juin 1664, il mourut dans celle de la Trappe le 27e octobre 1700 \u00e0 deux heures apr\u00e8s midi ag\u00e9 de 74 ans entre les bras de Monseigneur l'Evesque de Sees. Il voulut estre enterr\u00e9 dans le cimeti\u00e8re de la ditte Abbaye. D\u00e9di\u00e9s \u00e0 Monsieur le chevalier de Ranc\u00e9 chevalier de l'Ordre de Saint-Jean de J\u00e9rusalem, Capitaine du Port de Marseille, chef d'escadre des Gal\u00e8res de France. - Libairie Clavreuil","isPartOf":{"@id":"https:\/\/www.librairieclavreuil.com\/#website"},"primaryImageOfPage":{"@id":"https:\/\/www.librairieclavreuil.com\/en\/houliez-pierre-abbaye-notre-dame-de-la-trappe-tableaux-representans-au-naturel-tout-ce-qui-se-passe-en-la-maison-dieu-notre-dame-de-la-trappe-de-letroitte-observance-de-lordre-de-cis-teaux-d\/#primaryimage"},"image":{"@id":"https:\/\/www.librairieclavreuil.com\/en\/houliez-pierre-abbaye-notre-dame-de-la-trappe-tableaux-representans-au-naturel-tout-ce-qui-se-passe-en-la-maison-dieu-notre-dame-de-la-trappe-de-letroitte-observance-de-lordre-de-cis-teaux-d\/#primaryimage"},"thumbnailUrl":"https:\/\/www.librairieclavreuil.com\/wp-content\/uploads\/2025\/06\/pierre-houliez-abbaye-notre-dame-de-la-trappe-tableaux-representans-au-naturel-tout-ce-qui-se-passe-en-la-maison-dieu-notre-dame-de-la-trapp-6841671ae6fe9.jpg","datePublished":"2025-06-05T12:42:11+00:00","dateModified":"2025-11-18T14:45:40+00:00","breadcrumb":{"@id":"https:\/\/www.librairieclavreuil.com\/en\/houliez-pierre-abbaye-notre-dame-de-la-trappe-tableaux-representans-au-naturel-tout-ce-qui-se-passe-en-la-maison-dieu-notre-dame-de-la-trappe-de-letroitte-observance-de-lordre-de-cis-teaux-d\/#breadcrumb"},"inLanguage":"en-US","potentialAction":[{"@type":"ReadAction","target":["https:\/\/www.librairieclavreuil.com\/en\/houliez-pierre-abbaye-notre-dame-de-la-trappe-tableaux-representans-au-naturel-tout-ce-qui-se-passe-en-la-maison-dieu-notre-dame-de-la-trappe-de-letroitte-observance-de-lordre-de-cis-teaux-d\/"]}]},{"@type":"ImageObject","inLanguage":"en-US","@id":"https:\/\/www.librairieclavreuil.com\/en\/houliez-pierre-abbaye-notre-dame-de-la-trappe-tableaux-representans-au-naturel-tout-ce-qui-se-passe-en-la-maison-dieu-notre-dame-de-la-trappe-de-letroitte-observance-de-lordre-de-cis-teaux-d\/#primaryimage","url":"https:\/\/www.librairieclavreuil.com\/wp-content\/uploads\/2025\/06\/pierre-houliez-abbaye-notre-dame-de-la-trappe-tableaux-representans-au-naturel-tout-ce-qui-se-passe-en-la-maison-dieu-notre-dame-de-la-trapp-6841671ae6fe9.jpg","contentUrl":"https:\/\/www.librairieclavreuil.com\/wp-content\/uploads\/2025\/06\/pierre-houliez-abbaye-notre-dame-de-la-trappe-tableaux-representans-au-naturel-tout-ce-qui-se-passe-en-la-maison-dieu-notre-dame-de-la-trapp-6841671ae6fe9.jpg","width":622,"height":800},{"@type":"BreadcrumbList","@id":"https:\/\/www.librairieclavreuil.com\/en\/houliez-pierre-abbaye-notre-dame-de-la-trappe-tableaux-representans-au-naturel-tout-ce-qui-se-passe-en-la-maison-dieu-notre-dame-de-la-trappe-de-letroitte-observance-de-lordre-de-cis-teaux-d\/#breadcrumb","itemListElement":[{"@type":"ListItem","position":1,"name":"Accueil","item":"https:\/\/www.librairieclavreuil.com\/"},{"@type":"ListItem","position":2,"name":"All our books","item":"https:\/\/www.librairieclavreuil.com\/en\/all-our-books\/"},{"@type":"ListItem","position":3,"name":"[HOULIEZ Pierre] [ABBAYE NOTRE DAME DE LA TRAPPE]..."}]},{"@type":"WebSite","@id":"https:\/\/www.librairieclavreuil.com\/#website","url":"https:\/\/www.librairieclavreuil.com\/","name":"Libairie Clavreuil","description":"Livres anciens, manuscrits rares et \u00e9ditions originales \u2013 Librairie Clavreuil","publisher":{"@id":"https:\/\/www.librairieclavreuil.com\/#organization"},"potentialAction":[{"@type":"SearchAction","target":{"@type":"EntryPoint","urlTemplate":"https:\/\/www.librairieclavreuil.com\/?s={search_term_string}"},"query-input":{"@type":"PropertyValueSpecification","valueRequired":true,"valueName":"search_term_string"}}],"inLanguage":"en-US"},{"@type":"Organization","@id":"https:\/\/www.librairieclavreuil.com\/#organization","name":"Libairie Clavreuil","url":"https:\/\/www.librairieclavreuil.com\/","logo":{"@type":"ImageObject","inLanguage":"en-US","@id":"https:\/\/www.librairieclavreuil.com\/#\/schema\/logo\/image\/","url":"https:\/\/www.librairieclavreuil.com\/wp-content\/uploads\/2021\/06\/cropped-LOGO_PNG_DATE-_gold-512x512-1.png","contentUrl":"https:\/\/www.librairieclavreuil.com\/wp-content\/uploads\/2021\/06\/cropped-LOGO_PNG_DATE-_gold-512x512-1.png","width":512,"height":512,"caption":"Libairie Clavreuil"},"image":{"@id":"https:\/\/www.librairieclavreuil.com\/#\/schema\/logo\/image\/"},"sameAs":["https:\/\/www.instagram.com\/librairieclavreuil\/"]}]}},"jetpack_sharing_enabled":true,"_links":{"self":[{"href":"https:\/\/www.librairieclavreuil.com\/en\/wp-json\/wp\/v2\/product\/86981","targetHints":{"allow":["GET"]}}],"collection":[{"href":"https:\/\/www.librairieclavreuil.com\/en\/wp-json\/wp\/v2\/product"}],"about":[{"href":"https:\/\/www.librairieclavreuil.com\/en\/wp-json\/wp\/v2\/types\/product"}],"replies":[{"embeddable":true,"href":"https:\/\/www.librairieclavreuil.com\/en\/wp-json\/wp\/v2\/comments?post=86981"}],"wp:featuredmedia":[{"embeddable":true,"href":"https:\/\/www.librairieclavreuil.com\/en\/wp-json\/wp\/v2\/media\/86805"}],"wp:attachment":[{"href":"https:\/\/www.librairieclavreuil.com\/en\/wp-json\/wp\/v2\/media?parent=86981"}],"wp:term":[{"taxonomy":"product_brand","embeddable":true,"href":"https:\/\/www.librairieclavreuil.com\/en\/wp-json\/wp\/v2\/product_brand?post=86981"},{"taxonomy":"product_cat","embeddable":true,"href":"https:\/\/www.librairieclavreuil.com\/en\/wp-json\/wp\/v2\/product_cat?post=86981"},{"taxonomy":"product_tag","embeddable":true,"href":"https:\/\/www.librairieclavreuil.com\/en\/wp-json\/wp\/v2\/product_tag?post=86981"}],"curies":[{"name":"wp","href":"https:\/\/api.w.org\/{rel}","templated":true}]}}