{"id":86947,"date":"2025-06-05T16:00:05","date_gmt":"2025-06-05T14:00:05","guid":{"rendered":"https:\/\/www.librairieclavreuil.com\/tacitus-publius-cornelius-opera-p-cornelii-taciti-libri-quinque-noviter-inventi-atque-cum-reliquis-eius-operibus-editi\/"},"modified":"2025-10-10T14:35:00","modified_gmt":"2025-10-10T12:35:00","slug":"tacitus-publius-cornelius-opera-p-cornelii-taciti-libri-quinque-noviter-inventi-atque-cum-reliquis-eius-operibus-editi","status":"publish","type":"product","link":"https:\/\/www.librairieclavreuil.com\/en\/tacitus-publius-cornelius-opera-p-cornelii-taciti-libri-quinque-noviter-inventi-atque-cum-reliquis-eius-operibus-editi\/","title":{"rendered":"TACITUS Publius Cornelius [Opera]. P. Cornelii Taciti libri..."},"content":{"rendered":"<p style=\"text-align:justify\"><i>Brunet, V, 634 :&#8221;\u00e9dition pr\u00e9cieuse&#8221;; Adams, T-21; Norton, Italian printers, p. 99; Clavreuil &amp; Perier, Les Fran\u00e7ais \u00e0 Rome, n\u00b0 14 : this copy.<\/i><\/p>\n<p style=\"text-align:justify\"><span style=\"font-variant:small-caps\">Editio princeps of Tacitus\u2019 Annals. Fine and important work published in Rome by Etienne Guillery.<\/span><\/p>\n<p style=\"text-align:justify\">\u201cC&#8217;est ici que paraissent pour la premi\u00e8re fois les livres I \u00e0 V des<i> Annales de Tacite,<\/i> ce qui permet de placer cette belle impression romaine parmi les <i>editio princeps\u201d <\/i>(Brunet).<\/p>\n<p style=\"text-align:justify\">The text was prepared by Filippo Beroaldo the Younger (Bologna, 1472\u2013Rome, 1518), a prot\u00e9g\u00e9 of Pope Leo X (Giovanni de&#8217; Medici) who taught rhetoric in Bologna and at La Sapienza University before ending his career as director of the Vatican Library. Beroaldo&#8217;s claim to fame is therefore that he published, in this volume, the first five books of the Annals based on a manuscript discovered in Corvey Abbey (Picardy), which is now kept in Florence (Cod. Mediceo I). The precious volume had been virtually extorted from the Picardy monks by a priest from the diocese of Li\u00e8ge, Jean Heitmers, before falling into the hands of Leo X.<\/p>\n<p style=\"text-align:justify\">The pontiff, fond of books and manuscripts, cared so little about the dubious provenance of this treasure that he declared, in a letter to Heitmers: \u2018We have sent a copy of the corrected and printed book, with a beautiful binding, to the abbot and monks, to take the place of the stolen manuscript in the library. So that they may recognise that this theft has brought them more profit than harm, we have granted them a plenary indulgence for their church.\u2019<\/p>\n<p style=\"text-align:justify\">It should be noted that of the thirty books of Tacitus&#8217; Histories and Annals, more than half have been lost: only the first four books and part of the fifth remain for both works, plus, in the case of the Annals, part of book VI and everything between the second half of book IX and the first half of book XVI. In addition to the Annals and Histories, this volume contains the Life of Agricola, Germania, the Dialogue of the Orators, and introductory pieces (dedication to Leo X, address to the reader, letter from Leo X, etc.).<\/p>\n<p style=\"text-align:justify\">The printing of the work was entrusted to one of the best Roman typographers of the time, the Frenchman \u00c9tienne Guillery (\u2020 1527), originally from Lun\u00e9ville. Guillery settled in Rome in 1506 and was initially a bookseller at the University and a publisher before acquiring the equipment of the printer Johann Besicken and embarking on a career as a typographer in 1509. Between 1510 and 1514, he had Ercole Nani, a printer from Bologna, as his partner; in 1519, he worked briefly with Antonio Blado. His output \u2013 which includes a large number of bulls, speeches, papal prints and other lampoons \u2013 is not always signed.<\/p>\n<p style=\"text-align:justify\">&#8220;Guillereti&#8217;s first work after the end of the partnership [with J. Besicken] was his most important, the edition of Tacitus of 1 March 1515&#8221; (Norton).<\/p>\n<p style=\"text-align:justify\">Of this rare and important edition USTC locates only three institutional copies in the United States: Austin Texas (Harry Ransom), Chicago University, and North Carolina (Chapel Hill),&nbsp;<\/p>\n<p style=\"text-align:justify\">A fine copy with large margins, in an elegant contemporary Italian binding. Handwritten bookplate on the title page and numerous old annotations in the margins; wormholes at the beginning and end of the volume, with no loss of text; small water stains at the edges of the margins on a few pages.<\/p>\n<p style=\"text-align:justify\">From the institutional library of Notre-Dame de la Fl\u00e8che with their stamp on the title.<\/p>\n","protected":false},"excerpt":{"rendered":"<p>Folio (320 x 223 mm) 242 ll. (73 num. l. and 169 nn.ll.). Contemporary brown calf over wooden boards, covers and spine decorated in blind with scrollwork, two of four clasps (one damaged), red edges (skillfully restored), modern red morocco backed clam-shell box.<\/p>\n","protected":false},"featured_media":86938,"comment_status":"open","ping_status":"closed","template":"","meta":{"_acf_changed":false},"product_brand":[],"product_cat":[544],"product_tag":[1243,1267],"class_list":{"0":"post-86947","1":"product","2":"type-product","3":"status-publish","4":"has-post-thumbnail","6":"product_cat-literature","7":"product_tag-16th-century-literature","8":"product_tag-binding","9":"pa_auteur-tacitus-publius-cornelius-2","10":"pa_type-de-livre-printed-book","12":"first","13":"outofstock","14":"shipping-taxable","15":"purchasable","16":"product-type-simple"},"acf":{"artist":" Publius Cornelius TACITUS","chapeau":"","adresse_bibliographique":"Rome, Etienne Guillery, 1515","book_type":"Printed book","provenance":"","afficher_prix":""},"yoast_head":"<!-- This site is optimized with the Yoast SEO plugin v24.7 - https:\/\/yoast.com\/wordpress\/plugins\/seo\/ -->\n<title>TACITUS Publius Cornelius [Opera]. P. Cornelii Taciti libri quinque noviter inventi atque cum reliquis eius operibus editi. - Libairie Clavreuil<\/title>\n<meta name=\"robots\" content=\"index, follow, max-snippet:-1, max-image-preview:large, max-video-preview:-1\" \/>\n<link rel=\"canonical\" href=\"https:\/\/www.librairieclavreuil.com\/en\/tacitus-publius-cornelius-opera-p-cornelii-taciti-libri-quinque-noviter-inventi-atque-cum-reliquis-eius-operibus-editi\/\" \/>\n<meta property=\"og:locale\" content=\"en_US\" \/>\n<meta property=\"og:type\" content=\"article\" \/>\n<meta property=\"og:title\" content=\"TACITUS Publius Cornelius [Opera]. P. Cornelii Taciti libri quinque noviter inventi atque cum reliquis eius operibus editi. - Libairie Clavreuil\" \/>\n<meta property=\"og:description\" content=\"Folio (320 x 223 mm) 242 ll. (73 num. l. and 169 nn.ll.). Contemporary brown calf over wooden boards, covers and spine decorated in blind with scrollwork, two of four clasps (one damaged), red edges (skillfully restored), modern red morocco backed clam-shell box.\" \/>\n<meta property=\"og:url\" content=\"https:\/\/www.librairieclavreuil.com\/en\/tacitus-publius-cornelius-opera-p-cornelii-taciti-libri-quinque-noviter-inventi-atque-cum-reliquis-eius-operibus-editi\/\" \/>\n<meta property=\"og:site_name\" content=\"Libairie Clavreuil\" \/>\n<meta property=\"article:modified_time\" content=\"2025-10-10T12:35:00+00:00\" \/>\n<meta property=\"og:image\" content=\"https:\/\/www.librairieclavreuil.com\/wp-content\/uploads\/2025\/06\/publius-cornelius-tacitus-opera-p-cornelii-taciti-libri-quinque-noviter-inventi-atque-cum-reliquis-eius-operibus-editi-4344-66927bdfb5139.jpg\" \/>\n\t<meta property=\"og:image:width\" content=\"800\" \/>\n\t<meta property=\"og:image:height\" content=\"525\" \/>\n\t<meta property=\"og:image:type\" content=\"image\/jpeg\" \/>\n<meta name=\"twitter:card\" content=\"summary_large_image\" \/>\n<meta name=\"twitter:label1\" content=\"Est. reading time\" \/>\n\t<meta name=\"twitter:data1\" content=\"3 minutes\" \/>\n<script type=\"application\/ld+json\" class=\"yoast-schema-graph\">{\"@context\":\"https:\/\/schema.org\",\"@graph\":[{\"@type\":\"WebPage\",\"@id\":\"https:\/\/www.librairieclavreuil.com\/en\/tacitus-publius-cornelius-opera-p-cornelii-taciti-libri-quinque-noviter-inventi-atque-cum-reliquis-eius-operibus-editi\/\",\"url\":\"https:\/\/www.librairieclavreuil.com\/en\/tacitus-publius-cornelius-opera-p-cornelii-taciti-libri-quinque-noviter-inventi-atque-cum-reliquis-eius-operibus-editi\/\",\"name\":\"TACITUS Publius Cornelius [Opera]. P. Cornelii Taciti libri quinque noviter inventi atque cum reliquis eius operibus editi. - Libairie Clavreuil\",\"isPartOf\":{\"@id\":\"https:\/\/www.librairieclavreuil.com\/#website\"},\"primaryImageOfPage\":{\"@id\":\"https:\/\/www.librairieclavreuil.com\/en\/tacitus-publius-cornelius-opera-p-cornelii-taciti-libri-quinque-noviter-inventi-atque-cum-reliquis-eius-operibus-editi\/#primaryimage\"},\"image\":{\"@id\":\"https:\/\/www.librairieclavreuil.com\/en\/tacitus-publius-cornelius-opera-p-cornelii-taciti-libri-quinque-noviter-inventi-atque-cum-reliquis-eius-operibus-editi\/#primaryimage\"},\"thumbnailUrl\":\"https:\/\/www.librairieclavreuil.com\/wp-content\/uploads\/2025\/06\/publius-cornelius-tacitus-opera-p-cornelii-taciti-libri-quinque-noviter-inventi-atque-cum-reliquis-eius-operibus-editi-4344-66927bdfb5139.jpg\",\"datePublished\":\"2025-06-05T14:00:05+00:00\",\"dateModified\":\"2025-10-10T12:35:00+00:00\",\"breadcrumb\":{\"@id\":\"https:\/\/www.librairieclavreuil.com\/en\/tacitus-publius-cornelius-opera-p-cornelii-taciti-libri-quinque-noviter-inventi-atque-cum-reliquis-eius-operibus-editi\/#breadcrumb\"},\"inLanguage\":\"en-US\",\"potentialAction\":[{\"@type\":\"ReadAction\",\"target\":[\"https:\/\/www.librairieclavreuil.com\/en\/tacitus-publius-cornelius-opera-p-cornelii-taciti-libri-quinque-noviter-inventi-atque-cum-reliquis-eius-operibus-editi\/\"]}]},{\"@type\":\"ImageObject\",\"inLanguage\":\"en-US\",\"@id\":\"https:\/\/www.librairieclavreuil.com\/en\/tacitus-publius-cornelius-opera-p-cornelii-taciti-libri-quinque-noviter-inventi-atque-cum-reliquis-eius-operibus-editi\/#primaryimage\",\"url\":\"https:\/\/www.librairieclavreuil.com\/wp-content\/uploads\/2025\/06\/publius-cornelius-tacitus-opera-p-cornelii-taciti-libri-quinque-noviter-inventi-atque-cum-reliquis-eius-operibus-editi-4344-66927bdfb5139.jpg\",\"contentUrl\":\"https:\/\/www.librairieclavreuil.com\/wp-content\/uploads\/2025\/06\/publius-cornelius-tacitus-opera-p-cornelii-taciti-libri-quinque-noviter-inventi-atque-cum-reliquis-eius-operibus-editi-4344-66927bdfb5139.jpg\",\"width\":800,\"height\":525},{\"@type\":\"BreadcrumbList\",\"@id\":\"https:\/\/www.librairieclavreuil.com\/en\/tacitus-publius-cornelius-opera-p-cornelii-taciti-libri-quinque-noviter-inventi-atque-cum-reliquis-eius-operibus-editi\/#breadcrumb\",\"itemListElement\":[{\"@type\":\"ListItem\",\"position\":1,\"name\":\"Accueil\",\"item\":\"https:\/\/www.librairieclavreuil.com\/\"},{\"@type\":\"ListItem\",\"position\":2,\"name\":\"All our books\",\"item\":\"https:\/\/www.librairieclavreuil.com\/en\/all-our-books\/\"},{\"@type\":\"ListItem\",\"position\":3,\"name\":\"TACITUS Publius Cornelius [Opera]. P. Cornelii Taciti libri...\"}]},{\"@type\":\"WebSite\",\"@id\":\"https:\/\/www.librairieclavreuil.com\/#website\",\"url\":\"https:\/\/www.librairieclavreuil.com\/\",\"name\":\"Libairie Clavreuil\",\"description\":\"Livres anciens, manuscrits rares et \u00e9ditions originales \u2013 Librairie Clavreuil\",\"publisher\":{\"@id\":\"https:\/\/www.librairieclavreuil.com\/#organization\"},\"potentialAction\":[{\"@type\":\"SearchAction\",\"target\":{\"@type\":\"EntryPoint\",\"urlTemplate\":\"https:\/\/www.librairieclavreuil.com\/?s={search_term_string}\"},\"query-input\":{\"@type\":\"PropertyValueSpecification\",\"valueRequired\":true,\"valueName\":\"search_term_string\"}}],\"inLanguage\":\"en-US\"},{\"@type\":\"Organization\",\"@id\":\"https:\/\/www.librairieclavreuil.com\/#organization\",\"name\":\"Libairie Clavreuil\",\"url\":\"https:\/\/www.librairieclavreuil.com\/\",\"logo\":{\"@type\":\"ImageObject\",\"inLanguage\":\"en-US\",\"@id\":\"https:\/\/www.librairieclavreuil.com\/#\/schema\/logo\/image\/\",\"url\":\"https:\/\/www.librairieclavreuil.com\/wp-content\/uploads\/2021\/06\/cropped-LOGO_PNG_DATE-_gold-512x512-1.png\",\"contentUrl\":\"https:\/\/www.librairieclavreuil.com\/wp-content\/uploads\/2021\/06\/cropped-LOGO_PNG_DATE-_gold-512x512-1.png\",\"width\":512,\"height\":512,\"caption\":\"Libairie Clavreuil\"},\"image\":{\"@id\":\"https:\/\/www.librairieclavreuil.com\/#\/schema\/logo\/image\/\"},\"sameAs\":[\"https:\/\/www.instagram.com\/librairieclavreuil\/\"]}]}<\/script>\n<!-- \/ Yoast SEO plugin. -->","yoast_head_json":{"title":"TACITUS Publius Cornelius [Opera]. P. Cornelii Taciti libri quinque noviter inventi atque cum reliquis eius operibus editi. - Libairie Clavreuil","robots":{"index":"index","follow":"follow","max-snippet":"max-snippet:-1","max-image-preview":"max-image-preview:large","max-video-preview":"max-video-preview:-1"},"canonical":"https:\/\/www.librairieclavreuil.com\/en\/tacitus-publius-cornelius-opera-p-cornelii-taciti-libri-quinque-noviter-inventi-atque-cum-reliquis-eius-operibus-editi\/","og_locale":"en_US","og_type":"article","og_title":"TACITUS Publius Cornelius [Opera]. P. Cornelii Taciti libri quinque noviter inventi atque cum reliquis eius operibus editi. - Libairie Clavreuil","og_description":"Folio (320 x 223 mm) 242 ll. (73 num. l. and 169 nn.ll.). Contemporary brown calf over wooden boards, covers and spine decorated in blind with scrollwork, two of four clasps (one damaged), red edges (skillfully restored), modern red morocco backed clam-shell box.","og_url":"https:\/\/www.librairieclavreuil.com\/en\/tacitus-publius-cornelius-opera-p-cornelii-taciti-libri-quinque-noviter-inventi-atque-cum-reliquis-eius-operibus-editi\/","og_site_name":"Libairie Clavreuil","article_modified_time":"2025-10-10T12:35:00+00:00","og_image":[{"width":800,"height":525,"url":"https:\/\/www.librairieclavreuil.com\/wp-content\/uploads\/2025\/06\/publius-cornelius-tacitus-opera-p-cornelii-taciti-libri-quinque-noviter-inventi-atque-cum-reliquis-eius-operibus-editi-4344-66927bdfb5139.jpg","type":"image\/jpeg"}],"twitter_card":"summary_large_image","twitter_misc":{"Est. reading time":"3 minutes"},"schema":{"@context":"https:\/\/schema.org","@graph":[{"@type":"WebPage","@id":"https:\/\/www.librairieclavreuil.com\/en\/tacitus-publius-cornelius-opera-p-cornelii-taciti-libri-quinque-noviter-inventi-atque-cum-reliquis-eius-operibus-editi\/","url":"https:\/\/www.librairieclavreuil.com\/en\/tacitus-publius-cornelius-opera-p-cornelii-taciti-libri-quinque-noviter-inventi-atque-cum-reliquis-eius-operibus-editi\/","name":"TACITUS Publius Cornelius [Opera]. P. Cornelii Taciti libri quinque noviter inventi atque cum reliquis eius operibus editi. - Libairie Clavreuil","isPartOf":{"@id":"https:\/\/www.librairieclavreuil.com\/#website"},"primaryImageOfPage":{"@id":"https:\/\/www.librairieclavreuil.com\/en\/tacitus-publius-cornelius-opera-p-cornelii-taciti-libri-quinque-noviter-inventi-atque-cum-reliquis-eius-operibus-editi\/#primaryimage"},"image":{"@id":"https:\/\/www.librairieclavreuil.com\/en\/tacitus-publius-cornelius-opera-p-cornelii-taciti-libri-quinque-noviter-inventi-atque-cum-reliquis-eius-operibus-editi\/#primaryimage"},"thumbnailUrl":"https:\/\/www.librairieclavreuil.com\/wp-content\/uploads\/2025\/06\/publius-cornelius-tacitus-opera-p-cornelii-taciti-libri-quinque-noviter-inventi-atque-cum-reliquis-eius-operibus-editi-4344-66927bdfb5139.jpg","datePublished":"2025-06-05T14:00:05+00:00","dateModified":"2025-10-10T12:35:00+00:00","breadcrumb":{"@id":"https:\/\/www.librairieclavreuil.com\/en\/tacitus-publius-cornelius-opera-p-cornelii-taciti-libri-quinque-noviter-inventi-atque-cum-reliquis-eius-operibus-editi\/#breadcrumb"},"inLanguage":"en-US","potentialAction":[{"@type":"ReadAction","target":["https:\/\/www.librairieclavreuil.com\/en\/tacitus-publius-cornelius-opera-p-cornelii-taciti-libri-quinque-noviter-inventi-atque-cum-reliquis-eius-operibus-editi\/"]}]},{"@type":"ImageObject","inLanguage":"en-US","@id":"https:\/\/www.librairieclavreuil.com\/en\/tacitus-publius-cornelius-opera-p-cornelii-taciti-libri-quinque-noviter-inventi-atque-cum-reliquis-eius-operibus-editi\/#primaryimage","url":"https:\/\/www.librairieclavreuil.com\/wp-content\/uploads\/2025\/06\/publius-cornelius-tacitus-opera-p-cornelii-taciti-libri-quinque-noviter-inventi-atque-cum-reliquis-eius-operibus-editi-4344-66927bdfb5139.jpg","contentUrl":"https:\/\/www.librairieclavreuil.com\/wp-content\/uploads\/2025\/06\/publius-cornelius-tacitus-opera-p-cornelii-taciti-libri-quinque-noviter-inventi-atque-cum-reliquis-eius-operibus-editi-4344-66927bdfb5139.jpg","width":800,"height":525},{"@type":"BreadcrumbList","@id":"https:\/\/www.librairieclavreuil.com\/en\/tacitus-publius-cornelius-opera-p-cornelii-taciti-libri-quinque-noviter-inventi-atque-cum-reliquis-eius-operibus-editi\/#breadcrumb","itemListElement":[{"@type":"ListItem","position":1,"name":"Accueil","item":"https:\/\/www.librairieclavreuil.com\/"},{"@type":"ListItem","position":2,"name":"All our books","item":"https:\/\/www.librairieclavreuil.com\/en\/all-our-books\/"},{"@type":"ListItem","position":3,"name":"TACITUS Publius Cornelius [Opera]. P. Cornelii Taciti libri..."}]},{"@type":"WebSite","@id":"https:\/\/www.librairieclavreuil.com\/#website","url":"https:\/\/www.librairieclavreuil.com\/","name":"Libairie Clavreuil","description":"Livres anciens, manuscrits rares et \u00e9ditions originales \u2013 Librairie Clavreuil","publisher":{"@id":"https:\/\/www.librairieclavreuil.com\/#organization"},"potentialAction":[{"@type":"SearchAction","target":{"@type":"EntryPoint","urlTemplate":"https:\/\/www.librairieclavreuil.com\/?s={search_term_string}"},"query-input":{"@type":"PropertyValueSpecification","valueRequired":true,"valueName":"search_term_string"}}],"inLanguage":"en-US"},{"@type":"Organization","@id":"https:\/\/www.librairieclavreuil.com\/#organization","name":"Libairie Clavreuil","url":"https:\/\/www.librairieclavreuil.com\/","logo":{"@type":"ImageObject","inLanguage":"en-US","@id":"https:\/\/www.librairieclavreuil.com\/#\/schema\/logo\/image\/","url":"https:\/\/www.librairieclavreuil.com\/wp-content\/uploads\/2021\/06\/cropped-LOGO_PNG_DATE-_gold-512x512-1.png","contentUrl":"https:\/\/www.librairieclavreuil.com\/wp-content\/uploads\/2021\/06\/cropped-LOGO_PNG_DATE-_gold-512x512-1.png","width":512,"height":512,"caption":"Libairie Clavreuil"},"image":{"@id":"https:\/\/www.librairieclavreuil.com\/#\/schema\/logo\/image\/"},"sameAs":["https:\/\/www.instagram.com\/librairieclavreuil\/"]}]}},"jetpack_sharing_enabled":true,"_links":{"self":[{"href":"https:\/\/www.librairieclavreuil.com\/en\/wp-json\/wp\/v2\/product\/86947","targetHints":{"allow":["GET"]}}],"collection":[{"href":"https:\/\/www.librairieclavreuil.com\/en\/wp-json\/wp\/v2\/product"}],"about":[{"href":"https:\/\/www.librairieclavreuil.com\/en\/wp-json\/wp\/v2\/types\/product"}],"replies":[{"embeddable":true,"href":"https:\/\/www.librairieclavreuil.com\/en\/wp-json\/wp\/v2\/comments?post=86947"}],"wp:featuredmedia":[{"embeddable":true,"href":"https:\/\/www.librairieclavreuil.com\/en\/wp-json\/wp\/v2\/media\/86938"}],"wp:attachment":[{"href":"https:\/\/www.librairieclavreuil.com\/en\/wp-json\/wp\/v2\/media?parent=86947"}],"wp:term":[{"taxonomy":"product_brand","embeddable":true,"href":"https:\/\/www.librairieclavreuil.com\/en\/wp-json\/wp\/v2\/product_brand?post=86947"},{"taxonomy":"product_cat","embeddable":true,"href":"https:\/\/www.librairieclavreuil.com\/en\/wp-json\/wp\/v2\/product_cat?post=86947"},{"taxonomy":"product_tag","embeddable":true,"href":"https:\/\/www.librairieclavreuil.com\/en\/wp-json\/wp\/v2\/product_tag?post=86947"}],"curies":[{"name":"wp","href":"https:\/\/api.w.org\/{rel}","templated":true}]}}