{"id":86909,"date":"2025-06-05T15:53:41","date_gmt":"2025-06-05T13:53:41","guid":{"rendered":"https:\/\/www.librairieclavreuil.com\/pausanias-oeuvres-en-grec\/"},"modified":"2025-10-10T13:54:17","modified_gmt":"2025-10-10T11:54:17","slug":"pausanias-oeuvres-en-grec","status":"publish","type":"product","link":"https:\/\/www.librairieclavreuil.com\/en\/pausanias-oeuvres-en-grec\/","title":{"rendered":"PAUSANIAS [\u0152uvres, en grec]."},"content":{"rendered":"<p style=\"text-align:justify\"><i>Ahmansson-Murphy 146 ; Renouard, Alde, 76\/3 ; Adams P-496; see Blackmer, 1273 (only the late Greek edition, Leipzig, 1699).<\/i><\/p>\n<p style=\"text-align:justify\"><i><span style=\"font-variant:small-caps\">Editio princeps<\/span><\/i><span style=\"font-variant:small-caps\"> edited by Marcus Musurus.<\/span><\/p>\n<p style=\"text-align:justify\">Pausanias&#8217;s Description of Greece is a second-century guide-book to the Peloponnese and Northern Greece. Based on his own travels, it describes the historical sights and natural phenomena of these regions, for example the great tortoises of Arcadia, the white blackbirds of Mount Cyllene and the wild strawberries of Helicon. He always shows a particular interest in the history of both the sites and customs that he observes. Aldus had been planning to publish this text for a long time, and we know from a letter of 1502 that he thanked Johannes Calpurnius for the loan of his manuscript. The edition was compiled by Marcus Musurus from the fifteenth-century manuscript now in Florence.<\/p>\n<p style=\"text-align:justify\">This beautiful book is considered by N.G. Wilson (From Byzanthium to Italy, p.155) as &nbsp;&#8220;one of the best of the editiones principes&#8221;.<\/p>\n<p style=\"text-align:justify\">In his dedication, Musurus praises Lascaris for his tireless efforts to free Greece from Turkish occupation and for his intellectual assistance to the Greeks of Venice and elsewhere.&nbsp;<\/p>\n<p style=\"text-align:justify\">A fine copy printed on fine paper.<\/p>\n<p style=\"text-align:justify\">It could be a copy on large paper of which Renouard notes:&nbsp;&#8220;J&#8217;ai d\u00e9j\u00e0 fait plus haut une remarque qu&#8217;il ne sera pas mal-\u00e0-propos de r\u00e9it\u00e9rer ici, c&#8217;est que dans l&#8217;ann\u00e9e 1514, et quelques unes des suivantes, il a \u00e9t\u00e9 imprim\u00e9 de plusieurs de ces \u00e9ditions in-folio quelques exemplaires sur un papier plus grand, plus fort et d&#8217;une beaut\u00e9 remarquable&#8221;.&nbsp;<\/p>\n<p style=\"text-align:justify\">Some old notes on the first 10 pages.<\/p>\n<p style=\"text-align:justify\">From the library of John Albert Spranger, Trinity College Cambridge (bookplate on front board and rubber stamp on title).<\/p>\n","protected":false},"excerpt":{"rendered":"<p>&nbsp;Folio (311 x 218 mm) 2 nn.ll., 282 pp., 1 nn.l. with the printer&#8217;s device. Contemporary limp vellum (<i>rebacked, new endpapers<\/i>).<\/p>\n","protected":false},"featured_media":86900,"comment_status":"open","ping_status":"closed","template":"","meta":{"_acf_changed":false},"product_brand":[],"product_cat":[544],"product_tag":[1234,1250,1518],"class_list":{"0":"post-86909","1":"product","2":"type-product","3":"status-publish","4":"has-post-thumbnail","6":"product_cat-literature","7":"product_tag-aldus","8":"product_tag-greek","9":"product_tag-large-paper","10":"pa_auteur-pausanias-2","11":"pa_type-de-livre-printed-book","13":"first","14":"instock","15":"shipping-taxable","16":"purchasable","17":"product-type-simple"},"acf":{"artist":"PAUSANIAS","chapeau":"","adresse_bibliographique":"Venise, Aldus Manutius, 1516","book_type":"Printed book","provenance":"","afficher_prix":""},"yoast_head":"<!-- This site is optimized with the Yoast SEO plugin v24.7 - https:\/\/yoast.com\/wordpress\/plugins\/seo\/ -->\n<title>PAUSANIAS  [\u0152uvres, en grec]. - Libairie Clavreuil<\/title>\n<meta name=\"robots\" content=\"index, follow, max-snippet:-1, max-image-preview:large, max-video-preview:-1\" \/>\n<link rel=\"canonical\" href=\"https:\/\/www.librairieclavreuil.com\/en\/pausanias-oeuvres-en-grec\/\" \/>\n<meta property=\"og:locale\" content=\"en_US\" \/>\n<meta property=\"og:type\" content=\"article\" \/>\n<meta property=\"og:title\" content=\"PAUSANIAS  [\u0152uvres, en grec]. - Libairie Clavreuil\" \/>\n<meta property=\"og:description\" content=\"&nbsp;Folio (311 x 218 mm) 2 nn.ll., 282 pp., 1 nn.l. with the printer&#039;s device. Contemporary limp vellum (rebacked, new endpapers).\" \/>\n<meta property=\"og:url\" content=\"https:\/\/www.librairieclavreuil.com\/en\/pausanias-oeuvres-en-grec\/\" \/>\n<meta property=\"og:site_name\" content=\"Libairie Clavreuil\" \/>\n<meta property=\"article:modified_time\" content=\"2025-10-10T11:54:17+00:00\" \/>\n<meta property=\"og:image\" content=\"https:\/\/www.librairieclavreuil.com\/wp-content\/uploads\/2025\/06\/pausanias-oeuvres-en-grec-4748-66927878bc1bb.jpg\" \/>\n\t<meta property=\"og:image:width\" content=\"574\" \/>\n\t<meta property=\"og:image:height\" content=\"800\" \/>\n\t<meta property=\"og:image:type\" content=\"image\/jpeg\" \/>\n<meta name=\"twitter:card\" content=\"summary_large_image\" \/>\n<meta name=\"twitter:label1\" content=\"Est. reading time\" \/>\n\t<meta name=\"twitter:data1\" content=\"1 minute\" \/>\n<script type=\"application\/ld+json\" class=\"yoast-schema-graph\">{\"@context\":\"https:\/\/schema.org\",\"@graph\":[{\"@type\":\"WebPage\",\"@id\":\"https:\/\/www.librairieclavreuil.com\/en\/pausanias-oeuvres-en-grec\/\",\"url\":\"https:\/\/www.librairieclavreuil.com\/en\/pausanias-oeuvres-en-grec\/\",\"name\":\"PAUSANIAS [\u0152uvres, en grec]. - Libairie Clavreuil\",\"isPartOf\":{\"@id\":\"https:\/\/www.librairieclavreuil.com\/#website\"},\"primaryImageOfPage\":{\"@id\":\"https:\/\/www.librairieclavreuil.com\/en\/pausanias-oeuvres-en-grec\/#primaryimage\"},\"image\":{\"@id\":\"https:\/\/www.librairieclavreuil.com\/en\/pausanias-oeuvres-en-grec\/#primaryimage\"},\"thumbnailUrl\":\"https:\/\/www.librairieclavreuil.com\/wp-content\/uploads\/2025\/06\/pausanias-oeuvres-en-grec-4748-66927878bc1bb.jpg\",\"datePublished\":\"2025-06-05T13:53:41+00:00\",\"dateModified\":\"2025-10-10T11:54:17+00:00\",\"breadcrumb\":{\"@id\":\"https:\/\/www.librairieclavreuil.com\/en\/pausanias-oeuvres-en-grec\/#breadcrumb\"},\"inLanguage\":\"en-US\",\"potentialAction\":[{\"@type\":\"ReadAction\",\"target\":[\"https:\/\/www.librairieclavreuil.com\/en\/pausanias-oeuvres-en-grec\/\"]}]},{\"@type\":\"ImageObject\",\"inLanguage\":\"en-US\",\"@id\":\"https:\/\/www.librairieclavreuil.com\/en\/pausanias-oeuvres-en-grec\/#primaryimage\",\"url\":\"https:\/\/www.librairieclavreuil.com\/wp-content\/uploads\/2025\/06\/pausanias-oeuvres-en-grec-4748-66927878bc1bb.jpg\",\"contentUrl\":\"https:\/\/www.librairieclavreuil.com\/wp-content\/uploads\/2025\/06\/pausanias-oeuvres-en-grec-4748-66927878bc1bb.jpg\",\"width\":574,\"height\":800},{\"@type\":\"BreadcrumbList\",\"@id\":\"https:\/\/www.librairieclavreuil.com\/en\/pausanias-oeuvres-en-grec\/#breadcrumb\",\"itemListElement\":[{\"@type\":\"ListItem\",\"position\":1,\"name\":\"Accueil\",\"item\":\"https:\/\/www.librairieclavreuil.com\/\"},{\"@type\":\"ListItem\",\"position\":2,\"name\":\"All our books\",\"item\":\"https:\/\/www.librairieclavreuil.com\/en\/all-our-books\/\"},{\"@type\":\"ListItem\",\"position\":3,\"name\":\"PAUSANIAS [\u0152uvres, en grec].\"}]},{\"@type\":\"WebSite\",\"@id\":\"https:\/\/www.librairieclavreuil.com\/#website\",\"url\":\"https:\/\/www.librairieclavreuil.com\/\",\"name\":\"Libairie Clavreuil\",\"description\":\"Livres anciens, manuscrits rares et \u00e9ditions originales \u2013 Librairie Clavreuil\",\"publisher\":{\"@id\":\"https:\/\/www.librairieclavreuil.com\/#organization\"},\"potentialAction\":[{\"@type\":\"SearchAction\",\"target\":{\"@type\":\"EntryPoint\",\"urlTemplate\":\"https:\/\/www.librairieclavreuil.com\/?s={search_term_string}\"},\"query-input\":{\"@type\":\"PropertyValueSpecification\",\"valueRequired\":true,\"valueName\":\"search_term_string\"}}],\"inLanguage\":\"en-US\"},{\"@type\":\"Organization\",\"@id\":\"https:\/\/www.librairieclavreuil.com\/#organization\",\"name\":\"Libairie Clavreuil\",\"url\":\"https:\/\/www.librairieclavreuil.com\/\",\"logo\":{\"@type\":\"ImageObject\",\"inLanguage\":\"en-US\",\"@id\":\"https:\/\/www.librairieclavreuil.com\/#\/schema\/logo\/image\/\",\"url\":\"https:\/\/www.librairieclavreuil.com\/wp-content\/uploads\/2021\/06\/cropped-LOGO_PNG_DATE-_gold-512x512-1.png\",\"contentUrl\":\"https:\/\/www.librairieclavreuil.com\/wp-content\/uploads\/2021\/06\/cropped-LOGO_PNG_DATE-_gold-512x512-1.png\",\"width\":512,\"height\":512,\"caption\":\"Libairie Clavreuil\"},\"image\":{\"@id\":\"https:\/\/www.librairieclavreuil.com\/#\/schema\/logo\/image\/\"},\"sameAs\":[\"https:\/\/www.instagram.com\/librairieclavreuil\/\"]}]}<\/script>\n<!-- \/ Yoast SEO plugin. -->","yoast_head_json":{"title":"PAUSANIAS  [\u0152uvres, en grec]. - Libairie Clavreuil","robots":{"index":"index","follow":"follow","max-snippet":"max-snippet:-1","max-image-preview":"max-image-preview:large","max-video-preview":"max-video-preview:-1"},"canonical":"https:\/\/www.librairieclavreuil.com\/en\/pausanias-oeuvres-en-grec\/","og_locale":"en_US","og_type":"article","og_title":"PAUSANIAS  [\u0152uvres, en grec]. - Libairie Clavreuil","og_description":"&nbsp;Folio (311 x 218 mm) 2 nn.ll., 282 pp., 1 nn.l. with the printer's device. Contemporary limp vellum (rebacked, new endpapers).","og_url":"https:\/\/www.librairieclavreuil.com\/en\/pausanias-oeuvres-en-grec\/","og_site_name":"Libairie Clavreuil","article_modified_time":"2025-10-10T11:54:17+00:00","og_image":[{"width":574,"height":800,"url":"https:\/\/www.librairieclavreuil.com\/wp-content\/uploads\/2025\/06\/pausanias-oeuvres-en-grec-4748-66927878bc1bb.jpg","type":"image\/jpeg"}],"twitter_card":"summary_large_image","twitter_misc":{"Est. reading time":"1 minute"},"schema":{"@context":"https:\/\/schema.org","@graph":[{"@type":"WebPage","@id":"https:\/\/www.librairieclavreuil.com\/en\/pausanias-oeuvres-en-grec\/","url":"https:\/\/www.librairieclavreuil.com\/en\/pausanias-oeuvres-en-grec\/","name":"PAUSANIAS [\u0152uvres, en grec]. - Libairie Clavreuil","isPartOf":{"@id":"https:\/\/www.librairieclavreuil.com\/#website"},"primaryImageOfPage":{"@id":"https:\/\/www.librairieclavreuil.com\/en\/pausanias-oeuvres-en-grec\/#primaryimage"},"image":{"@id":"https:\/\/www.librairieclavreuil.com\/en\/pausanias-oeuvres-en-grec\/#primaryimage"},"thumbnailUrl":"https:\/\/www.librairieclavreuil.com\/wp-content\/uploads\/2025\/06\/pausanias-oeuvres-en-grec-4748-66927878bc1bb.jpg","datePublished":"2025-06-05T13:53:41+00:00","dateModified":"2025-10-10T11:54:17+00:00","breadcrumb":{"@id":"https:\/\/www.librairieclavreuil.com\/en\/pausanias-oeuvres-en-grec\/#breadcrumb"},"inLanguage":"en-US","potentialAction":[{"@type":"ReadAction","target":["https:\/\/www.librairieclavreuil.com\/en\/pausanias-oeuvres-en-grec\/"]}]},{"@type":"ImageObject","inLanguage":"en-US","@id":"https:\/\/www.librairieclavreuil.com\/en\/pausanias-oeuvres-en-grec\/#primaryimage","url":"https:\/\/www.librairieclavreuil.com\/wp-content\/uploads\/2025\/06\/pausanias-oeuvres-en-grec-4748-66927878bc1bb.jpg","contentUrl":"https:\/\/www.librairieclavreuil.com\/wp-content\/uploads\/2025\/06\/pausanias-oeuvres-en-grec-4748-66927878bc1bb.jpg","width":574,"height":800},{"@type":"BreadcrumbList","@id":"https:\/\/www.librairieclavreuil.com\/en\/pausanias-oeuvres-en-grec\/#breadcrumb","itemListElement":[{"@type":"ListItem","position":1,"name":"Accueil","item":"https:\/\/www.librairieclavreuil.com\/"},{"@type":"ListItem","position":2,"name":"All our books","item":"https:\/\/www.librairieclavreuil.com\/en\/all-our-books\/"},{"@type":"ListItem","position":3,"name":"PAUSANIAS [\u0152uvres, en grec]."}]},{"@type":"WebSite","@id":"https:\/\/www.librairieclavreuil.com\/#website","url":"https:\/\/www.librairieclavreuil.com\/","name":"Libairie Clavreuil","description":"Livres anciens, manuscrits rares et \u00e9ditions originales \u2013 Librairie Clavreuil","publisher":{"@id":"https:\/\/www.librairieclavreuil.com\/#organization"},"potentialAction":[{"@type":"SearchAction","target":{"@type":"EntryPoint","urlTemplate":"https:\/\/www.librairieclavreuil.com\/?s={search_term_string}"},"query-input":{"@type":"PropertyValueSpecification","valueRequired":true,"valueName":"search_term_string"}}],"inLanguage":"en-US"},{"@type":"Organization","@id":"https:\/\/www.librairieclavreuil.com\/#organization","name":"Libairie Clavreuil","url":"https:\/\/www.librairieclavreuil.com\/","logo":{"@type":"ImageObject","inLanguage":"en-US","@id":"https:\/\/www.librairieclavreuil.com\/#\/schema\/logo\/image\/","url":"https:\/\/www.librairieclavreuil.com\/wp-content\/uploads\/2021\/06\/cropped-LOGO_PNG_DATE-_gold-512x512-1.png","contentUrl":"https:\/\/www.librairieclavreuil.com\/wp-content\/uploads\/2021\/06\/cropped-LOGO_PNG_DATE-_gold-512x512-1.png","width":512,"height":512,"caption":"Libairie Clavreuil"},"image":{"@id":"https:\/\/www.librairieclavreuil.com\/#\/schema\/logo\/image\/"},"sameAs":["https:\/\/www.instagram.com\/librairieclavreuil\/"]}]}},"jetpack_sharing_enabled":true,"_links":{"self":[{"href":"https:\/\/www.librairieclavreuil.com\/en\/wp-json\/wp\/v2\/product\/86909","targetHints":{"allow":["GET"]}}],"collection":[{"href":"https:\/\/www.librairieclavreuil.com\/en\/wp-json\/wp\/v2\/product"}],"about":[{"href":"https:\/\/www.librairieclavreuil.com\/en\/wp-json\/wp\/v2\/types\/product"}],"replies":[{"embeddable":true,"href":"https:\/\/www.librairieclavreuil.com\/en\/wp-json\/wp\/v2\/comments?post=86909"}],"wp:featuredmedia":[{"embeddable":true,"href":"https:\/\/www.librairieclavreuil.com\/en\/wp-json\/wp\/v2\/media\/86900"}],"wp:attachment":[{"href":"https:\/\/www.librairieclavreuil.com\/en\/wp-json\/wp\/v2\/media?parent=86909"}],"wp:term":[{"taxonomy":"product_brand","embeddable":true,"href":"https:\/\/www.librairieclavreuil.com\/en\/wp-json\/wp\/v2\/product_brand?post=86909"},{"taxonomy":"product_cat","embeddable":true,"href":"https:\/\/www.librairieclavreuil.com\/en\/wp-json\/wp\/v2\/product_cat?post=86909"},{"taxonomy":"product_tag","embeddable":true,"href":"https:\/\/www.librairieclavreuil.com\/en\/wp-json\/wp\/v2\/product_tag?post=86909"}],"curies":[{"name":"wp","href":"https:\/\/api.w.org\/{rel}","templated":true}]}}