{"id":86701,"date":"2025-06-05T13:31:05","date_gmt":"2025-06-05T11:31:05","guid":{"rendered":"https:\/\/www.librairieclavreuil.com\/colletet-francois-le-tracas-de-paris-ou-la-seconde-partie-de-la-ville-de-paris-en-vers-burlesques-contenant-la-foire-saint-laurent-les-marionettes-les-subtilitez-du-pont-neuf-le-depart-des-coc\/"},"modified":"2025-06-10T11:40:34","modified_gmt":"2025-06-10T09:40:34","slug":"colletet-francois-le-tracas-de-paris-ou-la-seconde-partie-de-la-ville-de-paris-en-vers-burlesques-contenant-la-foire-saint-laurent-les-marionettes-les-subtilitez-du-pont-neuf-le-depart-des-coc","status":"publish","type":"product","link":"https:\/\/www.librairieclavreuil.com\/en\/colletet-francois-le-tracas-de-paris-ou-la-seconde-partie-de-la-ville-de-paris-en-vers-burlesques-contenant-la-foire-saint-laurent-les-marionettes-les-subtilitez-du-pont-neuf-le-depart-des-coc\/","title":{"rendered":"COLLETET Fran\u00e7ois Le tracas de Paris, ou La..."},"content":{"rendered":"<p style=\"text-align:justify\"><i>Lacombe, Bibliographie Parisienne, 50; Brunet 1, 818; Catalogue des livres rares et pr\u00e9cieur du baron de Ruble (1899), n\u00b0389. Voir Gay-Lemonnyer, III, 1225 (autre \u00e9dition publi\u00e9e \u00e0 Troyes, s.d. par la veuve Oudot).<\/i><\/p>\n<p style=\"text-align:justify\"><span style=\"font-variant:small-caps\">First edition with the author&#8217;s name at the end of the preface.<\/span> It is considered a follow up of the work <i>La Ville de Paris<\/i> (Paris Antoine Rafl\u00e9, 1665).&nbsp;<\/p>\n<p style=\"text-align:justify\">\u00ab&nbsp;Petit volume fort curieux et tr\u00e8s int\u00e9ressant sur Paris.&nbsp;\u00bb (Gay-Lemonnyer).<\/p>\n<p style=\"text-align:justify\">Most likely printed in Amsterdam by Daniel Elzevier this book is very rare. This famous facetious publication in verse mocks Parisian life and manners. It is the account, probably supposed, of a walk undertaken by the author with one of his friends, whom he intends to introduce to the particularities of Parisian life (see Ch. Asselineau).<\/p>\n<p style=\"text-align:justify\">\u00ab&nbsp;Le Paris ridicule a dit M. P. Lacroix, \u00e9tait, comme l\u2019auteur le disait lui-m\u00eame, une pi\u00e8ce du temps de ses anciennes folies ; on peut donc supposer avec certitude qu\u2019elle avait \u00e9t\u00e9 \u00e9crite vers l\u2019ann\u00e9e 1655 ou 1656&#8230; Elle reproduit avec beaucoup de v\u00e9rit\u00e9 (en faisant la part d\u2019hyperbole) la physionomie physique et morale de Paris avant 1660. Il y a dans ce po\u00e8me, entach\u00e9 de n\u00e9gligence et d&#8217;incorrections, une verve, une \u00e9nergie, une couleur qu\u2019on ne trouve que chez les po\u00e8tes de l\u2019\u00e9cole de Saint-Amant. Cest Saint-Amand que Claude Le Petit a voulu imiter, en opposant son Paris ridicule \u00e0 la Rome ridicule de son ma\u00eetre&#8230; Mais Claude Le Petit est all\u00e9 plus loin que Saint-Amant, et l\u2019on doit m\u00e8me supposer que les passages les plus hardis de sen ouvrage furent supprim\u00e9s ou adoucis dans les impressions qui ont \u00e9t\u00e9 faites apr\u00e8s sa mort&nbsp;\u00bb.<\/p>\n<p style=\"text-align:justify\">AMongst the verse on finds the following: Les Haquets des Plastriers de la rue Saint Martin ; La Prison de S. Martin Deschamps ; Un Prisonnier que l&#8217;on a sauv\u00e9 ; Un homme yvre qui revient de la foire ; Batterie dans un Cabaret ; Un Singe sur une fen\u00eatre ; Le Pain de Gonesse ; Les Promenades du Pont-neuf, les entretiens du soir, &amp; les avantures amoureuses qui s&#8217;y passent ; Le Vin d&#8217;Espagne de la croix du Tiroir ; Un mauvais lieu que l&#8217;on fait sauter ;Un voisin, \u00e0 qui une voisine voisine donne rendez-vous pour passer la nuit avec elle ; Crieurs d&#8217;eau-de-vie ; Les Paticiers ; Coupeur de bourse pris sur le fait ; Les Gobelins, L&#8217;Estrapade ; Saint M\u00e9dart, etc.<\/p>\n<p style=\"text-align:justify\">Very fine, broad margined copy.<\/p>\n<p style=\"text-align:justify\">Provenance: Alexandre de Lurde (1800-1872) and Alphonse de Ruble (1833-1898). Baron de Ruble added to the library inherited from his uncle Count Alexandre de Lurde; this collection was particuallry well furnished with rare 15th and 16th century books, most of which were bound by Trautz and decorated with the gilt cipher &#8211; &nbsp;Dr. Desnos (book platre).<\/p>\n","protected":false},"excerpt":{"rendered":"<p style=\"text-align:justify\">12mo (140 x 78 mm) 6 nn.ll., 84 pp. Janseniste red morcco by Trautz-Bauysonn\u00e9 (1869), corners with the crowned cipher, spine with raised bands, gilt title, compartments with gilt cipher, inner dentelle, gilt edges.<\/p>\n","protected":false},"featured_media":86692,"comment_status":"open","ping_status":"closed","template":"","meta":{"_acf_changed":false},"product_brand":[],"product_cat":[544],"product_tag":[1244],"class_list":{"0":"post-86701","1":"product","2":"type-product","3":"status-publish","4":"has-post-thumbnail","6":"product_cat-literature","7":"product_tag-17th-century-literature","8":"pa_auteur-colletet-francois-2","9":"pa_type-de-livre-printed-book","11":"first","12":"instock","13":"shipping-taxable","14":"purchasable","15":"product-type-simple"},"acf":{"artist":"Fran\u00e7ois COLLETET","chapeau":"The Baron Ruble copy bound by Trautz-Bauzonnet with his cipher","adresse_bibliographique":"Paris, Antoine Raffl\u00e9, 1666","book_type":"Printed book","provenance":"","afficher_prix":""},"yoast_head":"<!-- This site is optimized with the Yoast SEO plugin v24.7 - https:\/\/yoast.com\/wordpress\/plugins\/seo\/ -->\n<title>COLLETET Fran\u00e7ois Le tracas de Paris, ou La Seconde partie de la ville de Paris, en vers burlesques ; contenant, la Foire Saint Laurent. Les Marionettes. Les subtilitez du Pont-neuf. Le d\u00e9part des coches. L\u2019intrigue des servantes. L\u2019affeterie de bourgeoises. Le vin d\u2019Espagne. Les mauvais lieux qu\u2019on fait sauter. Les Gobelins. Les Estrenes. Et diverses autres descripions plaisantes &amp; recreative. - Libairie Clavreuil<\/title>\n<meta name=\"robots\" content=\"index, follow, max-snippet:-1, max-image-preview:large, max-video-preview:-1\" \/>\n<link rel=\"canonical\" href=\"https:\/\/www.librairieclavreuil.com\/en\/colletet-francois-le-tracas-de-paris-ou-la-seconde-partie-de-la-ville-de-paris-en-vers-burlesques-contenant-la-foire-saint-laurent-les-marionettes-les-subtilitez-du-pont-neuf-le-depart-des-coc\/\" \/>\n<meta property=\"og:locale\" content=\"en_US\" \/>\n<meta property=\"og:type\" content=\"article\" \/>\n<meta property=\"og:title\" content=\"COLLETET Fran\u00e7ois Le tracas de Paris, ou La Seconde partie de la ville de Paris, en vers burlesques ; contenant, la Foire Saint Laurent. Les Marionettes. Les subtilitez du Pont-neuf. Le d\u00e9part des coches. L\u2019intrigue des servantes. L\u2019affeterie de bourgeoises. Le vin d\u2019Espagne. Les mauvais lieux qu\u2019on fait sauter. Les Gobelins. Les Estrenes. Et diverses autres descripions plaisantes &amp; recreative. - Libairie Clavreuil\" \/>\n<meta property=\"og:description\" content=\"12mo (140 x 78 mm) 6 nn.ll., 84 pp. Janseniste red morcco by Trautz-Bauysonn\u00e9 (1869), corners with the crowned cipher, spine with raised bands, gilt title, compartments with gilt cipher, inner dentelle, gilt edges.\" \/>\n<meta property=\"og:url\" content=\"https:\/\/www.librairieclavreuil.com\/en\/colletet-francois-le-tracas-de-paris-ou-la-seconde-partie-de-la-ville-de-paris-en-vers-burlesques-contenant-la-foire-saint-laurent-les-marionettes-les-subtilitez-du-pont-neuf-le-depart-des-coc\/\" \/>\n<meta property=\"og:site_name\" content=\"Libairie Clavreuil\" \/>\n<meta property=\"article:modified_time\" content=\"2025-06-10T09:40:34+00:00\" \/>\n<meta property=\"og:image\" content=\"https:\/\/www.librairieclavreuil.com\/wp-content\/uploads\/2025\/06\/francois-colletet-le-tracas-de-paris-ou-la-seconde-partie-de-la-ville-de-paris-en-vers-burlesques-contenant-la-foire-saint-laurent-les-mario-684057965ad71.jpg\" \/>\n\t<meta property=\"og:image:width\" content=\"622\" \/>\n\t<meta property=\"og:image:height\" content=\"800\" \/>\n\t<meta property=\"og:image:type\" content=\"image\/jpeg\" \/>\n<meta name=\"twitter:card\" content=\"summary_large_image\" \/>\n<meta name=\"twitter:label1\" content=\"Est. reading time\" \/>\n\t<meta name=\"twitter:data1\" content=\"2 minutes\" \/>\n<script type=\"application\/ld+json\" class=\"yoast-schema-graph\">{\"@context\":\"https:\/\/schema.org\",\"@graph\":[{\"@type\":\"WebPage\",\"@id\":\"https:\/\/www.librairieclavreuil.com\/en\/colletet-francois-le-tracas-de-paris-ou-la-seconde-partie-de-la-ville-de-paris-en-vers-burlesques-contenant-la-foire-saint-laurent-les-marionettes-les-subtilitez-du-pont-neuf-le-depart-des-coc\/\",\"url\":\"https:\/\/www.librairieclavreuil.com\/en\/colletet-francois-le-tracas-de-paris-ou-la-seconde-partie-de-la-ville-de-paris-en-vers-burlesques-contenant-la-foire-saint-laurent-les-marionettes-les-subtilitez-du-pont-neuf-le-depart-des-coc\/\",\"name\":\"COLLETET Fran\u00e7ois Le tracas de Paris, ou La Seconde partie de la ville de Paris, en vers burlesques ; contenant, la Foire Saint Laurent. Les Marionettes. Les subtilitez du Pont-neuf. Le d\u00e9part des coches. L\u2019intrigue des servantes. L\u2019affeterie de bourgeoises. Le vin d\u2019Espagne. Les mauvais lieux qu\u2019on fait sauter. Les Gobelins. Les Estrenes. Et diverses autres descripions plaisantes &amp; recreative. - Libairie Clavreuil\",\"isPartOf\":{\"@id\":\"https:\/\/www.librairieclavreuil.com\/#website\"},\"primaryImageOfPage\":{\"@id\":\"https:\/\/www.librairieclavreuil.com\/en\/colletet-francois-le-tracas-de-paris-ou-la-seconde-partie-de-la-ville-de-paris-en-vers-burlesques-contenant-la-foire-saint-laurent-les-marionettes-les-subtilitez-du-pont-neuf-le-depart-des-coc\/#primaryimage\"},\"image\":{\"@id\":\"https:\/\/www.librairieclavreuil.com\/en\/colletet-francois-le-tracas-de-paris-ou-la-seconde-partie-de-la-ville-de-paris-en-vers-burlesques-contenant-la-foire-saint-laurent-les-marionettes-les-subtilitez-du-pont-neuf-le-depart-des-coc\/#primaryimage\"},\"thumbnailUrl\":\"https:\/\/www.librairieclavreuil.com\/wp-content\/uploads\/2025\/06\/francois-colletet-le-tracas-de-paris-ou-la-seconde-partie-de-la-ville-de-paris-en-vers-burlesques-contenant-la-foire-saint-laurent-les-mario-684057965ad71.jpg\",\"datePublished\":\"2025-06-05T11:31:05+00:00\",\"dateModified\":\"2025-06-10T09:40:34+00:00\",\"breadcrumb\":{\"@id\":\"https:\/\/www.librairieclavreuil.com\/en\/colletet-francois-le-tracas-de-paris-ou-la-seconde-partie-de-la-ville-de-paris-en-vers-burlesques-contenant-la-foire-saint-laurent-les-marionettes-les-subtilitez-du-pont-neuf-le-depart-des-coc\/#breadcrumb\"},\"inLanguage\":\"en-US\",\"potentialAction\":[{\"@type\":\"ReadAction\",\"target\":[\"https:\/\/www.librairieclavreuil.com\/en\/colletet-francois-le-tracas-de-paris-ou-la-seconde-partie-de-la-ville-de-paris-en-vers-burlesques-contenant-la-foire-saint-laurent-les-marionettes-les-subtilitez-du-pont-neuf-le-depart-des-coc\/\"]}]},{\"@type\":\"ImageObject\",\"inLanguage\":\"en-US\",\"@id\":\"https:\/\/www.librairieclavreuil.com\/en\/colletet-francois-le-tracas-de-paris-ou-la-seconde-partie-de-la-ville-de-paris-en-vers-burlesques-contenant-la-foire-saint-laurent-les-marionettes-les-subtilitez-du-pont-neuf-le-depart-des-coc\/#primaryimage\",\"url\":\"https:\/\/www.librairieclavreuil.com\/wp-content\/uploads\/2025\/06\/francois-colletet-le-tracas-de-paris-ou-la-seconde-partie-de-la-ville-de-paris-en-vers-burlesques-contenant-la-foire-saint-laurent-les-mario-684057965ad71.jpg\",\"contentUrl\":\"https:\/\/www.librairieclavreuil.com\/wp-content\/uploads\/2025\/06\/francois-colletet-le-tracas-de-paris-ou-la-seconde-partie-de-la-ville-de-paris-en-vers-burlesques-contenant-la-foire-saint-laurent-les-mario-684057965ad71.jpg\",\"width\":622,\"height\":800},{\"@type\":\"BreadcrumbList\",\"@id\":\"https:\/\/www.librairieclavreuil.com\/en\/colletet-francois-le-tracas-de-paris-ou-la-seconde-partie-de-la-ville-de-paris-en-vers-burlesques-contenant-la-foire-saint-laurent-les-marionettes-les-subtilitez-du-pont-neuf-le-depart-des-coc\/#breadcrumb\",\"itemListElement\":[{\"@type\":\"ListItem\",\"position\":1,\"name\":\"Accueil\",\"item\":\"https:\/\/www.librairieclavreuil.com\/\"},{\"@type\":\"ListItem\",\"position\":2,\"name\":\"All our books\",\"item\":\"https:\/\/www.librairieclavreuil.com\/en\/all-our-books\/\"},{\"@type\":\"ListItem\",\"position\":3,\"name\":\"COLLETET Fran\u00e7ois Le tracas de Paris, ou La...\"}]},{\"@type\":\"WebSite\",\"@id\":\"https:\/\/www.librairieclavreuil.com\/#website\",\"url\":\"https:\/\/www.librairieclavreuil.com\/\",\"name\":\"Libairie Clavreuil\",\"description\":\"Livres anciens, manuscrits rares et \u00e9ditions originales \u2013 Librairie Clavreuil\",\"publisher\":{\"@id\":\"https:\/\/www.librairieclavreuil.com\/#organization\"},\"potentialAction\":[{\"@type\":\"SearchAction\",\"target\":{\"@type\":\"EntryPoint\",\"urlTemplate\":\"https:\/\/www.librairieclavreuil.com\/?s={search_term_string}\"},\"query-input\":{\"@type\":\"PropertyValueSpecification\",\"valueRequired\":true,\"valueName\":\"search_term_string\"}}],\"inLanguage\":\"en-US\"},{\"@type\":\"Organization\",\"@id\":\"https:\/\/www.librairieclavreuil.com\/#organization\",\"name\":\"Libairie Clavreuil\",\"url\":\"https:\/\/www.librairieclavreuil.com\/\",\"logo\":{\"@type\":\"ImageObject\",\"inLanguage\":\"en-US\",\"@id\":\"https:\/\/www.librairieclavreuil.com\/#\/schema\/logo\/image\/\",\"url\":\"https:\/\/www.librairieclavreuil.com\/wp-content\/uploads\/2021\/06\/cropped-LOGO_PNG_DATE-_gold-512x512-1.png\",\"contentUrl\":\"https:\/\/www.librairieclavreuil.com\/wp-content\/uploads\/2021\/06\/cropped-LOGO_PNG_DATE-_gold-512x512-1.png\",\"width\":512,\"height\":512,\"caption\":\"Libairie Clavreuil\"},\"image\":{\"@id\":\"https:\/\/www.librairieclavreuil.com\/#\/schema\/logo\/image\/\"},\"sameAs\":[\"https:\/\/www.instagram.com\/librairieclavreuil\/\"]}]}<\/script>\n<!-- \/ Yoast SEO plugin. -->","yoast_head_json":{"title":"COLLETET Fran\u00e7ois Le tracas de Paris, ou La Seconde partie de la ville de Paris, en vers burlesques ; contenant, la Foire Saint Laurent. Les Marionettes. Les subtilitez du Pont-neuf. Le d\u00e9part des coches. L\u2019intrigue des servantes. L\u2019affeterie de bourgeoises. Le vin d\u2019Espagne. Les mauvais lieux qu\u2019on fait sauter. Les Gobelins. Les Estrenes. Et diverses autres descripions plaisantes &amp; recreative. - Libairie Clavreuil","robots":{"index":"index","follow":"follow","max-snippet":"max-snippet:-1","max-image-preview":"max-image-preview:large","max-video-preview":"max-video-preview:-1"},"canonical":"https:\/\/www.librairieclavreuil.com\/en\/colletet-francois-le-tracas-de-paris-ou-la-seconde-partie-de-la-ville-de-paris-en-vers-burlesques-contenant-la-foire-saint-laurent-les-marionettes-les-subtilitez-du-pont-neuf-le-depart-des-coc\/","og_locale":"en_US","og_type":"article","og_title":"COLLETET Fran\u00e7ois Le tracas de Paris, ou La Seconde partie de la ville de Paris, en vers burlesques ; contenant, la Foire Saint Laurent. Les Marionettes. Les subtilitez du Pont-neuf. Le d\u00e9part des coches. L\u2019intrigue des servantes. L\u2019affeterie de bourgeoises. Le vin d\u2019Espagne. Les mauvais lieux qu\u2019on fait sauter. Les Gobelins. Les Estrenes. Et diverses autres descripions plaisantes &amp; recreative. - Libairie Clavreuil","og_description":"12mo (140 x 78 mm) 6 nn.ll., 84 pp. Janseniste red morcco by Trautz-Bauysonn\u00e9 (1869), corners with the crowned cipher, spine with raised bands, gilt title, compartments with gilt cipher, inner dentelle, gilt edges.","og_url":"https:\/\/www.librairieclavreuil.com\/en\/colletet-francois-le-tracas-de-paris-ou-la-seconde-partie-de-la-ville-de-paris-en-vers-burlesques-contenant-la-foire-saint-laurent-les-marionettes-les-subtilitez-du-pont-neuf-le-depart-des-coc\/","og_site_name":"Libairie Clavreuil","article_modified_time":"2025-06-10T09:40:34+00:00","og_image":[{"width":622,"height":800,"url":"https:\/\/www.librairieclavreuil.com\/wp-content\/uploads\/2025\/06\/francois-colletet-le-tracas-de-paris-ou-la-seconde-partie-de-la-ville-de-paris-en-vers-burlesques-contenant-la-foire-saint-laurent-les-mario-684057965ad71.jpg","type":"image\/jpeg"}],"twitter_card":"summary_large_image","twitter_misc":{"Est. reading time":"2 minutes"},"schema":{"@context":"https:\/\/schema.org","@graph":[{"@type":"WebPage","@id":"https:\/\/www.librairieclavreuil.com\/en\/colletet-francois-le-tracas-de-paris-ou-la-seconde-partie-de-la-ville-de-paris-en-vers-burlesques-contenant-la-foire-saint-laurent-les-marionettes-les-subtilitez-du-pont-neuf-le-depart-des-coc\/","url":"https:\/\/www.librairieclavreuil.com\/en\/colletet-francois-le-tracas-de-paris-ou-la-seconde-partie-de-la-ville-de-paris-en-vers-burlesques-contenant-la-foire-saint-laurent-les-marionettes-les-subtilitez-du-pont-neuf-le-depart-des-coc\/","name":"COLLETET Fran\u00e7ois Le tracas de Paris, ou La Seconde partie de la ville de Paris, en vers burlesques ; contenant, la Foire Saint Laurent. Les Marionettes. Les subtilitez du Pont-neuf. Le d\u00e9part des coches. L\u2019intrigue des servantes. L\u2019affeterie de bourgeoises. Le vin d\u2019Espagne. Les mauvais lieux qu\u2019on fait sauter. Les Gobelins. Les Estrenes. Et diverses autres descripions plaisantes &amp; recreative. - Libairie Clavreuil","isPartOf":{"@id":"https:\/\/www.librairieclavreuil.com\/#website"},"primaryImageOfPage":{"@id":"https:\/\/www.librairieclavreuil.com\/en\/colletet-francois-le-tracas-de-paris-ou-la-seconde-partie-de-la-ville-de-paris-en-vers-burlesques-contenant-la-foire-saint-laurent-les-marionettes-les-subtilitez-du-pont-neuf-le-depart-des-coc\/#primaryimage"},"image":{"@id":"https:\/\/www.librairieclavreuil.com\/en\/colletet-francois-le-tracas-de-paris-ou-la-seconde-partie-de-la-ville-de-paris-en-vers-burlesques-contenant-la-foire-saint-laurent-les-marionettes-les-subtilitez-du-pont-neuf-le-depart-des-coc\/#primaryimage"},"thumbnailUrl":"https:\/\/www.librairieclavreuil.com\/wp-content\/uploads\/2025\/06\/francois-colletet-le-tracas-de-paris-ou-la-seconde-partie-de-la-ville-de-paris-en-vers-burlesques-contenant-la-foire-saint-laurent-les-mario-684057965ad71.jpg","datePublished":"2025-06-05T11:31:05+00:00","dateModified":"2025-06-10T09:40:34+00:00","breadcrumb":{"@id":"https:\/\/www.librairieclavreuil.com\/en\/colletet-francois-le-tracas-de-paris-ou-la-seconde-partie-de-la-ville-de-paris-en-vers-burlesques-contenant-la-foire-saint-laurent-les-marionettes-les-subtilitez-du-pont-neuf-le-depart-des-coc\/#breadcrumb"},"inLanguage":"en-US","potentialAction":[{"@type":"ReadAction","target":["https:\/\/www.librairieclavreuil.com\/en\/colletet-francois-le-tracas-de-paris-ou-la-seconde-partie-de-la-ville-de-paris-en-vers-burlesques-contenant-la-foire-saint-laurent-les-marionettes-les-subtilitez-du-pont-neuf-le-depart-des-coc\/"]}]},{"@type":"ImageObject","inLanguage":"en-US","@id":"https:\/\/www.librairieclavreuil.com\/en\/colletet-francois-le-tracas-de-paris-ou-la-seconde-partie-de-la-ville-de-paris-en-vers-burlesques-contenant-la-foire-saint-laurent-les-marionettes-les-subtilitez-du-pont-neuf-le-depart-des-coc\/#primaryimage","url":"https:\/\/www.librairieclavreuil.com\/wp-content\/uploads\/2025\/06\/francois-colletet-le-tracas-de-paris-ou-la-seconde-partie-de-la-ville-de-paris-en-vers-burlesques-contenant-la-foire-saint-laurent-les-mario-684057965ad71.jpg","contentUrl":"https:\/\/www.librairieclavreuil.com\/wp-content\/uploads\/2025\/06\/francois-colletet-le-tracas-de-paris-ou-la-seconde-partie-de-la-ville-de-paris-en-vers-burlesques-contenant-la-foire-saint-laurent-les-mario-684057965ad71.jpg","width":622,"height":800},{"@type":"BreadcrumbList","@id":"https:\/\/www.librairieclavreuil.com\/en\/colletet-francois-le-tracas-de-paris-ou-la-seconde-partie-de-la-ville-de-paris-en-vers-burlesques-contenant-la-foire-saint-laurent-les-marionettes-les-subtilitez-du-pont-neuf-le-depart-des-coc\/#breadcrumb","itemListElement":[{"@type":"ListItem","position":1,"name":"Accueil","item":"https:\/\/www.librairieclavreuil.com\/"},{"@type":"ListItem","position":2,"name":"All our books","item":"https:\/\/www.librairieclavreuil.com\/en\/all-our-books\/"},{"@type":"ListItem","position":3,"name":"COLLETET Fran\u00e7ois Le tracas de Paris, ou La..."}]},{"@type":"WebSite","@id":"https:\/\/www.librairieclavreuil.com\/#website","url":"https:\/\/www.librairieclavreuil.com\/","name":"Libairie Clavreuil","description":"Livres anciens, manuscrits rares et \u00e9ditions originales \u2013 Librairie Clavreuil","publisher":{"@id":"https:\/\/www.librairieclavreuil.com\/#organization"},"potentialAction":[{"@type":"SearchAction","target":{"@type":"EntryPoint","urlTemplate":"https:\/\/www.librairieclavreuil.com\/?s={search_term_string}"},"query-input":{"@type":"PropertyValueSpecification","valueRequired":true,"valueName":"search_term_string"}}],"inLanguage":"en-US"},{"@type":"Organization","@id":"https:\/\/www.librairieclavreuil.com\/#organization","name":"Libairie Clavreuil","url":"https:\/\/www.librairieclavreuil.com\/","logo":{"@type":"ImageObject","inLanguage":"en-US","@id":"https:\/\/www.librairieclavreuil.com\/#\/schema\/logo\/image\/","url":"https:\/\/www.librairieclavreuil.com\/wp-content\/uploads\/2021\/06\/cropped-LOGO_PNG_DATE-_gold-512x512-1.png","contentUrl":"https:\/\/www.librairieclavreuil.com\/wp-content\/uploads\/2021\/06\/cropped-LOGO_PNG_DATE-_gold-512x512-1.png","width":512,"height":512,"caption":"Libairie Clavreuil"},"image":{"@id":"https:\/\/www.librairieclavreuil.com\/#\/schema\/logo\/image\/"},"sameAs":["https:\/\/www.instagram.com\/librairieclavreuil\/"]}]}},"jetpack_sharing_enabled":true,"_links":{"self":[{"href":"https:\/\/www.librairieclavreuil.com\/en\/wp-json\/wp\/v2\/product\/86701","targetHints":{"allow":["GET"]}}],"collection":[{"href":"https:\/\/www.librairieclavreuil.com\/en\/wp-json\/wp\/v2\/product"}],"about":[{"href":"https:\/\/www.librairieclavreuil.com\/en\/wp-json\/wp\/v2\/types\/product"}],"replies":[{"embeddable":true,"href":"https:\/\/www.librairieclavreuil.com\/en\/wp-json\/wp\/v2\/comments?post=86701"}],"wp:featuredmedia":[{"embeddable":true,"href":"https:\/\/www.librairieclavreuil.com\/en\/wp-json\/wp\/v2\/media\/86692"}],"wp:attachment":[{"href":"https:\/\/www.librairieclavreuil.com\/en\/wp-json\/wp\/v2\/media?parent=86701"}],"wp:term":[{"taxonomy":"product_brand","embeddable":true,"href":"https:\/\/www.librairieclavreuil.com\/en\/wp-json\/wp\/v2\/product_brand?post=86701"},{"taxonomy":"product_cat","embeddable":true,"href":"https:\/\/www.librairieclavreuil.com\/en\/wp-json\/wp\/v2\/product_cat?post=86701"},{"taxonomy":"product_tag","embeddable":true,"href":"https:\/\/www.librairieclavreuil.com\/en\/wp-json\/wp\/v2\/product_tag?post=86701"}],"curies":[{"name":"wp","href":"https:\/\/api.w.org\/{rel}","templated":true}]}}