{"id":86639,"date":"2025-06-05T13:24:28","date_gmt":"2025-06-05T11:24:28","guid":{"rendered":"https:\/\/www.librairieclavreuil.com\/la-tour-dalbenas-francois-berenger-de-lamie-rustique-et-autres-vers-divers-et-lamie-des-amies-imitation-darioste-divisee-en-quatre-livres\/"},"modified":"2025-06-05T13:24:31","modified_gmt":"2025-06-05T11:24:31","slug":"la-tour-dalbenas-francois-berenger-de-lamie-rustique-et-autres-vers-divers-et-lamie-des-amies-imitation-darioste-divisee-en-quatre-livres","status":"publish","type":"product","link":"https:\/\/www.librairieclavreuil.com\/en\/la-tour-dalbenas-francois-berenger-de-lamie-rustique-et-autres-vers-divers-et-lamie-des-amies-imitation-darioste-divisee-en-quatre-livres\/","title":{"rendered":"LA TOUR D&#8217;ALBENAS Fran\u00e7ois B\u00e9renger de L\u2019Amie Rustique..."},"content":{"rendered":"<p style=\"text-align:justify\"><i>Baudrier, Bibliographie lyonnaise, II, pp. 57-59 ; Carter &amp; Vervliet, Civilit\u00e9 Types, n\u00b0 8 ; Balsamo, Les Traductions de l\u2019italien en fran\u00e7ais au XVIe si\u00e8cle, 2009, p. 93.<\/i><\/p>\n<p style=\"text-align:justify\">Both work are first editions printed by Robert Granjon (1513-1590) in the so-called Civilit\u00e9 type, published one year after the first use of this newly designed invented French type face, (the first title was <i>Dialogue de la vie et la mort, <\/i>1557).<\/p>\n<p style=\"text-align:justify\">\u00ab Vraisemblablement fils du libraire parisien Jean Granjon dont il reprend au d\u00e9but l&#8217;adresse et l&#8217;enseigne. S&#8217;\u00e9tablit \u00e0 Paris en mars 1545. Fait \u00e0 partir de 1547 de fr\u00e9quents s\u00e9jours \u00e0 Lyon o\u00f9 plusieurs imprimeurs dont Jean I de Tournes lui ach\u00e8tent ses poin\u00e7ons. \u00c9tabli \u00e0 Lyon de 1556 (peut-\u00eatre d\u00e8s 1551) \u00e0 1562. Gendre du peintre lyonnais Bernard Salomon. Cr\u00e9ateur \u00e0 Lyon des caract\u00e8res dits de civilit\u00e9 ou &#8220;lettres fran\u00e7oises&#8221;, dont il obtient le privil\u00e8ge royal pour 10 ans en d\u00e9c. 1557 \u00bb (BnF).<\/p>\n<p style=\"text-align:justify\">The two books by B\u00e9renger de la Tour d&#8217;Albenas form a diptych: they both begin with a long love play and are followed by translations or imitations of Italian poets (Ariosto, Folengo).<\/p>\n<p style=\"text-align:justify\"><i>L&#8217;Amie rustique<\/i> is divided into four eglogues. The poem is followed by Songs, a Song of Virtue and Fortune, Funeral Songs, Epitaphs, an Epistle (in prose) to M. de Rochecolombe, and the Nas\u00e9ide, restored in its entirety, dedicated to \u2018Alcofribas, Indien, roy de Nas\u00e9e\u2019.<\/p>\n<p style=\"text-align:justify\"><i>L&#8217;Amie des Amies<\/i> contains the episode of Isabelle and Zerbin, taken from the XXIVth canto of Ariosto&#8217;s <i>Roland furieux<\/i>, and set in French verse of ten syllables. B\u00e9renger de La Tour has appended various poems, including the first book of the Mosch\u00e9ide, or the Combat des Mouches et des Fourmis, taken from the Moschea, a Macaronic poem by Folengo.<\/p>\n<p style=\"text-align:justify\">Well represented in French institutional libraries USTC located very few copies of each title outside of France. Of <i>Ami rustique<\/i> he locates 8 copies in France and only 6 in th rest of the world including one single copy in the United States (Germany: 1 ; Netherlands: 1 ; United Kingdom: 3 ; United States: Houghton : 1). Of <i>L<\/i>\u2019<i>Amie des Amies<\/i> USTC locates 8 copies in France, and just 4 in the rest of the world, including one single copy in the United States (United Kingdom: 3 ; United States: Princeton : 1).<\/p>\n<p style=\"text-align:justify\">Fine copy, well established by Antoine Bauzonnet ; the date of th binding is given in red ink : 19 December 1838.<\/p>\n<p style=\"text-align:justify\">Provenance : baron Pichon (sale 1869, n\u00b0528 : \u00ab Tr\u00e8s bel exemplaire provenant de la biblioth\u00e8que de l&#8217;abb\u00e9 Barr\u00e9, cur\u00e9 de Monville, pr\u00e8s de Rouen \u00bb Last vicar in Rouen of Church Saint-Eloi, \u00e0 Rouen, Barr\u00e9 became a bookseller in the harbour of that town) &#8211; R.-S. Turner (book plate, sale 1878, lot 294) &#8211; \u00c9tienne-Marie Bancel (book plate, sale 1882, lot 281) &#8211; Eug\u00e8ne-Gabriel Marigues de Champ-Repus (book plate, sale 1893) ; Gustave Herpin (sale 1903, lot 72) &#8211; &nbsp;Marcel B\u00e9nard (sale 1925) &#8211; Abel Lefranc (sale 1954) \u2013 Marcel Lecomte (book plate); the copy described in the Rothschild catalogue (I, n\u00b0662) also bound in citron morcco, berars the name of both binders Trautz-Bauzonnet, but also belonged to R.-S. Turner.<\/p>\n","protected":false},"excerpt":{"rendered":"<p style=\"text-align:justify\">Deux works in 1 volume small 8vo (147 x 95 mm). <i>Amie Rustique<\/i> : 44 nn.ll.. Collation : A-E<sup>8<\/sup> F<sup>4<\/sup> ; <i>Amie des Amies<\/i> : 87 nn.ll. Collation : a-k<sup>8<\/sup> l<sup>7<\/sup> (final blanc supressed by the binder). Citron morocco by Bauzonnet (dated in ink 1838), decorative gilt border on covers, spine gilt with raised bands, gilt turn-ins, gilt edges.<\/p>\n","protected":false},"featured_media":86628,"comment_status":"open","ping_status":"closed","template":"","meta":{"_acf_changed":false},"product_brand":[],"product_cat":[544],"product_tag":[1243,1207,1253],"class_list":{"0":"post-86639","1":"product","2":"type-product","3":"status-publish","4":"has-post-thumbnail","6":"product_cat-literature","7":"product_tag-16th-century-literature","8":"product_tag-calligraphy","9":"product_tag-typography","10":"pa_auteur-la-tour-dalbenas-francois-berenger-de-2","11":"pa_type-de-livre-printed-book","13":"first","14":"instock","15":"shipping-taxable","16":"purchasable","17":"product-type-simple"},"acf":{"artist":"Fran\u00e7ois B\u00e9renger de LA TOUR D'ALBENAS","chapeau":"","adresse_bibliographique":"Lyon, Robert Granjon, 1558","book_type":"Printed book","provenance":"","afficher_prix":""},"yoast_head":"<!-- This site is optimized with the Yoast SEO plugin v24.7 - https:\/\/yoast.com\/wordpress\/plugins\/seo\/ -->\n<title>LA TOUR D&#039;ALBENAS Fran\u00e7ois B\u00e9renger de L\u2019Amie Rustique et autres vers divers. [Et :] L\u2019Amie des Amies, imitation d\u2019Arioste, divis\u00e9e en quatre livres. - Libairie Clavreuil<\/title>\n<meta name=\"robots\" content=\"index, follow, max-snippet:-1, max-image-preview:large, max-video-preview:-1\" \/>\n<link rel=\"canonical\" href=\"https:\/\/www.librairieclavreuil.com\/en\/la-tour-dalbenas-francois-berenger-de-lamie-rustique-et-autres-vers-divers-et-lamie-des-amies-imitation-darioste-divisee-en-quatre-livres\/\" \/>\n<meta property=\"og:locale\" content=\"en_US\" \/>\n<meta property=\"og:type\" content=\"article\" \/>\n<meta property=\"og:title\" content=\"LA TOUR D&#039;ALBENAS Fran\u00e7ois B\u00e9renger de L\u2019Amie Rustique et autres vers divers. [Et :] L\u2019Amie des Amies, imitation d\u2019Arioste, divis\u00e9e en quatre livres. - Libairie Clavreuil\" \/>\n<meta property=\"og:description\" content=\"Deux works in 1 volume small 8vo (147 x 95 mm). Amie Rustique : 44 nn.ll.. Collation : A-E8 F4 ; Amie des Amies : 87 nn.ll. Collation : a-k8 l7 (final blanc supressed by the binder). Citron morocco by Bauzonnet (dated in ink 1838), decorative gilt border on covers, spine gilt with raised bands, gilt turn-ins, gilt edges.\" \/>\n<meta property=\"og:url\" content=\"https:\/\/www.librairieclavreuil.com\/en\/la-tour-dalbenas-francois-berenger-de-lamie-rustique-et-autres-vers-divers-et-lamie-des-amies-imitation-darioste-divisee-en-quatre-livres\/\" \/>\n<meta property=\"og:site_name\" content=\"Libairie Clavreuil\" \/>\n<meta property=\"article:modified_time\" content=\"2025-06-05T11:24:31+00:00\" \/>\n<meta property=\"og:image\" content=\"https:\/\/www.librairieclavreuil.com\/wp-content\/uploads\/2025\/06\/francois-berenger-de-la-tour-d-albenas-l-amie-rustique-et-autres-vers-divers-et-l-amie-des-amies-imitation-d-arioste-divisee-en-quatre-livre-684056d2e2c2b.jpg\" \/>\n\t<meta property=\"og:image:width\" content=\"622\" \/>\n\t<meta property=\"og:image:height\" content=\"800\" \/>\n\t<meta property=\"og:image:type\" content=\"image\/jpeg\" \/>\n<meta name=\"twitter:card\" content=\"summary_large_image\" \/>\n<meta name=\"twitter:label1\" content=\"Est. reading time\" \/>\n\t<meta name=\"twitter:data1\" content=\"2 minutes\" \/>\n<script type=\"application\/ld+json\" class=\"yoast-schema-graph\">{\"@context\":\"https:\/\/schema.org\",\"@graph\":[{\"@type\":\"WebPage\",\"@id\":\"https:\/\/www.librairieclavreuil.com\/en\/la-tour-dalbenas-francois-berenger-de-lamie-rustique-et-autres-vers-divers-et-lamie-des-amies-imitation-darioste-divisee-en-quatre-livres\/\",\"url\":\"https:\/\/www.librairieclavreuil.com\/en\/la-tour-dalbenas-francois-berenger-de-lamie-rustique-et-autres-vers-divers-et-lamie-des-amies-imitation-darioste-divisee-en-quatre-livres\/\",\"name\":\"LA TOUR D'ALBENAS Fran\u00e7ois B\u00e9renger de L\u2019Amie Rustique et autres vers divers. [Et :] L\u2019Amie des Amies, imitation d\u2019Arioste, divis\u00e9e en quatre livres. - Libairie Clavreuil\",\"isPartOf\":{\"@id\":\"https:\/\/www.librairieclavreuil.com\/#website\"},\"primaryImageOfPage\":{\"@id\":\"https:\/\/www.librairieclavreuil.com\/en\/la-tour-dalbenas-francois-berenger-de-lamie-rustique-et-autres-vers-divers-et-lamie-des-amies-imitation-darioste-divisee-en-quatre-livres\/#primaryimage\"},\"image\":{\"@id\":\"https:\/\/www.librairieclavreuil.com\/en\/la-tour-dalbenas-francois-berenger-de-lamie-rustique-et-autres-vers-divers-et-lamie-des-amies-imitation-darioste-divisee-en-quatre-livres\/#primaryimage\"},\"thumbnailUrl\":\"https:\/\/www.librairieclavreuil.com\/wp-content\/uploads\/2025\/06\/francois-berenger-de-la-tour-d-albenas-l-amie-rustique-et-autres-vers-divers-et-l-amie-des-amies-imitation-d-arioste-divisee-en-quatre-livre-684056d2e2c2b.jpg\",\"datePublished\":\"2025-06-05T11:24:28+00:00\",\"dateModified\":\"2025-06-05T11:24:31+00:00\",\"breadcrumb\":{\"@id\":\"https:\/\/www.librairieclavreuil.com\/en\/la-tour-dalbenas-francois-berenger-de-lamie-rustique-et-autres-vers-divers-et-lamie-des-amies-imitation-darioste-divisee-en-quatre-livres\/#breadcrumb\"},\"inLanguage\":\"en-US\",\"potentialAction\":[{\"@type\":\"ReadAction\",\"target\":[\"https:\/\/www.librairieclavreuil.com\/en\/la-tour-dalbenas-francois-berenger-de-lamie-rustique-et-autres-vers-divers-et-lamie-des-amies-imitation-darioste-divisee-en-quatre-livres\/\"]}]},{\"@type\":\"ImageObject\",\"inLanguage\":\"en-US\",\"@id\":\"https:\/\/www.librairieclavreuil.com\/en\/la-tour-dalbenas-francois-berenger-de-lamie-rustique-et-autres-vers-divers-et-lamie-des-amies-imitation-darioste-divisee-en-quatre-livres\/#primaryimage\",\"url\":\"https:\/\/www.librairieclavreuil.com\/wp-content\/uploads\/2025\/06\/francois-berenger-de-la-tour-d-albenas-l-amie-rustique-et-autres-vers-divers-et-l-amie-des-amies-imitation-d-arioste-divisee-en-quatre-livre-684056d2e2c2b.jpg\",\"contentUrl\":\"https:\/\/www.librairieclavreuil.com\/wp-content\/uploads\/2025\/06\/francois-berenger-de-la-tour-d-albenas-l-amie-rustique-et-autres-vers-divers-et-l-amie-des-amies-imitation-d-arioste-divisee-en-quatre-livre-684056d2e2c2b.jpg\",\"width\":622,\"height\":800},{\"@type\":\"BreadcrumbList\",\"@id\":\"https:\/\/www.librairieclavreuil.com\/en\/la-tour-dalbenas-francois-berenger-de-lamie-rustique-et-autres-vers-divers-et-lamie-des-amies-imitation-darioste-divisee-en-quatre-livres\/#breadcrumb\",\"itemListElement\":[{\"@type\":\"ListItem\",\"position\":1,\"name\":\"Accueil\",\"item\":\"https:\/\/www.librairieclavreuil.com\/\"},{\"@type\":\"ListItem\",\"position\":2,\"name\":\"All our books\",\"item\":\"https:\/\/www.librairieclavreuil.com\/en\/all-our-books\/\"},{\"@type\":\"ListItem\",\"position\":3,\"name\":\"LA TOUR D&rsquo;ALBENAS Fran\u00e7ois B\u00e9renger de L\u2019Amie Rustique...\"}]},{\"@type\":\"WebSite\",\"@id\":\"https:\/\/www.librairieclavreuil.com\/#website\",\"url\":\"https:\/\/www.librairieclavreuil.com\/\",\"name\":\"Libairie Clavreuil\",\"description\":\"Livres anciens, manuscrits rares et \u00e9ditions originales \u2013 Librairie Clavreuil\",\"publisher\":{\"@id\":\"https:\/\/www.librairieclavreuil.com\/#organization\"},\"potentialAction\":[{\"@type\":\"SearchAction\",\"target\":{\"@type\":\"EntryPoint\",\"urlTemplate\":\"https:\/\/www.librairieclavreuil.com\/?s={search_term_string}\"},\"query-input\":{\"@type\":\"PropertyValueSpecification\",\"valueRequired\":true,\"valueName\":\"search_term_string\"}}],\"inLanguage\":\"en-US\"},{\"@type\":\"Organization\",\"@id\":\"https:\/\/www.librairieclavreuil.com\/#organization\",\"name\":\"Libairie Clavreuil\",\"url\":\"https:\/\/www.librairieclavreuil.com\/\",\"logo\":{\"@type\":\"ImageObject\",\"inLanguage\":\"en-US\",\"@id\":\"https:\/\/www.librairieclavreuil.com\/#\/schema\/logo\/image\/\",\"url\":\"https:\/\/www.librairieclavreuil.com\/wp-content\/uploads\/2021\/06\/cropped-LOGO_PNG_DATE-_gold-512x512-1.png\",\"contentUrl\":\"https:\/\/www.librairieclavreuil.com\/wp-content\/uploads\/2021\/06\/cropped-LOGO_PNG_DATE-_gold-512x512-1.png\",\"width\":512,\"height\":512,\"caption\":\"Libairie Clavreuil\"},\"image\":{\"@id\":\"https:\/\/www.librairieclavreuil.com\/#\/schema\/logo\/image\/\"},\"sameAs\":[\"https:\/\/www.instagram.com\/librairieclavreuil\/\"]}]}<\/script>\n<!-- \/ Yoast SEO plugin. -->","yoast_head_json":{"title":"LA TOUR D'ALBENAS Fran\u00e7ois B\u00e9renger de L\u2019Amie Rustique et autres vers divers. [Et :] L\u2019Amie des Amies, imitation d\u2019Arioste, divis\u00e9e en quatre livres. - Libairie Clavreuil","robots":{"index":"index","follow":"follow","max-snippet":"max-snippet:-1","max-image-preview":"max-image-preview:large","max-video-preview":"max-video-preview:-1"},"canonical":"https:\/\/www.librairieclavreuil.com\/en\/la-tour-dalbenas-francois-berenger-de-lamie-rustique-et-autres-vers-divers-et-lamie-des-amies-imitation-darioste-divisee-en-quatre-livres\/","og_locale":"en_US","og_type":"article","og_title":"LA TOUR D'ALBENAS Fran\u00e7ois B\u00e9renger de L\u2019Amie Rustique et autres vers divers. [Et :] L\u2019Amie des Amies, imitation d\u2019Arioste, divis\u00e9e en quatre livres. - Libairie Clavreuil","og_description":"Deux works in 1 volume small 8vo (147 x 95 mm). Amie Rustique : 44 nn.ll.. Collation : A-E8 F4 ; Amie des Amies : 87 nn.ll. Collation : a-k8 l7 (final blanc supressed by the binder). Citron morocco by Bauzonnet (dated in ink 1838), decorative gilt border on covers, spine gilt with raised bands, gilt turn-ins, gilt edges.","og_url":"https:\/\/www.librairieclavreuil.com\/en\/la-tour-dalbenas-francois-berenger-de-lamie-rustique-et-autres-vers-divers-et-lamie-des-amies-imitation-darioste-divisee-en-quatre-livres\/","og_site_name":"Libairie Clavreuil","article_modified_time":"2025-06-05T11:24:31+00:00","og_image":[{"width":622,"height":800,"url":"https:\/\/www.librairieclavreuil.com\/wp-content\/uploads\/2025\/06\/francois-berenger-de-la-tour-d-albenas-l-amie-rustique-et-autres-vers-divers-et-l-amie-des-amies-imitation-d-arioste-divisee-en-quatre-livre-684056d2e2c2b.jpg","type":"image\/jpeg"}],"twitter_card":"summary_large_image","twitter_misc":{"Est. reading time":"2 minutes"},"schema":{"@context":"https:\/\/schema.org","@graph":[{"@type":"WebPage","@id":"https:\/\/www.librairieclavreuil.com\/en\/la-tour-dalbenas-francois-berenger-de-lamie-rustique-et-autres-vers-divers-et-lamie-des-amies-imitation-darioste-divisee-en-quatre-livres\/","url":"https:\/\/www.librairieclavreuil.com\/en\/la-tour-dalbenas-francois-berenger-de-lamie-rustique-et-autres-vers-divers-et-lamie-des-amies-imitation-darioste-divisee-en-quatre-livres\/","name":"LA TOUR D'ALBENAS Fran\u00e7ois B\u00e9renger de L\u2019Amie Rustique et autres vers divers. [Et :] L\u2019Amie des Amies, imitation d\u2019Arioste, divis\u00e9e en quatre livres. - Libairie Clavreuil","isPartOf":{"@id":"https:\/\/www.librairieclavreuil.com\/#website"},"primaryImageOfPage":{"@id":"https:\/\/www.librairieclavreuil.com\/en\/la-tour-dalbenas-francois-berenger-de-lamie-rustique-et-autres-vers-divers-et-lamie-des-amies-imitation-darioste-divisee-en-quatre-livres\/#primaryimage"},"image":{"@id":"https:\/\/www.librairieclavreuil.com\/en\/la-tour-dalbenas-francois-berenger-de-lamie-rustique-et-autres-vers-divers-et-lamie-des-amies-imitation-darioste-divisee-en-quatre-livres\/#primaryimage"},"thumbnailUrl":"https:\/\/www.librairieclavreuil.com\/wp-content\/uploads\/2025\/06\/francois-berenger-de-la-tour-d-albenas-l-amie-rustique-et-autres-vers-divers-et-l-amie-des-amies-imitation-d-arioste-divisee-en-quatre-livre-684056d2e2c2b.jpg","datePublished":"2025-06-05T11:24:28+00:00","dateModified":"2025-06-05T11:24:31+00:00","breadcrumb":{"@id":"https:\/\/www.librairieclavreuil.com\/en\/la-tour-dalbenas-francois-berenger-de-lamie-rustique-et-autres-vers-divers-et-lamie-des-amies-imitation-darioste-divisee-en-quatre-livres\/#breadcrumb"},"inLanguage":"en-US","potentialAction":[{"@type":"ReadAction","target":["https:\/\/www.librairieclavreuil.com\/en\/la-tour-dalbenas-francois-berenger-de-lamie-rustique-et-autres-vers-divers-et-lamie-des-amies-imitation-darioste-divisee-en-quatre-livres\/"]}]},{"@type":"ImageObject","inLanguage":"en-US","@id":"https:\/\/www.librairieclavreuil.com\/en\/la-tour-dalbenas-francois-berenger-de-lamie-rustique-et-autres-vers-divers-et-lamie-des-amies-imitation-darioste-divisee-en-quatre-livres\/#primaryimage","url":"https:\/\/www.librairieclavreuil.com\/wp-content\/uploads\/2025\/06\/francois-berenger-de-la-tour-d-albenas-l-amie-rustique-et-autres-vers-divers-et-l-amie-des-amies-imitation-d-arioste-divisee-en-quatre-livre-684056d2e2c2b.jpg","contentUrl":"https:\/\/www.librairieclavreuil.com\/wp-content\/uploads\/2025\/06\/francois-berenger-de-la-tour-d-albenas-l-amie-rustique-et-autres-vers-divers-et-l-amie-des-amies-imitation-d-arioste-divisee-en-quatre-livre-684056d2e2c2b.jpg","width":622,"height":800},{"@type":"BreadcrumbList","@id":"https:\/\/www.librairieclavreuil.com\/en\/la-tour-dalbenas-francois-berenger-de-lamie-rustique-et-autres-vers-divers-et-lamie-des-amies-imitation-darioste-divisee-en-quatre-livres\/#breadcrumb","itemListElement":[{"@type":"ListItem","position":1,"name":"Accueil","item":"https:\/\/www.librairieclavreuil.com\/"},{"@type":"ListItem","position":2,"name":"All our books","item":"https:\/\/www.librairieclavreuil.com\/en\/all-our-books\/"},{"@type":"ListItem","position":3,"name":"LA TOUR D&rsquo;ALBENAS Fran\u00e7ois B\u00e9renger de L\u2019Amie Rustique..."}]},{"@type":"WebSite","@id":"https:\/\/www.librairieclavreuil.com\/#website","url":"https:\/\/www.librairieclavreuil.com\/","name":"Libairie Clavreuil","description":"Livres anciens, manuscrits rares et \u00e9ditions originales \u2013 Librairie Clavreuil","publisher":{"@id":"https:\/\/www.librairieclavreuil.com\/#organization"},"potentialAction":[{"@type":"SearchAction","target":{"@type":"EntryPoint","urlTemplate":"https:\/\/www.librairieclavreuil.com\/?s={search_term_string}"},"query-input":{"@type":"PropertyValueSpecification","valueRequired":true,"valueName":"search_term_string"}}],"inLanguage":"en-US"},{"@type":"Organization","@id":"https:\/\/www.librairieclavreuil.com\/#organization","name":"Libairie Clavreuil","url":"https:\/\/www.librairieclavreuil.com\/","logo":{"@type":"ImageObject","inLanguage":"en-US","@id":"https:\/\/www.librairieclavreuil.com\/#\/schema\/logo\/image\/","url":"https:\/\/www.librairieclavreuil.com\/wp-content\/uploads\/2021\/06\/cropped-LOGO_PNG_DATE-_gold-512x512-1.png","contentUrl":"https:\/\/www.librairieclavreuil.com\/wp-content\/uploads\/2021\/06\/cropped-LOGO_PNG_DATE-_gold-512x512-1.png","width":512,"height":512,"caption":"Libairie Clavreuil"},"image":{"@id":"https:\/\/www.librairieclavreuil.com\/#\/schema\/logo\/image\/"},"sameAs":["https:\/\/www.instagram.com\/librairieclavreuil\/"]}]}},"jetpack_sharing_enabled":true,"_links":{"self":[{"href":"https:\/\/www.librairieclavreuil.com\/en\/wp-json\/wp\/v2\/product\/86639","targetHints":{"allow":["GET"]}}],"collection":[{"href":"https:\/\/www.librairieclavreuil.com\/en\/wp-json\/wp\/v2\/product"}],"about":[{"href":"https:\/\/www.librairieclavreuil.com\/en\/wp-json\/wp\/v2\/types\/product"}],"replies":[{"embeddable":true,"href":"https:\/\/www.librairieclavreuil.com\/en\/wp-json\/wp\/v2\/comments?post=86639"}],"wp:featuredmedia":[{"embeddable":true,"href":"https:\/\/www.librairieclavreuil.com\/en\/wp-json\/wp\/v2\/media\/86628"}],"wp:attachment":[{"href":"https:\/\/www.librairieclavreuil.com\/en\/wp-json\/wp\/v2\/media?parent=86639"}],"wp:term":[{"taxonomy":"product_brand","embeddable":true,"href":"https:\/\/www.librairieclavreuil.com\/en\/wp-json\/wp\/v2\/product_brand?post=86639"},{"taxonomy":"product_cat","embeddable":true,"href":"https:\/\/www.librairieclavreuil.com\/en\/wp-json\/wp\/v2\/product_cat?post=86639"},{"taxonomy":"product_tag","embeddable":true,"href":"https:\/\/www.librairieclavreuil.com\/en\/wp-json\/wp\/v2\/product_tag?post=86639"}],"curies":[{"name":"wp","href":"https:\/\/api.w.org\/{rel}","templated":true}]}}