{"id":86450,"date":"2025-05-16T15:37:48","date_gmt":"2025-05-16T13:37:48","guid":{"rendered":"https:\/\/www.librairieclavreuil.com\/jacob-de-cordemoy-eugene-rapport-de-la-commission-chargee-detudier-la-catastrophe-du-grand-sable-a-salazie\/"},"modified":"2025-09-01T14:33:24","modified_gmt":"2025-09-01T12:33:24","slug":"jacob-de-cordemoy-eugene-rapport-de-la-commission-chargee-detudier-la-catastrophe-du-grand-sable-a-salazie","status":"publish","type":"product","link":"https:\/\/www.librairieclavreuil.com\/en\/jacob-de-cordemoy-eugene-rapport-de-la-commission-chargee-detudier-la-catastrophe-du-grand-sable-a-salazie\/","title":{"rendered":"JACOB DE CORDEMOY Eug\u00e8ne Rapport de la Commission..."},"content":{"rendered":"<p style=\"text-align:justify\"><i>Ryckebusch, 4208.<\/i><\/p>\n<p style=\"text-align:justify\"><span style=\"font-variant:small-caps\">First edition. Very rare brochure printed in Saint-Denis, Ile de La R\u00e9union.<\/span><\/p>\n<p style=\"text-align:justify\">It is illustrated with a folding plan of the Grand Sable valley at the time of the commission&#8217;s visit, drawn by M. D\u00e9ramond and lithographed by A. Roussin, as well as 3 original photographs on albumen paper mounted on leaves each with a separate sheet with caption, taken by A. Roussin from drawings by M. P. Cassien. They show : Vue du Piton du Grand-Sable; Lac form\u00e9 apr\u00e8s l&#8217;\u00e9boulis; \u00c9boulis du Piton.<\/p>\n<p style=\"text-align:justify\">Eug\u00e8ne Jacob de Cordemoy (1835-1911), doctor and botanist, descended from a family that had settled in R\u00e9union in the 18th century. His father, Philippe Antoine de Cordemoy, was Governor of R\u00e9union from 3 November 1795 to 7 October 1803.<\/p>\n<p style=\"text-align:justify\">Salazie is a commune located in the Hauts de La R\u00e9union region, to the north-east of the Piton des Neiges, in the natural cirque of the same name. On 26 November 1875, after several days of heavy rain, an entire section of the Gros Morne rampart collapsed, and around 20 million cubic metres of rock buried 17 houses in the village of Grand Sable, covering an area of around 22 hectares, killing 63 of the 65 inhabitants.<\/p>\n<p style=\"text-align:justify\">A good copy preserved in its original wrapper. The printed cover serves as the title.<\/p>\n","protected":false},"excerpt":{"rendered":"<p style=\"text-align:justify\">8vo (224 x 142 mm) 28pp., 3 photographic plates (albumin prints) each with a printed caption on a separate sheet, 1 large lithographed folding plan. Original publisher&#8217;s green self-wrappers (small stain in outer margin, slightly creased).<\/p>\n","protected":false},"featured_media":87819,"comment_status":"open","ping_status":"closed","template":"","meta":{"_acf_changed":false},"product_brand":[],"product_cat":[552],"product_tag":[1224,1360],"class_list":{"0":"post-86450","1":"product","2":"type-product","3":"status-publish","4":"has-post-thumbnail","6":"product_cat-travel","7":"product_tag-colony","8":"product_tag-reunion-island","9":"pa_auteur-jacob-de-cordemoy-eugene-2","10":"pa_type-de-livre-printed-book","12":"first","13":"instock","14":"shipping-taxable","15":"purchasable","16":"product-type-simple"},"acf":{"artist":"Eug\u00e8ne JACOB DE CORDEMOY","chapeau":"Very rare brochure printed at the Ile de la R\u00e9union\r\nillustrated with 3 photographies","adresse_bibliographique":"Saint-Denis, Typographie de Gabriel Lahuppe, 1876","book_type":"Printed book","provenance":"","afficher_prix":""},"yoast_head":"<!-- This site is optimized with the Yoast SEO plugin v24.7 - https:\/\/yoast.com\/wordpress\/plugins\/seo\/ -->\n<title>JACOB DE CORDEMOY Eug\u00e8ne Rapport de la Commission charg\u00e9e d&#039;\u00e9tudier la catastrophe du Grand-Sable, \u00e0 Salazie. - Libairie Clavreuil<\/title>\n<meta name=\"robots\" content=\"index, follow, max-snippet:-1, max-image-preview:large, max-video-preview:-1\" \/>\n<link rel=\"canonical\" href=\"https:\/\/www.librairieclavreuil.com\/en\/jacob-de-cordemoy-eugene-rapport-de-la-commission-chargee-detudier-la-catastrophe-du-grand-sable-a-salazie\/\" \/>\n<meta property=\"og:locale\" content=\"en_US\" \/>\n<meta property=\"og:type\" content=\"article\" \/>\n<meta property=\"og:title\" content=\"JACOB DE CORDEMOY Eug\u00e8ne Rapport de la Commission charg\u00e9e d&#039;\u00e9tudier la catastrophe du Grand-Sable, \u00e0 Salazie. - Libairie Clavreuil\" \/>\n<meta property=\"og:description\" content=\"8vo (224 x 142 mm) 28pp., 3 photographic plates (albumin prints) each with a printed caption on a separate sheet, 1 large lithographed folding plan. Original publisher&#039;s green self-wrappers (small stain in outer margin, slightly creased).\" \/>\n<meta property=\"og:url\" content=\"https:\/\/www.librairieclavreuil.com\/en\/jacob-de-cordemoy-eugene-rapport-de-la-commission-chargee-detudier-la-catastrophe-du-grand-sable-a-salazie\/\" \/>\n<meta property=\"og:site_name\" content=\"Libairie Clavreuil\" \/>\n<meta property=\"article:modified_time\" content=\"2025-09-01T12:33:24+00:00\" \/>\n<meta property=\"og:image\" content=\"https:\/\/www.librairieclavreuil.com\/wp-content\/uploads\/2025\/09\/eugene-jacob-de-cordemoy-rapport-de-la-commission-chargee-d-etudier-la-catastrophe-du-grand-sable-a-salazie-9806-68b5923eb3314.jpg\" \/>\n\t<meta property=\"og:image:width\" content=\"529\" \/>\n\t<meta property=\"og:image:height\" content=\"800\" \/>\n\t<meta property=\"og:image:type\" content=\"image\/jpeg\" \/>\n<meta name=\"twitter:card\" content=\"summary_large_image\" \/>\n<meta name=\"twitter:label1\" content=\"Est. reading time\" \/>\n\t<meta name=\"twitter:data1\" content=\"1 minute\" \/>\n<script type=\"application\/ld+json\" class=\"yoast-schema-graph\">{\"@context\":\"https:\/\/schema.org\",\"@graph\":[{\"@type\":\"WebPage\",\"@id\":\"https:\/\/www.librairieclavreuil.com\/en\/jacob-de-cordemoy-eugene-rapport-de-la-commission-chargee-detudier-la-catastrophe-du-grand-sable-a-salazie\/\",\"url\":\"https:\/\/www.librairieclavreuil.com\/en\/jacob-de-cordemoy-eugene-rapport-de-la-commission-chargee-detudier-la-catastrophe-du-grand-sable-a-salazie\/\",\"name\":\"JACOB DE CORDEMOY Eug\u00e8ne Rapport de la Commission charg\u00e9e d'\u00e9tudier la catastrophe du Grand-Sable, \u00e0 Salazie. - Libairie Clavreuil\",\"isPartOf\":{\"@id\":\"https:\/\/www.librairieclavreuil.com\/#website\"},\"primaryImageOfPage\":{\"@id\":\"https:\/\/www.librairieclavreuil.com\/en\/jacob-de-cordemoy-eugene-rapport-de-la-commission-chargee-detudier-la-catastrophe-du-grand-sable-a-salazie\/#primaryimage\"},\"image\":{\"@id\":\"https:\/\/www.librairieclavreuil.com\/en\/jacob-de-cordemoy-eugene-rapport-de-la-commission-chargee-detudier-la-catastrophe-du-grand-sable-a-salazie\/#primaryimage\"},\"thumbnailUrl\":\"https:\/\/www.librairieclavreuil.com\/wp-content\/uploads\/2025\/09\/eugene-jacob-de-cordemoy-rapport-de-la-commission-chargee-d-etudier-la-catastrophe-du-grand-sable-a-salazie-9806-68b5923eb3314.jpg\",\"datePublished\":\"2025-05-16T13:37:48+00:00\",\"dateModified\":\"2025-09-01T12:33:24+00:00\",\"breadcrumb\":{\"@id\":\"https:\/\/www.librairieclavreuil.com\/en\/jacob-de-cordemoy-eugene-rapport-de-la-commission-chargee-detudier-la-catastrophe-du-grand-sable-a-salazie\/#breadcrumb\"},\"inLanguage\":\"en-US\",\"potentialAction\":[{\"@type\":\"ReadAction\",\"target\":[\"https:\/\/www.librairieclavreuil.com\/en\/jacob-de-cordemoy-eugene-rapport-de-la-commission-chargee-detudier-la-catastrophe-du-grand-sable-a-salazie\/\"]}]},{\"@type\":\"ImageObject\",\"inLanguage\":\"en-US\",\"@id\":\"https:\/\/www.librairieclavreuil.com\/en\/jacob-de-cordemoy-eugene-rapport-de-la-commission-chargee-detudier-la-catastrophe-du-grand-sable-a-salazie\/#primaryimage\",\"url\":\"https:\/\/www.librairieclavreuil.com\/wp-content\/uploads\/2025\/09\/eugene-jacob-de-cordemoy-rapport-de-la-commission-chargee-d-etudier-la-catastrophe-du-grand-sable-a-salazie-9806-68b5923eb3314.jpg\",\"contentUrl\":\"https:\/\/www.librairieclavreuil.com\/wp-content\/uploads\/2025\/09\/eugene-jacob-de-cordemoy-rapport-de-la-commission-chargee-d-etudier-la-catastrophe-du-grand-sable-a-salazie-9806-68b5923eb3314.jpg\",\"width\":529,\"height\":800},{\"@type\":\"BreadcrumbList\",\"@id\":\"https:\/\/www.librairieclavreuil.com\/en\/jacob-de-cordemoy-eugene-rapport-de-la-commission-chargee-detudier-la-catastrophe-du-grand-sable-a-salazie\/#breadcrumb\",\"itemListElement\":[{\"@type\":\"ListItem\",\"position\":1,\"name\":\"Accueil\",\"item\":\"https:\/\/www.librairieclavreuil.com\/\"},{\"@type\":\"ListItem\",\"position\":2,\"name\":\"All our books\",\"item\":\"https:\/\/www.librairieclavreuil.com\/en\/all-our-books\/\"},{\"@type\":\"ListItem\",\"position\":3,\"name\":\"JACOB DE CORDEMOY Eug\u00e8ne Rapport de la Commission...\"}]},{\"@type\":\"WebSite\",\"@id\":\"https:\/\/www.librairieclavreuil.com\/#website\",\"url\":\"https:\/\/www.librairieclavreuil.com\/\",\"name\":\"Libairie Clavreuil\",\"description\":\"Livres anciens, manuscrits rares et \u00e9ditions originales \u2013 Librairie Clavreuil\",\"publisher\":{\"@id\":\"https:\/\/www.librairieclavreuil.com\/#organization\"},\"potentialAction\":[{\"@type\":\"SearchAction\",\"target\":{\"@type\":\"EntryPoint\",\"urlTemplate\":\"https:\/\/www.librairieclavreuil.com\/?s={search_term_string}\"},\"query-input\":{\"@type\":\"PropertyValueSpecification\",\"valueRequired\":true,\"valueName\":\"search_term_string\"}}],\"inLanguage\":\"en-US\"},{\"@type\":\"Organization\",\"@id\":\"https:\/\/www.librairieclavreuil.com\/#organization\",\"name\":\"Libairie Clavreuil\",\"url\":\"https:\/\/www.librairieclavreuil.com\/\",\"logo\":{\"@type\":\"ImageObject\",\"inLanguage\":\"en-US\",\"@id\":\"https:\/\/www.librairieclavreuil.com\/#\/schema\/logo\/image\/\",\"url\":\"https:\/\/www.librairieclavreuil.com\/wp-content\/uploads\/2021\/06\/cropped-LOGO_PNG_DATE-_gold-512x512-1.png\",\"contentUrl\":\"https:\/\/www.librairieclavreuil.com\/wp-content\/uploads\/2021\/06\/cropped-LOGO_PNG_DATE-_gold-512x512-1.png\",\"width\":512,\"height\":512,\"caption\":\"Libairie Clavreuil\"},\"image\":{\"@id\":\"https:\/\/www.librairieclavreuil.com\/#\/schema\/logo\/image\/\"},\"sameAs\":[\"https:\/\/www.instagram.com\/librairieclavreuil\/\"]}]}<\/script>\n<!-- \/ Yoast SEO plugin. -->","yoast_head_json":{"title":"JACOB DE CORDEMOY Eug\u00e8ne Rapport de la Commission charg\u00e9e d'\u00e9tudier la catastrophe du Grand-Sable, \u00e0 Salazie. - Libairie Clavreuil","robots":{"index":"index","follow":"follow","max-snippet":"max-snippet:-1","max-image-preview":"max-image-preview:large","max-video-preview":"max-video-preview:-1"},"canonical":"https:\/\/www.librairieclavreuil.com\/en\/jacob-de-cordemoy-eugene-rapport-de-la-commission-chargee-detudier-la-catastrophe-du-grand-sable-a-salazie\/","og_locale":"en_US","og_type":"article","og_title":"JACOB DE CORDEMOY Eug\u00e8ne Rapport de la Commission charg\u00e9e d'\u00e9tudier la catastrophe du Grand-Sable, \u00e0 Salazie. - Libairie Clavreuil","og_description":"8vo (224 x 142 mm) 28pp., 3 photographic plates (albumin prints) each with a printed caption on a separate sheet, 1 large lithographed folding plan. Original publisher's green self-wrappers (small stain in outer margin, slightly creased).","og_url":"https:\/\/www.librairieclavreuil.com\/en\/jacob-de-cordemoy-eugene-rapport-de-la-commission-chargee-detudier-la-catastrophe-du-grand-sable-a-salazie\/","og_site_name":"Libairie Clavreuil","article_modified_time":"2025-09-01T12:33:24+00:00","og_image":[{"width":529,"height":800,"url":"https:\/\/www.librairieclavreuil.com\/wp-content\/uploads\/2025\/09\/eugene-jacob-de-cordemoy-rapport-de-la-commission-chargee-d-etudier-la-catastrophe-du-grand-sable-a-salazie-9806-68b5923eb3314.jpg","type":"image\/jpeg"}],"twitter_card":"summary_large_image","twitter_misc":{"Est. reading time":"1 minute"},"schema":{"@context":"https:\/\/schema.org","@graph":[{"@type":"WebPage","@id":"https:\/\/www.librairieclavreuil.com\/en\/jacob-de-cordemoy-eugene-rapport-de-la-commission-chargee-detudier-la-catastrophe-du-grand-sable-a-salazie\/","url":"https:\/\/www.librairieclavreuil.com\/en\/jacob-de-cordemoy-eugene-rapport-de-la-commission-chargee-detudier-la-catastrophe-du-grand-sable-a-salazie\/","name":"JACOB DE CORDEMOY Eug\u00e8ne Rapport de la Commission charg\u00e9e d'\u00e9tudier la catastrophe du Grand-Sable, \u00e0 Salazie. - Libairie Clavreuil","isPartOf":{"@id":"https:\/\/www.librairieclavreuil.com\/#website"},"primaryImageOfPage":{"@id":"https:\/\/www.librairieclavreuil.com\/en\/jacob-de-cordemoy-eugene-rapport-de-la-commission-chargee-detudier-la-catastrophe-du-grand-sable-a-salazie\/#primaryimage"},"image":{"@id":"https:\/\/www.librairieclavreuil.com\/en\/jacob-de-cordemoy-eugene-rapport-de-la-commission-chargee-detudier-la-catastrophe-du-grand-sable-a-salazie\/#primaryimage"},"thumbnailUrl":"https:\/\/www.librairieclavreuil.com\/wp-content\/uploads\/2025\/09\/eugene-jacob-de-cordemoy-rapport-de-la-commission-chargee-d-etudier-la-catastrophe-du-grand-sable-a-salazie-9806-68b5923eb3314.jpg","datePublished":"2025-05-16T13:37:48+00:00","dateModified":"2025-09-01T12:33:24+00:00","breadcrumb":{"@id":"https:\/\/www.librairieclavreuil.com\/en\/jacob-de-cordemoy-eugene-rapport-de-la-commission-chargee-detudier-la-catastrophe-du-grand-sable-a-salazie\/#breadcrumb"},"inLanguage":"en-US","potentialAction":[{"@type":"ReadAction","target":["https:\/\/www.librairieclavreuil.com\/en\/jacob-de-cordemoy-eugene-rapport-de-la-commission-chargee-detudier-la-catastrophe-du-grand-sable-a-salazie\/"]}]},{"@type":"ImageObject","inLanguage":"en-US","@id":"https:\/\/www.librairieclavreuil.com\/en\/jacob-de-cordemoy-eugene-rapport-de-la-commission-chargee-detudier-la-catastrophe-du-grand-sable-a-salazie\/#primaryimage","url":"https:\/\/www.librairieclavreuil.com\/wp-content\/uploads\/2025\/09\/eugene-jacob-de-cordemoy-rapport-de-la-commission-chargee-d-etudier-la-catastrophe-du-grand-sable-a-salazie-9806-68b5923eb3314.jpg","contentUrl":"https:\/\/www.librairieclavreuil.com\/wp-content\/uploads\/2025\/09\/eugene-jacob-de-cordemoy-rapport-de-la-commission-chargee-d-etudier-la-catastrophe-du-grand-sable-a-salazie-9806-68b5923eb3314.jpg","width":529,"height":800},{"@type":"BreadcrumbList","@id":"https:\/\/www.librairieclavreuil.com\/en\/jacob-de-cordemoy-eugene-rapport-de-la-commission-chargee-detudier-la-catastrophe-du-grand-sable-a-salazie\/#breadcrumb","itemListElement":[{"@type":"ListItem","position":1,"name":"Accueil","item":"https:\/\/www.librairieclavreuil.com\/"},{"@type":"ListItem","position":2,"name":"All our books","item":"https:\/\/www.librairieclavreuil.com\/en\/all-our-books\/"},{"@type":"ListItem","position":3,"name":"JACOB DE CORDEMOY Eug\u00e8ne Rapport de la Commission..."}]},{"@type":"WebSite","@id":"https:\/\/www.librairieclavreuil.com\/#website","url":"https:\/\/www.librairieclavreuil.com\/","name":"Libairie Clavreuil","description":"Livres anciens, manuscrits rares et \u00e9ditions originales \u2013 Librairie Clavreuil","publisher":{"@id":"https:\/\/www.librairieclavreuil.com\/#organization"},"potentialAction":[{"@type":"SearchAction","target":{"@type":"EntryPoint","urlTemplate":"https:\/\/www.librairieclavreuil.com\/?s={search_term_string}"},"query-input":{"@type":"PropertyValueSpecification","valueRequired":true,"valueName":"search_term_string"}}],"inLanguage":"en-US"},{"@type":"Organization","@id":"https:\/\/www.librairieclavreuil.com\/#organization","name":"Libairie Clavreuil","url":"https:\/\/www.librairieclavreuil.com\/","logo":{"@type":"ImageObject","inLanguage":"en-US","@id":"https:\/\/www.librairieclavreuil.com\/#\/schema\/logo\/image\/","url":"https:\/\/www.librairieclavreuil.com\/wp-content\/uploads\/2021\/06\/cropped-LOGO_PNG_DATE-_gold-512x512-1.png","contentUrl":"https:\/\/www.librairieclavreuil.com\/wp-content\/uploads\/2021\/06\/cropped-LOGO_PNG_DATE-_gold-512x512-1.png","width":512,"height":512,"caption":"Libairie Clavreuil"},"image":{"@id":"https:\/\/www.librairieclavreuil.com\/#\/schema\/logo\/image\/"},"sameAs":["https:\/\/www.instagram.com\/librairieclavreuil\/"]}]}},"jetpack_sharing_enabled":true,"_links":{"self":[{"href":"https:\/\/www.librairieclavreuil.com\/en\/wp-json\/wp\/v2\/product\/86450","targetHints":{"allow":["GET"]}}],"collection":[{"href":"https:\/\/www.librairieclavreuil.com\/en\/wp-json\/wp\/v2\/product"}],"about":[{"href":"https:\/\/www.librairieclavreuil.com\/en\/wp-json\/wp\/v2\/types\/product"}],"replies":[{"embeddable":true,"href":"https:\/\/www.librairieclavreuil.com\/en\/wp-json\/wp\/v2\/comments?post=86450"}],"wp:featuredmedia":[{"embeddable":true,"href":"https:\/\/www.librairieclavreuil.com\/en\/wp-json\/wp\/v2\/media\/87819"}],"wp:attachment":[{"href":"https:\/\/www.librairieclavreuil.com\/en\/wp-json\/wp\/v2\/media?parent=86450"}],"wp:term":[{"taxonomy":"product_brand","embeddable":true,"href":"https:\/\/www.librairieclavreuil.com\/en\/wp-json\/wp\/v2\/product_brand?post=86450"},{"taxonomy":"product_cat","embeddable":true,"href":"https:\/\/www.librairieclavreuil.com\/en\/wp-json\/wp\/v2\/product_cat?post=86450"},{"taxonomy":"product_tag","embeddable":true,"href":"https:\/\/www.librairieclavreuil.com\/en\/wp-json\/wp\/v2\/product_tag?post=86450"}],"curies":[{"name":"wp","href":"https:\/\/api.w.org\/{rel}","templated":true}]}}