{"id":86406,"date":"2025-05-16T15:30:05","date_gmt":"2025-05-16T13:30:05","guid":{"rendered":"https:\/\/www.librairieclavreuil.com\/galois-evariste-oeuvres-mathematiques-devariste-galois-publiees-sous-les-auspices-de-la-societe-mathematique-de-france\/"},"modified":"2025-06-11T11:50:50","modified_gmt":"2025-06-11T09:50:50","slug":"galois-evariste-oeuvres-mathematiques-devariste-galois-publiees-sous-les-auspices-de-la-societe-mathematique-de-france","status":"publish","type":"product","link":"https:\/\/www.librairieclavreuil.com\/en\/galois-evariste-oeuvres-mathematiques-devariste-galois-publiees-sous-les-auspices-de-la-societe-mathematique-de-france\/","title":{"rendered":"GALOIS \u00c9variste \u0152uvres Math\u00e9matiques d&#8217;\u00c9variste Galois, publi\u00e9es sous..."},"content":{"rendered":"<p style=\"text-align:justify\"><i>DSB, V, 259-165.<\/i><\/p>\n<p><span style=\"font-variant:small-caps\">First edition of the works of \u00c9variste Galois (1811-1832).<\/span><\/p>\n<p>Some of the articles were published in 1846 by Liouville in the <i>Journal des Math\u00e9matiques pures<\/i> during Galois&#8217;s lifetime (he died at the age of 20).<\/p>\n<p style=\"text-align:justify\">It begins with the articles published by Galois : 1. D\u00e9monstration d&#8217;un th\u00e9or\u00e8me sur les fractions continues p\u00e9riodiques. 2. Notes sur quelques points d&#8217;analyse. 3. Analyse d&#8217;un m\u00e9moire sur la r\u00e9solution alg\u00e9brique des \u00e9quations. 4. Note sur la r\u00e9solution des \u00e9quations num\u00e9riques. 5. Sur la th\u00e9orie des Nombres.<\/p>\n<p style=\"text-align:justify\">These articles are followed by his posthumous works : 1. Lettre \u00e0 Auguste Chevalier. 2. M\u00e9moire sur les conditions de r\u00e9solubilit\u00e9 des \u00e9quations radicaux. 3. Des \u00e9quations primitives qui sont solubles par radicaux.<\/p>\n<p style=\"text-align:justify\">&#8220;There have been few mathematicians with personalities as engaging as that of Galois, who died at the age of twenty years and seven months from wounds received in a mysterious duel. He left a body of work \u2013 for the most part published posthumously \u2013 of less than 100 pages, the astonishing richness of which was revealed in the second half of the nineteenth century. Far from being a cloistered scholar, this extraordinarily precocious and exceptionally profound genius had an extremely tormented life&#8221; (DSB).<\/p>\n<p style=\"text-align:justify\">Good copy.<\/p>\n","protected":false},"excerpt":{"rendered":"<p style=\"text-align:justify\">8vo (241 x 160 mm) portrait-frontispiece, X, 61 pp., 1 nn.l. (table). Contemporary half black-morocco, spine gilt with raised bands, top edge gilt (hinges slightly rubbed).<\/p>\n","protected":false},"featured_media":86399,"comment_status":"open","ping_status":"closed","template":"","meta":{"_acf_changed":false},"product_brand":[],"product_cat":[550],"product_tag":[1330],"class_list":{"0":"post-86406","1":"product","2":"type-product","3":"status-publish","4":"has-post-thumbnail","6":"product_cat-science","7":"product_tag-mathematics","8":"pa_auteur-galois-evariste-2","9":"pa_type-de-livre-printed-book","11":"first","12":"outofstock","13":"shipping-taxable","14":"purchasable","15":"product-type-simple"},"acf":{"artist":"\u00c9variste GALOIS","chapeau":"","adresse_bibliographique":"Paris, Gauthier-Villars, 1897","book_type":"Printed book","provenance":"","afficher_prix":""},"yoast_head":"<!-- This site is optimized with the Yoast SEO plugin v24.7 - https:\/\/yoast.com\/wordpress\/plugins\/seo\/ -->\n<title>GALOIS \u00c9variste \u0152uvres Math\u00e9matiques d&#039;\u00c9variste Galois, publi\u00e9es sous les auspices de la Soci\u00e9t\u00e9 Math\u00e9matique de France. - Libairie Clavreuil<\/title>\n<meta name=\"robots\" content=\"index, follow, max-snippet:-1, max-image-preview:large, max-video-preview:-1\" \/>\n<link rel=\"canonical\" href=\"https:\/\/www.librairieclavreuil.com\/en\/galois-evariste-oeuvres-mathematiques-devariste-galois-publiees-sous-les-auspices-de-la-societe-mathematique-de-france\/\" \/>\n<meta property=\"og:locale\" content=\"en_US\" \/>\n<meta property=\"og:type\" content=\"article\" \/>\n<meta property=\"og:title\" content=\"GALOIS \u00c9variste \u0152uvres Math\u00e9matiques d&#039;\u00c9variste Galois, publi\u00e9es sous les auspices de la Soci\u00e9t\u00e9 Math\u00e9matique de France. - Libairie Clavreuil\" \/>\n<meta property=\"og:description\" content=\"8vo (241 x 160 mm) portrait-frontispiece, X, 61 pp., 1 nn.l. (table). Contemporary half black-morocco, spine gilt with raised bands, top edge gilt (hinges slightly rubbed).\" \/>\n<meta property=\"og:url\" content=\"https:\/\/www.librairieclavreuil.com\/en\/galois-evariste-oeuvres-mathematiques-devariste-galois-publiees-sous-les-auspices-de-la-societe-mathematique-de-france\/\" \/>\n<meta property=\"og:site_name\" content=\"Libairie Clavreuil\" \/>\n<meta property=\"article:modified_time\" content=\"2025-06-11T09:50:50+00:00\" \/>\n<meta property=\"og:image\" content=\"https:\/\/www.librairieclavreuil.com\/wp-content\/uploads\/2025\/05\/evariste-galois-oeuvres-mathematiques-d-evariste-galois-publiees-sous-les-auspices-de-la-societe-mathematique-de-france-9788-68273cd48f422.jpg\" \/>\n\t<meta property=\"og:image:width\" content=\"622\" \/>\n\t<meta property=\"og:image:height\" content=\"800\" \/>\n\t<meta property=\"og:image:type\" content=\"image\/jpeg\" \/>\n<meta name=\"twitter:card\" content=\"summary_large_image\" \/>\n<meta name=\"twitter:label1\" content=\"Est. reading time\" \/>\n\t<meta name=\"twitter:data1\" content=\"1 minute\" \/>\n<script type=\"application\/ld+json\" class=\"yoast-schema-graph\">{\"@context\":\"https:\/\/schema.org\",\"@graph\":[{\"@type\":\"WebPage\",\"@id\":\"https:\/\/www.librairieclavreuil.com\/en\/galois-evariste-oeuvres-mathematiques-devariste-galois-publiees-sous-les-auspices-de-la-societe-mathematique-de-france\/\",\"url\":\"https:\/\/www.librairieclavreuil.com\/en\/galois-evariste-oeuvres-mathematiques-devariste-galois-publiees-sous-les-auspices-de-la-societe-mathematique-de-france\/\",\"name\":\"GALOIS \u00c9variste \u0152uvres Math\u00e9matiques d'\u00c9variste Galois, publi\u00e9es sous les auspices de la Soci\u00e9t\u00e9 Math\u00e9matique de France. - Libairie Clavreuil\",\"isPartOf\":{\"@id\":\"https:\/\/www.librairieclavreuil.com\/#website\"},\"primaryImageOfPage\":{\"@id\":\"https:\/\/www.librairieclavreuil.com\/en\/galois-evariste-oeuvres-mathematiques-devariste-galois-publiees-sous-les-auspices-de-la-societe-mathematique-de-france\/#primaryimage\"},\"image\":{\"@id\":\"https:\/\/www.librairieclavreuil.com\/en\/galois-evariste-oeuvres-mathematiques-devariste-galois-publiees-sous-les-auspices-de-la-societe-mathematique-de-france\/#primaryimage\"},\"thumbnailUrl\":\"https:\/\/www.librairieclavreuil.com\/wp-content\/uploads\/2025\/05\/evariste-galois-oeuvres-mathematiques-d-evariste-galois-publiees-sous-les-auspices-de-la-societe-mathematique-de-france-9788-68273cd48f422.jpg\",\"datePublished\":\"2025-05-16T13:30:05+00:00\",\"dateModified\":\"2025-06-11T09:50:50+00:00\",\"breadcrumb\":{\"@id\":\"https:\/\/www.librairieclavreuil.com\/en\/galois-evariste-oeuvres-mathematiques-devariste-galois-publiees-sous-les-auspices-de-la-societe-mathematique-de-france\/#breadcrumb\"},\"inLanguage\":\"en-US\",\"potentialAction\":[{\"@type\":\"ReadAction\",\"target\":[\"https:\/\/www.librairieclavreuil.com\/en\/galois-evariste-oeuvres-mathematiques-devariste-galois-publiees-sous-les-auspices-de-la-societe-mathematique-de-france\/\"]}]},{\"@type\":\"ImageObject\",\"inLanguage\":\"en-US\",\"@id\":\"https:\/\/www.librairieclavreuil.com\/en\/galois-evariste-oeuvres-mathematiques-devariste-galois-publiees-sous-les-auspices-de-la-societe-mathematique-de-france\/#primaryimage\",\"url\":\"https:\/\/www.librairieclavreuil.com\/wp-content\/uploads\/2025\/05\/evariste-galois-oeuvres-mathematiques-d-evariste-galois-publiees-sous-les-auspices-de-la-societe-mathematique-de-france-9788-68273cd48f422.jpg\",\"contentUrl\":\"https:\/\/www.librairieclavreuil.com\/wp-content\/uploads\/2025\/05\/evariste-galois-oeuvres-mathematiques-d-evariste-galois-publiees-sous-les-auspices-de-la-societe-mathematique-de-france-9788-68273cd48f422.jpg\",\"width\":622,\"height\":800},{\"@type\":\"BreadcrumbList\",\"@id\":\"https:\/\/www.librairieclavreuil.com\/en\/galois-evariste-oeuvres-mathematiques-devariste-galois-publiees-sous-les-auspices-de-la-societe-mathematique-de-france\/#breadcrumb\",\"itemListElement\":[{\"@type\":\"ListItem\",\"position\":1,\"name\":\"Accueil\",\"item\":\"https:\/\/www.librairieclavreuil.com\/\"},{\"@type\":\"ListItem\",\"position\":2,\"name\":\"All our books\",\"item\":\"https:\/\/www.librairieclavreuil.com\/en\/all-our-books\/\"},{\"@type\":\"ListItem\",\"position\":3,\"name\":\"GALOIS \u00c9variste \u0152uvres Math\u00e9matiques d&rsquo;\u00c9variste Galois, publi\u00e9es sous...\"}]},{\"@type\":\"WebSite\",\"@id\":\"https:\/\/www.librairieclavreuil.com\/#website\",\"url\":\"https:\/\/www.librairieclavreuil.com\/\",\"name\":\"Libairie Clavreuil\",\"description\":\"Livres anciens, manuscrits rares et \u00e9ditions originales \u2013 Librairie Clavreuil\",\"publisher\":{\"@id\":\"https:\/\/www.librairieclavreuil.com\/#organization\"},\"potentialAction\":[{\"@type\":\"SearchAction\",\"target\":{\"@type\":\"EntryPoint\",\"urlTemplate\":\"https:\/\/www.librairieclavreuil.com\/?s={search_term_string}\"},\"query-input\":{\"@type\":\"PropertyValueSpecification\",\"valueRequired\":true,\"valueName\":\"search_term_string\"}}],\"inLanguage\":\"en-US\"},{\"@type\":\"Organization\",\"@id\":\"https:\/\/www.librairieclavreuil.com\/#organization\",\"name\":\"Libairie Clavreuil\",\"url\":\"https:\/\/www.librairieclavreuil.com\/\",\"logo\":{\"@type\":\"ImageObject\",\"inLanguage\":\"en-US\",\"@id\":\"https:\/\/www.librairieclavreuil.com\/#\/schema\/logo\/image\/\",\"url\":\"https:\/\/www.librairieclavreuil.com\/wp-content\/uploads\/2021\/06\/cropped-LOGO_PNG_DATE-_gold-512x512-1.png\",\"contentUrl\":\"https:\/\/www.librairieclavreuil.com\/wp-content\/uploads\/2021\/06\/cropped-LOGO_PNG_DATE-_gold-512x512-1.png\",\"width\":512,\"height\":512,\"caption\":\"Libairie Clavreuil\"},\"image\":{\"@id\":\"https:\/\/www.librairieclavreuil.com\/#\/schema\/logo\/image\/\"},\"sameAs\":[\"https:\/\/www.instagram.com\/librairieclavreuil\/\"]}]}<\/script>\n<!-- \/ Yoast SEO plugin. -->","yoast_head_json":{"title":"GALOIS \u00c9variste \u0152uvres Math\u00e9matiques d'\u00c9variste Galois, publi\u00e9es sous les auspices de la Soci\u00e9t\u00e9 Math\u00e9matique de France. - Libairie Clavreuil","robots":{"index":"index","follow":"follow","max-snippet":"max-snippet:-1","max-image-preview":"max-image-preview:large","max-video-preview":"max-video-preview:-1"},"canonical":"https:\/\/www.librairieclavreuil.com\/en\/galois-evariste-oeuvres-mathematiques-devariste-galois-publiees-sous-les-auspices-de-la-societe-mathematique-de-france\/","og_locale":"en_US","og_type":"article","og_title":"GALOIS \u00c9variste \u0152uvres Math\u00e9matiques d'\u00c9variste Galois, publi\u00e9es sous les auspices de la Soci\u00e9t\u00e9 Math\u00e9matique de France. - Libairie Clavreuil","og_description":"8vo (241 x 160 mm) portrait-frontispiece, X, 61 pp., 1 nn.l. (table). Contemporary half black-morocco, spine gilt with raised bands, top edge gilt (hinges slightly rubbed).","og_url":"https:\/\/www.librairieclavreuil.com\/en\/galois-evariste-oeuvres-mathematiques-devariste-galois-publiees-sous-les-auspices-de-la-societe-mathematique-de-france\/","og_site_name":"Libairie Clavreuil","article_modified_time":"2025-06-11T09:50:50+00:00","og_image":[{"width":622,"height":800,"url":"https:\/\/www.librairieclavreuil.com\/wp-content\/uploads\/2025\/05\/evariste-galois-oeuvres-mathematiques-d-evariste-galois-publiees-sous-les-auspices-de-la-societe-mathematique-de-france-9788-68273cd48f422.jpg","type":"image\/jpeg"}],"twitter_card":"summary_large_image","twitter_misc":{"Est. reading time":"1 minute"},"schema":{"@context":"https:\/\/schema.org","@graph":[{"@type":"WebPage","@id":"https:\/\/www.librairieclavreuil.com\/en\/galois-evariste-oeuvres-mathematiques-devariste-galois-publiees-sous-les-auspices-de-la-societe-mathematique-de-france\/","url":"https:\/\/www.librairieclavreuil.com\/en\/galois-evariste-oeuvres-mathematiques-devariste-galois-publiees-sous-les-auspices-de-la-societe-mathematique-de-france\/","name":"GALOIS \u00c9variste \u0152uvres Math\u00e9matiques d'\u00c9variste Galois, publi\u00e9es sous les auspices de la Soci\u00e9t\u00e9 Math\u00e9matique de France. - Libairie Clavreuil","isPartOf":{"@id":"https:\/\/www.librairieclavreuil.com\/#website"},"primaryImageOfPage":{"@id":"https:\/\/www.librairieclavreuil.com\/en\/galois-evariste-oeuvres-mathematiques-devariste-galois-publiees-sous-les-auspices-de-la-societe-mathematique-de-france\/#primaryimage"},"image":{"@id":"https:\/\/www.librairieclavreuil.com\/en\/galois-evariste-oeuvres-mathematiques-devariste-galois-publiees-sous-les-auspices-de-la-societe-mathematique-de-france\/#primaryimage"},"thumbnailUrl":"https:\/\/www.librairieclavreuil.com\/wp-content\/uploads\/2025\/05\/evariste-galois-oeuvres-mathematiques-d-evariste-galois-publiees-sous-les-auspices-de-la-societe-mathematique-de-france-9788-68273cd48f422.jpg","datePublished":"2025-05-16T13:30:05+00:00","dateModified":"2025-06-11T09:50:50+00:00","breadcrumb":{"@id":"https:\/\/www.librairieclavreuil.com\/en\/galois-evariste-oeuvres-mathematiques-devariste-galois-publiees-sous-les-auspices-de-la-societe-mathematique-de-france\/#breadcrumb"},"inLanguage":"en-US","potentialAction":[{"@type":"ReadAction","target":["https:\/\/www.librairieclavreuil.com\/en\/galois-evariste-oeuvres-mathematiques-devariste-galois-publiees-sous-les-auspices-de-la-societe-mathematique-de-france\/"]}]},{"@type":"ImageObject","inLanguage":"en-US","@id":"https:\/\/www.librairieclavreuil.com\/en\/galois-evariste-oeuvres-mathematiques-devariste-galois-publiees-sous-les-auspices-de-la-societe-mathematique-de-france\/#primaryimage","url":"https:\/\/www.librairieclavreuil.com\/wp-content\/uploads\/2025\/05\/evariste-galois-oeuvres-mathematiques-d-evariste-galois-publiees-sous-les-auspices-de-la-societe-mathematique-de-france-9788-68273cd48f422.jpg","contentUrl":"https:\/\/www.librairieclavreuil.com\/wp-content\/uploads\/2025\/05\/evariste-galois-oeuvres-mathematiques-d-evariste-galois-publiees-sous-les-auspices-de-la-societe-mathematique-de-france-9788-68273cd48f422.jpg","width":622,"height":800},{"@type":"BreadcrumbList","@id":"https:\/\/www.librairieclavreuil.com\/en\/galois-evariste-oeuvres-mathematiques-devariste-galois-publiees-sous-les-auspices-de-la-societe-mathematique-de-france\/#breadcrumb","itemListElement":[{"@type":"ListItem","position":1,"name":"Accueil","item":"https:\/\/www.librairieclavreuil.com\/"},{"@type":"ListItem","position":2,"name":"All our books","item":"https:\/\/www.librairieclavreuil.com\/en\/all-our-books\/"},{"@type":"ListItem","position":3,"name":"GALOIS \u00c9variste \u0152uvres Math\u00e9matiques d&rsquo;\u00c9variste Galois, publi\u00e9es sous..."}]},{"@type":"WebSite","@id":"https:\/\/www.librairieclavreuil.com\/#website","url":"https:\/\/www.librairieclavreuil.com\/","name":"Libairie Clavreuil","description":"Livres anciens, manuscrits rares et \u00e9ditions originales \u2013 Librairie Clavreuil","publisher":{"@id":"https:\/\/www.librairieclavreuil.com\/#organization"},"potentialAction":[{"@type":"SearchAction","target":{"@type":"EntryPoint","urlTemplate":"https:\/\/www.librairieclavreuil.com\/?s={search_term_string}"},"query-input":{"@type":"PropertyValueSpecification","valueRequired":true,"valueName":"search_term_string"}}],"inLanguage":"en-US"},{"@type":"Organization","@id":"https:\/\/www.librairieclavreuil.com\/#organization","name":"Libairie Clavreuil","url":"https:\/\/www.librairieclavreuil.com\/","logo":{"@type":"ImageObject","inLanguage":"en-US","@id":"https:\/\/www.librairieclavreuil.com\/#\/schema\/logo\/image\/","url":"https:\/\/www.librairieclavreuil.com\/wp-content\/uploads\/2021\/06\/cropped-LOGO_PNG_DATE-_gold-512x512-1.png","contentUrl":"https:\/\/www.librairieclavreuil.com\/wp-content\/uploads\/2021\/06\/cropped-LOGO_PNG_DATE-_gold-512x512-1.png","width":512,"height":512,"caption":"Libairie Clavreuil"},"image":{"@id":"https:\/\/www.librairieclavreuil.com\/#\/schema\/logo\/image\/"},"sameAs":["https:\/\/www.instagram.com\/librairieclavreuil\/"]}]}},"jetpack_sharing_enabled":true,"_links":{"self":[{"href":"https:\/\/www.librairieclavreuil.com\/en\/wp-json\/wp\/v2\/product\/86406","targetHints":{"allow":["GET"]}}],"collection":[{"href":"https:\/\/www.librairieclavreuil.com\/en\/wp-json\/wp\/v2\/product"}],"about":[{"href":"https:\/\/www.librairieclavreuil.com\/en\/wp-json\/wp\/v2\/types\/product"}],"replies":[{"embeddable":true,"href":"https:\/\/www.librairieclavreuil.com\/en\/wp-json\/wp\/v2\/comments?post=86406"}],"wp:featuredmedia":[{"embeddable":true,"href":"https:\/\/www.librairieclavreuil.com\/en\/wp-json\/wp\/v2\/media\/86399"}],"wp:attachment":[{"href":"https:\/\/www.librairieclavreuil.com\/en\/wp-json\/wp\/v2\/media?parent=86406"}],"wp:term":[{"taxonomy":"product_brand","embeddable":true,"href":"https:\/\/www.librairieclavreuil.com\/en\/wp-json\/wp\/v2\/product_brand?post=86406"},{"taxonomy":"product_cat","embeddable":true,"href":"https:\/\/www.librairieclavreuil.com\/en\/wp-json\/wp\/v2\/product_cat?post=86406"},{"taxonomy":"product_tag","embeddable":true,"href":"https:\/\/www.librairieclavreuil.com\/en\/wp-json\/wp\/v2\/product_tag?post=86406"}],"curies":[{"name":"wp","href":"https:\/\/api.w.org\/{rel}","templated":true}]}}