{"id":86374,"date":"2025-05-16T15:15:21","date_gmt":"2025-05-16T13:15:21","guid":{"rendered":"https:\/\/www.librairieclavreuil.com\/bonnet-charles-oeuvres-dhistoire-naturelle-et-de-philosophie\/"},"modified":"2025-06-19T12:46:01","modified_gmt":"2025-06-19T10:46:01","slug":"bonnet-charles-oeuvres-dhistoire-naturelle-et-de-philosophie","status":"publish","type":"product","link":"https:\/\/www.librairieclavreuil.com\/en\/bonnet-charles-oeuvres-dhistoire-naturelle-et-de-philosophie\/","title":{"rendered":"BONNET Charles OEuvres d&#8217;histoire naturelle et de philosophie."},"content":{"rendered":"<p style=\"text-align:justify\"><i>DSB, II, 286 ; Nissen, ZBI, 461 (erroneous plate collation) ; see Garrison-Morton, 308 &amp; 472.<\/i><\/p>\n<p style=\"text-align:justify\"><span style=\"font-variant:small-caps\">First collective edition.<\/span><\/p>\n<p style=\"text-align:justify\">Copy of the larger issue in quarto format. It is complete with an engraved portrait of the author, 2 typographical tables and 56 engraved natural history plates.<\/p>\n<p style=\"text-align:justify\">Charles Bonnet (1720-1793) is considered one of the fathers of modern biology. Bonnet first studied at the Geneva academy, where he was taught by the mathematicians Gabriel Cramer and Jean-Louis Calandrini. It was thanks to Cramer that he discovered the works of Newton, Leibniz and Malebranche. At the same time, he was also interested in entomology and plant physiology. He kept up a correspondence with R\u00e9aumur and was much appreciated by Cuvier. In 1740 he was made a correspondent of the Acad\u00e9mie des Sciences in Paris following his experimental demonstration of aphid parthenogenesis, which R\u00e9aumur had tried in vain. Following his appointment as a Fellow of the Royal Society in 1743, he became affiliated to most of the academies and learned societies of Europe, in particular those of Berlin, Stockholm, St Petersburg and Bologna.<\/p>\n<p style=\"text-align:justify\">His works include his writings on insectology and on organised bodies; volume V contains an important chapter on bees.<\/p>\n<p style=\"text-align:justify\">Bonnet &#8220;is considered one of the fathers of modern biology. He is distinguished for both his experimental research and his philosophy, which exerted a profound influence upon the naturalists of the eighteenth and nineteenth centuries&#8221; (DSB).<\/p>\n<p style=\"text-align:justify\">His <i>Trait\u00e9 d&#8217;insectologie<\/i> is a &#8220;pioneering work on experimental entomology [and] incorporates Bonnet&#8217;s most important discovery &#8211; parthenogenetic reproduction &#8211; based on his study of aphids&#8230; This work presents in tabular form a version of the &#8216;great chain of being'&#8221; (Garrison-Morton).<\/p>\n<p style=\"text-align:justify\">Good copy, complete with all its plates. Some occasional toning.<\/p>\n","protected":false},"excerpt":{"rendered":"<p style=\"text-align:justify\">10 parts in 8 volumes 4to (256 x 185 mm) engraved portrait-frontispiece, 4 nn.ll., 2 folding typographical tables, 574 pp., 1 nn.l. (errata), 14 engraved folding plates for I; 2 nn.ll., 524 pp., 2 nn.ll. (avis au relieur and errata), 34 engraved folding plates for volume II; 2 nn.ll., XVI, 579, 2 pp. (errata) for volume III; 2 nn.ll., XX, 395 pp. (IV\/1); 2 nn.ll., 502 pp., 1 nn.l. errata (IV\/2) for volume IV; 2 nn.ll., 2 pp., (errata), IV, 395 pp., 8 engraved folding plates (V\/1) ; 2 nn.ll., 412 pp. (V\/2) for volume V; 4 nn.ll., XXIV, 427 pp. (pp. 423\/24 omitted, not present in any other copy consulted) for volume VI; 2 nn.ll., II, VIII, 698 pp. for volume VII; XIV, X pp., 1 nn.l., 509 pp. for volume VIII. Contemporary marbled sheep, spine gilt with raised bands, red edges (some overall light wear, scratch to spine of volume V).<\/p>\n","protected":false},"featured_media":86371,"comment_status":"open","ping_status":"closed","template":"","meta":{"_acf_changed":false},"product_brand":[],"product_cat":[540],"product_tag":[3301,1266],"class_list":{"0":"post-86374","1":"product","2":"type-product","3":"status-publish","4":"has-post-thumbnail","6":"product_cat-natural-history","7":"product_tag-natural-science","8":"product_tag-philosophy","9":"pa_auteur-bonnet-charles-2","10":"pa_type-de-livre-printed-book","12":"first","13":"instock","14":"shipping-taxable","15":"purchasable","16":"product-type-simple"},"acf":{"artist":" Charles BONNET","chapeau":"","adresse_bibliographique":"Neuch\u00e2tel, Samuel Fauche, 1779-1783","book_type":"Printed book","provenance":"","afficher_prix":""},"yoast_head":"<!-- This site is optimized with the Yoast SEO plugin v24.7 - https:\/\/yoast.com\/wordpress\/plugins\/seo\/ -->\n<title>BONNET Charles OEuvres d&#039;histoire naturelle et de philosophie. - Libairie Clavreuil<\/title>\n<meta name=\"robots\" content=\"index, follow, max-snippet:-1, max-image-preview:large, max-video-preview:-1\" \/>\n<link rel=\"canonical\" href=\"https:\/\/www.librairieclavreuil.com\/en\/bonnet-charles-oeuvres-dhistoire-naturelle-et-de-philosophie\/\" \/>\n<meta property=\"og:locale\" content=\"en_US\" \/>\n<meta property=\"og:type\" content=\"article\" \/>\n<meta property=\"og:title\" content=\"BONNET Charles OEuvres d&#039;histoire naturelle et de philosophie. - Libairie Clavreuil\" \/>\n<meta property=\"og:description\" content=\"10 parts in 8 volumes 4to (256 x 185 mm) engraved portrait-frontispiece, 4 nn.ll., 2 folding typographical tables, 574 pp., 1 nn.l. (errata), 14 engraved folding plates for I; 2 nn.ll., 524 pp., 2 nn.ll. (avis au relieur and errata), 34 engraved folding plates for volume II; 2 nn.ll., XVI, 579, 2 pp. (errata) for volume III; 2 nn.ll., XX, 395 pp. (IV\/1); 2 nn.ll., 502 pp., 1 nn.l. errata (IV\/2) for volume IV; 2 nn.ll., 2 pp., (errata), IV, 395 pp., 8 engraved folding plates (V\/1) ; 2 nn.ll., 412 pp. (V\/2) for volume V; 4 nn.ll., XXIV, 427 pp. (pp. 423\/24 omitted, not present in any other copy consulted) for volume VI; 2 nn.ll., II, VIII, 698 pp. for volume VII; XIV, X pp., 1 nn.l., 509 pp. for volume VIII. Contemporary marbled sheep, spine gilt with raised bands, red edges (some overall light wear, scratch to spine of volume V).\" \/>\n<meta property=\"og:url\" content=\"https:\/\/www.librairieclavreuil.com\/en\/bonnet-charles-oeuvres-dhistoire-naturelle-et-de-philosophie\/\" \/>\n<meta property=\"og:site_name\" content=\"Libairie Clavreuil\" \/>\n<meta property=\"article:modified_time\" content=\"2025-06-19T10:46:01+00:00\" \/>\n<meta property=\"og:image\" content=\"https:\/\/www.librairieclavreuil.com\/wp-content\/uploads\/2025\/05\/charles-bonnet-oeuvres-d-histoire-naturelle-et-de-philosophie-9786-6827385f92a41.jpg\" \/>\n\t<meta property=\"og:image:width\" content=\"622\" \/>\n\t<meta property=\"og:image:height\" content=\"800\" \/>\n\t<meta property=\"og:image:type\" content=\"image\/jpeg\" \/>\n<meta name=\"twitter:card\" content=\"summary_large_image\" \/>\n<meta name=\"twitter:label1\" content=\"Est. reading time\" \/>\n\t<meta name=\"twitter:data1\" content=\"1 minute\" \/>\n<script type=\"application\/ld+json\" class=\"yoast-schema-graph\">{\"@context\":\"https:\/\/schema.org\",\"@graph\":[{\"@type\":\"WebPage\",\"@id\":\"https:\/\/www.librairieclavreuil.com\/en\/bonnet-charles-oeuvres-dhistoire-naturelle-et-de-philosophie\/\",\"url\":\"https:\/\/www.librairieclavreuil.com\/en\/bonnet-charles-oeuvres-dhistoire-naturelle-et-de-philosophie\/\",\"name\":\"BONNET Charles OEuvres d'histoire naturelle et de philosophie. - Libairie Clavreuil\",\"isPartOf\":{\"@id\":\"https:\/\/www.librairieclavreuil.com\/#website\"},\"primaryImageOfPage\":{\"@id\":\"https:\/\/www.librairieclavreuil.com\/en\/bonnet-charles-oeuvres-dhistoire-naturelle-et-de-philosophie\/#primaryimage\"},\"image\":{\"@id\":\"https:\/\/www.librairieclavreuil.com\/en\/bonnet-charles-oeuvres-dhistoire-naturelle-et-de-philosophie\/#primaryimage\"},\"thumbnailUrl\":\"https:\/\/www.librairieclavreuil.com\/wp-content\/uploads\/2025\/05\/charles-bonnet-oeuvres-d-histoire-naturelle-et-de-philosophie-9786-6827385f92a41.jpg\",\"datePublished\":\"2025-05-16T13:15:21+00:00\",\"dateModified\":\"2025-06-19T10:46:01+00:00\",\"breadcrumb\":{\"@id\":\"https:\/\/www.librairieclavreuil.com\/en\/bonnet-charles-oeuvres-dhistoire-naturelle-et-de-philosophie\/#breadcrumb\"},\"inLanguage\":\"en-US\",\"potentialAction\":[{\"@type\":\"ReadAction\",\"target\":[\"https:\/\/www.librairieclavreuil.com\/en\/bonnet-charles-oeuvres-dhistoire-naturelle-et-de-philosophie\/\"]}]},{\"@type\":\"ImageObject\",\"inLanguage\":\"en-US\",\"@id\":\"https:\/\/www.librairieclavreuil.com\/en\/bonnet-charles-oeuvres-dhistoire-naturelle-et-de-philosophie\/#primaryimage\",\"url\":\"https:\/\/www.librairieclavreuil.com\/wp-content\/uploads\/2025\/05\/charles-bonnet-oeuvres-d-histoire-naturelle-et-de-philosophie-9786-6827385f92a41.jpg\",\"contentUrl\":\"https:\/\/www.librairieclavreuil.com\/wp-content\/uploads\/2025\/05\/charles-bonnet-oeuvres-d-histoire-naturelle-et-de-philosophie-9786-6827385f92a41.jpg\",\"width\":622,\"height\":800},{\"@type\":\"BreadcrumbList\",\"@id\":\"https:\/\/www.librairieclavreuil.com\/en\/bonnet-charles-oeuvres-dhistoire-naturelle-et-de-philosophie\/#breadcrumb\",\"itemListElement\":[{\"@type\":\"ListItem\",\"position\":1,\"name\":\"Accueil\",\"item\":\"https:\/\/www.librairieclavreuil.com\/\"},{\"@type\":\"ListItem\",\"position\":2,\"name\":\"All our books\",\"item\":\"https:\/\/www.librairieclavreuil.com\/en\/all-our-books\/\"},{\"@type\":\"ListItem\",\"position\":3,\"name\":\"BONNET Charles OEuvres d&rsquo;histoire naturelle et de philosophie.\"}]},{\"@type\":\"WebSite\",\"@id\":\"https:\/\/www.librairieclavreuil.com\/#website\",\"url\":\"https:\/\/www.librairieclavreuil.com\/\",\"name\":\"Libairie Clavreuil\",\"description\":\"Livres anciens, manuscrits rares et \u00e9ditions originales \u2013 Librairie Clavreuil\",\"publisher\":{\"@id\":\"https:\/\/www.librairieclavreuil.com\/#organization\"},\"potentialAction\":[{\"@type\":\"SearchAction\",\"target\":{\"@type\":\"EntryPoint\",\"urlTemplate\":\"https:\/\/www.librairieclavreuil.com\/?s={search_term_string}\"},\"query-input\":{\"@type\":\"PropertyValueSpecification\",\"valueRequired\":true,\"valueName\":\"search_term_string\"}}],\"inLanguage\":\"en-US\"},{\"@type\":\"Organization\",\"@id\":\"https:\/\/www.librairieclavreuil.com\/#organization\",\"name\":\"Libairie Clavreuil\",\"url\":\"https:\/\/www.librairieclavreuil.com\/\",\"logo\":{\"@type\":\"ImageObject\",\"inLanguage\":\"en-US\",\"@id\":\"https:\/\/www.librairieclavreuil.com\/#\/schema\/logo\/image\/\",\"url\":\"https:\/\/www.librairieclavreuil.com\/wp-content\/uploads\/2021\/06\/cropped-LOGO_PNG_DATE-_gold-512x512-1.png\",\"contentUrl\":\"https:\/\/www.librairieclavreuil.com\/wp-content\/uploads\/2021\/06\/cropped-LOGO_PNG_DATE-_gold-512x512-1.png\",\"width\":512,\"height\":512,\"caption\":\"Libairie Clavreuil\"},\"image\":{\"@id\":\"https:\/\/www.librairieclavreuil.com\/#\/schema\/logo\/image\/\"},\"sameAs\":[\"https:\/\/www.instagram.com\/librairieclavreuil\/\"]}]}<\/script>\n<!-- \/ Yoast SEO plugin. -->","yoast_head_json":{"title":"BONNET Charles OEuvres d'histoire naturelle et de philosophie. - Libairie Clavreuil","robots":{"index":"index","follow":"follow","max-snippet":"max-snippet:-1","max-image-preview":"max-image-preview:large","max-video-preview":"max-video-preview:-1"},"canonical":"https:\/\/www.librairieclavreuil.com\/en\/bonnet-charles-oeuvres-dhistoire-naturelle-et-de-philosophie\/","og_locale":"en_US","og_type":"article","og_title":"BONNET Charles OEuvres d'histoire naturelle et de philosophie. - Libairie Clavreuil","og_description":"10 parts in 8 volumes 4to (256 x 185 mm) engraved portrait-frontispiece, 4 nn.ll., 2 folding typographical tables, 574 pp., 1 nn.l. (errata), 14 engraved folding plates for I; 2 nn.ll., 524 pp., 2 nn.ll. (avis au relieur and errata), 34 engraved folding plates for volume II; 2 nn.ll., XVI, 579, 2 pp. (errata) for volume III; 2 nn.ll., XX, 395 pp. (IV\/1); 2 nn.ll., 502 pp., 1 nn.l. errata (IV\/2) for volume IV; 2 nn.ll., 2 pp., (errata), IV, 395 pp., 8 engraved folding plates (V\/1) ; 2 nn.ll., 412 pp. (V\/2) for volume V; 4 nn.ll., XXIV, 427 pp. (pp. 423\/24 omitted, not present in any other copy consulted) for volume VI; 2 nn.ll., II, VIII, 698 pp. for volume VII; XIV, X pp., 1 nn.l., 509 pp. for volume VIII. Contemporary marbled sheep, spine gilt with raised bands, red edges (some overall light wear, scratch to spine of volume V).","og_url":"https:\/\/www.librairieclavreuil.com\/en\/bonnet-charles-oeuvres-dhistoire-naturelle-et-de-philosophie\/","og_site_name":"Libairie Clavreuil","article_modified_time":"2025-06-19T10:46:01+00:00","og_image":[{"width":622,"height":800,"url":"https:\/\/www.librairieclavreuil.com\/wp-content\/uploads\/2025\/05\/charles-bonnet-oeuvres-d-histoire-naturelle-et-de-philosophie-9786-6827385f92a41.jpg","type":"image\/jpeg"}],"twitter_card":"summary_large_image","twitter_misc":{"Est. reading time":"1 minute"},"schema":{"@context":"https:\/\/schema.org","@graph":[{"@type":"WebPage","@id":"https:\/\/www.librairieclavreuil.com\/en\/bonnet-charles-oeuvres-dhistoire-naturelle-et-de-philosophie\/","url":"https:\/\/www.librairieclavreuil.com\/en\/bonnet-charles-oeuvres-dhistoire-naturelle-et-de-philosophie\/","name":"BONNET Charles OEuvres d'histoire naturelle et de philosophie. - Libairie Clavreuil","isPartOf":{"@id":"https:\/\/www.librairieclavreuil.com\/#website"},"primaryImageOfPage":{"@id":"https:\/\/www.librairieclavreuil.com\/en\/bonnet-charles-oeuvres-dhistoire-naturelle-et-de-philosophie\/#primaryimage"},"image":{"@id":"https:\/\/www.librairieclavreuil.com\/en\/bonnet-charles-oeuvres-dhistoire-naturelle-et-de-philosophie\/#primaryimage"},"thumbnailUrl":"https:\/\/www.librairieclavreuil.com\/wp-content\/uploads\/2025\/05\/charles-bonnet-oeuvres-d-histoire-naturelle-et-de-philosophie-9786-6827385f92a41.jpg","datePublished":"2025-05-16T13:15:21+00:00","dateModified":"2025-06-19T10:46:01+00:00","breadcrumb":{"@id":"https:\/\/www.librairieclavreuil.com\/en\/bonnet-charles-oeuvres-dhistoire-naturelle-et-de-philosophie\/#breadcrumb"},"inLanguage":"en-US","potentialAction":[{"@type":"ReadAction","target":["https:\/\/www.librairieclavreuil.com\/en\/bonnet-charles-oeuvres-dhistoire-naturelle-et-de-philosophie\/"]}]},{"@type":"ImageObject","inLanguage":"en-US","@id":"https:\/\/www.librairieclavreuil.com\/en\/bonnet-charles-oeuvres-dhistoire-naturelle-et-de-philosophie\/#primaryimage","url":"https:\/\/www.librairieclavreuil.com\/wp-content\/uploads\/2025\/05\/charles-bonnet-oeuvres-d-histoire-naturelle-et-de-philosophie-9786-6827385f92a41.jpg","contentUrl":"https:\/\/www.librairieclavreuil.com\/wp-content\/uploads\/2025\/05\/charles-bonnet-oeuvres-d-histoire-naturelle-et-de-philosophie-9786-6827385f92a41.jpg","width":622,"height":800},{"@type":"BreadcrumbList","@id":"https:\/\/www.librairieclavreuil.com\/en\/bonnet-charles-oeuvres-dhistoire-naturelle-et-de-philosophie\/#breadcrumb","itemListElement":[{"@type":"ListItem","position":1,"name":"Accueil","item":"https:\/\/www.librairieclavreuil.com\/"},{"@type":"ListItem","position":2,"name":"All our books","item":"https:\/\/www.librairieclavreuil.com\/en\/all-our-books\/"},{"@type":"ListItem","position":3,"name":"BONNET Charles OEuvres d&rsquo;histoire naturelle et de philosophie."}]},{"@type":"WebSite","@id":"https:\/\/www.librairieclavreuil.com\/#website","url":"https:\/\/www.librairieclavreuil.com\/","name":"Libairie Clavreuil","description":"Livres anciens, manuscrits rares et \u00e9ditions originales \u2013 Librairie Clavreuil","publisher":{"@id":"https:\/\/www.librairieclavreuil.com\/#organization"},"potentialAction":[{"@type":"SearchAction","target":{"@type":"EntryPoint","urlTemplate":"https:\/\/www.librairieclavreuil.com\/?s={search_term_string}"},"query-input":{"@type":"PropertyValueSpecification","valueRequired":true,"valueName":"search_term_string"}}],"inLanguage":"en-US"},{"@type":"Organization","@id":"https:\/\/www.librairieclavreuil.com\/#organization","name":"Libairie Clavreuil","url":"https:\/\/www.librairieclavreuil.com\/","logo":{"@type":"ImageObject","inLanguage":"en-US","@id":"https:\/\/www.librairieclavreuil.com\/#\/schema\/logo\/image\/","url":"https:\/\/www.librairieclavreuil.com\/wp-content\/uploads\/2021\/06\/cropped-LOGO_PNG_DATE-_gold-512x512-1.png","contentUrl":"https:\/\/www.librairieclavreuil.com\/wp-content\/uploads\/2021\/06\/cropped-LOGO_PNG_DATE-_gold-512x512-1.png","width":512,"height":512,"caption":"Libairie Clavreuil"},"image":{"@id":"https:\/\/www.librairieclavreuil.com\/#\/schema\/logo\/image\/"},"sameAs":["https:\/\/www.instagram.com\/librairieclavreuil\/"]}]}},"jetpack_sharing_enabled":true,"_links":{"self":[{"href":"https:\/\/www.librairieclavreuil.com\/en\/wp-json\/wp\/v2\/product\/86374","targetHints":{"allow":["GET"]}}],"collection":[{"href":"https:\/\/www.librairieclavreuil.com\/en\/wp-json\/wp\/v2\/product"}],"about":[{"href":"https:\/\/www.librairieclavreuil.com\/en\/wp-json\/wp\/v2\/types\/product"}],"replies":[{"embeddable":true,"href":"https:\/\/www.librairieclavreuil.com\/en\/wp-json\/wp\/v2\/comments?post=86374"}],"wp:featuredmedia":[{"embeddable":true,"href":"https:\/\/www.librairieclavreuil.com\/en\/wp-json\/wp\/v2\/media\/86371"}],"wp:attachment":[{"href":"https:\/\/www.librairieclavreuil.com\/en\/wp-json\/wp\/v2\/media?parent=86374"}],"wp:term":[{"taxonomy":"product_brand","embeddable":true,"href":"https:\/\/www.librairieclavreuil.com\/en\/wp-json\/wp\/v2\/product_brand?post=86374"},{"taxonomy":"product_cat","embeddable":true,"href":"https:\/\/www.librairieclavreuil.com\/en\/wp-json\/wp\/v2\/product_cat?post=86374"},{"taxonomy":"product_tag","embeddable":true,"href":"https:\/\/www.librairieclavreuil.com\/en\/wp-json\/wp\/v2\/product_tag?post=86374"}],"curies":[{"name":"wp","href":"https:\/\/api.w.org\/{rel}","templated":true}]}}