{"id":86370,"date":"2025-05-16T15:15:14","date_gmt":"2025-05-16T13:15:14","guid":{"rendered":"https:\/\/www.librairieclavreuil.com\/bancarel-francois-collection-abregee-des-voyages-anciens-et-modernes-autour-du-monde-avec-des-extraits-des-autres-voyageurs-les-plus-celebres-et-les-plus-recents-contenant-des-details-exacts-sur-les\/"},"modified":"2025-06-19T12:45:56","modified_gmt":"2025-06-19T10:45:56","slug":"bancarel-francois-collection-abregee-des-voyages-anciens-et-modernes-autour-du-monde-avec-des-extraits-des-autres-voyageurs-les-plus-celebres-et-les-plus-recents-contenant-des-details-exacts-sur-les","status":"publish","type":"product","link":"https:\/\/www.librairieclavreuil.com\/en\/bancarel-francois-collection-abregee-des-voyages-anciens-et-modernes-autour-du-monde-avec-des-extraits-des-autres-voyageurs-les-plus-celebres-et-les-plus-recents-contenant-des-details-exacts-sur-les\/","title":{"rendered":"BANCAREL Fran\u00e7ois Collection abr\u00e9g\u00e9e des voyages anciens et..."},"content":{"rendered":"<p style=\"text-align:justify\"><i>Qu\u00e9rard, I, 168 ; Brunet, 19792. Not in Boucher de la Richarderie, nor in Sabin.<\/i><\/p>\n<p style=\"text-align:justify\"><span style=\"font-variant:small-caps\">First and only edition of this anthology of great voyages.<\/span><\/p>\n<p style=\"text-align:justify\">It is richly decorated with 8 portraits of navigators, 70 engraved plates and 6 large folding engraved maps.<\/p>\n<p style=\"text-align:justify\">This remarkable collection contains many important accounts of voyages and explorations, including those of: Christopher Columbus, Vasco de Gama, Magellan, Drake, Spilberg, Le Maire, l&#8217;Hermitte, Clipperton, Gemelli Carreri, Shelvock, Dampier, Cowley, Woode Rogers, Wallis, Le Gentil, Anson, Surville, Roggeween, Byron, Carteret, Bougainville, Pag\u00e8s, Cook, La P\u00e9rouse.<\/p>\n<p style=\"text-align:justify\">The plates illustrate customs, costumes and natural history. The 6 large maps by Poirson are captioned : Planisph\u00e8re&#8230; 1810 ; Am\u00e9rique m\u00e9ridionale, 1808 ; Am\u00e9rique septentrionale, 1809 ; Carte d&#8217;Asie, 1810 ; Carte d&#8217;Afrique, 1809 ; Carte r\u00e9duite donnant toutes les d\u00e9couvertes faites dans le grand oc\u00e9an nomm\u00e9 aussi Oc\u00e9an Pacifique ou Mer du sud, 1810.<\/p>\n<p style=\"text-align:justify\">Very fine copy, decoratively bound at the time and complete with all its plates called for.<\/p>\n","protected":false},"excerpt":{"rendered":"<p style=\"text-align:justify\">12 volumes 8vo (198 x 125 mm) engraved portrait frontispiece of Christopher Columbus, 2 nn.ll., XVI, 609 pp., 1 nn.l. (errata), 1 engraved folding map, 5 engraved plates and 1 engraved portrait (Vasco da Gama) for volume I; 2 nn.ll., engraved frontispiece (death of Magellan), 472 pp., 1 engraved folding map, 4 engraved plates for volume II; 2 nn.ll., engraved portrait of Gemelli Careri, 592 pp., 1 engraved folding map, 6 engraved plates for volume III; 2 nn.ll., 500 pp., 1 engraved folding map, 5 engraved plates for volume IV; engraved portrait frontispiece of Anson, 496 pp., 1 engraved folding map, 3 engraved plates (including a portrait of Christopher Columbus) for volume V; 447 pp., 1 engraved folding map, 4 engraved plates for volume VI ; engraved portrait frontispiece of Bougainville, 469 pp., 5 engraved plates for volume VII ; engraved portrait frontispiece of Captain James Cook, 432 pp., 6 engraved plates for &nbsp;volume VIII; 482 pp., 10 engraved plates for volume IX ; 575 pp., 13 engraved plates for volume X ; engraved portrait frontispiece of La P\u00e9rouse, 504 pp., 2 engraved plates for volume XI ; 324 pp., 7 engraved plates for volume XII. Contemporary tree calf, decorative gilt border on covers, flat spines richly gilt in Boz\u00e9rian style, lettering pieces in light brown morocco, marbled edges.<\/p>\n","protected":false},"featured_media":86343,"comment_status":"open","ping_status":"closed","template":"","meta":{"_acf_changed":false},"product_brand":[],"product_cat":[552],"product_tag":[620,1404],"class_list":{"0":"post-86370","1":"product","2":"type-product","3":"status-publish","4":"has-post-thumbnail","6":"product_cat-travel","7":"product_tag-travel","8":"product_tag-travels-in-general","9":"pa_auteur-bancarel-francois-2","10":"pa_type-de-livre-printed-book","12":"first","13":"instock","14":"shipping-taxable","15":"purchasable","16":"product-type-simple"},"acf":{"artist":"Fran\u00e7ois BANCAREL","chapeau":"","adresse_bibliographique":"Paris, Dufart p\u00e8re, 1808-1809","book_type":"Printed book","provenance":"","afficher_prix":""},"yoast_head":"<!-- This site is optimized with the Yoast SEO plugin v24.7 - https:\/\/yoast.com\/wordpress\/plugins\/seo\/ -->\n<title>BANCAREL Fran\u00e7ois Collection abr\u00e9g\u00e9e des voyages anciens et modernes autour du monde. Avec des extraits des autres voyageurs les plus c\u00e9l\u00e8bres et les plus r\u00e9cents, contenant des d\u00e9tails exacts sur les m\u0153urs, les usages et les productions les plus remarquables des diff\u00e9rents peuples de la terre. - Libairie Clavreuil<\/title>\n<meta name=\"robots\" content=\"index, follow, max-snippet:-1, max-image-preview:large, max-video-preview:-1\" \/>\n<link rel=\"canonical\" href=\"https:\/\/www.librairieclavreuil.com\/en\/bancarel-francois-collection-abregee-des-voyages-anciens-et-modernes-autour-du-monde-avec-des-extraits-des-autres-voyageurs-les-plus-celebres-et-les-plus-recents-contenant-des-details-exacts-sur-les\/\" \/>\n<meta property=\"og:locale\" content=\"en_US\" \/>\n<meta property=\"og:type\" content=\"article\" \/>\n<meta property=\"og:title\" content=\"BANCAREL Fran\u00e7ois Collection abr\u00e9g\u00e9e des voyages anciens et modernes autour du monde. Avec des extraits des autres voyageurs les plus c\u00e9l\u00e8bres et les plus r\u00e9cents, contenant des d\u00e9tails exacts sur les m\u0153urs, les usages et les productions les plus remarquables des diff\u00e9rents peuples de la terre. - Libairie Clavreuil\" \/>\n<meta property=\"og:description\" content=\"12 volumes 8vo (198 x 125 mm) engraved portrait frontispiece of Christopher Columbus, 2 nn.ll., XVI, 609 pp., 1 nn.l. (errata), 1 engraved folding map, 5 engraved plates and 1 engraved portrait (Vasco da Gama) for volume I; 2 nn.ll., engraved frontispiece (death of Magellan), 472 pp., 1 engraved folding map, 4 engraved plates for volume II; 2 nn.ll., engraved portrait of Gemelli Careri, 592 pp., 1 engraved folding map, 6 engraved plates for volume III; 2 nn.ll., 500 pp., 1 engraved folding map, 5 engraved plates for volume IV; engraved portrait frontispiece of Anson, 496 pp., 1 engraved folding map, 3 engraved plates (including a portrait of Christopher Columbus) for volume V; 447 pp., 1 engraved folding map, 4 engraved plates for volume VI ; engraved portrait frontispiece of Bougainville, 469 pp., 5 engraved plates for volume VII ; engraved portrait frontispiece of Captain James Cook, 432 pp., 6 engraved plates for &nbsp;volume VIII; 482 pp., 10 engraved plates for volume IX ; 575 pp., 13 engraved plates for volume X ; engraved portrait frontispiece of La P\u00e9rouse, 504 pp., 2 engraved plates for volume XI ; 324 pp., 7 engraved plates for volume XII. Contemporary tree calf, decorative gilt border on covers, flat spines richly gilt in Boz\u00e9rian style, lettering pieces in light brown morocco, marbled edges.\" \/>\n<meta property=\"og:url\" content=\"https:\/\/www.librairieclavreuil.com\/en\/bancarel-francois-collection-abregee-des-voyages-anciens-et-modernes-autour-du-monde-avec-des-extraits-des-autres-voyageurs-les-plus-celebres-et-les-plus-recents-contenant-des-details-exacts-sur-les\/\" \/>\n<meta property=\"og:site_name\" content=\"Libairie Clavreuil\" \/>\n<meta property=\"article:modified_time\" content=\"2025-06-19T10:45:56+00:00\" \/>\n<meta property=\"og:image\" content=\"https:\/\/www.librairieclavreuil.com\/wp-content\/uploads\/2025\/05\/francois-bancarel-collection-abregee-des-voyages-anciens-et-modernes-autour-du-monde-avec-des-extraits-des-autres-voyageurs-les-plus-celebre-682736dce9ae5.jpg\" \/>\n\t<meta property=\"og:image:width\" content=\"800\" \/>\n\t<meta property=\"og:image:height\" content=\"622\" \/>\n\t<meta property=\"og:image:type\" content=\"image\/jpeg\" \/>\n<meta name=\"twitter:card\" content=\"summary_large_image\" \/>\n<meta name=\"twitter:label1\" content=\"Est. reading time\" \/>\n\t<meta name=\"twitter:data1\" content=\"1 minute\" \/>\n<script type=\"application\/ld+json\" class=\"yoast-schema-graph\">{\"@context\":\"https:\/\/schema.org\",\"@graph\":[{\"@type\":\"WebPage\",\"@id\":\"https:\/\/www.librairieclavreuil.com\/en\/bancarel-francois-collection-abregee-des-voyages-anciens-et-modernes-autour-du-monde-avec-des-extraits-des-autres-voyageurs-les-plus-celebres-et-les-plus-recents-contenant-des-details-exacts-sur-les\/\",\"url\":\"https:\/\/www.librairieclavreuil.com\/en\/bancarel-francois-collection-abregee-des-voyages-anciens-et-modernes-autour-du-monde-avec-des-extraits-des-autres-voyageurs-les-plus-celebres-et-les-plus-recents-contenant-des-details-exacts-sur-les\/\",\"name\":\"BANCAREL Fran\u00e7ois Collection abr\u00e9g\u00e9e des voyages anciens et modernes autour du monde. Avec des extraits des autres voyageurs les plus c\u00e9l\u00e8bres et les plus r\u00e9cents, contenant des d\u00e9tails exacts sur les m\u0153urs, les usages et les productions les plus remarquables des diff\u00e9rents peuples de la terre. - Libairie Clavreuil\",\"isPartOf\":{\"@id\":\"https:\/\/www.librairieclavreuil.com\/#website\"},\"primaryImageOfPage\":{\"@id\":\"https:\/\/www.librairieclavreuil.com\/en\/bancarel-francois-collection-abregee-des-voyages-anciens-et-modernes-autour-du-monde-avec-des-extraits-des-autres-voyageurs-les-plus-celebres-et-les-plus-recents-contenant-des-details-exacts-sur-les\/#primaryimage\"},\"image\":{\"@id\":\"https:\/\/www.librairieclavreuil.com\/en\/bancarel-francois-collection-abregee-des-voyages-anciens-et-modernes-autour-du-monde-avec-des-extraits-des-autres-voyageurs-les-plus-celebres-et-les-plus-recents-contenant-des-details-exacts-sur-les\/#primaryimage\"},\"thumbnailUrl\":\"https:\/\/www.librairieclavreuil.com\/wp-content\/uploads\/2025\/05\/francois-bancarel-collection-abregee-des-voyages-anciens-et-modernes-autour-du-monde-avec-des-extraits-des-autres-voyageurs-les-plus-celebre-682736dce9ae5.jpg\",\"datePublished\":\"2025-05-16T13:15:14+00:00\",\"dateModified\":\"2025-06-19T10:45:56+00:00\",\"breadcrumb\":{\"@id\":\"https:\/\/www.librairieclavreuil.com\/en\/bancarel-francois-collection-abregee-des-voyages-anciens-et-modernes-autour-du-monde-avec-des-extraits-des-autres-voyageurs-les-plus-celebres-et-les-plus-recents-contenant-des-details-exacts-sur-les\/#breadcrumb\"},\"inLanguage\":\"en-US\",\"potentialAction\":[{\"@type\":\"ReadAction\",\"target\":[\"https:\/\/www.librairieclavreuil.com\/en\/bancarel-francois-collection-abregee-des-voyages-anciens-et-modernes-autour-du-monde-avec-des-extraits-des-autres-voyageurs-les-plus-celebres-et-les-plus-recents-contenant-des-details-exacts-sur-les\/\"]}]},{\"@type\":\"ImageObject\",\"inLanguage\":\"en-US\",\"@id\":\"https:\/\/www.librairieclavreuil.com\/en\/bancarel-francois-collection-abregee-des-voyages-anciens-et-modernes-autour-du-monde-avec-des-extraits-des-autres-voyageurs-les-plus-celebres-et-les-plus-recents-contenant-des-details-exacts-sur-les\/#primaryimage\",\"url\":\"https:\/\/www.librairieclavreuil.com\/wp-content\/uploads\/2025\/05\/francois-bancarel-collection-abregee-des-voyages-anciens-et-modernes-autour-du-monde-avec-des-extraits-des-autres-voyageurs-les-plus-celebre-682736dce9ae5.jpg\",\"contentUrl\":\"https:\/\/www.librairieclavreuil.com\/wp-content\/uploads\/2025\/05\/francois-bancarel-collection-abregee-des-voyages-anciens-et-modernes-autour-du-monde-avec-des-extraits-des-autres-voyageurs-les-plus-celebre-682736dce9ae5.jpg\",\"width\":800,\"height\":622},{\"@type\":\"BreadcrumbList\",\"@id\":\"https:\/\/www.librairieclavreuil.com\/en\/bancarel-francois-collection-abregee-des-voyages-anciens-et-modernes-autour-du-monde-avec-des-extraits-des-autres-voyageurs-les-plus-celebres-et-les-plus-recents-contenant-des-details-exacts-sur-les\/#breadcrumb\",\"itemListElement\":[{\"@type\":\"ListItem\",\"position\":1,\"name\":\"Accueil\",\"item\":\"https:\/\/www.librairieclavreuil.com\/\"},{\"@type\":\"ListItem\",\"position\":2,\"name\":\"All our books\",\"item\":\"https:\/\/www.librairieclavreuil.com\/en\/all-our-books\/\"},{\"@type\":\"ListItem\",\"position\":3,\"name\":\"BANCAREL Fran\u00e7ois Collection abr\u00e9g\u00e9e des voyages anciens et...\"}]},{\"@type\":\"WebSite\",\"@id\":\"https:\/\/www.librairieclavreuil.com\/#website\",\"url\":\"https:\/\/www.librairieclavreuil.com\/\",\"name\":\"Libairie Clavreuil\",\"description\":\"Livres anciens, manuscrits rares et \u00e9ditions originales \u2013 Librairie Clavreuil\",\"publisher\":{\"@id\":\"https:\/\/www.librairieclavreuil.com\/#organization\"},\"potentialAction\":[{\"@type\":\"SearchAction\",\"target\":{\"@type\":\"EntryPoint\",\"urlTemplate\":\"https:\/\/www.librairieclavreuil.com\/?s={search_term_string}\"},\"query-input\":{\"@type\":\"PropertyValueSpecification\",\"valueRequired\":true,\"valueName\":\"search_term_string\"}}],\"inLanguage\":\"en-US\"},{\"@type\":\"Organization\",\"@id\":\"https:\/\/www.librairieclavreuil.com\/#organization\",\"name\":\"Libairie Clavreuil\",\"url\":\"https:\/\/www.librairieclavreuil.com\/\",\"logo\":{\"@type\":\"ImageObject\",\"inLanguage\":\"en-US\",\"@id\":\"https:\/\/www.librairieclavreuil.com\/#\/schema\/logo\/image\/\",\"url\":\"https:\/\/www.librairieclavreuil.com\/wp-content\/uploads\/2021\/06\/cropped-LOGO_PNG_DATE-_gold-512x512-1.png\",\"contentUrl\":\"https:\/\/www.librairieclavreuil.com\/wp-content\/uploads\/2021\/06\/cropped-LOGO_PNG_DATE-_gold-512x512-1.png\",\"width\":512,\"height\":512,\"caption\":\"Libairie Clavreuil\"},\"image\":{\"@id\":\"https:\/\/www.librairieclavreuil.com\/#\/schema\/logo\/image\/\"},\"sameAs\":[\"https:\/\/www.instagram.com\/librairieclavreuil\/\"]}]}<\/script>\n<!-- \/ Yoast SEO plugin. -->","yoast_head_json":{"title":"BANCAREL Fran\u00e7ois Collection abr\u00e9g\u00e9e des voyages anciens et modernes autour du monde. Avec des extraits des autres voyageurs les plus c\u00e9l\u00e8bres et les plus r\u00e9cents, contenant des d\u00e9tails exacts sur les m\u0153urs, les usages et les productions les plus remarquables des diff\u00e9rents peuples de la terre. - Libairie Clavreuil","robots":{"index":"index","follow":"follow","max-snippet":"max-snippet:-1","max-image-preview":"max-image-preview:large","max-video-preview":"max-video-preview:-1"},"canonical":"https:\/\/www.librairieclavreuil.com\/en\/bancarel-francois-collection-abregee-des-voyages-anciens-et-modernes-autour-du-monde-avec-des-extraits-des-autres-voyageurs-les-plus-celebres-et-les-plus-recents-contenant-des-details-exacts-sur-les\/","og_locale":"en_US","og_type":"article","og_title":"BANCAREL Fran\u00e7ois Collection abr\u00e9g\u00e9e des voyages anciens et modernes autour du monde. Avec des extraits des autres voyageurs les plus c\u00e9l\u00e8bres et les plus r\u00e9cents, contenant des d\u00e9tails exacts sur les m\u0153urs, les usages et les productions les plus remarquables des diff\u00e9rents peuples de la terre. - Libairie Clavreuil","og_description":"12 volumes 8vo (198 x 125 mm) engraved portrait frontispiece of Christopher Columbus, 2 nn.ll., XVI, 609 pp., 1 nn.l. (errata), 1 engraved folding map, 5 engraved plates and 1 engraved portrait (Vasco da Gama) for volume I; 2 nn.ll., engraved frontispiece (death of Magellan), 472 pp., 1 engraved folding map, 4 engraved plates for volume II; 2 nn.ll., engraved portrait of Gemelli Careri, 592 pp., 1 engraved folding map, 6 engraved plates for volume III; 2 nn.ll., 500 pp., 1 engraved folding map, 5 engraved plates for volume IV; engraved portrait frontispiece of Anson, 496 pp., 1 engraved folding map, 3 engraved plates (including a portrait of Christopher Columbus) for volume V; 447 pp., 1 engraved folding map, 4 engraved plates for volume VI ; engraved portrait frontispiece of Bougainville, 469 pp., 5 engraved plates for volume VII ; engraved portrait frontispiece of Captain James Cook, 432 pp., 6 engraved plates for &nbsp;volume VIII; 482 pp., 10 engraved plates for volume IX ; 575 pp., 13 engraved plates for volume X ; engraved portrait frontispiece of La P\u00e9rouse, 504 pp., 2 engraved plates for volume XI ; 324 pp., 7 engraved plates for volume XII. Contemporary tree calf, decorative gilt border on covers, flat spines richly gilt in Boz\u00e9rian style, lettering pieces in light brown morocco, marbled edges.","og_url":"https:\/\/www.librairieclavreuil.com\/en\/bancarel-francois-collection-abregee-des-voyages-anciens-et-modernes-autour-du-monde-avec-des-extraits-des-autres-voyageurs-les-plus-celebres-et-les-plus-recents-contenant-des-details-exacts-sur-les\/","og_site_name":"Libairie Clavreuil","article_modified_time":"2025-06-19T10:45:56+00:00","og_image":[{"width":800,"height":622,"url":"https:\/\/www.librairieclavreuil.com\/wp-content\/uploads\/2025\/05\/francois-bancarel-collection-abregee-des-voyages-anciens-et-modernes-autour-du-monde-avec-des-extraits-des-autres-voyageurs-les-plus-celebre-682736dce9ae5.jpg","type":"image\/jpeg"}],"twitter_card":"summary_large_image","twitter_misc":{"Est. reading time":"1 minute"},"schema":{"@context":"https:\/\/schema.org","@graph":[{"@type":"WebPage","@id":"https:\/\/www.librairieclavreuil.com\/en\/bancarel-francois-collection-abregee-des-voyages-anciens-et-modernes-autour-du-monde-avec-des-extraits-des-autres-voyageurs-les-plus-celebres-et-les-plus-recents-contenant-des-details-exacts-sur-les\/","url":"https:\/\/www.librairieclavreuil.com\/en\/bancarel-francois-collection-abregee-des-voyages-anciens-et-modernes-autour-du-monde-avec-des-extraits-des-autres-voyageurs-les-plus-celebres-et-les-plus-recents-contenant-des-details-exacts-sur-les\/","name":"BANCAREL Fran\u00e7ois Collection abr\u00e9g\u00e9e des voyages anciens et modernes autour du monde. Avec des extraits des autres voyageurs les plus c\u00e9l\u00e8bres et les plus r\u00e9cents, contenant des d\u00e9tails exacts sur les m\u0153urs, les usages et les productions les plus remarquables des diff\u00e9rents peuples de la terre. - Libairie Clavreuil","isPartOf":{"@id":"https:\/\/www.librairieclavreuil.com\/#website"},"primaryImageOfPage":{"@id":"https:\/\/www.librairieclavreuil.com\/en\/bancarel-francois-collection-abregee-des-voyages-anciens-et-modernes-autour-du-monde-avec-des-extraits-des-autres-voyageurs-les-plus-celebres-et-les-plus-recents-contenant-des-details-exacts-sur-les\/#primaryimage"},"image":{"@id":"https:\/\/www.librairieclavreuil.com\/en\/bancarel-francois-collection-abregee-des-voyages-anciens-et-modernes-autour-du-monde-avec-des-extraits-des-autres-voyageurs-les-plus-celebres-et-les-plus-recents-contenant-des-details-exacts-sur-les\/#primaryimage"},"thumbnailUrl":"https:\/\/www.librairieclavreuil.com\/wp-content\/uploads\/2025\/05\/francois-bancarel-collection-abregee-des-voyages-anciens-et-modernes-autour-du-monde-avec-des-extraits-des-autres-voyageurs-les-plus-celebre-682736dce9ae5.jpg","datePublished":"2025-05-16T13:15:14+00:00","dateModified":"2025-06-19T10:45:56+00:00","breadcrumb":{"@id":"https:\/\/www.librairieclavreuil.com\/en\/bancarel-francois-collection-abregee-des-voyages-anciens-et-modernes-autour-du-monde-avec-des-extraits-des-autres-voyageurs-les-plus-celebres-et-les-plus-recents-contenant-des-details-exacts-sur-les\/#breadcrumb"},"inLanguage":"en-US","potentialAction":[{"@type":"ReadAction","target":["https:\/\/www.librairieclavreuil.com\/en\/bancarel-francois-collection-abregee-des-voyages-anciens-et-modernes-autour-du-monde-avec-des-extraits-des-autres-voyageurs-les-plus-celebres-et-les-plus-recents-contenant-des-details-exacts-sur-les\/"]}]},{"@type":"ImageObject","inLanguage":"en-US","@id":"https:\/\/www.librairieclavreuil.com\/en\/bancarel-francois-collection-abregee-des-voyages-anciens-et-modernes-autour-du-monde-avec-des-extraits-des-autres-voyageurs-les-plus-celebres-et-les-plus-recents-contenant-des-details-exacts-sur-les\/#primaryimage","url":"https:\/\/www.librairieclavreuil.com\/wp-content\/uploads\/2025\/05\/francois-bancarel-collection-abregee-des-voyages-anciens-et-modernes-autour-du-monde-avec-des-extraits-des-autres-voyageurs-les-plus-celebre-682736dce9ae5.jpg","contentUrl":"https:\/\/www.librairieclavreuil.com\/wp-content\/uploads\/2025\/05\/francois-bancarel-collection-abregee-des-voyages-anciens-et-modernes-autour-du-monde-avec-des-extraits-des-autres-voyageurs-les-plus-celebre-682736dce9ae5.jpg","width":800,"height":622},{"@type":"BreadcrumbList","@id":"https:\/\/www.librairieclavreuil.com\/en\/bancarel-francois-collection-abregee-des-voyages-anciens-et-modernes-autour-du-monde-avec-des-extraits-des-autres-voyageurs-les-plus-celebres-et-les-plus-recents-contenant-des-details-exacts-sur-les\/#breadcrumb","itemListElement":[{"@type":"ListItem","position":1,"name":"Accueil","item":"https:\/\/www.librairieclavreuil.com\/"},{"@type":"ListItem","position":2,"name":"All our books","item":"https:\/\/www.librairieclavreuil.com\/en\/all-our-books\/"},{"@type":"ListItem","position":3,"name":"BANCAREL Fran\u00e7ois Collection abr\u00e9g\u00e9e des voyages anciens et..."}]},{"@type":"WebSite","@id":"https:\/\/www.librairieclavreuil.com\/#website","url":"https:\/\/www.librairieclavreuil.com\/","name":"Libairie Clavreuil","description":"Livres anciens, manuscrits rares et \u00e9ditions originales \u2013 Librairie Clavreuil","publisher":{"@id":"https:\/\/www.librairieclavreuil.com\/#organization"},"potentialAction":[{"@type":"SearchAction","target":{"@type":"EntryPoint","urlTemplate":"https:\/\/www.librairieclavreuil.com\/?s={search_term_string}"},"query-input":{"@type":"PropertyValueSpecification","valueRequired":true,"valueName":"search_term_string"}}],"inLanguage":"en-US"},{"@type":"Organization","@id":"https:\/\/www.librairieclavreuil.com\/#organization","name":"Libairie Clavreuil","url":"https:\/\/www.librairieclavreuil.com\/","logo":{"@type":"ImageObject","inLanguage":"en-US","@id":"https:\/\/www.librairieclavreuil.com\/#\/schema\/logo\/image\/","url":"https:\/\/www.librairieclavreuil.com\/wp-content\/uploads\/2021\/06\/cropped-LOGO_PNG_DATE-_gold-512x512-1.png","contentUrl":"https:\/\/www.librairieclavreuil.com\/wp-content\/uploads\/2021\/06\/cropped-LOGO_PNG_DATE-_gold-512x512-1.png","width":512,"height":512,"caption":"Libairie Clavreuil"},"image":{"@id":"https:\/\/www.librairieclavreuil.com\/#\/schema\/logo\/image\/"},"sameAs":["https:\/\/www.instagram.com\/librairieclavreuil\/"]}]}},"jetpack_sharing_enabled":true,"_links":{"self":[{"href":"https:\/\/www.librairieclavreuil.com\/en\/wp-json\/wp\/v2\/product\/86370","targetHints":{"allow":["GET"]}}],"collection":[{"href":"https:\/\/www.librairieclavreuil.com\/en\/wp-json\/wp\/v2\/product"}],"about":[{"href":"https:\/\/www.librairieclavreuil.com\/en\/wp-json\/wp\/v2\/types\/product"}],"replies":[{"embeddable":true,"href":"https:\/\/www.librairieclavreuil.com\/en\/wp-json\/wp\/v2\/comments?post=86370"}],"wp:featuredmedia":[{"embeddable":true,"href":"https:\/\/www.librairieclavreuil.com\/en\/wp-json\/wp\/v2\/media\/86343"}],"wp:attachment":[{"href":"https:\/\/www.librairieclavreuil.com\/en\/wp-json\/wp\/v2\/media?parent=86370"}],"wp:term":[{"taxonomy":"product_brand","embeddable":true,"href":"https:\/\/www.librairieclavreuil.com\/en\/wp-json\/wp\/v2\/product_brand?post=86370"},{"taxonomy":"product_cat","embeddable":true,"href":"https:\/\/www.librairieclavreuil.com\/en\/wp-json\/wp\/v2\/product_cat?post=86370"},{"taxonomy":"product_tag","embeddable":true,"href":"https:\/\/www.librairieclavreuil.com\/en\/wp-json\/wp\/v2\/product_tag?post=86370"}],"curies":[{"name":"wp","href":"https:\/\/api.w.org\/{rel}","templated":true}]}}