{"id":86336,"date":"2025-05-16T15:14:48","date_gmt":"2025-05-16T13:14:48","guid":{"rendered":"https:\/\/www.librairieclavreuil.com\/antilles-observations-sur-les-intendances-des-isles\/"},"modified":"2025-05-16T15:14:51","modified_gmt":"2025-05-16T13:14:51","slug":"antilles-observations-sur-les-intendances-des-isles","status":"publish","type":"product","link":"https:\/\/www.librairieclavreuil.com\/en\/antilles-observations-sur-les-intendances-des-isles\/","title":{"rendered":"ANTILLES Observations sur les intendances des Isles."},"content":{"rendered":"<p style=\"text-align:justify\">The colony Martinique wishes to recall its intendant.<\/p>\n<p style=\"text-align:justify\">The author, who remains anonymous, states from the outset that only probity is to be desired in an intendant of the islands, and that it is the intendant&#8217;s duty to supervise his offices where \u2018countless prevarications\u2019 are taking place. He then recalled the origin of this institution, before listing the responsibilities of an intendant of justice, police and finance. Next comes the subject of this note : &#8220;A la paix on renvo\u00efa pour intendant \u00e0 la Martinique, M. de La Rivi\u00e8re [1719-1801], \u00e0 qui succ\u00e9da le pr\u00e9sident Peinier [1705-1794]. C&#8217;est aujourd&#8217;hui le pr\u00e9sident Tachere qui remplit cette place. Il arrive assez ordinairement qu&#8217;on rappelle au bout de 3 ans les intendants des isles; il y a plus de 3 ans, et contre le v\u0153u des habitans, que le pr\u00e9sident actuel est \u00e0 la Martinique\u2026&#8221;.<\/p>\n<p style=\"text-align:justify\">[Together with a note by the same hand, small 8vo, bifolium, on the same subject]:<\/p>\n<p style=\"text-align:justify\">This note has the same objectif: &#8220;L&#8217;intendance de la Martinique est occup\u00e9e par M. le Pr\u00e9sident Acher [sic] depuis 4 ans; cette intendance n&#8217;\u00e9tant que triennale, M. le Pr\u00e9sident Acher pourroit \u00eatre rappel\u00e9; c&#8217;est le v\u0153u de la colonie\u2026&#8221;.<\/p>\n<p style=\"text-align:justify\">This was Philippe-Athanase de Tascher (misspelled &#8216;Acher&#8217;), former &#8216;president \u00e0 mortier&#8217; of the Parliament of Metz, who held the office of Intendant of Martinique from 1771 to 1777. The author also advocates re-establishing the intendancy of Guadeloupe, which had recently been combined with that of Martinique following the death of the intendant of Guadeloupe, Jean-Louis-Honor\u00e9 d&#8217;Hesmivy, baron de Moissac, who died in Guadeloupe in 1769. Traces of folds. The documents are very legible.<\/p>\n","protected":false},"excerpt":{"rendered":"<p>3 pp. \u00bc 4to (21,6 x 16,8 cm) ink on paper, on a bifolium.<\/p>\n","protected":false},"featured_media":86329,"comment_status":"open","ping_status":"closed","template":"","meta":{"_acf_changed":false},"product_brand":[],"product_cat":[546],"product_tag":[1363,1224],"class_list":{"0":"post-86336","1":"product","2":"type-product","3":"status-publish","4":"has-post-thumbnail","6":"product_cat-manuscript","7":"product_tag-caribbean","8":"product_tag-colony","9":"pa_auteur-antilles-2","10":"pa_type-de-livre-manuscript","12":"first","13":"instock","14":"shipping-taxable","15":"purchasable","16":"product-type-simple"},"acf":{"artist":"ANTILLES","chapeau":"","adresse_bibliographique":"s.l., [vers 1775]","book_type":"Manuscript","provenance":"","afficher_prix":""},"yoast_head":"<!-- This site is optimized with the Yoast SEO plugin v24.7 - https:\/\/yoast.com\/wordpress\/plugins\/seo\/ -->\n<title>ANTILLES  Observations sur les intendances des Isles. - Libairie Clavreuil<\/title>\n<meta name=\"robots\" content=\"index, follow, max-snippet:-1, max-image-preview:large, max-video-preview:-1\" \/>\n<link rel=\"canonical\" href=\"https:\/\/www.librairieclavreuil.com\/en\/antilles-observations-sur-les-intendances-des-isles\/\" \/>\n<meta property=\"og:locale\" content=\"en_US\" \/>\n<meta property=\"og:type\" content=\"article\" \/>\n<meta property=\"og:title\" content=\"ANTILLES  Observations sur les intendances des Isles. - Libairie Clavreuil\" \/>\n<meta property=\"og:description\" content=\"3 pp. \u00bc 4to (21,6 x 16,8 cm) ink on paper, on a bifolium.\" \/>\n<meta property=\"og:url\" content=\"https:\/\/www.librairieclavreuil.com\/en\/antilles-observations-sur-les-intendances-des-isles\/\" \/>\n<meta property=\"og:site_name\" content=\"Libairie Clavreuil\" \/>\n<meta property=\"article:modified_time\" content=\"2025-05-16T13:14:51+00:00\" \/>\n<meta property=\"og:image\" content=\"https:\/\/www.librairieclavreuil.com\/wp-content\/uploads\/2025\/05\/antilles-observations-sur-les-intendances-des-isles-9799-6824c24ee0a5c.jpg\" \/>\n\t<meta property=\"og:image:width\" content=\"800\" \/>\n\t<meta property=\"og:image:height\" content=\"622\" \/>\n\t<meta property=\"og:image:type\" content=\"image\/jpeg\" \/>\n<meta name=\"twitter:card\" content=\"summary_large_image\" \/>\n<meta name=\"twitter:label1\" content=\"Est. reading time\" \/>\n\t<meta name=\"twitter:data1\" content=\"1 minute\" \/>\n<script type=\"application\/ld+json\" class=\"yoast-schema-graph\">{\"@context\":\"https:\/\/schema.org\",\"@graph\":[{\"@type\":\"WebPage\",\"@id\":\"https:\/\/www.librairieclavreuil.com\/en\/antilles-observations-sur-les-intendances-des-isles\/\",\"url\":\"https:\/\/www.librairieclavreuil.com\/en\/antilles-observations-sur-les-intendances-des-isles\/\",\"name\":\"ANTILLES Observations sur les intendances des Isles. - Libairie Clavreuil\",\"isPartOf\":{\"@id\":\"https:\/\/www.librairieclavreuil.com\/#website\"},\"primaryImageOfPage\":{\"@id\":\"https:\/\/www.librairieclavreuil.com\/en\/antilles-observations-sur-les-intendances-des-isles\/#primaryimage\"},\"image\":{\"@id\":\"https:\/\/www.librairieclavreuil.com\/en\/antilles-observations-sur-les-intendances-des-isles\/#primaryimage\"},\"thumbnailUrl\":\"https:\/\/www.librairieclavreuil.com\/wp-content\/uploads\/2025\/05\/antilles-observations-sur-les-intendances-des-isles-9799-6824c24ee0a5c.jpg\",\"datePublished\":\"2025-05-16T13:14:48+00:00\",\"dateModified\":\"2025-05-16T13:14:51+00:00\",\"breadcrumb\":{\"@id\":\"https:\/\/www.librairieclavreuil.com\/en\/antilles-observations-sur-les-intendances-des-isles\/#breadcrumb\"},\"inLanguage\":\"en-US\",\"potentialAction\":[{\"@type\":\"ReadAction\",\"target\":[\"https:\/\/www.librairieclavreuil.com\/en\/antilles-observations-sur-les-intendances-des-isles\/\"]}]},{\"@type\":\"ImageObject\",\"inLanguage\":\"en-US\",\"@id\":\"https:\/\/www.librairieclavreuil.com\/en\/antilles-observations-sur-les-intendances-des-isles\/#primaryimage\",\"url\":\"https:\/\/www.librairieclavreuil.com\/wp-content\/uploads\/2025\/05\/antilles-observations-sur-les-intendances-des-isles-9799-6824c24ee0a5c.jpg\",\"contentUrl\":\"https:\/\/www.librairieclavreuil.com\/wp-content\/uploads\/2025\/05\/antilles-observations-sur-les-intendances-des-isles-9799-6824c24ee0a5c.jpg\",\"width\":800,\"height\":622},{\"@type\":\"BreadcrumbList\",\"@id\":\"https:\/\/www.librairieclavreuil.com\/en\/antilles-observations-sur-les-intendances-des-isles\/#breadcrumb\",\"itemListElement\":[{\"@type\":\"ListItem\",\"position\":1,\"name\":\"Accueil\",\"item\":\"https:\/\/www.librairieclavreuil.com\/\"},{\"@type\":\"ListItem\",\"position\":2,\"name\":\"All our books\",\"item\":\"https:\/\/www.librairieclavreuil.com\/en\/all-our-books\/\"},{\"@type\":\"ListItem\",\"position\":3,\"name\":\"ANTILLES Observations sur les intendances des Isles.\"}]},{\"@type\":\"WebSite\",\"@id\":\"https:\/\/www.librairieclavreuil.com\/#website\",\"url\":\"https:\/\/www.librairieclavreuil.com\/\",\"name\":\"Libairie Clavreuil\",\"description\":\"Livres anciens, manuscrits rares et \u00e9ditions originales \u2013 Librairie Clavreuil\",\"publisher\":{\"@id\":\"https:\/\/www.librairieclavreuil.com\/#organization\"},\"potentialAction\":[{\"@type\":\"SearchAction\",\"target\":{\"@type\":\"EntryPoint\",\"urlTemplate\":\"https:\/\/www.librairieclavreuil.com\/?s={search_term_string}\"},\"query-input\":{\"@type\":\"PropertyValueSpecification\",\"valueRequired\":true,\"valueName\":\"search_term_string\"}}],\"inLanguage\":\"en-US\"},{\"@type\":\"Organization\",\"@id\":\"https:\/\/www.librairieclavreuil.com\/#organization\",\"name\":\"Libairie Clavreuil\",\"url\":\"https:\/\/www.librairieclavreuil.com\/\",\"logo\":{\"@type\":\"ImageObject\",\"inLanguage\":\"en-US\",\"@id\":\"https:\/\/www.librairieclavreuil.com\/#\/schema\/logo\/image\/\",\"url\":\"https:\/\/www.librairieclavreuil.com\/wp-content\/uploads\/2021\/06\/cropped-LOGO_PNG_DATE-_gold-512x512-1.png\",\"contentUrl\":\"https:\/\/www.librairieclavreuil.com\/wp-content\/uploads\/2021\/06\/cropped-LOGO_PNG_DATE-_gold-512x512-1.png\",\"width\":512,\"height\":512,\"caption\":\"Libairie Clavreuil\"},\"image\":{\"@id\":\"https:\/\/www.librairieclavreuil.com\/#\/schema\/logo\/image\/\"},\"sameAs\":[\"https:\/\/www.instagram.com\/librairieclavreuil\/\"]}]}<\/script>\n<!-- \/ Yoast SEO plugin. -->","yoast_head_json":{"title":"ANTILLES  Observations sur les intendances des Isles. - Libairie Clavreuil","robots":{"index":"index","follow":"follow","max-snippet":"max-snippet:-1","max-image-preview":"max-image-preview:large","max-video-preview":"max-video-preview:-1"},"canonical":"https:\/\/www.librairieclavreuil.com\/en\/antilles-observations-sur-les-intendances-des-isles\/","og_locale":"en_US","og_type":"article","og_title":"ANTILLES  Observations sur les intendances des Isles. - Libairie Clavreuil","og_description":"3 pp. \u00bc 4to (21,6 x 16,8 cm) ink on paper, on a bifolium.","og_url":"https:\/\/www.librairieclavreuil.com\/en\/antilles-observations-sur-les-intendances-des-isles\/","og_site_name":"Libairie Clavreuil","article_modified_time":"2025-05-16T13:14:51+00:00","og_image":[{"width":800,"height":622,"url":"https:\/\/www.librairieclavreuil.com\/wp-content\/uploads\/2025\/05\/antilles-observations-sur-les-intendances-des-isles-9799-6824c24ee0a5c.jpg","type":"image\/jpeg"}],"twitter_card":"summary_large_image","twitter_misc":{"Est. reading time":"1 minute"},"schema":{"@context":"https:\/\/schema.org","@graph":[{"@type":"WebPage","@id":"https:\/\/www.librairieclavreuil.com\/en\/antilles-observations-sur-les-intendances-des-isles\/","url":"https:\/\/www.librairieclavreuil.com\/en\/antilles-observations-sur-les-intendances-des-isles\/","name":"ANTILLES Observations sur les intendances des Isles. - Libairie Clavreuil","isPartOf":{"@id":"https:\/\/www.librairieclavreuil.com\/#website"},"primaryImageOfPage":{"@id":"https:\/\/www.librairieclavreuil.com\/en\/antilles-observations-sur-les-intendances-des-isles\/#primaryimage"},"image":{"@id":"https:\/\/www.librairieclavreuil.com\/en\/antilles-observations-sur-les-intendances-des-isles\/#primaryimage"},"thumbnailUrl":"https:\/\/www.librairieclavreuil.com\/wp-content\/uploads\/2025\/05\/antilles-observations-sur-les-intendances-des-isles-9799-6824c24ee0a5c.jpg","datePublished":"2025-05-16T13:14:48+00:00","dateModified":"2025-05-16T13:14:51+00:00","breadcrumb":{"@id":"https:\/\/www.librairieclavreuil.com\/en\/antilles-observations-sur-les-intendances-des-isles\/#breadcrumb"},"inLanguage":"en-US","potentialAction":[{"@type":"ReadAction","target":["https:\/\/www.librairieclavreuil.com\/en\/antilles-observations-sur-les-intendances-des-isles\/"]}]},{"@type":"ImageObject","inLanguage":"en-US","@id":"https:\/\/www.librairieclavreuil.com\/en\/antilles-observations-sur-les-intendances-des-isles\/#primaryimage","url":"https:\/\/www.librairieclavreuil.com\/wp-content\/uploads\/2025\/05\/antilles-observations-sur-les-intendances-des-isles-9799-6824c24ee0a5c.jpg","contentUrl":"https:\/\/www.librairieclavreuil.com\/wp-content\/uploads\/2025\/05\/antilles-observations-sur-les-intendances-des-isles-9799-6824c24ee0a5c.jpg","width":800,"height":622},{"@type":"BreadcrumbList","@id":"https:\/\/www.librairieclavreuil.com\/en\/antilles-observations-sur-les-intendances-des-isles\/#breadcrumb","itemListElement":[{"@type":"ListItem","position":1,"name":"Accueil","item":"https:\/\/www.librairieclavreuil.com\/"},{"@type":"ListItem","position":2,"name":"All our books","item":"https:\/\/www.librairieclavreuil.com\/en\/all-our-books\/"},{"@type":"ListItem","position":3,"name":"ANTILLES Observations sur les intendances des Isles."}]},{"@type":"WebSite","@id":"https:\/\/www.librairieclavreuil.com\/#website","url":"https:\/\/www.librairieclavreuil.com\/","name":"Libairie Clavreuil","description":"Livres anciens, manuscrits rares et \u00e9ditions originales \u2013 Librairie Clavreuil","publisher":{"@id":"https:\/\/www.librairieclavreuil.com\/#organization"},"potentialAction":[{"@type":"SearchAction","target":{"@type":"EntryPoint","urlTemplate":"https:\/\/www.librairieclavreuil.com\/?s={search_term_string}"},"query-input":{"@type":"PropertyValueSpecification","valueRequired":true,"valueName":"search_term_string"}}],"inLanguage":"en-US"},{"@type":"Organization","@id":"https:\/\/www.librairieclavreuil.com\/#organization","name":"Libairie Clavreuil","url":"https:\/\/www.librairieclavreuil.com\/","logo":{"@type":"ImageObject","inLanguage":"en-US","@id":"https:\/\/www.librairieclavreuil.com\/#\/schema\/logo\/image\/","url":"https:\/\/www.librairieclavreuil.com\/wp-content\/uploads\/2021\/06\/cropped-LOGO_PNG_DATE-_gold-512x512-1.png","contentUrl":"https:\/\/www.librairieclavreuil.com\/wp-content\/uploads\/2021\/06\/cropped-LOGO_PNG_DATE-_gold-512x512-1.png","width":512,"height":512,"caption":"Libairie Clavreuil"},"image":{"@id":"https:\/\/www.librairieclavreuil.com\/#\/schema\/logo\/image\/"},"sameAs":["https:\/\/www.instagram.com\/librairieclavreuil\/"]}]}},"jetpack_sharing_enabled":true,"_links":{"self":[{"href":"https:\/\/www.librairieclavreuil.com\/en\/wp-json\/wp\/v2\/product\/86336","targetHints":{"allow":["GET"]}}],"collection":[{"href":"https:\/\/www.librairieclavreuil.com\/en\/wp-json\/wp\/v2\/product"}],"about":[{"href":"https:\/\/www.librairieclavreuil.com\/en\/wp-json\/wp\/v2\/types\/product"}],"replies":[{"embeddable":true,"href":"https:\/\/www.librairieclavreuil.com\/en\/wp-json\/wp\/v2\/comments?post=86336"}],"wp:featuredmedia":[{"embeddable":true,"href":"https:\/\/www.librairieclavreuil.com\/en\/wp-json\/wp\/v2\/media\/86329"}],"wp:attachment":[{"href":"https:\/\/www.librairieclavreuil.com\/en\/wp-json\/wp\/v2\/media?parent=86336"}],"wp:term":[{"taxonomy":"product_brand","embeddable":true,"href":"https:\/\/www.librairieclavreuil.com\/en\/wp-json\/wp\/v2\/product_brand?post=86336"},{"taxonomy":"product_cat","embeddable":true,"href":"https:\/\/www.librairieclavreuil.com\/en\/wp-json\/wp\/v2\/product_cat?post=86336"},{"taxonomy":"product_tag","embeddable":true,"href":"https:\/\/www.librairieclavreuil.com\/en\/wp-json\/wp\/v2\/product_tag?post=86336"}],"curies":[{"name":"wp","href":"https:\/\/api.w.org\/{rel}","templated":true}]}}