{"id":86328,"date":"2025-05-16T15:14:39","date_gmt":"2025-05-16T13:14:39","guid":{"rendered":"https:\/\/www.librairieclavreuil.com\/antilles-contrat-relatif-a-une-construction\/"},"modified":"2025-05-16T15:14:42","modified_gmt":"2025-05-16T13:14:42","slug":"antilles-contrat-relatif-a-une-construction","status":"publish","type":"product","link":"https:\/\/www.librairieclavreuil.com\/en\/antilles-contrat-relatif-a-une-construction\/","title":{"rendered":"ANTILLES Contrat relatif \u00e0 une construction."},"content":{"rendered":"<p style=\"text-align:justify\">Document signed Barrault de Nar\u00e7ay, notary. Contract drawn up between the Merceron brothers, building contractors in Port-au-Prince, and Sieur Gouin, representing the Damien sugar factory. It concerns the construction of a cofferdam (temporary dike or dam) on the house, under the following conditions: the pilars will be made of pitch pine 22 to 27 feet long, supplied by the house but chosen by the contractor; the contractor will choose the planks and other utensils needed for the work, but the fittings will be supplied by the house, etc.<\/p>\n<p style=\"text-align:justify\">The contractor will choose the timbers and other utensils needed for the work, but the ironwork will be supplied by the house, etc.<\/p>\n<p style=\"text-align:justify\">There is also mention of personnel: \u2018The white workers will be fed at the expense of the house and the said lord of the fiefdom undertakes to give each of the Negro workers two gourds per week for their food\u2019. As for payment, the Merceron brothers were to receive 6600 livres within a fortnight of the start of the work, and half of the remainder was to be paid at the end of the current year, the other half at the end of July 1790. In all, 6 conditions make up this construction contract.<\/p>\n<p style=\"text-align:justify\">Located in the valey of Cul-de-Sac, near Port-au-Prince, the habitation Damien would later be occupied by General Rochambeau in 1802 (see : Fran\u00e7ois Blancpain, La colonie fran\u00e7aise de Saint-Domingue, de l&#8217;esclavage \u00e0 l&#8217;ind\u00e9pendance, p. 207).<\/p>\n<p style=\"text-align:justify\">Very interesting piece of local history in the French colonies.<\/p>\n","protected":false},"excerpt":{"rendered":"<p>Folio (31,4 x 20,2 cm) 3 pp., ink on paper, on a bi-folium.<\/p>\n","protected":false},"featured_media":86325,"comment_status":"open","ping_status":"closed","template":"","meta":{"_acf_changed":false},"product_brand":[],"product_cat":[546],"product_tag":[1363,1224],"class_list":{"0":"post-86328","1":"product","2":"type-product","3":"status-publish","4":"has-post-thumbnail","6":"product_cat-manuscript","7":"product_tag-caribbean","8":"product_tag-colony","9":"pa_auteur-antilles-2","10":"pa_type-de-livre-manuscript","12":"first","13":"instock","14":"shipping-taxable","15":"purchasable","16":"product-type-simple"},"acf":{"artist":"ANTILLES","chapeau":"","adresse_bibliographique":"Port-au-Prince, 1789","book_type":"Manuscript","provenance":"","afficher_prix":""},"yoast_head":"<!-- This site is optimized with the Yoast SEO plugin v24.7 - https:\/\/yoast.com\/wordpress\/plugins\/seo\/ -->\n<title>ANTILLES  Contrat relatif \u00e0 une construction. - Libairie Clavreuil<\/title>\n<meta name=\"robots\" content=\"index, follow, max-snippet:-1, max-image-preview:large, max-video-preview:-1\" \/>\n<link rel=\"canonical\" href=\"https:\/\/www.librairieclavreuil.com\/en\/antilles-contrat-relatif-a-une-construction\/\" \/>\n<meta property=\"og:locale\" content=\"en_US\" \/>\n<meta property=\"og:type\" content=\"article\" \/>\n<meta property=\"og:title\" content=\"ANTILLES  Contrat relatif \u00e0 une construction. - Libairie Clavreuil\" \/>\n<meta property=\"og:description\" content=\"Folio (31,4 x 20,2 cm) 3 pp., ink on paper, on a bi-folium.\" \/>\n<meta property=\"og:url\" content=\"https:\/\/www.librairieclavreuil.com\/en\/antilles-contrat-relatif-a-une-construction\/\" \/>\n<meta property=\"og:site_name\" content=\"Libairie Clavreuil\" \/>\n<meta property=\"article:modified_time\" content=\"2025-05-16T13:14:42+00:00\" \/>\n<meta property=\"og:image\" content=\"https:\/\/www.librairieclavreuil.com\/wp-content\/uploads\/2025\/05\/antilles-contrat-relatif-a-une-construction-9798-6824c2ffac137.jpg\" \/>\n\t<meta property=\"og:image:width\" content=\"622\" \/>\n\t<meta property=\"og:image:height\" content=\"800\" \/>\n\t<meta property=\"og:image:type\" content=\"image\/jpeg\" \/>\n<meta name=\"twitter:card\" content=\"summary_large_image\" \/>\n<meta name=\"twitter:label1\" content=\"Est. reading time\" \/>\n\t<meta name=\"twitter:data1\" content=\"1 minute\" \/>\n<script type=\"application\/ld+json\" class=\"yoast-schema-graph\">{\"@context\":\"https:\/\/schema.org\",\"@graph\":[{\"@type\":\"WebPage\",\"@id\":\"https:\/\/www.librairieclavreuil.com\/en\/antilles-contrat-relatif-a-une-construction\/\",\"url\":\"https:\/\/www.librairieclavreuil.com\/en\/antilles-contrat-relatif-a-une-construction\/\",\"name\":\"ANTILLES Contrat relatif \u00e0 une construction. - Libairie Clavreuil\",\"isPartOf\":{\"@id\":\"https:\/\/www.librairieclavreuil.com\/#website\"},\"primaryImageOfPage\":{\"@id\":\"https:\/\/www.librairieclavreuil.com\/en\/antilles-contrat-relatif-a-une-construction\/#primaryimage\"},\"image\":{\"@id\":\"https:\/\/www.librairieclavreuil.com\/en\/antilles-contrat-relatif-a-une-construction\/#primaryimage\"},\"thumbnailUrl\":\"https:\/\/www.librairieclavreuil.com\/wp-content\/uploads\/2025\/05\/antilles-contrat-relatif-a-une-construction-9798-6824c2ffac137.jpg\",\"datePublished\":\"2025-05-16T13:14:39+00:00\",\"dateModified\":\"2025-05-16T13:14:42+00:00\",\"breadcrumb\":{\"@id\":\"https:\/\/www.librairieclavreuil.com\/en\/antilles-contrat-relatif-a-une-construction\/#breadcrumb\"},\"inLanguage\":\"en-US\",\"potentialAction\":[{\"@type\":\"ReadAction\",\"target\":[\"https:\/\/www.librairieclavreuil.com\/en\/antilles-contrat-relatif-a-une-construction\/\"]}]},{\"@type\":\"ImageObject\",\"inLanguage\":\"en-US\",\"@id\":\"https:\/\/www.librairieclavreuil.com\/en\/antilles-contrat-relatif-a-une-construction\/#primaryimage\",\"url\":\"https:\/\/www.librairieclavreuil.com\/wp-content\/uploads\/2025\/05\/antilles-contrat-relatif-a-une-construction-9798-6824c2ffac137.jpg\",\"contentUrl\":\"https:\/\/www.librairieclavreuil.com\/wp-content\/uploads\/2025\/05\/antilles-contrat-relatif-a-une-construction-9798-6824c2ffac137.jpg\",\"width\":622,\"height\":800},{\"@type\":\"BreadcrumbList\",\"@id\":\"https:\/\/www.librairieclavreuil.com\/en\/antilles-contrat-relatif-a-une-construction\/#breadcrumb\",\"itemListElement\":[{\"@type\":\"ListItem\",\"position\":1,\"name\":\"Accueil\",\"item\":\"https:\/\/www.librairieclavreuil.com\/\"},{\"@type\":\"ListItem\",\"position\":2,\"name\":\"All our books\",\"item\":\"https:\/\/www.librairieclavreuil.com\/en\/all-our-books\/\"},{\"@type\":\"ListItem\",\"position\":3,\"name\":\"ANTILLES Contrat relatif \u00e0 une construction.\"}]},{\"@type\":\"WebSite\",\"@id\":\"https:\/\/www.librairieclavreuil.com\/#website\",\"url\":\"https:\/\/www.librairieclavreuil.com\/\",\"name\":\"Libairie Clavreuil\",\"description\":\"Livres anciens, manuscrits rares et \u00e9ditions originales \u2013 Librairie Clavreuil\",\"publisher\":{\"@id\":\"https:\/\/www.librairieclavreuil.com\/#organization\"},\"potentialAction\":[{\"@type\":\"SearchAction\",\"target\":{\"@type\":\"EntryPoint\",\"urlTemplate\":\"https:\/\/www.librairieclavreuil.com\/?s={search_term_string}\"},\"query-input\":{\"@type\":\"PropertyValueSpecification\",\"valueRequired\":true,\"valueName\":\"search_term_string\"}}],\"inLanguage\":\"en-US\"},{\"@type\":\"Organization\",\"@id\":\"https:\/\/www.librairieclavreuil.com\/#organization\",\"name\":\"Libairie Clavreuil\",\"url\":\"https:\/\/www.librairieclavreuil.com\/\",\"logo\":{\"@type\":\"ImageObject\",\"inLanguage\":\"en-US\",\"@id\":\"https:\/\/www.librairieclavreuil.com\/#\/schema\/logo\/image\/\",\"url\":\"https:\/\/www.librairieclavreuil.com\/wp-content\/uploads\/2021\/06\/cropped-LOGO_PNG_DATE-_gold-512x512-1.png\",\"contentUrl\":\"https:\/\/www.librairieclavreuil.com\/wp-content\/uploads\/2021\/06\/cropped-LOGO_PNG_DATE-_gold-512x512-1.png\",\"width\":512,\"height\":512,\"caption\":\"Libairie Clavreuil\"},\"image\":{\"@id\":\"https:\/\/www.librairieclavreuil.com\/#\/schema\/logo\/image\/\"},\"sameAs\":[\"https:\/\/www.instagram.com\/librairieclavreuil\/\"]}]}<\/script>\n<!-- \/ Yoast SEO plugin. -->","yoast_head_json":{"title":"ANTILLES  Contrat relatif \u00e0 une construction. - Libairie Clavreuil","robots":{"index":"index","follow":"follow","max-snippet":"max-snippet:-1","max-image-preview":"max-image-preview:large","max-video-preview":"max-video-preview:-1"},"canonical":"https:\/\/www.librairieclavreuil.com\/en\/antilles-contrat-relatif-a-une-construction\/","og_locale":"en_US","og_type":"article","og_title":"ANTILLES  Contrat relatif \u00e0 une construction. - Libairie Clavreuil","og_description":"Folio (31,4 x 20,2 cm) 3 pp., ink on paper, on a bi-folium.","og_url":"https:\/\/www.librairieclavreuil.com\/en\/antilles-contrat-relatif-a-une-construction\/","og_site_name":"Libairie Clavreuil","article_modified_time":"2025-05-16T13:14:42+00:00","og_image":[{"width":622,"height":800,"url":"https:\/\/www.librairieclavreuil.com\/wp-content\/uploads\/2025\/05\/antilles-contrat-relatif-a-une-construction-9798-6824c2ffac137.jpg","type":"image\/jpeg"}],"twitter_card":"summary_large_image","twitter_misc":{"Est. reading time":"1 minute"},"schema":{"@context":"https:\/\/schema.org","@graph":[{"@type":"WebPage","@id":"https:\/\/www.librairieclavreuil.com\/en\/antilles-contrat-relatif-a-une-construction\/","url":"https:\/\/www.librairieclavreuil.com\/en\/antilles-contrat-relatif-a-une-construction\/","name":"ANTILLES Contrat relatif \u00e0 une construction. - Libairie Clavreuil","isPartOf":{"@id":"https:\/\/www.librairieclavreuil.com\/#website"},"primaryImageOfPage":{"@id":"https:\/\/www.librairieclavreuil.com\/en\/antilles-contrat-relatif-a-une-construction\/#primaryimage"},"image":{"@id":"https:\/\/www.librairieclavreuil.com\/en\/antilles-contrat-relatif-a-une-construction\/#primaryimage"},"thumbnailUrl":"https:\/\/www.librairieclavreuil.com\/wp-content\/uploads\/2025\/05\/antilles-contrat-relatif-a-une-construction-9798-6824c2ffac137.jpg","datePublished":"2025-05-16T13:14:39+00:00","dateModified":"2025-05-16T13:14:42+00:00","breadcrumb":{"@id":"https:\/\/www.librairieclavreuil.com\/en\/antilles-contrat-relatif-a-une-construction\/#breadcrumb"},"inLanguage":"en-US","potentialAction":[{"@type":"ReadAction","target":["https:\/\/www.librairieclavreuil.com\/en\/antilles-contrat-relatif-a-une-construction\/"]}]},{"@type":"ImageObject","inLanguage":"en-US","@id":"https:\/\/www.librairieclavreuil.com\/en\/antilles-contrat-relatif-a-une-construction\/#primaryimage","url":"https:\/\/www.librairieclavreuil.com\/wp-content\/uploads\/2025\/05\/antilles-contrat-relatif-a-une-construction-9798-6824c2ffac137.jpg","contentUrl":"https:\/\/www.librairieclavreuil.com\/wp-content\/uploads\/2025\/05\/antilles-contrat-relatif-a-une-construction-9798-6824c2ffac137.jpg","width":622,"height":800},{"@type":"BreadcrumbList","@id":"https:\/\/www.librairieclavreuil.com\/en\/antilles-contrat-relatif-a-une-construction\/#breadcrumb","itemListElement":[{"@type":"ListItem","position":1,"name":"Accueil","item":"https:\/\/www.librairieclavreuil.com\/"},{"@type":"ListItem","position":2,"name":"All our books","item":"https:\/\/www.librairieclavreuil.com\/en\/all-our-books\/"},{"@type":"ListItem","position":3,"name":"ANTILLES Contrat relatif \u00e0 une construction."}]},{"@type":"WebSite","@id":"https:\/\/www.librairieclavreuil.com\/#website","url":"https:\/\/www.librairieclavreuil.com\/","name":"Libairie Clavreuil","description":"Livres anciens, manuscrits rares et \u00e9ditions originales \u2013 Librairie Clavreuil","publisher":{"@id":"https:\/\/www.librairieclavreuil.com\/#organization"},"potentialAction":[{"@type":"SearchAction","target":{"@type":"EntryPoint","urlTemplate":"https:\/\/www.librairieclavreuil.com\/?s={search_term_string}"},"query-input":{"@type":"PropertyValueSpecification","valueRequired":true,"valueName":"search_term_string"}}],"inLanguage":"en-US"},{"@type":"Organization","@id":"https:\/\/www.librairieclavreuil.com\/#organization","name":"Libairie Clavreuil","url":"https:\/\/www.librairieclavreuil.com\/","logo":{"@type":"ImageObject","inLanguage":"en-US","@id":"https:\/\/www.librairieclavreuil.com\/#\/schema\/logo\/image\/","url":"https:\/\/www.librairieclavreuil.com\/wp-content\/uploads\/2021\/06\/cropped-LOGO_PNG_DATE-_gold-512x512-1.png","contentUrl":"https:\/\/www.librairieclavreuil.com\/wp-content\/uploads\/2021\/06\/cropped-LOGO_PNG_DATE-_gold-512x512-1.png","width":512,"height":512,"caption":"Libairie Clavreuil"},"image":{"@id":"https:\/\/www.librairieclavreuil.com\/#\/schema\/logo\/image\/"},"sameAs":["https:\/\/www.instagram.com\/librairieclavreuil\/"]}]}},"jetpack_sharing_enabled":true,"_links":{"self":[{"href":"https:\/\/www.librairieclavreuil.com\/en\/wp-json\/wp\/v2\/product\/86328","targetHints":{"allow":["GET"]}}],"collection":[{"href":"https:\/\/www.librairieclavreuil.com\/en\/wp-json\/wp\/v2\/product"}],"about":[{"href":"https:\/\/www.librairieclavreuil.com\/en\/wp-json\/wp\/v2\/types\/product"}],"replies":[{"embeddable":true,"href":"https:\/\/www.librairieclavreuil.com\/en\/wp-json\/wp\/v2\/comments?post=86328"}],"wp:featuredmedia":[{"embeddable":true,"href":"https:\/\/www.librairieclavreuil.com\/en\/wp-json\/wp\/v2\/media\/86325"}],"wp:attachment":[{"href":"https:\/\/www.librairieclavreuil.com\/en\/wp-json\/wp\/v2\/media?parent=86328"}],"wp:term":[{"taxonomy":"product_brand","embeddable":true,"href":"https:\/\/www.librairieclavreuil.com\/en\/wp-json\/wp\/v2\/product_brand?post=86328"},{"taxonomy":"product_cat","embeddable":true,"href":"https:\/\/www.librairieclavreuil.com\/en\/wp-json\/wp\/v2\/product_cat?post=86328"},{"taxonomy":"product_tag","embeddable":true,"href":"https:\/\/www.librairieclavreuil.com\/en\/wp-json\/wp\/v2\/product_tag?post=86328"}],"curies":[{"name":"wp","href":"https:\/\/api.w.org\/{rel}","templated":true}]}}