{"id":86312,"date":"2025-04-25T17:31:06","date_gmt":"2025-04-25T15:31:06","guid":{"rendered":"https:\/\/www.librairieclavreuil.com\/macartney-george-voyage-dans-linterieur-de-la-chine-et-en-tartarie-fait-dans-les-annees-1792-1793-et-1794-traduit-de-langlais-avec-des-notes-par-j-castera-troisieme-edition-revue-corrige\/"},"modified":"2025-04-25T17:31:09","modified_gmt":"2025-04-25T15:31:09","slug":"macartney-george-voyage-dans-linterieur-de-la-chine-et-en-tartarie-fait-dans-les-annees-1792-1793-et-1794-traduit-de-langlais-avec-des-notes-par-j-castera-troisieme-edition-revue-corrige","status":"publish","type":"product","link":"https:\/\/www.librairieclavreuil.com\/en\/macartney-george-voyage-dans-linterieur-de-la-chine-et-en-tartarie-fait-dans-les-annees-1792-1793-et-1794-traduit-de-langlais-avec-des-notes-par-j-castera-troisieme-edition-revue-corrige\/","title":{"rendered":"MACARTNEY George Voyage dans l&#8217;int\u00e9rieur de la Chine,..."},"content":{"rendered":"<p style=\"text-align:justify\"><i>Cordier, BS, 2385 ; Borba de Moraes, II, 838 ; Boucher de la Richarderie, V, 304-356<\/i><\/p>\n<p>The most complete French edition of Macartney&#8217;s famous voyage. It contains the first translation of the account by Johann Christian H\u00fcttner, who was part of the embassy in China. Lord Macartney, charged with establishing commercial relations with China, had to cross a large part of the country to meet the emperor Kien-Loung in Manchuria. His mission was not a political success, but he did bring back some interesting scientific observations on these regions. The report of this embassy was published by Staunton, secretary to Lord Macartney, based on Macartney&#8217;s papers and those of Erasmus Goer (who went to Japan). The atlas is more important than the previous edition, which contained just 32 plates.<br \/>&nbsp;<\/p>\n<p style=\"text-align:justify\">&#8220;Ant\u00e9rieurement \u00e0 cette excellent relation, quelques ports seulement de la Chine, et surtout celui de Canton, avoient \u00e9t\u00e9 visit\u00e9s par des voyageurs qui ne pouvoient pas juger sainement d&#8217;un si vaste empire, d&#8217;une nation si nombreuse, d&#8217;apr\u00e8s des communication si g\u00ean\u00e9es avec les habitants m\u00eame de ces ports&#8230;. La relation d&#8217;une ambassade qui r\u00e9unissait les deux avantages de la consid\u00e9ration personnelle et de l&#8217;instruction dans son chef et ceux qui l&#8217;accompagnaient, promettait sur la Chine des notions plus s\u00fbres qu&#8217;aucune de celles qu&#8217;on avait eues jusque-l\u00e0&#8230; La premi\u00e8re partie de la relation, r\u00e9dig\u00e9e par sir Georges Staunton, est consacr\u00e9e au r\u00e9cit des diff\u00e9rentes rel\u00e2ches que l&#8217;escadre &nbsp;anglaise fit \u00e0 Mad\u00e8re, aux Canaries, aux \u00eeles du Cap-Vert. Cette partie renferme aussi des renseignements assez \u00e9tendues sur l&#8217;\u00eele de Java, sur la Cochinchine. Elle nous a procur\u00e9 aussi les notions les plus int\u00e9ressantes et les plus instructives peut-\u00eatre qui nous aient \u00e9t\u00e9 donn\u00e9es sur le Br\u00e9sil&#8230; L&#8217;objectif de l&#8217;ambassade n&#8217;\u00e9tait pas seulement de prot\u00e9ger ou d&#8217;activer le commerce de la Chine, d&#8217;une grande importance pour les Anglais, On se proposait encore de faire visiter par l&#8217;escadre &nbsp;qui transportait l&#8217;Ambassadeur et sa suite, tous les pays de cette partie en Asie, qu&#8217;on peut appeler l&#8217;archipel Chinois&#8221; (Boucher de la Richarderie).<\/p>\n<p style=\"text-align:justify\">Small waterstain to first text volume and the atlas. Otherwise a very attractive copy, complate with the rare atlas.<\/p>\n","protected":false},"excerpt":{"rendered":"<p style=\"text-align:justify\">5 text volumes 8vo (205 x 129 mm) and the atlas small-folio (286 x 205 mm ). Texte: 2 nn.ll., 492 pp. for volume I; 2 nn.ll., 392 pp. for volume II; 2 nn.ll., 398 pp. for volume III; 2 nn.ll., 359 pp. for volume IV; 2 nn.ll., 344 pp. for volume V. Atlas: 2 nn.ll., 41 numbered engraved plates. Text in contemporary mustard coloured boards, flat spine with red and green lettering pieces (atlas bound in style).<\/p>\n","protected":false},"featured_media":86293,"comment_status":"open","ping_status":"closed","template":"","meta":{"_acf_changed":false},"product_brand":[],"product_cat":[552],"product_tag":[1376,1383,1384,1385,1386],"class_list":{"0":"post-86312","1":"product","2":"type-product","3":"status-publish","4":"has-post-thumbnail","6":"product_cat-travel","7":"product_tag-brazil","8":"product_tag-china","9":"product_tag-india","10":"product_tag-indonesia","11":"product_tag-japan","12":"pa_auteur-macartney-george-2","14":"first","15":"instock","16":"shipping-taxable","17":"purchasable","18":"product-type-simple"},"acf":{"artist":" George MACARTNEY","chapeau":"","adresse_bibliographique":"Paris, chez F. Buisson, 1804","book_type":"","provenance":"","afficher_prix":""},"yoast_head":"<!-- This site is optimized with the Yoast SEO plugin v24.7 - https:\/\/yoast.com\/wordpress\/plugins\/seo\/ -->\n<title>MACARTNEY George Voyage dans l&#039;int\u00e9rieur de la Chine, et en Tartarie, fait dans les ann\u00e9es 1792, 1793 et 1794. Traduit de l&#039;anglais avec des notes par. J. Cast\u00e9ra. Troisi\u00e8me \u00e9dition, revue, corrig\u00e9e, et augment\u00e9e d&#039;un Pr\u00e9cis de l&#039;Histoire de la Chine par le traducteur, et du Voyage en Chine et en Tartarie de J.C. Huttner. - Libairie Clavreuil<\/title>\n<meta name=\"robots\" content=\"index, follow, max-snippet:-1, max-image-preview:large, max-video-preview:-1\" \/>\n<link rel=\"canonical\" href=\"https:\/\/www.librairieclavreuil.com\/en\/macartney-george-voyage-dans-linterieur-de-la-chine-et-en-tartarie-fait-dans-les-annees-1792-1793-et-1794-traduit-de-langlais-avec-des-notes-par-j-castera-troisieme-edition-revue-corrige\/\" \/>\n<meta property=\"og:locale\" content=\"en_US\" \/>\n<meta property=\"og:type\" content=\"article\" \/>\n<meta property=\"og:title\" content=\"MACARTNEY George Voyage dans l&#039;int\u00e9rieur de la Chine, et en Tartarie, fait dans les ann\u00e9es 1792, 1793 et 1794. Traduit de l&#039;anglais avec des notes par. J. Cast\u00e9ra. Troisi\u00e8me \u00e9dition, revue, corrig\u00e9e, et augment\u00e9e d&#039;un Pr\u00e9cis de l&#039;Histoire de la Chine par le traducteur, et du Voyage en Chine et en Tartarie de J.C. Huttner. - Libairie Clavreuil\" \/>\n<meta property=\"og:description\" content=\"5 text volumes 8vo (205 x 129 mm) and the atlas small-folio (286 x 205 mm ). Texte: 2 nn.ll., 492 pp. for volume I; 2 nn.ll., 392 pp. for volume II; 2 nn.ll., 398 pp. for volume III; 2 nn.ll., 359 pp. for volume IV; 2 nn.ll., 344 pp. for volume V. Atlas: 2 nn.ll., 41 numbered engraved plates. Text in contemporary mustard coloured boards, flat spine with red and green lettering pieces (atlas bound in style).\" \/>\n<meta property=\"og:url\" content=\"https:\/\/www.librairieclavreuil.com\/en\/macartney-george-voyage-dans-linterieur-de-la-chine-et-en-tartarie-fait-dans-les-annees-1792-1793-et-1794-traduit-de-langlais-avec-des-notes-par-j-castera-troisieme-edition-revue-corrige\/\" \/>\n<meta property=\"og:site_name\" content=\"Libairie Clavreuil\" \/>\n<meta property=\"article:modified_time\" content=\"2025-04-25T15:31:09+00:00\" \/>\n<meta property=\"og:image\" content=\"https:\/\/www.librairieclavreuil.com\/wp-content\/uploads\/2025\/04\/george-macartney-voyage-dans-l-interieur-de-la-chine-et-en-tartarie-fait-dans-les-annees-1792-1793-et-1794-traduit-de-l-anglais-avec-des-not-680baa4d59a58.jpg\" \/>\n\t<meta property=\"og:image:width\" content=\"622\" \/>\n\t<meta property=\"og:image:height\" content=\"800\" \/>\n\t<meta property=\"og:image:type\" content=\"image\/jpeg\" \/>\n<meta name=\"twitter:card\" content=\"summary_large_image\" \/>\n<meta name=\"twitter:label1\" content=\"Est. reading time\" \/>\n\t<meta name=\"twitter:data1\" content=\"2 minutes\" \/>\n<script type=\"application\/ld+json\" class=\"yoast-schema-graph\">{\"@context\":\"https:\/\/schema.org\",\"@graph\":[{\"@type\":\"WebPage\",\"@id\":\"https:\/\/www.librairieclavreuil.com\/en\/macartney-george-voyage-dans-linterieur-de-la-chine-et-en-tartarie-fait-dans-les-annees-1792-1793-et-1794-traduit-de-langlais-avec-des-notes-par-j-castera-troisieme-edition-revue-corrige\/\",\"url\":\"https:\/\/www.librairieclavreuil.com\/en\/macartney-george-voyage-dans-linterieur-de-la-chine-et-en-tartarie-fait-dans-les-annees-1792-1793-et-1794-traduit-de-langlais-avec-des-notes-par-j-castera-troisieme-edition-revue-corrige\/\",\"name\":\"MACARTNEY George Voyage dans l'int\u00e9rieur de la Chine, et en Tartarie, fait dans les ann\u00e9es 1792, 1793 et 1794. Traduit de l'anglais avec des notes par. J. Cast\u00e9ra. Troisi\u00e8me \u00e9dition, revue, corrig\u00e9e, et augment\u00e9e d'un Pr\u00e9cis de l'Histoire de la Chine par le traducteur, et du Voyage en Chine et en Tartarie de J.C. Huttner. - Libairie Clavreuil\",\"isPartOf\":{\"@id\":\"https:\/\/www.librairieclavreuil.com\/#website\"},\"primaryImageOfPage\":{\"@id\":\"https:\/\/www.librairieclavreuil.com\/en\/macartney-george-voyage-dans-linterieur-de-la-chine-et-en-tartarie-fait-dans-les-annees-1792-1793-et-1794-traduit-de-langlais-avec-des-notes-par-j-castera-troisieme-edition-revue-corrige\/#primaryimage\"},\"image\":{\"@id\":\"https:\/\/www.librairieclavreuil.com\/en\/macartney-george-voyage-dans-linterieur-de-la-chine-et-en-tartarie-fait-dans-les-annees-1792-1793-et-1794-traduit-de-langlais-avec-des-notes-par-j-castera-troisieme-edition-revue-corrige\/#primaryimage\"},\"thumbnailUrl\":\"https:\/\/www.librairieclavreuil.com\/wp-content\/uploads\/2025\/04\/george-macartney-voyage-dans-l-interieur-de-la-chine-et-en-tartarie-fait-dans-les-annees-1792-1793-et-1794-traduit-de-l-anglais-avec-des-not-680baa4d59a58.jpg\",\"datePublished\":\"2025-04-25T15:31:06+00:00\",\"dateModified\":\"2025-04-25T15:31:09+00:00\",\"breadcrumb\":{\"@id\":\"https:\/\/www.librairieclavreuil.com\/en\/macartney-george-voyage-dans-linterieur-de-la-chine-et-en-tartarie-fait-dans-les-annees-1792-1793-et-1794-traduit-de-langlais-avec-des-notes-par-j-castera-troisieme-edition-revue-corrige\/#breadcrumb\"},\"inLanguage\":\"en-US\",\"potentialAction\":[{\"@type\":\"ReadAction\",\"target\":[\"https:\/\/www.librairieclavreuil.com\/en\/macartney-george-voyage-dans-linterieur-de-la-chine-et-en-tartarie-fait-dans-les-annees-1792-1793-et-1794-traduit-de-langlais-avec-des-notes-par-j-castera-troisieme-edition-revue-corrige\/\"]}]},{\"@type\":\"ImageObject\",\"inLanguage\":\"en-US\",\"@id\":\"https:\/\/www.librairieclavreuil.com\/en\/macartney-george-voyage-dans-linterieur-de-la-chine-et-en-tartarie-fait-dans-les-annees-1792-1793-et-1794-traduit-de-langlais-avec-des-notes-par-j-castera-troisieme-edition-revue-corrige\/#primaryimage\",\"url\":\"https:\/\/www.librairieclavreuil.com\/wp-content\/uploads\/2025\/04\/george-macartney-voyage-dans-l-interieur-de-la-chine-et-en-tartarie-fait-dans-les-annees-1792-1793-et-1794-traduit-de-l-anglais-avec-des-not-680baa4d59a58.jpg\",\"contentUrl\":\"https:\/\/www.librairieclavreuil.com\/wp-content\/uploads\/2025\/04\/george-macartney-voyage-dans-l-interieur-de-la-chine-et-en-tartarie-fait-dans-les-annees-1792-1793-et-1794-traduit-de-l-anglais-avec-des-not-680baa4d59a58.jpg\",\"width\":622,\"height\":800},{\"@type\":\"BreadcrumbList\",\"@id\":\"https:\/\/www.librairieclavreuil.com\/en\/macartney-george-voyage-dans-linterieur-de-la-chine-et-en-tartarie-fait-dans-les-annees-1792-1793-et-1794-traduit-de-langlais-avec-des-notes-par-j-castera-troisieme-edition-revue-corrige\/#breadcrumb\",\"itemListElement\":[{\"@type\":\"ListItem\",\"position\":1,\"name\":\"Accueil\",\"item\":\"https:\/\/www.librairieclavreuil.com\/\"},{\"@type\":\"ListItem\",\"position\":2,\"name\":\"All our books\",\"item\":\"https:\/\/www.librairieclavreuil.com\/en\/all-our-books\/\"},{\"@type\":\"ListItem\",\"position\":3,\"name\":\"MACARTNEY George Voyage dans l&rsquo;int\u00e9rieur de la Chine,...\"}]},{\"@type\":\"WebSite\",\"@id\":\"https:\/\/www.librairieclavreuil.com\/#website\",\"url\":\"https:\/\/www.librairieclavreuil.com\/\",\"name\":\"Libairie Clavreuil\",\"description\":\"Livres anciens, manuscrits rares et \u00e9ditions originales \u2013 Librairie Clavreuil\",\"publisher\":{\"@id\":\"https:\/\/www.librairieclavreuil.com\/#organization\"},\"potentialAction\":[{\"@type\":\"SearchAction\",\"target\":{\"@type\":\"EntryPoint\",\"urlTemplate\":\"https:\/\/www.librairieclavreuil.com\/?s={search_term_string}\"},\"query-input\":{\"@type\":\"PropertyValueSpecification\",\"valueRequired\":true,\"valueName\":\"search_term_string\"}}],\"inLanguage\":\"en-US\"},{\"@type\":\"Organization\",\"@id\":\"https:\/\/www.librairieclavreuil.com\/#organization\",\"name\":\"Libairie Clavreuil\",\"url\":\"https:\/\/www.librairieclavreuil.com\/\",\"logo\":{\"@type\":\"ImageObject\",\"inLanguage\":\"en-US\",\"@id\":\"https:\/\/www.librairieclavreuil.com\/#\/schema\/logo\/image\/\",\"url\":\"https:\/\/www.librairieclavreuil.com\/wp-content\/uploads\/2021\/06\/cropped-LOGO_PNG_DATE-_gold-512x512-1.png\",\"contentUrl\":\"https:\/\/www.librairieclavreuil.com\/wp-content\/uploads\/2021\/06\/cropped-LOGO_PNG_DATE-_gold-512x512-1.png\",\"width\":512,\"height\":512,\"caption\":\"Libairie Clavreuil\"},\"image\":{\"@id\":\"https:\/\/www.librairieclavreuil.com\/#\/schema\/logo\/image\/\"},\"sameAs\":[\"https:\/\/www.instagram.com\/librairieclavreuil\/\"]}]}<\/script>\n<!-- \/ Yoast SEO plugin. -->","yoast_head_json":{"title":"MACARTNEY George Voyage dans l'int\u00e9rieur de la Chine, et en Tartarie, fait dans les ann\u00e9es 1792, 1793 et 1794. Traduit de l'anglais avec des notes par. J. Cast\u00e9ra. Troisi\u00e8me \u00e9dition, revue, corrig\u00e9e, et augment\u00e9e d'un Pr\u00e9cis de l'Histoire de la Chine par le traducteur, et du Voyage en Chine et en Tartarie de J.C. Huttner. - Libairie Clavreuil","robots":{"index":"index","follow":"follow","max-snippet":"max-snippet:-1","max-image-preview":"max-image-preview:large","max-video-preview":"max-video-preview:-1"},"canonical":"https:\/\/www.librairieclavreuil.com\/en\/macartney-george-voyage-dans-linterieur-de-la-chine-et-en-tartarie-fait-dans-les-annees-1792-1793-et-1794-traduit-de-langlais-avec-des-notes-par-j-castera-troisieme-edition-revue-corrige\/","og_locale":"en_US","og_type":"article","og_title":"MACARTNEY George Voyage dans l'int\u00e9rieur de la Chine, et en Tartarie, fait dans les ann\u00e9es 1792, 1793 et 1794. Traduit de l'anglais avec des notes par. J. Cast\u00e9ra. Troisi\u00e8me \u00e9dition, revue, corrig\u00e9e, et augment\u00e9e d'un Pr\u00e9cis de l'Histoire de la Chine par le traducteur, et du Voyage en Chine et en Tartarie de J.C. Huttner. - Libairie Clavreuil","og_description":"5 text volumes 8vo (205 x 129 mm) and the atlas small-folio (286 x 205 mm ). Texte: 2 nn.ll., 492 pp. for volume I; 2 nn.ll., 392 pp. for volume II; 2 nn.ll., 398 pp. for volume III; 2 nn.ll., 359 pp. for volume IV; 2 nn.ll., 344 pp. for volume V. Atlas: 2 nn.ll., 41 numbered engraved plates. Text in contemporary mustard coloured boards, flat spine with red and green lettering pieces (atlas bound in style).","og_url":"https:\/\/www.librairieclavreuil.com\/en\/macartney-george-voyage-dans-linterieur-de-la-chine-et-en-tartarie-fait-dans-les-annees-1792-1793-et-1794-traduit-de-langlais-avec-des-notes-par-j-castera-troisieme-edition-revue-corrige\/","og_site_name":"Libairie Clavreuil","article_modified_time":"2025-04-25T15:31:09+00:00","og_image":[{"width":622,"height":800,"url":"https:\/\/www.librairieclavreuil.com\/wp-content\/uploads\/2025\/04\/george-macartney-voyage-dans-l-interieur-de-la-chine-et-en-tartarie-fait-dans-les-annees-1792-1793-et-1794-traduit-de-l-anglais-avec-des-not-680baa4d59a58.jpg","type":"image\/jpeg"}],"twitter_card":"summary_large_image","twitter_misc":{"Est. reading time":"2 minutes"},"schema":{"@context":"https:\/\/schema.org","@graph":[{"@type":"WebPage","@id":"https:\/\/www.librairieclavreuil.com\/en\/macartney-george-voyage-dans-linterieur-de-la-chine-et-en-tartarie-fait-dans-les-annees-1792-1793-et-1794-traduit-de-langlais-avec-des-notes-par-j-castera-troisieme-edition-revue-corrige\/","url":"https:\/\/www.librairieclavreuil.com\/en\/macartney-george-voyage-dans-linterieur-de-la-chine-et-en-tartarie-fait-dans-les-annees-1792-1793-et-1794-traduit-de-langlais-avec-des-notes-par-j-castera-troisieme-edition-revue-corrige\/","name":"MACARTNEY George Voyage dans l'int\u00e9rieur de la Chine, et en Tartarie, fait dans les ann\u00e9es 1792, 1793 et 1794. Traduit de l'anglais avec des notes par. J. Cast\u00e9ra. Troisi\u00e8me \u00e9dition, revue, corrig\u00e9e, et augment\u00e9e d'un Pr\u00e9cis de l'Histoire de la Chine par le traducteur, et du Voyage en Chine et en Tartarie de J.C. Huttner. - Libairie Clavreuil","isPartOf":{"@id":"https:\/\/www.librairieclavreuil.com\/#website"},"primaryImageOfPage":{"@id":"https:\/\/www.librairieclavreuil.com\/en\/macartney-george-voyage-dans-linterieur-de-la-chine-et-en-tartarie-fait-dans-les-annees-1792-1793-et-1794-traduit-de-langlais-avec-des-notes-par-j-castera-troisieme-edition-revue-corrige\/#primaryimage"},"image":{"@id":"https:\/\/www.librairieclavreuil.com\/en\/macartney-george-voyage-dans-linterieur-de-la-chine-et-en-tartarie-fait-dans-les-annees-1792-1793-et-1794-traduit-de-langlais-avec-des-notes-par-j-castera-troisieme-edition-revue-corrige\/#primaryimage"},"thumbnailUrl":"https:\/\/www.librairieclavreuil.com\/wp-content\/uploads\/2025\/04\/george-macartney-voyage-dans-l-interieur-de-la-chine-et-en-tartarie-fait-dans-les-annees-1792-1793-et-1794-traduit-de-l-anglais-avec-des-not-680baa4d59a58.jpg","datePublished":"2025-04-25T15:31:06+00:00","dateModified":"2025-04-25T15:31:09+00:00","breadcrumb":{"@id":"https:\/\/www.librairieclavreuil.com\/en\/macartney-george-voyage-dans-linterieur-de-la-chine-et-en-tartarie-fait-dans-les-annees-1792-1793-et-1794-traduit-de-langlais-avec-des-notes-par-j-castera-troisieme-edition-revue-corrige\/#breadcrumb"},"inLanguage":"en-US","potentialAction":[{"@type":"ReadAction","target":["https:\/\/www.librairieclavreuil.com\/en\/macartney-george-voyage-dans-linterieur-de-la-chine-et-en-tartarie-fait-dans-les-annees-1792-1793-et-1794-traduit-de-langlais-avec-des-notes-par-j-castera-troisieme-edition-revue-corrige\/"]}]},{"@type":"ImageObject","inLanguage":"en-US","@id":"https:\/\/www.librairieclavreuil.com\/en\/macartney-george-voyage-dans-linterieur-de-la-chine-et-en-tartarie-fait-dans-les-annees-1792-1793-et-1794-traduit-de-langlais-avec-des-notes-par-j-castera-troisieme-edition-revue-corrige\/#primaryimage","url":"https:\/\/www.librairieclavreuil.com\/wp-content\/uploads\/2025\/04\/george-macartney-voyage-dans-l-interieur-de-la-chine-et-en-tartarie-fait-dans-les-annees-1792-1793-et-1794-traduit-de-l-anglais-avec-des-not-680baa4d59a58.jpg","contentUrl":"https:\/\/www.librairieclavreuil.com\/wp-content\/uploads\/2025\/04\/george-macartney-voyage-dans-l-interieur-de-la-chine-et-en-tartarie-fait-dans-les-annees-1792-1793-et-1794-traduit-de-l-anglais-avec-des-not-680baa4d59a58.jpg","width":622,"height":800},{"@type":"BreadcrumbList","@id":"https:\/\/www.librairieclavreuil.com\/en\/macartney-george-voyage-dans-linterieur-de-la-chine-et-en-tartarie-fait-dans-les-annees-1792-1793-et-1794-traduit-de-langlais-avec-des-notes-par-j-castera-troisieme-edition-revue-corrige\/#breadcrumb","itemListElement":[{"@type":"ListItem","position":1,"name":"Accueil","item":"https:\/\/www.librairieclavreuil.com\/"},{"@type":"ListItem","position":2,"name":"All our books","item":"https:\/\/www.librairieclavreuil.com\/en\/all-our-books\/"},{"@type":"ListItem","position":3,"name":"MACARTNEY George Voyage dans l&rsquo;int\u00e9rieur de la Chine,..."}]},{"@type":"WebSite","@id":"https:\/\/www.librairieclavreuil.com\/#website","url":"https:\/\/www.librairieclavreuil.com\/","name":"Libairie Clavreuil","description":"Livres anciens, manuscrits rares et \u00e9ditions originales \u2013 Librairie Clavreuil","publisher":{"@id":"https:\/\/www.librairieclavreuil.com\/#organization"},"potentialAction":[{"@type":"SearchAction","target":{"@type":"EntryPoint","urlTemplate":"https:\/\/www.librairieclavreuil.com\/?s={search_term_string}"},"query-input":{"@type":"PropertyValueSpecification","valueRequired":true,"valueName":"search_term_string"}}],"inLanguage":"en-US"},{"@type":"Organization","@id":"https:\/\/www.librairieclavreuil.com\/#organization","name":"Libairie Clavreuil","url":"https:\/\/www.librairieclavreuil.com\/","logo":{"@type":"ImageObject","inLanguage":"en-US","@id":"https:\/\/www.librairieclavreuil.com\/#\/schema\/logo\/image\/","url":"https:\/\/www.librairieclavreuil.com\/wp-content\/uploads\/2021\/06\/cropped-LOGO_PNG_DATE-_gold-512x512-1.png","contentUrl":"https:\/\/www.librairieclavreuil.com\/wp-content\/uploads\/2021\/06\/cropped-LOGO_PNG_DATE-_gold-512x512-1.png","width":512,"height":512,"caption":"Libairie Clavreuil"},"image":{"@id":"https:\/\/www.librairieclavreuil.com\/#\/schema\/logo\/image\/"},"sameAs":["https:\/\/www.instagram.com\/librairieclavreuil\/"]}]}},"jetpack_sharing_enabled":true,"_links":{"self":[{"href":"https:\/\/www.librairieclavreuil.com\/en\/wp-json\/wp\/v2\/product\/86312","targetHints":{"allow":["GET"]}}],"collection":[{"href":"https:\/\/www.librairieclavreuil.com\/en\/wp-json\/wp\/v2\/product"}],"about":[{"href":"https:\/\/www.librairieclavreuil.com\/en\/wp-json\/wp\/v2\/types\/product"}],"replies":[{"embeddable":true,"href":"https:\/\/www.librairieclavreuil.com\/en\/wp-json\/wp\/v2\/comments?post=86312"}],"wp:featuredmedia":[{"embeddable":true,"href":"https:\/\/www.librairieclavreuil.com\/en\/wp-json\/wp\/v2\/media\/86293"}],"wp:attachment":[{"href":"https:\/\/www.librairieclavreuil.com\/en\/wp-json\/wp\/v2\/media?parent=86312"}],"wp:term":[{"taxonomy":"product_brand","embeddable":true,"href":"https:\/\/www.librairieclavreuil.com\/en\/wp-json\/wp\/v2\/product_brand?post=86312"},{"taxonomy":"product_cat","embeddable":true,"href":"https:\/\/www.librairieclavreuil.com\/en\/wp-json\/wp\/v2\/product_cat?post=86312"},{"taxonomy":"product_tag","embeddable":true,"href":"https:\/\/www.librairieclavreuil.com\/en\/wp-json\/wp\/v2\/product_tag?post=86312"}],"curies":[{"name":"wp","href":"https:\/\/api.w.org\/{rel}","templated":true}]}}