{"id":86254,"date":"2025-04-25T16:51:16","date_gmt":"2025-04-25T14:51:16","guid":{"rendered":"https:\/\/www.librairieclavreuil.com\/dambourney-louis-auguste-recueil-de-procedes-et-dexperiences-sur-les-teintures-solides-que-nos-vegetaux-indigenes-communiquent-aux-laines-aux-lainages-suivi-de-supplement-au-recueil-sur\/"},"modified":"2025-04-25T16:51:20","modified_gmt":"2025-04-25T14:51:20","slug":"dambourney-louis-auguste-recueil-de-procedes-et-dexperiences-sur-les-teintures-solides-que-nos-vegetaux-indigenes-communiquent-aux-laines-aux-lainages-suivi-de-supplement-au-recueil-sur","status":"publish","type":"product","link":"https:\/\/www.librairieclavreuil.com\/en\/dambourney-louis-auguste-recueil-de-procedes-et-dexperiences-sur-les-teintures-solides-que-nos-vegetaux-indigenes-communiquent-aux-laines-aux-lainages-suivi-de-supplement-au-recueil-sur\/","title":{"rendered":"DAMBOURNEY Louis Auguste Recueil de proc\u00e9d\u00e9s et d&#8217;exp\u00e9riences..."},"content":{"rendered":"<p style=\"text-align:justify\"><i>Bibl. Tinctoria, 280, 283; Cole, 326-327; Neville, 324-325; Pritzel, 2040 (not mentioning the supplement).<\/i><\/p>\n<p style=\"text-align:justify\"><span style=\"font-variant:small-caps\">First edition of this classic work on colour chemistry and textile dyeing techniques.<\/span><\/p>\n<p style=\"text-align:justify\">The copy is complete with the supplement published two years after the main work.<\/p>\n<p style=\"text-align:justify\">&#8220;Dambourney (1722\/1795), chimiste et botaniste fran\u00e7ais, fit faire d&#8217;importants progr\u00e8s \u00e0 la teinture. Il implanta notamment la Garance dans sa r\u00e9gion et recensa de nombreuses plantes qui pouvaient teindre solidement les laines&#8221; (Hoefer).<\/p>\n<p style=\"text-align:justify\">&#8220;A practical essay on dying using vegetable dyes. Ordered, printed by the governement. The author gives directions for preparing mordants based on the process developed by his late friend Guillaume-Louis de La Follie. The Dictionnaire lists alphabetically, under the first letter of the French name, all of the plants the author employed in his experiments. The table of colors lists under each one the appropriate plant source&#8221; (Cole).<\/p>\n<p style=\"text-align:justify\">&#8220;[Dambourney], also recognized the possibility of extracting Indigo from woad (Isatis tinctori L.)&#8221;. (Bibliotheca Tinctoria).<\/p>\n<p style=\"text-align:justify\">&#8220;Dambourney, chemist, botanist, and director of the botanical garden at Rouen, developed the use of vegetable dyes for wool. He extracted a blue dye comparable to indigo from woad, and from the berries of the black alder he extracted a beatiful green dye. His reseraches on all kinds of plants from Normandy resulted in his being able to produce more than nine hundred vegetable colors and shades, which were resistant to soap and vinegar&#8221; (Neville).<\/p>\n<p style=\"text-align:justify\">A good copy, light stain on the first two leaves.<\/p>\n","protected":false},"excerpt":{"rendered":"<p style=\"text-align:justify\">2 parts in 1 volume 8vo (191 x 123 mm) 2 nn.l. and 407 pp. for the part I, and 152 pp. for the supplement. Contemporary marbled sheep, flat spine gilt, marbled edges.<\/p>\n","protected":false},"featured_media":86247,"comment_status":"open","ping_status":"closed","template":"","meta":{"_acf_changed":false},"product_brand":[],"product_cat":[550],"product_tag":[1324,1450,584,3301,1315,1321,1329],"class_list":{"0":"post-86254","1":"product","2":"type-product","3":"status-publish","4":"has-post-thumbnail","6":"product_cat-science","7":"product_tag-chemistry","8":"product_tag-first-edition","9":"product_tag-gardens","10":"product_tag-natural-science","11":"product_tag-science","12":"product_tag-seaweed","13":"product_tag-technology","14":"pa_auteur-dambourney-louis-auguste-2","15":"pa_type-de-livre-printed-book","17":"first","18":"instock","19":"shipping-taxable","20":"purchasable","21":"product-type-simple"},"acf":{"artist":" Louis Auguste DAMBOURNEY","chapeau":"","adresse_bibliographique":"Paris, Ph.-D. Pierres, 1786-1788","book_type":"Printed book","provenance":"","afficher_prix":""},"yoast_head":"<!-- This site is optimized with the Yoast SEO plugin v24.7 - https:\/\/yoast.com\/wordpress\/plugins\/seo\/ -->\n<title>DAMBOURNEY Louis Auguste Recueil de proc\u00e9d\u00e9s et d&#039;exp\u00e9riences sur les teintures solides que nos V\u00e9g\u00e9taux indig\u00eanes communiquent aux Laines &amp; aux Lainages. [suivi de :] Suppl\u00e9ment au recueil sur les teintures solides. - Libairie Clavreuil<\/title>\n<meta name=\"robots\" content=\"index, follow, max-snippet:-1, max-image-preview:large, max-video-preview:-1\" \/>\n<link rel=\"canonical\" href=\"https:\/\/www.librairieclavreuil.com\/en\/dambourney-louis-auguste-recueil-de-procedes-et-dexperiences-sur-les-teintures-solides-que-nos-vegetaux-indigenes-communiquent-aux-laines-aux-lainages-suivi-de-supplement-au-recueil-sur\/\" \/>\n<meta property=\"og:locale\" content=\"en_US\" \/>\n<meta property=\"og:type\" content=\"article\" \/>\n<meta property=\"og:title\" content=\"DAMBOURNEY Louis Auguste Recueil de proc\u00e9d\u00e9s et d&#039;exp\u00e9riences sur les teintures solides que nos V\u00e9g\u00e9taux indig\u00eanes communiquent aux Laines &amp; aux Lainages. [suivi de :] Suppl\u00e9ment au recueil sur les teintures solides. - Libairie Clavreuil\" \/>\n<meta property=\"og:description\" content=\"2 parts in 1 volume 8vo (191 x 123 mm) 2 nn.l. and 407 pp. for the part I, and 152 pp. for the supplement. Contemporary marbled sheep, flat spine gilt, marbled edges.\" \/>\n<meta property=\"og:url\" content=\"https:\/\/www.librairieclavreuil.com\/en\/dambourney-louis-auguste-recueil-de-procedes-et-dexperiences-sur-les-teintures-solides-que-nos-vegetaux-indigenes-communiquent-aux-laines-aux-lainages-suivi-de-supplement-au-recueil-sur\/\" \/>\n<meta property=\"og:site_name\" content=\"Libairie Clavreuil\" \/>\n<meta property=\"article:modified_time\" content=\"2025-04-25T14:51:20+00:00\" \/>\n<meta property=\"og:image\" content=\"https:\/\/www.librairieclavreuil.com\/wp-content\/uploads\/2025\/04\/louis-auguste-dambourney-recueil-de-procedes-et-d-experiences-sur-les-teintures-solides-que-nos-vegetaux-indigenes-communiquent-aux-laines-aux-lainage.jpg\" \/>\n\t<meta property=\"og:image:width\" content=\"545\" \/>\n\t<meta property=\"og:image:height\" content=\"800\" \/>\n\t<meta property=\"og:image:type\" content=\"image\/jpeg\" \/>\n<meta name=\"twitter:card\" content=\"summary_large_image\" \/>\n<meta name=\"twitter:label1\" content=\"Est. reading time\" \/>\n\t<meta name=\"twitter:data1\" content=\"1 minute\" \/>\n<script type=\"application\/ld+json\" class=\"yoast-schema-graph\">{\"@context\":\"https:\/\/schema.org\",\"@graph\":[{\"@type\":\"WebPage\",\"@id\":\"https:\/\/www.librairieclavreuil.com\/en\/dambourney-louis-auguste-recueil-de-procedes-et-dexperiences-sur-les-teintures-solides-que-nos-vegetaux-indigenes-communiquent-aux-laines-aux-lainages-suivi-de-supplement-au-recueil-sur\/\",\"url\":\"https:\/\/www.librairieclavreuil.com\/en\/dambourney-louis-auguste-recueil-de-procedes-et-dexperiences-sur-les-teintures-solides-que-nos-vegetaux-indigenes-communiquent-aux-laines-aux-lainages-suivi-de-supplement-au-recueil-sur\/\",\"name\":\"DAMBOURNEY Louis Auguste Recueil de proc\u00e9d\u00e9s et d'exp\u00e9riences sur les teintures solides que nos V\u00e9g\u00e9taux indig\u00eanes communiquent aux Laines &amp; aux Lainages. [suivi de :] Suppl\u00e9ment au recueil sur les teintures solides. - Libairie Clavreuil\",\"isPartOf\":{\"@id\":\"https:\/\/www.librairieclavreuil.com\/#website\"},\"primaryImageOfPage\":{\"@id\":\"https:\/\/www.librairieclavreuil.com\/en\/dambourney-louis-auguste-recueil-de-procedes-et-dexperiences-sur-les-teintures-solides-que-nos-vegetaux-indigenes-communiquent-aux-laines-aux-lainages-suivi-de-supplement-au-recueil-sur\/#primaryimage\"},\"image\":{\"@id\":\"https:\/\/www.librairieclavreuil.com\/en\/dambourney-louis-auguste-recueil-de-procedes-et-dexperiences-sur-les-teintures-solides-que-nos-vegetaux-indigenes-communiquent-aux-laines-aux-lainages-suivi-de-supplement-au-recueil-sur\/#primaryimage\"},\"thumbnailUrl\":\"https:\/\/www.librairieclavreuil.com\/wp-content\/uploads\/2025\/04\/louis-auguste-dambourney-recueil-de-procedes-et-d-experiences-sur-les-teintures-solides-que-nos-vegetaux-indigenes-communiquent-aux-laines-aux-lainage.jpg\",\"datePublished\":\"2025-04-25T14:51:16+00:00\",\"dateModified\":\"2025-04-25T14:51:20+00:00\",\"breadcrumb\":{\"@id\":\"https:\/\/www.librairieclavreuil.com\/en\/dambourney-louis-auguste-recueil-de-procedes-et-dexperiences-sur-les-teintures-solides-que-nos-vegetaux-indigenes-communiquent-aux-laines-aux-lainages-suivi-de-supplement-au-recueil-sur\/#breadcrumb\"},\"inLanguage\":\"en-US\",\"potentialAction\":[{\"@type\":\"ReadAction\",\"target\":[\"https:\/\/www.librairieclavreuil.com\/en\/dambourney-louis-auguste-recueil-de-procedes-et-dexperiences-sur-les-teintures-solides-que-nos-vegetaux-indigenes-communiquent-aux-laines-aux-lainages-suivi-de-supplement-au-recueil-sur\/\"]}]},{\"@type\":\"ImageObject\",\"inLanguage\":\"en-US\",\"@id\":\"https:\/\/www.librairieclavreuil.com\/en\/dambourney-louis-auguste-recueil-de-procedes-et-dexperiences-sur-les-teintures-solides-que-nos-vegetaux-indigenes-communiquent-aux-laines-aux-lainages-suivi-de-supplement-au-recueil-sur\/#primaryimage\",\"url\":\"https:\/\/www.librairieclavreuil.com\/wp-content\/uploads\/2025\/04\/louis-auguste-dambourney-recueil-de-procedes-et-d-experiences-sur-les-teintures-solides-que-nos-vegetaux-indigenes-communiquent-aux-laines-aux-lainage.jpg\",\"contentUrl\":\"https:\/\/www.librairieclavreuil.com\/wp-content\/uploads\/2025\/04\/louis-auguste-dambourney-recueil-de-procedes-et-d-experiences-sur-les-teintures-solides-que-nos-vegetaux-indigenes-communiquent-aux-laines-aux-lainage.jpg\",\"width\":545,\"height\":800},{\"@type\":\"BreadcrumbList\",\"@id\":\"https:\/\/www.librairieclavreuil.com\/en\/dambourney-louis-auguste-recueil-de-procedes-et-dexperiences-sur-les-teintures-solides-que-nos-vegetaux-indigenes-communiquent-aux-laines-aux-lainages-suivi-de-supplement-au-recueil-sur\/#breadcrumb\",\"itemListElement\":[{\"@type\":\"ListItem\",\"position\":1,\"name\":\"Accueil\",\"item\":\"https:\/\/www.librairieclavreuil.com\/\"},{\"@type\":\"ListItem\",\"position\":2,\"name\":\"All our books\",\"item\":\"https:\/\/www.librairieclavreuil.com\/en\/all-our-books\/\"},{\"@type\":\"ListItem\",\"position\":3,\"name\":\"DAMBOURNEY Louis Auguste Recueil de proc\u00e9d\u00e9s et d&rsquo;exp\u00e9riences...\"}]},{\"@type\":\"WebSite\",\"@id\":\"https:\/\/www.librairieclavreuil.com\/#website\",\"url\":\"https:\/\/www.librairieclavreuil.com\/\",\"name\":\"Libairie Clavreuil\",\"description\":\"Livres anciens, manuscrits rares et \u00e9ditions originales \u2013 Librairie Clavreuil\",\"publisher\":{\"@id\":\"https:\/\/www.librairieclavreuil.com\/#organization\"},\"potentialAction\":[{\"@type\":\"SearchAction\",\"target\":{\"@type\":\"EntryPoint\",\"urlTemplate\":\"https:\/\/www.librairieclavreuil.com\/?s={search_term_string}\"},\"query-input\":{\"@type\":\"PropertyValueSpecification\",\"valueRequired\":true,\"valueName\":\"search_term_string\"}}],\"inLanguage\":\"en-US\"},{\"@type\":\"Organization\",\"@id\":\"https:\/\/www.librairieclavreuil.com\/#organization\",\"name\":\"Libairie Clavreuil\",\"url\":\"https:\/\/www.librairieclavreuil.com\/\",\"logo\":{\"@type\":\"ImageObject\",\"inLanguage\":\"en-US\",\"@id\":\"https:\/\/www.librairieclavreuil.com\/#\/schema\/logo\/image\/\",\"url\":\"https:\/\/www.librairieclavreuil.com\/wp-content\/uploads\/2021\/06\/cropped-LOGO_PNG_DATE-_gold-512x512-1.png\",\"contentUrl\":\"https:\/\/www.librairieclavreuil.com\/wp-content\/uploads\/2021\/06\/cropped-LOGO_PNG_DATE-_gold-512x512-1.png\",\"width\":512,\"height\":512,\"caption\":\"Libairie Clavreuil\"},\"image\":{\"@id\":\"https:\/\/www.librairieclavreuil.com\/#\/schema\/logo\/image\/\"},\"sameAs\":[\"https:\/\/www.instagram.com\/librairieclavreuil\/\"]}]}<\/script>\n<!-- \/ Yoast SEO plugin. -->","yoast_head_json":{"title":"DAMBOURNEY Louis Auguste Recueil de proc\u00e9d\u00e9s et d'exp\u00e9riences sur les teintures solides que nos V\u00e9g\u00e9taux indig\u00eanes communiquent aux Laines &amp; aux Lainages. [suivi de :] Suppl\u00e9ment au recueil sur les teintures solides. - Libairie Clavreuil","robots":{"index":"index","follow":"follow","max-snippet":"max-snippet:-1","max-image-preview":"max-image-preview:large","max-video-preview":"max-video-preview:-1"},"canonical":"https:\/\/www.librairieclavreuil.com\/en\/dambourney-louis-auguste-recueil-de-procedes-et-dexperiences-sur-les-teintures-solides-que-nos-vegetaux-indigenes-communiquent-aux-laines-aux-lainages-suivi-de-supplement-au-recueil-sur\/","og_locale":"en_US","og_type":"article","og_title":"DAMBOURNEY Louis Auguste Recueil de proc\u00e9d\u00e9s et d'exp\u00e9riences sur les teintures solides que nos V\u00e9g\u00e9taux indig\u00eanes communiquent aux Laines &amp; aux Lainages. [suivi de :] Suppl\u00e9ment au recueil sur les teintures solides. - Libairie Clavreuil","og_description":"2 parts in 1 volume 8vo (191 x 123 mm) 2 nn.l. and 407 pp. for the part I, and 152 pp. for the supplement. Contemporary marbled sheep, flat spine gilt, marbled edges.","og_url":"https:\/\/www.librairieclavreuil.com\/en\/dambourney-louis-auguste-recueil-de-procedes-et-dexperiences-sur-les-teintures-solides-que-nos-vegetaux-indigenes-communiquent-aux-laines-aux-lainages-suivi-de-supplement-au-recueil-sur\/","og_site_name":"Libairie Clavreuil","article_modified_time":"2025-04-25T14:51:20+00:00","og_image":[{"width":545,"height":800,"url":"https:\/\/www.librairieclavreuil.com\/wp-content\/uploads\/2025\/04\/louis-auguste-dambourney-recueil-de-procedes-et-d-experiences-sur-les-teintures-solides-que-nos-vegetaux-indigenes-communiquent-aux-laines-aux-lainage.jpg","type":"image\/jpeg"}],"twitter_card":"summary_large_image","twitter_misc":{"Est. reading time":"1 minute"},"schema":{"@context":"https:\/\/schema.org","@graph":[{"@type":"WebPage","@id":"https:\/\/www.librairieclavreuil.com\/en\/dambourney-louis-auguste-recueil-de-procedes-et-dexperiences-sur-les-teintures-solides-que-nos-vegetaux-indigenes-communiquent-aux-laines-aux-lainages-suivi-de-supplement-au-recueil-sur\/","url":"https:\/\/www.librairieclavreuil.com\/en\/dambourney-louis-auguste-recueil-de-procedes-et-dexperiences-sur-les-teintures-solides-que-nos-vegetaux-indigenes-communiquent-aux-laines-aux-lainages-suivi-de-supplement-au-recueil-sur\/","name":"DAMBOURNEY Louis Auguste Recueil de proc\u00e9d\u00e9s et d'exp\u00e9riences sur les teintures solides que nos V\u00e9g\u00e9taux indig\u00eanes communiquent aux Laines &amp; aux Lainages. [suivi de :] Suppl\u00e9ment au recueil sur les teintures solides. - Libairie Clavreuil","isPartOf":{"@id":"https:\/\/www.librairieclavreuil.com\/#website"},"primaryImageOfPage":{"@id":"https:\/\/www.librairieclavreuil.com\/en\/dambourney-louis-auguste-recueil-de-procedes-et-dexperiences-sur-les-teintures-solides-que-nos-vegetaux-indigenes-communiquent-aux-laines-aux-lainages-suivi-de-supplement-au-recueil-sur\/#primaryimage"},"image":{"@id":"https:\/\/www.librairieclavreuil.com\/en\/dambourney-louis-auguste-recueil-de-procedes-et-dexperiences-sur-les-teintures-solides-que-nos-vegetaux-indigenes-communiquent-aux-laines-aux-lainages-suivi-de-supplement-au-recueil-sur\/#primaryimage"},"thumbnailUrl":"https:\/\/www.librairieclavreuil.com\/wp-content\/uploads\/2025\/04\/louis-auguste-dambourney-recueil-de-procedes-et-d-experiences-sur-les-teintures-solides-que-nos-vegetaux-indigenes-communiquent-aux-laines-aux-lainage.jpg","datePublished":"2025-04-25T14:51:16+00:00","dateModified":"2025-04-25T14:51:20+00:00","breadcrumb":{"@id":"https:\/\/www.librairieclavreuil.com\/en\/dambourney-louis-auguste-recueil-de-procedes-et-dexperiences-sur-les-teintures-solides-que-nos-vegetaux-indigenes-communiquent-aux-laines-aux-lainages-suivi-de-supplement-au-recueil-sur\/#breadcrumb"},"inLanguage":"en-US","potentialAction":[{"@type":"ReadAction","target":["https:\/\/www.librairieclavreuil.com\/en\/dambourney-louis-auguste-recueil-de-procedes-et-dexperiences-sur-les-teintures-solides-que-nos-vegetaux-indigenes-communiquent-aux-laines-aux-lainages-suivi-de-supplement-au-recueil-sur\/"]}]},{"@type":"ImageObject","inLanguage":"en-US","@id":"https:\/\/www.librairieclavreuil.com\/en\/dambourney-louis-auguste-recueil-de-procedes-et-dexperiences-sur-les-teintures-solides-que-nos-vegetaux-indigenes-communiquent-aux-laines-aux-lainages-suivi-de-supplement-au-recueil-sur\/#primaryimage","url":"https:\/\/www.librairieclavreuil.com\/wp-content\/uploads\/2025\/04\/louis-auguste-dambourney-recueil-de-procedes-et-d-experiences-sur-les-teintures-solides-que-nos-vegetaux-indigenes-communiquent-aux-laines-aux-lainage.jpg","contentUrl":"https:\/\/www.librairieclavreuil.com\/wp-content\/uploads\/2025\/04\/louis-auguste-dambourney-recueil-de-procedes-et-d-experiences-sur-les-teintures-solides-que-nos-vegetaux-indigenes-communiquent-aux-laines-aux-lainage.jpg","width":545,"height":800},{"@type":"BreadcrumbList","@id":"https:\/\/www.librairieclavreuil.com\/en\/dambourney-louis-auguste-recueil-de-procedes-et-dexperiences-sur-les-teintures-solides-que-nos-vegetaux-indigenes-communiquent-aux-laines-aux-lainages-suivi-de-supplement-au-recueil-sur\/#breadcrumb","itemListElement":[{"@type":"ListItem","position":1,"name":"Accueil","item":"https:\/\/www.librairieclavreuil.com\/"},{"@type":"ListItem","position":2,"name":"All our books","item":"https:\/\/www.librairieclavreuil.com\/en\/all-our-books\/"},{"@type":"ListItem","position":3,"name":"DAMBOURNEY Louis Auguste Recueil de proc\u00e9d\u00e9s et d&rsquo;exp\u00e9riences..."}]},{"@type":"WebSite","@id":"https:\/\/www.librairieclavreuil.com\/#website","url":"https:\/\/www.librairieclavreuil.com\/","name":"Libairie Clavreuil","description":"Livres anciens, manuscrits rares et \u00e9ditions originales \u2013 Librairie Clavreuil","publisher":{"@id":"https:\/\/www.librairieclavreuil.com\/#organization"},"potentialAction":[{"@type":"SearchAction","target":{"@type":"EntryPoint","urlTemplate":"https:\/\/www.librairieclavreuil.com\/?s={search_term_string}"},"query-input":{"@type":"PropertyValueSpecification","valueRequired":true,"valueName":"search_term_string"}}],"inLanguage":"en-US"},{"@type":"Organization","@id":"https:\/\/www.librairieclavreuil.com\/#organization","name":"Libairie Clavreuil","url":"https:\/\/www.librairieclavreuil.com\/","logo":{"@type":"ImageObject","inLanguage":"en-US","@id":"https:\/\/www.librairieclavreuil.com\/#\/schema\/logo\/image\/","url":"https:\/\/www.librairieclavreuil.com\/wp-content\/uploads\/2021\/06\/cropped-LOGO_PNG_DATE-_gold-512x512-1.png","contentUrl":"https:\/\/www.librairieclavreuil.com\/wp-content\/uploads\/2021\/06\/cropped-LOGO_PNG_DATE-_gold-512x512-1.png","width":512,"height":512,"caption":"Libairie Clavreuil"},"image":{"@id":"https:\/\/www.librairieclavreuil.com\/#\/schema\/logo\/image\/"},"sameAs":["https:\/\/www.instagram.com\/librairieclavreuil\/"]}]}},"jetpack_sharing_enabled":true,"_links":{"self":[{"href":"https:\/\/www.librairieclavreuil.com\/en\/wp-json\/wp\/v2\/product\/86254","targetHints":{"allow":["GET"]}}],"collection":[{"href":"https:\/\/www.librairieclavreuil.com\/en\/wp-json\/wp\/v2\/product"}],"about":[{"href":"https:\/\/www.librairieclavreuil.com\/en\/wp-json\/wp\/v2\/types\/product"}],"replies":[{"embeddable":true,"href":"https:\/\/www.librairieclavreuil.com\/en\/wp-json\/wp\/v2\/comments?post=86254"}],"wp:featuredmedia":[{"embeddable":true,"href":"https:\/\/www.librairieclavreuil.com\/en\/wp-json\/wp\/v2\/media\/86247"}],"wp:attachment":[{"href":"https:\/\/www.librairieclavreuil.com\/en\/wp-json\/wp\/v2\/media?parent=86254"}],"wp:term":[{"taxonomy":"product_brand","embeddable":true,"href":"https:\/\/www.librairieclavreuil.com\/en\/wp-json\/wp\/v2\/product_brand?post=86254"},{"taxonomy":"product_cat","embeddable":true,"href":"https:\/\/www.librairieclavreuil.com\/en\/wp-json\/wp\/v2\/product_cat?post=86254"},{"taxonomy":"product_tag","embeddable":true,"href":"https:\/\/www.librairieclavreuil.com\/en\/wp-json\/wp\/v2\/product_tag?post=86254"}],"curies":[{"name":"wp","href":"https:\/\/api.w.org\/{rel}","templated":true}]}}