{"id":86246,"date":"2025-04-25T16:46:02","date_gmt":"2025-04-25T14:46:02","guid":{"rendered":"https:\/\/www.librairieclavreuil.com\/lavoisier-antoine-laurent-de-opuscules-physiques-et-chymiques-tome-premier\/"},"modified":"2025-04-25T16:46:05","modified_gmt":"2025-04-25T14:46:05","slug":"lavoisier-antoine-laurent-de-opuscules-physiques-et-chymiques-tome-premier","status":"publish","type":"product","link":"https:\/\/www.librairieclavreuil.com\/en\/lavoisier-antoine-laurent-de-opuscules-physiques-et-chymiques-tome-premier\/","title":{"rendered":"LAVOISIER Antoine-Laurent de Opuscules physiques et chymiques. Tome..."},"content":{"rendered":"<p style=\"text-align:justify\"><i>Cole, 769; Duveen &amp; Klickstein, 121.<\/i><\/p>\n<p style=\"text-align:justify\"><span style=\"font-variant:small-caps\">First edition, published in a single volume. First issue as described by Duveen &amp; Klickstein.<\/span><\/p>\n<p style=\"text-align:justify\">As early as February 1773, Lavoisier noted in his laboratory notebook that his experiments would \u2018bring about a revolution in physics and chemistry\u2019. In September of the same year, he began writing the Opuscules, which he conceived in several volumes, of which he only published the first. In it, he addressed the interpretation of combustion as \u2018the release of phlogiston\u2019 that was generally accepted by chemists in the 18th century.<\/p>\n<p style=\"text-align:justify\">His book is divided into two parts: the first (pp. 1-184): <i>Pr\u00e9cis historique sur les \u00e9manations \u00e9lastiques qui se d\u00e9gent des corps pendant la combustion<\/i> is a summary of the texts on fixed air. In the second part (pp. 187-436) he presents his experiments, which already demonstrate the compound nature of air. He did not openly attack the phlogiston theory until 1783. \u2018Lavoisier, in his first major publication, surveys previous works concerning gases and then presents his own experiments\u2019 (Cole).<\/p>\n<p style=\"text-align:justify\">A good copy, a few leaves slightly browned, upper corner of first 2 leaves restored.<\/p>\n","protected":false},"excerpt":{"rendered":"<p style=\"text-align:justify\">8vo (194 x 120 mm) 1 nn.l. (title), XXX, 436 pp., 3 engraved plates. Contemporary half-sheep, flat spine gilt, red edges (spine expertly restored).<\/p>\n","protected":false},"featured_media":86237,"comment_status":"open","ping_status":"closed","template":"","meta":{"_acf_changed":false},"product_brand":[],"product_cat":[550],"product_tag":[1324,1450,1335,1315],"class_list":{"0":"post-86246","1":"product","2":"type-product","3":"status-publish","4":"has-post-thumbnail","6":"product_cat-science","7":"product_tag-chemistry","8":"product_tag-first-edition","9":"product_tag-physics","10":"product_tag-science","11":"pa_auteur-lavoisier-antoine-laurent-de-2","12":"pa_type-de-livre-printed-book","14":"first","15":"instock","16":"shipping-taxable","17":"purchasable","18":"product-type-simple"},"acf":{"artist":" Antoine-Laurent de LAVOISIER","chapeau":"First edition, first issue","adresse_bibliographique":"Paris, Durand, Didot & Esprit, 1774","book_type":"Printed book","provenance":"","afficher_prix":""},"yoast_head":"<!-- This site is optimized with the Yoast SEO plugin v24.7 - https:\/\/yoast.com\/wordpress\/plugins\/seo\/ -->\n<title>LAVOISIER Antoine-Laurent de Opuscules physiques et chymiques. Tome premier. - Libairie Clavreuil<\/title>\n<meta name=\"robots\" content=\"index, follow, max-snippet:-1, max-image-preview:large, max-video-preview:-1\" \/>\n<link rel=\"canonical\" href=\"https:\/\/www.librairieclavreuil.com\/en\/lavoisier-antoine-laurent-de-opuscules-physiques-et-chymiques-tome-premier\/\" \/>\n<meta property=\"og:locale\" content=\"en_US\" \/>\n<meta property=\"og:type\" content=\"article\" \/>\n<meta property=\"og:title\" content=\"LAVOISIER Antoine-Laurent de Opuscules physiques et chymiques. Tome premier. - Libairie Clavreuil\" \/>\n<meta property=\"og:description\" content=\"8vo (194 x 120 mm) 1 nn.l. (title), XXX, 436 pp., 3 engraved plates. Contemporary half-sheep, flat spine gilt, red edges (spine expertly restored).\" \/>\n<meta property=\"og:url\" content=\"https:\/\/www.librairieclavreuil.com\/en\/lavoisier-antoine-laurent-de-opuscules-physiques-et-chymiques-tome-premier\/\" \/>\n<meta property=\"og:site_name\" content=\"Libairie Clavreuil\" \/>\n<meta property=\"article:modified_time\" content=\"2025-04-25T14:46:05+00:00\" \/>\n<meta property=\"og:image\" content=\"https:\/\/www.librairieclavreuil.com\/wp-content\/uploads\/2025\/04\/antoine-laurent-de-lavoisier-opuscules-physiques-et-chymiques-tome-premier-4771-680b9fbd83d05.jpg\" \/>\n\t<meta property=\"og:image:width\" content=\"800\" \/>\n\t<meta property=\"og:image:height\" content=\"622\" \/>\n\t<meta property=\"og:image:type\" content=\"image\/jpeg\" \/>\n<meta name=\"twitter:card\" content=\"summary_large_image\" \/>\n<meta name=\"twitter:label1\" content=\"Est. reading time\" \/>\n\t<meta name=\"twitter:data1\" content=\"1 minute\" \/>\n<script type=\"application\/ld+json\" class=\"yoast-schema-graph\">{\"@context\":\"https:\/\/schema.org\",\"@graph\":[{\"@type\":\"WebPage\",\"@id\":\"https:\/\/www.librairieclavreuil.com\/en\/lavoisier-antoine-laurent-de-opuscules-physiques-et-chymiques-tome-premier\/\",\"url\":\"https:\/\/www.librairieclavreuil.com\/en\/lavoisier-antoine-laurent-de-opuscules-physiques-et-chymiques-tome-premier\/\",\"name\":\"LAVOISIER Antoine-Laurent de Opuscules physiques et chymiques. Tome premier. - Libairie Clavreuil\",\"isPartOf\":{\"@id\":\"https:\/\/www.librairieclavreuil.com\/#website\"},\"primaryImageOfPage\":{\"@id\":\"https:\/\/www.librairieclavreuil.com\/en\/lavoisier-antoine-laurent-de-opuscules-physiques-et-chymiques-tome-premier\/#primaryimage\"},\"image\":{\"@id\":\"https:\/\/www.librairieclavreuil.com\/en\/lavoisier-antoine-laurent-de-opuscules-physiques-et-chymiques-tome-premier\/#primaryimage\"},\"thumbnailUrl\":\"https:\/\/www.librairieclavreuil.com\/wp-content\/uploads\/2025\/04\/antoine-laurent-de-lavoisier-opuscules-physiques-et-chymiques-tome-premier-4771-680b9fbd83d05.jpg\",\"datePublished\":\"2025-04-25T14:46:02+00:00\",\"dateModified\":\"2025-04-25T14:46:05+00:00\",\"breadcrumb\":{\"@id\":\"https:\/\/www.librairieclavreuil.com\/en\/lavoisier-antoine-laurent-de-opuscules-physiques-et-chymiques-tome-premier\/#breadcrumb\"},\"inLanguage\":\"en-US\",\"potentialAction\":[{\"@type\":\"ReadAction\",\"target\":[\"https:\/\/www.librairieclavreuil.com\/en\/lavoisier-antoine-laurent-de-opuscules-physiques-et-chymiques-tome-premier\/\"]}]},{\"@type\":\"ImageObject\",\"inLanguage\":\"en-US\",\"@id\":\"https:\/\/www.librairieclavreuil.com\/en\/lavoisier-antoine-laurent-de-opuscules-physiques-et-chymiques-tome-premier\/#primaryimage\",\"url\":\"https:\/\/www.librairieclavreuil.com\/wp-content\/uploads\/2025\/04\/antoine-laurent-de-lavoisier-opuscules-physiques-et-chymiques-tome-premier-4771-680b9fbd83d05.jpg\",\"contentUrl\":\"https:\/\/www.librairieclavreuil.com\/wp-content\/uploads\/2025\/04\/antoine-laurent-de-lavoisier-opuscules-physiques-et-chymiques-tome-premier-4771-680b9fbd83d05.jpg\",\"width\":800,\"height\":622},{\"@type\":\"BreadcrumbList\",\"@id\":\"https:\/\/www.librairieclavreuil.com\/en\/lavoisier-antoine-laurent-de-opuscules-physiques-et-chymiques-tome-premier\/#breadcrumb\",\"itemListElement\":[{\"@type\":\"ListItem\",\"position\":1,\"name\":\"Accueil\",\"item\":\"https:\/\/www.librairieclavreuil.com\/\"},{\"@type\":\"ListItem\",\"position\":2,\"name\":\"All our books\",\"item\":\"https:\/\/www.librairieclavreuil.com\/en\/all-our-books\/\"},{\"@type\":\"ListItem\",\"position\":3,\"name\":\"LAVOISIER Antoine-Laurent de Opuscules physiques et chymiques. Tome...\"}]},{\"@type\":\"WebSite\",\"@id\":\"https:\/\/www.librairieclavreuil.com\/#website\",\"url\":\"https:\/\/www.librairieclavreuil.com\/\",\"name\":\"Libairie Clavreuil\",\"description\":\"Livres anciens, manuscrits rares et \u00e9ditions originales \u2013 Librairie Clavreuil\",\"publisher\":{\"@id\":\"https:\/\/www.librairieclavreuil.com\/#organization\"},\"potentialAction\":[{\"@type\":\"SearchAction\",\"target\":{\"@type\":\"EntryPoint\",\"urlTemplate\":\"https:\/\/www.librairieclavreuil.com\/?s={search_term_string}\"},\"query-input\":{\"@type\":\"PropertyValueSpecification\",\"valueRequired\":true,\"valueName\":\"search_term_string\"}}],\"inLanguage\":\"en-US\"},{\"@type\":\"Organization\",\"@id\":\"https:\/\/www.librairieclavreuil.com\/#organization\",\"name\":\"Libairie Clavreuil\",\"url\":\"https:\/\/www.librairieclavreuil.com\/\",\"logo\":{\"@type\":\"ImageObject\",\"inLanguage\":\"en-US\",\"@id\":\"https:\/\/www.librairieclavreuil.com\/#\/schema\/logo\/image\/\",\"url\":\"https:\/\/www.librairieclavreuil.com\/wp-content\/uploads\/2021\/06\/cropped-LOGO_PNG_DATE-_gold-512x512-1.png\",\"contentUrl\":\"https:\/\/www.librairieclavreuil.com\/wp-content\/uploads\/2021\/06\/cropped-LOGO_PNG_DATE-_gold-512x512-1.png\",\"width\":512,\"height\":512,\"caption\":\"Libairie Clavreuil\"},\"image\":{\"@id\":\"https:\/\/www.librairieclavreuil.com\/#\/schema\/logo\/image\/\"},\"sameAs\":[\"https:\/\/www.instagram.com\/librairieclavreuil\/\"]}]}<\/script>\n<!-- \/ Yoast SEO plugin. -->","yoast_head_json":{"title":"LAVOISIER Antoine-Laurent de Opuscules physiques et chymiques. Tome premier. - Libairie Clavreuil","robots":{"index":"index","follow":"follow","max-snippet":"max-snippet:-1","max-image-preview":"max-image-preview:large","max-video-preview":"max-video-preview:-1"},"canonical":"https:\/\/www.librairieclavreuil.com\/en\/lavoisier-antoine-laurent-de-opuscules-physiques-et-chymiques-tome-premier\/","og_locale":"en_US","og_type":"article","og_title":"LAVOISIER Antoine-Laurent de Opuscules physiques et chymiques. Tome premier. - Libairie Clavreuil","og_description":"8vo (194 x 120 mm) 1 nn.l. (title), XXX, 436 pp., 3 engraved plates. Contemporary half-sheep, flat spine gilt, red edges (spine expertly restored).","og_url":"https:\/\/www.librairieclavreuil.com\/en\/lavoisier-antoine-laurent-de-opuscules-physiques-et-chymiques-tome-premier\/","og_site_name":"Libairie Clavreuil","article_modified_time":"2025-04-25T14:46:05+00:00","og_image":[{"width":800,"height":622,"url":"https:\/\/www.librairieclavreuil.com\/wp-content\/uploads\/2025\/04\/antoine-laurent-de-lavoisier-opuscules-physiques-et-chymiques-tome-premier-4771-680b9fbd83d05.jpg","type":"image\/jpeg"}],"twitter_card":"summary_large_image","twitter_misc":{"Est. reading time":"1 minute"},"schema":{"@context":"https:\/\/schema.org","@graph":[{"@type":"WebPage","@id":"https:\/\/www.librairieclavreuil.com\/en\/lavoisier-antoine-laurent-de-opuscules-physiques-et-chymiques-tome-premier\/","url":"https:\/\/www.librairieclavreuil.com\/en\/lavoisier-antoine-laurent-de-opuscules-physiques-et-chymiques-tome-premier\/","name":"LAVOISIER Antoine-Laurent de Opuscules physiques et chymiques. Tome premier. - Libairie Clavreuil","isPartOf":{"@id":"https:\/\/www.librairieclavreuil.com\/#website"},"primaryImageOfPage":{"@id":"https:\/\/www.librairieclavreuil.com\/en\/lavoisier-antoine-laurent-de-opuscules-physiques-et-chymiques-tome-premier\/#primaryimage"},"image":{"@id":"https:\/\/www.librairieclavreuil.com\/en\/lavoisier-antoine-laurent-de-opuscules-physiques-et-chymiques-tome-premier\/#primaryimage"},"thumbnailUrl":"https:\/\/www.librairieclavreuil.com\/wp-content\/uploads\/2025\/04\/antoine-laurent-de-lavoisier-opuscules-physiques-et-chymiques-tome-premier-4771-680b9fbd83d05.jpg","datePublished":"2025-04-25T14:46:02+00:00","dateModified":"2025-04-25T14:46:05+00:00","breadcrumb":{"@id":"https:\/\/www.librairieclavreuil.com\/en\/lavoisier-antoine-laurent-de-opuscules-physiques-et-chymiques-tome-premier\/#breadcrumb"},"inLanguage":"en-US","potentialAction":[{"@type":"ReadAction","target":["https:\/\/www.librairieclavreuil.com\/en\/lavoisier-antoine-laurent-de-opuscules-physiques-et-chymiques-tome-premier\/"]}]},{"@type":"ImageObject","inLanguage":"en-US","@id":"https:\/\/www.librairieclavreuil.com\/en\/lavoisier-antoine-laurent-de-opuscules-physiques-et-chymiques-tome-premier\/#primaryimage","url":"https:\/\/www.librairieclavreuil.com\/wp-content\/uploads\/2025\/04\/antoine-laurent-de-lavoisier-opuscules-physiques-et-chymiques-tome-premier-4771-680b9fbd83d05.jpg","contentUrl":"https:\/\/www.librairieclavreuil.com\/wp-content\/uploads\/2025\/04\/antoine-laurent-de-lavoisier-opuscules-physiques-et-chymiques-tome-premier-4771-680b9fbd83d05.jpg","width":800,"height":622},{"@type":"BreadcrumbList","@id":"https:\/\/www.librairieclavreuil.com\/en\/lavoisier-antoine-laurent-de-opuscules-physiques-et-chymiques-tome-premier\/#breadcrumb","itemListElement":[{"@type":"ListItem","position":1,"name":"Accueil","item":"https:\/\/www.librairieclavreuil.com\/"},{"@type":"ListItem","position":2,"name":"All our books","item":"https:\/\/www.librairieclavreuil.com\/en\/all-our-books\/"},{"@type":"ListItem","position":3,"name":"LAVOISIER Antoine-Laurent de Opuscules physiques et chymiques. Tome..."}]},{"@type":"WebSite","@id":"https:\/\/www.librairieclavreuil.com\/#website","url":"https:\/\/www.librairieclavreuil.com\/","name":"Libairie Clavreuil","description":"Livres anciens, manuscrits rares et \u00e9ditions originales \u2013 Librairie Clavreuil","publisher":{"@id":"https:\/\/www.librairieclavreuil.com\/#organization"},"potentialAction":[{"@type":"SearchAction","target":{"@type":"EntryPoint","urlTemplate":"https:\/\/www.librairieclavreuil.com\/?s={search_term_string}"},"query-input":{"@type":"PropertyValueSpecification","valueRequired":true,"valueName":"search_term_string"}}],"inLanguage":"en-US"},{"@type":"Organization","@id":"https:\/\/www.librairieclavreuil.com\/#organization","name":"Libairie Clavreuil","url":"https:\/\/www.librairieclavreuil.com\/","logo":{"@type":"ImageObject","inLanguage":"en-US","@id":"https:\/\/www.librairieclavreuil.com\/#\/schema\/logo\/image\/","url":"https:\/\/www.librairieclavreuil.com\/wp-content\/uploads\/2021\/06\/cropped-LOGO_PNG_DATE-_gold-512x512-1.png","contentUrl":"https:\/\/www.librairieclavreuil.com\/wp-content\/uploads\/2021\/06\/cropped-LOGO_PNG_DATE-_gold-512x512-1.png","width":512,"height":512,"caption":"Libairie Clavreuil"},"image":{"@id":"https:\/\/www.librairieclavreuil.com\/#\/schema\/logo\/image\/"},"sameAs":["https:\/\/www.instagram.com\/librairieclavreuil\/"]}]}},"jetpack_sharing_enabled":true,"_links":{"self":[{"href":"https:\/\/www.librairieclavreuil.com\/en\/wp-json\/wp\/v2\/product\/86246","targetHints":{"allow":["GET"]}}],"collection":[{"href":"https:\/\/www.librairieclavreuil.com\/en\/wp-json\/wp\/v2\/product"}],"about":[{"href":"https:\/\/www.librairieclavreuil.com\/en\/wp-json\/wp\/v2\/types\/product"}],"replies":[{"embeddable":true,"href":"https:\/\/www.librairieclavreuil.com\/en\/wp-json\/wp\/v2\/comments?post=86246"}],"wp:featuredmedia":[{"embeddable":true,"href":"https:\/\/www.librairieclavreuil.com\/en\/wp-json\/wp\/v2\/media\/86237"}],"wp:attachment":[{"href":"https:\/\/www.librairieclavreuil.com\/en\/wp-json\/wp\/v2\/media?parent=86246"}],"wp:term":[{"taxonomy":"product_brand","embeddable":true,"href":"https:\/\/www.librairieclavreuil.com\/en\/wp-json\/wp\/v2\/product_brand?post=86246"},{"taxonomy":"product_cat","embeddable":true,"href":"https:\/\/www.librairieclavreuil.com\/en\/wp-json\/wp\/v2\/product_cat?post=86246"},{"taxonomy":"product_tag","embeddable":true,"href":"https:\/\/www.librairieclavreuil.com\/en\/wp-json\/wp\/v2\/product_tag?post=86246"}],"curies":[{"name":"wp","href":"https:\/\/api.w.org\/{rel}","templated":true}]}}