{"id":86214,"date":"2025-04-25T16:34:33","date_gmt":"2025-04-25T14:34:33","guid":{"rendered":"https:\/\/www.librairieclavreuil.com\/papin-denis-la-maniere-damolir-les-os-et-de-faire-cuire-toutes-sortes-de-viandes-en-fort-peu-de-temps-a-peu-de-frais-avec-une-description-de-la-machine-dont-il-se-faut-servir-pour-cet-eff\/"},"modified":"2025-09-25T12:47:42","modified_gmt":"2025-09-25T10:47:42","slug":"papin-denis-la-maniere-damolir-les-os-et-de-faire-cuire-toutes-sortes-de-viandes-en-fort-peu-de-temps-a-peu-de-frais-avec-une-description-de-la-machine-dont-il-se-faut-servir-pour-cet-eff","status":"publish","type":"product","link":"https:\/\/www.librairieclavreuil.com\/en\/papin-denis-la-maniere-damolir-les-os-et-de-faire-cuire-toutes-sortes-de-viandes-en-fort-peu-de-temps-a-peu-de-frais-avec-une-description-de-la-machine-dont-il-se-faut-servir-pour-cet-eff\/","title":{"rendered":"PAPIN Denis La Maniere d&#8217;amolir les os, et..."},"content":{"rendered":"<p style=\"text-align:justify\"><i>Rahir, Bibliotheque de l&#8217;amateur, p. 570 ; Livres en bouche, 91 ; Notaker, 630 ; Cagle, 369 ; Bitting, 355 ; Oberle Fastes, 89 ; Vicaire, col. 651-652.<\/i><\/p>\n<p style=\"text-align:justify\"><span style=\"font-variant:small-caps\">First edition in French : copy of the rare first issue. The frist description of the pressure cooker.<\/span><\/p>\n<p style=\"text-align:justify\">Born in Chitenay, near Blois, in 1647 into a Protestant family, Denis Papin nevertheless received a Jesuit education before obtaining a degree in medicine in Paris. Driven by his interest in physics, he worked alongside Gottfried Leibniz as an assistant to the Dutch scientist Christiaan Huyghens, then president of the Academy of Sciences. However, increasing persecution of Protestants forced him to flee to England in 1675, where he collaborated with Robert Boyle and joined the Royal Society of Physics in 1680. Whether living in England, Italy or Germany, Denis Papin devoted himself to tireless scientific research, which led to various visionary inventions, including a submarine, a catapult, a machine for raising water and a piston steam engine which, in 1690, enabled him to produce a \u201cperfect vacuum\u201d through the condensation of water vapour.<\/p>\n<p style=\"text-align:justify\">Originally published in English in two parts (London, 1681 and 1687), the treatise was dedicated to the Royal Society, of which Denis Papin was one of the first members. Papin describes his process in this book: by means of a cast-iron pot, the lid of which is kept under pressure by screws and a safety valve, the device raises the pressure and temperature above 100\u00b0C, resulting in faster cooking of food and the possibility of reducing bones and meat to pulp, or even liquid:&nbsp; &#8220;Par le moyen de la machine dont il s&#8217;agit icy, la vache la plus vieille et la plus dure se peut rendre aussi tendre et d&#8217;aussi bon goust que la viande la mieux choisie&#8221; [By means of the machine we are talking about here, the oldest and toughest cow can be made as tender and as tasty as the best chosen meat].<\/p>\n<p style=\"text-align:justify\">His digester could also be used to process vegetables or make jam. He noticed that not only was the taste of the food preserved, but that the products kept longer. Papin describes the digester and provides technical details with the help of 2 beautiful copper plates. He explains how to use it for cooks, dyers and sea voyages, and even calculates its cost price. This remarkable cooking pot in terms of culinary economy would not be superseded until the early 19th century by the food preservation process devised by Nicolas Appert.<\/p>\n<p style=\"text-align:justify\">In his preface Papin mentions that the experiments of Robert Boyle had inspired him to write his new book&nbsp;<\/p>\n<p style=\"text-align:justify\">&#8220;D\u00e9di\u00e9 aux membres de la Royal Society de Londres, le livre de Papin, initialement paru en anglais sous le titre <i>A New digester for sotting bones<\/i> (Londres, 1681), est un livre de science, \u00e9crit par un physicien s\u2019adressant \u00e0 d\u2019autres physiciens et ayant pour premier objet \u2018la continuation des exp\u00e9riences physico-m\u00e9caniques de monsieur Boyle\u2019, lequel avait publi\u00e9 en 1680 <i>Quelques exp\u00e9riences de bain marie ferm\u00e9 \u00e0 vis<\/i>&#8221; (Livres en bouche).<\/p>\n<p style=\"text-align:justify\">Copy of the extremely rare first edition, ending with the word \u2018fin\u2019. Pages 159-164 further notices were published later.<\/p>\n<p style=\"text-align:justify\">Very good copy.<\/p>\n","protected":false},"excerpt":{"rendered":"<p>12mo (150 x 85 mm) 6 nn.ll., 158 pp., 2 engaved folding plates. Contemporary mottled sheep, spine gilt with raised bands, red speckled edges.<\/p>\n","protected":false},"featured_media":86207,"comment_status":"open","ping_status":"closed","template":"","meta":{"_acf_changed":false},"product_brand":[],"product_cat":[550],"product_tag":[588,1315],"class_list":{"0":"post-86214","1":"product","2":"type-product","3":"status-publish","4":"has-post-thumbnail","6":"product_cat-science","7":"product_tag-gastronomy","8":"product_tag-science","9":"pa_auteur-papin-denis-2","10":"pa_type-de-livre-printed-book","12":"first","13":"instock","14":"shipping-taxable","15":"purchasable","16":"product-type-simple"},"acf":{"artist":" Denis PAPIN","chapeau":"The invention of the pressure cooker","adresse_bibliographique":"Paris, Estienne Michallet, 1682","book_type":"Printed book","provenance":"","afficher_prix":""},"yoast_head":"<!-- This site is optimized with the Yoast SEO plugin v24.7 - https:\/\/yoast.com\/wordpress\/plugins\/seo\/ -->\n<title>PAPIN Denis La Maniere d&#039;amolir les os, et de faire cuire toutes sortes de viandes en fort peu de temps, &amp; \u00e0 peu de frais ; avec une description de la Machine dont il se faut servir pour cet effet - Libairie Clavreuil<\/title>\n<meta name=\"robots\" content=\"index, follow, max-snippet:-1, max-image-preview:large, max-video-preview:-1\" \/>\n<link rel=\"canonical\" href=\"https:\/\/www.librairieclavreuil.com\/en\/papin-denis-la-maniere-damolir-les-os-et-de-faire-cuire-toutes-sortes-de-viandes-en-fort-peu-de-temps-a-peu-de-frais-avec-une-description-de-la-machine-dont-il-se-faut-servir-pour-cet-eff\/\" \/>\n<meta property=\"og:locale\" content=\"en_US\" \/>\n<meta property=\"og:type\" content=\"article\" \/>\n<meta property=\"og:title\" content=\"PAPIN Denis La Maniere d&#039;amolir les os, et de faire cuire toutes sortes de viandes en fort peu de temps, &amp; \u00e0 peu de frais ; avec une description de la Machine dont il se faut servir pour cet effet - Libairie Clavreuil\" \/>\n<meta property=\"og:description\" content=\"12mo (150 x 85 mm) 6 nn.ll., 158 pp., 2 engaved folding plates. Contemporary mottled sheep, spine gilt with raised bands, red speckled edges.\" \/>\n<meta property=\"og:url\" content=\"https:\/\/www.librairieclavreuil.com\/en\/papin-denis-la-maniere-damolir-les-os-et-de-faire-cuire-toutes-sortes-de-viandes-en-fort-peu-de-temps-a-peu-de-frais-avec-une-description-de-la-machine-dont-il-se-faut-servir-pour-cet-eff\/\" \/>\n<meta property=\"og:site_name\" content=\"Libairie Clavreuil\" \/>\n<meta property=\"article:modified_time\" content=\"2025-09-25T10:47:42+00:00\" \/>\n<meta property=\"og:image\" content=\"https:\/\/www.librairieclavreuil.com\/wp-content\/uploads\/2025\/04\/denis-papin-la-maniere-d-amolir-les-os-et-de-faire-cuire-toutes-sortes-de-viandes-en-fort-peu-de-temps-a-peu-de-frais-avec-une-description-d-680b9d323b58e.jpg\" \/>\n\t<meta property=\"og:image:width\" content=\"622\" \/>\n\t<meta property=\"og:image:height\" content=\"800\" \/>\n\t<meta property=\"og:image:type\" content=\"image\/jpeg\" \/>\n<meta name=\"twitter:card\" content=\"summary_large_image\" \/>\n<meta name=\"twitter:label1\" content=\"Est. reading time\" \/>\n\t<meta name=\"twitter:data1\" content=\"3 minutes\" \/>\n<script type=\"application\/ld+json\" class=\"yoast-schema-graph\">{\"@context\":\"https:\/\/schema.org\",\"@graph\":[{\"@type\":\"WebPage\",\"@id\":\"https:\/\/www.librairieclavreuil.com\/en\/papin-denis-la-maniere-damolir-les-os-et-de-faire-cuire-toutes-sortes-de-viandes-en-fort-peu-de-temps-a-peu-de-frais-avec-une-description-de-la-machine-dont-il-se-faut-servir-pour-cet-eff\/\",\"url\":\"https:\/\/www.librairieclavreuil.com\/en\/papin-denis-la-maniere-damolir-les-os-et-de-faire-cuire-toutes-sortes-de-viandes-en-fort-peu-de-temps-a-peu-de-frais-avec-une-description-de-la-machine-dont-il-se-faut-servir-pour-cet-eff\/\",\"name\":\"PAPIN Denis La Maniere d'amolir les os, et de faire cuire toutes sortes de viandes en fort peu de temps, &amp; \u00e0 peu de frais ; avec une description de la Machine dont il se faut servir pour cet effet - Libairie Clavreuil\",\"isPartOf\":{\"@id\":\"https:\/\/www.librairieclavreuil.com\/#website\"},\"primaryImageOfPage\":{\"@id\":\"https:\/\/www.librairieclavreuil.com\/en\/papin-denis-la-maniere-damolir-les-os-et-de-faire-cuire-toutes-sortes-de-viandes-en-fort-peu-de-temps-a-peu-de-frais-avec-une-description-de-la-machine-dont-il-se-faut-servir-pour-cet-eff\/#primaryimage\"},\"image\":{\"@id\":\"https:\/\/www.librairieclavreuil.com\/en\/papin-denis-la-maniere-damolir-les-os-et-de-faire-cuire-toutes-sortes-de-viandes-en-fort-peu-de-temps-a-peu-de-frais-avec-une-description-de-la-machine-dont-il-se-faut-servir-pour-cet-eff\/#primaryimage\"},\"thumbnailUrl\":\"https:\/\/www.librairieclavreuil.com\/wp-content\/uploads\/2025\/04\/denis-papin-la-maniere-d-amolir-les-os-et-de-faire-cuire-toutes-sortes-de-viandes-en-fort-peu-de-temps-a-peu-de-frais-avec-une-description-d-680b9d323b58e.jpg\",\"datePublished\":\"2025-04-25T14:34:33+00:00\",\"dateModified\":\"2025-09-25T10:47:42+00:00\",\"breadcrumb\":{\"@id\":\"https:\/\/www.librairieclavreuil.com\/en\/papin-denis-la-maniere-damolir-les-os-et-de-faire-cuire-toutes-sortes-de-viandes-en-fort-peu-de-temps-a-peu-de-frais-avec-une-description-de-la-machine-dont-il-se-faut-servir-pour-cet-eff\/#breadcrumb\"},\"inLanguage\":\"en-US\",\"potentialAction\":[{\"@type\":\"ReadAction\",\"target\":[\"https:\/\/www.librairieclavreuil.com\/en\/papin-denis-la-maniere-damolir-les-os-et-de-faire-cuire-toutes-sortes-de-viandes-en-fort-peu-de-temps-a-peu-de-frais-avec-une-description-de-la-machine-dont-il-se-faut-servir-pour-cet-eff\/\"]}]},{\"@type\":\"ImageObject\",\"inLanguage\":\"en-US\",\"@id\":\"https:\/\/www.librairieclavreuil.com\/en\/papin-denis-la-maniere-damolir-les-os-et-de-faire-cuire-toutes-sortes-de-viandes-en-fort-peu-de-temps-a-peu-de-frais-avec-une-description-de-la-machine-dont-il-se-faut-servir-pour-cet-eff\/#primaryimage\",\"url\":\"https:\/\/www.librairieclavreuil.com\/wp-content\/uploads\/2025\/04\/denis-papin-la-maniere-d-amolir-les-os-et-de-faire-cuire-toutes-sortes-de-viandes-en-fort-peu-de-temps-a-peu-de-frais-avec-une-description-d-680b9d323b58e.jpg\",\"contentUrl\":\"https:\/\/www.librairieclavreuil.com\/wp-content\/uploads\/2025\/04\/denis-papin-la-maniere-d-amolir-les-os-et-de-faire-cuire-toutes-sortes-de-viandes-en-fort-peu-de-temps-a-peu-de-frais-avec-une-description-d-680b9d323b58e.jpg\",\"width\":622,\"height\":800},{\"@type\":\"BreadcrumbList\",\"@id\":\"https:\/\/www.librairieclavreuil.com\/en\/papin-denis-la-maniere-damolir-les-os-et-de-faire-cuire-toutes-sortes-de-viandes-en-fort-peu-de-temps-a-peu-de-frais-avec-une-description-de-la-machine-dont-il-se-faut-servir-pour-cet-eff\/#breadcrumb\",\"itemListElement\":[{\"@type\":\"ListItem\",\"position\":1,\"name\":\"Accueil\",\"item\":\"https:\/\/www.librairieclavreuil.com\/\"},{\"@type\":\"ListItem\",\"position\":2,\"name\":\"All our books\",\"item\":\"https:\/\/www.librairieclavreuil.com\/en\/all-our-books\/\"},{\"@type\":\"ListItem\",\"position\":3,\"name\":\"PAPIN Denis La Maniere d&rsquo;amolir les os, et...\"}]},{\"@type\":\"WebSite\",\"@id\":\"https:\/\/www.librairieclavreuil.com\/#website\",\"url\":\"https:\/\/www.librairieclavreuil.com\/\",\"name\":\"Libairie Clavreuil\",\"description\":\"Livres anciens, manuscrits rares et \u00e9ditions originales \u2013 Librairie Clavreuil\",\"publisher\":{\"@id\":\"https:\/\/www.librairieclavreuil.com\/#organization\"},\"potentialAction\":[{\"@type\":\"SearchAction\",\"target\":{\"@type\":\"EntryPoint\",\"urlTemplate\":\"https:\/\/www.librairieclavreuil.com\/?s={search_term_string}\"},\"query-input\":{\"@type\":\"PropertyValueSpecification\",\"valueRequired\":true,\"valueName\":\"search_term_string\"}}],\"inLanguage\":\"en-US\"},{\"@type\":\"Organization\",\"@id\":\"https:\/\/www.librairieclavreuil.com\/#organization\",\"name\":\"Libairie Clavreuil\",\"url\":\"https:\/\/www.librairieclavreuil.com\/\",\"logo\":{\"@type\":\"ImageObject\",\"inLanguage\":\"en-US\",\"@id\":\"https:\/\/www.librairieclavreuil.com\/#\/schema\/logo\/image\/\",\"url\":\"https:\/\/www.librairieclavreuil.com\/wp-content\/uploads\/2021\/06\/cropped-LOGO_PNG_DATE-_gold-512x512-1.png\",\"contentUrl\":\"https:\/\/www.librairieclavreuil.com\/wp-content\/uploads\/2021\/06\/cropped-LOGO_PNG_DATE-_gold-512x512-1.png\",\"width\":512,\"height\":512,\"caption\":\"Libairie Clavreuil\"},\"image\":{\"@id\":\"https:\/\/www.librairieclavreuil.com\/#\/schema\/logo\/image\/\"},\"sameAs\":[\"https:\/\/www.instagram.com\/librairieclavreuil\/\"]}]}<\/script>\n<!-- \/ Yoast SEO plugin. -->","yoast_head_json":{"title":"PAPIN Denis La Maniere d'amolir les os, et de faire cuire toutes sortes de viandes en fort peu de temps, &amp; \u00e0 peu de frais ; avec une description de la Machine dont il se faut servir pour cet effet - Libairie Clavreuil","robots":{"index":"index","follow":"follow","max-snippet":"max-snippet:-1","max-image-preview":"max-image-preview:large","max-video-preview":"max-video-preview:-1"},"canonical":"https:\/\/www.librairieclavreuil.com\/en\/papin-denis-la-maniere-damolir-les-os-et-de-faire-cuire-toutes-sortes-de-viandes-en-fort-peu-de-temps-a-peu-de-frais-avec-une-description-de-la-machine-dont-il-se-faut-servir-pour-cet-eff\/","og_locale":"en_US","og_type":"article","og_title":"PAPIN Denis La Maniere d'amolir les os, et de faire cuire toutes sortes de viandes en fort peu de temps, &amp; \u00e0 peu de frais ; avec une description de la Machine dont il se faut servir pour cet effet - Libairie Clavreuil","og_description":"12mo (150 x 85 mm) 6 nn.ll., 158 pp., 2 engaved folding plates. Contemporary mottled sheep, spine gilt with raised bands, red speckled edges.","og_url":"https:\/\/www.librairieclavreuil.com\/en\/papin-denis-la-maniere-damolir-les-os-et-de-faire-cuire-toutes-sortes-de-viandes-en-fort-peu-de-temps-a-peu-de-frais-avec-une-description-de-la-machine-dont-il-se-faut-servir-pour-cet-eff\/","og_site_name":"Libairie Clavreuil","article_modified_time":"2025-09-25T10:47:42+00:00","og_image":[{"width":622,"height":800,"url":"https:\/\/www.librairieclavreuil.com\/wp-content\/uploads\/2025\/04\/denis-papin-la-maniere-d-amolir-les-os-et-de-faire-cuire-toutes-sortes-de-viandes-en-fort-peu-de-temps-a-peu-de-frais-avec-une-description-d-680b9d323b58e.jpg","type":"image\/jpeg"}],"twitter_card":"summary_large_image","twitter_misc":{"Est. reading time":"3 minutes"},"schema":{"@context":"https:\/\/schema.org","@graph":[{"@type":"WebPage","@id":"https:\/\/www.librairieclavreuil.com\/en\/papin-denis-la-maniere-damolir-les-os-et-de-faire-cuire-toutes-sortes-de-viandes-en-fort-peu-de-temps-a-peu-de-frais-avec-une-description-de-la-machine-dont-il-se-faut-servir-pour-cet-eff\/","url":"https:\/\/www.librairieclavreuil.com\/en\/papin-denis-la-maniere-damolir-les-os-et-de-faire-cuire-toutes-sortes-de-viandes-en-fort-peu-de-temps-a-peu-de-frais-avec-une-description-de-la-machine-dont-il-se-faut-servir-pour-cet-eff\/","name":"PAPIN Denis La Maniere d'amolir les os, et de faire cuire toutes sortes de viandes en fort peu de temps, &amp; \u00e0 peu de frais ; avec une description de la Machine dont il se faut servir pour cet effet - Libairie Clavreuil","isPartOf":{"@id":"https:\/\/www.librairieclavreuil.com\/#website"},"primaryImageOfPage":{"@id":"https:\/\/www.librairieclavreuil.com\/en\/papin-denis-la-maniere-damolir-les-os-et-de-faire-cuire-toutes-sortes-de-viandes-en-fort-peu-de-temps-a-peu-de-frais-avec-une-description-de-la-machine-dont-il-se-faut-servir-pour-cet-eff\/#primaryimage"},"image":{"@id":"https:\/\/www.librairieclavreuil.com\/en\/papin-denis-la-maniere-damolir-les-os-et-de-faire-cuire-toutes-sortes-de-viandes-en-fort-peu-de-temps-a-peu-de-frais-avec-une-description-de-la-machine-dont-il-se-faut-servir-pour-cet-eff\/#primaryimage"},"thumbnailUrl":"https:\/\/www.librairieclavreuil.com\/wp-content\/uploads\/2025\/04\/denis-papin-la-maniere-d-amolir-les-os-et-de-faire-cuire-toutes-sortes-de-viandes-en-fort-peu-de-temps-a-peu-de-frais-avec-une-description-d-680b9d323b58e.jpg","datePublished":"2025-04-25T14:34:33+00:00","dateModified":"2025-09-25T10:47:42+00:00","breadcrumb":{"@id":"https:\/\/www.librairieclavreuil.com\/en\/papin-denis-la-maniere-damolir-les-os-et-de-faire-cuire-toutes-sortes-de-viandes-en-fort-peu-de-temps-a-peu-de-frais-avec-une-description-de-la-machine-dont-il-se-faut-servir-pour-cet-eff\/#breadcrumb"},"inLanguage":"en-US","potentialAction":[{"@type":"ReadAction","target":["https:\/\/www.librairieclavreuil.com\/en\/papin-denis-la-maniere-damolir-les-os-et-de-faire-cuire-toutes-sortes-de-viandes-en-fort-peu-de-temps-a-peu-de-frais-avec-une-description-de-la-machine-dont-il-se-faut-servir-pour-cet-eff\/"]}]},{"@type":"ImageObject","inLanguage":"en-US","@id":"https:\/\/www.librairieclavreuil.com\/en\/papin-denis-la-maniere-damolir-les-os-et-de-faire-cuire-toutes-sortes-de-viandes-en-fort-peu-de-temps-a-peu-de-frais-avec-une-description-de-la-machine-dont-il-se-faut-servir-pour-cet-eff\/#primaryimage","url":"https:\/\/www.librairieclavreuil.com\/wp-content\/uploads\/2025\/04\/denis-papin-la-maniere-d-amolir-les-os-et-de-faire-cuire-toutes-sortes-de-viandes-en-fort-peu-de-temps-a-peu-de-frais-avec-une-description-d-680b9d323b58e.jpg","contentUrl":"https:\/\/www.librairieclavreuil.com\/wp-content\/uploads\/2025\/04\/denis-papin-la-maniere-d-amolir-les-os-et-de-faire-cuire-toutes-sortes-de-viandes-en-fort-peu-de-temps-a-peu-de-frais-avec-une-description-d-680b9d323b58e.jpg","width":622,"height":800},{"@type":"BreadcrumbList","@id":"https:\/\/www.librairieclavreuil.com\/en\/papin-denis-la-maniere-damolir-les-os-et-de-faire-cuire-toutes-sortes-de-viandes-en-fort-peu-de-temps-a-peu-de-frais-avec-une-description-de-la-machine-dont-il-se-faut-servir-pour-cet-eff\/#breadcrumb","itemListElement":[{"@type":"ListItem","position":1,"name":"Accueil","item":"https:\/\/www.librairieclavreuil.com\/"},{"@type":"ListItem","position":2,"name":"All our books","item":"https:\/\/www.librairieclavreuil.com\/en\/all-our-books\/"},{"@type":"ListItem","position":3,"name":"PAPIN Denis La Maniere d&rsquo;amolir les os, et..."}]},{"@type":"WebSite","@id":"https:\/\/www.librairieclavreuil.com\/#website","url":"https:\/\/www.librairieclavreuil.com\/","name":"Libairie Clavreuil","description":"Livres anciens, manuscrits rares et \u00e9ditions originales \u2013 Librairie Clavreuil","publisher":{"@id":"https:\/\/www.librairieclavreuil.com\/#organization"},"potentialAction":[{"@type":"SearchAction","target":{"@type":"EntryPoint","urlTemplate":"https:\/\/www.librairieclavreuil.com\/?s={search_term_string}"},"query-input":{"@type":"PropertyValueSpecification","valueRequired":true,"valueName":"search_term_string"}}],"inLanguage":"en-US"},{"@type":"Organization","@id":"https:\/\/www.librairieclavreuil.com\/#organization","name":"Libairie Clavreuil","url":"https:\/\/www.librairieclavreuil.com\/","logo":{"@type":"ImageObject","inLanguage":"en-US","@id":"https:\/\/www.librairieclavreuil.com\/#\/schema\/logo\/image\/","url":"https:\/\/www.librairieclavreuil.com\/wp-content\/uploads\/2021\/06\/cropped-LOGO_PNG_DATE-_gold-512x512-1.png","contentUrl":"https:\/\/www.librairieclavreuil.com\/wp-content\/uploads\/2021\/06\/cropped-LOGO_PNG_DATE-_gold-512x512-1.png","width":512,"height":512,"caption":"Libairie Clavreuil"},"image":{"@id":"https:\/\/www.librairieclavreuil.com\/#\/schema\/logo\/image\/"},"sameAs":["https:\/\/www.instagram.com\/librairieclavreuil\/"]}]}},"jetpack_sharing_enabled":true,"_links":{"self":[{"href":"https:\/\/www.librairieclavreuil.com\/en\/wp-json\/wp\/v2\/product\/86214","targetHints":{"allow":["GET"]}}],"collection":[{"href":"https:\/\/www.librairieclavreuil.com\/en\/wp-json\/wp\/v2\/product"}],"about":[{"href":"https:\/\/www.librairieclavreuil.com\/en\/wp-json\/wp\/v2\/types\/product"}],"replies":[{"embeddable":true,"href":"https:\/\/www.librairieclavreuil.com\/en\/wp-json\/wp\/v2\/comments?post=86214"}],"wp:featuredmedia":[{"embeddable":true,"href":"https:\/\/www.librairieclavreuil.com\/en\/wp-json\/wp\/v2\/media\/86207"}],"wp:attachment":[{"href":"https:\/\/www.librairieclavreuil.com\/en\/wp-json\/wp\/v2\/media?parent=86214"}],"wp:term":[{"taxonomy":"product_brand","embeddable":true,"href":"https:\/\/www.librairieclavreuil.com\/en\/wp-json\/wp\/v2\/product_brand?post=86214"},{"taxonomy":"product_cat","embeddable":true,"href":"https:\/\/www.librairieclavreuil.com\/en\/wp-json\/wp\/v2\/product_cat?post=86214"},{"taxonomy":"product_tag","embeddable":true,"href":"https:\/\/www.librairieclavreuil.com\/en\/wp-json\/wp\/v2\/product_tag?post=86214"}],"curies":[{"name":"wp","href":"https:\/\/api.w.org\/{rel}","templated":true}]}}