{"id":86206,"date":"2025-04-25T16:30:06","date_gmt":"2025-04-25T14:30:06","guid":{"rendered":"https:\/\/www.librairieclavreuil.com\/fauchard-pierre-le-chirurgien-dentiste-ou-traite-des-dents-ou-lon-enseigne-les-moyens-de-les-entretenir-propres-et-saines-de-les-embellir-den-reparer-la-perte-de-remedier-a-leurs-maladi\/"},"modified":"2025-06-05T14:11:01","modified_gmt":"2025-06-05T12:11:01","slug":"fauchard-pierre-le-chirurgien-dentiste-ou-traite-des-dents-ou-lon-enseigne-les-moyens-de-les-entretenir-propres-et-saines-de-les-embellir-den-reparer-la-perte-de-remedier-a-leurs-maladi","status":"publish","type":"product","link":"https:\/\/www.librairieclavreuil.com\/en\/fauchard-pierre-le-chirurgien-dentiste-ou-traite-des-dents-ou-lon-enseigne-les-moyens-de-les-entretenir-propres-et-saines-de-les-embellir-den-reparer-la-perte-de-remedier-a-leurs-maladi\/","title":{"rendered":"FAUCHARD Pierre Le Chirurgien Dentiste, ou trait\u00e9 des..."},"content":{"rendered":"<p style=\"text-align:justify\"><i>PMM, 186; Heirs of Hippocrates, 785; One Hundred Books Famous in Medicine, n\u00b0 40; David, p. 113; Poletti, p.72; Norman, 768; Weinberger, p.48; Wellcome, II, p. 12; Garrison-Morton, 3671; En fran\u00e7ais dans le texte, 142.<\/i><\/p>\n<p style=\"text-align:justify\"><span style=\"font-variant:small-caps\">First edition, very rare.<\/span><\/p>\n<p style=\"text-align:justify\">From a very young age, Pierre Fauchard (1678-1761) worked as a &#8220;dental expert&#8221; in Anjou and Brittany, before moving to Paris in 1719, where his reputation &#8220;continued to grow, and the publication of his book placed him firmly among the &#8220;greats&#8221; of Parisian medicine and surgery. His book was in fact a pioneering work, making him the founding father of modern dentistry, as it was the first work to deal with a &#8220;branch of the healing art&#8221; that had been left to charlatans or to empiricists who practised in lamentable conditions. By turns anatomist, pathologist, therapist and hygienist, Fauchard provides, with the knowledge of his time, a complete picture of a speciality that we now call odontostomatology&#8221; (see : Marie-Jos\u00e9 Imbault-Hurat, <i>En fran\u00e7ais dans le texte<\/i>).<\/p>\n<p style=\"text-align:justify\">&#8220;Pierre Fauchard has been called the &#8220;father of dentistry&#8221;; his comprehensive and scientific account of all that concern dentistry in the 18th century is one of the greatest books in the history of the subject&#8221; (Garrison-Morton).<\/p>\n<p style=\"text-align:justify\">&#8220;[This work] inspired an immediate increase in the number of important books by dental practitioners&#8221; (Norman).<\/p>\n<p style=\"text-align:justify\">&#8220;Fauchard summarized in his pages with numerous illustrations all that was best in the practice of his day and disclosed what has been hitherto &nbsp;jealously guarded secrets. Le Chirugien Dentiste &#8211; The Surgeon Dentist, or a Treatise on the Teeth, with instruction on the means of maintaining them Sound and Healthy &#8211; is in fact the first scientific work on its subject, and modern dentistry begins with its publication. Fauchard describes in the fullest detail the procedure in operative dentistry, in the filling of teeth and most especially in prothesis, which is that part of dental surgery concerned with artificial dentures, bridge work and the like&#8230; He used antiseptic methods in filling teeth long before the germ theory of infection&#8230; Fauchard was the true pioneer of dental surgery&#8221; (PMM).<\/p>\n<p style=\"text-align:justify\">&#8220;No other individual in the history of dentistry played a more important role in its development than Fauchard&#8230; Publication of the present work in 1728 was immediately hailed as a major development in the dental profession because it incorporated the entire doctrine of theoretical and practical dentistry as it was then known and practiced\u201d (Heirs).<\/p>\n<p style=\"text-align:justify\">Nice copy, complet with tis engraved portrait frontispice and its 40 plates depicting instruments, dental prosthetics, individual teeth, etc. Some occasinoal faint waterstain most to outer margin of both parts.<\/p>\n","protected":false},"excerpt":{"rendered":"<p style=\"text-align:justify\">2 in 1 volume, 12mo (165 x 97 mm) engraved portrait frontispice by Scotin after Le Bel, 24 nn.ll., 456 pp., 16 nn.ll. (index and errata), 8 engraved plates (numbered 1 to 8) for part I;&nbsp;5 nn.ll., 346 pp., 12 nn.ll., 32 engraved plates (numbered 9 to 40). Contemporary German or Suisse brown calf, spine gilt with raised bands, red speckled edges (experts restorations to spine).<\/p>\n","protected":false},"featured_media":86185,"comment_status":"open","ping_status":"closed","template":"","meta":{"_acf_changed":false},"product_brand":[],"product_cat":[548],"product_tag":[1450,1271,1233,1296],"class_list":{"0":"post-86206","1":"product","2":"type-product","3":"status-publish","4":"has-post-thumbnail","6":"product_cat-medicine","7":"product_tag-first-edition","8":"product_tag-medicine","9":"product_tag-pmm-2","10":"product_tag-teeth","11":"pa_auteur-fauchard-pierre-2","12":"pa_type-de-livre-printed-book","14":"first","15":"outofstock","16":"shipping-taxable","17":"purchasable","18":"product-type-simple"},"acf":{"artist":" Pierre FAUCHARD","chapeau":"","adresse_bibliographique":"Paris, chez Jean Mariette, 1728","book_type":"Printed book","provenance":"","afficher_prix":""},"yoast_head":"<!-- This site is optimized with the Yoast SEO plugin v24.7 - https:\/\/yoast.com\/wordpress\/plugins\/seo\/ -->\n<title>FAUCHARD Pierre Le Chirurgien Dentiste, ou trait\u00e9 des dents. O\u00f9 l&#039;on enseigne les moyens de les entretenir propres et saines, de les embellir, d&#039;en r\u00e9parer la perte &amp; de remedier \u00e0 leurs maladies, \u00e0 celles des gencives &amp; aux accidens qui peuvent survenir aux autres parties voisines des Dents. - Libairie Clavreuil<\/title>\n<meta name=\"robots\" content=\"index, follow, max-snippet:-1, max-image-preview:large, max-video-preview:-1\" \/>\n<link rel=\"canonical\" href=\"https:\/\/www.librairieclavreuil.com\/en\/fauchard-pierre-le-chirurgien-dentiste-ou-traite-des-dents-ou-lon-enseigne-les-moyens-de-les-entretenir-propres-et-saines-de-les-embellir-den-reparer-la-perte-de-remedier-a-leurs-maladi\/\" \/>\n<meta property=\"og:locale\" content=\"en_US\" \/>\n<meta property=\"og:type\" content=\"article\" \/>\n<meta property=\"og:title\" content=\"FAUCHARD Pierre Le Chirurgien Dentiste, ou trait\u00e9 des dents. O\u00f9 l&#039;on enseigne les moyens de les entretenir propres et saines, de les embellir, d&#039;en r\u00e9parer la perte &amp; de remedier \u00e0 leurs maladies, \u00e0 celles des gencives &amp; aux accidens qui peuvent survenir aux autres parties voisines des Dents. - Libairie Clavreuil\" \/>\n<meta property=\"og:description\" content=\"2 in 1 volume, 12mo (165 x 97 mm) engraved portrait frontispice by Scotin after Le Bel, 24 nn.ll., 456 pp., 16 nn.ll. (index and errata), 8 engraved plates (numbered 1 to 8) for part I;&nbsp;5 nn.ll., 346 pp., 12 nn.ll., 32 engraved plates (numbered 9 to 40). Contemporary German or Suisse brown calf, spine gilt with raised bands, red speckled edges (experts restorations to spine).\" \/>\n<meta property=\"og:url\" content=\"https:\/\/www.librairieclavreuil.com\/en\/fauchard-pierre-le-chirurgien-dentiste-ou-traite-des-dents-ou-lon-enseigne-les-moyens-de-les-entretenir-propres-et-saines-de-les-embellir-den-reparer-la-perte-de-remedier-a-leurs-maladi\/\" \/>\n<meta property=\"og:site_name\" content=\"Libairie Clavreuil\" \/>\n<meta property=\"article:modified_time\" content=\"2025-06-05T12:11:01+00:00\" \/>\n<meta property=\"og:image\" content=\"https:\/\/www.librairieclavreuil.com\/wp-content\/uploads\/2025\/04\/pierre-fauchard-le-chirurgien-dentiste-ou-traite-des-dents-ou-l-on-enseigne-les-moyens-de-les-entretenir-propres-et-saines-de-les-embellir-d-680b9c22be084.jpg\" \/>\n\t<meta property=\"og:image:width\" content=\"622\" \/>\n\t<meta property=\"og:image:height\" content=\"800\" \/>\n\t<meta property=\"og:image:type\" content=\"image\/jpeg\" \/>\n<meta name=\"twitter:card\" content=\"summary_large_image\" \/>\n<meta name=\"twitter:label1\" content=\"Est. reading time\" \/>\n\t<meta name=\"twitter:data1\" content=\"2 minutes\" \/>\n<script type=\"application\/ld+json\" class=\"yoast-schema-graph\">{\"@context\":\"https:\/\/schema.org\",\"@graph\":[{\"@type\":\"WebPage\",\"@id\":\"https:\/\/www.librairieclavreuil.com\/en\/fauchard-pierre-le-chirurgien-dentiste-ou-traite-des-dents-ou-lon-enseigne-les-moyens-de-les-entretenir-propres-et-saines-de-les-embellir-den-reparer-la-perte-de-remedier-a-leurs-maladi\/\",\"url\":\"https:\/\/www.librairieclavreuil.com\/en\/fauchard-pierre-le-chirurgien-dentiste-ou-traite-des-dents-ou-lon-enseigne-les-moyens-de-les-entretenir-propres-et-saines-de-les-embellir-den-reparer-la-perte-de-remedier-a-leurs-maladi\/\",\"name\":\"FAUCHARD Pierre Le Chirurgien Dentiste, ou trait\u00e9 des dents. O\u00f9 l'on enseigne les moyens de les entretenir propres et saines, de les embellir, d'en r\u00e9parer la perte &amp; de remedier \u00e0 leurs maladies, \u00e0 celles des gencives &amp; aux accidens qui peuvent survenir aux autres parties voisines des Dents. - Libairie Clavreuil\",\"isPartOf\":{\"@id\":\"https:\/\/www.librairieclavreuil.com\/#website\"},\"primaryImageOfPage\":{\"@id\":\"https:\/\/www.librairieclavreuil.com\/en\/fauchard-pierre-le-chirurgien-dentiste-ou-traite-des-dents-ou-lon-enseigne-les-moyens-de-les-entretenir-propres-et-saines-de-les-embellir-den-reparer-la-perte-de-remedier-a-leurs-maladi\/#primaryimage\"},\"image\":{\"@id\":\"https:\/\/www.librairieclavreuil.com\/en\/fauchard-pierre-le-chirurgien-dentiste-ou-traite-des-dents-ou-lon-enseigne-les-moyens-de-les-entretenir-propres-et-saines-de-les-embellir-den-reparer-la-perte-de-remedier-a-leurs-maladi\/#primaryimage\"},\"thumbnailUrl\":\"https:\/\/www.librairieclavreuil.com\/wp-content\/uploads\/2025\/04\/pierre-fauchard-le-chirurgien-dentiste-ou-traite-des-dents-ou-l-on-enseigne-les-moyens-de-les-entretenir-propres-et-saines-de-les-embellir-d-680b9c22be084.jpg\",\"datePublished\":\"2025-04-25T14:30:06+00:00\",\"dateModified\":\"2025-06-05T12:11:01+00:00\",\"breadcrumb\":{\"@id\":\"https:\/\/www.librairieclavreuil.com\/en\/fauchard-pierre-le-chirurgien-dentiste-ou-traite-des-dents-ou-lon-enseigne-les-moyens-de-les-entretenir-propres-et-saines-de-les-embellir-den-reparer-la-perte-de-remedier-a-leurs-maladi\/#breadcrumb\"},\"inLanguage\":\"en-US\",\"potentialAction\":[{\"@type\":\"ReadAction\",\"target\":[\"https:\/\/www.librairieclavreuil.com\/en\/fauchard-pierre-le-chirurgien-dentiste-ou-traite-des-dents-ou-lon-enseigne-les-moyens-de-les-entretenir-propres-et-saines-de-les-embellir-den-reparer-la-perte-de-remedier-a-leurs-maladi\/\"]}]},{\"@type\":\"ImageObject\",\"inLanguage\":\"en-US\",\"@id\":\"https:\/\/www.librairieclavreuil.com\/en\/fauchard-pierre-le-chirurgien-dentiste-ou-traite-des-dents-ou-lon-enseigne-les-moyens-de-les-entretenir-propres-et-saines-de-les-embellir-den-reparer-la-perte-de-remedier-a-leurs-maladi\/#primaryimage\",\"url\":\"https:\/\/www.librairieclavreuil.com\/wp-content\/uploads\/2025\/04\/pierre-fauchard-le-chirurgien-dentiste-ou-traite-des-dents-ou-l-on-enseigne-les-moyens-de-les-entretenir-propres-et-saines-de-les-embellir-d-680b9c22be084.jpg\",\"contentUrl\":\"https:\/\/www.librairieclavreuil.com\/wp-content\/uploads\/2025\/04\/pierre-fauchard-le-chirurgien-dentiste-ou-traite-des-dents-ou-l-on-enseigne-les-moyens-de-les-entretenir-propres-et-saines-de-les-embellir-d-680b9c22be084.jpg\",\"width\":622,\"height\":800},{\"@type\":\"BreadcrumbList\",\"@id\":\"https:\/\/www.librairieclavreuil.com\/en\/fauchard-pierre-le-chirurgien-dentiste-ou-traite-des-dents-ou-lon-enseigne-les-moyens-de-les-entretenir-propres-et-saines-de-les-embellir-den-reparer-la-perte-de-remedier-a-leurs-maladi\/#breadcrumb\",\"itemListElement\":[{\"@type\":\"ListItem\",\"position\":1,\"name\":\"Accueil\",\"item\":\"https:\/\/www.librairieclavreuil.com\/\"},{\"@type\":\"ListItem\",\"position\":2,\"name\":\"All our books\",\"item\":\"https:\/\/www.librairieclavreuil.com\/en\/all-our-books\/\"},{\"@type\":\"ListItem\",\"position\":3,\"name\":\"FAUCHARD Pierre Le Chirurgien Dentiste, ou trait\u00e9 des...\"}]},{\"@type\":\"WebSite\",\"@id\":\"https:\/\/www.librairieclavreuil.com\/#website\",\"url\":\"https:\/\/www.librairieclavreuil.com\/\",\"name\":\"Libairie Clavreuil\",\"description\":\"Livres anciens, manuscrits rares et \u00e9ditions originales \u2013 Librairie Clavreuil\",\"publisher\":{\"@id\":\"https:\/\/www.librairieclavreuil.com\/#organization\"},\"potentialAction\":[{\"@type\":\"SearchAction\",\"target\":{\"@type\":\"EntryPoint\",\"urlTemplate\":\"https:\/\/www.librairieclavreuil.com\/?s={search_term_string}\"},\"query-input\":{\"@type\":\"PropertyValueSpecification\",\"valueRequired\":true,\"valueName\":\"search_term_string\"}}],\"inLanguage\":\"en-US\"},{\"@type\":\"Organization\",\"@id\":\"https:\/\/www.librairieclavreuil.com\/#organization\",\"name\":\"Libairie Clavreuil\",\"url\":\"https:\/\/www.librairieclavreuil.com\/\",\"logo\":{\"@type\":\"ImageObject\",\"inLanguage\":\"en-US\",\"@id\":\"https:\/\/www.librairieclavreuil.com\/#\/schema\/logo\/image\/\",\"url\":\"https:\/\/www.librairieclavreuil.com\/wp-content\/uploads\/2021\/06\/cropped-LOGO_PNG_DATE-_gold-512x512-1.png\",\"contentUrl\":\"https:\/\/www.librairieclavreuil.com\/wp-content\/uploads\/2021\/06\/cropped-LOGO_PNG_DATE-_gold-512x512-1.png\",\"width\":512,\"height\":512,\"caption\":\"Libairie Clavreuil\"},\"image\":{\"@id\":\"https:\/\/www.librairieclavreuil.com\/#\/schema\/logo\/image\/\"},\"sameAs\":[\"https:\/\/www.instagram.com\/librairieclavreuil\/\"]}]}<\/script>\n<!-- \/ Yoast SEO plugin. -->","yoast_head_json":{"title":"FAUCHARD Pierre Le Chirurgien Dentiste, ou trait\u00e9 des dents. O\u00f9 l'on enseigne les moyens de les entretenir propres et saines, de les embellir, d'en r\u00e9parer la perte &amp; de remedier \u00e0 leurs maladies, \u00e0 celles des gencives &amp; aux accidens qui peuvent survenir aux autres parties voisines des Dents. - Libairie Clavreuil","robots":{"index":"index","follow":"follow","max-snippet":"max-snippet:-1","max-image-preview":"max-image-preview:large","max-video-preview":"max-video-preview:-1"},"canonical":"https:\/\/www.librairieclavreuil.com\/en\/fauchard-pierre-le-chirurgien-dentiste-ou-traite-des-dents-ou-lon-enseigne-les-moyens-de-les-entretenir-propres-et-saines-de-les-embellir-den-reparer-la-perte-de-remedier-a-leurs-maladi\/","og_locale":"en_US","og_type":"article","og_title":"FAUCHARD Pierre Le Chirurgien Dentiste, ou trait\u00e9 des dents. O\u00f9 l'on enseigne les moyens de les entretenir propres et saines, de les embellir, d'en r\u00e9parer la perte &amp; de remedier \u00e0 leurs maladies, \u00e0 celles des gencives &amp; aux accidens qui peuvent survenir aux autres parties voisines des Dents. - Libairie Clavreuil","og_description":"2 in 1 volume, 12mo (165 x 97 mm) engraved portrait frontispice by Scotin after Le Bel, 24 nn.ll., 456 pp., 16 nn.ll. (index and errata), 8 engraved plates (numbered 1 to 8) for part I;&nbsp;5 nn.ll., 346 pp., 12 nn.ll., 32 engraved plates (numbered 9 to 40). Contemporary German or Suisse brown calf, spine gilt with raised bands, red speckled edges (experts restorations to spine).","og_url":"https:\/\/www.librairieclavreuil.com\/en\/fauchard-pierre-le-chirurgien-dentiste-ou-traite-des-dents-ou-lon-enseigne-les-moyens-de-les-entretenir-propres-et-saines-de-les-embellir-den-reparer-la-perte-de-remedier-a-leurs-maladi\/","og_site_name":"Libairie Clavreuil","article_modified_time":"2025-06-05T12:11:01+00:00","og_image":[{"width":622,"height":800,"url":"https:\/\/www.librairieclavreuil.com\/wp-content\/uploads\/2025\/04\/pierre-fauchard-le-chirurgien-dentiste-ou-traite-des-dents-ou-l-on-enseigne-les-moyens-de-les-entretenir-propres-et-saines-de-les-embellir-d-680b9c22be084.jpg","type":"image\/jpeg"}],"twitter_card":"summary_large_image","twitter_misc":{"Est. reading time":"2 minutes"},"schema":{"@context":"https:\/\/schema.org","@graph":[{"@type":"WebPage","@id":"https:\/\/www.librairieclavreuil.com\/en\/fauchard-pierre-le-chirurgien-dentiste-ou-traite-des-dents-ou-lon-enseigne-les-moyens-de-les-entretenir-propres-et-saines-de-les-embellir-den-reparer-la-perte-de-remedier-a-leurs-maladi\/","url":"https:\/\/www.librairieclavreuil.com\/en\/fauchard-pierre-le-chirurgien-dentiste-ou-traite-des-dents-ou-lon-enseigne-les-moyens-de-les-entretenir-propres-et-saines-de-les-embellir-den-reparer-la-perte-de-remedier-a-leurs-maladi\/","name":"FAUCHARD Pierre Le Chirurgien Dentiste, ou trait\u00e9 des dents. O\u00f9 l'on enseigne les moyens de les entretenir propres et saines, de les embellir, d'en r\u00e9parer la perte &amp; de remedier \u00e0 leurs maladies, \u00e0 celles des gencives &amp; aux accidens qui peuvent survenir aux autres parties voisines des Dents. - Libairie Clavreuil","isPartOf":{"@id":"https:\/\/www.librairieclavreuil.com\/#website"},"primaryImageOfPage":{"@id":"https:\/\/www.librairieclavreuil.com\/en\/fauchard-pierre-le-chirurgien-dentiste-ou-traite-des-dents-ou-lon-enseigne-les-moyens-de-les-entretenir-propres-et-saines-de-les-embellir-den-reparer-la-perte-de-remedier-a-leurs-maladi\/#primaryimage"},"image":{"@id":"https:\/\/www.librairieclavreuil.com\/en\/fauchard-pierre-le-chirurgien-dentiste-ou-traite-des-dents-ou-lon-enseigne-les-moyens-de-les-entretenir-propres-et-saines-de-les-embellir-den-reparer-la-perte-de-remedier-a-leurs-maladi\/#primaryimage"},"thumbnailUrl":"https:\/\/www.librairieclavreuil.com\/wp-content\/uploads\/2025\/04\/pierre-fauchard-le-chirurgien-dentiste-ou-traite-des-dents-ou-l-on-enseigne-les-moyens-de-les-entretenir-propres-et-saines-de-les-embellir-d-680b9c22be084.jpg","datePublished":"2025-04-25T14:30:06+00:00","dateModified":"2025-06-05T12:11:01+00:00","breadcrumb":{"@id":"https:\/\/www.librairieclavreuil.com\/en\/fauchard-pierre-le-chirurgien-dentiste-ou-traite-des-dents-ou-lon-enseigne-les-moyens-de-les-entretenir-propres-et-saines-de-les-embellir-den-reparer-la-perte-de-remedier-a-leurs-maladi\/#breadcrumb"},"inLanguage":"en-US","potentialAction":[{"@type":"ReadAction","target":["https:\/\/www.librairieclavreuil.com\/en\/fauchard-pierre-le-chirurgien-dentiste-ou-traite-des-dents-ou-lon-enseigne-les-moyens-de-les-entretenir-propres-et-saines-de-les-embellir-den-reparer-la-perte-de-remedier-a-leurs-maladi\/"]}]},{"@type":"ImageObject","inLanguage":"en-US","@id":"https:\/\/www.librairieclavreuil.com\/en\/fauchard-pierre-le-chirurgien-dentiste-ou-traite-des-dents-ou-lon-enseigne-les-moyens-de-les-entretenir-propres-et-saines-de-les-embellir-den-reparer-la-perte-de-remedier-a-leurs-maladi\/#primaryimage","url":"https:\/\/www.librairieclavreuil.com\/wp-content\/uploads\/2025\/04\/pierre-fauchard-le-chirurgien-dentiste-ou-traite-des-dents-ou-l-on-enseigne-les-moyens-de-les-entretenir-propres-et-saines-de-les-embellir-d-680b9c22be084.jpg","contentUrl":"https:\/\/www.librairieclavreuil.com\/wp-content\/uploads\/2025\/04\/pierre-fauchard-le-chirurgien-dentiste-ou-traite-des-dents-ou-l-on-enseigne-les-moyens-de-les-entretenir-propres-et-saines-de-les-embellir-d-680b9c22be084.jpg","width":622,"height":800},{"@type":"BreadcrumbList","@id":"https:\/\/www.librairieclavreuil.com\/en\/fauchard-pierre-le-chirurgien-dentiste-ou-traite-des-dents-ou-lon-enseigne-les-moyens-de-les-entretenir-propres-et-saines-de-les-embellir-den-reparer-la-perte-de-remedier-a-leurs-maladi\/#breadcrumb","itemListElement":[{"@type":"ListItem","position":1,"name":"Accueil","item":"https:\/\/www.librairieclavreuil.com\/"},{"@type":"ListItem","position":2,"name":"All our books","item":"https:\/\/www.librairieclavreuil.com\/en\/all-our-books\/"},{"@type":"ListItem","position":3,"name":"FAUCHARD Pierre Le Chirurgien Dentiste, ou trait\u00e9 des..."}]},{"@type":"WebSite","@id":"https:\/\/www.librairieclavreuil.com\/#website","url":"https:\/\/www.librairieclavreuil.com\/","name":"Libairie Clavreuil","description":"Livres anciens, manuscrits rares et \u00e9ditions originales \u2013 Librairie Clavreuil","publisher":{"@id":"https:\/\/www.librairieclavreuil.com\/#organization"},"potentialAction":[{"@type":"SearchAction","target":{"@type":"EntryPoint","urlTemplate":"https:\/\/www.librairieclavreuil.com\/?s={search_term_string}"},"query-input":{"@type":"PropertyValueSpecification","valueRequired":true,"valueName":"search_term_string"}}],"inLanguage":"en-US"},{"@type":"Organization","@id":"https:\/\/www.librairieclavreuil.com\/#organization","name":"Libairie Clavreuil","url":"https:\/\/www.librairieclavreuil.com\/","logo":{"@type":"ImageObject","inLanguage":"en-US","@id":"https:\/\/www.librairieclavreuil.com\/#\/schema\/logo\/image\/","url":"https:\/\/www.librairieclavreuil.com\/wp-content\/uploads\/2021\/06\/cropped-LOGO_PNG_DATE-_gold-512x512-1.png","contentUrl":"https:\/\/www.librairieclavreuil.com\/wp-content\/uploads\/2021\/06\/cropped-LOGO_PNG_DATE-_gold-512x512-1.png","width":512,"height":512,"caption":"Libairie Clavreuil"},"image":{"@id":"https:\/\/www.librairieclavreuil.com\/#\/schema\/logo\/image\/"},"sameAs":["https:\/\/www.instagram.com\/librairieclavreuil\/"]}]}},"jetpack_sharing_enabled":true,"_links":{"self":[{"href":"https:\/\/www.librairieclavreuil.com\/en\/wp-json\/wp\/v2\/product\/86206","targetHints":{"allow":["GET"]}}],"collection":[{"href":"https:\/\/www.librairieclavreuil.com\/en\/wp-json\/wp\/v2\/product"}],"about":[{"href":"https:\/\/www.librairieclavreuil.com\/en\/wp-json\/wp\/v2\/types\/product"}],"replies":[{"embeddable":true,"href":"https:\/\/www.librairieclavreuil.com\/en\/wp-json\/wp\/v2\/comments?post=86206"}],"wp:featuredmedia":[{"embeddable":true,"href":"https:\/\/www.librairieclavreuil.com\/en\/wp-json\/wp\/v2\/media\/86185"}],"wp:attachment":[{"href":"https:\/\/www.librairieclavreuil.com\/en\/wp-json\/wp\/v2\/media?parent=86206"}],"wp:term":[{"taxonomy":"product_brand","embeddable":true,"href":"https:\/\/www.librairieclavreuil.com\/en\/wp-json\/wp\/v2\/product_brand?post=86206"},{"taxonomy":"product_cat","embeddable":true,"href":"https:\/\/www.librairieclavreuil.com\/en\/wp-json\/wp\/v2\/product_cat?post=86206"},{"taxonomy":"product_tag","embeddable":true,"href":"https:\/\/www.librairieclavreuil.com\/en\/wp-json\/wp\/v2\/product_tag?post=86206"}],"curies":[{"name":"wp","href":"https:\/\/api.w.org\/{rel}","templated":true}]}}