{"id":85549,"date":"2025-04-05T17:54:58","date_gmt":"2025-04-05T15:54:58","guid":{"rendered":"https:\/\/www.librairieclavreuil.com\/bourrit-marc-theodore-descriptions-des-cols-ou-passages-des-alpes\/"},"modified":"2025-04-05T17:55:01","modified_gmt":"2025-04-05T15:55:01","slug":"bourrit-marc-theodore-descriptions-des-cols-ou-passages-des-alpes","status":"publish","type":"product","link":"https:\/\/www.librairieclavreuil.com\/en\/bourrit-marc-theodore-descriptions-des-cols-ou-passages-des-alpes\/","title":{"rendered":"BOURRIT Marc Th\u00e9odore Descriptions des cols, ou Passages..."},"content":{"rendered":"<p style=\"text-align:justify\"><i>Boucher de La Richarderie, II, 464 ; Qu\u00e9rard, I, 475 ; Brunet, I, 1182 (note).<\/i><\/p>\n<p style=\"text-align:justify\"><span style=\"font-variant:small-caps\">First edition.<\/span><\/p>\n<p style=\"text-align:justify\">This last work by Marc-Th\u00e9odore Bourrit (1739-1819) is a synthesis of his earlier works as he explains in the preface &#8220;L&#8217;ouvrage que je pr\u00e9sente est donc nouveau et remplace les pr\u00e9c\u00e9dents : il est le fruit de plusieurs ann\u00e9es de courses, et je me flatte qu&#8217;il r\u00e9pondra au d\u00e9sir des savans comme \u00e0 celui des simples amateurs des beaut\u00e9s de la nature&#8221;.. It includes an account of his attempt to climb Mont Blanc with Woodley and Camper in August 1788, in which he falsely claims to have reached the summit. Other chapters are devoted to the natural history of the Alps, insects and butterflies in particular. The table of contents is preceded by general instructions \u2018on how to travel to the glaciers\u2019 and includes advice on clothing (e.g. \u2018an umbrella is useful\u2019) as well as an exhaustive list giving the names of 21 renowned guides.<\/p>\n<p style=\"text-align:justify\">The four plates (including the frontispiece), drawn and engraved by the author, depict the Bossons glacier, Montenvers, the Arveyron ice cave and Mont-Blanc.<\/p>\n<p style=\"text-align:justify\">Small portion of endpaper paper torn, light waterstain on the first 3 leaves.<\/p>\n","protected":false},"excerpt":{"rendered":"<p style=\"text-align:justify\">2 parts 1 volume, 8vo (201 x 117 mm) engraved frontispiece, 2 nn.ll., II, 277 pp., 3 engraved plates for part I; 2 nn.ll., IV, 213 pp. for part II. Contemporary half-calf, flat spine gilt (front hinge partly split).<\/p>\n","protected":false},"featured_media":85536,"comment_status":"open","ping_status":"closed","template":"","meta":{"_acf_changed":false},"product_brand":[],"product_cat":[552],"product_tag":[1450,1226,620],"class_list":{"0":"post-85549","1":"product","2":"type-product","3":"status-publish","4":"has-post-thumbnail","6":"product_cat-travel","7":"product_tag-first-edition","8":"product_tag-mountaineering","9":"product_tag-travel","10":"pa_auteur-bourrit-marc-theodore-2","11":"pa_type-de-livre-printed-book","13":"first","14":"instock","15":"shipping-taxable","16":"purchasable","17":"product-type-simple"},"acf":{"artist":" Marc Th\u00e9odore BOURRIT","chapeau":"","adresse_bibliographique":"Gen\u00e8ve, G.-J. Manget, 1803","book_type":"Printed book","provenance":"","afficher_prix":""},"yoast_head":"<!-- This site is optimized with the Yoast SEO plugin v24.7 - https:\/\/yoast.com\/wordpress\/plugins\/seo\/ -->\n<title>BOURRIT Marc Th\u00e9odore Descriptions des cols, ou Passages des Alpes. - Libairie Clavreuil<\/title>\n<meta name=\"robots\" content=\"index, follow, max-snippet:-1, max-image-preview:large, max-video-preview:-1\" \/>\n<link rel=\"canonical\" href=\"https:\/\/www.librairieclavreuil.com\/en\/bourrit-marc-theodore-descriptions-des-cols-ou-passages-des-alpes\/\" \/>\n<meta property=\"og:locale\" content=\"en_US\" \/>\n<meta property=\"og:type\" content=\"article\" \/>\n<meta property=\"og:title\" content=\"BOURRIT Marc Th\u00e9odore Descriptions des cols, ou Passages des Alpes. - Libairie Clavreuil\" \/>\n<meta property=\"og:description\" content=\"2 parts 1 volume, 8vo (201 x 117 mm) engraved frontispiece, 2 nn.ll., II, 277 pp., 3 engraved plates for part I; 2 nn.ll., IV, 213 pp. for part II. Contemporary half-calf, flat spine gilt (front hinge partly split).\" \/>\n<meta property=\"og:url\" content=\"https:\/\/www.librairieclavreuil.com\/en\/bourrit-marc-theodore-descriptions-des-cols-ou-passages-des-alpes\/\" \/>\n<meta property=\"og:site_name\" content=\"Libairie Clavreuil\" \/>\n<meta property=\"article:modified_time\" content=\"2025-04-05T15:55:01+00:00\" \/>\n<meta property=\"og:image\" content=\"https:\/\/www.librairieclavreuil.com\/wp-content\/uploads\/2025\/04\/marc-theodore-bourrit-descriptions-des-cols-ou-passages-des-alpes-9634-67f1521ba23c1.jpg\" \/>\n\t<meta property=\"og:image:width\" content=\"622\" \/>\n\t<meta property=\"og:image:height\" content=\"800\" \/>\n\t<meta property=\"og:image:type\" content=\"image\/jpeg\" \/>\n<meta name=\"twitter:card\" content=\"summary_large_image\" \/>\n<meta name=\"twitter:label1\" content=\"Est. reading time\" \/>\n\t<meta name=\"twitter:data1\" content=\"1 minute\" \/>\n<script type=\"application\/ld+json\" class=\"yoast-schema-graph\">{\"@context\":\"https:\/\/schema.org\",\"@graph\":[{\"@type\":\"WebPage\",\"@id\":\"https:\/\/www.librairieclavreuil.com\/en\/bourrit-marc-theodore-descriptions-des-cols-ou-passages-des-alpes\/\",\"url\":\"https:\/\/www.librairieclavreuil.com\/en\/bourrit-marc-theodore-descriptions-des-cols-ou-passages-des-alpes\/\",\"name\":\"BOURRIT Marc Th\u00e9odore Descriptions des cols, ou Passages des Alpes. - Libairie Clavreuil\",\"isPartOf\":{\"@id\":\"https:\/\/www.librairieclavreuil.com\/#website\"},\"primaryImageOfPage\":{\"@id\":\"https:\/\/www.librairieclavreuil.com\/en\/bourrit-marc-theodore-descriptions-des-cols-ou-passages-des-alpes\/#primaryimage\"},\"image\":{\"@id\":\"https:\/\/www.librairieclavreuil.com\/en\/bourrit-marc-theodore-descriptions-des-cols-ou-passages-des-alpes\/#primaryimage\"},\"thumbnailUrl\":\"https:\/\/www.librairieclavreuil.com\/wp-content\/uploads\/2025\/04\/marc-theodore-bourrit-descriptions-des-cols-ou-passages-des-alpes-9634-67f1521ba23c1.jpg\",\"datePublished\":\"2025-04-05T15:54:58+00:00\",\"dateModified\":\"2025-04-05T15:55:01+00:00\",\"breadcrumb\":{\"@id\":\"https:\/\/www.librairieclavreuil.com\/en\/bourrit-marc-theodore-descriptions-des-cols-ou-passages-des-alpes\/#breadcrumb\"},\"inLanguage\":\"en-US\",\"potentialAction\":[{\"@type\":\"ReadAction\",\"target\":[\"https:\/\/www.librairieclavreuil.com\/en\/bourrit-marc-theodore-descriptions-des-cols-ou-passages-des-alpes\/\"]}]},{\"@type\":\"ImageObject\",\"inLanguage\":\"en-US\",\"@id\":\"https:\/\/www.librairieclavreuil.com\/en\/bourrit-marc-theodore-descriptions-des-cols-ou-passages-des-alpes\/#primaryimage\",\"url\":\"https:\/\/www.librairieclavreuil.com\/wp-content\/uploads\/2025\/04\/marc-theodore-bourrit-descriptions-des-cols-ou-passages-des-alpes-9634-67f1521ba23c1.jpg\",\"contentUrl\":\"https:\/\/www.librairieclavreuil.com\/wp-content\/uploads\/2025\/04\/marc-theodore-bourrit-descriptions-des-cols-ou-passages-des-alpes-9634-67f1521ba23c1.jpg\",\"width\":622,\"height\":800},{\"@type\":\"BreadcrumbList\",\"@id\":\"https:\/\/www.librairieclavreuil.com\/en\/bourrit-marc-theodore-descriptions-des-cols-ou-passages-des-alpes\/#breadcrumb\",\"itemListElement\":[{\"@type\":\"ListItem\",\"position\":1,\"name\":\"Accueil\",\"item\":\"https:\/\/www.librairieclavreuil.com\/\"},{\"@type\":\"ListItem\",\"position\":2,\"name\":\"All our books\",\"item\":\"https:\/\/www.librairieclavreuil.com\/en\/all-our-books\/\"},{\"@type\":\"ListItem\",\"position\":3,\"name\":\"BOURRIT Marc Th\u00e9odore Descriptions des cols, ou Passages...\"}]},{\"@type\":\"WebSite\",\"@id\":\"https:\/\/www.librairieclavreuil.com\/#website\",\"url\":\"https:\/\/www.librairieclavreuil.com\/\",\"name\":\"Libairie Clavreuil\",\"description\":\"Livres anciens, manuscrits rares et \u00e9ditions originales \u2013 Librairie Clavreuil\",\"publisher\":{\"@id\":\"https:\/\/www.librairieclavreuil.com\/#organization\"},\"potentialAction\":[{\"@type\":\"SearchAction\",\"target\":{\"@type\":\"EntryPoint\",\"urlTemplate\":\"https:\/\/www.librairieclavreuil.com\/?s={search_term_string}\"},\"query-input\":{\"@type\":\"PropertyValueSpecification\",\"valueRequired\":true,\"valueName\":\"search_term_string\"}}],\"inLanguage\":\"en-US\"},{\"@type\":\"Organization\",\"@id\":\"https:\/\/www.librairieclavreuil.com\/#organization\",\"name\":\"Libairie Clavreuil\",\"url\":\"https:\/\/www.librairieclavreuil.com\/\",\"logo\":{\"@type\":\"ImageObject\",\"inLanguage\":\"en-US\",\"@id\":\"https:\/\/www.librairieclavreuil.com\/#\/schema\/logo\/image\/\",\"url\":\"https:\/\/www.librairieclavreuil.com\/wp-content\/uploads\/2021\/06\/cropped-LOGO_PNG_DATE-_gold-512x512-1.png\",\"contentUrl\":\"https:\/\/www.librairieclavreuil.com\/wp-content\/uploads\/2021\/06\/cropped-LOGO_PNG_DATE-_gold-512x512-1.png\",\"width\":512,\"height\":512,\"caption\":\"Libairie Clavreuil\"},\"image\":{\"@id\":\"https:\/\/www.librairieclavreuil.com\/#\/schema\/logo\/image\/\"},\"sameAs\":[\"https:\/\/www.instagram.com\/librairieclavreuil\/\"]}]}<\/script>\n<!-- \/ Yoast SEO plugin. -->","yoast_head_json":{"title":"BOURRIT Marc Th\u00e9odore Descriptions des cols, ou Passages des Alpes. - Libairie Clavreuil","robots":{"index":"index","follow":"follow","max-snippet":"max-snippet:-1","max-image-preview":"max-image-preview:large","max-video-preview":"max-video-preview:-1"},"canonical":"https:\/\/www.librairieclavreuil.com\/en\/bourrit-marc-theodore-descriptions-des-cols-ou-passages-des-alpes\/","og_locale":"en_US","og_type":"article","og_title":"BOURRIT Marc Th\u00e9odore Descriptions des cols, ou Passages des Alpes. - Libairie Clavreuil","og_description":"2 parts 1 volume, 8vo (201 x 117 mm) engraved frontispiece, 2 nn.ll., II, 277 pp., 3 engraved plates for part I; 2 nn.ll., IV, 213 pp. for part II. Contemporary half-calf, flat spine gilt (front hinge partly split).","og_url":"https:\/\/www.librairieclavreuil.com\/en\/bourrit-marc-theodore-descriptions-des-cols-ou-passages-des-alpes\/","og_site_name":"Libairie Clavreuil","article_modified_time":"2025-04-05T15:55:01+00:00","og_image":[{"width":622,"height":800,"url":"https:\/\/www.librairieclavreuil.com\/wp-content\/uploads\/2025\/04\/marc-theodore-bourrit-descriptions-des-cols-ou-passages-des-alpes-9634-67f1521ba23c1.jpg","type":"image\/jpeg"}],"twitter_card":"summary_large_image","twitter_misc":{"Est. reading time":"1 minute"},"schema":{"@context":"https:\/\/schema.org","@graph":[{"@type":"WebPage","@id":"https:\/\/www.librairieclavreuil.com\/en\/bourrit-marc-theodore-descriptions-des-cols-ou-passages-des-alpes\/","url":"https:\/\/www.librairieclavreuil.com\/en\/bourrit-marc-theodore-descriptions-des-cols-ou-passages-des-alpes\/","name":"BOURRIT Marc Th\u00e9odore Descriptions des cols, ou Passages des Alpes. - Libairie Clavreuil","isPartOf":{"@id":"https:\/\/www.librairieclavreuil.com\/#website"},"primaryImageOfPage":{"@id":"https:\/\/www.librairieclavreuil.com\/en\/bourrit-marc-theodore-descriptions-des-cols-ou-passages-des-alpes\/#primaryimage"},"image":{"@id":"https:\/\/www.librairieclavreuil.com\/en\/bourrit-marc-theodore-descriptions-des-cols-ou-passages-des-alpes\/#primaryimage"},"thumbnailUrl":"https:\/\/www.librairieclavreuil.com\/wp-content\/uploads\/2025\/04\/marc-theodore-bourrit-descriptions-des-cols-ou-passages-des-alpes-9634-67f1521ba23c1.jpg","datePublished":"2025-04-05T15:54:58+00:00","dateModified":"2025-04-05T15:55:01+00:00","breadcrumb":{"@id":"https:\/\/www.librairieclavreuil.com\/en\/bourrit-marc-theodore-descriptions-des-cols-ou-passages-des-alpes\/#breadcrumb"},"inLanguage":"en-US","potentialAction":[{"@type":"ReadAction","target":["https:\/\/www.librairieclavreuil.com\/en\/bourrit-marc-theodore-descriptions-des-cols-ou-passages-des-alpes\/"]}]},{"@type":"ImageObject","inLanguage":"en-US","@id":"https:\/\/www.librairieclavreuil.com\/en\/bourrit-marc-theodore-descriptions-des-cols-ou-passages-des-alpes\/#primaryimage","url":"https:\/\/www.librairieclavreuil.com\/wp-content\/uploads\/2025\/04\/marc-theodore-bourrit-descriptions-des-cols-ou-passages-des-alpes-9634-67f1521ba23c1.jpg","contentUrl":"https:\/\/www.librairieclavreuil.com\/wp-content\/uploads\/2025\/04\/marc-theodore-bourrit-descriptions-des-cols-ou-passages-des-alpes-9634-67f1521ba23c1.jpg","width":622,"height":800},{"@type":"BreadcrumbList","@id":"https:\/\/www.librairieclavreuil.com\/en\/bourrit-marc-theodore-descriptions-des-cols-ou-passages-des-alpes\/#breadcrumb","itemListElement":[{"@type":"ListItem","position":1,"name":"Accueil","item":"https:\/\/www.librairieclavreuil.com\/"},{"@type":"ListItem","position":2,"name":"All our books","item":"https:\/\/www.librairieclavreuil.com\/en\/all-our-books\/"},{"@type":"ListItem","position":3,"name":"BOURRIT Marc Th\u00e9odore Descriptions des cols, ou Passages..."}]},{"@type":"WebSite","@id":"https:\/\/www.librairieclavreuil.com\/#website","url":"https:\/\/www.librairieclavreuil.com\/","name":"Libairie Clavreuil","description":"Livres anciens, manuscrits rares et \u00e9ditions originales \u2013 Librairie Clavreuil","publisher":{"@id":"https:\/\/www.librairieclavreuil.com\/#organization"},"potentialAction":[{"@type":"SearchAction","target":{"@type":"EntryPoint","urlTemplate":"https:\/\/www.librairieclavreuil.com\/?s={search_term_string}"},"query-input":{"@type":"PropertyValueSpecification","valueRequired":true,"valueName":"search_term_string"}}],"inLanguage":"en-US"},{"@type":"Organization","@id":"https:\/\/www.librairieclavreuil.com\/#organization","name":"Libairie Clavreuil","url":"https:\/\/www.librairieclavreuil.com\/","logo":{"@type":"ImageObject","inLanguage":"en-US","@id":"https:\/\/www.librairieclavreuil.com\/#\/schema\/logo\/image\/","url":"https:\/\/www.librairieclavreuil.com\/wp-content\/uploads\/2021\/06\/cropped-LOGO_PNG_DATE-_gold-512x512-1.png","contentUrl":"https:\/\/www.librairieclavreuil.com\/wp-content\/uploads\/2021\/06\/cropped-LOGO_PNG_DATE-_gold-512x512-1.png","width":512,"height":512,"caption":"Libairie Clavreuil"},"image":{"@id":"https:\/\/www.librairieclavreuil.com\/#\/schema\/logo\/image\/"},"sameAs":["https:\/\/www.instagram.com\/librairieclavreuil\/"]}]}},"jetpack_sharing_enabled":true,"_links":{"self":[{"href":"https:\/\/www.librairieclavreuil.com\/en\/wp-json\/wp\/v2\/product\/85549","targetHints":{"allow":["GET"]}}],"collection":[{"href":"https:\/\/www.librairieclavreuil.com\/en\/wp-json\/wp\/v2\/product"}],"about":[{"href":"https:\/\/www.librairieclavreuil.com\/en\/wp-json\/wp\/v2\/types\/product"}],"replies":[{"embeddable":true,"href":"https:\/\/www.librairieclavreuil.com\/en\/wp-json\/wp\/v2\/comments?post=85549"}],"wp:featuredmedia":[{"embeddable":true,"href":"https:\/\/www.librairieclavreuil.com\/en\/wp-json\/wp\/v2\/media\/85536"}],"wp:attachment":[{"href":"https:\/\/www.librairieclavreuil.com\/en\/wp-json\/wp\/v2\/media?parent=85549"}],"wp:term":[{"taxonomy":"product_brand","embeddable":true,"href":"https:\/\/www.librairieclavreuil.com\/en\/wp-json\/wp\/v2\/product_brand?post=85549"},{"taxonomy":"product_cat","embeddable":true,"href":"https:\/\/www.librairieclavreuil.com\/en\/wp-json\/wp\/v2\/product_cat?post=85549"},{"taxonomy":"product_tag","embeddable":true,"href":"https:\/\/www.librairieclavreuil.com\/en\/wp-json\/wp\/v2\/product_tag?post=85549"}],"curies":[{"name":"wp","href":"https:\/\/api.w.org\/{rel}","templated":true}]}}