{"id":85523,"date":"2025-04-05T15:53:46","date_gmt":"2025-04-05T13:53:46","guid":{"rendered":"https:\/\/www.librairieclavreuil.com\/knorr-georg-wolfgang-deliciae-naturae-selectae-oder-auserlesenes-naturalien-cabinet-welches-aus-den-drey-reichen-der-natur-zeiget-was-von-curiosen-liebhabern-aufbehalten-und-gesammelt-zu-werden-verd\/"},"modified":"2025-11-18T15:51:20","modified_gmt":"2025-11-18T14:51:20","slug":"knorr-georg-wolfgang-deliciae-naturae-selectae-oder-auserlesenes-naturalien-cabinet-welches-aus-den-drey-reichen-der-natur-zeiget-was-von-curiosen-liebhabern-aufbehalten-und-gesammelt-zu-werden-verd","status":"publish","type":"product","link":"https:\/\/www.librairieclavreuil.com\/en\/knorr-georg-wolfgang-deliciae-naturae-selectae-oder-auserlesenes-naturalien-cabinet-welches-aus-den-drey-reichen-der-natur-zeiget-was-von-curiosen-liebhabern-aufbehalten-und-gesammelt-zu-werden-verd\/","title":{"rendered":"KNORR Georg Wolfgang Deliciae Naturae Selectae oder auserlesenes..."},"content":{"rendered":"<p style=\"text-align:justify\"><i>Nissen, ZBI, 2227; Brunet, III, col. 682; Graesse, IV, p.35.<\/i><\/p>\n<p style=\"text-align:justify\"><span style=\"font-variant:small-caps\">First edition, completed and published after the death of its author in 1761.<\/span><\/p>\n<p style=\"text-align:justify\">A magnificent work, based on originals preserved in several cabinets of curiosities &#8211; including those of Trew and M\u00fcller &#8211; which &#8220;ont e\u00fb la bont\u00e9 de fournir les moyens d&#8217;en tirer les figures au vif, les arracher ainsi \u00e0 l&#8217;oubi, &amp; faciliter par l\u00e0 l&#8217;avancement des connaissances humaines dans les secrets admirables de la Nature. Il \u00e9toit d&#8217;autant plus convenable de mettre de cette fa\u00e7on un \u00e9tude aussi noble \u00e0 la port\u00e9e de tout le monde, que les Originaux &amp; Chefs-d&#8217;oeuvre de la Nature, dont nous faisons ici part au Public, sont rares, &amp; qu&#8217;on ne les trouve gu\u00e8res rassemblez dans un seul &amp; m\u00eame Cabinet&#8221; (pr\u00e9face).<\/p>\n<p style=\"text-align:justify\">Knorr&#8217;s interest in natural history began to develop when he worked with other artists to create engravings to illustrate Scheuchzer&#8217;s <i>Physica Sacra<\/i>, published between 1731 and 1735 in Augsburg.<\/p>\n<p style=\"text-align:justify\">&#8220;Knorr was one of the protogeologists of the eighteenth century who is intermediate between the collectors of cabinets of natural history and those who first made use of fossils for the identification and mapping of stratigraphic succession. This was the generation that finally established the organic origin of fossils and accumulated sufficient descriptive material to classify their finds within the biological kingdom, thus providing the paleontologic basis for the law of faunal succession&#8230; The extraordinary &nbsp;quality of the plates, representing the eighteenth century continuation of the tradition of D\u00fcrer, led to expansion of the work by Walch, as well as to French and Dutch edition. It is scarcely an exaggeration to say that the beauty of some of Knorr&#8217;s illustrations exceeds that of their models and that in all cases the artist&#8217;s eye has transformed neutral, natural objects into permanent, formal aspects of humanism. The detail and accuracy of Knorr&#8217;s engravings not only made possible zoological classification but firmly established the distinction between fossils of organic origin and sports of nature&#8221; (DSB).<\/p>\n<p style=\"text-align:justify\">The work contains the follwing engravings : corals (15 plates), shells (7), butterflies (6), urchins (4), minerals (6), crustacea &amp; spiders (7), starfish (4), fish (9), birds (7), quadrupeds (14), reptiles &amp; amphibians (12). Plate K:XI remargined.<\/p>\n<p style=\"text-align:justify\">Rare copy, complete with all plates and containing the almost always missing engraved portrait.<\/p>\n","protected":false},"excerpt":{"rendered":"<p style=\"text-align:justify\">2 volumes, large folio (513 x 357 mm) 13 nn.ll. (title in German, title in French, 7 nn.ll. dedication, 4 nn.ll. bibliography) engraved portrait frontispiece by Schweikart after Ihle, VIII, 132 pp., engraved and colored title dated 1754, 38 engraved and colored plates for volume I; 2 nn.ll. (title in German, title in French) XX, 144 pp., 53 engraved and colored plates for volume II. Contemporary mottled sheep, spine gilt with raised bands, red edges.<\/p>\n","protected":false},"featured_media":85468,"comment_status":"open","ping_status":"closed","template":"","meta":{"_acf_changed":false},"product_brand":[],"product_cat":[540],"product_tag":[1240],"class_list":{"0":"post-85523","1":"product","2":"type-product","3":"status-publish","4":"has-post-thumbnail","6":"product_cat-natural-history","7":"product_tag-18th-century-illustrations","8":"pa_auteur-knorr-georg-wolfgang-2","10":"first","11":"instock","12":"shipping-taxable","13":"purchasable","14":"product-type-simple"},"acf":{"artist":" Georg Wolfgang KNORR","chapeau":"Complete with its 91 plates, the rare engraved portrait, and the engraved title","adresse_bibliographique":"Nuremberg, George Wolfgang Knorr, 1766-1767","book_type":"","provenance":"","afficher_prix":""},"yoast_head":"<!-- This site is optimized with the Yoast SEO plugin v24.7 - https:\/\/yoast.com\/wordpress\/plugins\/seo\/ -->\n<title>KNORR Georg Wolfgang Deliciae Naturae Selectae oder auserlesenes Naturalien-Cabinet welches aus den drey Reichen der Natur zeiget, was von curi\u00f6sen Liebhabern aufbehalten und gesammelt zu werden verdienet \/ D\u00e9lices physiques choisies, ou Choix de tout ce que les trois r\u00e8gnes de la nature renferment de plus digne des recherches d&#039;un amateur curieux, pour en former un cabinet choisi de curiositez naturelles. - Libairie Clavreuil<\/title>\n<meta name=\"robots\" content=\"index, follow, max-snippet:-1, max-image-preview:large, max-video-preview:-1\" \/>\n<link rel=\"canonical\" href=\"https:\/\/www.librairieclavreuil.com\/en\/knorr-georg-wolfgang-deliciae-naturae-selectae-oder-auserlesenes-naturalien-cabinet-welches-aus-den-drey-reichen-der-natur-zeiget-was-von-curiosen-liebhabern-aufbehalten-und-gesammelt-zu-werden-verd\/\" \/>\n<meta property=\"og:locale\" content=\"en_US\" \/>\n<meta property=\"og:type\" content=\"article\" \/>\n<meta property=\"og:title\" content=\"KNORR Georg Wolfgang Deliciae Naturae Selectae oder auserlesenes Naturalien-Cabinet welches aus den drey Reichen der Natur zeiget, was von curi\u00f6sen Liebhabern aufbehalten und gesammelt zu werden verdienet \/ D\u00e9lices physiques choisies, ou Choix de tout ce que les trois r\u00e8gnes de la nature renferment de plus digne des recherches d&#039;un amateur curieux, pour en former un cabinet choisi de curiositez naturelles. - Libairie Clavreuil\" \/>\n<meta property=\"og:description\" content=\"2 volumes, large folio (513 x 357 mm) 13 nn.ll. (title in German, title in French, 7 nn.ll. dedication, 4 nn.ll. bibliography) engraved portrait frontispiece by Schweikart after Ihle, VIII, 132 pp., engraved and colored title dated 1754, 38 engraved and colored plates for volume I; 2 nn.ll. (title in German, title in French) XX, 144 pp., 53 engraved and colored plates for volume II. Contemporary mottled sheep, spine gilt with raised bands, red edges.\" \/>\n<meta property=\"og:url\" content=\"https:\/\/www.librairieclavreuil.com\/en\/knorr-georg-wolfgang-deliciae-naturae-selectae-oder-auserlesenes-naturalien-cabinet-welches-aus-den-drey-reichen-der-natur-zeiget-was-von-curiosen-liebhabern-aufbehalten-und-gesammelt-zu-werden-verd\/\" \/>\n<meta property=\"og:site_name\" content=\"Libairie Clavreuil\" \/>\n<meta property=\"article:modified_time\" content=\"2025-11-18T14:51:20+00:00\" \/>\n<meta property=\"og:image\" content=\"https:\/\/www.librairieclavreuil.com\/wp-content\/uploads\/2025\/04\/georg-wolfgang-knorr-deliciae-naturae-selectae-oder-auserlesenes-naturalien-cabinet-welches-aus-den-drey-reichen-der-natur-zeiget-was-von-cu-67f1352a9adf7.jpg\" \/>\n\t<meta property=\"og:image:width\" content=\"622\" \/>\n\t<meta property=\"og:image:height\" content=\"800\" \/>\n\t<meta property=\"og:image:type\" content=\"image\/jpeg\" \/>\n<meta name=\"twitter:card\" content=\"summary_large_image\" \/>\n<meta name=\"twitter:label1\" content=\"Est. reading time\" \/>\n\t<meta name=\"twitter:data1\" content=\"2 minutes\" \/>\n<script type=\"application\/ld+json\" class=\"yoast-schema-graph\">{\"@context\":\"https:\/\/schema.org\",\"@graph\":[{\"@type\":\"WebPage\",\"@id\":\"https:\/\/www.librairieclavreuil.com\/en\/knorr-georg-wolfgang-deliciae-naturae-selectae-oder-auserlesenes-naturalien-cabinet-welches-aus-den-drey-reichen-der-natur-zeiget-was-von-curiosen-liebhabern-aufbehalten-und-gesammelt-zu-werden-verd\/\",\"url\":\"https:\/\/www.librairieclavreuil.com\/en\/knorr-georg-wolfgang-deliciae-naturae-selectae-oder-auserlesenes-naturalien-cabinet-welches-aus-den-drey-reichen-der-natur-zeiget-was-von-curiosen-liebhabern-aufbehalten-und-gesammelt-zu-werden-verd\/\",\"name\":\"KNORR Georg Wolfgang Deliciae Naturae Selectae oder auserlesenes Naturalien-Cabinet welches aus den drey Reichen der Natur zeiget, was von curi\u00f6sen Liebhabern aufbehalten und gesammelt zu werden verdienet \/ D\u00e9lices physiques choisies, ou Choix de tout ce que les trois r\u00e8gnes de la nature renferment de plus digne des recherches d'un amateur curieux, pour en former un cabinet choisi de curiositez naturelles. - Libairie Clavreuil\",\"isPartOf\":{\"@id\":\"https:\/\/www.librairieclavreuil.com\/#website\"},\"primaryImageOfPage\":{\"@id\":\"https:\/\/www.librairieclavreuil.com\/en\/knorr-georg-wolfgang-deliciae-naturae-selectae-oder-auserlesenes-naturalien-cabinet-welches-aus-den-drey-reichen-der-natur-zeiget-was-von-curiosen-liebhabern-aufbehalten-und-gesammelt-zu-werden-verd\/#primaryimage\"},\"image\":{\"@id\":\"https:\/\/www.librairieclavreuil.com\/en\/knorr-georg-wolfgang-deliciae-naturae-selectae-oder-auserlesenes-naturalien-cabinet-welches-aus-den-drey-reichen-der-natur-zeiget-was-von-curiosen-liebhabern-aufbehalten-und-gesammelt-zu-werden-verd\/#primaryimage\"},\"thumbnailUrl\":\"https:\/\/www.librairieclavreuil.com\/wp-content\/uploads\/2025\/04\/georg-wolfgang-knorr-deliciae-naturae-selectae-oder-auserlesenes-naturalien-cabinet-welches-aus-den-drey-reichen-der-natur-zeiget-was-von-cu-67f1352a9adf7.jpg\",\"datePublished\":\"2025-04-05T13:53:46+00:00\",\"dateModified\":\"2025-11-18T14:51:20+00:00\",\"breadcrumb\":{\"@id\":\"https:\/\/www.librairieclavreuil.com\/en\/knorr-georg-wolfgang-deliciae-naturae-selectae-oder-auserlesenes-naturalien-cabinet-welches-aus-den-drey-reichen-der-natur-zeiget-was-von-curiosen-liebhabern-aufbehalten-und-gesammelt-zu-werden-verd\/#breadcrumb\"},\"inLanguage\":\"en-US\",\"potentialAction\":[{\"@type\":\"ReadAction\",\"target\":[\"https:\/\/www.librairieclavreuil.com\/en\/knorr-georg-wolfgang-deliciae-naturae-selectae-oder-auserlesenes-naturalien-cabinet-welches-aus-den-drey-reichen-der-natur-zeiget-was-von-curiosen-liebhabern-aufbehalten-und-gesammelt-zu-werden-verd\/\"]}]},{\"@type\":\"ImageObject\",\"inLanguage\":\"en-US\",\"@id\":\"https:\/\/www.librairieclavreuil.com\/en\/knorr-georg-wolfgang-deliciae-naturae-selectae-oder-auserlesenes-naturalien-cabinet-welches-aus-den-drey-reichen-der-natur-zeiget-was-von-curiosen-liebhabern-aufbehalten-und-gesammelt-zu-werden-verd\/#primaryimage\",\"url\":\"https:\/\/www.librairieclavreuil.com\/wp-content\/uploads\/2025\/04\/georg-wolfgang-knorr-deliciae-naturae-selectae-oder-auserlesenes-naturalien-cabinet-welches-aus-den-drey-reichen-der-natur-zeiget-was-von-cu-67f1352a9adf7.jpg\",\"contentUrl\":\"https:\/\/www.librairieclavreuil.com\/wp-content\/uploads\/2025\/04\/georg-wolfgang-knorr-deliciae-naturae-selectae-oder-auserlesenes-naturalien-cabinet-welches-aus-den-drey-reichen-der-natur-zeiget-was-von-cu-67f1352a9adf7.jpg\",\"width\":622,\"height\":800},{\"@type\":\"BreadcrumbList\",\"@id\":\"https:\/\/www.librairieclavreuil.com\/en\/knorr-georg-wolfgang-deliciae-naturae-selectae-oder-auserlesenes-naturalien-cabinet-welches-aus-den-drey-reichen-der-natur-zeiget-was-von-curiosen-liebhabern-aufbehalten-und-gesammelt-zu-werden-verd\/#breadcrumb\",\"itemListElement\":[{\"@type\":\"ListItem\",\"position\":1,\"name\":\"Accueil\",\"item\":\"https:\/\/www.librairieclavreuil.com\/\"},{\"@type\":\"ListItem\",\"position\":2,\"name\":\"All our books\",\"item\":\"https:\/\/www.librairieclavreuil.com\/en\/all-our-books\/\"},{\"@type\":\"ListItem\",\"position\":3,\"name\":\"KNORR Georg Wolfgang Deliciae Naturae Selectae oder auserlesenes...\"}]},{\"@type\":\"WebSite\",\"@id\":\"https:\/\/www.librairieclavreuil.com\/#website\",\"url\":\"https:\/\/www.librairieclavreuil.com\/\",\"name\":\"Libairie Clavreuil\",\"description\":\"Livres anciens, manuscrits rares et \u00e9ditions originales \u2013 Librairie Clavreuil\",\"publisher\":{\"@id\":\"https:\/\/www.librairieclavreuil.com\/#organization\"},\"potentialAction\":[{\"@type\":\"SearchAction\",\"target\":{\"@type\":\"EntryPoint\",\"urlTemplate\":\"https:\/\/www.librairieclavreuil.com\/?s={search_term_string}\"},\"query-input\":{\"@type\":\"PropertyValueSpecification\",\"valueRequired\":true,\"valueName\":\"search_term_string\"}}],\"inLanguage\":\"en-US\"},{\"@type\":\"Organization\",\"@id\":\"https:\/\/www.librairieclavreuil.com\/#organization\",\"name\":\"Libairie Clavreuil\",\"url\":\"https:\/\/www.librairieclavreuil.com\/\",\"logo\":{\"@type\":\"ImageObject\",\"inLanguage\":\"en-US\",\"@id\":\"https:\/\/www.librairieclavreuil.com\/#\/schema\/logo\/image\/\",\"url\":\"https:\/\/www.librairieclavreuil.com\/wp-content\/uploads\/2021\/06\/cropped-LOGO_PNG_DATE-_gold-512x512-1.png\",\"contentUrl\":\"https:\/\/www.librairieclavreuil.com\/wp-content\/uploads\/2021\/06\/cropped-LOGO_PNG_DATE-_gold-512x512-1.png\",\"width\":512,\"height\":512,\"caption\":\"Libairie Clavreuil\"},\"image\":{\"@id\":\"https:\/\/www.librairieclavreuil.com\/#\/schema\/logo\/image\/\"},\"sameAs\":[\"https:\/\/www.instagram.com\/librairieclavreuil\/\"]}]}<\/script>\n<!-- \/ Yoast SEO plugin. -->","yoast_head_json":{"title":"KNORR Georg Wolfgang Deliciae Naturae Selectae oder auserlesenes Naturalien-Cabinet welches aus den drey Reichen der Natur zeiget, was von curi\u00f6sen Liebhabern aufbehalten und gesammelt zu werden verdienet \/ D\u00e9lices physiques choisies, ou Choix de tout ce que les trois r\u00e8gnes de la nature renferment de plus digne des recherches d'un amateur curieux, pour en former un cabinet choisi de curiositez naturelles. - Libairie Clavreuil","robots":{"index":"index","follow":"follow","max-snippet":"max-snippet:-1","max-image-preview":"max-image-preview:large","max-video-preview":"max-video-preview:-1"},"canonical":"https:\/\/www.librairieclavreuil.com\/en\/knorr-georg-wolfgang-deliciae-naturae-selectae-oder-auserlesenes-naturalien-cabinet-welches-aus-den-drey-reichen-der-natur-zeiget-was-von-curiosen-liebhabern-aufbehalten-und-gesammelt-zu-werden-verd\/","og_locale":"en_US","og_type":"article","og_title":"KNORR Georg Wolfgang Deliciae Naturae Selectae oder auserlesenes Naturalien-Cabinet welches aus den drey Reichen der Natur zeiget, was von curi\u00f6sen Liebhabern aufbehalten und gesammelt zu werden verdienet \/ D\u00e9lices physiques choisies, ou Choix de tout ce que les trois r\u00e8gnes de la nature renferment de plus digne des recherches d'un amateur curieux, pour en former un cabinet choisi de curiositez naturelles. - Libairie Clavreuil","og_description":"2 volumes, large folio (513 x 357 mm) 13 nn.ll. (title in German, title in French, 7 nn.ll. dedication, 4 nn.ll. bibliography) engraved portrait frontispiece by Schweikart after Ihle, VIII, 132 pp., engraved and colored title dated 1754, 38 engraved and colored plates for volume I; 2 nn.ll. (title in German, title in French) XX, 144 pp., 53 engraved and colored plates for volume II. Contemporary mottled sheep, spine gilt with raised bands, red edges.","og_url":"https:\/\/www.librairieclavreuil.com\/en\/knorr-georg-wolfgang-deliciae-naturae-selectae-oder-auserlesenes-naturalien-cabinet-welches-aus-den-drey-reichen-der-natur-zeiget-was-von-curiosen-liebhabern-aufbehalten-und-gesammelt-zu-werden-verd\/","og_site_name":"Libairie Clavreuil","article_modified_time":"2025-11-18T14:51:20+00:00","og_image":[{"width":622,"height":800,"url":"https:\/\/www.librairieclavreuil.com\/wp-content\/uploads\/2025\/04\/georg-wolfgang-knorr-deliciae-naturae-selectae-oder-auserlesenes-naturalien-cabinet-welches-aus-den-drey-reichen-der-natur-zeiget-was-von-cu-67f1352a9adf7.jpg","type":"image\/jpeg"}],"twitter_card":"summary_large_image","twitter_misc":{"Est. reading time":"2 minutes"},"schema":{"@context":"https:\/\/schema.org","@graph":[{"@type":"WebPage","@id":"https:\/\/www.librairieclavreuil.com\/en\/knorr-georg-wolfgang-deliciae-naturae-selectae-oder-auserlesenes-naturalien-cabinet-welches-aus-den-drey-reichen-der-natur-zeiget-was-von-curiosen-liebhabern-aufbehalten-und-gesammelt-zu-werden-verd\/","url":"https:\/\/www.librairieclavreuil.com\/en\/knorr-georg-wolfgang-deliciae-naturae-selectae-oder-auserlesenes-naturalien-cabinet-welches-aus-den-drey-reichen-der-natur-zeiget-was-von-curiosen-liebhabern-aufbehalten-und-gesammelt-zu-werden-verd\/","name":"KNORR Georg Wolfgang Deliciae Naturae Selectae oder auserlesenes Naturalien-Cabinet welches aus den drey Reichen der Natur zeiget, was von curi\u00f6sen Liebhabern aufbehalten und gesammelt zu werden verdienet \/ D\u00e9lices physiques choisies, ou Choix de tout ce que les trois r\u00e8gnes de la nature renferment de plus digne des recherches d'un amateur curieux, pour en former un cabinet choisi de curiositez naturelles. - Libairie Clavreuil","isPartOf":{"@id":"https:\/\/www.librairieclavreuil.com\/#website"},"primaryImageOfPage":{"@id":"https:\/\/www.librairieclavreuil.com\/en\/knorr-georg-wolfgang-deliciae-naturae-selectae-oder-auserlesenes-naturalien-cabinet-welches-aus-den-drey-reichen-der-natur-zeiget-was-von-curiosen-liebhabern-aufbehalten-und-gesammelt-zu-werden-verd\/#primaryimage"},"image":{"@id":"https:\/\/www.librairieclavreuil.com\/en\/knorr-georg-wolfgang-deliciae-naturae-selectae-oder-auserlesenes-naturalien-cabinet-welches-aus-den-drey-reichen-der-natur-zeiget-was-von-curiosen-liebhabern-aufbehalten-und-gesammelt-zu-werden-verd\/#primaryimage"},"thumbnailUrl":"https:\/\/www.librairieclavreuil.com\/wp-content\/uploads\/2025\/04\/georg-wolfgang-knorr-deliciae-naturae-selectae-oder-auserlesenes-naturalien-cabinet-welches-aus-den-drey-reichen-der-natur-zeiget-was-von-cu-67f1352a9adf7.jpg","datePublished":"2025-04-05T13:53:46+00:00","dateModified":"2025-11-18T14:51:20+00:00","breadcrumb":{"@id":"https:\/\/www.librairieclavreuil.com\/en\/knorr-georg-wolfgang-deliciae-naturae-selectae-oder-auserlesenes-naturalien-cabinet-welches-aus-den-drey-reichen-der-natur-zeiget-was-von-curiosen-liebhabern-aufbehalten-und-gesammelt-zu-werden-verd\/#breadcrumb"},"inLanguage":"en-US","potentialAction":[{"@type":"ReadAction","target":["https:\/\/www.librairieclavreuil.com\/en\/knorr-georg-wolfgang-deliciae-naturae-selectae-oder-auserlesenes-naturalien-cabinet-welches-aus-den-drey-reichen-der-natur-zeiget-was-von-curiosen-liebhabern-aufbehalten-und-gesammelt-zu-werden-verd\/"]}]},{"@type":"ImageObject","inLanguage":"en-US","@id":"https:\/\/www.librairieclavreuil.com\/en\/knorr-georg-wolfgang-deliciae-naturae-selectae-oder-auserlesenes-naturalien-cabinet-welches-aus-den-drey-reichen-der-natur-zeiget-was-von-curiosen-liebhabern-aufbehalten-und-gesammelt-zu-werden-verd\/#primaryimage","url":"https:\/\/www.librairieclavreuil.com\/wp-content\/uploads\/2025\/04\/georg-wolfgang-knorr-deliciae-naturae-selectae-oder-auserlesenes-naturalien-cabinet-welches-aus-den-drey-reichen-der-natur-zeiget-was-von-cu-67f1352a9adf7.jpg","contentUrl":"https:\/\/www.librairieclavreuil.com\/wp-content\/uploads\/2025\/04\/georg-wolfgang-knorr-deliciae-naturae-selectae-oder-auserlesenes-naturalien-cabinet-welches-aus-den-drey-reichen-der-natur-zeiget-was-von-cu-67f1352a9adf7.jpg","width":622,"height":800},{"@type":"BreadcrumbList","@id":"https:\/\/www.librairieclavreuil.com\/en\/knorr-georg-wolfgang-deliciae-naturae-selectae-oder-auserlesenes-naturalien-cabinet-welches-aus-den-drey-reichen-der-natur-zeiget-was-von-curiosen-liebhabern-aufbehalten-und-gesammelt-zu-werden-verd\/#breadcrumb","itemListElement":[{"@type":"ListItem","position":1,"name":"Accueil","item":"https:\/\/www.librairieclavreuil.com\/"},{"@type":"ListItem","position":2,"name":"All our books","item":"https:\/\/www.librairieclavreuil.com\/en\/all-our-books\/"},{"@type":"ListItem","position":3,"name":"KNORR Georg Wolfgang Deliciae Naturae Selectae oder auserlesenes..."}]},{"@type":"WebSite","@id":"https:\/\/www.librairieclavreuil.com\/#website","url":"https:\/\/www.librairieclavreuil.com\/","name":"Libairie Clavreuil","description":"Livres anciens, manuscrits rares et \u00e9ditions originales \u2013 Librairie Clavreuil","publisher":{"@id":"https:\/\/www.librairieclavreuil.com\/#organization"},"potentialAction":[{"@type":"SearchAction","target":{"@type":"EntryPoint","urlTemplate":"https:\/\/www.librairieclavreuil.com\/?s={search_term_string}"},"query-input":{"@type":"PropertyValueSpecification","valueRequired":true,"valueName":"search_term_string"}}],"inLanguage":"en-US"},{"@type":"Organization","@id":"https:\/\/www.librairieclavreuil.com\/#organization","name":"Libairie Clavreuil","url":"https:\/\/www.librairieclavreuil.com\/","logo":{"@type":"ImageObject","inLanguage":"en-US","@id":"https:\/\/www.librairieclavreuil.com\/#\/schema\/logo\/image\/","url":"https:\/\/www.librairieclavreuil.com\/wp-content\/uploads\/2021\/06\/cropped-LOGO_PNG_DATE-_gold-512x512-1.png","contentUrl":"https:\/\/www.librairieclavreuil.com\/wp-content\/uploads\/2021\/06\/cropped-LOGO_PNG_DATE-_gold-512x512-1.png","width":512,"height":512,"caption":"Libairie Clavreuil"},"image":{"@id":"https:\/\/www.librairieclavreuil.com\/#\/schema\/logo\/image\/"},"sameAs":["https:\/\/www.instagram.com\/librairieclavreuil\/"]}]}},"jetpack_sharing_enabled":true,"_links":{"self":[{"href":"https:\/\/www.librairieclavreuil.com\/en\/wp-json\/wp\/v2\/product\/85523","targetHints":{"allow":["GET"]}}],"collection":[{"href":"https:\/\/www.librairieclavreuil.com\/en\/wp-json\/wp\/v2\/product"}],"about":[{"href":"https:\/\/www.librairieclavreuil.com\/en\/wp-json\/wp\/v2\/types\/product"}],"replies":[{"embeddable":true,"href":"https:\/\/www.librairieclavreuil.com\/en\/wp-json\/wp\/v2\/comments?post=85523"}],"wp:featuredmedia":[{"embeddable":true,"href":"https:\/\/www.librairieclavreuil.com\/en\/wp-json\/wp\/v2\/media\/85468"}],"wp:attachment":[{"href":"https:\/\/www.librairieclavreuil.com\/en\/wp-json\/wp\/v2\/media?parent=85523"}],"wp:term":[{"taxonomy":"product_brand","embeddable":true,"href":"https:\/\/www.librairieclavreuil.com\/en\/wp-json\/wp\/v2\/product_brand?post=85523"},{"taxonomy":"product_cat","embeddable":true,"href":"https:\/\/www.librairieclavreuil.com\/en\/wp-json\/wp\/v2\/product_cat?post=85523"},{"taxonomy":"product_tag","embeddable":true,"href":"https:\/\/www.librairieclavreuil.com\/en\/wp-json\/wp\/v2\/product_tag?post=85523"}],"curies":[{"name":"wp","href":"https:\/\/api.w.org\/{rel}","templated":true}]}}