{"id":85467,"date":"2025-04-04T16:33:12","date_gmt":"2025-04-04T14:33:12","guid":{"rendered":"https:\/\/www.librairieclavreuil.com\/franchieres-jean-de-la-fauconnerie-de-f-ian-des-franchieres-grand-prieur-daquitaine-avec-une-autre-fauconnerie-de-guillaume-tarif-puis-la-vollerie-de-messire-artelouche-dala\/"},"modified":"2025-09-25T13:10:56","modified_gmt":"2025-09-25T11:10:56","slug":"franchieres-jean-de-la-fauconnerie-de-f-ian-des-franchieres-grand-prieur-daquitaine-avec-une-autre-fauconnerie-de-guillaume-tarif-puis-la-vollerie-de-messire-artelouche-dala","status":"publish","type":"product","link":"https:\/\/www.librairieclavreuil.com\/en\/franchieres-jean-de-la-fauconnerie-de-f-ian-des-franchieres-grand-prieur-daquitaine-avec-une-autre-fauconnerie-de-guillaume-tarif-puis-la-vollerie-de-messire-artelouche-dala\/","title":{"rendered":"FRANCHIERES Jean de La Fauconnerie de F. Ian..."},"content":{"rendered":"<p style=\"text-align:justify\"><i>Frank, I, 284-285; Schwerdt, I, 184; Thi\u00e9baud, 428; Souhart, 194-195; Harting, 145; Mortimer, French, 237; Brun, 192; Adams, D-327.<\/i><\/p>\n<p style=\"text-align:justify\">First edition bringing together for the first time these four texts devoted to falconry.<\/p>\n<p style=\"text-align:justify\">Copy with Bouchet&#8217;s dedication, a print run for which Thi\u00e9baud notes: \u201cCopies with G. Bouchet&#8217;s dedication are the rarest\u201d (Thi\u00e9baud).<\/p>\n<p style=\"text-align:justify\">Franchi\u00e8res&#8217; text\u2014previously published around 1531 (only two copies are known to have been offered for sale at public auction: the Pichon and Lignerolles copies)\u2014is followed by La Fauconnerie by Guillaume Tardif, then La Fauconnerie d&#8217;Arthelouche by Alagona. The work ends with the fourth text, entitled Recueil de tous les oyseaux de proye qui servent \u00e0 la vollerie &amp; fauconnerie (Collection of all birds of prey used in falconry), written by Guillaume Bouchet.<\/p>\n<p style=\"text-align:justify\">The privilege of this edition was shared between Enguilbert de Marnef and Guillaume Bouchet. This copy came off Bouchet&#8217;s presses with a title ending with the word \u201cCassia\u201d and with six preliminary leaves, unlike Enguilbert de Marnef&#8217;s edition, which has only four (see details given by Mortimer).<\/p>\n<p style=\"text-align:justify\">The treatise by Jean de Franchi\u00e8res (born in the first quarter of the 15th century, died in 1488), composed according to the manuscripts and teachings of three master falconers \u2013 as indicated on the title page of the original edition \u2013 was written in 1484 at the request of Jacques du Fou, Grand Huntsman of France, seneschal of Poitou and lieutenant of Louis XI in Roussillon. The work was brought to light by the Lord of Vigean, Fran\u00e7ois du Fou, grandson of the seneschal (cf. Petit, Add., 38). From 1585 onwards, Franchi\u00e8res&#8217; collection was added to Du Fouilloux&#8217;s V\u00e9nerie, becoming its official supplement until 1634.<\/p>\n<p style=\"text-align:justify\">&#8220;En Europe, et particuli\u00e8rement en France, le d\u00e9duite de vol, devenant un des passe-temps favoris des nobles, perfectionne, d\u00e8s le IXe si\u00e8cle, ses m\u00e9thodes en m\u00eame temps qu&#8217;il \u00e9labore son langage propre \u00e0 l&#8217;aide, entre autres, des versions latines, puis romanes, des ouvrages assembl\u00e9s de Moamin et de Ghatrif; qui plus est, ceux-ci serviront de base \u00e0 tous les auteurs post\u00e9rieurs qui y puiseront ou s&#8217;en inspireront. <i>L&#8217;Anonyme des Livres du Roi Modus et de la Reine Ratio<\/i>, celui du <i>Livre du roi Dancus<\/i>, d&#8217;Arcussia, de Franchi\u00e8res, Tardif et bien d&#8217;autres encore ne sauront s&#8217;affranchir de l&#8217;\u0153uvre de nos deux c\u00e9l\u00e8bres fauconniers arabes ; preuves en sont, dans tous ces trait\u00e9s, les nombreux passages directement traduits du texte original de ces deux inconnus musulmans.<\/p>\n<p style=\"text-align:justify\">On ne pourra donc s&#8217;\u00e9tonner en constatant la frappante similitude qu&#8217;offrent, en langue de volerie, les expressions arabes et leurs \u00e9quivalents en vieux fran\u00e7ais, celles-ci s&#8217;\u00e9tant, le plus souvent, inspir\u00e9es de celles-l\u00e0. C&#8217;est cette similitude que nous avons, par ces quelques glanures ne pouvant pr\u00e9tendre \u00e0 l&#8217;exhaustivit\u00e9, tent\u00e9 de mettre en relief, tout en conservant le souci de pr\u00e9ciser le sens de plusieurs termes arabes dont les d\u00e9finitions, chez nos lexicographes, nous sont apparues souvent insuffisantes, lorsqu&#8217;ils y figurent, et de combler quelques lacunes.<\/p>\n<p style=\"text-align:justify\">Le style de la langue fran\u00e7aise de fauconnerie, dans les expressions consacr\u00e9es que nous donnons en italique, pourrait \u00eatre tax\u00e9 d&#8217;archa\u00efsme si l&#8217;on oubliait que cette langue est unique, qu&#8217;elle n&#8217;a pas connu de rajeunissement et, partant, qu&#8217;elle reste le seul moyen d&#8217;expression de nos fauconniers modernes, dans leur entreprise de renaissance du noble d\u00e9duit d&#8217;oiseaux&#8221; (Fran\u00e7ois Vir\u00e9, in : Falconaria Arabica. Glanures Philologiques. Arabica, 1962\/no.2, pp. 158ff.).<\/p>\n<p style=\"text-align:justify\">The woodcut illustration consists of 10 engravings for Franchi\u00e8res, 9 engravings for Tardif, none for Algona, and 10 for Bouchet. The woodcuts &#8211; repeated &#8211; show varieties of raptors (falcons, eagles, vultures, etc.).<\/p>\n<p style=\"text-align:justify\">This edition is rarely found complete and in good condition.<\/p>\n<p style=\"text-align:justify\">USTC locates only one copy of Bouchet&#8217;s edition in institutional libraries (Cambridge, Houghton Library), as well as 3 copies of Marnef&#8217;s edition (Cambridge, Houghton; Maryland, College Park; New Haven, Yale).<\/p>\n<p style=\"text-align:justify\">A very good copy.<\/p>\n<p style=\"text-align:justify\">Prestigious provenances : Richard Heber (stamp, sale London, 14 June 1834, lot 2203) \u2013 baron d\u2019Off\u00e9mont (note) \u2013 baron Pichon (1812-1896 ; bookplate, his sale Paris, 1897, Part I, lot 687) \u2013 Marcel Jeanson (bookplate with shelf number \u201c1425\u201d&nbsp;; his sale Monaco, 1<sup>st<\/sup> March 1987, lot 238, FF. 52.000 hammer) \u2013 H. Bradley Martin (bookplate, sale 12-13 December, New York, lot 1555) \u2013 Yves Burrus (bookplate).<\/p>\n","protected":false},"excerpt":{"rendered":"<p style=\"text-align:justify\">4to (220 x 155 mm) 6 unn.ll., 160 pp. ; 2 unn.ll., 96 pp. ; 1 nn.l., 37 pp. ; 64 pp. Contemporary mottled calf, spine gilt with raised bands, red speckled edges (small portion missing at foot of spine).<\/p>\n","protected":false},"featured_media":85456,"comment_status":"open","ping_status":"closed","template":"","meta":{"_acf_changed":false},"product_brand":[],"product_cat":[534],"product_tag":[1243,566,1342],"class_list":{"0":"post-85467","1":"product","2":"type-product","3":"status-publish","4":"has-post-thumbnail","6":"product_cat-hunting","7":"product_tag-16th-century-literature","8":"product_tag-hunting","9":"product_tag-ornithology","10":"pa_auteur-franchieres-jean-de-2","11":"pa_type-de-livre-printed-book","13":"first","14":"instock","15":"shipping-taxable","16":"purchasable","17":"product-type-simple"},"acf":{"artist":" Jean de FRANCHIERES","chapeau":"","adresse_bibliographique":"Poitiers, par Enguilbert de Marnef , et les Bouchetz fr\u00e8res, 1567","book_type":"Printed book","provenance":"","afficher_prix":""},"yoast_head":"<!-- This site is optimized with the Yoast SEO plugin v24.7 - https:\/\/yoast.com\/wordpress\/plugins\/seo\/ -->\n<title>FRANCHIERES Jean de La Fauconnerie de F. Ian des Franchieres, grand prieur d\u2019Aquitaine... avec une autre fauconnerie de Guillaume Tardif... Puis la vollerie de messire Artelouche d\u2019Alagona... D\u2019avantage un recueil de tous les oiseaux de proyes, servans a la fauconnerie et vollerie. - Libairie Clavreuil<\/title>\n<meta name=\"robots\" content=\"index, follow, max-snippet:-1, max-image-preview:large, max-video-preview:-1\" \/>\n<link rel=\"canonical\" href=\"https:\/\/www.librairieclavreuil.com\/en\/franchieres-jean-de-la-fauconnerie-de-f-ian-des-franchieres-grand-prieur-daquitaine-avec-une-autre-fauconnerie-de-guillaume-tarif-puis-la-vollerie-de-messire-artelouche-dala\/\" \/>\n<meta property=\"og:locale\" content=\"en_US\" \/>\n<meta property=\"og:type\" content=\"article\" \/>\n<meta property=\"og:title\" content=\"FRANCHIERES Jean de La Fauconnerie de F. Ian des Franchieres, grand prieur d\u2019Aquitaine... avec une autre fauconnerie de Guillaume Tardif... Puis la vollerie de messire Artelouche d\u2019Alagona... D\u2019avantage un recueil de tous les oiseaux de proyes, servans a la fauconnerie et vollerie. - Libairie Clavreuil\" \/>\n<meta property=\"og:description\" content=\"4to (220 x 155 mm) 6 unn.ll., 160 pp. ; 2 unn.ll., 96 pp. ; 1 nn.l., 37 pp. ; 64 pp. Contemporary mottled calf, spine gilt with raised bands, red speckled edges (small portion missing at foot of spine).\" \/>\n<meta property=\"og:url\" content=\"https:\/\/www.librairieclavreuil.com\/en\/franchieres-jean-de-la-fauconnerie-de-f-ian-des-franchieres-grand-prieur-daquitaine-avec-une-autre-fauconnerie-de-guillaume-tarif-puis-la-vollerie-de-messire-artelouche-dala\/\" \/>\n<meta property=\"og:site_name\" content=\"Libairie Clavreuil\" \/>\n<meta property=\"article:modified_time\" content=\"2025-09-25T11:10:56+00:00\" \/>\n<meta property=\"og:image\" content=\"https:\/\/www.librairieclavreuil.com\/wp-content\/uploads\/2025\/04\/jean-de-franchieres-la-fauconnerie-de-f-ian-des-franchieres-grand-prieur-d-aquitaine-avec-une-autre-fauconnerie-de-guillaume-tarif-puis-la-v-6751c31d6926b.jpg\" \/>\n\t<meta property=\"og:image:width\" content=\"594\" \/>\n\t<meta property=\"og:image:height\" content=\"800\" \/>\n\t<meta property=\"og:image:type\" content=\"image\/jpeg\" \/>\n<meta name=\"twitter:card\" content=\"summary_large_image\" \/>\n<meta name=\"twitter:label1\" content=\"Est. reading time\" \/>\n\t<meta name=\"twitter:data1\" content=\"3 minutes\" \/>\n<script type=\"application\/ld+json\" class=\"yoast-schema-graph\">{\"@context\":\"https:\/\/schema.org\",\"@graph\":[{\"@type\":\"WebPage\",\"@id\":\"https:\/\/www.librairieclavreuil.com\/en\/franchieres-jean-de-la-fauconnerie-de-f-ian-des-franchieres-grand-prieur-daquitaine-avec-une-autre-fauconnerie-de-guillaume-tarif-puis-la-vollerie-de-messire-artelouche-dala\/\",\"url\":\"https:\/\/www.librairieclavreuil.com\/en\/franchieres-jean-de-la-fauconnerie-de-f-ian-des-franchieres-grand-prieur-daquitaine-avec-une-autre-fauconnerie-de-guillaume-tarif-puis-la-vollerie-de-messire-artelouche-dala\/\",\"name\":\"FRANCHIERES Jean de La Fauconnerie de F. Ian des Franchieres, grand prieur d\u2019Aquitaine... avec une autre fauconnerie de Guillaume Tardif... Puis la vollerie de messire Artelouche d\u2019Alagona... D\u2019avantage un recueil de tous les oiseaux de proyes, servans a la fauconnerie et vollerie. - Libairie Clavreuil\",\"isPartOf\":{\"@id\":\"https:\/\/www.librairieclavreuil.com\/#website\"},\"primaryImageOfPage\":{\"@id\":\"https:\/\/www.librairieclavreuil.com\/en\/franchieres-jean-de-la-fauconnerie-de-f-ian-des-franchieres-grand-prieur-daquitaine-avec-une-autre-fauconnerie-de-guillaume-tarif-puis-la-vollerie-de-messire-artelouche-dala\/#primaryimage\"},\"image\":{\"@id\":\"https:\/\/www.librairieclavreuil.com\/en\/franchieres-jean-de-la-fauconnerie-de-f-ian-des-franchieres-grand-prieur-daquitaine-avec-une-autre-fauconnerie-de-guillaume-tarif-puis-la-vollerie-de-messire-artelouche-dala\/#primaryimage\"},\"thumbnailUrl\":\"https:\/\/www.librairieclavreuil.com\/wp-content\/uploads\/2025\/04\/jean-de-franchieres-la-fauconnerie-de-f-ian-des-franchieres-grand-prieur-d-aquitaine-avec-une-autre-fauconnerie-de-guillaume-tarif-puis-la-v-6751c31d6926b.jpg\",\"datePublished\":\"2025-04-04T14:33:12+00:00\",\"dateModified\":\"2025-09-25T11:10:56+00:00\",\"breadcrumb\":{\"@id\":\"https:\/\/www.librairieclavreuil.com\/en\/franchieres-jean-de-la-fauconnerie-de-f-ian-des-franchieres-grand-prieur-daquitaine-avec-une-autre-fauconnerie-de-guillaume-tarif-puis-la-vollerie-de-messire-artelouche-dala\/#breadcrumb\"},\"inLanguage\":\"en-US\",\"potentialAction\":[{\"@type\":\"ReadAction\",\"target\":[\"https:\/\/www.librairieclavreuil.com\/en\/franchieres-jean-de-la-fauconnerie-de-f-ian-des-franchieres-grand-prieur-daquitaine-avec-une-autre-fauconnerie-de-guillaume-tarif-puis-la-vollerie-de-messire-artelouche-dala\/\"]}]},{\"@type\":\"ImageObject\",\"inLanguage\":\"en-US\",\"@id\":\"https:\/\/www.librairieclavreuil.com\/en\/franchieres-jean-de-la-fauconnerie-de-f-ian-des-franchieres-grand-prieur-daquitaine-avec-une-autre-fauconnerie-de-guillaume-tarif-puis-la-vollerie-de-messire-artelouche-dala\/#primaryimage\",\"url\":\"https:\/\/www.librairieclavreuil.com\/wp-content\/uploads\/2025\/04\/jean-de-franchieres-la-fauconnerie-de-f-ian-des-franchieres-grand-prieur-d-aquitaine-avec-une-autre-fauconnerie-de-guillaume-tarif-puis-la-v-6751c31d6926b.jpg\",\"contentUrl\":\"https:\/\/www.librairieclavreuil.com\/wp-content\/uploads\/2025\/04\/jean-de-franchieres-la-fauconnerie-de-f-ian-des-franchieres-grand-prieur-d-aquitaine-avec-une-autre-fauconnerie-de-guillaume-tarif-puis-la-v-6751c31d6926b.jpg\",\"width\":594,\"height\":800},{\"@type\":\"BreadcrumbList\",\"@id\":\"https:\/\/www.librairieclavreuil.com\/en\/franchieres-jean-de-la-fauconnerie-de-f-ian-des-franchieres-grand-prieur-daquitaine-avec-une-autre-fauconnerie-de-guillaume-tarif-puis-la-vollerie-de-messire-artelouche-dala\/#breadcrumb\",\"itemListElement\":[{\"@type\":\"ListItem\",\"position\":1,\"name\":\"Accueil\",\"item\":\"https:\/\/www.librairieclavreuil.com\/\"},{\"@type\":\"ListItem\",\"position\":2,\"name\":\"All our books\",\"item\":\"https:\/\/www.librairieclavreuil.com\/en\/all-our-books\/\"},{\"@type\":\"ListItem\",\"position\":3,\"name\":\"FRANCHIERES Jean de La Fauconnerie de F. Ian...\"}]},{\"@type\":\"WebSite\",\"@id\":\"https:\/\/www.librairieclavreuil.com\/#website\",\"url\":\"https:\/\/www.librairieclavreuil.com\/\",\"name\":\"Libairie Clavreuil\",\"description\":\"Livres anciens, manuscrits rares et \u00e9ditions originales \u2013 Librairie Clavreuil\",\"publisher\":{\"@id\":\"https:\/\/www.librairieclavreuil.com\/#organization\"},\"potentialAction\":[{\"@type\":\"SearchAction\",\"target\":{\"@type\":\"EntryPoint\",\"urlTemplate\":\"https:\/\/www.librairieclavreuil.com\/?s={search_term_string}\"},\"query-input\":{\"@type\":\"PropertyValueSpecification\",\"valueRequired\":true,\"valueName\":\"search_term_string\"}}],\"inLanguage\":\"en-US\"},{\"@type\":\"Organization\",\"@id\":\"https:\/\/www.librairieclavreuil.com\/#organization\",\"name\":\"Libairie Clavreuil\",\"url\":\"https:\/\/www.librairieclavreuil.com\/\",\"logo\":{\"@type\":\"ImageObject\",\"inLanguage\":\"en-US\",\"@id\":\"https:\/\/www.librairieclavreuil.com\/#\/schema\/logo\/image\/\",\"url\":\"https:\/\/www.librairieclavreuil.com\/wp-content\/uploads\/2021\/06\/cropped-LOGO_PNG_DATE-_gold-512x512-1.png\",\"contentUrl\":\"https:\/\/www.librairieclavreuil.com\/wp-content\/uploads\/2021\/06\/cropped-LOGO_PNG_DATE-_gold-512x512-1.png\",\"width\":512,\"height\":512,\"caption\":\"Libairie Clavreuil\"},\"image\":{\"@id\":\"https:\/\/www.librairieclavreuil.com\/#\/schema\/logo\/image\/\"},\"sameAs\":[\"https:\/\/www.instagram.com\/librairieclavreuil\/\"]}]}<\/script>\n<!-- \/ Yoast SEO plugin. -->","yoast_head_json":{"title":"FRANCHIERES Jean de La Fauconnerie de F. Ian des Franchieres, grand prieur d\u2019Aquitaine... avec une autre fauconnerie de Guillaume Tardif... Puis la vollerie de messire Artelouche d\u2019Alagona... D\u2019avantage un recueil de tous les oiseaux de proyes, servans a la fauconnerie et vollerie. - Libairie Clavreuil","robots":{"index":"index","follow":"follow","max-snippet":"max-snippet:-1","max-image-preview":"max-image-preview:large","max-video-preview":"max-video-preview:-1"},"canonical":"https:\/\/www.librairieclavreuil.com\/en\/franchieres-jean-de-la-fauconnerie-de-f-ian-des-franchieres-grand-prieur-daquitaine-avec-une-autre-fauconnerie-de-guillaume-tarif-puis-la-vollerie-de-messire-artelouche-dala\/","og_locale":"en_US","og_type":"article","og_title":"FRANCHIERES Jean de La Fauconnerie de F. Ian des Franchieres, grand prieur d\u2019Aquitaine... avec une autre fauconnerie de Guillaume Tardif... Puis la vollerie de messire Artelouche d\u2019Alagona... D\u2019avantage un recueil de tous les oiseaux de proyes, servans a la fauconnerie et vollerie. - Libairie Clavreuil","og_description":"4to (220 x 155 mm) 6 unn.ll., 160 pp. ; 2 unn.ll., 96 pp. ; 1 nn.l., 37 pp. ; 64 pp. Contemporary mottled calf, spine gilt with raised bands, red speckled edges (small portion missing at foot of spine).","og_url":"https:\/\/www.librairieclavreuil.com\/en\/franchieres-jean-de-la-fauconnerie-de-f-ian-des-franchieres-grand-prieur-daquitaine-avec-une-autre-fauconnerie-de-guillaume-tarif-puis-la-vollerie-de-messire-artelouche-dala\/","og_site_name":"Libairie Clavreuil","article_modified_time":"2025-09-25T11:10:56+00:00","og_image":[{"width":594,"height":800,"url":"https:\/\/www.librairieclavreuil.com\/wp-content\/uploads\/2025\/04\/jean-de-franchieres-la-fauconnerie-de-f-ian-des-franchieres-grand-prieur-d-aquitaine-avec-une-autre-fauconnerie-de-guillaume-tarif-puis-la-v-6751c31d6926b.jpg","type":"image\/jpeg"}],"twitter_card":"summary_large_image","twitter_misc":{"Est. reading time":"3 minutes"},"schema":{"@context":"https:\/\/schema.org","@graph":[{"@type":"WebPage","@id":"https:\/\/www.librairieclavreuil.com\/en\/franchieres-jean-de-la-fauconnerie-de-f-ian-des-franchieres-grand-prieur-daquitaine-avec-une-autre-fauconnerie-de-guillaume-tarif-puis-la-vollerie-de-messire-artelouche-dala\/","url":"https:\/\/www.librairieclavreuil.com\/en\/franchieres-jean-de-la-fauconnerie-de-f-ian-des-franchieres-grand-prieur-daquitaine-avec-une-autre-fauconnerie-de-guillaume-tarif-puis-la-vollerie-de-messire-artelouche-dala\/","name":"FRANCHIERES Jean de La Fauconnerie de F. Ian des Franchieres, grand prieur d\u2019Aquitaine... avec une autre fauconnerie de Guillaume Tardif... Puis la vollerie de messire Artelouche d\u2019Alagona... D\u2019avantage un recueil de tous les oiseaux de proyes, servans a la fauconnerie et vollerie. - Libairie Clavreuil","isPartOf":{"@id":"https:\/\/www.librairieclavreuil.com\/#website"},"primaryImageOfPage":{"@id":"https:\/\/www.librairieclavreuil.com\/en\/franchieres-jean-de-la-fauconnerie-de-f-ian-des-franchieres-grand-prieur-daquitaine-avec-une-autre-fauconnerie-de-guillaume-tarif-puis-la-vollerie-de-messire-artelouche-dala\/#primaryimage"},"image":{"@id":"https:\/\/www.librairieclavreuil.com\/en\/franchieres-jean-de-la-fauconnerie-de-f-ian-des-franchieres-grand-prieur-daquitaine-avec-une-autre-fauconnerie-de-guillaume-tarif-puis-la-vollerie-de-messire-artelouche-dala\/#primaryimage"},"thumbnailUrl":"https:\/\/www.librairieclavreuil.com\/wp-content\/uploads\/2025\/04\/jean-de-franchieres-la-fauconnerie-de-f-ian-des-franchieres-grand-prieur-d-aquitaine-avec-une-autre-fauconnerie-de-guillaume-tarif-puis-la-v-6751c31d6926b.jpg","datePublished":"2025-04-04T14:33:12+00:00","dateModified":"2025-09-25T11:10:56+00:00","breadcrumb":{"@id":"https:\/\/www.librairieclavreuil.com\/en\/franchieres-jean-de-la-fauconnerie-de-f-ian-des-franchieres-grand-prieur-daquitaine-avec-une-autre-fauconnerie-de-guillaume-tarif-puis-la-vollerie-de-messire-artelouche-dala\/#breadcrumb"},"inLanguage":"en-US","potentialAction":[{"@type":"ReadAction","target":["https:\/\/www.librairieclavreuil.com\/en\/franchieres-jean-de-la-fauconnerie-de-f-ian-des-franchieres-grand-prieur-daquitaine-avec-une-autre-fauconnerie-de-guillaume-tarif-puis-la-vollerie-de-messire-artelouche-dala\/"]}]},{"@type":"ImageObject","inLanguage":"en-US","@id":"https:\/\/www.librairieclavreuil.com\/en\/franchieres-jean-de-la-fauconnerie-de-f-ian-des-franchieres-grand-prieur-daquitaine-avec-une-autre-fauconnerie-de-guillaume-tarif-puis-la-vollerie-de-messire-artelouche-dala\/#primaryimage","url":"https:\/\/www.librairieclavreuil.com\/wp-content\/uploads\/2025\/04\/jean-de-franchieres-la-fauconnerie-de-f-ian-des-franchieres-grand-prieur-d-aquitaine-avec-une-autre-fauconnerie-de-guillaume-tarif-puis-la-v-6751c31d6926b.jpg","contentUrl":"https:\/\/www.librairieclavreuil.com\/wp-content\/uploads\/2025\/04\/jean-de-franchieres-la-fauconnerie-de-f-ian-des-franchieres-grand-prieur-d-aquitaine-avec-une-autre-fauconnerie-de-guillaume-tarif-puis-la-v-6751c31d6926b.jpg","width":594,"height":800},{"@type":"BreadcrumbList","@id":"https:\/\/www.librairieclavreuil.com\/en\/franchieres-jean-de-la-fauconnerie-de-f-ian-des-franchieres-grand-prieur-daquitaine-avec-une-autre-fauconnerie-de-guillaume-tarif-puis-la-vollerie-de-messire-artelouche-dala\/#breadcrumb","itemListElement":[{"@type":"ListItem","position":1,"name":"Accueil","item":"https:\/\/www.librairieclavreuil.com\/"},{"@type":"ListItem","position":2,"name":"All our books","item":"https:\/\/www.librairieclavreuil.com\/en\/all-our-books\/"},{"@type":"ListItem","position":3,"name":"FRANCHIERES Jean de La Fauconnerie de F. Ian..."}]},{"@type":"WebSite","@id":"https:\/\/www.librairieclavreuil.com\/#website","url":"https:\/\/www.librairieclavreuil.com\/","name":"Libairie Clavreuil","description":"Livres anciens, manuscrits rares et \u00e9ditions originales \u2013 Librairie Clavreuil","publisher":{"@id":"https:\/\/www.librairieclavreuil.com\/#organization"},"potentialAction":[{"@type":"SearchAction","target":{"@type":"EntryPoint","urlTemplate":"https:\/\/www.librairieclavreuil.com\/?s={search_term_string}"},"query-input":{"@type":"PropertyValueSpecification","valueRequired":true,"valueName":"search_term_string"}}],"inLanguage":"en-US"},{"@type":"Organization","@id":"https:\/\/www.librairieclavreuil.com\/#organization","name":"Libairie Clavreuil","url":"https:\/\/www.librairieclavreuil.com\/","logo":{"@type":"ImageObject","inLanguage":"en-US","@id":"https:\/\/www.librairieclavreuil.com\/#\/schema\/logo\/image\/","url":"https:\/\/www.librairieclavreuil.com\/wp-content\/uploads\/2021\/06\/cropped-LOGO_PNG_DATE-_gold-512x512-1.png","contentUrl":"https:\/\/www.librairieclavreuil.com\/wp-content\/uploads\/2021\/06\/cropped-LOGO_PNG_DATE-_gold-512x512-1.png","width":512,"height":512,"caption":"Libairie Clavreuil"},"image":{"@id":"https:\/\/www.librairieclavreuil.com\/#\/schema\/logo\/image\/"},"sameAs":["https:\/\/www.instagram.com\/librairieclavreuil\/"]}]}},"jetpack_sharing_enabled":true,"_links":{"self":[{"href":"https:\/\/www.librairieclavreuil.com\/en\/wp-json\/wp\/v2\/product\/85467","targetHints":{"allow":["GET"]}}],"collection":[{"href":"https:\/\/www.librairieclavreuil.com\/en\/wp-json\/wp\/v2\/product"}],"about":[{"href":"https:\/\/www.librairieclavreuil.com\/en\/wp-json\/wp\/v2\/types\/product"}],"replies":[{"embeddable":true,"href":"https:\/\/www.librairieclavreuil.com\/en\/wp-json\/wp\/v2\/comments?post=85467"}],"wp:featuredmedia":[{"embeddable":true,"href":"https:\/\/www.librairieclavreuil.com\/en\/wp-json\/wp\/v2\/media\/85456"}],"wp:attachment":[{"href":"https:\/\/www.librairieclavreuil.com\/en\/wp-json\/wp\/v2\/media?parent=85467"}],"wp:term":[{"taxonomy":"product_brand","embeddable":true,"href":"https:\/\/www.librairieclavreuil.com\/en\/wp-json\/wp\/v2\/product_brand?post=85467"},{"taxonomy":"product_cat","embeddable":true,"href":"https:\/\/www.librairieclavreuil.com\/en\/wp-json\/wp\/v2\/product_cat?post=85467"},{"taxonomy":"product_tag","embeddable":true,"href":"https:\/\/www.librairieclavreuil.com\/en\/wp-json\/wp\/v2\/product_tag?post=85467"}],"curies":[{"name":"wp","href":"https:\/\/api.w.org\/{rel}","templated":true}]}}