{"id":85437,"date":"2025-04-03T15:37:22","date_gmt":"2025-04-03T13:37:22","guid":{"rendered":"https:\/\/www.librairieclavreuil.com\/raveneau-de-lussan-journal-du-voyage-fait-a-la-mer-du-sud-avec-les-flibustiers-de-lamerique-en-1684-et-annees-suivantes\/"},"modified":"2025-04-08T12:25:08","modified_gmt":"2025-04-08T10:25:08","slug":"raveneau-de-lussan-journal-du-voyage-fait-a-la-mer-du-sud-avec-les-flibustiers-de-lamerique-en-1684-et-annees-suivantes","status":"publish","type":"product","link":"https:\/\/www.librairieclavreuil.com\/en\/raveneau-de-lussan-journal-du-voyage-fait-a-la-mer-du-sud-avec-les-flibustiers-de-lamerique-en-1684-et-annees-suivantes\/","title":{"rendered":"RAVENEAU DE LUSSAN Journal du voyage fait \u00e0..."},"content":{"rendered":"<p style=\"text-align:justify\"><i>Polak, 7962; JCB, p.230; Sabin, 67984.<\/i><\/p>\n<p style=\"text-align:justify\"><span style=\"font-variant:small-caps\">Pocket edition, published one year after the first.<\/span><\/p>\n<p style=\"text-align:justify\">The adventures of Raveneau de Lussan were very popular and would form later volume three of Exquemelin&#8217;s <i>Histoire des Aventuriers flibustiers<\/i>. The author engaged in the group of buccaneers under the command of Laurent de Graff and took part in many expeditions against the Spaniards : Granada close to Lake Nicaragua, Guyaquil, and Tehuantepec on the Mexican coast, just to name a few. After a fierce attack he finally stranded in Santo Domingo where he wrote the present book about his adventures and expeditions.&nbsp;<\/p>\n<p style=\"text-align:justify\">Good copy.<\/p>\n","protected":false},"excerpt":{"rendered":"<p style=\"text-align:justify\">16mo (130 x 72 mm) 8 nn.ll., 272 pp. Modern calf, bound in style.<\/p>\n","protected":false},"featured_media":85432,"comment_status":"open","ping_status":"closed","template":"","meta":{"_acf_changed":false},"product_brand":[],"product_cat":[552],"product_tag":[562],"class_list":{"0":"post-85437","1":"product","2":"type-product","3":"status-publish","4":"has-post-thumbnail","6":"product_cat-travel","7":"product_tag-marine-2","8":"pa_auteur-raveneau-de-lussan-2","9":"pa_type-de-livre-printed-book","11":"first","12":"instock","13":"shipping-taxable","14":"purchasable","15":"product-type-simple"},"acf":{"artist":"RAVENEAU DE LUSSAN","chapeau":"","adresse_bibliographique":"Paris, J.B. Coignard, 1690","book_type":"Printed book","provenance":"","afficher_prix":""},"yoast_head":"<!-- This site is optimized with the Yoast SEO plugin v24.7 - https:\/\/yoast.com\/wordpress\/plugins\/seo\/ -->\n<title>RAVENEAU DE LUSSAN  Journal du voyage fait \u00e0 la mer du sud, avec les flibustiers de l&#039;Am\u00e9rique En 1684 et ann\u00e9es suivantes. - Libairie Clavreuil<\/title>\n<meta name=\"robots\" content=\"index, follow, max-snippet:-1, max-image-preview:large, max-video-preview:-1\" \/>\n<link rel=\"canonical\" href=\"https:\/\/www.librairieclavreuil.com\/en\/raveneau-de-lussan-journal-du-voyage-fait-a-la-mer-du-sud-avec-les-flibustiers-de-lamerique-en-1684-et-annees-suivantes\/\" \/>\n<meta property=\"og:locale\" content=\"en_US\" \/>\n<meta property=\"og:type\" content=\"article\" \/>\n<meta property=\"og:title\" content=\"RAVENEAU DE LUSSAN  Journal du voyage fait \u00e0 la mer du sud, avec les flibustiers de l&#039;Am\u00e9rique En 1684 et ann\u00e9es suivantes. - Libairie Clavreuil\" \/>\n<meta property=\"og:description\" content=\"16mo (130 x 72 mm) 8 nn.ll., 272 pp. Modern calf, bound in style.\" \/>\n<meta property=\"og:url\" content=\"https:\/\/www.librairieclavreuil.com\/en\/raveneau-de-lussan-journal-du-voyage-fait-a-la-mer-du-sud-avec-les-flibustiers-de-lamerique-en-1684-et-annees-suivantes\/\" \/>\n<meta property=\"og:site_name\" content=\"Libairie Clavreuil\" \/>\n<meta property=\"article:modified_time\" content=\"2025-04-08T10:25:08+00:00\" \/>\n<meta property=\"og:image\" content=\"https:\/\/www.librairieclavreuil.com\/wp-content\/uploads\/2025\/04\/raveneau-de-lussan-journal-du-voyage-fait-a-la-mer-du-sud-avec-les-flibustiers-de-l-amerique-en-1684-et-annees-suivantes-2491-67ec114aa21fa.jpg\" \/>\n\t<meta property=\"og:image:width\" content=\"622\" \/>\n\t<meta property=\"og:image:height\" content=\"800\" \/>\n\t<meta property=\"og:image:type\" content=\"image\/jpeg\" \/>\n<meta name=\"twitter:card\" content=\"summary_large_image\" \/>\n<script type=\"application\/ld+json\" class=\"yoast-schema-graph\">{\"@context\":\"https:\/\/schema.org\",\"@graph\":[{\"@type\":\"WebPage\",\"@id\":\"https:\/\/www.librairieclavreuil.com\/en\/raveneau-de-lussan-journal-du-voyage-fait-a-la-mer-du-sud-avec-les-flibustiers-de-lamerique-en-1684-et-annees-suivantes\/\",\"url\":\"https:\/\/www.librairieclavreuil.com\/en\/raveneau-de-lussan-journal-du-voyage-fait-a-la-mer-du-sud-avec-les-flibustiers-de-lamerique-en-1684-et-annees-suivantes\/\",\"name\":\"RAVENEAU DE LUSSAN Journal du voyage fait \u00e0 la mer du sud, avec les flibustiers de l'Am\u00e9rique En 1684 et ann\u00e9es suivantes. - Libairie Clavreuil\",\"isPartOf\":{\"@id\":\"https:\/\/www.librairieclavreuil.com\/#website\"},\"primaryImageOfPage\":{\"@id\":\"https:\/\/www.librairieclavreuil.com\/en\/raveneau-de-lussan-journal-du-voyage-fait-a-la-mer-du-sud-avec-les-flibustiers-de-lamerique-en-1684-et-annees-suivantes\/#primaryimage\"},\"image\":{\"@id\":\"https:\/\/www.librairieclavreuil.com\/en\/raveneau-de-lussan-journal-du-voyage-fait-a-la-mer-du-sud-avec-les-flibustiers-de-lamerique-en-1684-et-annees-suivantes\/#primaryimage\"},\"thumbnailUrl\":\"https:\/\/www.librairieclavreuil.com\/wp-content\/uploads\/2025\/04\/raveneau-de-lussan-journal-du-voyage-fait-a-la-mer-du-sud-avec-les-flibustiers-de-l-amerique-en-1684-et-annees-suivantes-2491-67ec114aa21fa.jpg\",\"datePublished\":\"2025-04-03T13:37:22+00:00\",\"dateModified\":\"2025-04-08T10:25:08+00:00\",\"breadcrumb\":{\"@id\":\"https:\/\/www.librairieclavreuil.com\/en\/raveneau-de-lussan-journal-du-voyage-fait-a-la-mer-du-sud-avec-les-flibustiers-de-lamerique-en-1684-et-annees-suivantes\/#breadcrumb\"},\"inLanguage\":\"en-US\",\"potentialAction\":[{\"@type\":\"ReadAction\",\"target\":[\"https:\/\/www.librairieclavreuil.com\/en\/raveneau-de-lussan-journal-du-voyage-fait-a-la-mer-du-sud-avec-les-flibustiers-de-lamerique-en-1684-et-annees-suivantes\/\"]}]},{\"@type\":\"ImageObject\",\"inLanguage\":\"en-US\",\"@id\":\"https:\/\/www.librairieclavreuil.com\/en\/raveneau-de-lussan-journal-du-voyage-fait-a-la-mer-du-sud-avec-les-flibustiers-de-lamerique-en-1684-et-annees-suivantes\/#primaryimage\",\"url\":\"https:\/\/www.librairieclavreuil.com\/wp-content\/uploads\/2025\/04\/raveneau-de-lussan-journal-du-voyage-fait-a-la-mer-du-sud-avec-les-flibustiers-de-l-amerique-en-1684-et-annees-suivantes-2491-67ec114aa21fa.jpg\",\"contentUrl\":\"https:\/\/www.librairieclavreuil.com\/wp-content\/uploads\/2025\/04\/raveneau-de-lussan-journal-du-voyage-fait-a-la-mer-du-sud-avec-les-flibustiers-de-l-amerique-en-1684-et-annees-suivantes-2491-67ec114aa21fa.jpg\",\"width\":622,\"height\":800},{\"@type\":\"BreadcrumbList\",\"@id\":\"https:\/\/www.librairieclavreuil.com\/en\/raveneau-de-lussan-journal-du-voyage-fait-a-la-mer-du-sud-avec-les-flibustiers-de-lamerique-en-1684-et-annees-suivantes\/#breadcrumb\",\"itemListElement\":[{\"@type\":\"ListItem\",\"position\":1,\"name\":\"Accueil\",\"item\":\"https:\/\/www.librairieclavreuil.com\/\"},{\"@type\":\"ListItem\",\"position\":2,\"name\":\"All our books\",\"item\":\"https:\/\/www.librairieclavreuil.com\/en\/all-our-books\/\"},{\"@type\":\"ListItem\",\"position\":3,\"name\":\"RAVENEAU DE LUSSAN Journal du voyage fait \u00e0...\"}]},{\"@type\":\"WebSite\",\"@id\":\"https:\/\/www.librairieclavreuil.com\/#website\",\"url\":\"https:\/\/www.librairieclavreuil.com\/\",\"name\":\"Libairie Clavreuil\",\"description\":\"Livres anciens, manuscrits rares et \u00e9ditions originales \u2013 Librairie Clavreuil\",\"publisher\":{\"@id\":\"https:\/\/www.librairieclavreuil.com\/#organization\"},\"potentialAction\":[{\"@type\":\"SearchAction\",\"target\":{\"@type\":\"EntryPoint\",\"urlTemplate\":\"https:\/\/www.librairieclavreuil.com\/?s={search_term_string}\"},\"query-input\":{\"@type\":\"PropertyValueSpecification\",\"valueRequired\":true,\"valueName\":\"search_term_string\"}}],\"inLanguage\":\"en-US\"},{\"@type\":\"Organization\",\"@id\":\"https:\/\/www.librairieclavreuil.com\/#organization\",\"name\":\"Libairie Clavreuil\",\"url\":\"https:\/\/www.librairieclavreuil.com\/\",\"logo\":{\"@type\":\"ImageObject\",\"inLanguage\":\"en-US\",\"@id\":\"https:\/\/www.librairieclavreuil.com\/#\/schema\/logo\/image\/\",\"url\":\"https:\/\/www.librairieclavreuil.com\/wp-content\/uploads\/2021\/06\/cropped-LOGO_PNG_DATE-_gold-512x512-1.png\",\"contentUrl\":\"https:\/\/www.librairieclavreuil.com\/wp-content\/uploads\/2021\/06\/cropped-LOGO_PNG_DATE-_gold-512x512-1.png\",\"width\":512,\"height\":512,\"caption\":\"Libairie Clavreuil\"},\"image\":{\"@id\":\"https:\/\/www.librairieclavreuil.com\/#\/schema\/logo\/image\/\"},\"sameAs\":[\"https:\/\/www.instagram.com\/librairieclavreuil\/\"]}]}<\/script>\n<!-- \/ Yoast SEO plugin. -->","yoast_head_json":{"title":"RAVENEAU DE LUSSAN  Journal du voyage fait \u00e0 la mer du sud, avec les flibustiers de l'Am\u00e9rique En 1684 et ann\u00e9es suivantes. - Libairie Clavreuil","robots":{"index":"index","follow":"follow","max-snippet":"max-snippet:-1","max-image-preview":"max-image-preview:large","max-video-preview":"max-video-preview:-1"},"canonical":"https:\/\/www.librairieclavreuil.com\/en\/raveneau-de-lussan-journal-du-voyage-fait-a-la-mer-du-sud-avec-les-flibustiers-de-lamerique-en-1684-et-annees-suivantes\/","og_locale":"en_US","og_type":"article","og_title":"RAVENEAU DE LUSSAN  Journal du voyage fait \u00e0 la mer du sud, avec les flibustiers de l'Am\u00e9rique En 1684 et ann\u00e9es suivantes. - Libairie Clavreuil","og_description":"16mo (130 x 72 mm) 8 nn.ll., 272 pp. Modern calf, bound in style.","og_url":"https:\/\/www.librairieclavreuil.com\/en\/raveneau-de-lussan-journal-du-voyage-fait-a-la-mer-du-sud-avec-les-flibustiers-de-lamerique-en-1684-et-annees-suivantes\/","og_site_name":"Libairie Clavreuil","article_modified_time":"2025-04-08T10:25:08+00:00","og_image":[{"width":622,"height":800,"url":"https:\/\/www.librairieclavreuil.com\/wp-content\/uploads\/2025\/04\/raveneau-de-lussan-journal-du-voyage-fait-a-la-mer-du-sud-avec-les-flibustiers-de-l-amerique-en-1684-et-annees-suivantes-2491-67ec114aa21fa.jpg","type":"image\/jpeg"}],"twitter_card":"summary_large_image","schema":{"@context":"https:\/\/schema.org","@graph":[{"@type":"WebPage","@id":"https:\/\/www.librairieclavreuil.com\/en\/raveneau-de-lussan-journal-du-voyage-fait-a-la-mer-du-sud-avec-les-flibustiers-de-lamerique-en-1684-et-annees-suivantes\/","url":"https:\/\/www.librairieclavreuil.com\/en\/raveneau-de-lussan-journal-du-voyage-fait-a-la-mer-du-sud-avec-les-flibustiers-de-lamerique-en-1684-et-annees-suivantes\/","name":"RAVENEAU DE LUSSAN Journal du voyage fait \u00e0 la mer du sud, avec les flibustiers de l'Am\u00e9rique En 1684 et ann\u00e9es suivantes. - Libairie Clavreuil","isPartOf":{"@id":"https:\/\/www.librairieclavreuil.com\/#website"},"primaryImageOfPage":{"@id":"https:\/\/www.librairieclavreuil.com\/en\/raveneau-de-lussan-journal-du-voyage-fait-a-la-mer-du-sud-avec-les-flibustiers-de-lamerique-en-1684-et-annees-suivantes\/#primaryimage"},"image":{"@id":"https:\/\/www.librairieclavreuil.com\/en\/raveneau-de-lussan-journal-du-voyage-fait-a-la-mer-du-sud-avec-les-flibustiers-de-lamerique-en-1684-et-annees-suivantes\/#primaryimage"},"thumbnailUrl":"https:\/\/www.librairieclavreuil.com\/wp-content\/uploads\/2025\/04\/raveneau-de-lussan-journal-du-voyage-fait-a-la-mer-du-sud-avec-les-flibustiers-de-l-amerique-en-1684-et-annees-suivantes-2491-67ec114aa21fa.jpg","datePublished":"2025-04-03T13:37:22+00:00","dateModified":"2025-04-08T10:25:08+00:00","breadcrumb":{"@id":"https:\/\/www.librairieclavreuil.com\/en\/raveneau-de-lussan-journal-du-voyage-fait-a-la-mer-du-sud-avec-les-flibustiers-de-lamerique-en-1684-et-annees-suivantes\/#breadcrumb"},"inLanguage":"en-US","potentialAction":[{"@type":"ReadAction","target":["https:\/\/www.librairieclavreuil.com\/en\/raveneau-de-lussan-journal-du-voyage-fait-a-la-mer-du-sud-avec-les-flibustiers-de-lamerique-en-1684-et-annees-suivantes\/"]}]},{"@type":"ImageObject","inLanguage":"en-US","@id":"https:\/\/www.librairieclavreuil.com\/en\/raveneau-de-lussan-journal-du-voyage-fait-a-la-mer-du-sud-avec-les-flibustiers-de-lamerique-en-1684-et-annees-suivantes\/#primaryimage","url":"https:\/\/www.librairieclavreuil.com\/wp-content\/uploads\/2025\/04\/raveneau-de-lussan-journal-du-voyage-fait-a-la-mer-du-sud-avec-les-flibustiers-de-l-amerique-en-1684-et-annees-suivantes-2491-67ec114aa21fa.jpg","contentUrl":"https:\/\/www.librairieclavreuil.com\/wp-content\/uploads\/2025\/04\/raveneau-de-lussan-journal-du-voyage-fait-a-la-mer-du-sud-avec-les-flibustiers-de-l-amerique-en-1684-et-annees-suivantes-2491-67ec114aa21fa.jpg","width":622,"height":800},{"@type":"BreadcrumbList","@id":"https:\/\/www.librairieclavreuil.com\/en\/raveneau-de-lussan-journal-du-voyage-fait-a-la-mer-du-sud-avec-les-flibustiers-de-lamerique-en-1684-et-annees-suivantes\/#breadcrumb","itemListElement":[{"@type":"ListItem","position":1,"name":"Accueil","item":"https:\/\/www.librairieclavreuil.com\/"},{"@type":"ListItem","position":2,"name":"All our books","item":"https:\/\/www.librairieclavreuil.com\/en\/all-our-books\/"},{"@type":"ListItem","position":3,"name":"RAVENEAU DE LUSSAN Journal du voyage fait \u00e0..."}]},{"@type":"WebSite","@id":"https:\/\/www.librairieclavreuil.com\/#website","url":"https:\/\/www.librairieclavreuil.com\/","name":"Libairie Clavreuil","description":"Livres anciens, manuscrits rares et \u00e9ditions originales \u2013 Librairie Clavreuil","publisher":{"@id":"https:\/\/www.librairieclavreuil.com\/#organization"},"potentialAction":[{"@type":"SearchAction","target":{"@type":"EntryPoint","urlTemplate":"https:\/\/www.librairieclavreuil.com\/?s={search_term_string}"},"query-input":{"@type":"PropertyValueSpecification","valueRequired":true,"valueName":"search_term_string"}}],"inLanguage":"en-US"},{"@type":"Organization","@id":"https:\/\/www.librairieclavreuil.com\/#organization","name":"Libairie Clavreuil","url":"https:\/\/www.librairieclavreuil.com\/","logo":{"@type":"ImageObject","inLanguage":"en-US","@id":"https:\/\/www.librairieclavreuil.com\/#\/schema\/logo\/image\/","url":"https:\/\/www.librairieclavreuil.com\/wp-content\/uploads\/2021\/06\/cropped-LOGO_PNG_DATE-_gold-512x512-1.png","contentUrl":"https:\/\/www.librairieclavreuil.com\/wp-content\/uploads\/2021\/06\/cropped-LOGO_PNG_DATE-_gold-512x512-1.png","width":512,"height":512,"caption":"Libairie Clavreuil"},"image":{"@id":"https:\/\/www.librairieclavreuil.com\/#\/schema\/logo\/image\/"},"sameAs":["https:\/\/www.instagram.com\/librairieclavreuil\/"]}]}},"jetpack_sharing_enabled":true,"_links":{"self":[{"href":"https:\/\/www.librairieclavreuil.com\/en\/wp-json\/wp\/v2\/product\/85437","targetHints":{"allow":["GET"]}}],"collection":[{"href":"https:\/\/www.librairieclavreuil.com\/en\/wp-json\/wp\/v2\/product"}],"about":[{"href":"https:\/\/www.librairieclavreuil.com\/en\/wp-json\/wp\/v2\/types\/product"}],"replies":[{"embeddable":true,"href":"https:\/\/www.librairieclavreuil.com\/en\/wp-json\/wp\/v2\/comments?post=85437"}],"wp:featuredmedia":[{"embeddable":true,"href":"https:\/\/www.librairieclavreuil.com\/en\/wp-json\/wp\/v2\/media\/85432"}],"wp:attachment":[{"href":"https:\/\/www.librairieclavreuil.com\/en\/wp-json\/wp\/v2\/media?parent=85437"}],"wp:term":[{"taxonomy":"product_brand","embeddable":true,"href":"https:\/\/www.librairieclavreuil.com\/en\/wp-json\/wp\/v2\/product_brand?post=85437"},{"taxonomy":"product_cat","embeddable":true,"href":"https:\/\/www.librairieclavreuil.com\/en\/wp-json\/wp\/v2\/product_cat?post=85437"},{"taxonomy":"product_tag","embeddable":true,"href":"https:\/\/www.librairieclavreuil.com\/en\/wp-json\/wp\/v2\/product_tag?post=85437"}],"curies":[{"name":"wp","href":"https:\/\/api.w.org\/{rel}","templated":true}]}}