{"id":85425,"date":"2025-04-03T15:34:44","date_gmt":"2025-04-03T13:34:44","guid":{"rendered":"https:\/\/www.librairieclavreuil.com\/serres-olivier-de-le-theatre-dagriculture-et-mesnage-de-champs\/"},"modified":"2025-04-08T12:32:02","modified_gmt":"2025-04-08T10:32:02","slug":"serres-olivier-de-le-theatre-dagriculture-et-mesnage-de-champs","status":"publish","type":"product","link":"https:\/\/www.librairieclavreuil.com\/en\/serres-olivier-de-le-theatre-dagriculture-et-mesnage-de-champs\/","title":{"rendered":"SERRES Olivier de Le Th\u00e9\u00e2tre d&#8217;agriculture et mesnage..."},"content":{"rendered":"<p style=\"text-align:justify\"><i>Tchemerzine, V, p. 817; Pritzel, 8630; Mortimer, French, 494; En Fran\u00e7ais dans le texte, 79; Simon, Bibl. Bacchica, II, 619; Vicaire, pp.788-789 ; Kress, 236.<\/i><\/p>\n<p style=\"text-align:justify\"><span style=\"font-variant:small-caps\">First edition of the first modern treaty on agriculture.<\/span><\/p>\n<p style=\"text-align:justify\">&#8220;Cette premi\u00e8re \u00e9dition est la plus belle de toutes &#8221; (Thi\u00e9baud). it is dedicated to French King Henry IV.<\/p>\n<p style=\"text-align:justify\">Olivier de Serres is a member of a Huguenot family in the Vivarais region. During the Wars of Religion, he took part in various battles, including the siege of his home town, Villeneuve-de-Berg, in 1573. Afterwards, he retired to his land at Le Pradel, determined not to become involved in religious quarrels. It was at Le Pradel that he spent the rest of his life, devoting himself to his work as a landowner. Olivier de Serres never lost sight of the national interest and wanted to convince the gentlemen to look after their land themselves. For thirty years he devoted his spare time to writing this book, which deals in detail with every aspect of agriculture: the land, clearing and drainage, wheat, wine, livestock, the farmyard, the garden, water and wood, and domestic recipes. This book was responsible for the development of new crops such as hops, maize, beetroot, mulberry and even potatoes.<\/p>\n<p style=\"text-align:justify\">Olivier de Serres&#8217; style is clear and imbued with rural poetry. He described the gardener as &#8220;<i>the goldsmith of the earth, because he surpasses the simple ploughman as much as the goldsmith surpasses the common blacksmith&#8221; [orf\u00e8vre de la terre, parce qu&#8217;il surpasse d&#8217;autant plus le simple laboureur que l&#8217;orf\u00e8vre le commun forgeron]<\/i>..<\/p>\n<p style=\"text-align:justify\">His work is divided into eight large chapters or &#8220;places&#8221; as he calls them : 1: <i>Du Devoir du Mesnager, c&#8217;est-\u00e0-dire de bien cognoistre &amp; choisir les Terres, pour les acquerir &amp; emploier selon leur naturel, approprier l&#8217;habitation champestre &amp; ordonner de la conduite de son mesnage<\/i>. 2. <i>Du Labourage des terres-a-grains, pour avoir des Bleds de toutes sortes Agronome et non gastronome, Oliver de Serres ne s&#8217;int\u00e9resse pas \u00e0 l&#8217;appr\u00eat culinaire lui-m\u00eame, mais aux modes de conservation des aliments [&#8230;] : techniques de salaison des diff\u00e9rentes viandes d&#8217;une part, de l&#8217;autre, proc\u00e9d\u00e9s de mise en conserve des fruits (au sel, au vinaigre, au mo\u00fbt, au vin cuit, au sucre, au miel). Le second chapitre du livre VIII constitue ainsi un v\u00e9ritable trait\u00e9 de confiture &#8221; (Livres en bouche).<\/i> 3. <i>De la Culture de la Vigne, pour avoir des Vins de toutes sortes, aussi des passerilles &amp; autres gentillesses procedantes des raisins, ensemble de se pourvoir d&#8217;autres boissons, pour les endroits o\u00f9 la Vigne ne peut croistre.<\/i> 4. <i>Du Bestail a quatre pieds, des pasturages pour son vivre, de son entretenement &amp; des commodit\u00e9s qu&#8217;on en tire<\/i>. 5. <i>De la conduite du Poulailler, du Colombier, de la Garenne, du Parc, de l&#8217;Estang, du Ruscher &amp; des Vers-\u00e0-Soie<\/i>. 6. <i>Des Jardinages, pour avoir des Herbes &amp; Fruits potagers, des Herbes &amp; Fleurs odorantes, des Herbes medecinales, des Fruits des Arbres, du Saffran, du Lin, du Chanvre, du Guesde, de la Garence, des Chardons-\u00e0-draps, des Rozeaux, en suite, la mani\u00e8re de faire les cloisons pour la conservation des fruits en g\u00e9n\u00e9ral<\/i>. 7. <i>De l&#8217;Eau &amp; du Bois<\/i>. 8. <i>De l&#8217;Usage des Alimens, &amp; de l&#8217;honneste comportement en la Solitude de la Campagne<\/i>. This last chapter contains recipes for bread, drinks (hypocras, malvasia, mead), fruit and meat jams and preserves, syrups, sauerkraut, truffles, etc., as well as medical remedies for humans and animals. It also explains how to arrange houses and clothes and how to behave honestly in the countryside.<\/p>\n<p style=\"text-align:justify\">The illustration consists of a fine title-frontispiece engraved by Mallery. It shows an arch with the title in the middle with small views revealing a country landscape at both sides, surmounted by a garden view with parterres in the style of Le N\u00f4tre showing the king seated in the middle and surrounded by three personalities (Justice, Peace, and Labour). The title is indicating Olivier de Serres&#8217; title as being &#8220;Seigneur du Pradel&#8221;. The iconography is complemented by woodcuts in the text and eight woodcuts at the head of each chapter depicting scenes of rural life.<\/p>\n<p style=\"text-align:justify\">&#8220;Ce trait\u00e9 d&#8217;agriculture est le fruit des recherches entreprises par l&#8217;agronome sur sa propre exploitation \u00e0 partir de 1559. L&#8217;aspect novateur du Th\u00e9\u00e2tre tient au caract\u00e8re scientifique de la d\u00e9marche de son auteur qui, bien que connaissant l&#8217;apport des antiques et de ses contemporains, r\u00e9alisa ses propres exp\u00e9rimentations.<\/p>\n<p style=\"text-align:justify\">&#8220;La publication du trait\u00e9 d&#8217;Olivier de Serres s&#8217;inscrit dans le cadre politique d&#8217;une volont\u00e9 de relance de l&#8217;agriculture d\u00e8s les premi\u00e8res ann\u00e9es du r\u00e8gne d&#8217;Henri IV. L&#8217;ouvrage, en abordant la question de la culture du m\u00fbrier blanc et la s\u00e9riciculture, participe \u00e9galement \u00e0 la politique de la soie que veut promouvoir le roi pour lutter contre l&#8217;importation de soieries \u00e9trang\u00e8res. En faisant part de la fa\u00e7on de r\u00e9aliser les parterres dits &#8220;\u00e0 la nouvelle mode&#8221; inaugur\u00e9s pour les jardins royaux, le Th\u00e9\u00e2tre d&#8217;agriculture est \u00e9galement devenu un ouvrage de r\u00e9f\u00e9rence en mati\u00e8re d&#8217;histoire des jardins&#8221; (Fr\u00e9d\u00e9ric Sichet, France Archives).<\/p>\n<p style=\"text-align:justify\">Clear light waterstain throughout, paper default pp. 721\/722 without loss.<\/p>\n<p style=\"text-align:justify\">Provenance: Ex-Dono D.D. Poitevin Despradels d&#8217;Allavet (Possibly Durand de Poitevin, King&#8217;s Councillor in Montpellier, son of Jacques-Alexandre de Poitevin, Director of the Royal Academy of Sciences, and Suzanne Despradels, elder brother of First Empire Major General Jean-Etienne Casimir Poitevin de Maureilhan). The former owner corrected Olivier de Serres&#8217; title from &#8220;Seigneur du Pradel&#8221; to &#8220;Seigneur Despradel&#8221; in reference to his own name.<\/p>\n","protected":false},"excerpt":{"rendered":"<p style=\"text-align:justify\">Folio (306 x 200 mm) 8 nn.ll. including engraved title-frontispiece by Malleri, 1004 pp., 10 nn.ll. 18th century marbled calf, spine gilt with raised bands, red edges (<i>some expert restorations<\/i>).<\/p>\n","protected":false},"featured_media":85416,"comment_status":"open","ping_status":"closed","template":"","meta":{"_acf_changed":false},"product_brand":[],"product_cat":[532],"product_tag":[1239,1209,1450,584,3301],"class_list":{"0":"post-85425","1":"product","2":"type-product","3":"status-publish","4":"has-post-thumbnail","6":"product_cat-botanical","7":"product_tag-17th-century-illustrations","8":"product_tag-economics","9":"product_tag-first-edition","10":"product_tag-gardens","11":"product_tag-natural-science","12":"pa_auteur-serres-olivier-de-2","13":"pa_type-de-livre-printed-book","15":"first","16":"instock","17":"shipping-taxable","18":"purchasable","19":"product-type-simple"},"acf":{"artist":" Olivier de SERRES","chapeau":"","adresse_bibliographique":"Paris, Jamet Metayer, 1600","book_type":"Printed book","provenance":"","afficher_prix":""},"yoast_head":"<!-- This site is optimized with the Yoast SEO plugin v24.7 - https:\/\/yoast.com\/wordpress\/plugins\/seo\/ -->\n<title>SERRES Olivier de Le Th\u00e9\u00e2tre d&#039;agriculture et mesnage de champs. - Libairie Clavreuil<\/title>\n<meta name=\"robots\" content=\"index, follow, max-snippet:-1, max-image-preview:large, max-video-preview:-1\" \/>\n<link rel=\"canonical\" href=\"https:\/\/www.librairieclavreuil.com\/en\/serres-olivier-de-le-theatre-dagriculture-et-mesnage-de-champs\/\" \/>\n<meta property=\"og:locale\" content=\"en_US\" \/>\n<meta property=\"og:type\" content=\"article\" \/>\n<meta property=\"og:title\" content=\"SERRES Olivier de Le Th\u00e9\u00e2tre d&#039;agriculture et mesnage de champs. - Libairie Clavreuil\" \/>\n<meta property=\"og:description\" content=\"Folio (306 x 200 mm) 8 nn.ll. including engraved title-frontispiece by Malleri, 1004 pp., 10 nn.ll. 18th century marbled calf, spine gilt with raised bands, red edges (some expert restorations).\" \/>\n<meta property=\"og:url\" content=\"https:\/\/www.librairieclavreuil.com\/en\/serres-olivier-de-le-theatre-dagriculture-et-mesnage-de-champs\/\" \/>\n<meta property=\"og:site_name\" content=\"Libairie Clavreuil\" \/>\n<meta property=\"article:modified_time\" content=\"2025-04-08T10:32:02+00:00\" \/>\n<meta property=\"og:image\" content=\"https:\/\/www.librairieclavreuil.com\/wp-content\/uploads\/2025\/04\/olivier-de-serres-le-theatre-d-agriculture-et-mesnage-de-champs-9498-67ebfb4b5d194.jpg\" \/>\n\t<meta property=\"og:image:width\" content=\"622\" \/>\n\t<meta property=\"og:image:height\" content=\"800\" \/>\n\t<meta property=\"og:image:type\" content=\"image\/jpeg\" \/>\n<meta name=\"twitter:card\" content=\"summary_large_image\" \/>\n<meta name=\"twitter:label1\" content=\"Est. reading time\" \/>\n\t<meta name=\"twitter:data1\" content=\"5 minutes\" \/>\n<script type=\"application\/ld+json\" class=\"yoast-schema-graph\">{\"@context\":\"https:\/\/schema.org\",\"@graph\":[{\"@type\":\"WebPage\",\"@id\":\"https:\/\/www.librairieclavreuil.com\/en\/serres-olivier-de-le-theatre-dagriculture-et-mesnage-de-champs\/\",\"url\":\"https:\/\/www.librairieclavreuil.com\/en\/serres-olivier-de-le-theatre-dagriculture-et-mesnage-de-champs\/\",\"name\":\"SERRES Olivier de Le Th\u00e9\u00e2tre d'agriculture et mesnage de champs. - Libairie Clavreuil\",\"isPartOf\":{\"@id\":\"https:\/\/www.librairieclavreuil.com\/#website\"},\"primaryImageOfPage\":{\"@id\":\"https:\/\/www.librairieclavreuil.com\/en\/serres-olivier-de-le-theatre-dagriculture-et-mesnage-de-champs\/#primaryimage\"},\"image\":{\"@id\":\"https:\/\/www.librairieclavreuil.com\/en\/serres-olivier-de-le-theatre-dagriculture-et-mesnage-de-champs\/#primaryimage\"},\"thumbnailUrl\":\"https:\/\/www.librairieclavreuil.com\/wp-content\/uploads\/2025\/04\/olivier-de-serres-le-theatre-d-agriculture-et-mesnage-de-champs-9498-67ebfb4b5d194.jpg\",\"datePublished\":\"2025-04-03T13:34:44+00:00\",\"dateModified\":\"2025-04-08T10:32:02+00:00\",\"breadcrumb\":{\"@id\":\"https:\/\/www.librairieclavreuil.com\/en\/serres-olivier-de-le-theatre-dagriculture-et-mesnage-de-champs\/#breadcrumb\"},\"inLanguage\":\"en-US\",\"potentialAction\":[{\"@type\":\"ReadAction\",\"target\":[\"https:\/\/www.librairieclavreuil.com\/en\/serres-olivier-de-le-theatre-dagriculture-et-mesnage-de-champs\/\"]}]},{\"@type\":\"ImageObject\",\"inLanguage\":\"en-US\",\"@id\":\"https:\/\/www.librairieclavreuil.com\/en\/serres-olivier-de-le-theatre-dagriculture-et-mesnage-de-champs\/#primaryimage\",\"url\":\"https:\/\/www.librairieclavreuil.com\/wp-content\/uploads\/2025\/04\/olivier-de-serres-le-theatre-d-agriculture-et-mesnage-de-champs-9498-67ebfb4b5d194.jpg\",\"contentUrl\":\"https:\/\/www.librairieclavreuil.com\/wp-content\/uploads\/2025\/04\/olivier-de-serres-le-theatre-d-agriculture-et-mesnage-de-champs-9498-67ebfb4b5d194.jpg\",\"width\":622,\"height\":800},{\"@type\":\"BreadcrumbList\",\"@id\":\"https:\/\/www.librairieclavreuil.com\/en\/serres-olivier-de-le-theatre-dagriculture-et-mesnage-de-champs\/#breadcrumb\",\"itemListElement\":[{\"@type\":\"ListItem\",\"position\":1,\"name\":\"Accueil\",\"item\":\"https:\/\/www.librairieclavreuil.com\/\"},{\"@type\":\"ListItem\",\"position\":2,\"name\":\"All our books\",\"item\":\"https:\/\/www.librairieclavreuil.com\/en\/all-our-books\/\"},{\"@type\":\"ListItem\",\"position\":3,\"name\":\"SERRES Olivier de Le Th\u00e9\u00e2tre d&rsquo;agriculture et mesnage...\"}]},{\"@type\":\"WebSite\",\"@id\":\"https:\/\/www.librairieclavreuil.com\/#website\",\"url\":\"https:\/\/www.librairieclavreuil.com\/\",\"name\":\"Libairie Clavreuil\",\"description\":\"Livres anciens, manuscrits rares et \u00e9ditions originales \u2013 Librairie Clavreuil\",\"publisher\":{\"@id\":\"https:\/\/www.librairieclavreuil.com\/#organization\"},\"potentialAction\":[{\"@type\":\"SearchAction\",\"target\":{\"@type\":\"EntryPoint\",\"urlTemplate\":\"https:\/\/www.librairieclavreuil.com\/?s={search_term_string}\"},\"query-input\":{\"@type\":\"PropertyValueSpecification\",\"valueRequired\":true,\"valueName\":\"search_term_string\"}}],\"inLanguage\":\"en-US\"},{\"@type\":\"Organization\",\"@id\":\"https:\/\/www.librairieclavreuil.com\/#organization\",\"name\":\"Libairie Clavreuil\",\"url\":\"https:\/\/www.librairieclavreuil.com\/\",\"logo\":{\"@type\":\"ImageObject\",\"inLanguage\":\"en-US\",\"@id\":\"https:\/\/www.librairieclavreuil.com\/#\/schema\/logo\/image\/\",\"url\":\"https:\/\/www.librairieclavreuil.com\/wp-content\/uploads\/2021\/06\/cropped-LOGO_PNG_DATE-_gold-512x512-1.png\",\"contentUrl\":\"https:\/\/www.librairieclavreuil.com\/wp-content\/uploads\/2021\/06\/cropped-LOGO_PNG_DATE-_gold-512x512-1.png\",\"width\":512,\"height\":512,\"caption\":\"Libairie Clavreuil\"},\"image\":{\"@id\":\"https:\/\/www.librairieclavreuil.com\/#\/schema\/logo\/image\/\"},\"sameAs\":[\"https:\/\/www.instagram.com\/librairieclavreuil\/\"]}]}<\/script>\n<!-- \/ Yoast SEO plugin. -->","yoast_head_json":{"title":"SERRES Olivier de Le Th\u00e9\u00e2tre d'agriculture et mesnage de champs. - Libairie Clavreuil","robots":{"index":"index","follow":"follow","max-snippet":"max-snippet:-1","max-image-preview":"max-image-preview:large","max-video-preview":"max-video-preview:-1"},"canonical":"https:\/\/www.librairieclavreuil.com\/en\/serres-olivier-de-le-theatre-dagriculture-et-mesnage-de-champs\/","og_locale":"en_US","og_type":"article","og_title":"SERRES Olivier de Le Th\u00e9\u00e2tre d'agriculture et mesnage de champs. - Libairie Clavreuil","og_description":"Folio (306 x 200 mm) 8 nn.ll. including engraved title-frontispiece by Malleri, 1004 pp., 10 nn.ll. 18th century marbled calf, spine gilt with raised bands, red edges (some expert restorations).","og_url":"https:\/\/www.librairieclavreuil.com\/en\/serres-olivier-de-le-theatre-dagriculture-et-mesnage-de-champs\/","og_site_name":"Libairie Clavreuil","article_modified_time":"2025-04-08T10:32:02+00:00","og_image":[{"width":622,"height":800,"url":"https:\/\/www.librairieclavreuil.com\/wp-content\/uploads\/2025\/04\/olivier-de-serres-le-theatre-d-agriculture-et-mesnage-de-champs-9498-67ebfb4b5d194.jpg","type":"image\/jpeg"}],"twitter_card":"summary_large_image","twitter_misc":{"Est. reading time":"5 minutes"},"schema":{"@context":"https:\/\/schema.org","@graph":[{"@type":"WebPage","@id":"https:\/\/www.librairieclavreuil.com\/en\/serres-olivier-de-le-theatre-dagriculture-et-mesnage-de-champs\/","url":"https:\/\/www.librairieclavreuil.com\/en\/serres-olivier-de-le-theatre-dagriculture-et-mesnage-de-champs\/","name":"SERRES Olivier de Le Th\u00e9\u00e2tre d'agriculture et mesnage de champs. - Libairie Clavreuil","isPartOf":{"@id":"https:\/\/www.librairieclavreuil.com\/#website"},"primaryImageOfPage":{"@id":"https:\/\/www.librairieclavreuil.com\/en\/serres-olivier-de-le-theatre-dagriculture-et-mesnage-de-champs\/#primaryimage"},"image":{"@id":"https:\/\/www.librairieclavreuil.com\/en\/serres-olivier-de-le-theatre-dagriculture-et-mesnage-de-champs\/#primaryimage"},"thumbnailUrl":"https:\/\/www.librairieclavreuil.com\/wp-content\/uploads\/2025\/04\/olivier-de-serres-le-theatre-d-agriculture-et-mesnage-de-champs-9498-67ebfb4b5d194.jpg","datePublished":"2025-04-03T13:34:44+00:00","dateModified":"2025-04-08T10:32:02+00:00","breadcrumb":{"@id":"https:\/\/www.librairieclavreuil.com\/en\/serres-olivier-de-le-theatre-dagriculture-et-mesnage-de-champs\/#breadcrumb"},"inLanguage":"en-US","potentialAction":[{"@type":"ReadAction","target":["https:\/\/www.librairieclavreuil.com\/en\/serres-olivier-de-le-theatre-dagriculture-et-mesnage-de-champs\/"]}]},{"@type":"ImageObject","inLanguage":"en-US","@id":"https:\/\/www.librairieclavreuil.com\/en\/serres-olivier-de-le-theatre-dagriculture-et-mesnage-de-champs\/#primaryimage","url":"https:\/\/www.librairieclavreuil.com\/wp-content\/uploads\/2025\/04\/olivier-de-serres-le-theatre-d-agriculture-et-mesnage-de-champs-9498-67ebfb4b5d194.jpg","contentUrl":"https:\/\/www.librairieclavreuil.com\/wp-content\/uploads\/2025\/04\/olivier-de-serres-le-theatre-d-agriculture-et-mesnage-de-champs-9498-67ebfb4b5d194.jpg","width":622,"height":800},{"@type":"BreadcrumbList","@id":"https:\/\/www.librairieclavreuil.com\/en\/serres-olivier-de-le-theatre-dagriculture-et-mesnage-de-champs\/#breadcrumb","itemListElement":[{"@type":"ListItem","position":1,"name":"Accueil","item":"https:\/\/www.librairieclavreuil.com\/"},{"@type":"ListItem","position":2,"name":"All our books","item":"https:\/\/www.librairieclavreuil.com\/en\/all-our-books\/"},{"@type":"ListItem","position":3,"name":"SERRES Olivier de Le Th\u00e9\u00e2tre d&rsquo;agriculture et mesnage..."}]},{"@type":"WebSite","@id":"https:\/\/www.librairieclavreuil.com\/#website","url":"https:\/\/www.librairieclavreuil.com\/","name":"Libairie Clavreuil","description":"Livres anciens, manuscrits rares et \u00e9ditions originales \u2013 Librairie Clavreuil","publisher":{"@id":"https:\/\/www.librairieclavreuil.com\/#organization"},"potentialAction":[{"@type":"SearchAction","target":{"@type":"EntryPoint","urlTemplate":"https:\/\/www.librairieclavreuil.com\/?s={search_term_string}"},"query-input":{"@type":"PropertyValueSpecification","valueRequired":true,"valueName":"search_term_string"}}],"inLanguage":"en-US"},{"@type":"Organization","@id":"https:\/\/www.librairieclavreuil.com\/#organization","name":"Libairie Clavreuil","url":"https:\/\/www.librairieclavreuil.com\/","logo":{"@type":"ImageObject","inLanguage":"en-US","@id":"https:\/\/www.librairieclavreuil.com\/#\/schema\/logo\/image\/","url":"https:\/\/www.librairieclavreuil.com\/wp-content\/uploads\/2021\/06\/cropped-LOGO_PNG_DATE-_gold-512x512-1.png","contentUrl":"https:\/\/www.librairieclavreuil.com\/wp-content\/uploads\/2021\/06\/cropped-LOGO_PNG_DATE-_gold-512x512-1.png","width":512,"height":512,"caption":"Libairie Clavreuil"},"image":{"@id":"https:\/\/www.librairieclavreuil.com\/#\/schema\/logo\/image\/"},"sameAs":["https:\/\/www.instagram.com\/librairieclavreuil\/"]}]}},"jetpack_sharing_enabled":true,"_links":{"self":[{"href":"https:\/\/www.librairieclavreuil.com\/en\/wp-json\/wp\/v2\/product\/85425","targetHints":{"allow":["GET"]}}],"collection":[{"href":"https:\/\/www.librairieclavreuil.com\/en\/wp-json\/wp\/v2\/product"}],"about":[{"href":"https:\/\/www.librairieclavreuil.com\/en\/wp-json\/wp\/v2\/types\/product"}],"replies":[{"embeddable":true,"href":"https:\/\/www.librairieclavreuil.com\/en\/wp-json\/wp\/v2\/comments?post=85425"}],"wp:featuredmedia":[{"embeddable":true,"href":"https:\/\/www.librairieclavreuil.com\/en\/wp-json\/wp\/v2\/media\/85416"}],"wp:attachment":[{"href":"https:\/\/www.librairieclavreuil.com\/en\/wp-json\/wp\/v2\/media?parent=85425"}],"wp:term":[{"taxonomy":"product_brand","embeddable":true,"href":"https:\/\/www.librairieclavreuil.com\/en\/wp-json\/wp\/v2\/product_brand?post=85425"},{"taxonomy":"product_cat","embeddable":true,"href":"https:\/\/www.librairieclavreuil.com\/en\/wp-json\/wp\/v2\/product_cat?post=85425"},{"taxonomy":"product_tag","embeddable":true,"href":"https:\/\/www.librairieclavreuil.com\/en\/wp-json\/wp\/v2\/product_tag?post=85425"}],"curies":[{"name":"wp","href":"https:\/\/api.w.org\/{rel}","templated":true}]}}