{"id":85407,"date":"2025-04-03T14:51:33","date_gmt":"2025-04-03T12:51:33","guid":{"rendered":"https:\/\/www.librairieclavreuil.com\/reaumur-rene-antoine-de-memoires-pour-servir-a-lhistoire-des-insectes\/"},"modified":"2025-04-08T12:26:21","modified_gmt":"2025-04-08T10:26:21","slug":"reaumur-rene-antoine-de-memoires-pour-servir-a-lhistoire-des-insectes","status":"publish","type":"product","link":"https:\/\/www.librairieclavreuil.com\/en\/reaumur-rene-antoine-de-memoires-pour-servir-a-lhistoire-des-insectes\/","title":{"rendered":"REAUMUR Ren\u00e9-Antoine de M\u00e9moires pour servir \u00e0 l&#8217;histoire..."},"content":{"rendered":"<p style=\"text-align:justify\"><i>DSB, XI, 327-335; Garrison &amp; Morton, 304; Sparrow, no. 192 &amp; p. 22; 1Heralds of Science, 192; Nissen ZBI, 3315; En fran\u00e7ais dans le texte, 145; Norman, 1804; Bodenheimer I, 415-448; Nordenski\u00f6ld 231-232.<\/i><\/p>\n<p style=\"text-align:justify\"><span style=\"font-variant:small-caps\">First edition of Reaumur&#8217;s greatest work &#8211; one of the great classics within the entomological literature and a work of fundamental importance in insect biology<\/span>.<\/p>\n<p style=\"text-align:justify\">It &#8220;is in fact one of the most monumental works written in this field of research. It offers a number of extremely valuable contributions to the knowledge of the anatomical structure of the insects, their evolutional history and condition of life&#8230;\u00bb(Nordenski\u00f6ld).<\/p>\n<p style=\"text-align:justify\">&#8220;D&#8217;observation en d\u00e9duction, d&#8217;hypoth\u00e8se en v\u00e9rification, s&#8217;\u00e9laborent un intense monument de science, une mani\u00e8re de r\u00eave po\u00e9tique \u00e0 rebond, et la palpitation de la vie se retrouve resitu\u00e9e \u00e0 travers la pr\u00e9cision d&#8217;un regard \u00e9perdument regardant qui donne \u00e0 voir, dans leur extr\u00eame singularit\u00e9, les m\u0153urs et coutumes insoup\u00e7onn\u00e9es des gu\u00eapes solitaires ou des libellules, des bourdons velus ou des chenilles processionnaires. Scrutateur de r\u00e8gnes minuscules, R\u00e9aumur n&#8217;ignore rien des empires se d\u00e9veloppant \u00e0 l&#8217;ombre des feuillages, \u00e0 fleur de terre, ou dans la transparence voil\u00e9e des eaux&#8221; (Yves Tadi\u00e9, in : En fran\u00e7ais dans le texte).<\/p>\n<p style=\"text-align:justify\">Reaumur was active in many branches of natural sciences. he invented improved methods of iron-refining and made important contributions to our knowledge of the expansion of gases and fluids and of specific heat. He is perhaps best known for his invention of the thermometer scale which bears his name. In 1710 he wrote a paper on the possibility of spiders being used to produce silk, which was so celebrated at the time that the Chinese Emperor caused a translation of it to be made.<\/p>\n<p style=\"text-align:justify\">He was the first scientist to suggest the use of wood as a material for papermaking by observing the habits of wasps, which insect may be considered a professional papermaker devoting most of her life to the fabrication of this material for the construction of nests. A true son of the Enlightenment he calls attention to the economic value of entomological research. Silk, wax, honey, lacquer, and conchineal are all valuable products of the insects. His friends often called Reaumur the Pliny of the Eighteenth Century &#8211; and T.H. Huxley says in a letter: &#8221; From the time of Aristotle to the present day I know of but one man who has shown himself Mr Darwin &#8216;s equal in one field of research &#8211; and that is Reaumur. &#8220;- &#8221; Bis auf den heutigen Tag besitzen wir kein Werk, das morphologische, \u00f6kologische und physiologische Probleme in gleicher Harmonic und auf solch breiter Grundlage behandelt. &#8221; (Bodenheimer).<\/p>\n<p style=\"text-align:justify\">&#8220;R\u00e9aumur was among the great naturalists of his or any age&#8230; R\u00e9aumur&#8217;s greatest work in natural history was his M\u00e9moires pour servir \u00e0 l&#8217;histoire des insectes, published in six volumes between 1734 and 1742&#8230; His descriptions were minute and exacting in every detail, and his experiments were among the most ingenious he ever contrived. R\u00e9aumur was one of the first to undertake extensive quantitative research on insects&#8230; He made some of the first tentative studies of communication among the bees. In short, there was no aspect of the life cycle or behaviour of bees too minute or too unimportant to escape his attention. he took every pain, every precaution to make his study as complete and exhaustive as possible. And so it was with the other insects he studied&#8221; (DSB). &#8220;R\u00e9aumur&#8217;s greatest work&#8221; (Garrison-Morton).<\/p>\n<p style=\"text-align:justify\">&#8220;R\u00e9aumur took pains to emphasize the practicality of insect studies as benefitting industries where insects were economically useful, such as the manufacture of silk, honey, wax, lacquer and cochineal dye, as well as those industries where the economically harmful depredations of insects could be lessened by improved methods of pest control&#8221; (Norman).<\/p>\n<p style=\"text-align:justify\">Very good copy, complete with its 267 engraved plates (by mistake plates 29-31 &amp; 35 of volume V have been bound into volume VI).<\/p>\n","protected":false},"excerpt":{"rendered":"<p style=\"text-align:justify\">6 volumes 4to (245 x 190 mm) 2 nn.ll., 654 pp., 1 nn.l. (avertissement), 50 engraved plates for volume I; 2 nn.ll., XLVI pp., 1 nn.l. (table), 514 pp., 1 nn.l. (avertissement), 40 engraved plates for volume II; 2 nn.ll., XL, 532 pp., 47 engraved plates for volume III; XXXIV, 1 nn.l., 636 pp., 44 engraved plates for volume IV; 2 nn.ll., XLIV, 728 pp., 38 engraved plates for volume V; 2 nn.ll., LXXX, 608 pp., 48 engraved plates for volume VI. Contemporary marbled calf, spine gilt with raised bands, red speckled edges.<\/p>\n","protected":false},"featured_media":85382,"comment_status":"open","ping_status":"closed","template":"","meta":{"_acf_changed":false},"product_brand":[],"product_cat":[540],"product_tag":[1345,1450,1349,1315,1340],"class_list":{"0":"post-85407","1":"product","2":"type-product","3":"status-publish","4":"has-post-thumbnail","6":"product_cat-natural-history","7":"product_tag-entomology","8":"product_tag-first-edition","9":"product_tag-general-zoology","10":"product_tag-science","11":"product_tag-zoology","12":"pa_auteur-reaumur-rene-antoine-de-2","13":"pa_type-de-livre-printed-book","15":"first","16":"instock","17":"shipping-taxable","18":"purchasable","19":"product-type-simple"},"acf":{"artist":" Ren\u00e9-Antoine de REAUMUR","chapeau":"","adresse_bibliographique":"Paris, Imprimerie Royale, 1734-1742","book_type":"Printed book","provenance":"","afficher_prix":""},"yoast_head":"<!-- This site is optimized with the Yoast SEO plugin v24.7 - https:\/\/yoast.com\/wordpress\/plugins\/seo\/ -->\n<title>REAUMUR Ren\u00e9-Antoine de M\u00e9moires pour servir \u00e0 l&#039;histoire des insectes. - Libairie Clavreuil<\/title>\n<meta name=\"robots\" content=\"index, follow, max-snippet:-1, max-image-preview:large, max-video-preview:-1\" \/>\n<link rel=\"canonical\" href=\"https:\/\/www.librairieclavreuil.com\/en\/reaumur-rene-antoine-de-memoires-pour-servir-a-lhistoire-des-insectes\/\" \/>\n<meta property=\"og:locale\" content=\"en_US\" \/>\n<meta property=\"og:type\" content=\"article\" \/>\n<meta property=\"og:title\" content=\"REAUMUR Ren\u00e9-Antoine de M\u00e9moires pour servir \u00e0 l&#039;histoire des insectes. - Libairie Clavreuil\" \/>\n<meta property=\"og:description\" content=\"6 volumes 4to (245 x 190 mm) 2 nn.ll., 654 pp., 1 nn.l. (avertissement), 50 engraved plates for volume I; 2 nn.ll., XLVI pp., 1 nn.l. (table), 514 pp., 1 nn.l. (avertissement), 40 engraved plates for volume II; 2 nn.ll., XL, 532 pp., 47 engraved plates for volume III; XXXIV, 1 nn.l., 636 pp., 44 engraved plates for volume IV; 2 nn.ll., XLIV, 728 pp., 38 engraved plates for volume V; 2 nn.ll., LXXX, 608 pp., 48 engraved plates for volume VI. Contemporary marbled calf, spine gilt with raised bands, red speckled edges.\" \/>\n<meta property=\"og:url\" content=\"https:\/\/www.librairieclavreuil.com\/en\/reaumur-rene-antoine-de-memoires-pour-servir-a-lhistoire-des-insectes\/\" \/>\n<meta property=\"og:site_name\" content=\"Libairie Clavreuil\" \/>\n<meta property=\"article:modified_time\" content=\"2025-04-08T10:26:21+00:00\" \/>\n<meta property=\"og:image\" content=\"https:\/\/www.librairieclavreuil.com\/wp-content\/uploads\/2025\/04\/rene-antoine-de-reaumur-memoires-pour-servir-a-l-histoire-des-insectes-7684-67ebfae6ba05b.jpg\" \/>\n\t<meta property=\"og:image:width\" content=\"622\" \/>\n\t<meta property=\"og:image:height\" content=\"800\" \/>\n\t<meta property=\"og:image:type\" content=\"image\/jpeg\" \/>\n<meta name=\"twitter:card\" content=\"summary_large_image\" \/>\n<meta name=\"twitter:label1\" content=\"Est. reading time\" \/>\n\t<meta name=\"twitter:data1\" content=\"3 minutes\" \/>\n<script type=\"application\/ld+json\" class=\"yoast-schema-graph\">{\"@context\":\"https:\/\/schema.org\",\"@graph\":[{\"@type\":\"WebPage\",\"@id\":\"https:\/\/www.librairieclavreuil.com\/en\/reaumur-rene-antoine-de-memoires-pour-servir-a-lhistoire-des-insectes\/\",\"url\":\"https:\/\/www.librairieclavreuil.com\/en\/reaumur-rene-antoine-de-memoires-pour-servir-a-lhistoire-des-insectes\/\",\"name\":\"REAUMUR Ren\u00e9-Antoine de M\u00e9moires pour servir \u00e0 l'histoire des insectes. - Libairie Clavreuil\",\"isPartOf\":{\"@id\":\"https:\/\/www.librairieclavreuil.com\/#website\"},\"primaryImageOfPage\":{\"@id\":\"https:\/\/www.librairieclavreuil.com\/en\/reaumur-rene-antoine-de-memoires-pour-servir-a-lhistoire-des-insectes\/#primaryimage\"},\"image\":{\"@id\":\"https:\/\/www.librairieclavreuil.com\/en\/reaumur-rene-antoine-de-memoires-pour-servir-a-lhistoire-des-insectes\/#primaryimage\"},\"thumbnailUrl\":\"https:\/\/www.librairieclavreuil.com\/wp-content\/uploads\/2025\/04\/rene-antoine-de-reaumur-memoires-pour-servir-a-l-histoire-des-insectes-7684-67ebfae6ba05b.jpg\",\"datePublished\":\"2025-04-03T12:51:33+00:00\",\"dateModified\":\"2025-04-08T10:26:21+00:00\",\"breadcrumb\":{\"@id\":\"https:\/\/www.librairieclavreuil.com\/en\/reaumur-rene-antoine-de-memoires-pour-servir-a-lhistoire-des-insectes\/#breadcrumb\"},\"inLanguage\":\"en-US\",\"potentialAction\":[{\"@type\":\"ReadAction\",\"target\":[\"https:\/\/www.librairieclavreuil.com\/en\/reaumur-rene-antoine-de-memoires-pour-servir-a-lhistoire-des-insectes\/\"]}]},{\"@type\":\"ImageObject\",\"inLanguage\":\"en-US\",\"@id\":\"https:\/\/www.librairieclavreuil.com\/en\/reaumur-rene-antoine-de-memoires-pour-servir-a-lhistoire-des-insectes\/#primaryimage\",\"url\":\"https:\/\/www.librairieclavreuil.com\/wp-content\/uploads\/2025\/04\/rene-antoine-de-reaumur-memoires-pour-servir-a-l-histoire-des-insectes-7684-67ebfae6ba05b.jpg\",\"contentUrl\":\"https:\/\/www.librairieclavreuil.com\/wp-content\/uploads\/2025\/04\/rene-antoine-de-reaumur-memoires-pour-servir-a-l-histoire-des-insectes-7684-67ebfae6ba05b.jpg\",\"width\":622,\"height\":800},{\"@type\":\"BreadcrumbList\",\"@id\":\"https:\/\/www.librairieclavreuil.com\/en\/reaumur-rene-antoine-de-memoires-pour-servir-a-lhistoire-des-insectes\/#breadcrumb\",\"itemListElement\":[{\"@type\":\"ListItem\",\"position\":1,\"name\":\"Accueil\",\"item\":\"https:\/\/www.librairieclavreuil.com\/\"},{\"@type\":\"ListItem\",\"position\":2,\"name\":\"All our books\",\"item\":\"https:\/\/www.librairieclavreuil.com\/en\/all-our-books\/\"},{\"@type\":\"ListItem\",\"position\":3,\"name\":\"REAUMUR Ren\u00e9-Antoine de M\u00e9moires pour servir \u00e0 l&rsquo;histoire...\"}]},{\"@type\":\"WebSite\",\"@id\":\"https:\/\/www.librairieclavreuil.com\/#website\",\"url\":\"https:\/\/www.librairieclavreuil.com\/\",\"name\":\"Libairie Clavreuil\",\"description\":\"Livres anciens, manuscrits rares et \u00e9ditions originales \u2013 Librairie Clavreuil\",\"publisher\":{\"@id\":\"https:\/\/www.librairieclavreuil.com\/#organization\"},\"potentialAction\":[{\"@type\":\"SearchAction\",\"target\":{\"@type\":\"EntryPoint\",\"urlTemplate\":\"https:\/\/www.librairieclavreuil.com\/?s={search_term_string}\"},\"query-input\":{\"@type\":\"PropertyValueSpecification\",\"valueRequired\":true,\"valueName\":\"search_term_string\"}}],\"inLanguage\":\"en-US\"},{\"@type\":\"Organization\",\"@id\":\"https:\/\/www.librairieclavreuil.com\/#organization\",\"name\":\"Libairie Clavreuil\",\"url\":\"https:\/\/www.librairieclavreuil.com\/\",\"logo\":{\"@type\":\"ImageObject\",\"inLanguage\":\"en-US\",\"@id\":\"https:\/\/www.librairieclavreuil.com\/#\/schema\/logo\/image\/\",\"url\":\"https:\/\/www.librairieclavreuil.com\/wp-content\/uploads\/2021\/06\/cropped-LOGO_PNG_DATE-_gold-512x512-1.png\",\"contentUrl\":\"https:\/\/www.librairieclavreuil.com\/wp-content\/uploads\/2021\/06\/cropped-LOGO_PNG_DATE-_gold-512x512-1.png\",\"width\":512,\"height\":512,\"caption\":\"Libairie Clavreuil\"},\"image\":{\"@id\":\"https:\/\/www.librairieclavreuil.com\/#\/schema\/logo\/image\/\"},\"sameAs\":[\"https:\/\/www.instagram.com\/librairieclavreuil\/\"]}]}<\/script>\n<!-- \/ Yoast SEO plugin. -->","yoast_head_json":{"title":"REAUMUR Ren\u00e9-Antoine de M\u00e9moires pour servir \u00e0 l'histoire des insectes. - Libairie Clavreuil","robots":{"index":"index","follow":"follow","max-snippet":"max-snippet:-1","max-image-preview":"max-image-preview:large","max-video-preview":"max-video-preview:-1"},"canonical":"https:\/\/www.librairieclavreuil.com\/en\/reaumur-rene-antoine-de-memoires-pour-servir-a-lhistoire-des-insectes\/","og_locale":"en_US","og_type":"article","og_title":"REAUMUR Ren\u00e9-Antoine de M\u00e9moires pour servir \u00e0 l'histoire des insectes. - Libairie Clavreuil","og_description":"6 volumes 4to (245 x 190 mm) 2 nn.ll., 654 pp., 1 nn.l. (avertissement), 50 engraved plates for volume I; 2 nn.ll., XLVI pp., 1 nn.l. (table), 514 pp., 1 nn.l. (avertissement), 40 engraved plates for volume II; 2 nn.ll., XL, 532 pp., 47 engraved plates for volume III; XXXIV, 1 nn.l., 636 pp., 44 engraved plates for volume IV; 2 nn.ll., XLIV, 728 pp., 38 engraved plates for volume V; 2 nn.ll., LXXX, 608 pp., 48 engraved plates for volume VI. Contemporary marbled calf, spine gilt with raised bands, red speckled edges.","og_url":"https:\/\/www.librairieclavreuil.com\/en\/reaumur-rene-antoine-de-memoires-pour-servir-a-lhistoire-des-insectes\/","og_site_name":"Libairie Clavreuil","article_modified_time":"2025-04-08T10:26:21+00:00","og_image":[{"width":622,"height":800,"url":"https:\/\/www.librairieclavreuil.com\/wp-content\/uploads\/2025\/04\/rene-antoine-de-reaumur-memoires-pour-servir-a-l-histoire-des-insectes-7684-67ebfae6ba05b.jpg","type":"image\/jpeg"}],"twitter_card":"summary_large_image","twitter_misc":{"Est. reading time":"3 minutes"},"schema":{"@context":"https:\/\/schema.org","@graph":[{"@type":"WebPage","@id":"https:\/\/www.librairieclavreuil.com\/en\/reaumur-rene-antoine-de-memoires-pour-servir-a-lhistoire-des-insectes\/","url":"https:\/\/www.librairieclavreuil.com\/en\/reaumur-rene-antoine-de-memoires-pour-servir-a-lhistoire-des-insectes\/","name":"REAUMUR Ren\u00e9-Antoine de M\u00e9moires pour servir \u00e0 l'histoire des insectes. - Libairie Clavreuil","isPartOf":{"@id":"https:\/\/www.librairieclavreuil.com\/#website"},"primaryImageOfPage":{"@id":"https:\/\/www.librairieclavreuil.com\/en\/reaumur-rene-antoine-de-memoires-pour-servir-a-lhistoire-des-insectes\/#primaryimage"},"image":{"@id":"https:\/\/www.librairieclavreuil.com\/en\/reaumur-rene-antoine-de-memoires-pour-servir-a-lhistoire-des-insectes\/#primaryimage"},"thumbnailUrl":"https:\/\/www.librairieclavreuil.com\/wp-content\/uploads\/2025\/04\/rene-antoine-de-reaumur-memoires-pour-servir-a-l-histoire-des-insectes-7684-67ebfae6ba05b.jpg","datePublished":"2025-04-03T12:51:33+00:00","dateModified":"2025-04-08T10:26:21+00:00","breadcrumb":{"@id":"https:\/\/www.librairieclavreuil.com\/en\/reaumur-rene-antoine-de-memoires-pour-servir-a-lhistoire-des-insectes\/#breadcrumb"},"inLanguage":"en-US","potentialAction":[{"@type":"ReadAction","target":["https:\/\/www.librairieclavreuil.com\/en\/reaumur-rene-antoine-de-memoires-pour-servir-a-lhistoire-des-insectes\/"]}]},{"@type":"ImageObject","inLanguage":"en-US","@id":"https:\/\/www.librairieclavreuil.com\/en\/reaumur-rene-antoine-de-memoires-pour-servir-a-lhistoire-des-insectes\/#primaryimage","url":"https:\/\/www.librairieclavreuil.com\/wp-content\/uploads\/2025\/04\/rene-antoine-de-reaumur-memoires-pour-servir-a-l-histoire-des-insectes-7684-67ebfae6ba05b.jpg","contentUrl":"https:\/\/www.librairieclavreuil.com\/wp-content\/uploads\/2025\/04\/rene-antoine-de-reaumur-memoires-pour-servir-a-l-histoire-des-insectes-7684-67ebfae6ba05b.jpg","width":622,"height":800},{"@type":"BreadcrumbList","@id":"https:\/\/www.librairieclavreuil.com\/en\/reaumur-rene-antoine-de-memoires-pour-servir-a-lhistoire-des-insectes\/#breadcrumb","itemListElement":[{"@type":"ListItem","position":1,"name":"Accueil","item":"https:\/\/www.librairieclavreuil.com\/"},{"@type":"ListItem","position":2,"name":"All our books","item":"https:\/\/www.librairieclavreuil.com\/en\/all-our-books\/"},{"@type":"ListItem","position":3,"name":"REAUMUR Ren\u00e9-Antoine de M\u00e9moires pour servir \u00e0 l&rsquo;histoire..."}]},{"@type":"WebSite","@id":"https:\/\/www.librairieclavreuil.com\/#website","url":"https:\/\/www.librairieclavreuil.com\/","name":"Libairie Clavreuil","description":"Livres anciens, manuscrits rares et \u00e9ditions originales \u2013 Librairie Clavreuil","publisher":{"@id":"https:\/\/www.librairieclavreuil.com\/#organization"},"potentialAction":[{"@type":"SearchAction","target":{"@type":"EntryPoint","urlTemplate":"https:\/\/www.librairieclavreuil.com\/?s={search_term_string}"},"query-input":{"@type":"PropertyValueSpecification","valueRequired":true,"valueName":"search_term_string"}}],"inLanguage":"en-US"},{"@type":"Organization","@id":"https:\/\/www.librairieclavreuil.com\/#organization","name":"Libairie Clavreuil","url":"https:\/\/www.librairieclavreuil.com\/","logo":{"@type":"ImageObject","inLanguage":"en-US","@id":"https:\/\/www.librairieclavreuil.com\/#\/schema\/logo\/image\/","url":"https:\/\/www.librairieclavreuil.com\/wp-content\/uploads\/2021\/06\/cropped-LOGO_PNG_DATE-_gold-512x512-1.png","contentUrl":"https:\/\/www.librairieclavreuil.com\/wp-content\/uploads\/2021\/06\/cropped-LOGO_PNG_DATE-_gold-512x512-1.png","width":512,"height":512,"caption":"Libairie Clavreuil"},"image":{"@id":"https:\/\/www.librairieclavreuil.com\/#\/schema\/logo\/image\/"},"sameAs":["https:\/\/www.instagram.com\/librairieclavreuil\/"]}]}},"jetpack_sharing_enabled":true,"_links":{"self":[{"href":"https:\/\/www.librairieclavreuil.com\/en\/wp-json\/wp\/v2\/product\/85407","targetHints":{"allow":["GET"]}}],"collection":[{"href":"https:\/\/www.librairieclavreuil.com\/en\/wp-json\/wp\/v2\/product"}],"about":[{"href":"https:\/\/www.librairieclavreuil.com\/en\/wp-json\/wp\/v2\/types\/product"}],"replies":[{"embeddable":true,"href":"https:\/\/www.librairieclavreuil.com\/en\/wp-json\/wp\/v2\/comments?post=85407"}],"wp:featuredmedia":[{"embeddable":true,"href":"https:\/\/www.librairieclavreuil.com\/en\/wp-json\/wp\/v2\/media\/85382"}],"wp:attachment":[{"href":"https:\/\/www.librairieclavreuil.com\/en\/wp-json\/wp\/v2\/media?parent=85407"}],"wp:term":[{"taxonomy":"product_brand","embeddable":true,"href":"https:\/\/www.librairieclavreuil.com\/en\/wp-json\/wp\/v2\/product_brand?post=85407"},{"taxonomy":"product_cat","embeddable":true,"href":"https:\/\/www.librairieclavreuil.com\/en\/wp-json\/wp\/v2\/product_cat?post=85407"},{"taxonomy":"product_tag","embeddable":true,"href":"https:\/\/www.librairieclavreuil.com\/en\/wp-json\/wp\/v2\/product_tag?post=85407"}],"curies":[{"name":"wp","href":"https:\/\/api.w.org\/{rel}","templated":true}]}}