{"id":85353,"date":"2025-04-03T14:50:36","date_gmt":"2025-04-03T12:50:36","guid":{"rendered":"https:\/\/www.librairieclavreuil.com\/raveneau-de-lussan-journal-du-voyage-fait-a-la-mer-de-sud-avec-les-flibustiers-de-lamerique-en-1684-annees-suivantes\/"},"modified":"2025-04-03T14:50:39","modified_gmt":"2025-04-03T12:50:39","slug":"raveneau-de-lussan-journal-du-voyage-fait-a-la-mer-de-sud-avec-les-flibustiers-de-lamerique-en-1684-annees-suivantes","status":"publish","type":"product","link":"https:\/\/www.librairieclavreuil.com\/en\/raveneau-de-lussan-journal-du-voyage-fait-a-la-mer-de-sud-avec-les-flibustiers-de-lamerique-en-1684-annees-suivantes\/","title":{"rendered":"RAVENEAU DE LUSSAN Journal du voyage fait \u00e0..."},"content":{"rendered":"<p style=\"text-align:justify\"><i>Alden &amp; Landis 689\/152; Leclerc, Bibliotheca Americana, 487 (&#8216;Cette relation, qui est ins\u00e9r\u00e9e toute enti\u00e8re dans le troisi\u00e8me volume de l\u2019histoire des flibustiers, est la meilleure relation de toutes celles qui sont entr\u00e9es dans cet ouvrage&#8217;); Howgego, Encyclopedia of Exploration to 1800 I, p. 654; Sabin 67983; Soultrait XVIIe si\u00e8cle, 276.<\/i><\/p>\n<p>First edition of this account of a buccaneer&#8217;s adventure in America.<\/p>\n<p>The dedication copy to King Louis XIV.<\/p>\n<p>Embarked at the age of twenty-two (?) in Dieppe for Saint-Domingue, Raveneau de Lussan stayed there for three years and &#8220;r\u00e9joignit une bande de flibustiers dans le but d&#8217;honorer les dettes qu&#8217;il avait contract\u00e9s. Parti le 22 novembre 1684, l&#8217;exp\u00e9dition dura jusqu&#8217;en f\u00e9vrier 1686; l&#8217;auteur ne nous \u00e9pargne aucun combat, ni aucun pillage et nous livre toutes les violences commises par les piartes, dont la vie est d\u00e9peinte de mani\u00e8re tr\u00e8s r\u00e9aliste. Raveanu de Lussan d\u00e9crit aussi les sites, les animaux, les plantes, les m\u0153urs des Indiens. L&#8217;ouvrage concerne essentiellement Cuba, le Chili, le Chili, le P\u00e9rou, l&#8217;Am\u00e9rique central et le Mexique&#8230; Selon Gilbert Chinard, Daniel Defoe aurait d&#8217;ailleurs puis\u00e9 dans ce journal quelques inspirations pour la premi\u00e8re partie de son Robinson Crusoe&#8221; (Soultrait).<\/p>\n<p>A precious copy bound for the king and bearing his arms.<\/p>\n<p>Minor spotting, paper faults on pp. 123\/124 without missing text.<\/p>\n<p>Provenance: Edouard Rahir (ex-libris, his sale, Paris 5-7 May 1936, lot 1152) &#8211; Pierre Ber\u00e8s (catalogue 64 \/ 266) &#8211; Jean A. Bonna ( bookplate).<\/p>\n","protected":false},"excerpt":{"rendered":"<p>12mo (164 x 90 mm) de 8 unn.l., 448 pp., 2 unn.l.Red morocco, triple gilt fillet framing the covers, central royal coat of arms on the covers, spine with raised bands, gilt caissons, gilt edges&nbsp;<i>(contemporary binding<\/i>).<\/p>\n","protected":false},"featured_media":85348,"comment_status":"open","ping_status":"closed","template":"","meta":{"_acf_changed":false},"product_brand":[],"product_cat":[530],"product_tag":[1270,1267,1380,1362,620],"class_list":{"0":"post-85353","1":"product","2":"type-product","3":"status-publish","4":"has-post-thumbnail","6":"product_cat-binding","7":"product_tag-armoured","8":"product_tag-binding","9":"product_tag-general-south-america","10":"product_tag-north-america","11":"product_tag-travel","12":"pa_auteur-raveneau-de-lussan-2","13":"pa_type-de-livre-printed-book","15":"first","16":"outofstock","17":"shipping-taxable","18":"purchasable","19":"product-type-simple"},"acf":{"artist":"RAVENEAU DE LUSSAN","chapeau":"","adresse_bibliographique":"Paris, Jean Baptiste Coignard, 1689","book_type":"Printed book","provenance":"","afficher_prix":""},"yoast_head":"<!-- This site is optimized with the Yoast SEO plugin v24.7 - https:\/\/yoast.com\/wordpress\/plugins\/seo\/ -->\n<title>RAVENEAU DE LUSSAN  Journal du voyage fait \u00e0 la mer de Sud, avec les flibustiers de l&#039;Am\u00e9rique en 1684, &amp; ann\u00e9es suivantes. - Libairie Clavreuil<\/title>\n<meta name=\"robots\" content=\"index, follow, max-snippet:-1, max-image-preview:large, max-video-preview:-1\" \/>\n<link rel=\"canonical\" href=\"https:\/\/www.librairieclavreuil.com\/en\/raveneau-de-lussan-journal-du-voyage-fait-a-la-mer-de-sud-avec-les-flibustiers-de-lamerique-en-1684-annees-suivantes\/\" \/>\n<meta property=\"og:locale\" content=\"en_US\" \/>\n<meta property=\"og:type\" content=\"article\" \/>\n<meta property=\"og:title\" content=\"RAVENEAU DE LUSSAN  Journal du voyage fait \u00e0 la mer de Sud, avec les flibustiers de l&#039;Am\u00e9rique en 1684, &amp; ann\u00e9es suivantes. - Libairie Clavreuil\" \/>\n<meta property=\"og:description\" content=\"12mo (164 x 90 mm) de 8 unn.l., 448 pp., 2 unn.l.Red morocco, triple gilt fillet framing the covers, central royal coat of arms on the covers, spine with raised bands, gilt caissons, gilt edges&nbsp;(contemporary binding).\" \/>\n<meta property=\"og:url\" content=\"https:\/\/www.librairieclavreuil.com\/en\/raveneau-de-lussan-journal-du-voyage-fait-a-la-mer-de-sud-avec-les-flibustiers-de-lamerique-en-1684-annees-suivantes\/\" \/>\n<meta property=\"og:site_name\" content=\"Libairie Clavreuil\" \/>\n<meta property=\"article:modified_time\" content=\"2025-04-03T12:50:39+00:00\" \/>\n<meta property=\"og:image\" content=\"https:\/\/www.librairieclavreuil.com\/wp-content\/uploads\/2025\/04\/raveneau-de-lussan-journal-du-voyage-fait-a-la-mer-de-sud-avec-les-flibustiers-de-l-amerique-en-1684-annees-suivantes-9321-661907f1c1009.jpg\" \/>\n\t<meta property=\"og:image:width\" content=\"534\" \/>\n\t<meta property=\"og:image:height\" content=\"800\" \/>\n\t<meta property=\"og:image:type\" content=\"image\/jpeg\" \/>\n<meta name=\"twitter:card\" content=\"summary_large_image\" \/>\n<meta name=\"twitter:label1\" content=\"Est. reading time\" \/>\n\t<meta name=\"twitter:data1\" content=\"1 minute\" \/>\n<script type=\"application\/ld+json\" class=\"yoast-schema-graph\">{\"@context\":\"https:\/\/schema.org\",\"@graph\":[{\"@type\":\"WebPage\",\"@id\":\"https:\/\/www.librairieclavreuil.com\/en\/raveneau-de-lussan-journal-du-voyage-fait-a-la-mer-de-sud-avec-les-flibustiers-de-lamerique-en-1684-annees-suivantes\/\",\"url\":\"https:\/\/www.librairieclavreuil.com\/en\/raveneau-de-lussan-journal-du-voyage-fait-a-la-mer-de-sud-avec-les-flibustiers-de-lamerique-en-1684-annees-suivantes\/\",\"name\":\"RAVENEAU DE LUSSAN Journal du voyage fait \u00e0 la mer de Sud, avec les flibustiers de l'Am\u00e9rique en 1684, &amp; ann\u00e9es suivantes. - Libairie Clavreuil\",\"isPartOf\":{\"@id\":\"https:\/\/www.librairieclavreuil.com\/#website\"},\"primaryImageOfPage\":{\"@id\":\"https:\/\/www.librairieclavreuil.com\/en\/raveneau-de-lussan-journal-du-voyage-fait-a-la-mer-de-sud-avec-les-flibustiers-de-lamerique-en-1684-annees-suivantes\/#primaryimage\"},\"image\":{\"@id\":\"https:\/\/www.librairieclavreuil.com\/en\/raveneau-de-lussan-journal-du-voyage-fait-a-la-mer-de-sud-avec-les-flibustiers-de-lamerique-en-1684-annees-suivantes\/#primaryimage\"},\"thumbnailUrl\":\"https:\/\/www.librairieclavreuil.com\/wp-content\/uploads\/2025\/04\/raveneau-de-lussan-journal-du-voyage-fait-a-la-mer-de-sud-avec-les-flibustiers-de-l-amerique-en-1684-annees-suivantes-9321-661907f1c1009.jpg\",\"datePublished\":\"2025-04-03T12:50:36+00:00\",\"dateModified\":\"2025-04-03T12:50:39+00:00\",\"breadcrumb\":{\"@id\":\"https:\/\/www.librairieclavreuil.com\/en\/raveneau-de-lussan-journal-du-voyage-fait-a-la-mer-de-sud-avec-les-flibustiers-de-lamerique-en-1684-annees-suivantes\/#breadcrumb\"},\"inLanguage\":\"en-US\",\"potentialAction\":[{\"@type\":\"ReadAction\",\"target\":[\"https:\/\/www.librairieclavreuil.com\/en\/raveneau-de-lussan-journal-du-voyage-fait-a-la-mer-de-sud-avec-les-flibustiers-de-lamerique-en-1684-annees-suivantes\/\"]}]},{\"@type\":\"ImageObject\",\"inLanguage\":\"en-US\",\"@id\":\"https:\/\/www.librairieclavreuil.com\/en\/raveneau-de-lussan-journal-du-voyage-fait-a-la-mer-de-sud-avec-les-flibustiers-de-lamerique-en-1684-annees-suivantes\/#primaryimage\",\"url\":\"https:\/\/www.librairieclavreuil.com\/wp-content\/uploads\/2025\/04\/raveneau-de-lussan-journal-du-voyage-fait-a-la-mer-de-sud-avec-les-flibustiers-de-l-amerique-en-1684-annees-suivantes-9321-661907f1c1009.jpg\",\"contentUrl\":\"https:\/\/www.librairieclavreuil.com\/wp-content\/uploads\/2025\/04\/raveneau-de-lussan-journal-du-voyage-fait-a-la-mer-de-sud-avec-les-flibustiers-de-l-amerique-en-1684-annees-suivantes-9321-661907f1c1009.jpg\",\"width\":534,\"height\":800},{\"@type\":\"BreadcrumbList\",\"@id\":\"https:\/\/www.librairieclavreuil.com\/en\/raveneau-de-lussan-journal-du-voyage-fait-a-la-mer-de-sud-avec-les-flibustiers-de-lamerique-en-1684-annees-suivantes\/#breadcrumb\",\"itemListElement\":[{\"@type\":\"ListItem\",\"position\":1,\"name\":\"Accueil\",\"item\":\"https:\/\/www.librairieclavreuil.com\/\"},{\"@type\":\"ListItem\",\"position\":2,\"name\":\"All our books\",\"item\":\"https:\/\/www.librairieclavreuil.com\/en\/all-our-books\/\"},{\"@type\":\"ListItem\",\"position\":3,\"name\":\"RAVENEAU DE LUSSAN Journal du voyage fait \u00e0...\"}]},{\"@type\":\"WebSite\",\"@id\":\"https:\/\/www.librairieclavreuil.com\/#website\",\"url\":\"https:\/\/www.librairieclavreuil.com\/\",\"name\":\"Libairie Clavreuil\",\"description\":\"Livres anciens, manuscrits rares et \u00e9ditions originales \u2013 Librairie Clavreuil\",\"publisher\":{\"@id\":\"https:\/\/www.librairieclavreuil.com\/#organization\"},\"potentialAction\":[{\"@type\":\"SearchAction\",\"target\":{\"@type\":\"EntryPoint\",\"urlTemplate\":\"https:\/\/www.librairieclavreuil.com\/?s={search_term_string}\"},\"query-input\":{\"@type\":\"PropertyValueSpecification\",\"valueRequired\":true,\"valueName\":\"search_term_string\"}}],\"inLanguage\":\"en-US\"},{\"@type\":\"Organization\",\"@id\":\"https:\/\/www.librairieclavreuil.com\/#organization\",\"name\":\"Libairie Clavreuil\",\"url\":\"https:\/\/www.librairieclavreuil.com\/\",\"logo\":{\"@type\":\"ImageObject\",\"inLanguage\":\"en-US\",\"@id\":\"https:\/\/www.librairieclavreuil.com\/#\/schema\/logo\/image\/\",\"url\":\"https:\/\/www.librairieclavreuil.com\/wp-content\/uploads\/2021\/06\/cropped-LOGO_PNG_DATE-_gold-512x512-1.png\",\"contentUrl\":\"https:\/\/www.librairieclavreuil.com\/wp-content\/uploads\/2021\/06\/cropped-LOGO_PNG_DATE-_gold-512x512-1.png\",\"width\":512,\"height\":512,\"caption\":\"Libairie Clavreuil\"},\"image\":{\"@id\":\"https:\/\/www.librairieclavreuil.com\/#\/schema\/logo\/image\/\"},\"sameAs\":[\"https:\/\/www.instagram.com\/librairieclavreuil\/\"]}]}<\/script>\n<!-- \/ Yoast SEO plugin. -->","yoast_head_json":{"title":"RAVENEAU DE LUSSAN  Journal du voyage fait \u00e0 la mer de Sud, avec les flibustiers de l'Am\u00e9rique en 1684, &amp; ann\u00e9es suivantes. - Libairie Clavreuil","robots":{"index":"index","follow":"follow","max-snippet":"max-snippet:-1","max-image-preview":"max-image-preview:large","max-video-preview":"max-video-preview:-1"},"canonical":"https:\/\/www.librairieclavreuil.com\/en\/raveneau-de-lussan-journal-du-voyage-fait-a-la-mer-de-sud-avec-les-flibustiers-de-lamerique-en-1684-annees-suivantes\/","og_locale":"en_US","og_type":"article","og_title":"RAVENEAU DE LUSSAN  Journal du voyage fait \u00e0 la mer de Sud, avec les flibustiers de l'Am\u00e9rique en 1684, &amp; ann\u00e9es suivantes. - Libairie Clavreuil","og_description":"12mo (164 x 90 mm) de 8 unn.l., 448 pp., 2 unn.l.Red morocco, triple gilt fillet framing the covers, central royal coat of arms on the covers, spine with raised bands, gilt caissons, gilt edges&nbsp;(contemporary binding).","og_url":"https:\/\/www.librairieclavreuil.com\/en\/raveneau-de-lussan-journal-du-voyage-fait-a-la-mer-de-sud-avec-les-flibustiers-de-lamerique-en-1684-annees-suivantes\/","og_site_name":"Libairie Clavreuil","article_modified_time":"2025-04-03T12:50:39+00:00","og_image":[{"width":534,"height":800,"url":"https:\/\/www.librairieclavreuil.com\/wp-content\/uploads\/2025\/04\/raveneau-de-lussan-journal-du-voyage-fait-a-la-mer-de-sud-avec-les-flibustiers-de-l-amerique-en-1684-annees-suivantes-9321-661907f1c1009.jpg","type":"image\/jpeg"}],"twitter_card":"summary_large_image","twitter_misc":{"Est. reading time":"1 minute"},"schema":{"@context":"https:\/\/schema.org","@graph":[{"@type":"WebPage","@id":"https:\/\/www.librairieclavreuil.com\/en\/raveneau-de-lussan-journal-du-voyage-fait-a-la-mer-de-sud-avec-les-flibustiers-de-lamerique-en-1684-annees-suivantes\/","url":"https:\/\/www.librairieclavreuil.com\/en\/raveneau-de-lussan-journal-du-voyage-fait-a-la-mer-de-sud-avec-les-flibustiers-de-lamerique-en-1684-annees-suivantes\/","name":"RAVENEAU DE LUSSAN Journal du voyage fait \u00e0 la mer de Sud, avec les flibustiers de l'Am\u00e9rique en 1684, &amp; ann\u00e9es suivantes. - Libairie Clavreuil","isPartOf":{"@id":"https:\/\/www.librairieclavreuil.com\/#website"},"primaryImageOfPage":{"@id":"https:\/\/www.librairieclavreuil.com\/en\/raveneau-de-lussan-journal-du-voyage-fait-a-la-mer-de-sud-avec-les-flibustiers-de-lamerique-en-1684-annees-suivantes\/#primaryimage"},"image":{"@id":"https:\/\/www.librairieclavreuil.com\/en\/raveneau-de-lussan-journal-du-voyage-fait-a-la-mer-de-sud-avec-les-flibustiers-de-lamerique-en-1684-annees-suivantes\/#primaryimage"},"thumbnailUrl":"https:\/\/www.librairieclavreuil.com\/wp-content\/uploads\/2025\/04\/raveneau-de-lussan-journal-du-voyage-fait-a-la-mer-de-sud-avec-les-flibustiers-de-l-amerique-en-1684-annees-suivantes-9321-661907f1c1009.jpg","datePublished":"2025-04-03T12:50:36+00:00","dateModified":"2025-04-03T12:50:39+00:00","breadcrumb":{"@id":"https:\/\/www.librairieclavreuil.com\/en\/raveneau-de-lussan-journal-du-voyage-fait-a-la-mer-de-sud-avec-les-flibustiers-de-lamerique-en-1684-annees-suivantes\/#breadcrumb"},"inLanguage":"en-US","potentialAction":[{"@type":"ReadAction","target":["https:\/\/www.librairieclavreuil.com\/en\/raveneau-de-lussan-journal-du-voyage-fait-a-la-mer-de-sud-avec-les-flibustiers-de-lamerique-en-1684-annees-suivantes\/"]}]},{"@type":"ImageObject","inLanguage":"en-US","@id":"https:\/\/www.librairieclavreuil.com\/en\/raveneau-de-lussan-journal-du-voyage-fait-a-la-mer-de-sud-avec-les-flibustiers-de-lamerique-en-1684-annees-suivantes\/#primaryimage","url":"https:\/\/www.librairieclavreuil.com\/wp-content\/uploads\/2025\/04\/raveneau-de-lussan-journal-du-voyage-fait-a-la-mer-de-sud-avec-les-flibustiers-de-l-amerique-en-1684-annees-suivantes-9321-661907f1c1009.jpg","contentUrl":"https:\/\/www.librairieclavreuil.com\/wp-content\/uploads\/2025\/04\/raveneau-de-lussan-journal-du-voyage-fait-a-la-mer-de-sud-avec-les-flibustiers-de-l-amerique-en-1684-annees-suivantes-9321-661907f1c1009.jpg","width":534,"height":800},{"@type":"BreadcrumbList","@id":"https:\/\/www.librairieclavreuil.com\/en\/raveneau-de-lussan-journal-du-voyage-fait-a-la-mer-de-sud-avec-les-flibustiers-de-lamerique-en-1684-annees-suivantes\/#breadcrumb","itemListElement":[{"@type":"ListItem","position":1,"name":"Accueil","item":"https:\/\/www.librairieclavreuil.com\/"},{"@type":"ListItem","position":2,"name":"All our books","item":"https:\/\/www.librairieclavreuil.com\/en\/all-our-books\/"},{"@type":"ListItem","position":3,"name":"RAVENEAU DE LUSSAN Journal du voyage fait \u00e0..."}]},{"@type":"WebSite","@id":"https:\/\/www.librairieclavreuil.com\/#website","url":"https:\/\/www.librairieclavreuil.com\/","name":"Libairie Clavreuil","description":"Livres anciens, manuscrits rares et \u00e9ditions originales \u2013 Librairie Clavreuil","publisher":{"@id":"https:\/\/www.librairieclavreuil.com\/#organization"},"potentialAction":[{"@type":"SearchAction","target":{"@type":"EntryPoint","urlTemplate":"https:\/\/www.librairieclavreuil.com\/?s={search_term_string}"},"query-input":{"@type":"PropertyValueSpecification","valueRequired":true,"valueName":"search_term_string"}}],"inLanguage":"en-US"},{"@type":"Organization","@id":"https:\/\/www.librairieclavreuil.com\/#organization","name":"Libairie Clavreuil","url":"https:\/\/www.librairieclavreuil.com\/","logo":{"@type":"ImageObject","inLanguage":"en-US","@id":"https:\/\/www.librairieclavreuil.com\/#\/schema\/logo\/image\/","url":"https:\/\/www.librairieclavreuil.com\/wp-content\/uploads\/2021\/06\/cropped-LOGO_PNG_DATE-_gold-512x512-1.png","contentUrl":"https:\/\/www.librairieclavreuil.com\/wp-content\/uploads\/2021\/06\/cropped-LOGO_PNG_DATE-_gold-512x512-1.png","width":512,"height":512,"caption":"Libairie Clavreuil"},"image":{"@id":"https:\/\/www.librairieclavreuil.com\/#\/schema\/logo\/image\/"},"sameAs":["https:\/\/www.instagram.com\/librairieclavreuil\/"]}]}},"jetpack_sharing_enabled":true,"_links":{"self":[{"href":"https:\/\/www.librairieclavreuil.com\/en\/wp-json\/wp\/v2\/product\/85353","targetHints":{"allow":["GET"]}}],"collection":[{"href":"https:\/\/www.librairieclavreuil.com\/en\/wp-json\/wp\/v2\/product"}],"about":[{"href":"https:\/\/www.librairieclavreuil.com\/en\/wp-json\/wp\/v2\/types\/product"}],"replies":[{"embeddable":true,"href":"https:\/\/www.librairieclavreuil.com\/en\/wp-json\/wp\/v2\/comments?post=85353"}],"wp:featuredmedia":[{"embeddable":true,"href":"https:\/\/www.librairieclavreuil.com\/en\/wp-json\/wp\/v2\/media\/85348"}],"wp:attachment":[{"href":"https:\/\/www.librairieclavreuil.com\/en\/wp-json\/wp\/v2\/media?parent=85353"}],"wp:term":[{"taxonomy":"product_brand","embeddable":true,"href":"https:\/\/www.librairieclavreuil.com\/en\/wp-json\/wp\/v2\/product_brand?post=85353"},{"taxonomy":"product_cat","embeddable":true,"href":"https:\/\/www.librairieclavreuil.com\/en\/wp-json\/wp\/v2\/product_cat?post=85353"},{"taxonomy":"product_tag","embeddable":true,"href":"https:\/\/www.librairieclavreuil.com\/en\/wp-json\/wp\/v2\/product_tag?post=85353"}],"curies":[{"name":"wp","href":"https:\/\/api.w.org\/{rel}","templated":true}]}}