{"id":85237,"date":"2025-04-02T19:13:08","date_gmt":"2025-04-02T17:13:08","guid":{"rendered":"https:\/\/www.librairieclavreuil.com\/chenu-jean-charles-la-fauconnerie-ancienne-et-moderne\/"},"modified":"2025-04-08T11:32:06","modified_gmt":"2025-04-08T09:32:06","slug":"chenu-jean-charles-la-fauconnerie-ancienne-et-moderne","status":"publish","type":"product","link":"https:\/\/www.librairieclavreuil.com\/en\/chenu-jean-charles-la-fauconnerie-ancienne-et-moderne\/","title":{"rendered":"CHENU Jean-Charles La Fauconnerie ancienne et moderne."},"content":{"rendered":"<p style=\"text-align:justify\"><i>Not in Frank; Thi\u00e9baud, 192; Souhart, 100; Schwerdt, I, 109.<\/i><\/p>\n<p style=\"text-align:justify\"><span style=\"font-variant:small-caps\">First edition of this classic of falconry published as a supplement to the second volume of <\/span><i><span style=\"font-variant:small-caps\">Le\u00e7ons \u00e9l\u00e9mentaires sur l&#8217;histoire naturelle des oiseaux,<\/span><\/i><span style=\"font-variant:small-caps\"> published the same year.<\/span><\/p>\n<p style=\"text-align:justify\">This very important treatise begins with a history of the art of bird training in Europe, Asia and Arabia, followed by descriptions of the different species of birds of prey suitable for this exercise. A very large section is then devoted to the training of the different species, followed by the treatment of diseases. The work concludes with an important dictionary of the falconer&#8217;s technical terms.<\/p>\n<p style=\"text-align:justify\">The illustrations show various kinds of falcons, as well as their training and typical flight paths, sometimes displaying specific parts of the birds&#8217; bodies like wings and claws in detail. Figure no. 5 (&#8220;Faucon sur une Gazelle&#8221;) is copied from the plate of &#8220;Goshawk and Gazelle&#8221; by Joseph Wolf, which forms the frontispiece to Richard F. Burton&#8217;s 1852 work &#8220;<i>Falconry in the Valley of the Indus<\/i>&#8220;.<\/p>\n<p style=\"text-align:justify\"><span style=\"font-variant:small-caps\">An exceptional copy<\/span><\/p>\n<p style=\"text-align:justify\">Illustrated with 45 numbered vignettes in the text, this deluxe copy contains the 15 illustrations, exclusively devoted to falcons, finely coloured by hand. Thi\u00e9baud notes that &#8220;il existe des exemplaires, assez rares d&#8217;ailleurs, avec les figures colori\u00e9es&#8221;.<\/p>\n<p style=\"text-align:justify\">A fine copy, well preserved.<\/p>\n<p style=\"text-align:justify\">Provenance: Paul Lebaudy (bookplate) &#8211; Hubert Lebaudy (bookplate)<\/p>\n","protected":false},"excerpt":{"rendered":"<p style=\"text-align:justify\">12mo (182 x 124 mm) 2 nn.ll., 176 pp. Modern red-morocco backed boards by atelier Laurenchet.<\/p>\n","protected":false},"featured_media":85226,"comment_status":"open","ping_status":"closed","template":"","meta":{"_acf_changed":false},"product_brand":[],"product_cat":[534],"product_tag":[1476,1349,1342,1340],"class_list":{"0":"post-85237","1":"product","2":"type-product","3":"status-publish","4":"has-post-thumbnail","6":"product_cat-hunting","7":"product_tag-falconry","8":"product_tag-general-zoology","9":"product_tag-ornithology","10":"product_tag-zoology","11":"pa_auteur-chenu-jean-charles-2","12":"pa_type-de-livre-printed-book","14":"first","15":"instock","16":"shipping-taxable","17":"purchasable","18":"product-type-simple"},"acf":{"artist":"Jean-Charles CHENU","chapeau":"One of the rare copies with the falcons finely coloured by hand","adresse_bibliographique":"Paris, L. Hachette, 1862","book_type":"Printed book","provenance":"","afficher_prix":""},"yoast_head":"<!-- This site is optimized with the Yoast SEO plugin v24.7 - https:\/\/yoast.com\/wordpress\/plugins\/seo\/ -->\n<title>CHENU Jean-Charles La Fauconnerie ancienne et moderne. - Libairie Clavreuil<\/title>\n<meta name=\"robots\" content=\"index, follow, max-snippet:-1, max-image-preview:large, max-video-preview:-1\" \/>\n<link rel=\"canonical\" href=\"https:\/\/www.librairieclavreuil.com\/en\/chenu-jean-charles-la-fauconnerie-ancienne-et-moderne\/\" \/>\n<meta property=\"og:locale\" content=\"en_US\" \/>\n<meta property=\"og:type\" content=\"article\" \/>\n<meta property=\"og:title\" content=\"CHENU Jean-Charles La Fauconnerie ancienne et moderne. - Libairie Clavreuil\" \/>\n<meta property=\"og:description\" content=\"12mo (182 x 124 mm) 2 nn.ll., 176 pp. Modern red-morocco backed boards by atelier Laurenchet.\" \/>\n<meta property=\"og:url\" content=\"https:\/\/www.librairieclavreuil.com\/en\/chenu-jean-charles-la-fauconnerie-ancienne-et-moderne\/\" \/>\n<meta property=\"og:site_name\" content=\"Libairie Clavreuil\" \/>\n<meta property=\"article:modified_time\" content=\"2025-04-08T09:32:06+00:00\" \/>\n<meta property=\"og:image\" content=\"https:\/\/www.librairieclavreuil.com\/wp-content\/uploads\/2025\/04\/chenu-la-fauconnerie-ancienne-et-moderne-8672-66e84e81edc27.jpg\" \/>\n\t<meta property=\"og:image:width\" content=\"575\" \/>\n\t<meta property=\"og:image:height\" content=\"800\" \/>\n\t<meta property=\"og:image:type\" content=\"image\/jpeg\" \/>\n<meta name=\"twitter:card\" content=\"summary_large_image\" \/>\n<meta name=\"twitter:label1\" content=\"Est. reading time\" \/>\n\t<meta name=\"twitter:data1\" content=\"1 minute\" \/>\n<script type=\"application\/ld+json\" class=\"yoast-schema-graph\">{\"@context\":\"https:\/\/schema.org\",\"@graph\":[{\"@type\":\"WebPage\",\"@id\":\"https:\/\/www.librairieclavreuil.com\/en\/chenu-jean-charles-la-fauconnerie-ancienne-et-moderne\/\",\"url\":\"https:\/\/www.librairieclavreuil.com\/en\/chenu-jean-charles-la-fauconnerie-ancienne-et-moderne\/\",\"name\":\"CHENU Jean-Charles La Fauconnerie ancienne et moderne. - Libairie Clavreuil\",\"isPartOf\":{\"@id\":\"https:\/\/www.librairieclavreuil.com\/#website\"},\"primaryImageOfPage\":{\"@id\":\"https:\/\/www.librairieclavreuil.com\/en\/chenu-jean-charles-la-fauconnerie-ancienne-et-moderne\/#primaryimage\"},\"image\":{\"@id\":\"https:\/\/www.librairieclavreuil.com\/en\/chenu-jean-charles-la-fauconnerie-ancienne-et-moderne\/#primaryimage\"},\"thumbnailUrl\":\"https:\/\/www.librairieclavreuil.com\/wp-content\/uploads\/2025\/04\/chenu-la-fauconnerie-ancienne-et-moderne-8672-66e84e81edc27.jpg\",\"datePublished\":\"2025-04-02T17:13:08+00:00\",\"dateModified\":\"2025-04-08T09:32:06+00:00\",\"breadcrumb\":{\"@id\":\"https:\/\/www.librairieclavreuil.com\/en\/chenu-jean-charles-la-fauconnerie-ancienne-et-moderne\/#breadcrumb\"},\"inLanguage\":\"en-US\",\"potentialAction\":[{\"@type\":\"ReadAction\",\"target\":[\"https:\/\/www.librairieclavreuil.com\/en\/chenu-jean-charles-la-fauconnerie-ancienne-et-moderne\/\"]}]},{\"@type\":\"ImageObject\",\"inLanguage\":\"en-US\",\"@id\":\"https:\/\/www.librairieclavreuil.com\/en\/chenu-jean-charles-la-fauconnerie-ancienne-et-moderne\/#primaryimage\",\"url\":\"https:\/\/www.librairieclavreuil.com\/wp-content\/uploads\/2025\/04\/chenu-la-fauconnerie-ancienne-et-moderne-8672-66e84e81edc27.jpg\",\"contentUrl\":\"https:\/\/www.librairieclavreuil.com\/wp-content\/uploads\/2025\/04\/chenu-la-fauconnerie-ancienne-et-moderne-8672-66e84e81edc27.jpg\",\"width\":575,\"height\":800},{\"@type\":\"BreadcrumbList\",\"@id\":\"https:\/\/www.librairieclavreuil.com\/en\/chenu-jean-charles-la-fauconnerie-ancienne-et-moderne\/#breadcrumb\",\"itemListElement\":[{\"@type\":\"ListItem\",\"position\":1,\"name\":\"Accueil\",\"item\":\"https:\/\/www.librairieclavreuil.com\/\"},{\"@type\":\"ListItem\",\"position\":2,\"name\":\"All our books\",\"item\":\"https:\/\/www.librairieclavreuil.com\/en\/all-our-books\/\"},{\"@type\":\"ListItem\",\"position\":3,\"name\":\"CHENU Jean-Charles La Fauconnerie ancienne et moderne.\"}]},{\"@type\":\"WebSite\",\"@id\":\"https:\/\/www.librairieclavreuil.com\/#website\",\"url\":\"https:\/\/www.librairieclavreuil.com\/\",\"name\":\"Libairie Clavreuil\",\"description\":\"Livres anciens, manuscrits rares et \u00e9ditions originales \u2013 Librairie Clavreuil\",\"publisher\":{\"@id\":\"https:\/\/www.librairieclavreuil.com\/#organization\"},\"potentialAction\":[{\"@type\":\"SearchAction\",\"target\":{\"@type\":\"EntryPoint\",\"urlTemplate\":\"https:\/\/www.librairieclavreuil.com\/?s={search_term_string}\"},\"query-input\":{\"@type\":\"PropertyValueSpecification\",\"valueRequired\":true,\"valueName\":\"search_term_string\"}}],\"inLanguage\":\"en-US\"},{\"@type\":\"Organization\",\"@id\":\"https:\/\/www.librairieclavreuil.com\/#organization\",\"name\":\"Libairie Clavreuil\",\"url\":\"https:\/\/www.librairieclavreuil.com\/\",\"logo\":{\"@type\":\"ImageObject\",\"inLanguage\":\"en-US\",\"@id\":\"https:\/\/www.librairieclavreuil.com\/#\/schema\/logo\/image\/\",\"url\":\"https:\/\/www.librairieclavreuil.com\/wp-content\/uploads\/2021\/06\/cropped-LOGO_PNG_DATE-_gold-512x512-1.png\",\"contentUrl\":\"https:\/\/www.librairieclavreuil.com\/wp-content\/uploads\/2021\/06\/cropped-LOGO_PNG_DATE-_gold-512x512-1.png\",\"width\":512,\"height\":512,\"caption\":\"Libairie Clavreuil\"},\"image\":{\"@id\":\"https:\/\/www.librairieclavreuil.com\/#\/schema\/logo\/image\/\"},\"sameAs\":[\"https:\/\/www.instagram.com\/librairieclavreuil\/\"]}]}<\/script>\n<!-- \/ Yoast SEO plugin. -->","yoast_head_json":{"title":"CHENU Jean-Charles La Fauconnerie ancienne et moderne. - Libairie Clavreuil","robots":{"index":"index","follow":"follow","max-snippet":"max-snippet:-1","max-image-preview":"max-image-preview:large","max-video-preview":"max-video-preview:-1"},"canonical":"https:\/\/www.librairieclavreuil.com\/en\/chenu-jean-charles-la-fauconnerie-ancienne-et-moderne\/","og_locale":"en_US","og_type":"article","og_title":"CHENU Jean-Charles La Fauconnerie ancienne et moderne. - Libairie Clavreuil","og_description":"12mo (182 x 124 mm) 2 nn.ll., 176 pp. Modern red-morocco backed boards by atelier Laurenchet.","og_url":"https:\/\/www.librairieclavreuil.com\/en\/chenu-jean-charles-la-fauconnerie-ancienne-et-moderne\/","og_site_name":"Libairie Clavreuil","article_modified_time":"2025-04-08T09:32:06+00:00","og_image":[{"width":575,"height":800,"url":"https:\/\/www.librairieclavreuil.com\/wp-content\/uploads\/2025\/04\/chenu-la-fauconnerie-ancienne-et-moderne-8672-66e84e81edc27.jpg","type":"image\/jpeg"}],"twitter_card":"summary_large_image","twitter_misc":{"Est. reading time":"1 minute"},"schema":{"@context":"https:\/\/schema.org","@graph":[{"@type":"WebPage","@id":"https:\/\/www.librairieclavreuil.com\/en\/chenu-jean-charles-la-fauconnerie-ancienne-et-moderne\/","url":"https:\/\/www.librairieclavreuil.com\/en\/chenu-jean-charles-la-fauconnerie-ancienne-et-moderne\/","name":"CHENU Jean-Charles La Fauconnerie ancienne et moderne. - Libairie Clavreuil","isPartOf":{"@id":"https:\/\/www.librairieclavreuil.com\/#website"},"primaryImageOfPage":{"@id":"https:\/\/www.librairieclavreuil.com\/en\/chenu-jean-charles-la-fauconnerie-ancienne-et-moderne\/#primaryimage"},"image":{"@id":"https:\/\/www.librairieclavreuil.com\/en\/chenu-jean-charles-la-fauconnerie-ancienne-et-moderne\/#primaryimage"},"thumbnailUrl":"https:\/\/www.librairieclavreuil.com\/wp-content\/uploads\/2025\/04\/chenu-la-fauconnerie-ancienne-et-moderne-8672-66e84e81edc27.jpg","datePublished":"2025-04-02T17:13:08+00:00","dateModified":"2025-04-08T09:32:06+00:00","breadcrumb":{"@id":"https:\/\/www.librairieclavreuil.com\/en\/chenu-jean-charles-la-fauconnerie-ancienne-et-moderne\/#breadcrumb"},"inLanguage":"en-US","potentialAction":[{"@type":"ReadAction","target":["https:\/\/www.librairieclavreuil.com\/en\/chenu-jean-charles-la-fauconnerie-ancienne-et-moderne\/"]}]},{"@type":"ImageObject","inLanguage":"en-US","@id":"https:\/\/www.librairieclavreuil.com\/en\/chenu-jean-charles-la-fauconnerie-ancienne-et-moderne\/#primaryimage","url":"https:\/\/www.librairieclavreuil.com\/wp-content\/uploads\/2025\/04\/chenu-la-fauconnerie-ancienne-et-moderne-8672-66e84e81edc27.jpg","contentUrl":"https:\/\/www.librairieclavreuil.com\/wp-content\/uploads\/2025\/04\/chenu-la-fauconnerie-ancienne-et-moderne-8672-66e84e81edc27.jpg","width":575,"height":800},{"@type":"BreadcrumbList","@id":"https:\/\/www.librairieclavreuil.com\/en\/chenu-jean-charles-la-fauconnerie-ancienne-et-moderne\/#breadcrumb","itemListElement":[{"@type":"ListItem","position":1,"name":"Accueil","item":"https:\/\/www.librairieclavreuil.com\/"},{"@type":"ListItem","position":2,"name":"All our books","item":"https:\/\/www.librairieclavreuil.com\/en\/all-our-books\/"},{"@type":"ListItem","position":3,"name":"CHENU Jean-Charles La Fauconnerie ancienne et moderne."}]},{"@type":"WebSite","@id":"https:\/\/www.librairieclavreuil.com\/#website","url":"https:\/\/www.librairieclavreuil.com\/","name":"Libairie Clavreuil","description":"Livres anciens, manuscrits rares et \u00e9ditions originales \u2013 Librairie Clavreuil","publisher":{"@id":"https:\/\/www.librairieclavreuil.com\/#organization"},"potentialAction":[{"@type":"SearchAction","target":{"@type":"EntryPoint","urlTemplate":"https:\/\/www.librairieclavreuil.com\/?s={search_term_string}"},"query-input":{"@type":"PropertyValueSpecification","valueRequired":true,"valueName":"search_term_string"}}],"inLanguage":"en-US"},{"@type":"Organization","@id":"https:\/\/www.librairieclavreuil.com\/#organization","name":"Libairie Clavreuil","url":"https:\/\/www.librairieclavreuil.com\/","logo":{"@type":"ImageObject","inLanguage":"en-US","@id":"https:\/\/www.librairieclavreuil.com\/#\/schema\/logo\/image\/","url":"https:\/\/www.librairieclavreuil.com\/wp-content\/uploads\/2021\/06\/cropped-LOGO_PNG_DATE-_gold-512x512-1.png","contentUrl":"https:\/\/www.librairieclavreuil.com\/wp-content\/uploads\/2021\/06\/cropped-LOGO_PNG_DATE-_gold-512x512-1.png","width":512,"height":512,"caption":"Libairie Clavreuil"},"image":{"@id":"https:\/\/www.librairieclavreuil.com\/#\/schema\/logo\/image\/"},"sameAs":["https:\/\/www.instagram.com\/librairieclavreuil\/"]}]}},"jetpack_sharing_enabled":true,"_links":{"self":[{"href":"https:\/\/www.librairieclavreuil.com\/en\/wp-json\/wp\/v2\/product\/85237","targetHints":{"allow":["GET"]}}],"collection":[{"href":"https:\/\/www.librairieclavreuil.com\/en\/wp-json\/wp\/v2\/product"}],"about":[{"href":"https:\/\/www.librairieclavreuil.com\/en\/wp-json\/wp\/v2\/types\/product"}],"replies":[{"embeddable":true,"href":"https:\/\/www.librairieclavreuil.com\/en\/wp-json\/wp\/v2\/comments?post=85237"}],"wp:featuredmedia":[{"embeddable":true,"href":"https:\/\/www.librairieclavreuil.com\/en\/wp-json\/wp\/v2\/media\/85226"}],"wp:attachment":[{"href":"https:\/\/www.librairieclavreuil.com\/en\/wp-json\/wp\/v2\/media?parent=85237"}],"wp:term":[{"taxonomy":"product_brand","embeddable":true,"href":"https:\/\/www.librairieclavreuil.com\/en\/wp-json\/wp\/v2\/product_brand?post=85237"},{"taxonomy":"product_cat","embeddable":true,"href":"https:\/\/www.librairieclavreuil.com\/en\/wp-json\/wp\/v2\/product_cat?post=85237"},{"taxonomy":"product_tag","embeddable":true,"href":"https:\/\/www.librairieclavreuil.com\/en\/wp-json\/wp\/v2\/product_tag?post=85237"}],"curies":[{"name":"wp","href":"https:\/\/api.w.org\/{rel}","templated":true}]}}