{"id":85159,"date":"2025-03-28T17:16:53","date_gmt":"2025-03-28T16:16:53","guid":{"rendered":"https:\/\/www.librairieclavreuil.com\/landon-charles-paul-annales-du-musee-et-de-lecole-moderne-des-beaux-arts\/"},"modified":"2025-03-28T17:16:56","modified_gmt":"2025-03-28T16:16:56","slug":"landon-charles-paul-annales-du-musee-et-de-lecole-moderne-des-beaux-arts","status":"publish","type":"product","link":"https:\/\/www.librairieclavreuil.com\/en\/landon-charles-paul-annales-du-musee-et-de-lecole-moderne-des-beaux-arts\/","title":{"rendered":"LANDON Charles-Paul Annales du Mus\u00e9e et de l&#8217;\u00c9cole..."},"content":{"rendered":"<p style=\"text-align:justify\"><span style=\"font-variant:small-caps\">First edition of this important collection devoted to Art History.<\/span><\/p>\n<p style=\"text-align:justify\">&#8220;Peintre, critique d&#8217;art et \u00e9diteur, \u00e9l\u00e8ve de F.-A. Vincent et de J.-B. Regnault (dont les ateliers \u00e9taient rivaux de celui de David), Landon remporta le grand prix de Rome en 1792 et exposa au Salon jusqu&#8217;en 1812 des tableaux mythologiques et des all\u00e9gories. \u2026 Toutefois, c&#8217;est l&#8217;\u0153uvre de critique et d&#8217;\u00e9diteur, surtout, qui a rendu c\u00e9l\u00e8bre Landon, lui procurant m\u00eame une reconnaissance officielle : il est correspondant de l&#8217;Institut sous l&#8217;Empire, puis sous la Restauration il est nomm\u00e9 peintre du duc de Berry et conservateur des peintures des mus\u00e9es royaux. Pendant la R\u00e9volution, il avait fait para\u00eetre de nombreux articles dans le Journal des arts, des sciences et de la litt\u00e9rature. Il les reprit, les augmenta, s&#8217;entoura de collaborateurs pour une publication originale par la r\u00e9gularit\u00e9 de sa parution et par son illustration grav\u00e9e reproduisant toutes les \u0153uvres analys\u00e9es : les Annales du Mus\u00e9e et de l&#8217;\u00c9cole moderne des beaux-arts ont paru de 1801 \u00e0 1809 et ont \u00e9t\u00e9 r\u00e9\u00e9dit\u00e9es et compl\u00e9t\u00e9es en quarante-quatre volumes, de 1823 \u00e0 1835. L&#8217;ouvrage connut une r\u00e9elle notori\u00e9t\u00e9 (Delacroix s&#8217;en sert encore en 1854) gr\u00e2ce \u00e0 ses illustrations en gravure au trait, r\u00e9duisant donc au m\u00eame format et au simple contour les peintures, les sculptures et les projets d&#8217;architecture expos\u00e9s au Salon ainsi que des \u0153uvres antiques ou anciennes rapport\u00e9es d&#8217;Italie et figurant un temps au mus\u00e9e Napol\u00e9on. <strong>Ce recueil constitue par cons\u00e9quent une source iconographique de premier plan pour l&#8217;historien d&#8217;art, permettant d&#8217;identifier des \u0153uvres expos\u00e9es jadis au Salon et red\u00e9couvertes de nos jours<\/strong>&#8221; (universalis).<\/p>\n<p style=\"text-align:justify\">The set includes :<\/p>\n<p style=\"text-align:justify\">&#8211; Annales du mus\u00e9e. Volumes 1-16. 16 frontispieces, and 1152 engraved plates. Complete.<\/p>\n<p style=\"text-align:justify\">&#8211; Volume compl\u00e9mentaire (1808) with the general table for the plates. Frontispiece and 108 engraved plates.<\/p>\n<p style=\"text-align:justify\">It is followed by the complete set of : &#8220;Paysages et Tableaux de genre du Mus\u00e9e Napol\u00e9on&#8221;. <i>Paris, Landon, AN XIII &#8211; 1805 &#8211; 1808.<\/i> 4 volumes, 8vo. 288 engraved plates. Contemporary red boards. Total of 21 volumes, all complete with all plates called for.<\/p>\n<p style=\"text-align:justify\"><strong>And :&nbsp;<\/strong><\/p>\n<p style=\"text-align:justify\">&#8211; Annales du Mus\u00e9e&#8230; Seconde Collection. Partie Ancienne. 2 volumes (of 4, see Bnf opal). <i>Paris, Landon, 1810-1821.<\/i><\/p>\n<p style=\"text-align:justify\">&#8211; I: Contenant un choix de tableaux, statues et autres objets conquis par les arm\u00e9es fran\u00e7aises en 1805 et 1806, les antiquit\u00e9s de villa Borgh\u00e8se, et les nouvelles acquisitions du Mus\u00e9e Napol\u00e9on. 1810. Tome premier. 72 plates.<\/p>\n<p style=\"text-align:justify\">&#8211; IV: Contenant un choix de tableaux, statues et autres objets conquis par les arm\u00e9es fran\u00e7aises en 1805 et 1806, les antiquit\u00e9s de villa Borgh\u00e8se, et les nouvelles acquisitions du Mus\u00e9e. 1821. 128 pp., 60 plates.<\/p>\n<p style=\"text-align:justify\"><strong>The set is completede with : <\/strong>Galeries, 2 volumes [all published]. &nbsp;<i>Paris, Landon, 1812 &amp; 1815<\/i> :<\/p>\n<p style=\"text-align:justify\">&#8211; Galerie Giustiniani ou Catalogue figur\u00e9. 1812. 160 pp., 73 engraved plates (small occasional worming).<\/p>\n<p style=\"text-align:justify\">&#8211; Galerie de M. Massis. 1815. 158 pp., 72 engraved plates.<\/p>\n<p style=\"text-align:justify\">&nbsp;<\/p>\n<p style=\"text-align:justify\"><strong>And an importa fragment of : <\/strong>&#8211; Annales du Mus\u00e9e&#8230; Salons:&nbsp;<\/p>\n<p style=\"text-align:justify\">&#8211; 1808. 2 volumes. 72+72 engraves plates.<\/p>\n<p style=\"text-align:justify\">&#8211; 1810. 1 volume. 72 engraves plates..<\/p>\n<p style=\"text-align:justify\">&#8211; 1817. 1 volume. 72 engraves plates..<\/p>\n<p style=\"text-align:justify\">&#8211; 1819. 2 volumes. 72 + 72 engraves plates..<\/p>\n<p style=\"text-align:justify\">&#8211; 1822. 64 + 64 planches. &#8211; 1824. Tome premier [of 2] 64 engraves plates..<\/p>\n<p style=\"text-align:justify\">A complete set of Salons should also have the following years : 1812, 1814, 1824\/2e part, 1827, 1831, 1833-35.<\/p>\n","protected":false},"excerpt":{"rendered":"<p style=\"text-align:justify\">Complete run of 17 volumes (16 for the series, and the supplementary volume) 8vo (201 x 123 mm), 17 frontispieces and 1260 engraved plates. Contemporary red boards, flat spine.<\/p>\n","protected":false},"featured_media":85154,"comment_status":"open","ping_status":"closed","template":"","meta":{"_acf_changed":false},"product_brand":[],"product_cat":[544],"product_tag":[1202,1199],"class_list":{"0":"post-85159","1":"product","2":"type-product","3":"status-publish","4":"has-post-thumbnail","6":"product_cat-literature","7":"product_tag-engraving","8":"product_tag-fine-arts","9":"pa_auteur-landon-charles-paul-2","10":"pa_type-de-livre-printed-book","12":"first","13":"instock","14":"shipping-taxable","15":"purchasable","16":"product-type-simple"},"acf":{"artist":"Charles-Paul LANDON","chapeau":"Important iconographic source","adresse_bibliographique":"Paris, Didot jeune pour C.P. Landon, 1800","book_type":"Printed book","provenance":"","afficher_prix":""},"yoast_head":"<!-- This site is optimized with the Yoast SEO plugin v24.7 - https:\/\/yoast.com\/wordpress\/plugins\/seo\/ -->\n<title>LANDON Charles-Paul Annales du Mus\u00e9e et de l&#039;\u00c9cole moderne des beaux-arts. - Libairie Clavreuil<\/title>\n<meta name=\"robots\" content=\"index, follow, max-snippet:-1, max-image-preview:large, max-video-preview:-1\" \/>\n<link rel=\"canonical\" href=\"https:\/\/www.librairieclavreuil.com\/en\/landon-charles-paul-annales-du-musee-et-de-lecole-moderne-des-beaux-arts\/\" \/>\n<meta property=\"og:locale\" content=\"en_US\" \/>\n<meta property=\"og:type\" content=\"article\" \/>\n<meta property=\"og:title\" content=\"LANDON Charles-Paul Annales du Mus\u00e9e et de l&#039;\u00c9cole moderne des beaux-arts. - Libairie Clavreuil\" \/>\n<meta property=\"og:description\" content=\"Complete run of 17 volumes (16 for the series, and the supplementary volume) 8vo (201 x 123 mm), 17 frontispieces and 1260 engraved plates. Contemporary red boards, flat spine.\" \/>\n<meta property=\"og:url\" content=\"https:\/\/www.librairieclavreuil.com\/en\/landon-charles-paul-annales-du-musee-et-de-lecole-moderne-des-beaux-arts\/\" \/>\n<meta property=\"og:site_name\" content=\"Libairie Clavreuil\" \/>\n<meta property=\"article:modified_time\" content=\"2025-03-28T16:16:56+00:00\" \/>\n<meta property=\"og:image\" content=\"https:\/\/www.librairieclavreuil.com\/wp-content\/uploads\/2025\/03\/antoinette-landon-annales-du-musee-et-de-l-ecole-moderne-des-beaux-arts-5679-65d7173fe41f5.jpg\" \/>\n\t<meta property=\"og:image:width\" content=\"600\" \/>\n\t<meta property=\"og:image:height\" content=\"800\" \/>\n\t<meta property=\"og:image:type\" content=\"image\/jpeg\" \/>\n<meta name=\"twitter:card\" content=\"summary_large_image\" \/>\n<meta name=\"twitter:label1\" content=\"Est. reading time\" \/>\n\t<meta name=\"twitter:data1\" content=\"3 minutes\" \/>\n<script type=\"application\/ld+json\" class=\"yoast-schema-graph\">{\"@context\":\"https:\/\/schema.org\",\"@graph\":[{\"@type\":\"WebPage\",\"@id\":\"https:\/\/www.librairieclavreuil.com\/en\/landon-charles-paul-annales-du-musee-et-de-lecole-moderne-des-beaux-arts\/\",\"url\":\"https:\/\/www.librairieclavreuil.com\/en\/landon-charles-paul-annales-du-musee-et-de-lecole-moderne-des-beaux-arts\/\",\"name\":\"LANDON Charles-Paul Annales du Mus\u00e9e et de l'\u00c9cole moderne des beaux-arts. - Libairie Clavreuil\",\"isPartOf\":{\"@id\":\"https:\/\/www.librairieclavreuil.com\/#website\"},\"primaryImageOfPage\":{\"@id\":\"https:\/\/www.librairieclavreuil.com\/en\/landon-charles-paul-annales-du-musee-et-de-lecole-moderne-des-beaux-arts\/#primaryimage\"},\"image\":{\"@id\":\"https:\/\/www.librairieclavreuil.com\/en\/landon-charles-paul-annales-du-musee-et-de-lecole-moderne-des-beaux-arts\/#primaryimage\"},\"thumbnailUrl\":\"https:\/\/www.librairieclavreuil.com\/wp-content\/uploads\/2025\/03\/antoinette-landon-annales-du-musee-et-de-l-ecole-moderne-des-beaux-arts-5679-65d7173fe41f5.jpg\",\"datePublished\":\"2025-03-28T16:16:53+00:00\",\"dateModified\":\"2025-03-28T16:16:56+00:00\",\"breadcrumb\":{\"@id\":\"https:\/\/www.librairieclavreuil.com\/en\/landon-charles-paul-annales-du-musee-et-de-lecole-moderne-des-beaux-arts\/#breadcrumb\"},\"inLanguage\":\"en-US\",\"potentialAction\":[{\"@type\":\"ReadAction\",\"target\":[\"https:\/\/www.librairieclavreuil.com\/en\/landon-charles-paul-annales-du-musee-et-de-lecole-moderne-des-beaux-arts\/\"]}]},{\"@type\":\"ImageObject\",\"inLanguage\":\"en-US\",\"@id\":\"https:\/\/www.librairieclavreuil.com\/en\/landon-charles-paul-annales-du-musee-et-de-lecole-moderne-des-beaux-arts\/#primaryimage\",\"url\":\"https:\/\/www.librairieclavreuil.com\/wp-content\/uploads\/2025\/03\/antoinette-landon-annales-du-musee-et-de-l-ecole-moderne-des-beaux-arts-5679-65d7173fe41f5.jpg\",\"contentUrl\":\"https:\/\/www.librairieclavreuil.com\/wp-content\/uploads\/2025\/03\/antoinette-landon-annales-du-musee-et-de-l-ecole-moderne-des-beaux-arts-5679-65d7173fe41f5.jpg\",\"width\":600,\"height\":800},{\"@type\":\"BreadcrumbList\",\"@id\":\"https:\/\/www.librairieclavreuil.com\/en\/landon-charles-paul-annales-du-musee-et-de-lecole-moderne-des-beaux-arts\/#breadcrumb\",\"itemListElement\":[{\"@type\":\"ListItem\",\"position\":1,\"name\":\"Accueil\",\"item\":\"https:\/\/www.librairieclavreuil.com\/\"},{\"@type\":\"ListItem\",\"position\":2,\"name\":\"All our books\",\"item\":\"https:\/\/www.librairieclavreuil.com\/en\/all-our-books\/\"},{\"@type\":\"ListItem\",\"position\":3,\"name\":\"LANDON Charles-Paul Annales du Mus\u00e9e et de l&rsquo;\u00c9cole...\"}]},{\"@type\":\"WebSite\",\"@id\":\"https:\/\/www.librairieclavreuil.com\/#website\",\"url\":\"https:\/\/www.librairieclavreuil.com\/\",\"name\":\"Libairie Clavreuil\",\"description\":\"Livres anciens, manuscrits rares et \u00e9ditions originales \u2013 Librairie Clavreuil\",\"publisher\":{\"@id\":\"https:\/\/www.librairieclavreuil.com\/#organization\"},\"potentialAction\":[{\"@type\":\"SearchAction\",\"target\":{\"@type\":\"EntryPoint\",\"urlTemplate\":\"https:\/\/www.librairieclavreuil.com\/?s={search_term_string}\"},\"query-input\":{\"@type\":\"PropertyValueSpecification\",\"valueRequired\":true,\"valueName\":\"search_term_string\"}}],\"inLanguage\":\"en-US\"},{\"@type\":\"Organization\",\"@id\":\"https:\/\/www.librairieclavreuil.com\/#organization\",\"name\":\"Libairie Clavreuil\",\"url\":\"https:\/\/www.librairieclavreuil.com\/\",\"logo\":{\"@type\":\"ImageObject\",\"inLanguage\":\"en-US\",\"@id\":\"https:\/\/www.librairieclavreuil.com\/#\/schema\/logo\/image\/\",\"url\":\"https:\/\/www.librairieclavreuil.com\/wp-content\/uploads\/2021\/06\/cropped-LOGO_PNG_DATE-_gold-512x512-1.png\",\"contentUrl\":\"https:\/\/www.librairieclavreuil.com\/wp-content\/uploads\/2021\/06\/cropped-LOGO_PNG_DATE-_gold-512x512-1.png\",\"width\":512,\"height\":512,\"caption\":\"Libairie Clavreuil\"},\"image\":{\"@id\":\"https:\/\/www.librairieclavreuil.com\/#\/schema\/logo\/image\/\"},\"sameAs\":[\"https:\/\/www.instagram.com\/librairieclavreuil\/\"]}]}<\/script>\n<!-- \/ Yoast SEO plugin. -->","yoast_head_json":{"title":"LANDON Charles-Paul Annales du Mus\u00e9e et de l'\u00c9cole moderne des beaux-arts. - Libairie Clavreuil","robots":{"index":"index","follow":"follow","max-snippet":"max-snippet:-1","max-image-preview":"max-image-preview:large","max-video-preview":"max-video-preview:-1"},"canonical":"https:\/\/www.librairieclavreuil.com\/en\/landon-charles-paul-annales-du-musee-et-de-lecole-moderne-des-beaux-arts\/","og_locale":"en_US","og_type":"article","og_title":"LANDON Charles-Paul Annales du Mus\u00e9e et de l'\u00c9cole moderne des beaux-arts. - Libairie Clavreuil","og_description":"Complete run of 17 volumes (16 for the series, and the supplementary volume) 8vo (201 x 123 mm), 17 frontispieces and 1260 engraved plates. Contemporary red boards, flat spine.","og_url":"https:\/\/www.librairieclavreuil.com\/en\/landon-charles-paul-annales-du-musee-et-de-lecole-moderne-des-beaux-arts\/","og_site_name":"Libairie Clavreuil","article_modified_time":"2025-03-28T16:16:56+00:00","og_image":[{"width":600,"height":800,"url":"https:\/\/www.librairieclavreuil.com\/wp-content\/uploads\/2025\/03\/antoinette-landon-annales-du-musee-et-de-l-ecole-moderne-des-beaux-arts-5679-65d7173fe41f5.jpg","type":"image\/jpeg"}],"twitter_card":"summary_large_image","twitter_misc":{"Est. reading time":"3 minutes"},"schema":{"@context":"https:\/\/schema.org","@graph":[{"@type":"WebPage","@id":"https:\/\/www.librairieclavreuil.com\/en\/landon-charles-paul-annales-du-musee-et-de-lecole-moderne-des-beaux-arts\/","url":"https:\/\/www.librairieclavreuil.com\/en\/landon-charles-paul-annales-du-musee-et-de-lecole-moderne-des-beaux-arts\/","name":"LANDON Charles-Paul Annales du Mus\u00e9e et de l'\u00c9cole moderne des beaux-arts. - Libairie Clavreuil","isPartOf":{"@id":"https:\/\/www.librairieclavreuil.com\/#website"},"primaryImageOfPage":{"@id":"https:\/\/www.librairieclavreuil.com\/en\/landon-charles-paul-annales-du-musee-et-de-lecole-moderne-des-beaux-arts\/#primaryimage"},"image":{"@id":"https:\/\/www.librairieclavreuil.com\/en\/landon-charles-paul-annales-du-musee-et-de-lecole-moderne-des-beaux-arts\/#primaryimage"},"thumbnailUrl":"https:\/\/www.librairieclavreuil.com\/wp-content\/uploads\/2025\/03\/antoinette-landon-annales-du-musee-et-de-l-ecole-moderne-des-beaux-arts-5679-65d7173fe41f5.jpg","datePublished":"2025-03-28T16:16:53+00:00","dateModified":"2025-03-28T16:16:56+00:00","breadcrumb":{"@id":"https:\/\/www.librairieclavreuil.com\/en\/landon-charles-paul-annales-du-musee-et-de-lecole-moderne-des-beaux-arts\/#breadcrumb"},"inLanguage":"en-US","potentialAction":[{"@type":"ReadAction","target":["https:\/\/www.librairieclavreuil.com\/en\/landon-charles-paul-annales-du-musee-et-de-lecole-moderne-des-beaux-arts\/"]}]},{"@type":"ImageObject","inLanguage":"en-US","@id":"https:\/\/www.librairieclavreuil.com\/en\/landon-charles-paul-annales-du-musee-et-de-lecole-moderne-des-beaux-arts\/#primaryimage","url":"https:\/\/www.librairieclavreuil.com\/wp-content\/uploads\/2025\/03\/antoinette-landon-annales-du-musee-et-de-l-ecole-moderne-des-beaux-arts-5679-65d7173fe41f5.jpg","contentUrl":"https:\/\/www.librairieclavreuil.com\/wp-content\/uploads\/2025\/03\/antoinette-landon-annales-du-musee-et-de-l-ecole-moderne-des-beaux-arts-5679-65d7173fe41f5.jpg","width":600,"height":800},{"@type":"BreadcrumbList","@id":"https:\/\/www.librairieclavreuil.com\/en\/landon-charles-paul-annales-du-musee-et-de-lecole-moderne-des-beaux-arts\/#breadcrumb","itemListElement":[{"@type":"ListItem","position":1,"name":"Accueil","item":"https:\/\/www.librairieclavreuil.com\/"},{"@type":"ListItem","position":2,"name":"All our books","item":"https:\/\/www.librairieclavreuil.com\/en\/all-our-books\/"},{"@type":"ListItem","position":3,"name":"LANDON Charles-Paul Annales du Mus\u00e9e et de l&rsquo;\u00c9cole..."}]},{"@type":"WebSite","@id":"https:\/\/www.librairieclavreuil.com\/#website","url":"https:\/\/www.librairieclavreuil.com\/","name":"Libairie Clavreuil","description":"Livres anciens, manuscrits rares et \u00e9ditions originales \u2013 Librairie Clavreuil","publisher":{"@id":"https:\/\/www.librairieclavreuil.com\/#organization"},"potentialAction":[{"@type":"SearchAction","target":{"@type":"EntryPoint","urlTemplate":"https:\/\/www.librairieclavreuil.com\/?s={search_term_string}"},"query-input":{"@type":"PropertyValueSpecification","valueRequired":true,"valueName":"search_term_string"}}],"inLanguage":"en-US"},{"@type":"Organization","@id":"https:\/\/www.librairieclavreuil.com\/#organization","name":"Libairie Clavreuil","url":"https:\/\/www.librairieclavreuil.com\/","logo":{"@type":"ImageObject","inLanguage":"en-US","@id":"https:\/\/www.librairieclavreuil.com\/#\/schema\/logo\/image\/","url":"https:\/\/www.librairieclavreuil.com\/wp-content\/uploads\/2021\/06\/cropped-LOGO_PNG_DATE-_gold-512x512-1.png","contentUrl":"https:\/\/www.librairieclavreuil.com\/wp-content\/uploads\/2021\/06\/cropped-LOGO_PNG_DATE-_gold-512x512-1.png","width":512,"height":512,"caption":"Libairie Clavreuil"},"image":{"@id":"https:\/\/www.librairieclavreuil.com\/#\/schema\/logo\/image\/"},"sameAs":["https:\/\/www.instagram.com\/librairieclavreuil\/"]}]}},"jetpack_sharing_enabled":true,"_links":{"self":[{"href":"https:\/\/www.librairieclavreuil.com\/en\/wp-json\/wp\/v2\/product\/85159","targetHints":{"allow":["GET"]}}],"collection":[{"href":"https:\/\/www.librairieclavreuil.com\/en\/wp-json\/wp\/v2\/product"}],"about":[{"href":"https:\/\/www.librairieclavreuil.com\/en\/wp-json\/wp\/v2\/types\/product"}],"replies":[{"embeddable":true,"href":"https:\/\/www.librairieclavreuil.com\/en\/wp-json\/wp\/v2\/comments?post=85159"}],"wp:featuredmedia":[{"embeddable":true,"href":"https:\/\/www.librairieclavreuil.com\/en\/wp-json\/wp\/v2\/media\/85154"}],"wp:attachment":[{"href":"https:\/\/www.librairieclavreuil.com\/en\/wp-json\/wp\/v2\/media?parent=85159"}],"wp:term":[{"taxonomy":"product_brand","embeddable":true,"href":"https:\/\/www.librairieclavreuil.com\/en\/wp-json\/wp\/v2\/product_brand?post=85159"},{"taxonomy":"product_cat","embeddable":true,"href":"https:\/\/www.librairieclavreuil.com\/en\/wp-json\/wp\/v2\/product_cat?post=85159"},{"taxonomy":"product_tag","embeddable":true,"href":"https:\/\/www.librairieclavreuil.com\/en\/wp-json\/wp\/v2\/product_tag?post=85159"}],"curies":[{"name":"wp","href":"https:\/\/api.w.org\/{rel}","templated":true}]}}