{"id":84771,"date":"2025-03-07T16:17:00","date_gmt":"2025-03-07T15:17:00","guid":{"rendered":"https:\/\/www.librairieclavreuil.com\/seneque-de-benefizii-tradotto-in-volgar-fiorentino-da-m-benedett-varchi-di-nuovo-ristampato-con-la-vita-dellautore\/"},"modified":"2025-10-10T14:14:14","modified_gmt":"2025-10-10T12:14:14","slug":"seneque-de-benefizii-tradotto-in-volgar-fiorentino-da-m-benedett-varchi-di-nuovo-ristampato-con-la-vita-dellautore","status":"publish","type":"product","link":"https:\/\/www.librairieclavreuil.com\/en\/seneque-de-benefizii-tradotto-in-volgar-fiorentino-da-m-benedett-varchi-di-nuovo-ristampato-con-la-vita-dellautore\/","title":{"rendered":"SENECA Lucius Annaeus De Benefizii. Tradotto in volgar..."},"content":{"rendered":"<p style=\"text-align:justify\"><i>EDIT16, CNCE 28440; BM, Italian, 621; Graesse, VI, 356.<\/i><\/p>\n<p style=\"text-align:justify\"><span style=\"font-variant:small-caps\">First edition in Italian containing the <\/span><i><span style=\"font-variant:small-caps\">de Benefizii<\/span><\/i><span style=\"font-variant:small-caps\"> and the life of Seneca, bound for King Henry III.<\/span><\/p>\n<p style=\"text-align:justify\">It contains for the first time the life of the author written in Latin by Xicone Polentone and translated into Florentine by Giovanni di Tante. The Italian translation of <i>De beneficiis<\/i> was written by Benedetto Varchi in 1554. He dedicated it to Eleonora de Toledo, Duchess of Florence and wife of Cosimo I de Medici. The translation achieved a broad circulation, reprinted in Venice by Gabriele Giolito de\u2019 Ferrari in 1564, and reprinted again in 1574.&nbsp;<\/p>\n<p style=\"text-align:justify\">Seneca&#8217;s <i>Benefizii<\/i>, written between 56 and 64, is a treatise divided into seven books. The Roman philosopher addresses his friend, Aebutius Liberali, and gives a Stoic analysis of the ethical notions of gratitude, ingratitude and benefit, as well as numerous proposals for granting, receiving and returning benefits. It is not only the longest of Seneca&#8217;s works dealing with a single subject, but also the only complete work on what we now call \u2018gift exchange\u2019 to have survived from antiquity. <i>Benefits <\/i>were of great personal importance to Seneca, who remarked in one of his last letters that philosophy taught above all how to deserve and return benefits well.<\/p>\n<p style=\"text-align:justify\"><span style=\"font-variant:small-caps\">Henri III&#8217;s copy&nbsp;<\/span><\/p>\n<p style=\"text-align:justify\">This copy has a very luxurious binding in hazelnut morocco, certainly made by the workshop of Nicolas Eve, the King&#8217;s bookbinder 1578-1579 (see Fabienne Le Bars, reliures.bnf, for a binding in orange morocco with fleurs-de-lis).<\/p>\n<p style=\"text-align:justify\">At the court of Henry III, Seneca was read : &#8220;<span style=\"background-color:white\">Mais pr\u00e9cis\u00e9ment en Pologne, Henri avait resserr\u00e9 son amiti\u00e9 avec Guy Faur de Pibrac, son chancelier l\u00e0-bas, qui allait, philologue lui-m\u00eame, l&#8217;initier \u00e0 la philosophie du moraliste latin [S\u00e9n\u00e8que]. &#8230; Depuis l&#8217;av\u00e8nement d&#8217;Henri, Monsieur de Pibrac \u00e9tait devenu l&#8217;un des grands s\u00e9n\u00e9cisants du royaume et il para\u00eet que la perte de son exemplaire personnel de S\u00e9n\u00e8que, annot\u00e9 patiemment de sa main, fut grande et irr\u00e9parable. [&#8230;] En 1583, le seigneur Pressac offre \u00e0 Henri du S\u00e9n\u00e8que \u00e0 son tour, et, lui aussi, en fran\u00e7ais.&#8221; (Se\u0301ne\u0300que, lecture royale sous le dernier Valois Franc\u0327ois Pre\u0301chac. In: Bulletin de l\u2019Association Guillaume Bude\u0301 : Lettres d\u2019humanite\u0301, n\u00b09, mars 1950, pages 185-205).<\/span><\/p>\n<p style=\"text-align:justify\">&#8220;Henri III aimait beaucoup les livres, comme tous les Valois, et fit travailler pour lui Nicolas et Clovis Eve&#8221; (OHR).<\/p>\n<p style=\"text-align:justify\">Henri III, King of France (1551-1589), was the recipient of many presentation copies, often richly decorated with his coat of arms or emblems. He also commissioned the first bindings for the Order of the Holy Spirit, of which he was the founder, in December 1578. He also had a personal library, for which he favoured bindings with fleur-de-lys and foliate spandrels, in addition to simple bindings.&nbsp;<\/p>\n<p style=\"text-align:justify\">Henri III (1551-1589), son of Henri II and Catherine de M\u00e9dicis, was elected King of Poland in 1573 and crowned King of France in 1573. The last king of the Valois dynasty, he was assassinated in 1589.<\/p>\n<p style=\"text-align:justify\">Small stains on the binding, oxidised silver decoration.<\/p>\n","protected":false},"excerpt":{"rendered":"<p style=\"text-align:justify\">12mo (153 x 95 mm) 16 unn.l, 304 pp. Contemporary light brown morocco, triple silver fillet framing covers, central coat of arms of Henri III (OHR, 2491), flat spine, compartments decorated with a fleur-de-lis, silver edges, in a modern blue cloth slipcase.<\/p>\n","protected":false},"featured_media":84762,"comment_status":"open","ping_status":"closed","template":"","meta":{"_acf_changed":false},"product_brand":[],"product_cat":[530],"product_tag":[1270,1267],"class_list":{"0":"post-84771","1":"product","2":"type-product","3":"status-publish","4":"has-post-thumbnail","6":"product_cat-binding","7":"product_tag-armoured","8":"product_tag-binding","9":"pa_auteur-seneca-lucius-annaeus-2","10":"pa_type-de-livre-printed-book","12":"first","13":"instock","14":"shipping-taxable","15":"purchasable","16":"product-type-simple"},"acf":{"artist":" Lucius Annaeus SENECA","chapeau":"Henry III's copy","adresse_bibliographique":"Florence, Giunta, 1574","book_type":"Printed book","provenance":"","afficher_prix":""},"yoast_head":"<!-- This site is optimized with the Yoast SEO plugin v24.7 - https:\/\/yoast.com\/wordpress\/plugins\/seo\/ -->\n<title>SENECA Lucius Annaeus De Benefizii. Tradotto in volgar Fiorentino da M. Benedett Varchi. Di nuovo ristampato con la vita dell&#039;autore. - Libairie Clavreuil<\/title>\n<meta name=\"robots\" content=\"index, follow, max-snippet:-1, max-image-preview:large, max-video-preview:-1\" \/>\n<link rel=\"canonical\" href=\"https:\/\/www.librairieclavreuil.com\/en\/seneque-de-benefizii-tradotto-in-volgar-fiorentino-da-m-benedett-varchi-di-nuovo-ristampato-con-la-vita-dellautore\/\" \/>\n<meta property=\"og:locale\" content=\"en_US\" \/>\n<meta property=\"og:type\" content=\"article\" \/>\n<meta property=\"og:title\" content=\"SENECA Lucius Annaeus De Benefizii. Tradotto in volgar Fiorentino da M. Benedett Varchi. Di nuovo ristampato con la vita dell&#039;autore. - Libairie Clavreuil\" \/>\n<meta property=\"og:description\" content=\"12mo (153 x 95 mm) 16 unn.l, 304 pp. Contemporary light brown morocco, triple silver fillet framing covers, central coat of arms of Henri III (OHR, 2491), flat spine, compartments decorated with a fleur-de-lis, silver edges, in a modern blue cloth slipcase.\" \/>\n<meta property=\"og:url\" content=\"https:\/\/www.librairieclavreuil.com\/en\/seneque-de-benefizii-tradotto-in-volgar-fiorentino-da-m-benedett-varchi-di-nuovo-ristampato-con-la-vita-dellautore\/\" \/>\n<meta property=\"og:site_name\" content=\"Libairie Clavreuil\" \/>\n<meta property=\"article:modified_time\" content=\"2025-10-10T12:14:14+00:00\" \/>\n<meta property=\"og:image\" content=\"https:\/\/www.librairieclavreuil.com\/wp-content\/uploads\/2025\/03\/seneque-de-benefizii-tradotto-in-volgar-fiorentino-da-m-benedett-varchi-di-nuovo-ristampato-con-la-vita-dell-autore-8190-661e91c8f00e8.jpg\" \/>\n\t<meta property=\"og:image:width\" content=\"679\" \/>\n\t<meta property=\"og:image:height\" content=\"800\" \/>\n\t<meta property=\"og:image:type\" content=\"image\/jpeg\" \/>\n<meta name=\"twitter:card\" content=\"summary_large_image\" \/>\n<meta name=\"twitter:label1\" content=\"Est. reading time\" \/>\n\t<meta name=\"twitter:data1\" content=\"3 minutes\" \/>\n<script type=\"application\/ld+json\" class=\"yoast-schema-graph\">{\"@context\":\"https:\/\/schema.org\",\"@graph\":[{\"@type\":\"WebPage\",\"@id\":\"https:\/\/www.librairieclavreuil.com\/en\/seneque-de-benefizii-tradotto-in-volgar-fiorentino-da-m-benedett-varchi-di-nuovo-ristampato-con-la-vita-dellautore\/\",\"url\":\"https:\/\/www.librairieclavreuil.com\/en\/seneque-de-benefizii-tradotto-in-volgar-fiorentino-da-m-benedett-varchi-di-nuovo-ristampato-con-la-vita-dellautore\/\",\"name\":\"SENECA Lucius Annaeus De Benefizii. Tradotto in volgar Fiorentino da M. Benedett Varchi. Di nuovo ristampato con la vita dell'autore. - Libairie Clavreuil\",\"isPartOf\":{\"@id\":\"https:\/\/www.librairieclavreuil.com\/#website\"},\"primaryImageOfPage\":{\"@id\":\"https:\/\/www.librairieclavreuil.com\/en\/seneque-de-benefizii-tradotto-in-volgar-fiorentino-da-m-benedett-varchi-di-nuovo-ristampato-con-la-vita-dellautore\/#primaryimage\"},\"image\":{\"@id\":\"https:\/\/www.librairieclavreuil.com\/en\/seneque-de-benefizii-tradotto-in-volgar-fiorentino-da-m-benedett-varchi-di-nuovo-ristampato-con-la-vita-dellautore\/#primaryimage\"},\"thumbnailUrl\":\"https:\/\/www.librairieclavreuil.com\/wp-content\/uploads\/2025\/03\/seneque-de-benefizii-tradotto-in-volgar-fiorentino-da-m-benedett-varchi-di-nuovo-ristampato-con-la-vita-dell-autore-8190-661e91c8f00e8.jpg\",\"datePublished\":\"2025-03-07T15:17:00+00:00\",\"dateModified\":\"2025-10-10T12:14:14+00:00\",\"breadcrumb\":{\"@id\":\"https:\/\/www.librairieclavreuil.com\/en\/seneque-de-benefizii-tradotto-in-volgar-fiorentino-da-m-benedett-varchi-di-nuovo-ristampato-con-la-vita-dellautore\/#breadcrumb\"},\"inLanguage\":\"en-US\",\"potentialAction\":[{\"@type\":\"ReadAction\",\"target\":[\"https:\/\/www.librairieclavreuil.com\/en\/seneque-de-benefizii-tradotto-in-volgar-fiorentino-da-m-benedett-varchi-di-nuovo-ristampato-con-la-vita-dellautore\/\"]}]},{\"@type\":\"ImageObject\",\"inLanguage\":\"en-US\",\"@id\":\"https:\/\/www.librairieclavreuil.com\/en\/seneque-de-benefizii-tradotto-in-volgar-fiorentino-da-m-benedett-varchi-di-nuovo-ristampato-con-la-vita-dellautore\/#primaryimage\",\"url\":\"https:\/\/www.librairieclavreuil.com\/wp-content\/uploads\/2025\/03\/seneque-de-benefizii-tradotto-in-volgar-fiorentino-da-m-benedett-varchi-di-nuovo-ristampato-con-la-vita-dell-autore-8190-661e91c8f00e8.jpg\",\"contentUrl\":\"https:\/\/www.librairieclavreuil.com\/wp-content\/uploads\/2025\/03\/seneque-de-benefizii-tradotto-in-volgar-fiorentino-da-m-benedett-varchi-di-nuovo-ristampato-con-la-vita-dell-autore-8190-661e91c8f00e8.jpg\",\"width\":679,\"height\":800},{\"@type\":\"BreadcrumbList\",\"@id\":\"https:\/\/www.librairieclavreuil.com\/en\/seneque-de-benefizii-tradotto-in-volgar-fiorentino-da-m-benedett-varchi-di-nuovo-ristampato-con-la-vita-dellautore\/#breadcrumb\",\"itemListElement\":[{\"@type\":\"ListItem\",\"position\":1,\"name\":\"Accueil\",\"item\":\"https:\/\/www.librairieclavreuil.com\/\"},{\"@type\":\"ListItem\",\"position\":2,\"name\":\"All our books\",\"item\":\"https:\/\/www.librairieclavreuil.com\/en\/all-our-books\/\"},{\"@type\":\"ListItem\",\"position\":3,\"name\":\"SENECA Lucius Annaeus De Benefizii. Tradotto in volgar...\"}]},{\"@type\":\"WebSite\",\"@id\":\"https:\/\/www.librairieclavreuil.com\/#website\",\"url\":\"https:\/\/www.librairieclavreuil.com\/\",\"name\":\"Libairie Clavreuil\",\"description\":\"Livres anciens, manuscrits rares et \u00e9ditions originales \u2013 Librairie Clavreuil\",\"publisher\":{\"@id\":\"https:\/\/www.librairieclavreuil.com\/#organization\"},\"potentialAction\":[{\"@type\":\"SearchAction\",\"target\":{\"@type\":\"EntryPoint\",\"urlTemplate\":\"https:\/\/www.librairieclavreuil.com\/?s={search_term_string}\"},\"query-input\":{\"@type\":\"PropertyValueSpecification\",\"valueRequired\":true,\"valueName\":\"search_term_string\"}}],\"inLanguage\":\"en-US\"},{\"@type\":\"Organization\",\"@id\":\"https:\/\/www.librairieclavreuil.com\/#organization\",\"name\":\"Libairie Clavreuil\",\"url\":\"https:\/\/www.librairieclavreuil.com\/\",\"logo\":{\"@type\":\"ImageObject\",\"inLanguage\":\"en-US\",\"@id\":\"https:\/\/www.librairieclavreuil.com\/#\/schema\/logo\/image\/\",\"url\":\"https:\/\/www.librairieclavreuil.com\/wp-content\/uploads\/2021\/06\/cropped-LOGO_PNG_DATE-_gold-512x512-1.png\",\"contentUrl\":\"https:\/\/www.librairieclavreuil.com\/wp-content\/uploads\/2021\/06\/cropped-LOGO_PNG_DATE-_gold-512x512-1.png\",\"width\":512,\"height\":512,\"caption\":\"Libairie Clavreuil\"},\"image\":{\"@id\":\"https:\/\/www.librairieclavreuil.com\/#\/schema\/logo\/image\/\"},\"sameAs\":[\"https:\/\/www.instagram.com\/librairieclavreuil\/\"]}]}<\/script>\n<!-- \/ Yoast SEO plugin. -->","yoast_head_json":{"title":"SENECA Lucius Annaeus De Benefizii. Tradotto in volgar Fiorentino da M. Benedett Varchi. Di nuovo ristampato con la vita dell'autore. - Libairie Clavreuil","robots":{"index":"index","follow":"follow","max-snippet":"max-snippet:-1","max-image-preview":"max-image-preview:large","max-video-preview":"max-video-preview:-1"},"canonical":"https:\/\/www.librairieclavreuil.com\/en\/seneque-de-benefizii-tradotto-in-volgar-fiorentino-da-m-benedett-varchi-di-nuovo-ristampato-con-la-vita-dellautore\/","og_locale":"en_US","og_type":"article","og_title":"SENECA Lucius Annaeus De Benefizii. Tradotto in volgar Fiorentino da M. Benedett Varchi. Di nuovo ristampato con la vita dell'autore. - Libairie Clavreuil","og_description":"12mo (153 x 95 mm) 16 unn.l, 304 pp. Contemporary light brown morocco, triple silver fillet framing covers, central coat of arms of Henri III (OHR, 2491), flat spine, compartments decorated with a fleur-de-lis, silver edges, in a modern blue cloth slipcase.","og_url":"https:\/\/www.librairieclavreuil.com\/en\/seneque-de-benefizii-tradotto-in-volgar-fiorentino-da-m-benedett-varchi-di-nuovo-ristampato-con-la-vita-dellautore\/","og_site_name":"Libairie Clavreuil","article_modified_time":"2025-10-10T12:14:14+00:00","og_image":[{"width":679,"height":800,"url":"https:\/\/www.librairieclavreuil.com\/wp-content\/uploads\/2025\/03\/seneque-de-benefizii-tradotto-in-volgar-fiorentino-da-m-benedett-varchi-di-nuovo-ristampato-con-la-vita-dell-autore-8190-661e91c8f00e8.jpg","type":"image\/jpeg"}],"twitter_card":"summary_large_image","twitter_misc":{"Est. reading time":"3 minutes"},"schema":{"@context":"https:\/\/schema.org","@graph":[{"@type":"WebPage","@id":"https:\/\/www.librairieclavreuil.com\/en\/seneque-de-benefizii-tradotto-in-volgar-fiorentino-da-m-benedett-varchi-di-nuovo-ristampato-con-la-vita-dellautore\/","url":"https:\/\/www.librairieclavreuil.com\/en\/seneque-de-benefizii-tradotto-in-volgar-fiorentino-da-m-benedett-varchi-di-nuovo-ristampato-con-la-vita-dellautore\/","name":"SENECA Lucius Annaeus De Benefizii. Tradotto in volgar Fiorentino da M. Benedett Varchi. Di nuovo ristampato con la vita dell'autore. - Libairie Clavreuil","isPartOf":{"@id":"https:\/\/www.librairieclavreuil.com\/#website"},"primaryImageOfPage":{"@id":"https:\/\/www.librairieclavreuil.com\/en\/seneque-de-benefizii-tradotto-in-volgar-fiorentino-da-m-benedett-varchi-di-nuovo-ristampato-con-la-vita-dellautore\/#primaryimage"},"image":{"@id":"https:\/\/www.librairieclavreuil.com\/en\/seneque-de-benefizii-tradotto-in-volgar-fiorentino-da-m-benedett-varchi-di-nuovo-ristampato-con-la-vita-dellautore\/#primaryimage"},"thumbnailUrl":"https:\/\/www.librairieclavreuil.com\/wp-content\/uploads\/2025\/03\/seneque-de-benefizii-tradotto-in-volgar-fiorentino-da-m-benedett-varchi-di-nuovo-ristampato-con-la-vita-dell-autore-8190-661e91c8f00e8.jpg","datePublished":"2025-03-07T15:17:00+00:00","dateModified":"2025-10-10T12:14:14+00:00","breadcrumb":{"@id":"https:\/\/www.librairieclavreuil.com\/en\/seneque-de-benefizii-tradotto-in-volgar-fiorentino-da-m-benedett-varchi-di-nuovo-ristampato-con-la-vita-dellautore\/#breadcrumb"},"inLanguage":"en-US","potentialAction":[{"@type":"ReadAction","target":["https:\/\/www.librairieclavreuil.com\/en\/seneque-de-benefizii-tradotto-in-volgar-fiorentino-da-m-benedett-varchi-di-nuovo-ristampato-con-la-vita-dellautore\/"]}]},{"@type":"ImageObject","inLanguage":"en-US","@id":"https:\/\/www.librairieclavreuil.com\/en\/seneque-de-benefizii-tradotto-in-volgar-fiorentino-da-m-benedett-varchi-di-nuovo-ristampato-con-la-vita-dellautore\/#primaryimage","url":"https:\/\/www.librairieclavreuil.com\/wp-content\/uploads\/2025\/03\/seneque-de-benefizii-tradotto-in-volgar-fiorentino-da-m-benedett-varchi-di-nuovo-ristampato-con-la-vita-dell-autore-8190-661e91c8f00e8.jpg","contentUrl":"https:\/\/www.librairieclavreuil.com\/wp-content\/uploads\/2025\/03\/seneque-de-benefizii-tradotto-in-volgar-fiorentino-da-m-benedett-varchi-di-nuovo-ristampato-con-la-vita-dell-autore-8190-661e91c8f00e8.jpg","width":679,"height":800},{"@type":"BreadcrumbList","@id":"https:\/\/www.librairieclavreuil.com\/en\/seneque-de-benefizii-tradotto-in-volgar-fiorentino-da-m-benedett-varchi-di-nuovo-ristampato-con-la-vita-dellautore\/#breadcrumb","itemListElement":[{"@type":"ListItem","position":1,"name":"Accueil","item":"https:\/\/www.librairieclavreuil.com\/"},{"@type":"ListItem","position":2,"name":"All our books","item":"https:\/\/www.librairieclavreuil.com\/en\/all-our-books\/"},{"@type":"ListItem","position":3,"name":"SENECA Lucius Annaeus De Benefizii. Tradotto in volgar..."}]},{"@type":"WebSite","@id":"https:\/\/www.librairieclavreuil.com\/#website","url":"https:\/\/www.librairieclavreuil.com\/","name":"Libairie Clavreuil","description":"Livres anciens, manuscrits rares et \u00e9ditions originales \u2013 Librairie Clavreuil","publisher":{"@id":"https:\/\/www.librairieclavreuil.com\/#organization"},"potentialAction":[{"@type":"SearchAction","target":{"@type":"EntryPoint","urlTemplate":"https:\/\/www.librairieclavreuil.com\/?s={search_term_string}"},"query-input":{"@type":"PropertyValueSpecification","valueRequired":true,"valueName":"search_term_string"}}],"inLanguage":"en-US"},{"@type":"Organization","@id":"https:\/\/www.librairieclavreuil.com\/#organization","name":"Libairie Clavreuil","url":"https:\/\/www.librairieclavreuil.com\/","logo":{"@type":"ImageObject","inLanguage":"en-US","@id":"https:\/\/www.librairieclavreuil.com\/#\/schema\/logo\/image\/","url":"https:\/\/www.librairieclavreuil.com\/wp-content\/uploads\/2021\/06\/cropped-LOGO_PNG_DATE-_gold-512x512-1.png","contentUrl":"https:\/\/www.librairieclavreuil.com\/wp-content\/uploads\/2021\/06\/cropped-LOGO_PNG_DATE-_gold-512x512-1.png","width":512,"height":512,"caption":"Libairie Clavreuil"},"image":{"@id":"https:\/\/www.librairieclavreuil.com\/#\/schema\/logo\/image\/"},"sameAs":["https:\/\/www.instagram.com\/librairieclavreuil\/"]}]}},"jetpack_sharing_enabled":true,"_links":{"self":[{"href":"https:\/\/www.librairieclavreuil.com\/en\/wp-json\/wp\/v2\/product\/84771","targetHints":{"allow":["GET"]}}],"collection":[{"href":"https:\/\/www.librairieclavreuil.com\/en\/wp-json\/wp\/v2\/product"}],"about":[{"href":"https:\/\/www.librairieclavreuil.com\/en\/wp-json\/wp\/v2\/types\/product"}],"replies":[{"embeddable":true,"href":"https:\/\/www.librairieclavreuil.com\/en\/wp-json\/wp\/v2\/comments?post=84771"}],"wp:featuredmedia":[{"embeddable":true,"href":"https:\/\/www.librairieclavreuil.com\/en\/wp-json\/wp\/v2\/media\/84762"}],"wp:attachment":[{"href":"https:\/\/www.librairieclavreuil.com\/en\/wp-json\/wp\/v2\/media?parent=84771"}],"wp:term":[{"taxonomy":"product_brand","embeddable":true,"href":"https:\/\/www.librairieclavreuil.com\/en\/wp-json\/wp\/v2\/product_brand?post=84771"},{"taxonomy":"product_cat","embeddable":true,"href":"https:\/\/www.librairieclavreuil.com\/en\/wp-json\/wp\/v2\/product_cat?post=84771"},{"taxonomy":"product_tag","embeddable":true,"href":"https:\/\/www.librairieclavreuil.com\/en\/wp-json\/wp\/v2\/product_tag?post=84771"}],"curies":[{"name":"wp","href":"https:\/\/api.w.org\/{rel}","templated":true}]}}