{"id":84651,"date":"2025-03-07T16:15:23","date_gmt":"2025-03-07T15:15:23","guid":{"rendered":"https:\/\/www.librairieclavreuil.com\/rabelais-francois-les-songes-drolatiques-de-pantagruel-ou-sont-contenues-plusieurs-figures-de-linvention-de-maistre-francois-rabelais\/"},"modified":"2025-07-04T16:04:12","modified_gmt":"2025-07-04T14:04:12","slug":"rabelais-francois-les-songes-drolatiques-de-pantagruel-ou-sont-contenues-plusieurs-figures-de-linvention-de-maistre-francois-rabelais","status":"publish","type":"product","link":"https:\/\/www.librairieclavreuil.com\/en\/rabelais-francois-les-songes-drolatiques-de-pantagruel-ou-sont-contenues-plusieurs-figures-de-linvention-de-maistre-francois-rabelais\/","title":{"rendered":"RABELAIS Fran\u00e7ois Les Songes drolatiques de Pantagruel, o\u00f9..."},"content":{"rendered":"<p style=\"text-align:justify\"><i>Tchemerzine-Scheler, V, 325 (citing this copy) ; Rawles-Screetch, 113 ; de Bure, Catalogue de la Biblioth\u00e8que du duc de la Valli\u00e8re, II, no. 3871 ; Brun, Le Livre fran\u00e7ais illustr\u00e9 de la Renaissance, p. 295 ; Mortimer, French, n\u00b0 499 ; Brunet IV, 1066 (&#8220;Petit volume, fort difficile \u00e0 trouver complet&#8221;).<\/i><\/p>\n<p style=\"text-align:justify\"><span style=\"font-variant:small-caps\">First and only edition of this album illustrated with 120 grotesque full-page woodcuts.<\/span><\/p>\n<p style=\"text-align:justify\">In 1565, twelve years after the death of Fran\u00e7ois Rabelais (1494-1553), the Parisian bookseller and publisher Richard Breton brought out <i>Les songes drolatiques de Pantagruel<\/i> (The drolatic dreams of Pantagruel). The slim volume, save a short preface from Breton, is made up entirely of images \u2014 120 woodcuts depicting a series of fantastically bizarre and grotesque figures, reminiscent of some of the more inventive and twisted creations of Brueghel or Bosch.<\/p>\n<p style=\"text-align:justify\">&#8220;The great familiarity I had with the late Fran\u00e7ois Rabelais,&#8221; Breton writes in the preface, &#8220;has moved and even compelled me to bring to light the last of his work, the drolatic dreams of the very excellent and wonderful Patagruel&#8221;. Despite the claims (echoed too in the book&#8217;s subtitle), the book&#8217;s wonderful images are very unlikely to be the work of Rabelais himself \u2014 the attribution probably a clever marketing ploy by Breton. Indeed, that this attribution to Rabelais is a ruse might also explain the unusual lack of text beyond the preface, the intimidating task of imitating the comic master&#8217;s distinctive literary style perhaps one step too far for Breton. The creator of the prints is now widely thought to be Fran\u00e7ois Desprez, a French engraver and illustrator behind two other sets of imaginative designs, similar in style \u2014 <i>Recueil de la diuersit\u00e9 des habits<\/i> (A Collection of Diverse Costumes) and <i>Recueil des effigies des roys de France<\/i> (A Collection of Pictures of the Kings of France) \u2014 both published through Breton in 1567.<\/p>\n<p style=\"text-align:justify\">&#8220;Recueil de figures sur bois grotesques. Rabelais est enti\u00e8rement \u00e9tranger \u00e0 la composition de ce recueil qui compl\u00e8te cependant une collection rabelaisienne. Plusieurs figures sont copi\u00e9es sur des oeuvres de Pierre Breughel grav\u00e9es par Jer\u00f4me Cock, publi\u00e9es apr\u00e8s la mort de Rabelais&#8221; (Tchemerzine).<\/p>\n<p style=\"text-align:justify\">The figures are inspired by Gothic drollery, the fashion for grotesques and the works of Brueghel, and also insidiously touch on confessional polemics against the Roman Church: one puppet wears a mitre, another what looks very much like a tiara; a third, an elephant, makes the gesture of blessing&#8230; \u2018We now know that the printer Richard Breton was committed to the ideas of the Reformation as a Calvinist whose multiple activities covered that of a propagandist of the Gospel\u2019 (see : Wildenstein, L&#8217;imprimeur-libraire Richard Breton et son inventaire apr\u00e8s d\u00e9c\u00e8s, 1571, in Biblioth\u00e8que d&#8217;Humanisme et Renaissance, XXI, 1959, pp. 364-379).<\/p>\n<p style=\"text-align:justify\">&nbsp;&#8220;Cette suite de figures d\u00e9c\u00e8le une imagination drolatique, une verve caricaturale \u00e9tourdissante. Toutes sont d&#8217;un dessin tr\u00e8s ferme et d&#8217;une taille vigoureuse quoique paraissant avoir \u00e9t\u00e9 grav\u00e9es rapidement&#8221; (Brun, pp. 60-61).&nbsp;<\/p>\n<p style=\"text-align:justify\">The only institutional copies located in the United States are in Cambridge (Harvard) and New York (NYPL).<\/p>\n<p style=\"text-align:justify\">Last quire with small marginal stains and with lower right corners formerly restored.<\/p>\n<p style=\"text-align:justify\">A very attractive and complete copy of this rare book with important bibliophile provenance.<\/p>\n<p style=\"text-align:justify\">Provenance : Duke La Valli\u00e8re (de Bure, <i>Catalogue<\/i>, vol. II, 3871).<\/p>\n","protected":false},"excerpt":{"rendered":"<p style=\"text-align:justify\">Small 8vo (151 x 92 mm) 63 nn.ll. (final blank removed by the binder). Collation : A<sup>3<\/sup> A<sup>5<\/sup> B-G<sup>8<\/sup> G<sup>7<\/sup>. Illustrated with 120 grotesque full-page woodcuts. 18th century red morocco, triple gilt filet on covers, flat spine gilt with vertical lettering, gilt turn-ins, gilt edges, in a modern black morocco clam-shell box.<\/p>\n","protected":false},"featured_media":84634,"comment_status":"open","ping_status":"closed","template":"","meta":{"_acf_changed":false},"product_brand":[],"product_cat":[544],"product_tag":[1238,1243,1450],"class_list":{"0":"post-84651","1":"product","2":"type-product","3":"status-publish","4":"has-post-thumbnail","6":"product_cat-literature","7":"product_tag-16th-century-illustrations","8":"product_tag-16th-century-literature","9":"product_tag-first-edition","10":"pa_auteur-rabelais-francois-2","11":"pa_type-de-livre-printed-book","13":"first","14":"instock","15":"shipping-taxable","16":"purchasable","17":"product-type-simple"},"acf":{"artist":"Fran\u00e7ois RABELAIS","chapeau":"A series of fantastically bizarre and grotesque figures, \r\nreminiscent of some of the more inventive and twisted creations of Brueghel or Bosch \r\nThe Duke La Valli\u00e8re's copy","adresse_bibliographique":"Paris, Richard Breton, 1565","book_type":"Printed book","provenance":"","afficher_prix":""},"yoast_head":"<!-- This site is optimized with the Yoast SEO plugin v24.7 - https:\/\/yoast.com\/wordpress\/plugins\/seo\/ -->\n<title>RABELAIS Fran\u00e7ois Les Songes drolatiques de Pantagruel, o\u00f9 sont contenues plusieurs figures de l&#039;invention de maistre Fran\u00e7ois Rabelais. - Libairie Clavreuil<\/title>\n<meta name=\"robots\" content=\"index, follow, max-snippet:-1, max-image-preview:large, max-video-preview:-1\" \/>\n<link rel=\"canonical\" href=\"https:\/\/www.librairieclavreuil.com\/en\/rabelais-francois-les-songes-drolatiques-de-pantagruel-ou-sont-contenues-plusieurs-figures-de-linvention-de-maistre-francois-rabelais\/\" \/>\n<meta property=\"og:locale\" content=\"en_US\" \/>\n<meta property=\"og:type\" content=\"article\" \/>\n<meta property=\"og:title\" content=\"RABELAIS Fran\u00e7ois Les Songes drolatiques de Pantagruel, o\u00f9 sont contenues plusieurs figures de l&#039;invention de maistre Fran\u00e7ois Rabelais. - Libairie Clavreuil\" \/>\n<meta property=\"og:description\" content=\"Small 8vo (151 x 92 mm) 63 nn.ll. (final blank removed by the binder). Collation : A3 A5 B-G8 G7. Illustrated with 120 grotesque full-page woodcuts. 18th century red morocco, triple gilt filet on covers, flat spine gilt with vertical lettering, gilt turn-ins, gilt edges, in a modern black morocco clam-shell box.\" \/>\n<meta property=\"og:url\" content=\"https:\/\/www.librairieclavreuil.com\/en\/rabelais-francois-les-songes-drolatiques-de-pantagruel-ou-sont-contenues-plusieurs-figures-de-linvention-de-maistre-francois-rabelais\/\" \/>\n<meta property=\"og:site_name\" content=\"Libairie Clavreuil\" \/>\n<meta property=\"article:modified_time\" content=\"2025-07-04T14:04:12+00:00\" \/>\n<meta property=\"og:image\" content=\"https:\/\/www.librairieclavreuil.com\/wp-content\/uploads\/2025\/03\/francois-rabelais-les-songes-drolatiques-de-pantagruel-ou-sont-contenues-plusieurs-figures-de-l-invention-de-maistre-francois-rabelais-9763-67c31ca7aa0d2.jpg\" \/>\n\t<meta property=\"og:image:width\" content=\"800\" \/>\n\t<meta property=\"og:image:height\" content=\"642\" \/>\n\t<meta property=\"og:image:type\" content=\"image\/jpeg\" \/>\n<meta name=\"twitter:card\" content=\"summary_large_image\" \/>\n<meta name=\"twitter:label1\" content=\"Est. reading time\" \/>\n\t<meta name=\"twitter:data1\" content=\"3 minutes\" \/>\n<script type=\"application\/ld+json\" class=\"yoast-schema-graph\">{\"@context\":\"https:\/\/schema.org\",\"@graph\":[{\"@type\":\"WebPage\",\"@id\":\"https:\/\/www.librairieclavreuil.com\/en\/rabelais-francois-les-songes-drolatiques-de-pantagruel-ou-sont-contenues-plusieurs-figures-de-linvention-de-maistre-francois-rabelais\/\",\"url\":\"https:\/\/www.librairieclavreuil.com\/en\/rabelais-francois-les-songes-drolatiques-de-pantagruel-ou-sont-contenues-plusieurs-figures-de-linvention-de-maistre-francois-rabelais\/\",\"name\":\"RABELAIS Fran\u00e7ois Les Songes drolatiques de Pantagruel, o\u00f9 sont contenues plusieurs figures de l'invention de maistre Fran\u00e7ois Rabelais. - Libairie Clavreuil\",\"isPartOf\":{\"@id\":\"https:\/\/www.librairieclavreuil.com\/#website\"},\"primaryImageOfPage\":{\"@id\":\"https:\/\/www.librairieclavreuil.com\/en\/rabelais-francois-les-songes-drolatiques-de-pantagruel-ou-sont-contenues-plusieurs-figures-de-linvention-de-maistre-francois-rabelais\/#primaryimage\"},\"image\":{\"@id\":\"https:\/\/www.librairieclavreuil.com\/en\/rabelais-francois-les-songes-drolatiques-de-pantagruel-ou-sont-contenues-plusieurs-figures-de-linvention-de-maistre-francois-rabelais\/#primaryimage\"},\"thumbnailUrl\":\"https:\/\/www.librairieclavreuil.com\/wp-content\/uploads\/2025\/03\/francois-rabelais-les-songes-drolatiques-de-pantagruel-ou-sont-contenues-plusieurs-figures-de-l-invention-de-maistre-francois-rabelais-9763-67c31ca7aa0d2.jpg\",\"datePublished\":\"2025-03-07T15:15:23+00:00\",\"dateModified\":\"2025-07-04T14:04:12+00:00\",\"breadcrumb\":{\"@id\":\"https:\/\/www.librairieclavreuil.com\/en\/rabelais-francois-les-songes-drolatiques-de-pantagruel-ou-sont-contenues-plusieurs-figures-de-linvention-de-maistre-francois-rabelais\/#breadcrumb\"},\"inLanguage\":\"en-US\",\"potentialAction\":[{\"@type\":\"ReadAction\",\"target\":[\"https:\/\/www.librairieclavreuil.com\/en\/rabelais-francois-les-songes-drolatiques-de-pantagruel-ou-sont-contenues-plusieurs-figures-de-linvention-de-maistre-francois-rabelais\/\"]}]},{\"@type\":\"ImageObject\",\"inLanguage\":\"en-US\",\"@id\":\"https:\/\/www.librairieclavreuil.com\/en\/rabelais-francois-les-songes-drolatiques-de-pantagruel-ou-sont-contenues-plusieurs-figures-de-linvention-de-maistre-francois-rabelais\/#primaryimage\",\"url\":\"https:\/\/www.librairieclavreuil.com\/wp-content\/uploads\/2025\/03\/francois-rabelais-les-songes-drolatiques-de-pantagruel-ou-sont-contenues-plusieurs-figures-de-l-invention-de-maistre-francois-rabelais-9763-67c31ca7aa0d2.jpg\",\"contentUrl\":\"https:\/\/www.librairieclavreuil.com\/wp-content\/uploads\/2025\/03\/francois-rabelais-les-songes-drolatiques-de-pantagruel-ou-sont-contenues-plusieurs-figures-de-l-invention-de-maistre-francois-rabelais-9763-67c31ca7aa0d2.jpg\",\"width\":800,\"height\":642},{\"@type\":\"BreadcrumbList\",\"@id\":\"https:\/\/www.librairieclavreuil.com\/en\/rabelais-francois-les-songes-drolatiques-de-pantagruel-ou-sont-contenues-plusieurs-figures-de-linvention-de-maistre-francois-rabelais\/#breadcrumb\",\"itemListElement\":[{\"@type\":\"ListItem\",\"position\":1,\"name\":\"Accueil\",\"item\":\"https:\/\/www.librairieclavreuil.com\/\"},{\"@type\":\"ListItem\",\"position\":2,\"name\":\"All our books\",\"item\":\"https:\/\/www.librairieclavreuil.com\/en\/all-our-books\/\"},{\"@type\":\"ListItem\",\"position\":3,\"name\":\"RABELAIS Fran\u00e7ois Les Songes drolatiques de Pantagruel, o\u00f9...\"}]},{\"@type\":\"WebSite\",\"@id\":\"https:\/\/www.librairieclavreuil.com\/#website\",\"url\":\"https:\/\/www.librairieclavreuil.com\/\",\"name\":\"Libairie Clavreuil\",\"description\":\"Livres anciens, manuscrits rares et \u00e9ditions originales \u2013 Librairie Clavreuil\",\"publisher\":{\"@id\":\"https:\/\/www.librairieclavreuil.com\/#organization\"},\"potentialAction\":[{\"@type\":\"SearchAction\",\"target\":{\"@type\":\"EntryPoint\",\"urlTemplate\":\"https:\/\/www.librairieclavreuil.com\/?s={search_term_string}\"},\"query-input\":{\"@type\":\"PropertyValueSpecification\",\"valueRequired\":true,\"valueName\":\"search_term_string\"}}],\"inLanguage\":\"en-US\"},{\"@type\":\"Organization\",\"@id\":\"https:\/\/www.librairieclavreuil.com\/#organization\",\"name\":\"Libairie Clavreuil\",\"url\":\"https:\/\/www.librairieclavreuil.com\/\",\"logo\":{\"@type\":\"ImageObject\",\"inLanguage\":\"en-US\",\"@id\":\"https:\/\/www.librairieclavreuil.com\/#\/schema\/logo\/image\/\",\"url\":\"https:\/\/www.librairieclavreuil.com\/wp-content\/uploads\/2021\/06\/cropped-LOGO_PNG_DATE-_gold-512x512-1.png\",\"contentUrl\":\"https:\/\/www.librairieclavreuil.com\/wp-content\/uploads\/2021\/06\/cropped-LOGO_PNG_DATE-_gold-512x512-1.png\",\"width\":512,\"height\":512,\"caption\":\"Libairie Clavreuil\"},\"image\":{\"@id\":\"https:\/\/www.librairieclavreuil.com\/#\/schema\/logo\/image\/\"},\"sameAs\":[\"https:\/\/www.instagram.com\/librairieclavreuil\/\"]}]}<\/script>\n<!-- \/ Yoast SEO plugin. -->","yoast_head_json":{"title":"RABELAIS Fran\u00e7ois Les Songes drolatiques de Pantagruel, o\u00f9 sont contenues plusieurs figures de l'invention de maistre Fran\u00e7ois Rabelais. - Libairie Clavreuil","robots":{"index":"index","follow":"follow","max-snippet":"max-snippet:-1","max-image-preview":"max-image-preview:large","max-video-preview":"max-video-preview:-1"},"canonical":"https:\/\/www.librairieclavreuil.com\/en\/rabelais-francois-les-songes-drolatiques-de-pantagruel-ou-sont-contenues-plusieurs-figures-de-linvention-de-maistre-francois-rabelais\/","og_locale":"en_US","og_type":"article","og_title":"RABELAIS Fran\u00e7ois Les Songes drolatiques de Pantagruel, o\u00f9 sont contenues plusieurs figures de l'invention de maistre Fran\u00e7ois Rabelais. - Libairie Clavreuil","og_description":"Small 8vo (151 x 92 mm) 63 nn.ll. (final blank removed by the binder). Collation : A3 A5 B-G8 G7. Illustrated with 120 grotesque full-page woodcuts. 18th century red morocco, triple gilt filet on covers, flat spine gilt with vertical lettering, gilt turn-ins, gilt edges, in a modern black morocco clam-shell box.","og_url":"https:\/\/www.librairieclavreuil.com\/en\/rabelais-francois-les-songes-drolatiques-de-pantagruel-ou-sont-contenues-plusieurs-figures-de-linvention-de-maistre-francois-rabelais\/","og_site_name":"Libairie Clavreuil","article_modified_time":"2025-07-04T14:04:12+00:00","og_image":[{"width":800,"height":642,"url":"https:\/\/www.librairieclavreuil.com\/wp-content\/uploads\/2025\/03\/francois-rabelais-les-songes-drolatiques-de-pantagruel-ou-sont-contenues-plusieurs-figures-de-l-invention-de-maistre-francois-rabelais-9763-67c31ca7aa0d2.jpg","type":"image\/jpeg"}],"twitter_card":"summary_large_image","twitter_misc":{"Est. reading time":"3 minutes"},"schema":{"@context":"https:\/\/schema.org","@graph":[{"@type":"WebPage","@id":"https:\/\/www.librairieclavreuil.com\/en\/rabelais-francois-les-songes-drolatiques-de-pantagruel-ou-sont-contenues-plusieurs-figures-de-linvention-de-maistre-francois-rabelais\/","url":"https:\/\/www.librairieclavreuil.com\/en\/rabelais-francois-les-songes-drolatiques-de-pantagruel-ou-sont-contenues-plusieurs-figures-de-linvention-de-maistre-francois-rabelais\/","name":"RABELAIS Fran\u00e7ois Les Songes drolatiques de Pantagruel, o\u00f9 sont contenues plusieurs figures de l'invention de maistre Fran\u00e7ois Rabelais. - Libairie Clavreuil","isPartOf":{"@id":"https:\/\/www.librairieclavreuil.com\/#website"},"primaryImageOfPage":{"@id":"https:\/\/www.librairieclavreuil.com\/en\/rabelais-francois-les-songes-drolatiques-de-pantagruel-ou-sont-contenues-plusieurs-figures-de-linvention-de-maistre-francois-rabelais\/#primaryimage"},"image":{"@id":"https:\/\/www.librairieclavreuil.com\/en\/rabelais-francois-les-songes-drolatiques-de-pantagruel-ou-sont-contenues-plusieurs-figures-de-linvention-de-maistre-francois-rabelais\/#primaryimage"},"thumbnailUrl":"https:\/\/www.librairieclavreuil.com\/wp-content\/uploads\/2025\/03\/francois-rabelais-les-songes-drolatiques-de-pantagruel-ou-sont-contenues-plusieurs-figures-de-l-invention-de-maistre-francois-rabelais-9763-67c31ca7aa0d2.jpg","datePublished":"2025-03-07T15:15:23+00:00","dateModified":"2025-07-04T14:04:12+00:00","breadcrumb":{"@id":"https:\/\/www.librairieclavreuil.com\/en\/rabelais-francois-les-songes-drolatiques-de-pantagruel-ou-sont-contenues-plusieurs-figures-de-linvention-de-maistre-francois-rabelais\/#breadcrumb"},"inLanguage":"en-US","potentialAction":[{"@type":"ReadAction","target":["https:\/\/www.librairieclavreuil.com\/en\/rabelais-francois-les-songes-drolatiques-de-pantagruel-ou-sont-contenues-plusieurs-figures-de-linvention-de-maistre-francois-rabelais\/"]}]},{"@type":"ImageObject","inLanguage":"en-US","@id":"https:\/\/www.librairieclavreuil.com\/en\/rabelais-francois-les-songes-drolatiques-de-pantagruel-ou-sont-contenues-plusieurs-figures-de-linvention-de-maistre-francois-rabelais\/#primaryimage","url":"https:\/\/www.librairieclavreuil.com\/wp-content\/uploads\/2025\/03\/francois-rabelais-les-songes-drolatiques-de-pantagruel-ou-sont-contenues-plusieurs-figures-de-l-invention-de-maistre-francois-rabelais-9763-67c31ca7aa0d2.jpg","contentUrl":"https:\/\/www.librairieclavreuil.com\/wp-content\/uploads\/2025\/03\/francois-rabelais-les-songes-drolatiques-de-pantagruel-ou-sont-contenues-plusieurs-figures-de-l-invention-de-maistre-francois-rabelais-9763-67c31ca7aa0d2.jpg","width":800,"height":642},{"@type":"BreadcrumbList","@id":"https:\/\/www.librairieclavreuil.com\/en\/rabelais-francois-les-songes-drolatiques-de-pantagruel-ou-sont-contenues-plusieurs-figures-de-linvention-de-maistre-francois-rabelais\/#breadcrumb","itemListElement":[{"@type":"ListItem","position":1,"name":"Accueil","item":"https:\/\/www.librairieclavreuil.com\/"},{"@type":"ListItem","position":2,"name":"All our books","item":"https:\/\/www.librairieclavreuil.com\/en\/all-our-books\/"},{"@type":"ListItem","position":3,"name":"RABELAIS Fran\u00e7ois Les Songes drolatiques de Pantagruel, o\u00f9..."}]},{"@type":"WebSite","@id":"https:\/\/www.librairieclavreuil.com\/#website","url":"https:\/\/www.librairieclavreuil.com\/","name":"Libairie Clavreuil","description":"Livres anciens, manuscrits rares et \u00e9ditions originales \u2013 Librairie Clavreuil","publisher":{"@id":"https:\/\/www.librairieclavreuil.com\/#organization"},"potentialAction":[{"@type":"SearchAction","target":{"@type":"EntryPoint","urlTemplate":"https:\/\/www.librairieclavreuil.com\/?s={search_term_string}"},"query-input":{"@type":"PropertyValueSpecification","valueRequired":true,"valueName":"search_term_string"}}],"inLanguage":"en-US"},{"@type":"Organization","@id":"https:\/\/www.librairieclavreuil.com\/#organization","name":"Libairie Clavreuil","url":"https:\/\/www.librairieclavreuil.com\/","logo":{"@type":"ImageObject","inLanguage":"en-US","@id":"https:\/\/www.librairieclavreuil.com\/#\/schema\/logo\/image\/","url":"https:\/\/www.librairieclavreuil.com\/wp-content\/uploads\/2021\/06\/cropped-LOGO_PNG_DATE-_gold-512x512-1.png","contentUrl":"https:\/\/www.librairieclavreuil.com\/wp-content\/uploads\/2021\/06\/cropped-LOGO_PNG_DATE-_gold-512x512-1.png","width":512,"height":512,"caption":"Libairie Clavreuil"},"image":{"@id":"https:\/\/www.librairieclavreuil.com\/#\/schema\/logo\/image\/"},"sameAs":["https:\/\/www.instagram.com\/librairieclavreuil\/"]}]}},"jetpack_sharing_enabled":true,"_links":{"self":[{"href":"https:\/\/www.librairieclavreuil.com\/en\/wp-json\/wp\/v2\/product\/84651","targetHints":{"allow":["GET"]}}],"collection":[{"href":"https:\/\/www.librairieclavreuil.com\/en\/wp-json\/wp\/v2\/product"}],"about":[{"href":"https:\/\/www.librairieclavreuil.com\/en\/wp-json\/wp\/v2\/types\/product"}],"replies":[{"embeddable":true,"href":"https:\/\/www.librairieclavreuil.com\/en\/wp-json\/wp\/v2\/comments?post=84651"}],"wp:featuredmedia":[{"embeddable":true,"href":"https:\/\/www.librairieclavreuil.com\/en\/wp-json\/wp\/v2\/media\/84634"}],"wp:attachment":[{"href":"https:\/\/www.librairieclavreuil.com\/en\/wp-json\/wp\/v2\/media?parent=84651"}],"wp:term":[{"taxonomy":"product_brand","embeddable":true,"href":"https:\/\/www.librairieclavreuil.com\/en\/wp-json\/wp\/v2\/product_brand?post=84651"},{"taxonomy":"product_cat","embeddable":true,"href":"https:\/\/www.librairieclavreuil.com\/en\/wp-json\/wp\/v2\/product_cat?post=84651"},{"taxonomy":"product_tag","embeddable":true,"href":"https:\/\/www.librairieclavreuil.com\/en\/wp-json\/wp\/v2\/product_tag?post=84651"}],"curies":[{"name":"wp","href":"https:\/\/api.w.org\/{rel}","templated":true}]}}