{"id":84573,"date":"2025-03-07T16:08:59","date_gmt":"2025-03-07T15:08:59","guid":{"rendered":"https:\/\/www.librairieclavreuil.com\/piranesi-giovanni-battista-diverse-maniere-dadornare-i-cammini-divers-manners-of-ornamenting-chimneys-differentes-manieres-dorner-les-cheminees\/"},"modified":"2025-03-07T16:09:02","modified_gmt":"2025-03-07T15:09:02","slug":"piranesi-giovanni-battista-diverse-maniere-dadornare-i-cammini-divers-manners-of-ornamenting-chimneys-differentes-manieres-dorner-les-cheminees","status":"publish","type":"product","link":"https:\/\/www.librairieclavreuil.com\/en\/piranesi-giovanni-battista-diverse-maniere-dadornare-i-cammini-divers-manners-of-ornamenting-chimneys-differentes-manieres-dorner-les-cheminees\/","title":{"rendered":"PIRANESI Giovanni Battista Diverse Maniere d&#8217;adornare i Cammini..."},"content":{"rendered":"<p style=\"text-align:justify\"><i>Hind, p. 86 ; Wilton-Ely, II, nos. 815-887 ; Ficacci, nos. 629-699 ; Kat. Berlin, 3820.<\/i><\/p>\n<p style=\"text-align:justify\"><span style=\"font-variant:small-caps\">First edition of this magnificent work of ornamentation. It is dedicated to Cardinal Giambattista Rezzonico, one of Piranesi&#8217;s patrons. Published at the height of Piranesi&#8217;s career as an engraver, it celebrates the influence of Etruscan and Egyptian art on classical Graeco-Roman art.<\/span><\/p>\n<p style=\"text-align:justify\">&#8220;This work appeared at the end of the most significant and productive decade in Piranesi\u2019s career, in terms of both theory and practice. It appropriately brings together a considered statement of his radical aesthetic, first voice in the <i>Parere su l\u2019Architettura<\/i>, and an impressive corpus of design ostensibly executed according to his theoretical standpoint. Equally appositely the book is dedicated tone of the most sympathetic patrons, Cardinal Giambattista Rezzonico, and is addressed to an international audience of patrons and designers through parallel texts in Italian, French and English\u2026 [In the 1764-1765] Piranesi undertook various schemes of interior decorations, often involving furniture, for the Pope at Castel Gandolfo, for the Cardinal at the Lateran and for Senator Abbondio Rezzonico at the Palazzo Senatorio. In this period the artist designed the painted decorations in the Egyptian style for the Caff\u00e8 degli Inglesi in the Piazza di Spagna and also devised several ornamental chimneypieces, ingeniously incorporating antique fragments, for various foreign clients. The architectural commissions apart, most of these achievements ae represented among the group of 67 plates in the <i>Diverse Maniere. <\/i>These images illustrate the text expounding bis philosophy of design, which opens the book\u2026. Piranesi\u2019s criteria are essentially visual rather than literary, and he aired some extremely original ideas on the stylization of natural forms in antiquity. The plates which follow are intended to point out these observations, and Piranesi is anxious to point out that he has given a particular prominence to the chimneypiece. The 61 chimneypiece designs illustrated range from relatively restrained essays, such as those already created for the Earl of Exeter, John Hope and Senator Rezzonico to highly involved confections combining Roman and Etruscan motifs\u2026 Notable both in the <i>Essay<\/i> and in the plates is the unprecedented attention given to Egyptian style, which is represented by 11 chimneypieces and illustrations of two walls from the <i>Caff\u00e8 degli Inglesi<\/i>\u2026 The preparation of the <i>Diverse Maniere<\/i>, like that of other publication among Piranesi\u2019s more ambitious works, appears to have covered several years, and the sequence of plates frequently varies from copy to copy&#8221; (Wilton-Ely).<\/p>\n<p style=\"text-align:justify\"><span style=\"font-variant:small-caps\">The Tsar&#8217;s copy<\/span><\/p>\n<p style=\"text-align:justify\">The copy bears the seal of the Tsar&#8217;s library in Tsarskoye Selo. It is likely that Tsarevich Paul Petrovich I (1754-1801) acquired it during his excursion to Rome in 1782 together with his wife Maria Feodorovna, born Princess Sophie Dorothea of W\u00fcrttemberg (1759-1828). This copy was part of a series of major sales organized by the Soviet state in the 1930s.<\/p>\n<p style=\"text-align:justify\"><span style=\"font-variant:small-caps\">Magnificent copy, well preserved in its original binding by the Salvioni bindery at Rome. It is complete with all its required 73 engravings<\/span> (1 double leaf of engraved dedication ; 4 plates bound in the text ; 66 mostly numbered plates ; 1 head-, and one tail-piece).<\/p>\n<p style=\"text-align:justify\">Other provenance: Hans Marcus (bookseller at Cologne) \u2013 Private collection.<\/p>\n","protected":false},"excerpt":{"rendered":"<p style=\"text-align:justify\">Large folio (565 x 415 mm) title in typescript, engraved double page with dedication, 1 leaf of typescript dedication, 35 pp. (with text Italian, English, and French), 4 engraved plats bound in the text (including 2 plates depicting shells, 1 plate depicting details of Etruscan art ; 1 plate depicting household effects including a chair and a commode), 1 index leaf explaining the plate of Etruscan art, 66 engraved plates (mostly numbered). Contemporary Roman calf by the Salvioni bindery, covers richly decorated in Rocaille style, inlaid border in calf richly decorated with a large floral rule, central panel gilt with individual tools large corner piece, spine with raised bands, compartments gilt with a large tool depicting a flower, inner dentelle, endpapers with decorative floral pattern, gilt edges (<i>some light wear to hinges and to spine)<\/i>.<\/p>\n","protected":false},"featured_media":84560,"comment_status":"open","ping_status":"closed","template":"","meta":{"_acf_changed":false},"product_brand":[],"product_cat":[530],"product_tag":[1200,1267,1199],"class_list":{"0":"post-84573","1":"product","2":"type-product","3":"status-publish","4":"has-post-thumbnail","6":"product_cat-binding","7":"product_tag-architecture-2","8":"product_tag-binding","9":"product_tag-fine-arts","10":"pa_auteur-piranesi-giovanni-battista-2","11":"pa_type-de-livre-printed-book","13":"first","14":"instock","15":"shipping-taxable","16":"purchasable","17":"product-type-simple"},"acf":{"artist":" Giovanni Battista PIRANESI","chapeau":"The Tsar's copy from Tsarskoye Selo bound in Rome by Salvioni","adresse_bibliographique":"Rome, stamperia di generoso Salmoni, 1769","book_type":"Printed book","provenance":"","afficher_prix":""},"yoast_head":"<!-- This site is optimized with the Yoast SEO plugin v24.7 - https:\/\/yoast.com\/wordpress\/plugins\/seo\/ -->\n<title>PIRANESI Giovanni Battista Diverse Maniere d&#039;adornare i Cammini \/ Divers Manners of Ornamenting \/ Chimneys \/ Diff\u00e9rentes mani\u00e8res d&#039;orner les chemin\u00e9es. - Libairie Clavreuil<\/title>\n<meta name=\"robots\" content=\"index, follow, max-snippet:-1, max-image-preview:large, max-video-preview:-1\" \/>\n<link rel=\"canonical\" href=\"https:\/\/www.librairieclavreuil.com\/en\/piranesi-giovanni-battista-diverse-maniere-dadornare-i-cammini-divers-manners-of-ornamenting-chimneys-differentes-manieres-dorner-les-cheminees\/\" \/>\n<meta property=\"og:locale\" content=\"en_US\" \/>\n<meta property=\"og:type\" content=\"article\" \/>\n<meta property=\"og:title\" content=\"PIRANESI Giovanni Battista Diverse Maniere d&#039;adornare i Cammini \/ Divers Manners of Ornamenting \/ Chimneys \/ Diff\u00e9rentes mani\u00e8res d&#039;orner les chemin\u00e9es. - Libairie Clavreuil\" \/>\n<meta property=\"og:description\" content=\"Large folio (565 x 415 mm) title in typescript, engraved double page with dedication, 1 leaf of typescript dedication, 35 pp. (with text Italian, English, and French), 4 engraved plats bound in the text (including 2 plates depicting shells, 1 plate depicting details of Etruscan art ; 1 plate depicting household effects including a chair and a commode), 1 index leaf explaining the plate of Etruscan art, 66 engraved plates (mostly numbered). Contemporary Roman calf by the Salvioni bindery, covers richly decorated in Rocaille style, inlaid border in calf richly decorated with a large floral rule, central panel gilt with individual tools large corner piece, spine with raised bands, compartments gilt with a large tool depicting a flower, inner dentelle, endpapers with decorative floral pattern, gilt edges (some light wear to hinges and to spine).\" \/>\n<meta property=\"og:url\" content=\"https:\/\/www.librairieclavreuil.com\/en\/piranesi-giovanni-battista-diverse-maniere-dadornare-i-cammini-divers-manners-of-ornamenting-chimneys-differentes-manieres-dorner-les-cheminees\/\" \/>\n<meta property=\"og:site_name\" content=\"Libairie Clavreuil\" \/>\n<meta property=\"article:modified_time\" content=\"2025-03-07T15:09:02+00:00\" \/>\n<meta property=\"og:image\" content=\"https:\/\/www.librairieclavreuil.com\/wp-content\/uploads\/2025\/03\/giovanni-battista-piranesi-diverse-maniere-d-adornare-i-cammini-divers-manners-of-ornamenting-chimneys-differentes-manieres-d-orner-les-chem-66e31062651a0.jpg\" \/>\n\t<meta property=\"og:image:width\" content=\"578\" \/>\n\t<meta property=\"og:image:height\" content=\"800\" \/>\n\t<meta property=\"og:image:type\" content=\"image\/jpeg\" \/>\n<meta name=\"twitter:card\" content=\"summary_large_image\" \/>\n<meta name=\"twitter:label1\" content=\"Est. reading time\" \/>\n\t<meta name=\"twitter:data1\" content=\"3 minutes\" \/>\n<script type=\"application\/ld+json\" class=\"yoast-schema-graph\">{\"@context\":\"https:\/\/schema.org\",\"@graph\":[{\"@type\":\"WebPage\",\"@id\":\"https:\/\/www.librairieclavreuil.com\/en\/piranesi-giovanni-battista-diverse-maniere-dadornare-i-cammini-divers-manners-of-ornamenting-chimneys-differentes-manieres-dorner-les-cheminees\/\",\"url\":\"https:\/\/www.librairieclavreuil.com\/en\/piranesi-giovanni-battista-diverse-maniere-dadornare-i-cammini-divers-manners-of-ornamenting-chimneys-differentes-manieres-dorner-les-cheminees\/\",\"name\":\"PIRANESI Giovanni Battista Diverse Maniere d'adornare i Cammini \/ Divers Manners of Ornamenting \/ Chimneys \/ Diff\u00e9rentes mani\u00e8res d'orner les chemin\u00e9es. - Libairie Clavreuil\",\"isPartOf\":{\"@id\":\"https:\/\/www.librairieclavreuil.com\/#website\"},\"primaryImageOfPage\":{\"@id\":\"https:\/\/www.librairieclavreuil.com\/en\/piranesi-giovanni-battista-diverse-maniere-dadornare-i-cammini-divers-manners-of-ornamenting-chimneys-differentes-manieres-dorner-les-cheminees\/#primaryimage\"},\"image\":{\"@id\":\"https:\/\/www.librairieclavreuil.com\/en\/piranesi-giovanni-battista-diverse-maniere-dadornare-i-cammini-divers-manners-of-ornamenting-chimneys-differentes-manieres-dorner-les-cheminees\/#primaryimage\"},\"thumbnailUrl\":\"https:\/\/www.librairieclavreuil.com\/wp-content\/uploads\/2025\/03\/giovanni-battista-piranesi-diverse-maniere-d-adornare-i-cammini-divers-manners-of-ornamenting-chimneys-differentes-manieres-d-orner-les-chem-66e31062651a0.jpg\",\"datePublished\":\"2025-03-07T15:08:59+00:00\",\"dateModified\":\"2025-03-07T15:09:02+00:00\",\"breadcrumb\":{\"@id\":\"https:\/\/www.librairieclavreuil.com\/en\/piranesi-giovanni-battista-diverse-maniere-dadornare-i-cammini-divers-manners-of-ornamenting-chimneys-differentes-manieres-dorner-les-cheminees\/#breadcrumb\"},\"inLanguage\":\"en-US\",\"potentialAction\":[{\"@type\":\"ReadAction\",\"target\":[\"https:\/\/www.librairieclavreuil.com\/en\/piranesi-giovanni-battista-diverse-maniere-dadornare-i-cammini-divers-manners-of-ornamenting-chimneys-differentes-manieres-dorner-les-cheminees\/\"]}]},{\"@type\":\"ImageObject\",\"inLanguage\":\"en-US\",\"@id\":\"https:\/\/www.librairieclavreuil.com\/en\/piranesi-giovanni-battista-diverse-maniere-dadornare-i-cammini-divers-manners-of-ornamenting-chimneys-differentes-manieres-dorner-les-cheminees\/#primaryimage\",\"url\":\"https:\/\/www.librairieclavreuil.com\/wp-content\/uploads\/2025\/03\/giovanni-battista-piranesi-diverse-maniere-d-adornare-i-cammini-divers-manners-of-ornamenting-chimneys-differentes-manieres-d-orner-les-chem-66e31062651a0.jpg\",\"contentUrl\":\"https:\/\/www.librairieclavreuil.com\/wp-content\/uploads\/2025\/03\/giovanni-battista-piranesi-diverse-maniere-d-adornare-i-cammini-divers-manners-of-ornamenting-chimneys-differentes-manieres-d-orner-les-chem-66e31062651a0.jpg\",\"width\":578,\"height\":800},{\"@type\":\"BreadcrumbList\",\"@id\":\"https:\/\/www.librairieclavreuil.com\/en\/piranesi-giovanni-battista-diverse-maniere-dadornare-i-cammini-divers-manners-of-ornamenting-chimneys-differentes-manieres-dorner-les-cheminees\/#breadcrumb\",\"itemListElement\":[{\"@type\":\"ListItem\",\"position\":1,\"name\":\"Accueil\",\"item\":\"https:\/\/www.librairieclavreuil.com\/\"},{\"@type\":\"ListItem\",\"position\":2,\"name\":\"All our books\",\"item\":\"https:\/\/www.librairieclavreuil.com\/en\/all-our-books\/\"},{\"@type\":\"ListItem\",\"position\":3,\"name\":\"PIRANESI Giovanni Battista Diverse Maniere d&rsquo;adornare i Cammini...\"}]},{\"@type\":\"WebSite\",\"@id\":\"https:\/\/www.librairieclavreuil.com\/#website\",\"url\":\"https:\/\/www.librairieclavreuil.com\/\",\"name\":\"Libairie Clavreuil\",\"description\":\"Livres anciens, manuscrits rares et \u00e9ditions originales \u2013 Librairie Clavreuil\",\"publisher\":{\"@id\":\"https:\/\/www.librairieclavreuil.com\/#organization\"},\"potentialAction\":[{\"@type\":\"SearchAction\",\"target\":{\"@type\":\"EntryPoint\",\"urlTemplate\":\"https:\/\/www.librairieclavreuil.com\/?s={search_term_string}\"},\"query-input\":{\"@type\":\"PropertyValueSpecification\",\"valueRequired\":true,\"valueName\":\"search_term_string\"}}],\"inLanguage\":\"en-US\"},{\"@type\":\"Organization\",\"@id\":\"https:\/\/www.librairieclavreuil.com\/#organization\",\"name\":\"Libairie Clavreuil\",\"url\":\"https:\/\/www.librairieclavreuil.com\/\",\"logo\":{\"@type\":\"ImageObject\",\"inLanguage\":\"en-US\",\"@id\":\"https:\/\/www.librairieclavreuil.com\/#\/schema\/logo\/image\/\",\"url\":\"https:\/\/www.librairieclavreuil.com\/wp-content\/uploads\/2021\/06\/cropped-LOGO_PNG_DATE-_gold-512x512-1.png\",\"contentUrl\":\"https:\/\/www.librairieclavreuil.com\/wp-content\/uploads\/2021\/06\/cropped-LOGO_PNG_DATE-_gold-512x512-1.png\",\"width\":512,\"height\":512,\"caption\":\"Libairie Clavreuil\"},\"image\":{\"@id\":\"https:\/\/www.librairieclavreuil.com\/#\/schema\/logo\/image\/\"},\"sameAs\":[\"https:\/\/www.instagram.com\/librairieclavreuil\/\"]}]}<\/script>\n<!-- \/ Yoast SEO plugin. -->","yoast_head_json":{"title":"PIRANESI Giovanni Battista Diverse Maniere d'adornare i Cammini \/ Divers Manners of Ornamenting \/ Chimneys \/ Diff\u00e9rentes mani\u00e8res d'orner les chemin\u00e9es. - Libairie Clavreuil","robots":{"index":"index","follow":"follow","max-snippet":"max-snippet:-1","max-image-preview":"max-image-preview:large","max-video-preview":"max-video-preview:-1"},"canonical":"https:\/\/www.librairieclavreuil.com\/en\/piranesi-giovanni-battista-diverse-maniere-dadornare-i-cammini-divers-manners-of-ornamenting-chimneys-differentes-manieres-dorner-les-cheminees\/","og_locale":"en_US","og_type":"article","og_title":"PIRANESI Giovanni Battista Diverse Maniere d'adornare i Cammini \/ Divers Manners of Ornamenting \/ Chimneys \/ Diff\u00e9rentes mani\u00e8res d'orner les chemin\u00e9es. - Libairie Clavreuil","og_description":"Large folio (565 x 415 mm) title in typescript, engraved double page with dedication, 1 leaf of typescript dedication, 35 pp. (with text Italian, English, and French), 4 engraved plats bound in the text (including 2 plates depicting shells, 1 plate depicting details of Etruscan art ; 1 plate depicting household effects including a chair and a commode), 1 index leaf explaining the plate of Etruscan art, 66 engraved plates (mostly numbered). Contemporary Roman calf by the Salvioni bindery, covers richly decorated in Rocaille style, inlaid border in calf richly decorated with a large floral rule, central panel gilt with individual tools large corner piece, spine with raised bands, compartments gilt with a large tool depicting a flower, inner dentelle, endpapers with decorative floral pattern, gilt edges (some light wear to hinges and to spine).","og_url":"https:\/\/www.librairieclavreuil.com\/en\/piranesi-giovanni-battista-diverse-maniere-dadornare-i-cammini-divers-manners-of-ornamenting-chimneys-differentes-manieres-dorner-les-cheminees\/","og_site_name":"Libairie Clavreuil","article_modified_time":"2025-03-07T15:09:02+00:00","og_image":[{"width":578,"height":800,"url":"https:\/\/www.librairieclavreuil.com\/wp-content\/uploads\/2025\/03\/giovanni-battista-piranesi-diverse-maniere-d-adornare-i-cammini-divers-manners-of-ornamenting-chimneys-differentes-manieres-d-orner-les-chem-66e31062651a0.jpg","type":"image\/jpeg"}],"twitter_card":"summary_large_image","twitter_misc":{"Est. reading time":"3 minutes"},"schema":{"@context":"https:\/\/schema.org","@graph":[{"@type":"WebPage","@id":"https:\/\/www.librairieclavreuil.com\/en\/piranesi-giovanni-battista-diverse-maniere-dadornare-i-cammini-divers-manners-of-ornamenting-chimneys-differentes-manieres-dorner-les-cheminees\/","url":"https:\/\/www.librairieclavreuil.com\/en\/piranesi-giovanni-battista-diverse-maniere-dadornare-i-cammini-divers-manners-of-ornamenting-chimneys-differentes-manieres-dorner-les-cheminees\/","name":"PIRANESI Giovanni Battista Diverse Maniere d'adornare i Cammini \/ Divers Manners of Ornamenting \/ Chimneys \/ Diff\u00e9rentes mani\u00e8res d'orner les chemin\u00e9es. - Libairie Clavreuil","isPartOf":{"@id":"https:\/\/www.librairieclavreuil.com\/#website"},"primaryImageOfPage":{"@id":"https:\/\/www.librairieclavreuil.com\/en\/piranesi-giovanni-battista-diverse-maniere-dadornare-i-cammini-divers-manners-of-ornamenting-chimneys-differentes-manieres-dorner-les-cheminees\/#primaryimage"},"image":{"@id":"https:\/\/www.librairieclavreuil.com\/en\/piranesi-giovanni-battista-diverse-maniere-dadornare-i-cammini-divers-manners-of-ornamenting-chimneys-differentes-manieres-dorner-les-cheminees\/#primaryimage"},"thumbnailUrl":"https:\/\/www.librairieclavreuil.com\/wp-content\/uploads\/2025\/03\/giovanni-battista-piranesi-diverse-maniere-d-adornare-i-cammini-divers-manners-of-ornamenting-chimneys-differentes-manieres-d-orner-les-chem-66e31062651a0.jpg","datePublished":"2025-03-07T15:08:59+00:00","dateModified":"2025-03-07T15:09:02+00:00","breadcrumb":{"@id":"https:\/\/www.librairieclavreuil.com\/en\/piranesi-giovanni-battista-diverse-maniere-dadornare-i-cammini-divers-manners-of-ornamenting-chimneys-differentes-manieres-dorner-les-cheminees\/#breadcrumb"},"inLanguage":"en-US","potentialAction":[{"@type":"ReadAction","target":["https:\/\/www.librairieclavreuil.com\/en\/piranesi-giovanni-battista-diverse-maniere-dadornare-i-cammini-divers-manners-of-ornamenting-chimneys-differentes-manieres-dorner-les-cheminees\/"]}]},{"@type":"ImageObject","inLanguage":"en-US","@id":"https:\/\/www.librairieclavreuil.com\/en\/piranesi-giovanni-battista-diverse-maniere-dadornare-i-cammini-divers-manners-of-ornamenting-chimneys-differentes-manieres-dorner-les-cheminees\/#primaryimage","url":"https:\/\/www.librairieclavreuil.com\/wp-content\/uploads\/2025\/03\/giovanni-battista-piranesi-diverse-maniere-d-adornare-i-cammini-divers-manners-of-ornamenting-chimneys-differentes-manieres-d-orner-les-chem-66e31062651a0.jpg","contentUrl":"https:\/\/www.librairieclavreuil.com\/wp-content\/uploads\/2025\/03\/giovanni-battista-piranesi-diverse-maniere-d-adornare-i-cammini-divers-manners-of-ornamenting-chimneys-differentes-manieres-d-orner-les-chem-66e31062651a0.jpg","width":578,"height":800},{"@type":"BreadcrumbList","@id":"https:\/\/www.librairieclavreuil.com\/en\/piranesi-giovanni-battista-diverse-maniere-dadornare-i-cammini-divers-manners-of-ornamenting-chimneys-differentes-manieres-dorner-les-cheminees\/#breadcrumb","itemListElement":[{"@type":"ListItem","position":1,"name":"Accueil","item":"https:\/\/www.librairieclavreuil.com\/"},{"@type":"ListItem","position":2,"name":"All our books","item":"https:\/\/www.librairieclavreuil.com\/en\/all-our-books\/"},{"@type":"ListItem","position":3,"name":"PIRANESI Giovanni Battista Diverse Maniere d&rsquo;adornare i Cammini..."}]},{"@type":"WebSite","@id":"https:\/\/www.librairieclavreuil.com\/#website","url":"https:\/\/www.librairieclavreuil.com\/","name":"Libairie Clavreuil","description":"Livres anciens, manuscrits rares et \u00e9ditions originales \u2013 Librairie Clavreuil","publisher":{"@id":"https:\/\/www.librairieclavreuil.com\/#organization"},"potentialAction":[{"@type":"SearchAction","target":{"@type":"EntryPoint","urlTemplate":"https:\/\/www.librairieclavreuil.com\/?s={search_term_string}"},"query-input":{"@type":"PropertyValueSpecification","valueRequired":true,"valueName":"search_term_string"}}],"inLanguage":"en-US"},{"@type":"Organization","@id":"https:\/\/www.librairieclavreuil.com\/#organization","name":"Libairie Clavreuil","url":"https:\/\/www.librairieclavreuil.com\/","logo":{"@type":"ImageObject","inLanguage":"en-US","@id":"https:\/\/www.librairieclavreuil.com\/#\/schema\/logo\/image\/","url":"https:\/\/www.librairieclavreuil.com\/wp-content\/uploads\/2021\/06\/cropped-LOGO_PNG_DATE-_gold-512x512-1.png","contentUrl":"https:\/\/www.librairieclavreuil.com\/wp-content\/uploads\/2021\/06\/cropped-LOGO_PNG_DATE-_gold-512x512-1.png","width":512,"height":512,"caption":"Libairie Clavreuil"},"image":{"@id":"https:\/\/www.librairieclavreuil.com\/#\/schema\/logo\/image\/"},"sameAs":["https:\/\/www.instagram.com\/librairieclavreuil\/"]}]}},"jetpack_sharing_enabled":true,"_links":{"self":[{"href":"https:\/\/www.librairieclavreuil.com\/en\/wp-json\/wp\/v2\/product\/84573","targetHints":{"allow":["GET"]}}],"collection":[{"href":"https:\/\/www.librairieclavreuil.com\/en\/wp-json\/wp\/v2\/product"}],"about":[{"href":"https:\/\/www.librairieclavreuil.com\/en\/wp-json\/wp\/v2\/types\/product"}],"replies":[{"embeddable":true,"href":"https:\/\/www.librairieclavreuil.com\/en\/wp-json\/wp\/v2\/comments?post=84573"}],"wp:featuredmedia":[{"embeddable":true,"href":"https:\/\/www.librairieclavreuil.com\/en\/wp-json\/wp\/v2\/media\/84560"}],"wp:attachment":[{"href":"https:\/\/www.librairieclavreuil.com\/en\/wp-json\/wp\/v2\/media?parent=84573"}],"wp:term":[{"taxonomy":"product_brand","embeddable":true,"href":"https:\/\/www.librairieclavreuil.com\/en\/wp-json\/wp\/v2\/product_brand?post=84573"},{"taxonomy":"product_cat","embeddable":true,"href":"https:\/\/www.librairieclavreuil.com\/en\/wp-json\/wp\/v2\/product_cat?post=84573"},{"taxonomy":"product_tag","embeddable":true,"href":"https:\/\/www.librairieclavreuil.com\/en\/wp-json\/wp\/v2\/product_tag?post=84573"}],"curies":[{"name":"wp","href":"https:\/\/api.w.org\/{rel}","templated":true}]}}