{"id":84345,"date":"2025-03-07T16:00:18","date_gmt":"2025-03-07T15:00:18","guid":{"rendered":"https:\/\/www.librairieclavreuil.com\/flaubert-gustave-madame-bovary-moeurs-de-province-2\/"},"modified":"2025-03-07T16:00:22","modified_gmt":"2025-03-07T15:00:22","slug":"flaubert-gustave-madame-bovary-moeurs-de-province-2","status":"publish","type":"product","link":"https:\/\/www.librairieclavreuil.com\/en\/flaubert-gustave-madame-bovary-moeurs-de-province-2\/","title":{"rendered":"FLAUBERT Gustave Madame Bovary &#8211; M\u0153urs de Province-."},"content":{"rendered":"<p style=\"text-align:justify\"><i>Carteret, I, 265; Vicaire, III, 721; Clouzot, 121; Lambiotte (exemplaire n\u00b043).<\/i><\/p>\n<p style=\"text-align:justify\"><span style=\"font-variant:small-caps\">First edition, printed on large paper.<\/span><\/p>\n<p style=\"text-align:justify\">Inscribed : \u00ab&nbsp;<i>\u00c0 E. Bataille, cordial hommage d\u2019un ancien camarade de coll\u00e8ge. Gve Flaubert<\/i>&nbsp;\u00bb.<\/p>\n<p style=\"text-align:justify\">Eug\u00e8ne Bataille (1815-1878) started out as a railway engineer, but soon pursued a political career that got him into trouble. Close to Napoleon III, he was imprisoned for his part in the attempt to overthrow King Louis-Philippe. This did not prevent him from becoming a member of parliament in 1851 and being appointed to the Conseil d&#8217;\u00c9tat in 1852. He was then general councillor for the canton of Pavilly, north of Rouen, from 1858 to 1864.<\/p>\n<p style=\"text-align:justify\">He had a summer residence at Hautot-sur-Seine, near Croisset, where he regularly invited Flaubert. Bataille was also a bibliophile. He shared his love of literature with Flaubert, whom he had met on the benches of the Coll\u00e8ge Royal in Rouen.<\/p>\n<p style=\"text-align:justify\">His attachment to literature and his admiration for his childhood friend are reflected in the letter he wrote to the author on 1 June 1857, in response to the mailing of this large paper copy:&nbsp;<\/p>\n<p style=\"text-align:justify\"><span style=\"color:black\">&#8220;<\/span>Mon cher camarade,<\/p>\n<p style=\"text-align:justify\">Je n\u2019ai voulu vous remercier de la bonne pens\u00e9e que vous avez eu en m\u2019envoyant&nbsp;votre livre, qu\u2019apr\u00e8s l\u2019avoir lu et relu.<\/p>\n<p style=\"text-align:justify\">C\u2019est tout bonnement un chef d\u2019\u0153uvre.<\/p>\n<p style=\"text-align:justify\">Bien que vous soyez un fils de Balzac, tout ce que vous avez \u00e9crit est d\u2019une originalit\u00e9 extravagante, et d\u2019une v\u00e9rit\u00e9 telle, que vous vous \u00eates mis d\u00e8s votre premier&nbsp;bond dans les&nbsp;limites des grands ma\u00eetres. Malgr\u00e9 mon incomp\u00e9tence, j\u2019ose vous pr\u00e9dire une s\u00e9rie de succ\u00e8s.<\/p>\n<p style=\"text-align:justify\">Mille bonnes amiti\u00e9s<\/p>\n<p style=\"text-align:justify\">Eug\u00e8ne Bataille&#8221;<\/p>\n<p style=\"text-align:justify\">Very nice copy.<\/p>\n","protected":false},"excerpt":{"rendered":"<p style=\"text-align:justify\">1 volume 12mo (182 x 126 mm) with 2 unn.l. and 490 pp. Havana jansenist morocco, with morocco doublures, spine with raised bands, edges gilt, original cover and spine preserved, in folder and slipcase (<i>P.L. Martin<\/i>)<\/p>\n","protected":false},"featured_media":84332,"comment_status":"open","ping_status":"closed","template":"","meta":{"_acf_changed":false},"product_brand":[],"product_cat":[544],"product_tag":[598,1450,1264,1518],"class_list":{"0":"post-84345","1":"product","2":"type-product","3":"status-publish","4":"has-post-thumbnail","6":"product_cat-literature","7":"product_tag-19th-century-literature","8":"product_tag-first-edition","9":"product_tag-inscription","10":"product_tag-large-paper","11":"pa_auteur-flaubert-gustave-2","12":"pa_type-de-livre-printed-book","14":"first","15":"outofstock","16":"shipping-taxable","17":"purchasable","18":"product-type-simple"},"acf":{"artist":" Gustave FLAUBERT","chapeau":"Copy on large paper, inscribed to Eug\u00e8ne Bataille.","adresse_bibliographique":"Paris, Michel L\u00e9vy fr\u00e8res, 1857","book_type":"Printed book","provenance":"","afficher_prix":""},"yoast_head":"<!-- This site is optimized with the Yoast SEO plugin v24.7 - https:\/\/yoast.com\/wordpress\/plugins\/seo\/ -->\n<title>FLAUBERT Gustave Madame Bovary - M\u0153urs de Province-. - Libairie Clavreuil<\/title>\n<meta name=\"robots\" content=\"index, follow, max-snippet:-1, max-image-preview:large, max-video-preview:-1\" \/>\n<link rel=\"canonical\" href=\"https:\/\/www.librairieclavreuil.com\/en\/flaubert-gustave-madame-bovary-moeurs-de-province-2\/\" \/>\n<meta property=\"og:locale\" content=\"en_US\" \/>\n<meta property=\"og:type\" content=\"article\" \/>\n<meta property=\"og:title\" content=\"FLAUBERT Gustave Madame Bovary - M\u0153urs de Province-. - Libairie Clavreuil\" \/>\n<meta property=\"og:description\" content=\"1 volume 12mo (182 x 126 mm) with 2 unn.l. and 490 pp. Havana jansenist morocco, with morocco doublures, spine with raised bands, edges gilt, original cover and spine preserved, in folder and slipcase (P.L. Martin)\" \/>\n<meta property=\"og:url\" content=\"https:\/\/www.librairieclavreuil.com\/en\/flaubert-gustave-madame-bovary-moeurs-de-province-2\/\" \/>\n<meta property=\"og:site_name\" content=\"Libairie Clavreuil\" \/>\n<meta property=\"article:modified_time\" content=\"2025-03-07T15:00:22+00:00\" \/>\n<meta property=\"og:image\" content=\"https:\/\/www.librairieclavreuil.com\/wp-content\/uploads\/2025\/03\/gustave-flaubert-madame-bovary-moeurs-de-province-9765-67c2de5da62da.jpg\" \/>\n\t<meta property=\"og:image:width\" content=\"547\" \/>\n\t<meta property=\"og:image:height\" content=\"800\" \/>\n\t<meta property=\"og:image:type\" content=\"image\/jpeg\" \/>\n<meta name=\"twitter:card\" content=\"summary_large_image\" \/>\n<meta name=\"twitter:label1\" content=\"Est. reading time\" \/>\n\t<meta name=\"twitter:data1\" content=\"1 minute\" \/>\n<script type=\"application\/ld+json\" class=\"yoast-schema-graph\">{\"@context\":\"https:\/\/schema.org\",\"@graph\":[{\"@type\":\"WebPage\",\"@id\":\"https:\/\/www.librairieclavreuil.com\/en\/flaubert-gustave-madame-bovary-moeurs-de-province-2\/\",\"url\":\"https:\/\/www.librairieclavreuil.com\/en\/flaubert-gustave-madame-bovary-moeurs-de-province-2\/\",\"name\":\"FLAUBERT Gustave Madame Bovary - M\u0153urs de Province-. - Libairie Clavreuil\",\"isPartOf\":{\"@id\":\"https:\/\/www.librairieclavreuil.com\/#website\"},\"primaryImageOfPage\":{\"@id\":\"https:\/\/www.librairieclavreuil.com\/en\/flaubert-gustave-madame-bovary-moeurs-de-province-2\/#primaryimage\"},\"image\":{\"@id\":\"https:\/\/www.librairieclavreuil.com\/en\/flaubert-gustave-madame-bovary-moeurs-de-province-2\/#primaryimage\"},\"thumbnailUrl\":\"https:\/\/www.librairieclavreuil.com\/wp-content\/uploads\/2025\/03\/gustave-flaubert-madame-bovary-moeurs-de-province-9765-67c2de5da62da.jpg\",\"datePublished\":\"2025-03-07T15:00:18+00:00\",\"dateModified\":\"2025-03-07T15:00:22+00:00\",\"breadcrumb\":{\"@id\":\"https:\/\/www.librairieclavreuil.com\/en\/flaubert-gustave-madame-bovary-moeurs-de-province-2\/#breadcrumb\"},\"inLanguage\":\"en-US\",\"potentialAction\":[{\"@type\":\"ReadAction\",\"target\":[\"https:\/\/www.librairieclavreuil.com\/en\/flaubert-gustave-madame-bovary-moeurs-de-province-2\/\"]}]},{\"@type\":\"ImageObject\",\"inLanguage\":\"en-US\",\"@id\":\"https:\/\/www.librairieclavreuil.com\/en\/flaubert-gustave-madame-bovary-moeurs-de-province-2\/#primaryimage\",\"url\":\"https:\/\/www.librairieclavreuil.com\/wp-content\/uploads\/2025\/03\/gustave-flaubert-madame-bovary-moeurs-de-province-9765-67c2de5da62da.jpg\",\"contentUrl\":\"https:\/\/www.librairieclavreuil.com\/wp-content\/uploads\/2025\/03\/gustave-flaubert-madame-bovary-moeurs-de-province-9765-67c2de5da62da.jpg\",\"width\":547,\"height\":800},{\"@type\":\"BreadcrumbList\",\"@id\":\"https:\/\/www.librairieclavreuil.com\/en\/flaubert-gustave-madame-bovary-moeurs-de-province-2\/#breadcrumb\",\"itemListElement\":[{\"@type\":\"ListItem\",\"position\":1,\"name\":\"Accueil\",\"item\":\"https:\/\/www.librairieclavreuil.com\/\"},{\"@type\":\"ListItem\",\"position\":2,\"name\":\"All our books\",\"item\":\"https:\/\/www.librairieclavreuil.com\/en\/all-our-books\/\"},{\"@type\":\"ListItem\",\"position\":3,\"name\":\"FLAUBERT Gustave Madame Bovary &#8211; M\u0153urs de Province-.\"}]},{\"@type\":\"WebSite\",\"@id\":\"https:\/\/www.librairieclavreuil.com\/#website\",\"url\":\"https:\/\/www.librairieclavreuil.com\/\",\"name\":\"Libairie Clavreuil\",\"description\":\"Livres anciens, manuscrits rares et \u00e9ditions originales \u2013 Librairie Clavreuil\",\"publisher\":{\"@id\":\"https:\/\/www.librairieclavreuil.com\/#organization\"},\"potentialAction\":[{\"@type\":\"SearchAction\",\"target\":{\"@type\":\"EntryPoint\",\"urlTemplate\":\"https:\/\/www.librairieclavreuil.com\/?s={search_term_string}\"},\"query-input\":{\"@type\":\"PropertyValueSpecification\",\"valueRequired\":true,\"valueName\":\"search_term_string\"}}],\"inLanguage\":\"en-US\"},{\"@type\":\"Organization\",\"@id\":\"https:\/\/www.librairieclavreuil.com\/#organization\",\"name\":\"Libairie Clavreuil\",\"url\":\"https:\/\/www.librairieclavreuil.com\/\",\"logo\":{\"@type\":\"ImageObject\",\"inLanguage\":\"en-US\",\"@id\":\"https:\/\/www.librairieclavreuil.com\/#\/schema\/logo\/image\/\",\"url\":\"https:\/\/www.librairieclavreuil.com\/wp-content\/uploads\/2021\/06\/cropped-LOGO_PNG_DATE-_gold-512x512-1.png\",\"contentUrl\":\"https:\/\/www.librairieclavreuil.com\/wp-content\/uploads\/2021\/06\/cropped-LOGO_PNG_DATE-_gold-512x512-1.png\",\"width\":512,\"height\":512,\"caption\":\"Libairie Clavreuil\"},\"image\":{\"@id\":\"https:\/\/www.librairieclavreuil.com\/#\/schema\/logo\/image\/\"},\"sameAs\":[\"https:\/\/www.instagram.com\/librairieclavreuil\/\"]}]}<\/script>\n<!-- \/ Yoast SEO plugin. -->","yoast_head_json":{"title":"FLAUBERT Gustave Madame Bovary - M\u0153urs de Province-. - Libairie Clavreuil","robots":{"index":"index","follow":"follow","max-snippet":"max-snippet:-1","max-image-preview":"max-image-preview:large","max-video-preview":"max-video-preview:-1"},"canonical":"https:\/\/www.librairieclavreuil.com\/en\/flaubert-gustave-madame-bovary-moeurs-de-province-2\/","og_locale":"en_US","og_type":"article","og_title":"FLAUBERT Gustave Madame Bovary - M\u0153urs de Province-. - Libairie Clavreuil","og_description":"1 volume 12mo (182 x 126 mm) with 2 unn.l. and 490 pp. Havana jansenist morocco, with morocco doublures, spine with raised bands, edges gilt, original cover and spine preserved, in folder and slipcase (P.L. Martin)","og_url":"https:\/\/www.librairieclavreuil.com\/en\/flaubert-gustave-madame-bovary-moeurs-de-province-2\/","og_site_name":"Libairie Clavreuil","article_modified_time":"2025-03-07T15:00:22+00:00","og_image":[{"width":547,"height":800,"url":"https:\/\/www.librairieclavreuil.com\/wp-content\/uploads\/2025\/03\/gustave-flaubert-madame-bovary-moeurs-de-province-9765-67c2de5da62da.jpg","type":"image\/jpeg"}],"twitter_card":"summary_large_image","twitter_misc":{"Est. reading time":"1 minute"},"schema":{"@context":"https:\/\/schema.org","@graph":[{"@type":"WebPage","@id":"https:\/\/www.librairieclavreuil.com\/en\/flaubert-gustave-madame-bovary-moeurs-de-province-2\/","url":"https:\/\/www.librairieclavreuil.com\/en\/flaubert-gustave-madame-bovary-moeurs-de-province-2\/","name":"FLAUBERT Gustave Madame Bovary - M\u0153urs de Province-. - Libairie Clavreuil","isPartOf":{"@id":"https:\/\/www.librairieclavreuil.com\/#website"},"primaryImageOfPage":{"@id":"https:\/\/www.librairieclavreuil.com\/en\/flaubert-gustave-madame-bovary-moeurs-de-province-2\/#primaryimage"},"image":{"@id":"https:\/\/www.librairieclavreuil.com\/en\/flaubert-gustave-madame-bovary-moeurs-de-province-2\/#primaryimage"},"thumbnailUrl":"https:\/\/www.librairieclavreuil.com\/wp-content\/uploads\/2025\/03\/gustave-flaubert-madame-bovary-moeurs-de-province-9765-67c2de5da62da.jpg","datePublished":"2025-03-07T15:00:18+00:00","dateModified":"2025-03-07T15:00:22+00:00","breadcrumb":{"@id":"https:\/\/www.librairieclavreuil.com\/en\/flaubert-gustave-madame-bovary-moeurs-de-province-2\/#breadcrumb"},"inLanguage":"en-US","potentialAction":[{"@type":"ReadAction","target":["https:\/\/www.librairieclavreuil.com\/en\/flaubert-gustave-madame-bovary-moeurs-de-province-2\/"]}]},{"@type":"ImageObject","inLanguage":"en-US","@id":"https:\/\/www.librairieclavreuil.com\/en\/flaubert-gustave-madame-bovary-moeurs-de-province-2\/#primaryimage","url":"https:\/\/www.librairieclavreuil.com\/wp-content\/uploads\/2025\/03\/gustave-flaubert-madame-bovary-moeurs-de-province-9765-67c2de5da62da.jpg","contentUrl":"https:\/\/www.librairieclavreuil.com\/wp-content\/uploads\/2025\/03\/gustave-flaubert-madame-bovary-moeurs-de-province-9765-67c2de5da62da.jpg","width":547,"height":800},{"@type":"BreadcrumbList","@id":"https:\/\/www.librairieclavreuil.com\/en\/flaubert-gustave-madame-bovary-moeurs-de-province-2\/#breadcrumb","itemListElement":[{"@type":"ListItem","position":1,"name":"Accueil","item":"https:\/\/www.librairieclavreuil.com\/"},{"@type":"ListItem","position":2,"name":"All our books","item":"https:\/\/www.librairieclavreuil.com\/en\/all-our-books\/"},{"@type":"ListItem","position":3,"name":"FLAUBERT Gustave Madame Bovary &#8211; M\u0153urs de Province-."}]},{"@type":"WebSite","@id":"https:\/\/www.librairieclavreuil.com\/#website","url":"https:\/\/www.librairieclavreuil.com\/","name":"Libairie Clavreuil","description":"Livres anciens, manuscrits rares et \u00e9ditions originales \u2013 Librairie Clavreuil","publisher":{"@id":"https:\/\/www.librairieclavreuil.com\/#organization"},"potentialAction":[{"@type":"SearchAction","target":{"@type":"EntryPoint","urlTemplate":"https:\/\/www.librairieclavreuil.com\/?s={search_term_string}"},"query-input":{"@type":"PropertyValueSpecification","valueRequired":true,"valueName":"search_term_string"}}],"inLanguage":"en-US"},{"@type":"Organization","@id":"https:\/\/www.librairieclavreuil.com\/#organization","name":"Libairie Clavreuil","url":"https:\/\/www.librairieclavreuil.com\/","logo":{"@type":"ImageObject","inLanguage":"en-US","@id":"https:\/\/www.librairieclavreuil.com\/#\/schema\/logo\/image\/","url":"https:\/\/www.librairieclavreuil.com\/wp-content\/uploads\/2021\/06\/cropped-LOGO_PNG_DATE-_gold-512x512-1.png","contentUrl":"https:\/\/www.librairieclavreuil.com\/wp-content\/uploads\/2021\/06\/cropped-LOGO_PNG_DATE-_gold-512x512-1.png","width":512,"height":512,"caption":"Libairie Clavreuil"},"image":{"@id":"https:\/\/www.librairieclavreuil.com\/#\/schema\/logo\/image\/"},"sameAs":["https:\/\/www.instagram.com\/librairieclavreuil\/"]}]}},"jetpack_sharing_enabled":true,"_links":{"self":[{"href":"https:\/\/www.librairieclavreuil.com\/en\/wp-json\/wp\/v2\/product\/84345","targetHints":{"allow":["GET"]}}],"collection":[{"href":"https:\/\/www.librairieclavreuil.com\/en\/wp-json\/wp\/v2\/product"}],"about":[{"href":"https:\/\/www.librairieclavreuil.com\/en\/wp-json\/wp\/v2\/types\/product"}],"replies":[{"embeddable":true,"href":"https:\/\/www.librairieclavreuil.com\/en\/wp-json\/wp\/v2\/comments?post=84345"}],"wp:featuredmedia":[{"embeddable":true,"href":"https:\/\/www.librairieclavreuil.com\/en\/wp-json\/wp\/v2\/media\/84332"}],"wp:attachment":[{"href":"https:\/\/www.librairieclavreuil.com\/en\/wp-json\/wp\/v2\/media?parent=84345"}],"wp:term":[{"taxonomy":"product_brand","embeddable":true,"href":"https:\/\/www.librairieclavreuil.com\/en\/wp-json\/wp\/v2\/product_brand?post=84345"},{"taxonomy":"product_cat","embeddable":true,"href":"https:\/\/www.librairieclavreuil.com\/en\/wp-json\/wp\/v2\/product_cat?post=84345"},{"taxonomy":"product_tag","embeddable":true,"href":"https:\/\/www.librairieclavreuil.com\/en\/wp-json\/wp\/v2\/product_tag?post=84345"}],"curies":[{"name":"wp","href":"https:\/\/api.w.org\/{rel}","templated":true}]}}