{"id":84111,"date":"2025-03-07T15:54:30","date_gmt":"2025-03-07T14:54:30","guid":{"rendered":"https:\/\/www.librairieclavreuil.com\/carburi-de-ceffalonie-marin-monument-eleve-a-la-gloire-de-pierre-le-grand-ou-relation-des-travaux-et-des-moyens-mechaniques-qui-ont-ete-employes\/"},"modified":"2025-11-18T15:44:27","modified_gmt":"2025-11-18T14:44:27","slug":"carburi-de-ceffalonie-marin-monument-eleve-a-la-gloire-de-pierre-le-grand-ou-relation-des-travaux-et-des-moyens-mechaniques-qui-ont-ete-employes","status":"publish","type":"product","link":"https:\/\/www.librairieclavreuil.com\/en\/carburi-de-ceffalonie-marin-monument-eleve-a-la-gloire-de-pierre-le-grand-ou-relation-des-travaux-et-des-moyens-mechaniques-qui-ont-ete-employes\/","title":{"rendered":"CARBURI DE CEFFALONIE Marin Monument \u00e9lev\u00e9 \u00e0 la..."},"content":{"rendered":"<p style=\"text-align:justify\"><i>OHR, 2508, fer 8 (citing this copy); Kat. Berlin, no. 1794; Pierre-Charles Levesque, Encyclop\u00e9die m\u00e9thodique. Beaux-Arts, 1788, pp. 262-263; Hoefer, VIII, col. 679; Andrews, The Science and Engineering of Materials, p. 367;&nbsp;not mentioned by Quentin-Bauchart.<\/i><\/p>\n<p style=\"text-align:justify\">This beautiful work recounts the transport of the granite block intended to form the base of the famous equestrian statue of Peter the Great in Saint Petersburg. The statue was commissioned by Catherine II from the French sculptor \u00c9tienne Falconet. Its pedestal, a 600-ton rock measuring 11 x 6 x 7 meters in height, came from the Gulf of Finland, in Lakhta near Saint Petersburg. This block of granite, called \u201c\u0413\u0440\u043e\u043c-\u043a\u0430\u043c\u0435\u043d\u044c\u201d (Thunder Stone), was embedded in marshy ground and had to be extracted using cranes and capstans. It was then hauled to the shore during the winter, on frozen ground, using an ingenious device: a metal sled equipped with copper spheres rolling on movable rails and teams of hundreds of muzhiks pulling cables to the beat of drums. From there, a huge raft attached between two ships transported the rock across the sea to the mouth of the Neva River in St. Petersburg. This statue of Peter the Great, on his monumental rock, still dominates Senate Square in St. Petersburg (renamed \u201cDecembrist Square\u201d after the revolution), facing the Neva River. This pedestal is reputed to be the largest stone ever moved by man.<\/p>\n<p style=\"text-align:justify\">Marin Carburi (1729-1782), a Greek engineer in the service of Catherine II, traveled to France after this mission and had this beautifully illustrated work printed. He then returned to C\u00e9laphonie (then part of Venice) to develop agriculture there, but was assassinated by his workers in 1782.<\/p>\n<p style=\"text-align:justify\"><span style=\"font-variant:small-caps\">A prestigious and magnificent copy bound for Queen Marie Antoinette.A magnificent copy with many prestigious provenances.<\/span><\/p>\n<p style=\"text-align:justify\">Provenance : Marie-Antoinette, Quen of France (1755-1793) &#8211; comte de La B\u00e9raudi\u00e8re (sale 1885) &#8211; Jacques Hennessy (sale 3 july 1929, no. 148) &#8211; Librairie Pierre Chr\u00e9tien &#8211; Paul-Louis Weiller (sale Paris, 8 april 2011, lot 672) &#8211; Alain Moatti (bookplate).<\/p>\n","protected":false},"excerpt":{"rendered":"<p style=\"text-align:justify\">Folio (433 x 278mm) 47 pp., 12 engraved plates (5 double page and 7 folding) by R. Delvaux et Sellier after L.-N. Van Blarenbergh and de Fossier. Contemporary red morocco, triple gilt filet on covers, central coat of arms of Queen Marie-Antoinette (OHR, &nbsp;2508, no. 8), spine gilt with raised bands, compartments decorated with fleur-de-lys tool, gilt inner border, gilt edges.<\/p>\n","protected":false},"featured_media":84100,"comment_status":"open","ping_status":"closed","template":"","meta":{"_acf_changed":false},"product_brand":[],"product_cat":[530],"product_tag":[1240,1267,1450,580,1329],"class_list":{"0":"post-84111","1":"product","2":"type-product","3":"status-publish","4":"has-post-thumbnail","6":"product_cat-binding","7":"product_tag-18th-century-illustrations","8":"product_tag-binding","9":"product_tag-first-edition","10":"product_tag-hydraulic","11":"product_tag-technology","12":"pa_auteur-carburi-de-ceffalonie-marin-2","14":"first","15":"instock","16":"shipping-taxable","17":"purchasable","18":"product-type-simple"},"acf":{"artist":"Marin CARBURI DE CEFFALONIE","chapeau":"Queen Marie-Antoinette's copy","adresse_bibliographique":"Paris, chez Nyon & Stoupe, 1777","book_type":"","provenance":"","afficher_prix":""},"yoast_head":"<!-- This site is optimized with the Yoast SEO plugin v24.7 - https:\/\/yoast.com\/wordpress\/plugins\/seo\/ -->\n<title>CARBURI DE CEFFALONIE Marin Monument \u00e9lev\u00e9 \u00e0 la gloire de Pierre-Le-Grand, ou Relation des travaux et des moyens m\u00e9chaniques qui ont \u00e9t\u00e9 employ\u00e9s... - Libairie Clavreuil<\/title>\n<meta name=\"robots\" content=\"index, follow, max-snippet:-1, max-image-preview:large, max-video-preview:-1\" \/>\n<link rel=\"canonical\" href=\"https:\/\/www.librairieclavreuil.com\/en\/carburi-de-ceffalonie-marin-monument-eleve-a-la-gloire-de-pierre-le-grand-ou-relation-des-travaux-et-des-moyens-mechaniques-qui-ont-ete-employes\/\" \/>\n<meta property=\"og:locale\" content=\"en_US\" \/>\n<meta property=\"og:type\" content=\"article\" \/>\n<meta property=\"og:title\" content=\"CARBURI DE CEFFALONIE Marin Monument \u00e9lev\u00e9 \u00e0 la gloire de Pierre-Le-Grand, ou Relation des travaux et des moyens m\u00e9chaniques qui ont \u00e9t\u00e9 employ\u00e9s... - Libairie Clavreuil\" \/>\n<meta property=\"og:description\" content=\"Folio (433 x 278mm) 47 pp., 12 engraved plates (5 double page and 7 folding) by R. Delvaux et Sellier after L.-N. Van Blarenbergh and de Fossier. Contemporary red morocco, triple gilt filet on covers, central coat of arms of Queen Marie-Antoinette (OHR, &nbsp;2508, no. 8), spine gilt with raised bands, compartments decorated with fleur-de-lys tool, gilt inner border, gilt edges.\" \/>\n<meta property=\"og:url\" content=\"https:\/\/www.librairieclavreuil.com\/en\/carburi-de-ceffalonie-marin-monument-eleve-a-la-gloire-de-pierre-le-grand-ou-relation-des-travaux-et-des-moyens-mechaniques-qui-ont-ete-employes\/\" \/>\n<meta property=\"og:site_name\" content=\"Libairie Clavreuil\" \/>\n<meta property=\"article:modified_time\" content=\"2025-11-18T14:44:27+00:00\" \/>\n<meta property=\"og:image\" content=\"https:\/\/www.librairieclavreuil.com\/wp-content\/uploads\/2025\/03\/marin-carburi-de-ceffalonie-monument-eleve-a-la-gloire-de-pierre-le-grand-ou-relation-des-travaux-et-des-moyens-mechaniques-qui-ont-ete-employes-9500-.jpg\" \/>\n\t<meta property=\"og:image:width\" content=\"548\" \/>\n\t<meta property=\"og:image:height\" content=\"800\" \/>\n\t<meta property=\"og:image:type\" content=\"image\/jpeg\" \/>\n<meta name=\"twitter:card\" content=\"summary_large_image\" \/>\n<meta name=\"twitter:label1\" content=\"Est. reading time\" \/>\n\t<meta name=\"twitter:data1\" content=\"2 minutes\" \/>\n<script type=\"application\/ld+json\" class=\"yoast-schema-graph\">{\"@context\":\"https:\/\/schema.org\",\"@graph\":[{\"@type\":\"WebPage\",\"@id\":\"https:\/\/www.librairieclavreuil.com\/en\/carburi-de-ceffalonie-marin-monument-eleve-a-la-gloire-de-pierre-le-grand-ou-relation-des-travaux-et-des-moyens-mechaniques-qui-ont-ete-employes\/\",\"url\":\"https:\/\/www.librairieclavreuil.com\/en\/carburi-de-ceffalonie-marin-monument-eleve-a-la-gloire-de-pierre-le-grand-ou-relation-des-travaux-et-des-moyens-mechaniques-qui-ont-ete-employes\/\",\"name\":\"CARBURI DE CEFFALONIE Marin Monument \u00e9lev\u00e9 \u00e0 la gloire de Pierre-Le-Grand, ou Relation des travaux et des moyens m\u00e9chaniques qui ont \u00e9t\u00e9 employ\u00e9s... - Libairie Clavreuil\",\"isPartOf\":{\"@id\":\"https:\/\/www.librairieclavreuil.com\/#website\"},\"primaryImageOfPage\":{\"@id\":\"https:\/\/www.librairieclavreuil.com\/en\/carburi-de-ceffalonie-marin-monument-eleve-a-la-gloire-de-pierre-le-grand-ou-relation-des-travaux-et-des-moyens-mechaniques-qui-ont-ete-employes\/#primaryimage\"},\"image\":{\"@id\":\"https:\/\/www.librairieclavreuil.com\/en\/carburi-de-ceffalonie-marin-monument-eleve-a-la-gloire-de-pierre-le-grand-ou-relation-des-travaux-et-des-moyens-mechaniques-qui-ont-ete-employes\/#primaryimage\"},\"thumbnailUrl\":\"https:\/\/www.librairieclavreuil.com\/wp-content\/uploads\/2025\/03\/marin-carburi-de-ceffalonie-monument-eleve-a-la-gloire-de-pierre-le-grand-ou-relation-des-travaux-et-des-moyens-mechaniques-qui-ont-ete-employes-9500-.jpg\",\"datePublished\":\"2025-03-07T14:54:30+00:00\",\"dateModified\":\"2025-11-18T14:44:27+00:00\",\"breadcrumb\":{\"@id\":\"https:\/\/www.librairieclavreuil.com\/en\/carburi-de-ceffalonie-marin-monument-eleve-a-la-gloire-de-pierre-le-grand-ou-relation-des-travaux-et-des-moyens-mechaniques-qui-ont-ete-employes\/#breadcrumb\"},\"inLanguage\":\"en-US\",\"potentialAction\":[{\"@type\":\"ReadAction\",\"target\":[\"https:\/\/www.librairieclavreuil.com\/en\/carburi-de-ceffalonie-marin-monument-eleve-a-la-gloire-de-pierre-le-grand-ou-relation-des-travaux-et-des-moyens-mechaniques-qui-ont-ete-employes\/\"]}]},{\"@type\":\"ImageObject\",\"inLanguage\":\"en-US\",\"@id\":\"https:\/\/www.librairieclavreuil.com\/en\/carburi-de-ceffalonie-marin-monument-eleve-a-la-gloire-de-pierre-le-grand-ou-relation-des-travaux-et-des-moyens-mechaniques-qui-ont-ete-employes\/#primaryimage\",\"url\":\"https:\/\/www.librairieclavreuil.com\/wp-content\/uploads\/2025\/03\/marin-carburi-de-ceffalonie-monument-eleve-a-la-gloire-de-pierre-le-grand-ou-relation-des-travaux-et-des-moyens-mechaniques-qui-ont-ete-employes-9500-.jpg\",\"contentUrl\":\"https:\/\/www.librairieclavreuil.com\/wp-content\/uploads\/2025\/03\/marin-carburi-de-ceffalonie-monument-eleve-a-la-gloire-de-pierre-le-grand-ou-relation-des-travaux-et-des-moyens-mechaniques-qui-ont-ete-employes-9500-.jpg\",\"width\":548,\"height\":800},{\"@type\":\"BreadcrumbList\",\"@id\":\"https:\/\/www.librairieclavreuil.com\/en\/carburi-de-ceffalonie-marin-monument-eleve-a-la-gloire-de-pierre-le-grand-ou-relation-des-travaux-et-des-moyens-mechaniques-qui-ont-ete-employes\/#breadcrumb\",\"itemListElement\":[{\"@type\":\"ListItem\",\"position\":1,\"name\":\"Accueil\",\"item\":\"https:\/\/www.librairieclavreuil.com\/\"},{\"@type\":\"ListItem\",\"position\":2,\"name\":\"All our books\",\"item\":\"https:\/\/www.librairieclavreuil.com\/en\/all-our-books\/\"},{\"@type\":\"ListItem\",\"position\":3,\"name\":\"CARBURI DE CEFFALONIE Marin Monument \u00e9lev\u00e9 \u00e0 la...\"}]},{\"@type\":\"WebSite\",\"@id\":\"https:\/\/www.librairieclavreuil.com\/#website\",\"url\":\"https:\/\/www.librairieclavreuil.com\/\",\"name\":\"Libairie Clavreuil\",\"description\":\"Livres anciens, manuscrits rares et \u00e9ditions originales \u2013 Librairie Clavreuil\",\"publisher\":{\"@id\":\"https:\/\/www.librairieclavreuil.com\/#organization\"},\"potentialAction\":[{\"@type\":\"SearchAction\",\"target\":{\"@type\":\"EntryPoint\",\"urlTemplate\":\"https:\/\/www.librairieclavreuil.com\/?s={search_term_string}\"},\"query-input\":{\"@type\":\"PropertyValueSpecification\",\"valueRequired\":true,\"valueName\":\"search_term_string\"}}],\"inLanguage\":\"en-US\"},{\"@type\":\"Organization\",\"@id\":\"https:\/\/www.librairieclavreuil.com\/#organization\",\"name\":\"Libairie Clavreuil\",\"url\":\"https:\/\/www.librairieclavreuil.com\/\",\"logo\":{\"@type\":\"ImageObject\",\"inLanguage\":\"en-US\",\"@id\":\"https:\/\/www.librairieclavreuil.com\/#\/schema\/logo\/image\/\",\"url\":\"https:\/\/www.librairieclavreuil.com\/wp-content\/uploads\/2021\/06\/cropped-LOGO_PNG_DATE-_gold-512x512-1.png\",\"contentUrl\":\"https:\/\/www.librairieclavreuil.com\/wp-content\/uploads\/2021\/06\/cropped-LOGO_PNG_DATE-_gold-512x512-1.png\",\"width\":512,\"height\":512,\"caption\":\"Libairie Clavreuil\"},\"image\":{\"@id\":\"https:\/\/www.librairieclavreuil.com\/#\/schema\/logo\/image\/\"},\"sameAs\":[\"https:\/\/www.instagram.com\/librairieclavreuil\/\"]}]}<\/script>\n<!-- \/ Yoast SEO plugin. -->","yoast_head_json":{"title":"CARBURI DE CEFFALONIE Marin Monument \u00e9lev\u00e9 \u00e0 la gloire de Pierre-Le-Grand, ou Relation des travaux et des moyens m\u00e9chaniques qui ont \u00e9t\u00e9 employ\u00e9s... - Libairie Clavreuil","robots":{"index":"index","follow":"follow","max-snippet":"max-snippet:-1","max-image-preview":"max-image-preview:large","max-video-preview":"max-video-preview:-1"},"canonical":"https:\/\/www.librairieclavreuil.com\/en\/carburi-de-ceffalonie-marin-monument-eleve-a-la-gloire-de-pierre-le-grand-ou-relation-des-travaux-et-des-moyens-mechaniques-qui-ont-ete-employes\/","og_locale":"en_US","og_type":"article","og_title":"CARBURI DE CEFFALONIE Marin Monument \u00e9lev\u00e9 \u00e0 la gloire de Pierre-Le-Grand, ou Relation des travaux et des moyens m\u00e9chaniques qui ont \u00e9t\u00e9 employ\u00e9s... - Libairie Clavreuil","og_description":"Folio (433 x 278mm) 47 pp., 12 engraved plates (5 double page and 7 folding) by R. Delvaux et Sellier after L.-N. Van Blarenbergh and de Fossier. Contemporary red morocco, triple gilt filet on covers, central coat of arms of Queen Marie-Antoinette (OHR, &nbsp;2508, no. 8), spine gilt with raised bands, compartments decorated with fleur-de-lys tool, gilt inner border, gilt edges.","og_url":"https:\/\/www.librairieclavreuil.com\/en\/carburi-de-ceffalonie-marin-monument-eleve-a-la-gloire-de-pierre-le-grand-ou-relation-des-travaux-et-des-moyens-mechaniques-qui-ont-ete-employes\/","og_site_name":"Libairie Clavreuil","article_modified_time":"2025-11-18T14:44:27+00:00","og_image":[{"width":548,"height":800,"url":"https:\/\/www.librairieclavreuil.com\/wp-content\/uploads\/2025\/03\/marin-carburi-de-ceffalonie-monument-eleve-a-la-gloire-de-pierre-le-grand-ou-relation-des-travaux-et-des-moyens-mechaniques-qui-ont-ete-employes-9500-.jpg","type":"image\/jpeg"}],"twitter_card":"summary_large_image","twitter_misc":{"Est. reading time":"2 minutes"},"schema":{"@context":"https:\/\/schema.org","@graph":[{"@type":"WebPage","@id":"https:\/\/www.librairieclavreuil.com\/en\/carburi-de-ceffalonie-marin-monument-eleve-a-la-gloire-de-pierre-le-grand-ou-relation-des-travaux-et-des-moyens-mechaniques-qui-ont-ete-employes\/","url":"https:\/\/www.librairieclavreuil.com\/en\/carburi-de-ceffalonie-marin-monument-eleve-a-la-gloire-de-pierre-le-grand-ou-relation-des-travaux-et-des-moyens-mechaniques-qui-ont-ete-employes\/","name":"CARBURI DE CEFFALONIE Marin Monument \u00e9lev\u00e9 \u00e0 la gloire de Pierre-Le-Grand, ou Relation des travaux et des moyens m\u00e9chaniques qui ont \u00e9t\u00e9 employ\u00e9s... - Libairie Clavreuil","isPartOf":{"@id":"https:\/\/www.librairieclavreuil.com\/#website"},"primaryImageOfPage":{"@id":"https:\/\/www.librairieclavreuil.com\/en\/carburi-de-ceffalonie-marin-monument-eleve-a-la-gloire-de-pierre-le-grand-ou-relation-des-travaux-et-des-moyens-mechaniques-qui-ont-ete-employes\/#primaryimage"},"image":{"@id":"https:\/\/www.librairieclavreuil.com\/en\/carburi-de-ceffalonie-marin-monument-eleve-a-la-gloire-de-pierre-le-grand-ou-relation-des-travaux-et-des-moyens-mechaniques-qui-ont-ete-employes\/#primaryimage"},"thumbnailUrl":"https:\/\/www.librairieclavreuil.com\/wp-content\/uploads\/2025\/03\/marin-carburi-de-ceffalonie-monument-eleve-a-la-gloire-de-pierre-le-grand-ou-relation-des-travaux-et-des-moyens-mechaniques-qui-ont-ete-employes-9500-.jpg","datePublished":"2025-03-07T14:54:30+00:00","dateModified":"2025-11-18T14:44:27+00:00","breadcrumb":{"@id":"https:\/\/www.librairieclavreuil.com\/en\/carburi-de-ceffalonie-marin-monument-eleve-a-la-gloire-de-pierre-le-grand-ou-relation-des-travaux-et-des-moyens-mechaniques-qui-ont-ete-employes\/#breadcrumb"},"inLanguage":"en-US","potentialAction":[{"@type":"ReadAction","target":["https:\/\/www.librairieclavreuil.com\/en\/carburi-de-ceffalonie-marin-monument-eleve-a-la-gloire-de-pierre-le-grand-ou-relation-des-travaux-et-des-moyens-mechaniques-qui-ont-ete-employes\/"]}]},{"@type":"ImageObject","inLanguage":"en-US","@id":"https:\/\/www.librairieclavreuil.com\/en\/carburi-de-ceffalonie-marin-monument-eleve-a-la-gloire-de-pierre-le-grand-ou-relation-des-travaux-et-des-moyens-mechaniques-qui-ont-ete-employes\/#primaryimage","url":"https:\/\/www.librairieclavreuil.com\/wp-content\/uploads\/2025\/03\/marin-carburi-de-ceffalonie-monument-eleve-a-la-gloire-de-pierre-le-grand-ou-relation-des-travaux-et-des-moyens-mechaniques-qui-ont-ete-employes-9500-.jpg","contentUrl":"https:\/\/www.librairieclavreuil.com\/wp-content\/uploads\/2025\/03\/marin-carburi-de-ceffalonie-monument-eleve-a-la-gloire-de-pierre-le-grand-ou-relation-des-travaux-et-des-moyens-mechaniques-qui-ont-ete-employes-9500-.jpg","width":548,"height":800},{"@type":"BreadcrumbList","@id":"https:\/\/www.librairieclavreuil.com\/en\/carburi-de-ceffalonie-marin-monument-eleve-a-la-gloire-de-pierre-le-grand-ou-relation-des-travaux-et-des-moyens-mechaniques-qui-ont-ete-employes\/#breadcrumb","itemListElement":[{"@type":"ListItem","position":1,"name":"Accueil","item":"https:\/\/www.librairieclavreuil.com\/"},{"@type":"ListItem","position":2,"name":"All our books","item":"https:\/\/www.librairieclavreuil.com\/en\/all-our-books\/"},{"@type":"ListItem","position":3,"name":"CARBURI DE CEFFALONIE Marin Monument \u00e9lev\u00e9 \u00e0 la..."}]},{"@type":"WebSite","@id":"https:\/\/www.librairieclavreuil.com\/#website","url":"https:\/\/www.librairieclavreuil.com\/","name":"Libairie Clavreuil","description":"Livres anciens, manuscrits rares et \u00e9ditions originales \u2013 Librairie Clavreuil","publisher":{"@id":"https:\/\/www.librairieclavreuil.com\/#organization"},"potentialAction":[{"@type":"SearchAction","target":{"@type":"EntryPoint","urlTemplate":"https:\/\/www.librairieclavreuil.com\/?s={search_term_string}"},"query-input":{"@type":"PropertyValueSpecification","valueRequired":true,"valueName":"search_term_string"}}],"inLanguage":"en-US"},{"@type":"Organization","@id":"https:\/\/www.librairieclavreuil.com\/#organization","name":"Libairie Clavreuil","url":"https:\/\/www.librairieclavreuil.com\/","logo":{"@type":"ImageObject","inLanguage":"en-US","@id":"https:\/\/www.librairieclavreuil.com\/#\/schema\/logo\/image\/","url":"https:\/\/www.librairieclavreuil.com\/wp-content\/uploads\/2021\/06\/cropped-LOGO_PNG_DATE-_gold-512x512-1.png","contentUrl":"https:\/\/www.librairieclavreuil.com\/wp-content\/uploads\/2021\/06\/cropped-LOGO_PNG_DATE-_gold-512x512-1.png","width":512,"height":512,"caption":"Libairie Clavreuil"},"image":{"@id":"https:\/\/www.librairieclavreuil.com\/#\/schema\/logo\/image\/"},"sameAs":["https:\/\/www.instagram.com\/librairieclavreuil\/"]}]}},"jetpack_sharing_enabled":true,"_links":{"self":[{"href":"https:\/\/www.librairieclavreuil.com\/en\/wp-json\/wp\/v2\/product\/84111","targetHints":{"allow":["GET"]}}],"collection":[{"href":"https:\/\/www.librairieclavreuil.com\/en\/wp-json\/wp\/v2\/product"}],"about":[{"href":"https:\/\/www.librairieclavreuil.com\/en\/wp-json\/wp\/v2\/types\/product"}],"replies":[{"embeddable":true,"href":"https:\/\/www.librairieclavreuil.com\/en\/wp-json\/wp\/v2\/comments?post=84111"}],"wp:featuredmedia":[{"embeddable":true,"href":"https:\/\/www.librairieclavreuil.com\/en\/wp-json\/wp\/v2\/media\/84100"}],"wp:attachment":[{"href":"https:\/\/www.librairieclavreuil.com\/en\/wp-json\/wp\/v2\/media?parent=84111"}],"wp:term":[{"taxonomy":"product_brand","embeddable":true,"href":"https:\/\/www.librairieclavreuil.com\/en\/wp-json\/wp\/v2\/product_brand?post=84111"},{"taxonomy":"product_cat","embeddable":true,"href":"https:\/\/www.librairieclavreuil.com\/en\/wp-json\/wp\/v2\/product_cat?post=84111"},{"taxonomy":"product_tag","embeddable":true,"href":"https:\/\/www.librairieclavreuil.com\/en\/wp-json\/wp\/v2\/product_tag?post=84111"}],"curies":[{"name":"wp","href":"https:\/\/api.w.org\/{rel}","templated":true}]}}