{"id":83827,"date":"2025-02-19T18:14:06","date_gmt":"2025-02-19T17:14:06","guid":{"rendered":"https:\/\/www.librairieclavreuil.com\/hernandez-de-san-pedro-attribue-a-diego-le-debat-de-deux-gentilzhommes-espagnols-sur-le-faict-damour-lung-nomme-vasquiran-regrette-lamye-que-mort-lui-a-tollue-apres-lavoir-epousee\/"},"modified":"2025-02-19T18:14:10","modified_gmt":"2025-02-19T17:14:10","slug":"hernandez-de-san-pedro-attribue-a-diego-le-debat-de-deux-gentilzhommes-espagnols-sur-le-faict-damour-lung-nomme-vasquiran-regrette-lamye-que-mort-lui-a-tollue-apres-lavoir-epousee","status":"publish","type":"product","link":"https:\/\/www.librairieclavreuil.com\/en\/hernandez-de-san-pedro-attribue-a-diego-le-debat-de-deux-gentilzhommes-espagnols-sur-le-faict-damour-lung-nomme-vasquiran-regrette-lamye-que-mort-lui-a-tollue-apres-lavoir-epousee\/","title":{"rendered":"HERNANDEZ DE SAN PEDRO attribu\u00e9 \u00e0 Diego Le..."},"content":{"rendered":"<p style=\"text-align:justify\"><i>B. Croce, Di un antico romanzo spagnuolo relativo alla storia di Napoli. La Question di Amor, Naples, 1894 ; Brun, p. 167 ; Palau 243468 ; Brunet, II, 548 : &#8220;livre rare&#8221; ; Charles d&#8217;Orl\u00e9ans, Ballades et Rondeaux. Edition du manuscrit 25458 du fonds fran\u00e7ais de la BnF, ed. Jean-Claude M\u00fchletaler, Paris, Lettres gothiques, Le livre de poche, 1992 ; the poems by Charles d&#8217;Orl\u00e9ans are unrecorded by Lach\u00e8vre, Bibliographie des recueils collectifs de po\u00e9sies du XVIe si\u00e8cle, Paris, Champion, 1922.<\/i><\/p>\n<p style=\"text-align:justify\">First edition of the French translation. Famous sentimental Spanish novel to which are added two ballads by Charles d&#8217;Orl\u00e9ans : <i>Veuillez vos yeulx emprisonner<\/i>, and <i>C&#8217;est grand peril de regarder<\/i>. The book opens with a fine title printed in within a large architectual wood cut border, the printer&#8217;s wood cut vignette is on the last leaf. The book is furthermore illustrated with 31 woodcut vignettes and ornate initials.<\/p>\n<p style=\"text-align:justify\">This text, attributed by some scholars to the Spanish writer Diego Hernandez de San Pedro (1437-1498), is the anonymous translation of <i>Question de amor et dos enamorados<\/i>, written in dialogue form or letters, in prose or verse form, first published in Valencia in 1513. The numerous historic details of the action happening in Naples have all been studied by Benedetto Croce. With two poems by Charles d&#8217;Orl\u00e9ans printed at the end These two famous Ballades, are amongst the oldest known, written before his long imprisonment in England (1415-1440) : <i>Veuillez vos yeulx emprisonner<\/i>, and <i>C&#8217;est grand peril de regarder<\/i> (f. 79). Although the form does not follow the original manuscript (BnF Ms. 25458), published by Chalvet in 1803, these are indeed Ballades 2 and 3, previously included in all known manuscripts as well as in the first printed books of poetry of Charles d&#8217;Orl\u00e9ans, namely : <i>Jardin de Plaisance<\/i> (1501), <i>Le Triomphe de l&#8217;Amant vert by Jean Lemaire de Belges<\/i> (1535), and <i>Chasse et le Depart d&#8217;Amours <\/i>(printed by Antoine V\u00e9rard in 1509). The lesson of the <i>D\u00e9bat<\/i> follows precisely the edition given by V\u00e9rard (folio R2).<\/p>\n<p style=\"text-align:justify\">Magnificent copy, exquisitely bound by the end of the 17th century in blue morocco<\/p>\n<p style=\"text-align:justify\">The cipher on this copy &#8211; previously attributed to the duc de Sully, Minister under King Henri IV- has recently been identified by Isabelle de Conihout and Pascal Ract-Madoux, as explained in the catalogue of the exhibition held in Chantilly in 2002 (<i>Reliures fran\u00e7aises du XVIIe si\u00e8cle. Chefs-d&#8217;oeuvre du Mus\u00e9e Cond\u00e9,<\/i> Paris, 2002). The present binding is to be counted for the group of bindings, now attributed by both scholars to the group of &#8220;reliures au grand W&#8221; (numbers 33 and 34 of the catalogue), dated between 1695-1700 and of about a dozen examples are known today. According to the researchers these binding are now part of they call &#8220;groupe 4&#8221;, predominantly bound for J\u00e9r\u00f4me Duvivier, d&#8217;Antoine Leriche, Ren\u00e9-Fran\u00e7ois marquis de La Vieuville or other important collectors of the time, also called &#8220;les curieux&#8221;.<\/p>\n<p style=\"text-align:justify\">&#8220;C&#8217;est dans le milieu des &#8220;curieux&#8221; parisiens, \u00e0 l&#8217;extr\u00eame fin du XVIIe si\u00e8cle, qu&#8217;ont fait leur apparition des reliures sp\u00e9cialement destin\u00e9es \u00e0 recouvrir des livres rares. Ces reliures ont en commun deux caract\u00e9ristiques : elles ont \u00e9t\u00e9 ex\u00e9cut\u00e9es exclusivement sur des livres fran\u00e7ais ou traduits en fran\u00e7ais&#8221; (op. cit., p. 64). Of great rarity: no copy at the Biblioth\u00e8que nationale de France, the Catalogue collectif de France indicates one single institutional copy (Versailles BM).<\/p>\n<p style=\"text-align:justify\">Small restorations on to the title page, else very fine.<\/p>\n<p style=\"text-align:justify\">Provenance : old notes on fly-leaves (no. 530 fly leaf verso as well the price 19# and numbers 20 \u00e0 24 on the fly leaf at end; Charles Butler of Warren Wood (book plate) \u2013 Bernard Malle (his discreet stamp).<\/p>\n","protected":false},"excerpt":{"rendered":"<p style=\"text-align:justify\">8vo (137 x 91 mm) 8 nn.ll., 80 num.ll. ; 27 lines plus headline, printed with round characters. Seventeenth-century dark blue morocco, triple gilt filets on covers, gilt crowned central monogram &#8216;W&#8217;, same monogramm in all corners, spine with raised bands, each compartment richly gilt and alternating in red and black, gilt turn ins, marbled and gilt edges.<\/p>\n","protected":false},"featured_media":83819,"comment_status":"open","ping_status":"closed","template":"","meta":{"_acf_changed":false},"product_brand":[],"product_cat":[530],"product_tag":[1243,1267],"class_list":{"0":"post-83827","1":"product","2":"type-product","3":"status-publish","4":"has-post-thumbnail","6":"product_cat-binding","7":"product_tag-16th-century-literature","8":"product_tag-binding","9":"pa_auteur-hernandez-de-san-pedro-attribue-a-diego-2","10":"pa_type-de-livre-printed-book","12":"first","13":"outofstock","14":"shipping-taxable","15":"purchasable","16":"product-type-simple"},"acf":{"artist":" attribu\u00e9 \u00e0 Diego HERNANDEZ DE SAN PEDRO","chapeau":"","adresse_bibliographique":"Paris, Denis Janot, 1541","book_type":"Printed book","provenance":"","afficher_prix":""},"yoast_head":"<!-- This site is optimized with the Yoast SEO plugin v24.7 - https:\/\/yoast.com\/wordpress\/plugins\/seo\/ -->\n<title>HERNANDEZ DE SAN PEDRO attribu\u00e9 \u00e0 Diego Le D\u00e9bat de deux gentilzhommes Espagnols sur le faict d&#039;amour : l&#039;ung nomm\u00e9 Vasquiran, regrette l&#039;amye, que mort lui a tollue apr\u00e8s l&#039;avoir \u00e9pous\u00e9e, &amp; l&#039;aultre nomm\u00e9 Flamvan vouldroit mourir pour la sienne, \u00e0 la charge d&#039;en jouyr par espouse ou aultrement. - Libairie Clavreuil<\/title>\n<meta name=\"robots\" content=\"index, follow, max-snippet:-1, max-image-preview:large, max-video-preview:-1\" \/>\n<link rel=\"canonical\" href=\"https:\/\/www.librairieclavreuil.com\/en\/hernandez-de-san-pedro-attribue-a-diego-le-debat-de-deux-gentilzhommes-espagnols-sur-le-faict-damour-lung-nomme-vasquiran-regrette-lamye-que-mort-lui-a-tollue-apres-lavoir-epousee\/\" \/>\n<meta property=\"og:locale\" content=\"en_US\" \/>\n<meta property=\"og:type\" content=\"article\" \/>\n<meta property=\"og:title\" content=\"HERNANDEZ DE SAN PEDRO attribu\u00e9 \u00e0 Diego Le D\u00e9bat de deux gentilzhommes Espagnols sur le faict d&#039;amour : l&#039;ung nomm\u00e9 Vasquiran, regrette l&#039;amye, que mort lui a tollue apr\u00e8s l&#039;avoir \u00e9pous\u00e9e, &amp; l&#039;aultre nomm\u00e9 Flamvan vouldroit mourir pour la sienne, \u00e0 la charge d&#039;en jouyr par espouse ou aultrement. - Libairie Clavreuil\" \/>\n<meta property=\"og:description\" content=\"8vo (137 x 91 mm) 8 nn.ll., 80 num.ll. ; 27 lines plus headline, printed with round characters. Seventeenth-century dark blue morocco, triple gilt filets on covers, gilt crowned central monogram &#039;W&#039;, same monogramm in all corners, spine with raised bands, each compartment richly gilt and alternating in red and black, gilt turn ins, marbled and gilt edges.\" \/>\n<meta property=\"og:url\" content=\"https:\/\/www.librairieclavreuil.com\/en\/hernandez-de-san-pedro-attribue-a-diego-le-debat-de-deux-gentilzhommes-espagnols-sur-le-faict-damour-lung-nomme-vasquiran-regrette-lamye-que-mort-lui-a-tollue-apres-lavoir-epousee\/\" \/>\n<meta property=\"og:site_name\" content=\"Libairie Clavreuil\" \/>\n<meta property=\"article:modified_time\" content=\"2025-02-19T17:14:10+00:00\" \/>\n<meta property=\"og:image\" content=\"https:\/\/www.librairieclavreuil.com\/wp-content\/uploads\/2025\/02\/attribue-a-diego-hernandez-de-san-pedro-le-debat-de-deux-gentilzhommes-espagnols-sur-le-faict-d-amour-l-ung-nomme-vasquiran-regrette-l-amye-666063a3f299a-1.jpg\" \/>\n\t<meta property=\"og:image:width\" content=\"763\" \/>\n\t<meta property=\"og:image:height\" content=\"800\" \/>\n\t<meta property=\"og:image:type\" content=\"image\/jpeg\" \/>\n<meta name=\"twitter:card\" content=\"summary_large_image\" \/>\n<meta name=\"twitter:label1\" content=\"Est. reading time\" \/>\n\t<meta name=\"twitter:data1\" content=\"3 minutes\" \/>\n<script type=\"application\/ld+json\" class=\"yoast-schema-graph\">{\"@context\":\"https:\/\/schema.org\",\"@graph\":[{\"@type\":\"WebPage\",\"@id\":\"https:\/\/www.librairieclavreuil.com\/en\/hernandez-de-san-pedro-attribue-a-diego-le-debat-de-deux-gentilzhommes-espagnols-sur-le-faict-damour-lung-nomme-vasquiran-regrette-lamye-que-mort-lui-a-tollue-apres-lavoir-epousee\/\",\"url\":\"https:\/\/www.librairieclavreuil.com\/en\/hernandez-de-san-pedro-attribue-a-diego-le-debat-de-deux-gentilzhommes-espagnols-sur-le-faict-damour-lung-nomme-vasquiran-regrette-lamye-que-mort-lui-a-tollue-apres-lavoir-epousee\/\",\"name\":\"HERNANDEZ DE SAN PEDRO attribu\u00e9 \u00e0 Diego Le D\u00e9bat de deux gentilzhommes Espagnols sur le faict d'amour : l'ung nomm\u00e9 Vasquiran, regrette l'amye, que mort lui a tollue apr\u00e8s l'avoir \u00e9pous\u00e9e, &amp; l'aultre nomm\u00e9 Flamvan vouldroit mourir pour la sienne, \u00e0 la charge d'en jouyr par espouse ou aultrement. - Libairie Clavreuil\",\"isPartOf\":{\"@id\":\"https:\/\/www.librairieclavreuil.com\/#website\"},\"primaryImageOfPage\":{\"@id\":\"https:\/\/www.librairieclavreuil.com\/en\/hernandez-de-san-pedro-attribue-a-diego-le-debat-de-deux-gentilzhommes-espagnols-sur-le-faict-damour-lung-nomme-vasquiran-regrette-lamye-que-mort-lui-a-tollue-apres-lavoir-epousee\/#primaryimage\"},\"image\":{\"@id\":\"https:\/\/www.librairieclavreuil.com\/en\/hernandez-de-san-pedro-attribue-a-diego-le-debat-de-deux-gentilzhommes-espagnols-sur-le-faict-damour-lung-nomme-vasquiran-regrette-lamye-que-mort-lui-a-tollue-apres-lavoir-epousee\/#primaryimage\"},\"thumbnailUrl\":\"https:\/\/www.librairieclavreuil.com\/wp-content\/uploads\/2025\/02\/attribue-a-diego-hernandez-de-san-pedro-le-debat-de-deux-gentilzhommes-espagnols-sur-le-faict-d-amour-l-ung-nomme-vasquiran-regrette-l-amye-666063a3f299a-1.jpg\",\"datePublished\":\"2025-02-19T17:14:06+00:00\",\"dateModified\":\"2025-02-19T17:14:10+00:00\",\"breadcrumb\":{\"@id\":\"https:\/\/www.librairieclavreuil.com\/en\/hernandez-de-san-pedro-attribue-a-diego-le-debat-de-deux-gentilzhommes-espagnols-sur-le-faict-damour-lung-nomme-vasquiran-regrette-lamye-que-mort-lui-a-tollue-apres-lavoir-epousee\/#breadcrumb\"},\"inLanguage\":\"en-US\",\"potentialAction\":[{\"@type\":\"ReadAction\",\"target\":[\"https:\/\/www.librairieclavreuil.com\/en\/hernandez-de-san-pedro-attribue-a-diego-le-debat-de-deux-gentilzhommes-espagnols-sur-le-faict-damour-lung-nomme-vasquiran-regrette-lamye-que-mort-lui-a-tollue-apres-lavoir-epousee\/\"]}]},{\"@type\":\"ImageObject\",\"inLanguage\":\"en-US\",\"@id\":\"https:\/\/www.librairieclavreuil.com\/en\/hernandez-de-san-pedro-attribue-a-diego-le-debat-de-deux-gentilzhommes-espagnols-sur-le-faict-damour-lung-nomme-vasquiran-regrette-lamye-que-mort-lui-a-tollue-apres-lavoir-epousee\/#primaryimage\",\"url\":\"https:\/\/www.librairieclavreuil.com\/wp-content\/uploads\/2025\/02\/attribue-a-diego-hernandez-de-san-pedro-le-debat-de-deux-gentilzhommes-espagnols-sur-le-faict-d-amour-l-ung-nomme-vasquiran-regrette-l-amye-666063a3f299a-1.jpg\",\"contentUrl\":\"https:\/\/www.librairieclavreuil.com\/wp-content\/uploads\/2025\/02\/attribue-a-diego-hernandez-de-san-pedro-le-debat-de-deux-gentilzhommes-espagnols-sur-le-faict-d-amour-l-ung-nomme-vasquiran-regrette-l-amye-666063a3f299a-1.jpg\",\"width\":763,\"height\":800},{\"@type\":\"BreadcrumbList\",\"@id\":\"https:\/\/www.librairieclavreuil.com\/en\/hernandez-de-san-pedro-attribue-a-diego-le-debat-de-deux-gentilzhommes-espagnols-sur-le-faict-damour-lung-nomme-vasquiran-regrette-lamye-que-mort-lui-a-tollue-apres-lavoir-epousee\/#breadcrumb\",\"itemListElement\":[{\"@type\":\"ListItem\",\"position\":1,\"name\":\"Accueil\",\"item\":\"https:\/\/www.librairieclavreuil.com\/\"},{\"@type\":\"ListItem\",\"position\":2,\"name\":\"All our books\",\"item\":\"https:\/\/www.librairieclavreuil.com\/en\/all-our-books\/\"},{\"@type\":\"ListItem\",\"position\":3,\"name\":\"HERNANDEZ DE SAN PEDRO attribu\u00e9 \u00e0 Diego Le...\"}]},{\"@type\":\"WebSite\",\"@id\":\"https:\/\/www.librairieclavreuil.com\/#website\",\"url\":\"https:\/\/www.librairieclavreuil.com\/\",\"name\":\"Libairie Clavreuil\",\"description\":\"Livres anciens, manuscrits rares et \u00e9ditions originales \u2013 Librairie Clavreuil\",\"publisher\":{\"@id\":\"https:\/\/www.librairieclavreuil.com\/#organization\"},\"potentialAction\":[{\"@type\":\"SearchAction\",\"target\":{\"@type\":\"EntryPoint\",\"urlTemplate\":\"https:\/\/www.librairieclavreuil.com\/?s={search_term_string}\"},\"query-input\":{\"@type\":\"PropertyValueSpecification\",\"valueRequired\":true,\"valueName\":\"search_term_string\"}}],\"inLanguage\":\"en-US\"},{\"@type\":\"Organization\",\"@id\":\"https:\/\/www.librairieclavreuil.com\/#organization\",\"name\":\"Libairie Clavreuil\",\"url\":\"https:\/\/www.librairieclavreuil.com\/\",\"logo\":{\"@type\":\"ImageObject\",\"inLanguage\":\"en-US\",\"@id\":\"https:\/\/www.librairieclavreuil.com\/#\/schema\/logo\/image\/\",\"url\":\"https:\/\/www.librairieclavreuil.com\/wp-content\/uploads\/2021\/06\/cropped-LOGO_PNG_DATE-_gold-512x512-1.png\",\"contentUrl\":\"https:\/\/www.librairieclavreuil.com\/wp-content\/uploads\/2021\/06\/cropped-LOGO_PNG_DATE-_gold-512x512-1.png\",\"width\":512,\"height\":512,\"caption\":\"Libairie Clavreuil\"},\"image\":{\"@id\":\"https:\/\/www.librairieclavreuil.com\/#\/schema\/logo\/image\/\"},\"sameAs\":[\"https:\/\/www.instagram.com\/librairieclavreuil\/\"]}]}<\/script>\n<!-- \/ Yoast SEO plugin. -->","yoast_head_json":{"title":"HERNANDEZ DE SAN PEDRO attribu\u00e9 \u00e0 Diego Le D\u00e9bat de deux gentilzhommes Espagnols sur le faict d'amour : l'ung nomm\u00e9 Vasquiran, regrette l'amye, que mort lui a tollue apr\u00e8s l'avoir \u00e9pous\u00e9e, &amp; l'aultre nomm\u00e9 Flamvan vouldroit mourir pour la sienne, \u00e0 la charge d'en jouyr par espouse ou aultrement. - Libairie Clavreuil","robots":{"index":"index","follow":"follow","max-snippet":"max-snippet:-1","max-image-preview":"max-image-preview:large","max-video-preview":"max-video-preview:-1"},"canonical":"https:\/\/www.librairieclavreuil.com\/en\/hernandez-de-san-pedro-attribue-a-diego-le-debat-de-deux-gentilzhommes-espagnols-sur-le-faict-damour-lung-nomme-vasquiran-regrette-lamye-que-mort-lui-a-tollue-apres-lavoir-epousee\/","og_locale":"en_US","og_type":"article","og_title":"HERNANDEZ DE SAN PEDRO attribu\u00e9 \u00e0 Diego Le D\u00e9bat de deux gentilzhommes Espagnols sur le faict d'amour : l'ung nomm\u00e9 Vasquiran, regrette l'amye, que mort lui a tollue apr\u00e8s l'avoir \u00e9pous\u00e9e, &amp; l'aultre nomm\u00e9 Flamvan vouldroit mourir pour la sienne, \u00e0 la charge d'en jouyr par espouse ou aultrement. - Libairie Clavreuil","og_description":"8vo (137 x 91 mm) 8 nn.ll., 80 num.ll. ; 27 lines plus headline, printed with round characters. Seventeenth-century dark blue morocco, triple gilt filets on covers, gilt crowned central monogram 'W', same monogramm in all corners, spine with raised bands, each compartment richly gilt and alternating in red and black, gilt turn ins, marbled and gilt edges.","og_url":"https:\/\/www.librairieclavreuil.com\/en\/hernandez-de-san-pedro-attribue-a-diego-le-debat-de-deux-gentilzhommes-espagnols-sur-le-faict-damour-lung-nomme-vasquiran-regrette-lamye-que-mort-lui-a-tollue-apres-lavoir-epousee\/","og_site_name":"Libairie Clavreuil","article_modified_time":"2025-02-19T17:14:10+00:00","og_image":[{"width":763,"height":800,"url":"https:\/\/www.librairieclavreuil.com\/wp-content\/uploads\/2025\/02\/attribue-a-diego-hernandez-de-san-pedro-le-debat-de-deux-gentilzhommes-espagnols-sur-le-faict-d-amour-l-ung-nomme-vasquiran-regrette-l-amye-666063a3f299a-1.jpg","type":"image\/jpeg"}],"twitter_card":"summary_large_image","twitter_misc":{"Est. reading time":"3 minutes"},"schema":{"@context":"https:\/\/schema.org","@graph":[{"@type":"WebPage","@id":"https:\/\/www.librairieclavreuil.com\/en\/hernandez-de-san-pedro-attribue-a-diego-le-debat-de-deux-gentilzhommes-espagnols-sur-le-faict-damour-lung-nomme-vasquiran-regrette-lamye-que-mort-lui-a-tollue-apres-lavoir-epousee\/","url":"https:\/\/www.librairieclavreuil.com\/en\/hernandez-de-san-pedro-attribue-a-diego-le-debat-de-deux-gentilzhommes-espagnols-sur-le-faict-damour-lung-nomme-vasquiran-regrette-lamye-que-mort-lui-a-tollue-apres-lavoir-epousee\/","name":"HERNANDEZ DE SAN PEDRO attribu\u00e9 \u00e0 Diego Le D\u00e9bat de deux gentilzhommes Espagnols sur le faict d'amour : l'ung nomm\u00e9 Vasquiran, regrette l'amye, que mort lui a tollue apr\u00e8s l'avoir \u00e9pous\u00e9e, &amp; l'aultre nomm\u00e9 Flamvan vouldroit mourir pour la sienne, \u00e0 la charge d'en jouyr par espouse ou aultrement. - Libairie Clavreuil","isPartOf":{"@id":"https:\/\/www.librairieclavreuil.com\/#website"},"primaryImageOfPage":{"@id":"https:\/\/www.librairieclavreuil.com\/en\/hernandez-de-san-pedro-attribue-a-diego-le-debat-de-deux-gentilzhommes-espagnols-sur-le-faict-damour-lung-nomme-vasquiran-regrette-lamye-que-mort-lui-a-tollue-apres-lavoir-epousee\/#primaryimage"},"image":{"@id":"https:\/\/www.librairieclavreuil.com\/en\/hernandez-de-san-pedro-attribue-a-diego-le-debat-de-deux-gentilzhommes-espagnols-sur-le-faict-damour-lung-nomme-vasquiran-regrette-lamye-que-mort-lui-a-tollue-apres-lavoir-epousee\/#primaryimage"},"thumbnailUrl":"https:\/\/www.librairieclavreuil.com\/wp-content\/uploads\/2025\/02\/attribue-a-diego-hernandez-de-san-pedro-le-debat-de-deux-gentilzhommes-espagnols-sur-le-faict-d-amour-l-ung-nomme-vasquiran-regrette-l-amye-666063a3f299a-1.jpg","datePublished":"2025-02-19T17:14:06+00:00","dateModified":"2025-02-19T17:14:10+00:00","breadcrumb":{"@id":"https:\/\/www.librairieclavreuil.com\/en\/hernandez-de-san-pedro-attribue-a-diego-le-debat-de-deux-gentilzhommes-espagnols-sur-le-faict-damour-lung-nomme-vasquiran-regrette-lamye-que-mort-lui-a-tollue-apres-lavoir-epousee\/#breadcrumb"},"inLanguage":"en-US","potentialAction":[{"@type":"ReadAction","target":["https:\/\/www.librairieclavreuil.com\/en\/hernandez-de-san-pedro-attribue-a-diego-le-debat-de-deux-gentilzhommes-espagnols-sur-le-faict-damour-lung-nomme-vasquiran-regrette-lamye-que-mort-lui-a-tollue-apres-lavoir-epousee\/"]}]},{"@type":"ImageObject","inLanguage":"en-US","@id":"https:\/\/www.librairieclavreuil.com\/en\/hernandez-de-san-pedro-attribue-a-diego-le-debat-de-deux-gentilzhommes-espagnols-sur-le-faict-damour-lung-nomme-vasquiran-regrette-lamye-que-mort-lui-a-tollue-apres-lavoir-epousee\/#primaryimage","url":"https:\/\/www.librairieclavreuil.com\/wp-content\/uploads\/2025\/02\/attribue-a-diego-hernandez-de-san-pedro-le-debat-de-deux-gentilzhommes-espagnols-sur-le-faict-d-amour-l-ung-nomme-vasquiran-regrette-l-amye-666063a3f299a-1.jpg","contentUrl":"https:\/\/www.librairieclavreuil.com\/wp-content\/uploads\/2025\/02\/attribue-a-diego-hernandez-de-san-pedro-le-debat-de-deux-gentilzhommes-espagnols-sur-le-faict-d-amour-l-ung-nomme-vasquiran-regrette-l-amye-666063a3f299a-1.jpg","width":763,"height":800},{"@type":"BreadcrumbList","@id":"https:\/\/www.librairieclavreuil.com\/en\/hernandez-de-san-pedro-attribue-a-diego-le-debat-de-deux-gentilzhommes-espagnols-sur-le-faict-damour-lung-nomme-vasquiran-regrette-lamye-que-mort-lui-a-tollue-apres-lavoir-epousee\/#breadcrumb","itemListElement":[{"@type":"ListItem","position":1,"name":"Accueil","item":"https:\/\/www.librairieclavreuil.com\/"},{"@type":"ListItem","position":2,"name":"All our books","item":"https:\/\/www.librairieclavreuil.com\/en\/all-our-books\/"},{"@type":"ListItem","position":3,"name":"HERNANDEZ DE SAN PEDRO attribu\u00e9 \u00e0 Diego Le..."}]},{"@type":"WebSite","@id":"https:\/\/www.librairieclavreuil.com\/#website","url":"https:\/\/www.librairieclavreuil.com\/","name":"Libairie Clavreuil","description":"Livres anciens, manuscrits rares et \u00e9ditions originales \u2013 Librairie Clavreuil","publisher":{"@id":"https:\/\/www.librairieclavreuil.com\/#organization"},"potentialAction":[{"@type":"SearchAction","target":{"@type":"EntryPoint","urlTemplate":"https:\/\/www.librairieclavreuil.com\/?s={search_term_string}"},"query-input":{"@type":"PropertyValueSpecification","valueRequired":true,"valueName":"search_term_string"}}],"inLanguage":"en-US"},{"@type":"Organization","@id":"https:\/\/www.librairieclavreuil.com\/#organization","name":"Libairie Clavreuil","url":"https:\/\/www.librairieclavreuil.com\/","logo":{"@type":"ImageObject","inLanguage":"en-US","@id":"https:\/\/www.librairieclavreuil.com\/#\/schema\/logo\/image\/","url":"https:\/\/www.librairieclavreuil.com\/wp-content\/uploads\/2021\/06\/cropped-LOGO_PNG_DATE-_gold-512x512-1.png","contentUrl":"https:\/\/www.librairieclavreuil.com\/wp-content\/uploads\/2021\/06\/cropped-LOGO_PNG_DATE-_gold-512x512-1.png","width":512,"height":512,"caption":"Libairie Clavreuil"},"image":{"@id":"https:\/\/www.librairieclavreuil.com\/#\/schema\/logo\/image\/"},"sameAs":["https:\/\/www.instagram.com\/librairieclavreuil\/"]}]}},"jetpack_sharing_enabled":true,"_links":{"self":[{"href":"https:\/\/www.librairieclavreuil.com\/en\/wp-json\/wp\/v2\/product\/83827","targetHints":{"allow":["GET"]}}],"collection":[{"href":"https:\/\/www.librairieclavreuil.com\/en\/wp-json\/wp\/v2\/product"}],"about":[{"href":"https:\/\/www.librairieclavreuil.com\/en\/wp-json\/wp\/v2\/types\/product"}],"replies":[{"embeddable":true,"href":"https:\/\/www.librairieclavreuil.com\/en\/wp-json\/wp\/v2\/comments?post=83827"}],"wp:featuredmedia":[{"embeddable":true,"href":"https:\/\/www.librairieclavreuil.com\/en\/wp-json\/wp\/v2\/media\/83819"}],"wp:attachment":[{"href":"https:\/\/www.librairieclavreuil.com\/en\/wp-json\/wp\/v2\/media?parent=83827"}],"wp:term":[{"taxonomy":"product_brand","embeddable":true,"href":"https:\/\/www.librairieclavreuil.com\/en\/wp-json\/wp\/v2\/product_brand?post=83827"},{"taxonomy":"product_cat","embeddable":true,"href":"https:\/\/www.librairieclavreuil.com\/en\/wp-json\/wp\/v2\/product_cat?post=83827"},{"taxonomy":"product_tag","embeddable":true,"href":"https:\/\/www.librairieclavreuil.com\/en\/wp-json\/wp\/v2\/product_tag?post=83827"}],"curies":[{"name":"wp","href":"https:\/\/api.w.org\/{rel}","templated":true}]}}