{"id":83809,"date":"2025-02-19T18:13:59","date_gmt":"2025-02-19T17:13:59","guid":{"rendered":"https:\/\/www.librairieclavreuil.com\/la-fontaine-jean-de-contes-et-nouvelles-en-vers\/"},"modified":"2025-02-19T18:14:02","modified_gmt":"2025-02-19T17:14:02","slug":"la-fontaine-jean-de-contes-et-nouvelles-en-vers","status":"publish","type":"product","link":"https:\/\/www.librairieclavreuil.com\/en\/la-fontaine-jean-de-contes-et-nouvelles-en-vers\/","title":{"rendered":"LA FONTAINE Jean de Contes et nouvelles en..."},"content":{"rendered":"<p style=\"text-align:justify\"><i>Cohen-De Ricci, 573 (mentions this copy) ; Renouard (Catalogue), 1819, III, p. 25 (this copy).<\/i><\/p>\n<p style=\"text-align:justify\">Beautiful edition, printed in fine typography by the master printer Didot. Deluxe copy, made for the bibliophile Antoine-Augustin Renouard, containing 145 additional etchings. The engravings, partly stemming from the famous <i>Fermiers g\u00e9n\u00e9raux<\/i>&nbsp;edition, contains 3 portraits, 2 frontispieces (including one depicting La Fontaine&#8217;s home), 76 vignettes of which &nbsp;9 in two states, and 54 fleurons taken from the so called <i>Fermiers G\u00e9n\u00e9raux<\/i>&nbsp;edition including one in two states remarque.<\/p>\n<p style=\"text-align:justify\">Antoine-Augustin Renouard describes himself his own copy in his collection catalogue : &#8220;Quelquefois on fabrique apr\u00e8s coup des grands papiers qui, pour n&#8217;avoir qu&#8217;une illustration d&#8217;emprunt, ne laissent pas pour cela de faire leur petite fortune. C&#8217;est ce qui est arriv\u00e9 pour cette \u00e9dition in-12. Plusieurs grands papiers ont \u00e9t\u00e9 form\u00e9s par le sacrifice de deux exemplaires pour un ; mais deux ou trois ont \u00e9t\u00e9 \u00e9lev\u00e9s \u00e0 une dimension encore sup\u00e9rieure par le sacrifice des marges de quatre ; et ces derniers m\u00e9ritent bien la qualification de Charta Maxima. Celui-ci, l&#8217;un de ces g\u00e9ans respectables, et le seul qui ne soit pas g\u00e2t\u00e9 par quelques feuillets rest\u00e9s trop courts, est \u00e9l\u00e9gamment reli\u00e9, orn\u00e9 des jolies vignettes du Recueil de Contes en 4 vol. in-18, tir\u00e9s sur papier blanc, des fleurons dessin\u00e9s et grav\u00e9s avec tant de go\u00fbt par Choffard, pour l&#8217;\u00e9dition de 1762, aussi tir\u00e9s \u00e0 part. On y trouve de plus le portrait par Ficquet, premi\u00e8re planche, celui de Ribault, sur papier de Chine, et plusieurs autres portraits et gravures. A la fin du deuxi\u00e8me volume est la pi\u00e8ce latine Matrona Ephesiaca, tir\u00e9e sur grand papier. Enfin les quatre frontispices faits expr\u00e8s pour cet exemplaire, sont imprim\u00e9s chez M. Didot l&#8217;a\u00een\u00e9, sur d&#8217;anciennes et belles \u00e9preuves de quatre fleurons de Choffard&#8221;.<\/p>\n<p style=\"text-align:justify\">Stunning binding by Boz\u00e9rian. Some occasional foxing.<\/p>\n<p style=\"text-align:justify\">Seymour de Ricci indicates that this copy also has belonged to George Herbert, 5th Count Carnarvon (1866-1923).<\/p>\n","protected":false},"excerpt":{"rendered":"<p style=\"text-align:justify\">2 parts bound in 4 volumes, 12mo(175 x 119 mm) VIII, 118 pp. for volume I; pp. [119]-256, 12 pp. for volume II; 164 pp. for volume III; pp. [165]- 298 for volume IV. Richly gilt and decorated blue long grained morocco by Boz\u00e9rian.<\/p>\n","protected":false},"featured_media":83798,"comment_status":"open","ping_status":"closed","template":"","meta":{"_acf_changed":false},"product_brand":[],"product_cat":[530],"product_tag":[1240,1245,1267],"class_list":{"0":"post-83809","1":"product","2":"type-product","3":"status-publish","4":"has-post-thumbnail","6":"product_cat-binding","7":"product_tag-18th-century-illustrations","8":"product_tag-18th-century-literature","9":"product_tag-binding","10":"pa_auteur-la-fontaine-jean-de-2","11":"pa_type-de-livre-printed-book","13":"first","14":"instock","15":"shipping-taxable","16":"purchasable","17":"product-type-simple"},"acf":{"artist":"Jean de LA FONTAINE","chapeau":"Renouard's own copy in a rich binding by Boz\u00e9rian","adresse_bibliographique":"Paris, Imprimerie de P. Didot l'a\u00een\u00e9, 1795","book_type":"Printed book","provenance":"","afficher_prix":""},"yoast_head":"<!-- This site is optimized with the Yoast SEO plugin v24.7 - https:\/\/yoast.com\/wordpress\/plugins\/seo\/ -->\n<title>LA FONTAINE Jean de Contes et nouvelles en vers. - Libairie Clavreuil<\/title>\n<meta name=\"robots\" content=\"index, follow, max-snippet:-1, max-image-preview:large, max-video-preview:-1\" \/>\n<link rel=\"canonical\" href=\"https:\/\/www.librairieclavreuil.com\/en\/la-fontaine-jean-de-contes-et-nouvelles-en-vers\/\" \/>\n<meta property=\"og:locale\" content=\"en_US\" \/>\n<meta property=\"og:type\" content=\"article\" \/>\n<meta property=\"og:title\" content=\"LA FONTAINE Jean de Contes et nouvelles en vers. - Libairie Clavreuil\" \/>\n<meta property=\"og:description\" content=\"2 parts bound in 4 volumes, 12mo(175 x 119 mm) VIII, 118 pp. for volume I; pp. [119]-256, 12 pp. for volume II; 164 pp. for volume III; pp. [165]- 298 for volume IV. Richly gilt and decorated blue long grained morocco by Boz\u00e9rian.\" \/>\n<meta property=\"og:url\" content=\"https:\/\/www.librairieclavreuil.com\/en\/la-fontaine-jean-de-contes-et-nouvelles-en-vers\/\" \/>\n<meta property=\"og:site_name\" content=\"Libairie Clavreuil\" \/>\n<meta property=\"article:modified_time\" content=\"2025-02-19T17:14:02+00:00\" \/>\n<meta property=\"og:image\" content=\"https:\/\/www.librairieclavreuil.com\/wp-content\/uploads\/2025\/02\/de-la-fontaine-contes-et-nouvelles-en-vers-4413-65aff7c8508de.jpg\" \/>\n\t<meta property=\"og:image:width\" content=\"468\" \/>\n\t<meta property=\"og:image:height\" content=\"800\" \/>\n\t<meta property=\"og:image:type\" content=\"image\/jpeg\" \/>\n<meta name=\"twitter:card\" content=\"summary_large_image\" \/>\n<meta name=\"twitter:label1\" content=\"Est. reading time\" \/>\n\t<meta name=\"twitter:data1\" content=\"2 minutes\" \/>\n<script type=\"application\/ld+json\" class=\"yoast-schema-graph\">{\"@context\":\"https:\/\/schema.org\",\"@graph\":[{\"@type\":\"WebPage\",\"@id\":\"https:\/\/www.librairieclavreuil.com\/en\/la-fontaine-jean-de-contes-et-nouvelles-en-vers\/\",\"url\":\"https:\/\/www.librairieclavreuil.com\/en\/la-fontaine-jean-de-contes-et-nouvelles-en-vers\/\",\"name\":\"LA FONTAINE Jean de Contes et nouvelles en vers. - Libairie Clavreuil\",\"isPartOf\":{\"@id\":\"https:\/\/www.librairieclavreuil.com\/#website\"},\"primaryImageOfPage\":{\"@id\":\"https:\/\/www.librairieclavreuil.com\/en\/la-fontaine-jean-de-contes-et-nouvelles-en-vers\/#primaryimage\"},\"image\":{\"@id\":\"https:\/\/www.librairieclavreuil.com\/en\/la-fontaine-jean-de-contes-et-nouvelles-en-vers\/#primaryimage\"},\"thumbnailUrl\":\"https:\/\/www.librairieclavreuil.com\/wp-content\/uploads\/2025\/02\/de-la-fontaine-contes-et-nouvelles-en-vers-4413-65aff7c8508de.jpg\",\"datePublished\":\"2025-02-19T17:13:59+00:00\",\"dateModified\":\"2025-02-19T17:14:02+00:00\",\"breadcrumb\":{\"@id\":\"https:\/\/www.librairieclavreuil.com\/en\/la-fontaine-jean-de-contes-et-nouvelles-en-vers\/#breadcrumb\"},\"inLanguage\":\"en-US\",\"potentialAction\":[{\"@type\":\"ReadAction\",\"target\":[\"https:\/\/www.librairieclavreuil.com\/en\/la-fontaine-jean-de-contes-et-nouvelles-en-vers\/\"]}]},{\"@type\":\"ImageObject\",\"inLanguage\":\"en-US\",\"@id\":\"https:\/\/www.librairieclavreuil.com\/en\/la-fontaine-jean-de-contes-et-nouvelles-en-vers\/#primaryimage\",\"url\":\"https:\/\/www.librairieclavreuil.com\/wp-content\/uploads\/2025\/02\/de-la-fontaine-contes-et-nouvelles-en-vers-4413-65aff7c8508de.jpg\",\"contentUrl\":\"https:\/\/www.librairieclavreuil.com\/wp-content\/uploads\/2025\/02\/de-la-fontaine-contes-et-nouvelles-en-vers-4413-65aff7c8508de.jpg\",\"width\":468,\"height\":800},{\"@type\":\"BreadcrumbList\",\"@id\":\"https:\/\/www.librairieclavreuil.com\/en\/la-fontaine-jean-de-contes-et-nouvelles-en-vers\/#breadcrumb\",\"itemListElement\":[{\"@type\":\"ListItem\",\"position\":1,\"name\":\"Accueil\",\"item\":\"https:\/\/www.librairieclavreuil.com\/\"},{\"@type\":\"ListItem\",\"position\":2,\"name\":\"All our books\",\"item\":\"https:\/\/www.librairieclavreuil.com\/en\/all-our-books\/\"},{\"@type\":\"ListItem\",\"position\":3,\"name\":\"LA FONTAINE Jean de Contes et nouvelles en...\"}]},{\"@type\":\"WebSite\",\"@id\":\"https:\/\/www.librairieclavreuil.com\/#website\",\"url\":\"https:\/\/www.librairieclavreuil.com\/\",\"name\":\"Libairie Clavreuil\",\"description\":\"Livres anciens, manuscrits rares et \u00e9ditions originales \u2013 Librairie Clavreuil\",\"publisher\":{\"@id\":\"https:\/\/www.librairieclavreuil.com\/#organization\"},\"potentialAction\":[{\"@type\":\"SearchAction\",\"target\":{\"@type\":\"EntryPoint\",\"urlTemplate\":\"https:\/\/www.librairieclavreuil.com\/?s={search_term_string}\"},\"query-input\":{\"@type\":\"PropertyValueSpecification\",\"valueRequired\":true,\"valueName\":\"search_term_string\"}}],\"inLanguage\":\"en-US\"},{\"@type\":\"Organization\",\"@id\":\"https:\/\/www.librairieclavreuil.com\/#organization\",\"name\":\"Libairie Clavreuil\",\"url\":\"https:\/\/www.librairieclavreuil.com\/\",\"logo\":{\"@type\":\"ImageObject\",\"inLanguage\":\"en-US\",\"@id\":\"https:\/\/www.librairieclavreuil.com\/#\/schema\/logo\/image\/\",\"url\":\"https:\/\/www.librairieclavreuil.com\/wp-content\/uploads\/2021\/06\/cropped-LOGO_PNG_DATE-_gold-512x512-1.png\",\"contentUrl\":\"https:\/\/www.librairieclavreuil.com\/wp-content\/uploads\/2021\/06\/cropped-LOGO_PNG_DATE-_gold-512x512-1.png\",\"width\":512,\"height\":512,\"caption\":\"Libairie Clavreuil\"},\"image\":{\"@id\":\"https:\/\/www.librairieclavreuil.com\/#\/schema\/logo\/image\/\"},\"sameAs\":[\"https:\/\/www.instagram.com\/librairieclavreuil\/\"]}]}<\/script>\n<!-- \/ Yoast SEO plugin. -->","yoast_head_json":{"title":"LA FONTAINE Jean de Contes et nouvelles en vers. - Libairie Clavreuil","robots":{"index":"index","follow":"follow","max-snippet":"max-snippet:-1","max-image-preview":"max-image-preview:large","max-video-preview":"max-video-preview:-1"},"canonical":"https:\/\/www.librairieclavreuil.com\/en\/la-fontaine-jean-de-contes-et-nouvelles-en-vers\/","og_locale":"en_US","og_type":"article","og_title":"LA FONTAINE Jean de Contes et nouvelles en vers. - Libairie Clavreuil","og_description":"2 parts bound in 4 volumes, 12mo(175 x 119 mm) VIII, 118 pp. for volume I; pp. [119]-256, 12 pp. for volume II; 164 pp. for volume III; pp. [165]- 298 for volume IV. Richly gilt and decorated blue long grained morocco by Boz\u00e9rian.","og_url":"https:\/\/www.librairieclavreuil.com\/en\/la-fontaine-jean-de-contes-et-nouvelles-en-vers\/","og_site_name":"Libairie Clavreuil","article_modified_time":"2025-02-19T17:14:02+00:00","og_image":[{"width":468,"height":800,"url":"https:\/\/www.librairieclavreuil.com\/wp-content\/uploads\/2025\/02\/de-la-fontaine-contes-et-nouvelles-en-vers-4413-65aff7c8508de.jpg","type":"image\/jpeg"}],"twitter_card":"summary_large_image","twitter_misc":{"Est. reading time":"2 minutes"},"schema":{"@context":"https:\/\/schema.org","@graph":[{"@type":"WebPage","@id":"https:\/\/www.librairieclavreuil.com\/en\/la-fontaine-jean-de-contes-et-nouvelles-en-vers\/","url":"https:\/\/www.librairieclavreuil.com\/en\/la-fontaine-jean-de-contes-et-nouvelles-en-vers\/","name":"LA FONTAINE Jean de Contes et nouvelles en vers. - Libairie Clavreuil","isPartOf":{"@id":"https:\/\/www.librairieclavreuil.com\/#website"},"primaryImageOfPage":{"@id":"https:\/\/www.librairieclavreuil.com\/en\/la-fontaine-jean-de-contes-et-nouvelles-en-vers\/#primaryimage"},"image":{"@id":"https:\/\/www.librairieclavreuil.com\/en\/la-fontaine-jean-de-contes-et-nouvelles-en-vers\/#primaryimage"},"thumbnailUrl":"https:\/\/www.librairieclavreuil.com\/wp-content\/uploads\/2025\/02\/de-la-fontaine-contes-et-nouvelles-en-vers-4413-65aff7c8508de.jpg","datePublished":"2025-02-19T17:13:59+00:00","dateModified":"2025-02-19T17:14:02+00:00","breadcrumb":{"@id":"https:\/\/www.librairieclavreuil.com\/en\/la-fontaine-jean-de-contes-et-nouvelles-en-vers\/#breadcrumb"},"inLanguage":"en-US","potentialAction":[{"@type":"ReadAction","target":["https:\/\/www.librairieclavreuil.com\/en\/la-fontaine-jean-de-contes-et-nouvelles-en-vers\/"]}]},{"@type":"ImageObject","inLanguage":"en-US","@id":"https:\/\/www.librairieclavreuil.com\/en\/la-fontaine-jean-de-contes-et-nouvelles-en-vers\/#primaryimage","url":"https:\/\/www.librairieclavreuil.com\/wp-content\/uploads\/2025\/02\/de-la-fontaine-contes-et-nouvelles-en-vers-4413-65aff7c8508de.jpg","contentUrl":"https:\/\/www.librairieclavreuil.com\/wp-content\/uploads\/2025\/02\/de-la-fontaine-contes-et-nouvelles-en-vers-4413-65aff7c8508de.jpg","width":468,"height":800},{"@type":"BreadcrumbList","@id":"https:\/\/www.librairieclavreuil.com\/en\/la-fontaine-jean-de-contes-et-nouvelles-en-vers\/#breadcrumb","itemListElement":[{"@type":"ListItem","position":1,"name":"Accueil","item":"https:\/\/www.librairieclavreuil.com\/"},{"@type":"ListItem","position":2,"name":"All our books","item":"https:\/\/www.librairieclavreuil.com\/en\/all-our-books\/"},{"@type":"ListItem","position":3,"name":"LA FONTAINE Jean de Contes et nouvelles en..."}]},{"@type":"WebSite","@id":"https:\/\/www.librairieclavreuil.com\/#website","url":"https:\/\/www.librairieclavreuil.com\/","name":"Libairie Clavreuil","description":"Livres anciens, manuscrits rares et \u00e9ditions originales \u2013 Librairie Clavreuil","publisher":{"@id":"https:\/\/www.librairieclavreuil.com\/#organization"},"potentialAction":[{"@type":"SearchAction","target":{"@type":"EntryPoint","urlTemplate":"https:\/\/www.librairieclavreuil.com\/?s={search_term_string}"},"query-input":{"@type":"PropertyValueSpecification","valueRequired":true,"valueName":"search_term_string"}}],"inLanguage":"en-US"},{"@type":"Organization","@id":"https:\/\/www.librairieclavreuil.com\/#organization","name":"Libairie Clavreuil","url":"https:\/\/www.librairieclavreuil.com\/","logo":{"@type":"ImageObject","inLanguage":"en-US","@id":"https:\/\/www.librairieclavreuil.com\/#\/schema\/logo\/image\/","url":"https:\/\/www.librairieclavreuil.com\/wp-content\/uploads\/2021\/06\/cropped-LOGO_PNG_DATE-_gold-512x512-1.png","contentUrl":"https:\/\/www.librairieclavreuil.com\/wp-content\/uploads\/2021\/06\/cropped-LOGO_PNG_DATE-_gold-512x512-1.png","width":512,"height":512,"caption":"Libairie Clavreuil"},"image":{"@id":"https:\/\/www.librairieclavreuil.com\/#\/schema\/logo\/image\/"},"sameAs":["https:\/\/www.instagram.com\/librairieclavreuil\/"]}]}},"jetpack_sharing_enabled":true,"_links":{"self":[{"href":"https:\/\/www.librairieclavreuil.com\/en\/wp-json\/wp\/v2\/product\/83809","targetHints":{"allow":["GET"]}}],"collection":[{"href":"https:\/\/www.librairieclavreuil.com\/en\/wp-json\/wp\/v2\/product"}],"about":[{"href":"https:\/\/www.librairieclavreuil.com\/en\/wp-json\/wp\/v2\/types\/product"}],"replies":[{"embeddable":true,"href":"https:\/\/www.librairieclavreuil.com\/en\/wp-json\/wp\/v2\/comments?post=83809"}],"wp:featuredmedia":[{"embeddable":true,"href":"https:\/\/www.librairieclavreuil.com\/en\/wp-json\/wp\/v2\/media\/83798"}],"wp:attachment":[{"href":"https:\/\/www.librairieclavreuil.com\/en\/wp-json\/wp\/v2\/media?parent=83809"}],"wp:term":[{"taxonomy":"product_brand","embeddable":true,"href":"https:\/\/www.librairieclavreuil.com\/en\/wp-json\/wp\/v2\/product_brand?post=83809"},{"taxonomy":"product_cat","embeddable":true,"href":"https:\/\/www.librairieclavreuil.com\/en\/wp-json\/wp\/v2\/product_cat?post=83809"},{"taxonomy":"product_tag","embeddable":true,"href":"https:\/\/www.librairieclavreuil.com\/en\/wp-json\/wp\/v2\/product_tag?post=83809"}],"curies":[{"name":"wp","href":"https:\/\/api.w.org\/{rel}","templated":true}]}}