{"id":83789,"date":"2025-02-19T18:13:42","date_gmt":"2025-02-19T17:13:42","guid":{"rendered":"https:\/\/www.librairieclavreuil.com\/lully-jean-baptiste-de-armide-tragedie-mise-en-musique-representee-par-lacademie-royalle-de-musique\/"},"modified":"2025-02-19T18:13:45","modified_gmt":"2025-02-19T17:13:45","slug":"lully-jean-baptiste-de-armide-tragedie-mise-en-musique-representee-par-lacademie-royalle-de-musique","status":"publish","type":"product","link":"https:\/\/www.librairieclavreuil.com\/en\/lully-jean-baptiste-de-armide-tragedie-mise-en-musique-representee-par-lacademie-royalle-de-musique\/","title":{"rendered":"LULLY Jean Baptiste de Armide, trag\u00e9die. Mise en..."},"content":{"rendered":"<p style=\"text-align:justify\"><i>Eitner, VI, 244 ; F\u00e9tis, V, 372 ; Cioranescu, 56111; OHR, 776.<\/i><\/p>\n<p style=\"text-align:justify\">First edition. The fine engraved frontispiece by Jean Dolinar after a drawing by Jean B\u00e9rain shows a dramatic stage design relating to the theatre piece.<\/p>\n<p style=\"text-align:justify\">The libretto of the last opera by Lully &#8211; by some considered his master piece &#8211; and the hight of his collaboration with Philippe Quinault ; the opera was first presented at the Palais Royal on 15 February 1686, in the presence of the Grand Dauphin (1661-1711), the first-born son to King Louis XIV and Maria Theresa of Austria The subject, largely inspired by Torquato Tasso&#8217;s <i>Gerusalemme liberata<\/i>, was personally chosen by the king himself. The libretto is based on chants II, V, X and XIV of the \u00f4em by Tasso, while chant IV is entirely due to Philippe Quinault. The musical scores were published the same year by Christophe Ballard who published a large number of court plays and music.<\/p>\n<p style=\"text-align:justify\">&#8220;Dans Armide&#8230;, la trag\u00e9die lyrique, construite uniquement sur le r\u00e9citatif florentin greff\u00e9 sur le vers alexandrin fran\u00e7ais, se d\u00e9veloppe d\u00e9sormais sous la forme de l&#8217;air, avec un naturel parfait, en atteignant de larges d\u00e9veloppements tant au point de vue vocal qu&#8217;instrumental. De cette fa\u00e7on, la r\u00e9forme de Lully est pleinement r\u00e9alis\u00e9e : l&#8217; \u00ab air de ballet&nbsp;\u00bb compl\u00e8te la grande forme composite qui pr\u00e9sente \u00e0 son tour deux formes distinctes : la forme purement chor\u00e9graphique et la forme symphonique. L&#8217;ouverture a atteint ici son aspect le plus accompli et le plus d\u00e9finitif, en engendrant une forme qui sera ensuite adopt\u00e9e par les autres compositeurs. L&#8217;Armide de Lully est donc tr\u00e8s importante non seulement \u00e0 cause de sa valeur intrins\u00e8que, mais aussi \u00e0 cause de sa signification historique particuli\u00e8re&#8221; (Dictionnaire des \u0153uvres).<\/p>\n<p style=\"text-align:justify\"><i>Armide<\/i> was later used by Diderot during the Querelle des Bouffons (also known as the War of the Comic Actors) , a controversy opposing the latter him against Rousseau about the relative merits of French and Italian opera. Jean-Philippe Rameau praised the exquisite adaptation of Armide&#8217;s monologue into music by Lully.<\/p>\n<p style=\"text-align:justify\">Excetpional copy bound at the time for Fran\u00e7ois-Michel Le Tellier, marquis of Louvois (1641-1691), famous minister of French King Louis XIV. Fran\u00e7ois-Michel Le Tellier (1641-1691), French secretary of War, was instrumental to the military success during the reing of Louis XIV. Under his leadership the French army was reformed and he increased the troups to over 400 000 soldiers who subsequently fought four wars between 1667 and 1713. Binding slightly restored, covers somewhat spotted.<\/p>\n","protected":false},"excerpt":{"rendered":"<p style=\"text-align:justify\">4to (243 x 183 mm) engraved frontispiece, 4 nn.ll., 54 pp., 1 blanc leaf at end. Contemporary French red morocco, triple gilt filet on covers, central coat of arms of the Marquis of Louvois (OHR 776), spine gilt with raised bands, compartments decorated with Royal fleur-de-lys, gilt edges.<\/p>\n","protected":false},"featured_media":83782,"comment_status":"open","ping_status":"closed","template":"","meta":{"_acf_changed":false},"product_brand":[],"product_cat":[544],"product_tag":[1270,568],"class_list":{"0":"post-83789","1":"product","2":"type-product","3":"status-publish","4":"has-post-thumbnail","6":"product_cat-literature","7":"product_tag-armoured","8":"product_tag-music","9":"pa_auteur-lully-jean-baptiste-de-2","10":"pa_type-de-livre-printed-book","12":"first","13":"outofstock","14":"shipping-taxable","15":"purchasable","16":"product-type-simple"},"acf":{"artist":" Jean Baptiste de LULLY","chapeau":"Bound in contemporary red morocco for Michel Le Tellier","adresse_bibliographique":"Paris, Christophe Ballard, 1686","book_type":"Printed book","provenance":"","afficher_prix":""},"yoast_head":"<!-- This site is optimized with the Yoast SEO plugin v24.7 - https:\/\/yoast.com\/wordpress\/plugins\/seo\/ -->\n<title>LULLY Jean Baptiste de Armide, trag\u00e9die. Mise en musique. Repr\u00e9sent\u00e9e par l&#039;Acad\u00e9mie Royalle de Musique. - Libairie Clavreuil<\/title>\n<meta name=\"robots\" content=\"index, follow, max-snippet:-1, max-image-preview:large, max-video-preview:-1\" \/>\n<link rel=\"canonical\" href=\"https:\/\/www.librairieclavreuil.com\/en\/lully-jean-baptiste-de-armide-tragedie-mise-en-musique-representee-par-lacademie-royalle-de-musique\/\" \/>\n<meta property=\"og:locale\" content=\"en_US\" \/>\n<meta property=\"og:type\" content=\"article\" \/>\n<meta property=\"og:title\" content=\"LULLY Jean Baptiste de Armide, trag\u00e9die. Mise en musique. Repr\u00e9sent\u00e9e par l&#039;Acad\u00e9mie Royalle de Musique. - Libairie Clavreuil\" \/>\n<meta property=\"og:description\" content=\"4to (243 x 183 mm) engraved frontispiece, 4 nn.ll., 54 pp., 1 blanc leaf at end. Contemporary French red morocco, triple gilt filet on covers, central coat of arms of the Marquis of Louvois (OHR 776), spine gilt with raised bands, compartments decorated with Royal fleur-de-lys, gilt edges.\" \/>\n<meta property=\"og:url\" content=\"https:\/\/www.librairieclavreuil.com\/en\/lully-jean-baptiste-de-armide-tragedie-mise-en-musique-representee-par-lacademie-royalle-de-musique\/\" \/>\n<meta property=\"og:site_name\" content=\"Libairie Clavreuil\" \/>\n<meta property=\"article:modified_time\" content=\"2025-02-19T17:13:45+00:00\" \/>\n<meta property=\"og:image\" content=\"https:\/\/www.librairieclavreuil.com\/wp-content\/uploads\/2025\/02\/jean-baptiste-de-lully-armide-tragedie-mise-en-musique-representee-par-l-academie-royalle-de-musique-4468-661e6e4cdf910.jpg\" \/>\n\t<meta property=\"og:image:width\" content=\"534\" \/>\n\t<meta property=\"og:image:height\" content=\"800\" \/>\n\t<meta property=\"og:image:type\" content=\"image\/jpeg\" \/>\n<meta name=\"twitter:card\" content=\"summary_large_image\" \/>\n<meta name=\"twitter:label1\" content=\"Est. reading time\" \/>\n\t<meta name=\"twitter:data1\" content=\"2 minutes\" \/>\n<script type=\"application\/ld+json\" class=\"yoast-schema-graph\">{\"@context\":\"https:\/\/schema.org\",\"@graph\":[{\"@type\":\"WebPage\",\"@id\":\"https:\/\/www.librairieclavreuil.com\/en\/lully-jean-baptiste-de-armide-tragedie-mise-en-musique-representee-par-lacademie-royalle-de-musique\/\",\"url\":\"https:\/\/www.librairieclavreuil.com\/en\/lully-jean-baptiste-de-armide-tragedie-mise-en-musique-representee-par-lacademie-royalle-de-musique\/\",\"name\":\"LULLY Jean Baptiste de Armide, trag\u00e9die. Mise en musique. Repr\u00e9sent\u00e9e par l'Acad\u00e9mie Royalle de Musique. - Libairie Clavreuil\",\"isPartOf\":{\"@id\":\"https:\/\/www.librairieclavreuil.com\/#website\"},\"primaryImageOfPage\":{\"@id\":\"https:\/\/www.librairieclavreuil.com\/en\/lully-jean-baptiste-de-armide-tragedie-mise-en-musique-representee-par-lacademie-royalle-de-musique\/#primaryimage\"},\"image\":{\"@id\":\"https:\/\/www.librairieclavreuil.com\/en\/lully-jean-baptiste-de-armide-tragedie-mise-en-musique-representee-par-lacademie-royalle-de-musique\/#primaryimage\"},\"thumbnailUrl\":\"https:\/\/www.librairieclavreuil.com\/wp-content\/uploads\/2025\/02\/jean-baptiste-de-lully-armide-tragedie-mise-en-musique-representee-par-l-academie-royalle-de-musique-4468-661e6e4cdf910.jpg\",\"datePublished\":\"2025-02-19T17:13:42+00:00\",\"dateModified\":\"2025-02-19T17:13:45+00:00\",\"breadcrumb\":{\"@id\":\"https:\/\/www.librairieclavreuil.com\/en\/lully-jean-baptiste-de-armide-tragedie-mise-en-musique-representee-par-lacademie-royalle-de-musique\/#breadcrumb\"},\"inLanguage\":\"en-US\",\"potentialAction\":[{\"@type\":\"ReadAction\",\"target\":[\"https:\/\/www.librairieclavreuil.com\/en\/lully-jean-baptiste-de-armide-tragedie-mise-en-musique-representee-par-lacademie-royalle-de-musique\/\"]}]},{\"@type\":\"ImageObject\",\"inLanguage\":\"en-US\",\"@id\":\"https:\/\/www.librairieclavreuil.com\/en\/lully-jean-baptiste-de-armide-tragedie-mise-en-musique-representee-par-lacademie-royalle-de-musique\/#primaryimage\",\"url\":\"https:\/\/www.librairieclavreuil.com\/wp-content\/uploads\/2025\/02\/jean-baptiste-de-lully-armide-tragedie-mise-en-musique-representee-par-l-academie-royalle-de-musique-4468-661e6e4cdf910.jpg\",\"contentUrl\":\"https:\/\/www.librairieclavreuil.com\/wp-content\/uploads\/2025\/02\/jean-baptiste-de-lully-armide-tragedie-mise-en-musique-representee-par-l-academie-royalle-de-musique-4468-661e6e4cdf910.jpg\",\"width\":534,\"height\":800},{\"@type\":\"BreadcrumbList\",\"@id\":\"https:\/\/www.librairieclavreuil.com\/en\/lully-jean-baptiste-de-armide-tragedie-mise-en-musique-representee-par-lacademie-royalle-de-musique\/#breadcrumb\",\"itemListElement\":[{\"@type\":\"ListItem\",\"position\":1,\"name\":\"Accueil\",\"item\":\"https:\/\/www.librairieclavreuil.com\/\"},{\"@type\":\"ListItem\",\"position\":2,\"name\":\"All our books\",\"item\":\"https:\/\/www.librairieclavreuil.com\/en\/all-our-books\/\"},{\"@type\":\"ListItem\",\"position\":3,\"name\":\"LULLY Jean Baptiste de Armide, trag\u00e9die. Mise en...\"}]},{\"@type\":\"WebSite\",\"@id\":\"https:\/\/www.librairieclavreuil.com\/#website\",\"url\":\"https:\/\/www.librairieclavreuil.com\/\",\"name\":\"Libairie Clavreuil\",\"description\":\"Livres anciens, manuscrits rares et \u00e9ditions originales \u2013 Librairie Clavreuil\",\"publisher\":{\"@id\":\"https:\/\/www.librairieclavreuil.com\/#organization\"},\"potentialAction\":[{\"@type\":\"SearchAction\",\"target\":{\"@type\":\"EntryPoint\",\"urlTemplate\":\"https:\/\/www.librairieclavreuil.com\/?s={search_term_string}\"},\"query-input\":{\"@type\":\"PropertyValueSpecification\",\"valueRequired\":true,\"valueName\":\"search_term_string\"}}],\"inLanguage\":\"en-US\"},{\"@type\":\"Organization\",\"@id\":\"https:\/\/www.librairieclavreuil.com\/#organization\",\"name\":\"Libairie Clavreuil\",\"url\":\"https:\/\/www.librairieclavreuil.com\/\",\"logo\":{\"@type\":\"ImageObject\",\"inLanguage\":\"en-US\",\"@id\":\"https:\/\/www.librairieclavreuil.com\/#\/schema\/logo\/image\/\",\"url\":\"https:\/\/www.librairieclavreuil.com\/wp-content\/uploads\/2021\/06\/cropped-LOGO_PNG_DATE-_gold-512x512-1.png\",\"contentUrl\":\"https:\/\/www.librairieclavreuil.com\/wp-content\/uploads\/2021\/06\/cropped-LOGO_PNG_DATE-_gold-512x512-1.png\",\"width\":512,\"height\":512,\"caption\":\"Libairie Clavreuil\"},\"image\":{\"@id\":\"https:\/\/www.librairieclavreuil.com\/#\/schema\/logo\/image\/\"},\"sameAs\":[\"https:\/\/www.instagram.com\/librairieclavreuil\/\"]}]}<\/script>\n<!-- \/ Yoast SEO plugin. -->","yoast_head_json":{"title":"LULLY Jean Baptiste de Armide, trag\u00e9die. Mise en musique. Repr\u00e9sent\u00e9e par l'Acad\u00e9mie Royalle de Musique. - Libairie Clavreuil","robots":{"index":"index","follow":"follow","max-snippet":"max-snippet:-1","max-image-preview":"max-image-preview:large","max-video-preview":"max-video-preview:-1"},"canonical":"https:\/\/www.librairieclavreuil.com\/en\/lully-jean-baptiste-de-armide-tragedie-mise-en-musique-representee-par-lacademie-royalle-de-musique\/","og_locale":"en_US","og_type":"article","og_title":"LULLY Jean Baptiste de Armide, trag\u00e9die. Mise en musique. Repr\u00e9sent\u00e9e par l'Acad\u00e9mie Royalle de Musique. - Libairie Clavreuil","og_description":"4to (243 x 183 mm) engraved frontispiece, 4 nn.ll., 54 pp., 1 blanc leaf at end. Contemporary French red morocco, triple gilt filet on covers, central coat of arms of the Marquis of Louvois (OHR 776), spine gilt with raised bands, compartments decorated with Royal fleur-de-lys, gilt edges.","og_url":"https:\/\/www.librairieclavreuil.com\/en\/lully-jean-baptiste-de-armide-tragedie-mise-en-musique-representee-par-lacademie-royalle-de-musique\/","og_site_name":"Libairie Clavreuil","article_modified_time":"2025-02-19T17:13:45+00:00","og_image":[{"width":534,"height":800,"url":"https:\/\/www.librairieclavreuil.com\/wp-content\/uploads\/2025\/02\/jean-baptiste-de-lully-armide-tragedie-mise-en-musique-representee-par-l-academie-royalle-de-musique-4468-661e6e4cdf910.jpg","type":"image\/jpeg"}],"twitter_card":"summary_large_image","twitter_misc":{"Est. reading time":"2 minutes"},"schema":{"@context":"https:\/\/schema.org","@graph":[{"@type":"WebPage","@id":"https:\/\/www.librairieclavreuil.com\/en\/lully-jean-baptiste-de-armide-tragedie-mise-en-musique-representee-par-lacademie-royalle-de-musique\/","url":"https:\/\/www.librairieclavreuil.com\/en\/lully-jean-baptiste-de-armide-tragedie-mise-en-musique-representee-par-lacademie-royalle-de-musique\/","name":"LULLY Jean Baptiste de Armide, trag\u00e9die. Mise en musique. Repr\u00e9sent\u00e9e par l'Acad\u00e9mie Royalle de Musique. - Libairie Clavreuil","isPartOf":{"@id":"https:\/\/www.librairieclavreuil.com\/#website"},"primaryImageOfPage":{"@id":"https:\/\/www.librairieclavreuil.com\/en\/lully-jean-baptiste-de-armide-tragedie-mise-en-musique-representee-par-lacademie-royalle-de-musique\/#primaryimage"},"image":{"@id":"https:\/\/www.librairieclavreuil.com\/en\/lully-jean-baptiste-de-armide-tragedie-mise-en-musique-representee-par-lacademie-royalle-de-musique\/#primaryimage"},"thumbnailUrl":"https:\/\/www.librairieclavreuil.com\/wp-content\/uploads\/2025\/02\/jean-baptiste-de-lully-armide-tragedie-mise-en-musique-representee-par-l-academie-royalle-de-musique-4468-661e6e4cdf910.jpg","datePublished":"2025-02-19T17:13:42+00:00","dateModified":"2025-02-19T17:13:45+00:00","breadcrumb":{"@id":"https:\/\/www.librairieclavreuil.com\/en\/lully-jean-baptiste-de-armide-tragedie-mise-en-musique-representee-par-lacademie-royalle-de-musique\/#breadcrumb"},"inLanguage":"en-US","potentialAction":[{"@type":"ReadAction","target":["https:\/\/www.librairieclavreuil.com\/en\/lully-jean-baptiste-de-armide-tragedie-mise-en-musique-representee-par-lacademie-royalle-de-musique\/"]}]},{"@type":"ImageObject","inLanguage":"en-US","@id":"https:\/\/www.librairieclavreuil.com\/en\/lully-jean-baptiste-de-armide-tragedie-mise-en-musique-representee-par-lacademie-royalle-de-musique\/#primaryimage","url":"https:\/\/www.librairieclavreuil.com\/wp-content\/uploads\/2025\/02\/jean-baptiste-de-lully-armide-tragedie-mise-en-musique-representee-par-l-academie-royalle-de-musique-4468-661e6e4cdf910.jpg","contentUrl":"https:\/\/www.librairieclavreuil.com\/wp-content\/uploads\/2025\/02\/jean-baptiste-de-lully-armide-tragedie-mise-en-musique-representee-par-l-academie-royalle-de-musique-4468-661e6e4cdf910.jpg","width":534,"height":800},{"@type":"BreadcrumbList","@id":"https:\/\/www.librairieclavreuil.com\/en\/lully-jean-baptiste-de-armide-tragedie-mise-en-musique-representee-par-lacademie-royalle-de-musique\/#breadcrumb","itemListElement":[{"@type":"ListItem","position":1,"name":"Accueil","item":"https:\/\/www.librairieclavreuil.com\/"},{"@type":"ListItem","position":2,"name":"All our books","item":"https:\/\/www.librairieclavreuil.com\/en\/all-our-books\/"},{"@type":"ListItem","position":3,"name":"LULLY Jean Baptiste de Armide, trag\u00e9die. Mise en..."}]},{"@type":"WebSite","@id":"https:\/\/www.librairieclavreuil.com\/#website","url":"https:\/\/www.librairieclavreuil.com\/","name":"Libairie Clavreuil","description":"Livres anciens, manuscrits rares et \u00e9ditions originales \u2013 Librairie Clavreuil","publisher":{"@id":"https:\/\/www.librairieclavreuil.com\/#organization"},"potentialAction":[{"@type":"SearchAction","target":{"@type":"EntryPoint","urlTemplate":"https:\/\/www.librairieclavreuil.com\/?s={search_term_string}"},"query-input":{"@type":"PropertyValueSpecification","valueRequired":true,"valueName":"search_term_string"}}],"inLanguage":"en-US"},{"@type":"Organization","@id":"https:\/\/www.librairieclavreuil.com\/#organization","name":"Libairie Clavreuil","url":"https:\/\/www.librairieclavreuil.com\/","logo":{"@type":"ImageObject","inLanguage":"en-US","@id":"https:\/\/www.librairieclavreuil.com\/#\/schema\/logo\/image\/","url":"https:\/\/www.librairieclavreuil.com\/wp-content\/uploads\/2021\/06\/cropped-LOGO_PNG_DATE-_gold-512x512-1.png","contentUrl":"https:\/\/www.librairieclavreuil.com\/wp-content\/uploads\/2021\/06\/cropped-LOGO_PNG_DATE-_gold-512x512-1.png","width":512,"height":512,"caption":"Libairie Clavreuil"},"image":{"@id":"https:\/\/www.librairieclavreuil.com\/#\/schema\/logo\/image\/"},"sameAs":["https:\/\/www.instagram.com\/librairieclavreuil\/"]}]}},"jetpack_sharing_enabled":true,"_links":{"self":[{"href":"https:\/\/www.librairieclavreuil.com\/en\/wp-json\/wp\/v2\/product\/83789","targetHints":{"allow":["GET"]}}],"collection":[{"href":"https:\/\/www.librairieclavreuil.com\/en\/wp-json\/wp\/v2\/product"}],"about":[{"href":"https:\/\/www.librairieclavreuil.com\/en\/wp-json\/wp\/v2\/types\/product"}],"replies":[{"embeddable":true,"href":"https:\/\/www.librairieclavreuil.com\/en\/wp-json\/wp\/v2\/comments?post=83789"}],"wp:featuredmedia":[{"embeddable":true,"href":"https:\/\/www.librairieclavreuil.com\/en\/wp-json\/wp\/v2\/media\/83782"}],"wp:attachment":[{"href":"https:\/\/www.librairieclavreuil.com\/en\/wp-json\/wp\/v2\/media?parent=83789"}],"wp:term":[{"taxonomy":"product_brand","embeddable":true,"href":"https:\/\/www.librairieclavreuil.com\/en\/wp-json\/wp\/v2\/product_brand?post=83789"},{"taxonomy":"product_cat","embeddable":true,"href":"https:\/\/www.librairieclavreuil.com\/en\/wp-json\/wp\/v2\/product_cat?post=83789"},{"taxonomy":"product_tag","embeddable":true,"href":"https:\/\/www.librairieclavreuil.com\/en\/wp-json\/wp\/v2\/product_tag?post=83789"}],"curies":[{"name":"wp","href":"https:\/\/api.w.org\/{rel}","templated":true}]}}