{"id":83781,"date":"2025-02-19T18:13:32","date_gmt":"2025-02-19T17:13:32","guid":{"rendered":"https:\/\/www.librairieclavreuil.com\/lalande-jerome-de-des-canaux-de-navigation-et-specialement-du-canal-de-languedoc-2\/"},"modified":"2025-02-19T18:13:35","modified_gmt":"2025-02-19T17:13:35","slug":"lalande-jerome-de-des-canaux-de-navigation-et-specialement-du-canal-de-languedoc-2","status":"publish","type":"product","link":"https:\/\/www.librairieclavreuil.com\/en\/lalande-jerome-de-des-canaux-de-navigation-et-specialement-du-canal-de-languedoc-2\/","title":{"rendered":"LALANDE J\u00e9r\u00f4me de Des Canaux de Navigation, et..."},"content":{"rendered":"<p style=\"text-align:justify\"><i>DSB, VII, 580.<\/i><\/p>\n<p><span style=\"font-variant:small-caps\">First edition of this important work on inland navigation, one third of which is devoted to the canals and small canals of the French region of Languedoc.<\/span><\/p>\n<p>The famous astronomer, abandoning his speciality, wrote this work after visiting the Languedoc canal in all its extent. The following parts deal with the canals planned or executed in Franche-Comt\u00e9, Alsace, Lorraine and Champagne, those of the Seine, Marne, Picardy, Flanders, the Briare canal (the oldest in France), navigation on rivers, tolls, the canals of Italy, Spain, the Netherlands, England, Germany, Sweden, etc., as well as the canals of Asia and America.<\/p>\n<p style=\"text-align:justify\">&#8220;This is the first major account of the 17th century <i>Canal du Midi<\/i>. It covers the background history of Riquet&#8217;s extraordinary and influential project together with details of its construction, administration and &#8216;Anecdotes diverses&#8217;&#8230;. The work is a valuable source of information on many other French canals such as the Briare (forerunner of the Midi) and the Orl\u00e9ans as well as smaller regional waterways and various unexecuted schemes. It also contains sections on canals all over Europe, Asia, Africa, America and China. All his life Lalande was known for his love of the spectacular; in this case it has resulted in the most splendid of all canal books&#8221; (Julia Elton, in: Weinreb, cat. 50, item 130).<\/p>\n<p style=\"text-align:justify\">The fine pltes are engraved by Ransonnette and La Gardette.<\/p>\n<p style=\"text-align:justify\">Very fine and fresh copy, printed on heavy laid paper. Complete with all plates and bound for Baron Barante.<\/p>\n","protected":false},"excerpt":{"rendered":"<p style=\"text-align:justify\">Folio (438 x 287 mm) 2 nn.ll., XX, 588 pp., 14 engraved plates (1 folding). Early 19th century marbled calf, central coat of arms of Baron Barante, spine gilt with raised bands, red edges.<\/p>\n","protected":false},"featured_media":83772,"comment_status":"open","ping_status":"closed","template":"","meta":{"_acf_changed":false},"product_brand":[],"product_cat":[552],"product_tag":[1200,580],"class_list":{"0":"post-83781","1":"product","2":"type-product","3":"status-publish","4":"has-post-thumbnail","6":"product_cat-travel","7":"product_tag-architecture-2","8":"product_tag-hydraulic","9":"pa_auteur-lalande-jerome-de-2","10":"pa_type-de-livre-printed-book","12":"first","13":"instock","14":"shipping-taxable","15":"purchasable","16":"product-type-simple"},"acf":{"artist":" J\u00e9r\u00f4me de LALANDE","chapeau":"","adresse_bibliographique":"Paris, Veuve Desaint, 1778","book_type":"Printed book","provenance":"","afficher_prix":""},"yoast_head":"<!-- This site is optimized with the Yoast SEO plugin v24.7 - https:\/\/yoast.com\/wordpress\/plugins\/seo\/ -->\n<title>LALANDE J\u00e9r\u00f4me de Des Canaux de Navigation, et sp\u00e9cialement du canal de Languedoc. - Libairie Clavreuil<\/title>\n<meta name=\"robots\" content=\"index, follow, max-snippet:-1, max-image-preview:large, max-video-preview:-1\" \/>\n<link rel=\"canonical\" href=\"https:\/\/www.librairieclavreuil.com\/en\/lalande-jerome-de-des-canaux-de-navigation-et-specialement-du-canal-de-languedoc-2\/\" \/>\n<meta property=\"og:locale\" content=\"en_US\" \/>\n<meta property=\"og:type\" content=\"article\" \/>\n<meta property=\"og:title\" content=\"LALANDE J\u00e9r\u00f4me de Des Canaux de Navigation, et sp\u00e9cialement du canal de Languedoc. - Libairie Clavreuil\" \/>\n<meta property=\"og:description\" content=\"Folio (438 x 287 mm) 2 nn.ll., XX, 588 pp., 14 engraved plates (1 folding). Early 19th century marbled calf, central coat of arms of Baron Barante, spine gilt with raised bands, red edges.\" \/>\n<meta property=\"og:url\" content=\"https:\/\/www.librairieclavreuil.com\/en\/lalande-jerome-de-des-canaux-de-navigation-et-specialement-du-canal-de-languedoc-2\/\" \/>\n<meta property=\"og:site_name\" content=\"Libairie Clavreuil\" \/>\n<meta property=\"article:modified_time\" content=\"2025-02-19T17:13:35+00:00\" \/>\n<meta property=\"og:image\" content=\"https:\/\/www.librairieclavreuil.com\/wp-content\/uploads\/2025\/02\/jerome-de-lalande-des-canaux-de-navigation-et-specialement-du-canal-de-languedoc-5102-661ea28ced248.jpg\" \/>\n\t<meta property=\"og:image:width\" content=\"600\" \/>\n\t<meta property=\"og:image:height\" content=\"800\" \/>\n\t<meta property=\"og:image:type\" content=\"image\/jpeg\" \/>\n<meta name=\"twitter:card\" content=\"summary_large_image\" \/>\n<meta name=\"twitter:label1\" content=\"Est. reading time\" \/>\n\t<meta name=\"twitter:data1\" content=\"1 minute\" \/>\n<script type=\"application\/ld+json\" class=\"yoast-schema-graph\">{\"@context\":\"https:\/\/schema.org\",\"@graph\":[{\"@type\":\"WebPage\",\"@id\":\"https:\/\/www.librairieclavreuil.com\/en\/lalande-jerome-de-des-canaux-de-navigation-et-specialement-du-canal-de-languedoc-2\/\",\"url\":\"https:\/\/www.librairieclavreuil.com\/en\/lalande-jerome-de-des-canaux-de-navigation-et-specialement-du-canal-de-languedoc-2\/\",\"name\":\"LALANDE J\u00e9r\u00f4me de Des Canaux de Navigation, et sp\u00e9cialement du canal de Languedoc. - Libairie Clavreuil\",\"isPartOf\":{\"@id\":\"https:\/\/www.librairieclavreuil.com\/#website\"},\"primaryImageOfPage\":{\"@id\":\"https:\/\/www.librairieclavreuil.com\/en\/lalande-jerome-de-des-canaux-de-navigation-et-specialement-du-canal-de-languedoc-2\/#primaryimage\"},\"image\":{\"@id\":\"https:\/\/www.librairieclavreuil.com\/en\/lalande-jerome-de-des-canaux-de-navigation-et-specialement-du-canal-de-languedoc-2\/#primaryimage\"},\"thumbnailUrl\":\"https:\/\/www.librairieclavreuil.com\/wp-content\/uploads\/2025\/02\/jerome-de-lalande-des-canaux-de-navigation-et-specialement-du-canal-de-languedoc-5102-661ea28ced248.jpg\",\"datePublished\":\"2025-02-19T17:13:32+00:00\",\"dateModified\":\"2025-02-19T17:13:35+00:00\",\"breadcrumb\":{\"@id\":\"https:\/\/www.librairieclavreuil.com\/en\/lalande-jerome-de-des-canaux-de-navigation-et-specialement-du-canal-de-languedoc-2\/#breadcrumb\"},\"inLanguage\":\"en-US\",\"potentialAction\":[{\"@type\":\"ReadAction\",\"target\":[\"https:\/\/www.librairieclavreuil.com\/en\/lalande-jerome-de-des-canaux-de-navigation-et-specialement-du-canal-de-languedoc-2\/\"]}]},{\"@type\":\"ImageObject\",\"inLanguage\":\"en-US\",\"@id\":\"https:\/\/www.librairieclavreuil.com\/en\/lalande-jerome-de-des-canaux-de-navigation-et-specialement-du-canal-de-languedoc-2\/#primaryimage\",\"url\":\"https:\/\/www.librairieclavreuil.com\/wp-content\/uploads\/2025\/02\/jerome-de-lalande-des-canaux-de-navigation-et-specialement-du-canal-de-languedoc-5102-661ea28ced248.jpg\",\"contentUrl\":\"https:\/\/www.librairieclavreuil.com\/wp-content\/uploads\/2025\/02\/jerome-de-lalande-des-canaux-de-navigation-et-specialement-du-canal-de-languedoc-5102-661ea28ced248.jpg\",\"width\":600,\"height\":800},{\"@type\":\"BreadcrumbList\",\"@id\":\"https:\/\/www.librairieclavreuil.com\/en\/lalande-jerome-de-des-canaux-de-navigation-et-specialement-du-canal-de-languedoc-2\/#breadcrumb\",\"itemListElement\":[{\"@type\":\"ListItem\",\"position\":1,\"name\":\"Accueil\",\"item\":\"https:\/\/www.librairieclavreuil.com\/\"},{\"@type\":\"ListItem\",\"position\":2,\"name\":\"All our books\",\"item\":\"https:\/\/www.librairieclavreuil.com\/en\/all-our-books\/\"},{\"@type\":\"ListItem\",\"position\":3,\"name\":\"LALANDE J\u00e9r\u00f4me de Des Canaux de Navigation, et...\"}]},{\"@type\":\"WebSite\",\"@id\":\"https:\/\/www.librairieclavreuil.com\/#website\",\"url\":\"https:\/\/www.librairieclavreuil.com\/\",\"name\":\"Libairie Clavreuil\",\"description\":\"Livres anciens, manuscrits rares et \u00e9ditions originales \u2013 Librairie Clavreuil\",\"publisher\":{\"@id\":\"https:\/\/www.librairieclavreuil.com\/#organization\"},\"potentialAction\":[{\"@type\":\"SearchAction\",\"target\":{\"@type\":\"EntryPoint\",\"urlTemplate\":\"https:\/\/www.librairieclavreuil.com\/?s={search_term_string}\"},\"query-input\":{\"@type\":\"PropertyValueSpecification\",\"valueRequired\":true,\"valueName\":\"search_term_string\"}}],\"inLanguage\":\"en-US\"},{\"@type\":\"Organization\",\"@id\":\"https:\/\/www.librairieclavreuil.com\/#organization\",\"name\":\"Libairie Clavreuil\",\"url\":\"https:\/\/www.librairieclavreuil.com\/\",\"logo\":{\"@type\":\"ImageObject\",\"inLanguage\":\"en-US\",\"@id\":\"https:\/\/www.librairieclavreuil.com\/#\/schema\/logo\/image\/\",\"url\":\"https:\/\/www.librairieclavreuil.com\/wp-content\/uploads\/2021\/06\/cropped-LOGO_PNG_DATE-_gold-512x512-1.png\",\"contentUrl\":\"https:\/\/www.librairieclavreuil.com\/wp-content\/uploads\/2021\/06\/cropped-LOGO_PNG_DATE-_gold-512x512-1.png\",\"width\":512,\"height\":512,\"caption\":\"Libairie Clavreuil\"},\"image\":{\"@id\":\"https:\/\/www.librairieclavreuil.com\/#\/schema\/logo\/image\/\"},\"sameAs\":[\"https:\/\/www.instagram.com\/librairieclavreuil\/\"]}]}<\/script>\n<!-- \/ Yoast SEO plugin. -->","yoast_head_json":{"title":"LALANDE J\u00e9r\u00f4me de Des Canaux de Navigation, et sp\u00e9cialement du canal de Languedoc. - Libairie Clavreuil","robots":{"index":"index","follow":"follow","max-snippet":"max-snippet:-1","max-image-preview":"max-image-preview:large","max-video-preview":"max-video-preview:-1"},"canonical":"https:\/\/www.librairieclavreuil.com\/en\/lalande-jerome-de-des-canaux-de-navigation-et-specialement-du-canal-de-languedoc-2\/","og_locale":"en_US","og_type":"article","og_title":"LALANDE J\u00e9r\u00f4me de Des Canaux de Navigation, et sp\u00e9cialement du canal de Languedoc. - Libairie Clavreuil","og_description":"Folio (438 x 287 mm) 2 nn.ll., XX, 588 pp., 14 engraved plates (1 folding). Early 19th century marbled calf, central coat of arms of Baron Barante, spine gilt with raised bands, red edges.","og_url":"https:\/\/www.librairieclavreuil.com\/en\/lalande-jerome-de-des-canaux-de-navigation-et-specialement-du-canal-de-languedoc-2\/","og_site_name":"Libairie Clavreuil","article_modified_time":"2025-02-19T17:13:35+00:00","og_image":[{"width":600,"height":800,"url":"https:\/\/www.librairieclavreuil.com\/wp-content\/uploads\/2025\/02\/jerome-de-lalande-des-canaux-de-navigation-et-specialement-du-canal-de-languedoc-5102-661ea28ced248.jpg","type":"image\/jpeg"}],"twitter_card":"summary_large_image","twitter_misc":{"Est. reading time":"1 minute"},"schema":{"@context":"https:\/\/schema.org","@graph":[{"@type":"WebPage","@id":"https:\/\/www.librairieclavreuil.com\/en\/lalande-jerome-de-des-canaux-de-navigation-et-specialement-du-canal-de-languedoc-2\/","url":"https:\/\/www.librairieclavreuil.com\/en\/lalande-jerome-de-des-canaux-de-navigation-et-specialement-du-canal-de-languedoc-2\/","name":"LALANDE J\u00e9r\u00f4me de Des Canaux de Navigation, et sp\u00e9cialement du canal de Languedoc. - Libairie Clavreuil","isPartOf":{"@id":"https:\/\/www.librairieclavreuil.com\/#website"},"primaryImageOfPage":{"@id":"https:\/\/www.librairieclavreuil.com\/en\/lalande-jerome-de-des-canaux-de-navigation-et-specialement-du-canal-de-languedoc-2\/#primaryimage"},"image":{"@id":"https:\/\/www.librairieclavreuil.com\/en\/lalande-jerome-de-des-canaux-de-navigation-et-specialement-du-canal-de-languedoc-2\/#primaryimage"},"thumbnailUrl":"https:\/\/www.librairieclavreuil.com\/wp-content\/uploads\/2025\/02\/jerome-de-lalande-des-canaux-de-navigation-et-specialement-du-canal-de-languedoc-5102-661ea28ced248.jpg","datePublished":"2025-02-19T17:13:32+00:00","dateModified":"2025-02-19T17:13:35+00:00","breadcrumb":{"@id":"https:\/\/www.librairieclavreuil.com\/en\/lalande-jerome-de-des-canaux-de-navigation-et-specialement-du-canal-de-languedoc-2\/#breadcrumb"},"inLanguage":"en-US","potentialAction":[{"@type":"ReadAction","target":["https:\/\/www.librairieclavreuil.com\/en\/lalande-jerome-de-des-canaux-de-navigation-et-specialement-du-canal-de-languedoc-2\/"]}]},{"@type":"ImageObject","inLanguage":"en-US","@id":"https:\/\/www.librairieclavreuil.com\/en\/lalande-jerome-de-des-canaux-de-navigation-et-specialement-du-canal-de-languedoc-2\/#primaryimage","url":"https:\/\/www.librairieclavreuil.com\/wp-content\/uploads\/2025\/02\/jerome-de-lalande-des-canaux-de-navigation-et-specialement-du-canal-de-languedoc-5102-661ea28ced248.jpg","contentUrl":"https:\/\/www.librairieclavreuil.com\/wp-content\/uploads\/2025\/02\/jerome-de-lalande-des-canaux-de-navigation-et-specialement-du-canal-de-languedoc-5102-661ea28ced248.jpg","width":600,"height":800},{"@type":"BreadcrumbList","@id":"https:\/\/www.librairieclavreuil.com\/en\/lalande-jerome-de-des-canaux-de-navigation-et-specialement-du-canal-de-languedoc-2\/#breadcrumb","itemListElement":[{"@type":"ListItem","position":1,"name":"Accueil","item":"https:\/\/www.librairieclavreuil.com\/"},{"@type":"ListItem","position":2,"name":"All our books","item":"https:\/\/www.librairieclavreuil.com\/en\/all-our-books\/"},{"@type":"ListItem","position":3,"name":"LALANDE J\u00e9r\u00f4me de Des Canaux de Navigation, et..."}]},{"@type":"WebSite","@id":"https:\/\/www.librairieclavreuil.com\/#website","url":"https:\/\/www.librairieclavreuil.com\/","name":"Libairie Clavreuil","description":"Livres anciens, manuscrits rares et \u00e9ditions originales \u2013 Librairie Clavreuil","publisher":{"@id":"https:\/\/www.librairieclavreuil.com\/#organization"},"potentialAction":[{"@type":"SearchAction","target":{"@type":"EntryPoint","urlTemplate":"https:\/\/www.librairieclavreuil.com\/?s={search_term_string}"},"query-input":{"@type":"PropertyValueSpecification","valueRequired":true,"valueName":"search_term_string"}}],"inLanguage":"en-US"},{"@type":"Organization","@id":"https:\/\/www.librairieclavreuil.com\/#organization","name":"Libairie Clavreuil","url":"https:\/\/www.librairieclavreuil.com\/","logo":{"@type":"ImageObject","inLanguage":"en-US","@id":"https:\/\/www.librairieclavreuil.com\/#\/schema\/logo\/image\/","url":"https:\/\/www.librairieclavreuil.com\/wp-content\/uploads\/2021\/06\/cropped-LOGO_PNG_DATE-_gold-512x512-1.png","contentUrl":"https:\/\/www.librairieclavreuil.com\/wp-content\/uploads\/2021\/06\/cropped-LOGO_PNG_DATE-_gold-512x512-1.png","width":512,"height":512,"caption":"Libairie Clavreuil"},"image":{"@id":"https:\/\/www.librairieclavreuil.com\/#\/schema\/logo\/image\/"},"sameAs":["https:\/\/www.instagram.com\/librairieclavreuil\/"]}]}},"jetpack_sharing_enabled":true,"_links":{"self":[{"href":"https:\/\/www.librairieclavreuil.com\/en\/wp-json\/wp\/v2\/product\/83781","targetHints":{"allow":["GET"]}}],"collection":[{"href":"https:\/\/www.librairieclavreuil.com\/en\/wp-json\/wp\/v2\/product"}],"about":[{"href":"https:\/\/www.librairieclavreuil.com\/en\/wp-json\/wp\/v2\/types\/product"}],"replies":[{"embeddable":true,"href":"https:\/\/www.librairieclavreuil.com\/en\/wp-json\/wp\/v2\/comments?post=83781"}],"wp:featuredmedia":[{"embeddable":true,"href":"https:\/\/www.librairieclavreuil.com\/en\/wp-json\/wp\/v2\/media\/83772"}],"wp:attachment":[{"href":"https:\/\/www.librairieclavreuil.com\/en\/wp-json\/wp\/v2\/media?parent=83781"}],"wp:term":[{"taxonomy":"product_brand","embeddable":true,"href":"https:\/\/www.librairieclavreuil.com\/en\/wp-json\/wp\/v2\/product_brand?post=83781"},{"taxonomy":"product_cat","embeddable":true,"href":"https:\/\/www.librairieclavreuil.com\/en\/wp-json\/wp\/v2\/product_cat?post=83781"},{"taxonomy":"product_tag","embeddable":true,"href":"https:\/\/www.librairieclavreuil.com\/en\/wp-json\/wp\/v2\/product_tag?post=83781"}],"curies":[{"name":"wp","href":"https:\/\/api.w.org\/{rel}","templated":true}]}}