{"id":83771,"date":"2025-02-19T18:13:24","date_gmt":"2025-02-19T17:13:24","guid":{"rendered":"https:\/\/www.librairieclavreuil.com\/restif-de-la-bretonne-nicolas-edme-la-decouverte-australe-par-un-homme-volant-ou-le-dedale-francais-nouvelle-tres-philosophique-suivie-de-la-lettre-dun-singe-ca\/"},"modified":"2025-07-04T16:07:05","modified_gmt":"2025-07-04T14:07:05","slug":"restif-de-la-bretonne-nicolas-edme-la-decouverte-australe-par-un-homme-volant-ou-le-dedale-francais-nouvelle-tres-philosophique-suivie-de-la-lettre-dun-singe-ca","status":"publish","type":"product","link":"https:\/\/www.librairieclavreuil.com\/en\/restif-de-la-bretonne-nicolas-edme-la-decouverte-australe-par-un-homme-volant-ou-le-dedale-francais-nouvelle-tres-philosophique-suivie-de-la-lettre-dun-singe-ca\/","title":{"rendered":"RESTIF DE LA BRETONNE Nicolas Edme La D\u00e9couverte..."},"content":{"rendered":"<p style=\"text-align:justify\"><i>Rives Childs, XXIII, 2; BnF, Utopie, 107.<\/i><\/p>\n<p style=\"text-align:justify\">First edition of one of the most singular works by Restif de la Bretonne at the same time a utopia and a precursor of aerial navigation.<\/p>\n<p style=\"text-align:justify\">In order to fully live with his beloved Christine, its hero Victorin succeeds to run away from home with the aid of his new invention : a flying-machine. By doing so, this imaginary tale actually precedes the first successful elevation demonstrated by the brothers Montgolfiere on 4 June 1783. Victorin arrives at the &#8216;Inaccessible Mountain&#8217; (<i>Le Mont Inaccessible<\/i>) where he lives a happy life with his beloved and procreates a large family. After 20 years the hero decides to find new land where he can create his own kingdom. Again, he makes good use of his flying device which transports him to an unknown universe (monde austral), animated by strange creatures. He there founds his new, utopian society.<\/p>\n<p style=\"text-align:justify\">Restif associates literally reality, fiction, science fiction and discoveries. This copy in second issue with <i>Lettre d&#8217;un Singe<\/i> (v. III), the 3 page <i>Avis de l&#8217;\u00c9diteur<\/i> (instead of 5) as pages 16 and 17 had been suppressed. The <i>S\u00e9ance ch\u00e9s une Amatrice<\/i> (v. IV, p. 325) is present in one 1 page 1\/2, etc.<\/p>\n<p style=\"text-align:justify\">Fine illustrations by Binet<\/p>\n<p style=\"text-align:justify\">The fine, almost surreal, engraving are by Binet, Restif&#8217;s most cherished artist and engraver. The half-title to volume I states: Oeuvres posthumes De N. *******. Oeuvre S.de, La D\u00e9couverte australe, ou les Antipodes: Avec une Estampe \u00e0 chaque Fait principal. 1781. Volume IV with Notes sur la <i>Lettre d&#8217;un Singe<\/i>, the <i>Dissertation sur les Hommes-brutes<\/i>&nbsp;and <i>S\u00e9ance ch\u00e9s une Amatrice<\/i>.<\/p>\n<p style=\"text-align:justify\">Fine copy, beautifully bound by Chambolle-Duru and complete with all its 23 engravings. From the library of Jean Bonna with his bookpate.<\/p>\n","protected":false},"excerpt":{"rendered":"<p style=\"text-align:justify\">4 volumes, 12mo (163 x 95 mm) 240 pp. for volume I; pp. 241-436 for volume II; pp. 437-624, 92 pp. for volume III; pp. 93-334 for volume IV; illustrations comprise 4 frontispieces (one folding) and 19 plates. 19th century blue morocco signed Chambolle-Duru, trilple gilt filet on covers, spines gilt with raised bands, gilt run ins, marbled and gilt edges.<\/p>\n","protected":false},"featured_media":83762,"comment_status":"open","ping_status":"closed","template":"","meta":{"_acf_changed":false},"product_brand":[],"product_cat":[544],"product_tag":[1240,1245,1450],"class_list":{"0":"post-83771","1":"product","2":"type-product","3":"status-publish","4":"has-post-thumbnail","6":"product_cat-literature","7":"product_tag-18th-century-illustrations","8":"product_tag-18th-century-literature","9":"product_tag-first-edition","10":"pa_auteur-restif-de-la-bretonne-nicolas-edme-2","11":"pa_type-de-livre-printed-book","13":"first","14":"instock","15":"shipping-taxable","16":"purchasable","17":"product-type-simple"},"acf":{"artist":" Nicolas Edme RESTIF DE LA BRETONNE","chapeau":"","adresse_bibliographique":"Le\u00efpsick: Et se trouve \u00e0 Paris, 1781","book_type":"Printed book","provenance":"","afficher_prix":""},"yoast_head":"<!-- This site is optimized with the Yoast SEO plugin v24.7 - https:\/\/yoast.com\/wordpress\/plugins\/seo\/ -->\n<title>RESTIF DE LA BRETONNE Nicolas Edme La D\u00e9couverte australe Par un Homme-volant, ou le D\u00e9dale fran\u00e7ais; Nouvelle tr\u00e8s-philosophique: suivie de la Lettre d&#039;un Singe, &amp;ca. - Libairie Clavreuil<\/title>\n<meta name=\"robots\" content=\"index, follow, max-snippet:-1, max-image-preview:large, max-video-preview:-1\" \/>\n<link rel=\"canonical\" href=\"https:\/\/www.librairieclavreuil.com\/en\/restif-de-la-bretonne-nicolas-edme-la-decouverte-australe-par-un-homme-volant-ou-le-dedale-francais-nouvelle-tres-philosophique-suivie-de-la-lettre-dun-singe-ca\/\" \/>\n<meta property=\"og:locale\" content=\"en_US\" \/>\n<meta property=\"og:type\" content=\"article\" \/>\n<meta property=\"og:title\" content=\"RESTIF DE LA BRETONNE Nicolas Edme La D\u00e9couverte australe Par un Homme-volant, ou le D\u00e9dale fran\u00e7ais; Nouvelle tr\u00e8s-philosophique: suivie de la Lettre d&#039;un Singe, &amp;ca. - Libairie Clavreuil\" \/>\n<meta property=\"og:description\" content=\"4 volumes, 12mo (163 x 95 mm) 240 pp. for volume I; pp. 241-436 for volume II; pp. 437-624, 92 pp. for volume III; pp. 93-334 for volume IV; illustrations comprise 4 frontispieces (one folding) and 19 plates. 19th century blue morocco signed Chambolle-Duru, trilple gilt filet on covers, spines gilt with raised bands, gilt run ins, marbled and gilt edges.\" \/>\n<meta property=\"og:url\" content=\"https:\/\/www.librairieclavreuil.com\/en\/restif-de-la-bretonne-nicolas-edme-la-decouverte-australe-par-un-homme-volant-ou-le-dedale-francais-nouvelle-tres-philosophique-suivie-de-la-lettre-dun-singe-ca\/\" \/>\n<meta property=\"og:site_name\" content=\"Libairie Clavreuil\" \/>\n<meta property=\"article:modified_time\" content=\"2025-07-04T14:07:05+00:00\" \/>\n<meta property=\"og:image\" content=\"https:\/\/www.librairieclavreuil.com\/wp-content\/uploads\/2025\/02\/nicolas-edme-restif-de-la-bretonne-la-decouverte-australe-par-un-homme-volant-ou-le-dedale-francais-nouvelle-tres-philosophique-suivie-de-la-lettre-d-.jpg\" \/>\n\t<meta property=\"og:image:width\" content=\"453\" \/>\n\t<meta property=\"og:image:height\" content=\"800\" \/>\n\t<meta property=\"og:image:type\" content=\"image\/jpeg\" \/>\n<meta name=\"twitter:card\" content=\"summary_large_image\" \/>\n<meta name=\"twitter:label1\" content=\"Est. reading time\" \/>\n\t<meta name=\"twitter:data1\" content=\"1 minute\" \/>\n<script type=\"application\/ld+json\" class=\"yoast-schema-graph\">{\"@context\":\"https:\/\/schema.org\",\"@graph\":[{\"@type\":\"WebPage\",\"@id\":\"https:\/\/www.librairieclavreuil.com\/en\/restif-de-la-bretonne-nicolas-edme-la-decouverte-australe-par-un-homme-volant-ou-le-dedale-francais-nouvelle-tres-philosophique-suivie-de-la-lettre-dun-singe-ca\/\",\"url\":\"https:\/\/www.librairieclavreuil.com\/en\/restif-de-la-bretonne-nicolas-edme-la-decouverte-australe-par-un-homme-volant-ou-le-dedale-francais-nouvelle-tres-philosophique-suivie-de-la-lettre-dun-singe-ca\/\",\"name\":\"RESTIF DE LA BRETONNE Nicolas Edme La D\u00e9couverte australe Par un Homme-volant, ou le D\u00e9dale fran\u00e7ais; Nouvelle tr\u00e8s-philosophique: suivie de la Lettre d'un Singe, &amp;ca. - Libairie Clavreuil\",\"isPartOf\":{\"@id\":\"https:\/\/www.librairieclavreuil.com\/#website\"},\"primaryImageOfPage\":{\"@id\":\"https:\/\/www.librairieclavreuil.com\/en\/restif-de-la-bretonne-nicolas-edme-la-decouverte-australe-par-un-homme-volant-ou-le-dedale-francais-nouvelle-tres-philosophique-suivie-de-la-lettre-dun-singe-ca\/#primaryimage\"},\"image\":{\"@id\":\"https:\/\/www.librairieclavreuil.com\/en\/restif-de-la-bretonne-nicolas-edme-la-decouverte-australe-par-un-homme-volant-ou-le-dedale-francais-nouvelle-tres-philosophique-suivie-de-la-lettre-dun-singe-ca\/#primaryimage\"},\"thumbnailUrl\":\"https:\/\/www.librairieclavreuil.com\/wp-content\/uploads\/2025\/02\/nicolas-edme-restif-de-la-bretonne-la-decouverte-australe-par-un-homme-volant-ou-le-dedale-francais-nouvelle-tres-philosophique-suivie-de-la-lettre-d-.jpg\",\"datePublished\":\"2025-02-19T17:13:24+00:00\",\"dateModified\":\"2025-07-04T14:07:05+00:00\",\"breadcrumb\":{\"@id\":\"https:\/\/www.librairieclavreuil.com\/en\/restif-de-la-bretonne-nicolas-edme-la-decouverte-australe-par-un-homme-volant-ou-le-dedale-francais-nouvelle-tres-philosophique-suivie-de-la-lettre-dun-singe-ca\/#breadcrumb\"},\"inLanguage\":\"en-US\",\"potentialAction\":[{\"@type\":\"ReadAction\",\"target\":[\"https:\/\/www.librairieclavreuil.com\/en\/restif-de-la-bretonne-nicolas-edme-la-decouverte-australe-par-un-homme-volant-ou-le-dedale-francais-nouvelle-tres-philosophique-suivie-de-la-lettre-dun-singe-ca\/\"]}]},{\"@type\":\"ImageObject\",\"inLanguage\":\"en-US\",\"@id\":\"https:\/\/www.librairieclavreuil.com\/en\/restif-de-la-bretonne-nicolas-edme-la-decouverte-australe-par-un-homme-volant-ou-le-dedale-francais-nouvelle-tres-philosophique-suivie-de-la-lettre-dun-singe-ca\/#primaryimage\",\"url\":\"https:\/\/www.librairieclavreuil.com\/wp-content\/uploads\/2025\/02\/nicolas-edme-restif-de-la-bretonne-la-decouverte-australe-par-un-homme-volant-ou-le-dedale-francais-nouvelle-tres-philosophique-suivie-de-la-lettre-d-.jpg\",\"contentUrl\":\"https:\/\/www.librairieclavreuil.com\/wp-content\/uploads\/2025\/02\/nicolas-edme-restif-de-la-bretonne-la-decouverte-australe-par-un-homme-volant-ou-le-dedale-francais-nouvelle-tres-philosophique-suivie-de-la-lettre-d-.jpg\",\"width\":453,\"height\":800},{\"@type\":\"BreadcrumbList\",\"@id\":\"https:\/\/www.librairieclavreuil.com\/en\/restif-de-la-bretonne-nicolas-edme-la-decouverte-australe-par-un-homme-volant-ou-le-dedale-francais-nouvelle-tres-philosophique-suivie-de-la-lettre-dun-singe-ca\/#breadcrumb\",\"itemListElement\":[{\"@type\":\"ListItem\",\"position\":1,\"name\":\"Accueil\",\"item\":\"https:\/\/www.librairieclavreuil.com\/\"},{\"@type\":\"ListItem\",\"position\":2,\"name\":\"All our books\",\"item\":\"https:\/\/www.librairieclavreuil.com\/en\/all-our-books\/\"},{\"@type\":\"ListItem\",\"position\":3,\"name\":\"RESTIF DE LA BRETONNE Nicolas Edme La D\u00e9couverte...\"}]},{\"@type\":\"WebSite\",\"@id\":\"https:\/\/www.librairieclavreuil.com\/#website\",\"url\":\"https:\/\/www.librairieclavreuil.com\/\",\"name\":\"Libairie Clavreuil\",\"description\":\"Livres anciens, manuscrits rares et \u00e9ditions originales \u2013 Librairie Clavreuil\",\"publisher\":{\"@id\":\"https:\/\/www.librairieclavreuil.com\/#organization\"},\"potentialAction\":[{\"@type\":\"SearchAction\",\"target\":{\"@type\":\"EntryPoint\",\"urlTemplate\":\"https:\/\/www.librairieclavreuil.com\/?s={search_term_string}\"},\"query-input\":{\"@type\":\"PropertyValueSpecification\",\"valueRequired\":true,\"valueName\":\"search_term_string\"}}],\"inLanguage\":\"en-US\"},{\"@type\":\"Organization\",\"@id\":\"https:\/\/www.librairieclavreuil.com\/#organization\",\"name\":\"Libairie Clavreuil\",\"url\":\"https:\/\/www.librairieclavreuil.com\/\",\"logo\":{\"@type\":\"ImageObject\",\"inLanguage\":\"en-US\",\"@id\":\"https:\/\/www.librairieclavreuil.com\/#\/schema\/logo\/image\/\",\"url\":\"https:\/\/www.librairieclavreuil.com\/wp-content\/uploads\/2021\/06\/cropped-LOGO_PNG_DATE-_gold-512x512-1.png\",\"contentUrl\":\"https:\/\/www.librairieclavreuil.com\/wp-content\/uploads\/2021\/06\/cropped-LOGO_PNG_DATE-_gold-512x512-1.png\",\"width\":512,\"height\":512,\"caption\":\"Libairie Clavreuil\"},\"image\":{\"@id\":\"https:\/\/www.librairieclavreuil.com\/#\/schema\/logo\/image\/\"},\"sameAs\":[\"https:\/\/www.instagram.com\/librairieclavreuil\/\"]}]}<\/script>\n<!-- \/ Yoast SEO plugin. -->","yoast_head_json":{"title":"RESTIF DE LA BRETONNE Nicolas Edme La D\u00e9couverte australe Par un Homme-volant, ou le D\u00e9dale fran\u00e7ais; Nouvelle tr\u00e8s-philosophique: suivie de la Lettre d'un Singe, &amp;ca. - Libairie Clavreuil","robots":{"index":"index","follow":"follow","max-snippet":"max-snippet:-1","max-image-preview":"max-image-preview:large","max-video-preview":"max-video-preview:-1"},"canonical":"https:\/\/www.librairieclavreuil.com\/en\/restif-de-la-bretonne-nicolas-edme-la-decouverte-australe-par-un-homme-volant-ou-le-dedale-francais-nouvelle-tres-philosophique-suivie-de-la-lettre-dun-singe-ca\/","og_locale":"en_US","og_type":"article","og_title":"RESTIF DE LA BRETONNE Nicolas Edme La D\u00e9couverte australe Par un Homme-volant, ou le D\u00e9dale fran\u00e7ais; Nouvelle tr\u00e8s-philosophique: suivie de la Lettre d'un Singe, &amp;ca. - Libairie Clavreuil","og_description":"4 volumes, 12mo (163 x 95 mm) 240 pp. for volume I; pp. 241-436 for volume II; pp. 437-624, 92 pp. for volume III; pp. 93-334 for volume IV; illustrations comprise 4 frontispieces (one folding) and 19 plates. 19th century blue morocco signed Chambolle-Duru, trilple gilt filet on covers, spines gilt with raised bands, gilt run ins, marbled and gilt edges.","og_url":"https:\/\/www.librairieclavreuil.com\/en\/restif-de-la-bretonne-nicolas-edme-la-decouverte-australe-par-un-homme-volant-ou-le-dedale-francais-nouvelle-tres-philosophique-suivie-de-la-lettre-dun-singe-ca\/","og_site_name":"Libairie Clavreuil","article_modified_time":"2025-07-04T14:07:05+00:00","og_image":[{"width":453,"height":800,"url":"https:\/\/www.librairieclavreuil.com\/wp-content\/uploads\/2025\/02\/nicolas-edme-restif-de-la-bretonne-la-decouverte-australe-par-un-homme-volant-ou-le-dedale-francais-nouvelle-tres-philosophique-suivie-de-la-lettre-d-.jpg","type":"image\/jpeg"}],"twitter_card":"summary_large_image","twitter_misc":{"Est. reading time":"1 minute"},"schema":{"@context":"https:\/\/schema.org","@graph":[{"@type":"WebPage","@id":"https:\/\/www.librairieclavreuil.com\/en\/restif-de-la-bretonne-nicolas-edme-la-decouverte-australe-par-un-homme-volant-ou-le-dedale-francais-nouvelle-tres-philosophique-suivie-de-la-lettre-dun-singe-ca\/","url":"https:\/\/www.librairieclavreuil.com\/en\/restif-de-la-bretonne-nicolas-edme-la-decouverte-australe-par-un-homme-volant-ou-le-dedale-francais-nouvelle-tres-philosophique-suivie-de-la-lettre-dun-singe-ca\/","name":"RESTIF DE LA BRETONNE Nicolas Edme La D\u00e9couverte australe Par un Homme-volant, ou le D\u00e9dale fran\u00e7ais; Nouvelle tr\u00e8s-philosophique: suivie de la Lettre d'un Singe, &amp;ca. - Libairie Clavreuil","isPartOf":{"@id":"https:\/\/www.librairieclavreuil.com\/#website"},"primaryImageOfPage":{"@id":"https:\/\/www.librairieclavreuil.com\/en\/restif-de-la-bretonne-nicolas-edme-la-decouverte-australe-par-un-homme-volant-ou-le-dedale-francais-nouvelle-tres-philosophique-suivie-de-la-lettre-dun-singe-ca\/#primaryimage"},"image":{"@id":"https:\/\/www.librairieclavreuil.com\/en\/restif-de-la-bretonne-nicolas-edme-la-decouverte-australe-par-un-homme-volant-ou-le-dedale-francais-nouvelle-tres-philosophique-suivie-de-la-lettre-dun-singe-ca\/#primaryimage"},"thumbnailUrl":"https:\/\/www.librairieclavreuil.com\/wp-content\/uploads\/2025\/02\/nicolas-edme-restif-de-la-bretonne-la-decouverte-australe-par-un-homme-volant-ou-le-dedale-francais-nouvelle-tres-philosophique-suivie-de-la-lettre-d-.jpg","datePublished":"2025-02-19T17:13:24+00:00","dateModified":"2025-07-04T14:07:05+00:00","breadcrumb":{"@id":"https:\/\/www.librairieclavreuil.com\/en\/restif-de-la-bretonne-nicolas-edme-la-decouverte-australe-par-un-homme-volant-ou-le-dedale-francais-nouvelle-tres-philosophique-suivie-de-la-lettre-dun-singe-ca\/#breadcrumb"},"inLanguage":"en-US","potentialAction":[{"@type":"ReadAction","target":["https:\/\/www.librairieclavreuil.com\/en\/restif-de-la-bretonne-nicolas-edme-la-decouverte-australe-par-un-homme-volant-ou-le-dedale-francais-nouvelle-tres-philosophique-suivie-de-la-lettre-dun-singe-ca\/"]}]},{"@type":"ImageObject","inLanguage":"en-US","@id":"https:\/\/www.librairieclavreuil.com\/en\/restif-de-la-bretonne-nicolas-edme-la-decouverte-australe-par-un-homme-volant-ou-le-dedale-francais-nouvelle-tres-philosophique-suivie-de-la-lettre-dun-singe-ca\/#primaryimage","url":"https:\/\/www.librairieclavreuil.com\/wp-content\/uploads\/2025\/02\/nicolas-edme-restif-de-la-bretonne-la-decouverte-australe-par-un-homme-volant-ou-le-dedale-francais-nouvelle-tres-philosophique-suivie-de-la-lettre-d-.jpg","contentUrl":"https:\/\/www.librairieclavreuil.com\/wp-content\/uploads\/2025\/02\/nicolas-edme-restif-de-la-bretonne-la-decouverte-australe-par-un-homme-volant-ou-le-dedale-francais-nouvelle-tres-philosophique-suivie-de-la-lettre-d-.jpg","width":453,"height":800},{"@type":"BreadcrumbList","@id":"https:\/\/www.librairieclavreuil.com\/en\/restif-de-la-bretonne-nicolas-edme-la-decouverte-australe-par-un-homme-volant-ou-le-dedale-francais-nouvelle-tres-philosophique-suivie-de-la-lettre-dun-singe-ca\/#breadcrumb","itemListElement":[{"@type":"ListItem","position":1,"name":"Accueil","item":"https:\/\/www.librairieclavreuil.com\/"},{"@type":"ListItem","position":2,"name":"All our books","item":"https:\/\/www.librairieclavreuil.com\/en\/all-our-books\/"},{"@type":"ListItem","position":3,"name":"RESTIF DE LA BRETONNE Nicolas Edme La D\u00e9couverte..."}]},{"@type":"WebSite","@id":"https:\/\/www.librairieclavreuil.com\/#website","url":"https:\/\/www.librairieclavreuil.com\/","name":"Libairie Clavreuil","description":"Livres anciens, manuscrits rares et \u00e9ditions originales \u2013 Librairie Clavreuil","publisher":{"@id":"https:\/\/www.librairieclavreuil.com\/#organization"},"potentialAction":[{"@type":"SearchAction","target":{"@type":"EntryPoint","urlTemplate":"https:\/\/www.librairieclavreuil.com\/?s={search_term_string}"},"query-input":{"@type":"PropertyValueSpecification","valueRequired":true,"valueName":"search_term_string"}}],"inLanguage":"en-US"},{"@type":"Organization","@id":"https:\/\/www.librairieclavreuil.com\/#organization","name":"Libairie Clavreuil","url":"https:\/\/www.librairieclavreuil.com\/","logo":{"@type":"ImageObject","inLanguage":"en-US","@id":"https:\/\/www.librairieclavreuil.com\/#\/schema\/logo\/image\/","url":"https:\/\/www.librairieclavreuil.com\/wp-content\/uploads\/2021\/06\/cropped-LOGO_PNG_DATE-_gold-512x512-1.png","contentUrl":"https:\/\/www.librairieclavreuil.com\/wp-content\/uploads\/2021\/06\/cropped-LOGO_PNG_DATE-_gold-512x512-1.png","width":512,"height":512,"caption":"Libairie Clavreuil"},"image":{"@id":"https:\/\/www.librairieclavreuil.com\/#\/schema\/logo\/image\/"},"sameAs":["https:\/\/www.instagram.com\/librairieclavreuil\/"]}]}},"jetpack_sharing_enabled":true,"_links":{"self":[{"href":"https:\/\/www.librairieclavreuil.com\/en\/wp-json\/wp\/v2\/product\/83771","targetHints":{"allow":["GET"]}}],"collection":[{"href":"https:\/\/www.librairieclavreuil.com\/en\/wp-json\/wp\/v2\/product"}],"about":[{"href":"https:\/\/www.librairieclavreuil.com\/en\/wp-json\/wp\/v2\/types\/product"}],"replies":[{"embeddable":true,"href":"https:\/\/www.librairieclavreuil.com\/en\/wp-json\/wp\/v2\/comments?post=83771"}],"wp:featuredmedia":[{"embeddable":true,"href":"https:\/\/www.librairieclavreuil.com\/en\/wp-json\/wp\/v2\/media\/83762"}],"wp:attachment":[{"href":"https:\/\/www.librairieclavreuil.com\/en\/wp-json\/wp\/v2\/media?parent=83771"}],"wp:term":[{"taxonomy":"product_brand","embeddable":true,"href":"https:\/\/www.librairieclavreuil.com\/en\/wp-json\/wp\/v2\/product_brand?post=83771"},{"taxonomy":"product_cat","embeddable":true,"href":"https:\/\/www.librairieclavreuil.com\/en\/wp-json\/wp\/v2\/product_cat?post=83771"},{"taxonomy":"product_tag","embeddable":true,"href":"https:\/\/www.librairieclavreuil.com\/en\/wp-json\/wp\/v2\/product_tag?post=83771"}],"curies":[{"name":"wp","href":"https:\/\/api.w.org\/{rel}","templated":true}]}}