{"id":83753,"date":"2025-02-19T18:13:08","date_gmt":"2025-02-19T17:13:08","guid":{"rendered":"https:\/\/www.librairieclavreuil.com\/forbin-louis-nicolas-philippe-auguste-voyage-dans-le-levant-en-1817-et-1818-2\/"},"modified":"2025-07-15T17:42:38","modified_gmt":"2025-07-15T15:42:38","slug":"forbin-louis-nicolas-philippe-auguste-voyage-dans-le-levant-en-1817-et-1818-2","status":"publish","type":"product","link":"https:\/\/www.librairieclavreuil.com\/en\/forbin-louis-nicolas-philippe-auguste-voyage-dans-le-levant-en-1817-et-1818-2\/","title":{"rendered":"FORBIN Louis Nicolas Philippe Auguste Voyage dans le..."},"content":{"rendered":"<p style=\"text-align:justify\"><i>Colas, 1089; Blackmer, 614 ; Weber, 70 ; Atabey, 447; Ko\u00e7 collection, 209; Qu\u00e9rard, III, 160.<\/i><\/p>\n<p style=\"text-align:justify\">First edition of this lavishly produced book, printed in a limited edition of 325 copies only. A magnificent copy bound for Louise d\u2019Orl\u00e9ans.<\/p>\n<p style=\"text-align:justify\">&#8220;On n&#8217;a tir\u00e9 que 325 exemplaires de ce magnifique ouvrage (Qu\u00e9rard).<\/p>\n<p style=\"text-align:justify\">&#8220;This impressive work is a very early example of the use of lithography in France for illustrated books.&#8221; (Atabey).<\/p>\n<p style=\"text-align:justify\">\u201cForbin&#8217;s was one of the first important French books to use lithography on a grand scale, and the standard of production is equal to that of Napol\u00e9on&#8217;s &#8216;Description de l&#8217;Egypte&#8217; or Denon&#8217;s &#8216;Voyage\u201d(Navari, Blackmer).<\/p>\n<p style=\"text-align:justify\">&#8220;One of the first French illustrated books to make extensive use of lithography. The work was translated into English (in Sir Richard Phillip&#8217;s series Voyages and travels&#8230;), and German. Forbin was a painter and antiquary who succeeded Dominique Vivant Denon as curator of the Louvre and other museums in 1816. In August 1817 he sailed from Toulon in the Cl\u00e9op\u00e2tre on a year-long expedition to the Levant to buy antiquities; the party did visit Constantinople (the book contains two views, after Castellan), but the plague prevented Forbin from venturing much outside the ambassador&#8217;s residence&#8221; (Ko\u00e7).<\/p>\n<p style=\"text-align:justify\">His journey took him to Melos, Athens, Constantinople, Smyrna, Ephesus, Acre, Jaffa, Jerusalem, Cairo, Luxor, and Thebes. Richly illustrated, the magnificent, highly desirable plates (after Carle Vernet, Fragonard, Isabey, and Forbin himself, as well as Prevost) show fine views of Greece, the Dead Sea, Jerusalem, Ramla, Gaza, and Egypt.&nbsp;antiquities of Cairo (3), and the temples at Carnak in Thebes (2).<\/p>\n<p style=\"text-align:justify\">Beautiful copy albeit some occasional foxing or spotting, entirely uncut and of royal provenance (coat of arms of Louise-Marie-Adela\u00efde d&#8217;Orl\u00e9ans on spine and the book-plates of Duke Montpensier and by descent to his son Antoine d&#8217;Orl\u00e9ans on the inside-cover).<\/p>\n","protected":false},"excerpt":{"rendered":"<p style=\"text-align:justify\">Broadsheets (720 x 505 mm) 4 unn.l., 132 pp., 80 plates (including 70 lithographs, 8 aquatinta plates by Debucourt, and 2 plans by Nicolas-Auguste Leisnier); contemporary red morocco backed boards, flat spine gilt with the royal cipher of Louise d&#8217;Orl\u00e9ans (OHR, 2576) at foot (<i>bound by Tessier, rue de la Harpe, with his sticker on front paste down<\/i>).<\/p>\n","protected":false},"featured_media":83736,"comment_status":"open","ping_status":"closed","template":"","meta":{"_acf_changed":false},"product_brand":[],"product_cat":[552],"product_tag":[1382,1355],"class_list":{"0":"post-83753","1":"product","2":"type-product","3":"status-publish","4":"has-post-thumbnail","6":"product_cat-travel","7":"product_tag-asia","8":"product_tag-egypt-ethiopia","9":"pa_auteur-forbin-louis-nicolas-philippe-auguste-2","10":"pa_type-de-livre-printed-book","12":"first","13":"instock","14":"shipping-taxable","15":"purchasable","16":"product-type-simple"},"acf":{"artist":" Louis Nicolas Philippe Auguste FORBIN","chapeau":"Of Royal Provenance\r\nIncunabula of lithography","adresse_bibliographique":"Paris, Imprimerie Royale, 1819","book_type":"Printed book","provenance":"","afficher_prix":""},"yoast_head":"<!-- This site is optimized with the Yoast SEO plugin v24.7 - https:\/\/yoast.com\/wordpress\/plugins\/seo\/ -->\n<title>FORBIN Louis Nicolas Philippe Auguste Voyage dans le Levant (en 1817 et 1818). - Libairie Clavreuil<\/title>\n<meta name=\"robots\" content=\"index, follow, max-snippet:-1, max-image-preview:large, max-video-preview:-1\" \/>\n<link rel=\"canonical\" href=\"https:\/\/www.librairieclavreuil.com\/en\/forbin-louis-nicolas-philippe-auguste-voyage-dans-le-levant-en-1817-et-1818-2\/\" \/>\n<meta property=\"og:locale\" content=\"en_US\" \/>\n<meta property=\"og:type\" content=\"article\" \/>\n<meta property=\"og:title\" content=\"FORBIN Louis Nicolas Philippe Auguste Voyage dans le Levant (en 1817 et 1818). - Libairie Clavreuil\" \/>\n<meta property=\"og:description\" content=\"Broadsheets (720 x 505 mm) 4 unn.l., 132 pp., 80 plates (including 70 lithographs, 8 aquatinta plates by Debucourt, and 2 plans by Nicolas-Auguste Leisnier); contemporary red morocco backed boards, flat spine gilt with the royal cipher of Louise d&#039;Orl\u00e9ans (OHR, 2576) at foot (bound by Tessier, rue de la Harpe, with his sticker on front paste down).\" \/>\n<meta property=\"og:url\" content=\"https:\/\/www.librairieclavreuil.com\/en\/forbin-louis-nicolas-philippe-auguste-voyage-dans-le-levant-en-1817-et-1818-2\/\" \/>\n<meta property=\"og:site_name\" content=\"Libairie Clavreuil\" \/>\n<meta property=\"article:modified_time\" content=\"2025-07-15T15:42:38+00:00\" \/>\n<meta property=\"og:image\" content=\"https:\/\/www.librairieclavreuil.com\/wp-content\/uploads\/2025\/02\/louis-nicolas-philippe-auguste-forbin-voyage-dans-le-levant-en-1817-et-1818-6675-661e753a42952.jpg\" \/>\n\t<meta property=\"og:image:width\" content=\"800\" \/>\n\t<meta property=\"og:image:height\" content=\"588\" \/>\n\t<meta property=\"og:image:type\" content=\"image\/jpeg\" \/>\n<meta name=\"twitter:card\" content=\"summary_large_image\" \/>\n<meta name=\"twitter:label1\" content=\"Est. reading time\" \/>\n\t<meta name=\"twitter:data1\" content=\"1 minute\" \/>\n<script type=\"application\/ld+json\" class=\"yoast-schema-graph\">{\"@context\":\"https:\/\/schema.org\",\"@graph\":[{\"@type\":\"WebPage\",\"@id\":\"https:\/\/www.librairieclavreuil.com\/en\/forbin-louis-nicolas-philippe-auguste-voyage-dans-le-levant-en-1817-et-1818-2\/\",\"url\":\"https:\/\/www.librairieclavreuil.com\/en\/forbin-louis-nicolas-philippe-auguste-voyage-dans-le-levant-en-1817-et-1818-2\/\",\"name\":\"FORBIN Louis Nicolas Philippe Auguste Voyage dans le Levant (en 1817 et 1818). - Libairie Clavreuil\",\"isPartOf\":{\"@id\":\"https:\/\/www.librairieclavreuil.com\/#website\"},\"primaryImageOfPage\":{\"@id\":\"https:\/\/www.librairieclavreuil.com\/en\/forbin-louis-nicolas-philippe-auguste-voyage-dans-le-levant-en-1817-et-1818-2\/#primaryimage\"},\"image\":{\"@id\":\"https:\/\/www.librairieclavreuil.com\/en\/forbin-louis-nicolas-philippe-auguste-voyage-dans-le-levant-en-1817-et-1818-2\/#primaryimage\"},\"thumbnailUrl\":\"https:\/\/www.librairieclavreuil.com\/wp-content\/uploads\/2025\/02\/louis-nicolas-philippe-auguste-forbin-voyage-dans-le-levant-en-1817-et-1818-6675-661e753a42952.jpg\",\"datePublished\":\"2025-02-19T17:13:08+00:00\",\"dateModified\":\"2025-07-15T15:42:38+00:00\",\"breadcrumb\":{\"@id\":\"https:\/\/www.librairieclavreuil.com\/en\/forbin-louis-nicolas-philippe-auguste-voyage-dans-le-levant-en-1817-et-1818-2\/#breadcrumb\"},\"inLanguage\":\"en-US\",\"potentialAction\":[{\"@type\":\"ReadAction\",\"target\":[\"https:\/\/www.librairieclavreuil.com\/en\/forbin-louis-nicolas-philippe-auguste-voyage-dans-le-levant-en-1817-et-1818-2\/\"]}]},{\"@type\":\"ImageObject\",\"inLanguage\":\"en-US\",\"@id\":\"https:\/\/www.librairieclavreuil.com\/en\/forbin-louis-nicolas-philippe-auguste-voyage-dans-le-levant-en-1817-et-1818-2\/#primaryimage\",\"url\":\"https:\/\/www.librairieclavreuil.com\/wp-content\/uploads\/2025\/02\/louis-nicolas-philippe-auguste-forbin-voyage-dans-le-levant-en-1817-et-1818-6675-661e753a42952.jpg\",\"contentUrl\":\"https:\/\/www.librairieclavreuil.com\/wp-content\/uploads\/2025\/02\/louis-nicolas-philippe-auguste-forbin-voyage-dans-le-levant-en-1817-et-1818-6675-661e753a42952.jpg\",\"width\":800,\"height\":588},{\"@type\":\"BreadcrumbList\",\"@id\":\"https:\/\/www.librairieclavreuil.com\/en\/forbin-louis-nicolas-philippe-auguste-voyage-dans-le-levant-en-1817-et-1818-2\/#breadcrumb\",\"itemListElement\":[{\"@type\":\"ListItem\",\"position\":1,\"name\":\"Accueil\",\"item\":\"https:\/\/www.librairieclavreuil.com\/\"},{\"@type\":\"ListItem\",\"position\":2,\"name\":\"All our books\",\"item\":\"https:\/\/www.librairieclavreuil.com\/en\/all-our-books\/\"},{\"@type\":\"ListItem\",\"position\":3,\"name\":\"FORBIN Louis Nicolas Philippe Auguste Voyage dans le...\"}]},{\"@type\":\"WebSite\",\"@id\":\"https:\/\/www.librairieclavreuil.com\/#website\",\"url\":\"https:\/\/www.librairieclavreuil.com\/\",\"name\":\"Libairie Clavreuil\",\"description\":\"Livres anciens, manuscrits rares et \u00e9ditions originales \u2013 Librairie Clavreuil\",\"publisher\":{\"@id\":\"https:\/\/www.librairieclavreuil.com\/#organization\"},\"potentialAction\":[{\"@type\":\"SearchAction\",\"target\":{\"@type\":\"EntryPoint\",\"urlTemplate\":\"https:\/\/www.librairieclavreuil.com\/?s={search_term_string}\"},\"query-input\":{\"@type\":\"PropertyValueSpecification\",\"valueRequired\":true,\"valueName\":\"search_term_string\"}}],\"inLanguage\":\"en-US\"},{\"@type\":\"Organization\",\"@id\":\"https:\/\/www.librairieclavreuil.com\/#organization\",\"name\":\"Libairie Clavreuil\",\"url\":\"https:\/\/www.librairieclavreuil.com\/\",\"logo\":{\"@type\":\"ImageObject\",\"inLanguage\":\"en-US\",\"@id\":\"https:\/\/www.librairieclavreuil.com\/#\/schema\/logo\/image\/\",\"url\":\"https:\/\/www.librairieclavreuil.com\/wp-content\/uploads\/2021\/06\/cropped-LOGO_PNG_DATE-_gold-512x512-1.png\",\"contentUrl\":\"https:\/\/www.librairieclavreuil.com\/wp-content\/uploads\/2021\/06\/cropped-LOGO_PNG_DATE-_gold-512x512-1.png\",\"width\":512,\"height\":512,\"caption\":\"Libairie Clavreuil\"},\"image\":{\"@id\":\"https:\/\/www.librairieclavreuil.com\/#\/schema\/logo\/image\/\"},\"sameAs\":[\"https:\/\/www.instagram.com\/librairieclavreuil\/\"]}]}<\/script>\n<!-- \/ Yoast SEO plugin. -->","yoast_head_json":{"title":"FORBIN Louis Nicolas Philippe Auguste Voyage dans le Levant (en 1817 et 1818). - Libairie Clavreuil","robots":{"index":"index","follow":"follow","max-snippet":"max-snippet:-1","max-image-preview":"max-image-preview:large","max-video-preview":"max-video-preview:-1"},"canonical":"https:\/\/www.librairieclavreuil.com\/en\/forbin-louis-nicolas-philippe-auguste-voyage-dans-le-levant-en-1817-et-1818-2\/","og_locale":"en_US","og_type":"article","og_title":"FORBIN Louis Nicolas Philippe Auguste Voyage dans le Levant (en 1817 et 1818). - Libairie Clavreuil","og_description":"Broadsheets (720 x 505 mm) 4 unn.l., 132 pp., 80 plates (including 70 lithographs, 8 aquatinta plates by Debucourt, and 2 plans by Nicolas-Auguste Leisnier); contemporary red morocco backed boards, flat spine gilt with the royal cipher of Louise d'Orl\u00e9ans (OHR, 2576) at foot (bound by Tessier, rue de la Harpe, with his sticker on front paste down).","og_url":"https:\/\/www.librairieclavreuil.com\/en\/forbin-louis-nicolas-philippe-auguste-voyage-dans-le-levant-en-1817-et-1818-2\/","og_site_name":"Libairie Clavreuil","article_modified_time":"2025-07-15T15:42:38+00:00","og_image":[{"width":800,"height":588,"url":"https:\/\/www.librairieclavreuil.com\/wp-content\/uploads\/2025\/02\/louis-nicolas-philippe-auguste-forbin-voyage-dans-le-levant-en-1817-et-1818-6675-661e753a42952.jpg","type":"image\/jpeg"}],"twitter_card":"summary_large_image","twitter_misc":{"Est. reading time":"1 minute"},"schema":{"@context":"https:\/\/schema.org","@graph":[{"@type":"WebPage","@id":"https:\/\/www.librairieclavreuil.com\/en\/forbin-louis-nicolas-philippe-auguste-voyage-dans-le-levant-en-1817-et-1818-2\/","url":"https:\/\/www.librairieclavreuil.com\/en\/forbin-louis-nicolas-philippe-auguste-voyage-dans-le-levant-en-1817-et-1818-2\/","name":"FORBIN Louis Nicolas Philippe Auguste Voyage dans le Levant (en 1817 et 1818). - Libairie Clavreuil","isPartOf":{"@id":"https:\/\/www.librairieclavreuil.com\/#website"},"primaryImageOfPage":{"@id":"https:\/\/www.librairieclavreuil.com\/en\/forbin-louis-nicolas-philippe-auguste-voyage-dans-le-levant-en-1817-et-1818-2\/#primaryimage"},"image":{"@id":"https:\/\/www.librairieclavreuil.com\/en\/forbin-louis-nicolas-philippe-auguste-voyage-dans-le-levant-en-1817-et-1818-2\/#primaryimage"},"thumbnailUrl":"https:\/\/www.librairieclavreuil.com\/wp-content\/uploads\/2025\/02\/louis-nicolas-philippe-auguste-forbin-voyage-dans-le-levant-en-1817-et-1818-6675-661e753a42952.jpg","datePublished":"2025-02-19T17:13:08+00:00","dateModified":"2025-07-15T15:42:38+00:00","breadcrumb":{"@id":"https:\/\/www.librairieclavreuil.com\/en\/forbin-louis-nicolas-philippe-auguste-voyage-dans-le-levant-en-1817-et-1818-2\/#breadcrumb"},"inLanguage":"en-US","potentialAction":[{"@type":"ReadAction","target":["https:\/\/www.librairieclavreuil.com\/en\/forbin-louis-nicolas-philippe-auguste-voyage-dans-le-levant-en-1817-et-1818-2\/"]}]},{"@type":"ImageObject","inLanguage":"en-US","@id":"https:\/\/www.librairieclavreuil.com\/en\/forbin-louis-nicolas-philippe-auguste-voyage-dans-le-levant-en-1817-et-1818-2\/#primaryimage","url":"https:\/\/www.librairieclavreuil.com\/wp-content\/uploads\/2025\/02\/louis-nicolas-philippe-auguste-forbin-voyage-dans-le-levant-en-1817-et-1818-6675-661e753a42952.jpg","contentUrl":"https:\/\/www.librairieclavreuil.com\/wp-content\/uploads\/2025\/02\/louis-nicolas-philippe-auguste-forbin-voyage-dans-le-levant-en-1817-et-1818-6675-661e753a42952.jpg","width":800,"height":588},{"@type":"BreadcrumbList","@id":"https:\/\/www.librairieclavreuil.com\/en\/forbin-louis-nicolas-philippe-auguste-voyage-dans-le-levant-en-1817-et-1818-2\/#breadcrumb","itemListElement":[{"@type":"ListItem","position":1,"name":"Accueil","item":"https:\/\/www.librairieclavreuil.com\/"},{"@type":"ListItem","position":2,"name":"All our books","item":"https:\/\/www.librairieclavreuil.com\/en\/all-our-books\/"},{"@type":"ListItem","position":3,"name":"FORBIN Louis Nicolas Philippe Auguste Voyage dans le..."}]},{"@type":"WebSite","@id":"https:\/\/www.librairieclavreuil.com\/#website","url":"https:\/\/www.librairieclavreuil.com\/","name":"Libairie Clavreuil","description":"Livres anciens, manuscrits rares et \u00e9ditions originales \u2013 Librairie Clavreuil","publisher":{"@id":"https:\/\/www.librairieclavreuil.com\/#organization"},"potentialAction":[{"@type":"SearchAction","target":{"@type":"EntryPoint","urlTemplate":"https:\/\/www.librairieclavreuil.com\/?s={search_term_string}"},"query-input":{"@type":"PropertyValueSpecification","valueRequired":true,"valueName":"search_term_string"}}],"inLanguage":"en-US"},{"@type":"Organization","@id":"https:\/\/www.librairieclavreuil.com\/#organization","name":"Libairie Clavreuil","url":"https:\/\/www.librairieclavreuil.com\/","logo":{"@type":"ImageObject","inLanguage":"en-US","@id":"https:\/\/www.librairieclavreuil.com\/#\/schema\/logo\/image\/","url":"https:\/\/www.librairieclavreuil.com\/wp-content\/uploads\/2021\/06\/cropped-LOGO_PNG_DATE-_gold-512x512-1.png","contentUrl":"https:\/\/www.librairieclavreuil.com\/wp-content\/uploads\/2021\/06\/cropped-LOGO_PNG_DATE-_gold-512x512-1.png","width":512,"height":512,"caption":"Libairie Clavreuil"},"image":{"@id":"https:\/\/www.librairieclavreuil.com\/#\/schema\/logo\/image\/"},"sameAs":["https:\/\/www.instagram.com\/librairieclavreuil\/"]}]}},"jetpack_sharing_enabled":true,"_links":{"self":[{"href":"https:\/\/www.librairieclavreuil.com\/en\/wp-json\/wp\/v2\/product\/83753","targetHints":{"allow":["GET"]}}],"collection":[{"href":"https:\/\/www.librairieclavreuil.com\/en\/wp-json\/wp\/v2\/product"}],"about":[{"href":"https:\/\/www.librairieclavreuil.com\/en\/wp-json\/wp\/v2\/types\/product"}],"replies":[{"embeddable":true,"href":"https:\/\/www.librairieclavreuil.com\/en\/wp-json\/wp\/v2\/comments?post=83753"}],"wp:featuredmedia":[{"embeddable":true,"href":"https:\/\/www.librairieclavreuil.com\/en\/wp-json\/wp\/v2\/media\/83736"}],"wp:attachment":[{"href":"https:\/\/www.librairieclavreuil.com\/en\/wp-json\/wp\/v2\/media?parent=83753"}],"wp:term":[{"taxonomy":"product_brand","embeddable":true,"href":"https:\/\/www.librairieclavreuil.com\/en\/wp-json\/wp\/v2\/product_brand?post=83753"},{"taxonomy":"product_cat","embeddable":true,"href":"https:\/\/www.librairieclavreuil.com\/en\/wp-json\/wp\/v2\/product_cat?post=83753"},{"taxonomy":"product_tag","embeddable":true,"href":"https:\/\/www.librairieclavreuil.com\/en\/wp-json\/wp\/v2\/product_tag?post=83753"}],"curies":[{"name":"wp","href":"https:\/\/api.w.org\/{rel}","templated":true}]}}