{"id":83707,"date":"2025-02-19T18:12:24","date_gmt":"2025-02-19T17:12:24","guid":{"rendered":"https:\/\/www.librairieclavreuil.com\/valery-paul-aurore\/"},"modified":"2025-02-19T18:12:28","modified_gmt":"2025-02-19T17:12:28","slug":"valery-paul-aurore","status":"publish","type":"product","link":"https:\/\/www.librairieclavreuil.com\/en\/valery-paul-aurore\/","title":{"rendered":"VALERY Paul Aurore."},"content":{"rendered":"<p style=\"text-align:justify\"><i>Bonet, Carnets, 812.&nbsp;<\/i><\/p>\n<p style=\"text-align:justify\">First edition, published in this rare off-print of <i>Mercure de France<\/i> where the poem was included on 16 octobre 1917, later included in the collection of poems, <i>Odes<\/i>, in 1920 at NRF.&nbsp;<\/p>\n<p style=\"text-align:justify\">A lovely inscribed copy in a very fine Bonet binding.&nbsp;<\/p>\n<p style=\"text-align:justify\">&#8220;La confusion morose<\/p>\n<p style=\"text-align:justify\">Qui me servait de sommeil&nbsp;<\/p>\n<p style=\"text-align:justify\">Se dissipe d\u00e8s la rose<\/p>\n<p style=\"text-align:justify\">Apparence du soleil&#8221;&nbsp;<\/p>\n<p style=\"text-align:justify\">Copy inscribed and signed &#8220;\u00e0 Albert Mockel bien affectueusement son ami P.V.&#8221; Mockel (1866-1945), writer and symbolist poet, founder of the symbolist journal in Li\u00e8ge <i>La Wallonie<\/i> had published some of Paul Valery&#8217;s first poems.&nbsp;<\/p>\n<p style=\"text-align:justify\">Bonet notes for this binding, the third he designed for this title : &#8220;Il y a longtemps que je n&#8217;avais utilis\u00e9 le point comme seul \u00e9l\u00e9ment de d\u00e9cor. Il permet de conserver une apparence de grande l\u00e9g\u00e8ret\u00e9 malgr\u00e9 une construction rigoureusement g\u00e9om\u00e9trique&#8221; [It&#8217;s been a long time since I&#8217;ve used the individual point as the only decorative element. It allows me to maintain an appearance of great lightness despite a rigorously geometric construction].<\/p>\n<p style=\"text-align:justify\">&nbsp;Very fine copy in perfect condition.<\/p>\n","protected":false},"excerpt":{"rendered":"<p>8vo (220 x 140 mm) 8 un.l. including first and last blank. Light red morocco, covers decorated in an irradiating style with gilt and silver points, turning in geometrical and concentrical circles around a stylized sun, flat spine gilt, inside covers and endpapers in blue calf, gilt edges, yellow printed covers bound in, matching chemise and slipcase (<i>Paul Bonet 1947<\/i>).<\/p>\n","protected":false},"featured_media":83698,"comment_status":"open","ping_status":"closed","template":"","meta":{"_acf_changed":false},"product_brand":[],"product_cat":[530],"product_tag":[1246,1267,1450,1264],"class_list":{"0":"post-83707","1":"product","2":"type-product","3":"status-publish","4":"has-post-thumbnail","6":"product_cat-binding","7":"product_tag-20th-century-literature","8":"product_tag-binding","9":"product_tag-first-edition","10":"product_tag-inscription","11":"pa_auteur-valery-paul-2","12":"pa_type-de-livre-printed-book","14":"first","15":"outofstock","16":"shipping-taxable","17":"purchasable","18":"product-type-simple"},"acf":{"artist":" Paul VALERY","chapeau":"Inscribed association copy bound by Paul Bonet","adresse_bibliographique":"Paris, extrait du Mercure de France, 1917","book_type":"Printed book","provenance":"","afficher_prix":""},"yoast_head":"<!-- This site is optimized with the Yoast SEO plugin v24.7 - https:\/\/yoast.com\/wordpress\/plugins\/seo\/ -->\n<title>VALERY Paul Aurore. - Libairie Clavreuil<\/title>\n<meta name=\"robots\" content=\"index, follow, max-snippet:-1, max-image-preview:large, max-video-preview:-1\" \/>\n<link rel=\"canonical\" href=\"https:\/\/www.librairieclavreuil.com\/en\/valery-paul-aurore\/\" \/>\n<meta property=\"og:locale\" content=\"en_US\" \/>\n<meta property=\"og:type\" content=\"article\" \/>\n<meta property=\"og:title\" content=\"VALERY Paul Aurore. - Libairie Clavreuil\" \/>\n<meta property=\"og:description\" content=\"8vo (220 x 140 mm) 8 un.l. including first and last blank. Light red morocco, covers decorated in an irradiating style with gilt and silver points, turning in geometrical and concentrical circles around a stylized sun, flat spine gilt, inside covers and endpapers in blue calf, gilt edges, yellow printed covers bound in, matching chemise and slipcase (Paul Bonet 1947).\" \/>\n<meta property=\"og:url\" content=\"https:\/\/www.librairieclavreuil.com\/en\/valery-paul-aurore\/\" \/>\n<meta property=\"og:site_name\" content=\"Libairie Clavreuil\" \/>\n<meta property=\"article:modified_time\" content=\"2025-02-19T17:12:28+00:00\" \/>\n<meta property=\"og:image\" content=\"https:\/\/www.librairieclavreuil.com\/wp-content\/uploads\/2025\/02\/paul-valery-aurore-8044-666069d693d47.jpg\" \/>\n\t<meta property=\"og:image:width\" content=\"765\" \/>\n\t<meta property=\"og:image:height\" content=\"800\" \/>\n\t<meta property=\"og:image:type\" content=\"image\/jpeg\" \/>\n<meta name=\"twitter:card\" content=\"summary_large_image\" \/>\n<meta name=\"twitter:label1\" content=\"Est. reading time\" \/>\n\t<meta name=\"twitter:data1\" content=\"1 minute\" \/>\n<script type=\"application\/ld+json\" class=\"yoast-schema-graph\">{\"@context\":\"https:\/\/schema.org\",\"@graph\":[{\"@type\":\"WebPage\",\"@id\":\"https:\/\/www.librairieclavreuil.com\/en\/valery-paul-aurore\/\",\"url\":\"https:\/\/www.librairieclavreuil.com\/en\/valery-paul-aurore\/\",\"name\":\"VALERY Paul Aurore. - Libairie Clavreuil\",\"isPartOf\":{\"@id\":\"https:\/\/www.librairieclavreuil.com\/#website\"},\"primaryImageOfPage\":{\"@id\":\"https:\/\/www.librairieclavreuil.com\/en\/valery-paul-aurore\/#primaryimage\"},\"image\":{\"@id\":\"https:\/\/www.librairieclavreuil.com\/en\/valery-paul-aurore\/#primaryimage\"},\"thumbnailUrl\":\"https:\/\/www.librairieclavreuil.com\/wp-content\/uploads\/2025\/02\/paul-valery-aurore-8044-666069d693d47.jpg\",\"datePublished\":\"2025-02-19T17:12:24+00:00\",\"dateModified\":\"2025-02-19T17:12:28+00:00\",\"breadcrumb\":{\"@id\":\"https:\/\/www.librairieclavreuil.com\/en\/valery-paul-aurore\/#breadcrumb\"},\"inLanguage\":\"en-US\",\"potentialAction\":[{\"@type\":\"ReadAction\",\"target\":[\"https:\/\/www.librairieclavreuil.com\/en\/valery-paul-aurore\/\"]}]},{\"@type\":\"ImageObject\",\"inLanguage\":\"en-US\",\"@id\":\"https:\/\/www.librairieclavreuil.com\/en\/valery-paul-aurore\/#primaryimage\",\"url\":\"https:\/\/www.librairieclavreuil.com\/wp-content\/uploads\/2025\/02\/paul-valery-aurore-8044-666069d693d47.jpg\",\"contentUrl\":\"https:\/\/www.librairieclavreuil.com\/wp-content\/uploads\/2025\/02\/paul-valery-aurore-8044-666069d693d47.jpg\",\"width\":765,\"height\":800},{\"@type\":\"BreadcrumbList\",\"@id\":\"https:\/\/www.librairieclavreuil.com\/en\/valery-paul-aurore\/#breadcrumb\",\"itemListElement\":[{\"@type\":\"ListItem\",\"position\":1,\"name\":\"Accueil\",\"item\":\"https:\/\/www.librairieclavreuil.com\/\"},{\"@type\":\"ListItem\",\"position\":2,\"name\":\"All our books\",\"item\":\"https:\/\/www.librairieclavreuil.com\/en\/all-our-books\/\"},{\"@type\":\"ListItem\",\"position\":3,\"name\":\"VALERY Paul Aurore.\"}]},{\"@type\":\"WebSite\",\"@id\":\"https:\/\/www.librairieclavreuil.com\/#website\",\"url\":\"https:\/\/www.librairieclavreuil.com\/\",\"name\":\"Libairie Clavreuil\",\"description\":\"Livres anciens, manuscrits rares et \u00e9ditions originales \u2013 Librairie Clavreuil\",\"publisher\":{\"@id\":\"https:\/\/www.librairieclavreuil.com\/#organization\"},\"potentialAction\":[{\"@type\":\"SearchAction\",\"target\":{\"@type\":\"EntryPoint\",\"urlTemplate\":\"https:\/\/www.librairieclavreuil.com\/?s={search_term_string}\"},\"query-input\":{\"@type\":\"PropertyValueSpecification\",\"valueRequired\":true,\"valueName\":\"search_term_string\"}}],\"inLanguage\":\"en-US\"},{\"@type\":\"Organization\",\"@id\":\"https:\/\/www.librairieclavreuil.com\/#organization\",\"name\":\"Libairie Clavreuil\",\"url\":\"https:\/\/www.librairieclavreuil.com\/\",\"logo\":{\"@type\":\"ImageObject\",\"inLanguage\":\"en-US\",\"@id\":\"https:\/\/www.librairieclavreuil.com\/#\/schema\/logo\/image\/\",\"url\":\"https:\/\/www.librairieclavreuil.com\/wp-content\/uploads\/2021\/06\/cropped-LOGO_PNG_DATE-_gold-512x512-1.png\",\"contentUrl\":\"https:\/\/www.librairieclavreuil.com\/wp-content\/uploads\/2021\/06\/cropped-LOGO_PNG_DATE-_gold-512x512-1.png\",\"width\":512,\"height\":512,\"caption\":\"Libairie Clavreuil\"},\"image\":{\"@id\":\"https:\/\/www.librairieclavreuil.com\/#\/schema\/logo\/image\/\"},\"sameAs\":[\"https:\/\/www.instagram.com\/librairieclavreuil\/\"]}]}<\/script>\n<!-- \/ Yoast SEO plugin. -->","yoast_head_json":{"title":"VALERY Paul Aurore. - Libairie Clavreuil","robots":{"index":"index","follow":"follow","max-snippet":"max-snippet:-1","max-image-preview":"max-image-preview:large","max-video-preview":"max-video-preview:-1"},"canonical":"https:\/\/www.librairieclavreuil.com\/en\/valery-paul-aurore\/","og_locale":"en_US","og_type":"article","og_title":"VALERY Paul Aurore. - Libairie Clavreuil","og_description":"8vo (220 x 140 mm) 8 un.l. including first and last blank. Light red morocco, covers decorated in an irradiating style with gilt and silver points, turning in geometrical and concentrical circles around a stylized sun, flat spine gilt, inside covers and endpapers in blue calf, gilt edges, yellow printed covers bound in, matching chemise and slipcase (Paul Bonet 1947).","og_url":"https:\/\/www.librairieclavreuil.com\/en\/valery-paul-aurore\/","og_site_name":"Libairie Clavreuil","article_modified_time":"2025-02-19T17:12:28+00:00","og_image":[{"width":765,"height":800,"url":"https:\/\/www.librairieclavreuil.com\/wp-content\/uploads\/2025\/02\/paul-valery-aurore-8044-666069d693d47.jpg","type":"image\/jpeg"}],"twitter_card":"summary_large_image","twitter_misc":{"Est. reading time":"1 minute"},"schema":{"@context":"https:\/\/schema.org","@graph":[{"@type":"WebPage","@id":"https:\/\/www.librairieclavreuil.com\/en\/valery-paul-aurore\/","url":"https:\/\/www.librairieclavreuil.com\/en\/valery-paul-aurore\/","name":"VALERY Paul Aurore. - Libairie Clavreuil","isPartOf":{"@id":"https:\/\/www.librairieclavreuil.com\/#website"},"primaryImageOfPage":{"@id":"https:\/\/www.librairieclavreuil.com\/en\/valery-paul-aurore\/#primaryimage"},"image":{"@id":"https:\/\/www.librairieclavreuil.com\/en\/valery-paul-aurore\/#primaryimage"},"thumbnailUrl":"https:\/\/www.librairieclavreuil.com\/wp-content\/uploads\/2025\/02\/paul-valery-aurore-8044-666069d693d47.jpg","datePublished":"2025-02-19T17:12:24+00:00","dateModified":"2025-02-19T17:12:28+00:00","breadcrumb":{"@id":"https:\/\/www.librairieclavreuil.com\/en\/valery-paul-aurore\/#breadcrumb"},"inLanguage":"en-US","potentialAction":[{"@type":"ReadAction","target":["https:\/\/www.librairieclavreuil.com\/en\/valery-paul-aurore\/"]}]},{"@type":"ImageObject","inLanguage":"en-US","@id":"https:\/\/www.librairieclavreuil.com\/en\/valery-paul-aurore\/#primaryimage","url":"https:\/\/www.librairieclavreuil.com\/wp-content\/uploads\/2025\/02\/paul-valery-aurore-8044-666069d693d47.jpg","contentUrl":"https:\/\/www.librairieclavreuil.com\/wp-content\/uploads\/2025\/02\/paul-valery-aurore-8044-666069d693d47.jpg","width":765,"height":800},{"@type":"BreadcrumbList","@id":"https:\/\/www.librairieclavreuil.com\/en\/valery-paul-aurore\/#breadcrumb","itemListElement":[{"@type":"ListItem","position":1,"name":"Accueil","item":"https:\/\/www.librairieclavreuil.com\/"},{"@type":"ListItem","position":2,"name":"All our books","item":"https:\/\/www.librairieclavreuil.com\/en\/all-our-books\/"},{"@type":"ListItem","position":3,"name":"VALERY Paul Aurore."}]},{"@type":"WebSite","@id":"https:\/\/www.librairieclavreuil.com\/#website","url":"https:\/\/www.librairieclavreuil.com\/","name":"Libairie Clavreuil","description":"Livres anciens, manuscrits rares et \u00e9ditions originales \u2013 Librairie Clavreuil","publisher":{"@id":"https:\/\/www.librairieclavreuil.com\/#organization"},"potentialAction":[{"@type":"SearchAction","target":{"@type":"EntryPoint","urlTemplate":"https:\/\/www.librairieclavreuil.com\/?s={search_term_string}"},"query-input":{"@type":"PropertyValueSpecification","valueRequired":true,"valueName":"search_term_string"}}],"inLanguage":"en-US"},{"@type":"Organization","@id":"https:\/\/www.librairieclavreuil.com\/#organization","name":"Libairie Clavreuil","url":"https:\/\/www.librairieclavreuil.com\/","logo":{"@type":"ImageObject","inLanguage":"en-US","@id":"https:\/\/www.librairieclavreuil.com\/#\/schema\/logo\/image\/","url":"https:\/\/www.librairieclavreuil.com\/wp-content\/uploads\/2021\/06\/cropped-LOGO_PNG_DATE-_gold-512x512-1.png","contentUrl":"https:\/\/www.librairieclavreuil.com\/wp-content\/uploads\/2021\/06\/cropped-LOGO_PNG_DATE-_gold-512x512-1.png","width":512,"height":512,"caption":"Libairie Clavreuil"},"image":{"@id":"https:\/\/www.librairieclavreuil.com\/#\/schema\/logo\/image\/"},"sameAs":["https:\/\/www.instagram.com\/librairieclavreuil\/"]}]}},"jetpack_sharing_enabled":true,"_links":{"self":[{"href":"https:\/\/www.librairieclavreuil.com\/en\/wp-json\/wp\/v2\/product\/83707","targetHints":{"allow":["GET"]}}],"collection":[{"href":"https:\/\/www.librairieclavreuil.com\/en\/wp-json\/wp\/v2\/product"}],"about":[{"href":"https:\/\/www.librairieclavreuil.com\/en\/wp-json\/wp\/v2\/types\/product"}],"replies":[{"embeddable":true,"href":"https:\/\/www.librairieclavreuil.com\/en\/wp-json\/wp\/v2\/comments?post=83707"}],"wp:featuredmedia":[{"embeddable":true,"href":"https:\/\/www.librairieclavreuil.com\/en\/wp-json\/wp\/v2\/media\/83698"}],"wp:attachment":[{"href":"https:\/\/www.librairieclavreuil.com\/en\/wp-json\/wp\/v2\/media?parent=83707"}],"wp:term":[{"taxonomy":"product_brand","embeddable":true,"href":"https:\/\/www.librairieclavreuil.com\/en\/wp-json\/wp\/v2\/product_brand?post=83707"},{"taxonomy":"product_cat","embeddable":true,"href":"https:\/\/www.librairieclavreuil.com\/en\/wp-json\/wp\/v2\/product_cat?post=83707"},{"taxonomy":"product_tag","embeddable":true,"href":"https:\/\/www.librairieclavreuil.com\/en\/wp-json\/wp\/v2\/product_tag?post=83707"}],"curies":[{"name":"wp","href":"https:\/\/api.w.org\/{rel}","templated":true}]}}