{"id":83637,"date":"2025-02-19T18:11:34","date_gmt":"2025-02-19T17:11:34","guid":{"rendered":"https:\/\/www.librairieclavreuil.com\/flaubert-gustave-madame-bovary-moeurs-de-province\/"},"modified":"2025-02-19T18:11:37","modified_gmt":"2025-02-19T17:11:37","slug":"flaubert-gustave-madame-bovary-moeurs-de-province","status":"publish","type":"product","link":"https:\/\/www.librairieclavreuil.com\/en\/flaubert-gustave-madame-bovary-moeurs-de-province\/","title":{"rendered":"FLAUBERT Gustave Madame Bovary &#8211; M\u0153urs de Province-."},"content":{"rendered":"<p style=\"text-align:justify\"><i>Carteret, I, 265 ; Vicaire, III, 721 ; Clouzot, 121 ; Flety, 53.<\/i><\/p>\n<p style=\"text-align:justify\"><span style=\"font-variant:small-caps\">First edition.<\/span><\/p>\n<p style=\"text-align:justify\">Exquisite copy with an added frontispiece etching by Cuisinier printed on China, as well as a suite of 7 plates before the letter by Boilvin. Cuisiner&#8217;s frontispiece is usually part of the edition given by Quantin in 1885 (see Vicaire, III, 724). Boilvin&#8217;s suite illustrated the last edition published during the author&#8217;s lifetime in 1874 (see Vicaire, III, 723). Printed before the letter, the plate of l&#8217;<i>H\u00f4tellerie de Boulogne<\/i>, bound after page 172, is present in its first state (Madame Bovary with her bosom bare and with her lover lying in bed).<\/p>\n<p style=\"text-align:justify\">A very fine copy, beautifully bound by David towards the end of the 19th century.<\/p>\n","protected":false},"excerpt":{"rendered":"<p style=\"text-align:justify\">2 in 1 volume, 12mo (177 x 112 mm) 4 nn.ll., pp. [5]-232 for part I; 2 nn.ll., pp. [233]-490, 1 final blank for part II. Light brown morocco, triple gilt filet on covers, spine gilt with raised bands and with inlaid ornamental star alternating in red and black morocco, spine labels in red and black morocco, inner dentelle, gilt edges (<i>David<\/i>).<\/p>\n","protected":false},"featured_media":83626,"comment_status":"open","ping_status":"closed","template":"","meta":{"_acf_changed":false},"product_brand":[],"product_cat":[544],"product_tag":[604,598,1267,1450],"class_list":{"0":"post-83637","1":"product","2":"type-product","3":"status-publish","4":"has-post-thumbnail","6":"product_cat-literature","7":"product_tag-19th-century-illustrations","8":"product_tag-19th-century-literature","9":"product_tag-binding","10":"product_tag-first-edition","11":"pa_auteur-flaubert-gustave-2","12":"pa_type-de-livre-printed-book","14":"first","15":"outofstock","16":"shipping-taxable","17":"purchasable","18":"product-type-simple"},"acf":{"artist":" Gustave FLAUBERT","chapeau":"","adresse_bibliographique":"Paris, imp. de Mme Vve Dondey-Dupr\u00e9 pour Michel L\u00e9vy fr\u00e8res, 1857","book_type":"Printed book","provenance":"","afficher_prix":""},"yoast_head":"<!-- This site is optimized with the Yoast SEO plugin v24.7 - https:\/\/yoast.com\/wordpress\/plugins\/seo\/ -->\n<title>FLAUBERT Gustave Madame Bovary - M\u0153urs de Province-. - Libairie Clavreuil<\/title>\n<meta name=\"robots\" content=\"index, follow, max-snippet:-1, max-image-preview:large, max-video-preview:-1\" \/>\n<link rel=\"canonical\" href=\"https:\/\/www.librairieclavreuil.com\/en\/flaubert-gustave-madame-bovary-moeurs-de-province\/\" \/>\n<meta property=\"og:locale\" content=\"en_US\" \/>\n<meta property=\"og:type\" content=\"article\" \/>\n<meta property=\"og:title\" content=\"FLAUBERT Gustave Madame Bovary - M\u0153urs de Province-. - Libairie Clavreuil\" \/>\n<meta property=\"og:description\" content=\"2 in 1 volume, 12mo (177 x 112 mm) 4 nn.ll., pp. [5]-232 for part I; 2 nn.ll., pp. [233]-490, 1 final blank for part II. Light brown morocco, triple gilt filet on covers, spine gilt with raised bands and with inlaid ornamental star alternating in red and black morocco, spine labels in red and black morocco, inner dentelle, gilt edges (David).\" \/>\n<meta property=\"og:url\" content=\"https:\/\/www.librairieclavreuil.com\/en\/flaubert-gustave-madame-bovary-moeurs-de-province\/\" \/>\n<meta property=\"og:site_name\" content=\"Libairie Clavreuil\" \/>\n<meta property=\"article:modified_time\" content=\"2025-02-19T17:11:37+00:00\" \/>\n<meta property=\"og:image\" content=\"https:\/\/www.librairieclavreuil.com\/wp-content\/uploads\/2025\/02\/gustave-flaubert-madame-bovary-moeurs-de-province-8245-662917c56cc7e.jpg\" \/>\n\t<meta property=\"og:image:width\" content=\"454\" \/>\n\t<meta property=\"og:image:height\" content=\"800\" \/>\n\t<meta property=\"og:image:type\" content=\"image\/jpeg\" \/>\n<meta name=\"twitter:card\" content=\"summary_large_image\" \/>\n<meta name=\"twitter:label1\" content=\"Est. reading time\" \/>\n\t<meta name=\"twitter:data1\" content=\"1 minute\" \/>\n<script type=\"application\/ld+json\" class=\"yoast-schema-graph\">{\"@context\":\"https:\/\/schema.org\",\"@graph\":[{\"@type\":\"WebPage\",\"@id\":\"https:\/\/www.librairieclavreuil.com\/en\/flaubert-gustave-madame-bovary-moeurs-de-province\/\",\"url\":\"https:\/\/www.librairieclavreuil.com\/en\/flaubert-gustave-madame-bovary-moeurs-de-province\/\",\"name\":\"FLAUBERT Gustave Madame Bovary - M\u0153urs de Province-. - Libairie Clavreuil\",\"isPartOf\":{\"@id\":\"https:\/\/www.librairieclavreuil.com\/#website\"},\"primaryImageOfPage\":{\"@id\":\"https:\/\/www.librairieclavreuil.com\/en\/flaubert-gustave-madame-bovary-moeurs-de-province\/#primaryimage\"},\"image\":{\"@id\":\"https:\/\/www.librairieclavreuil.com\/en\/flaubert-gustave-madame-bovary-moeurs-de-province\/#primaryimage\"},\"thumbnailUrl\":\"https:\/\/www.librairieclavreuil.com\/wp-content\/uploads\/2025\/02\/gustave-flaubert-madame-bovary-moeurs-de-province-8245-662917c56cc7e.jpg\",\"datePublished\":\"2025-02-19T17:11:34+00:00\",\"dateModified\":\"2025-02-19T17:11:37+00:00\",\"breadcrumb\":{\"@id\":\"https:\/\/www.librairieclavreuil.com\/en\/flaubert-gustave-madame-bovary-moeurs-de-province\/#breadcrumb\"},\"inLanguage\":\"en-US\",\"potentialAction\":[{\"@type\":\"ReadAction\",\"target\":[\"https:\/\/www.librairieclavreuil.com\/en\/flaubert-gustave-madame-bovary-moeurs-de-province\/\"]}]},{\"@type\":\"ImageObject\",\"inLanguage\":\"en-US\",\"@id\":\"https:\/\/www.librairieclavreuil.com\/en\/flaubert-gustave-madame-bovary-moeurs-de-province\/#primaryimage\",\"url\":\"https:\/\/www.librairieclavreuil.com\/wp-content\/uploads\/2025\/02\/gustave-flaubert-madame-bovary-moeurs-de-province-8245-662917c56cc7e.jpg\",\"contentUrl\":\"https:\/\/www.librairieclavreuil.com\/wp-content\/uploads\/2025\/02\/gustave-flaubert-madame-bovary-moeurs-de-province-8245-662917c56cc7e.jpg\",\"width\":454,\"height\":800},{\"@type\":\"BreadcrumbList\",\"@id\":\"https:\/\/www.librairieclavreuil.com\/en\/flaubert-gustave-madame-bovary-moeurs-de-province\/#breadcrumb\",\"itemListElement\":[{\"@type\":\"ListItem\",\"position\":1,\"name\":\"Accueil\",\"item\":\"https:\/\/www.librairieclavreuil.com\/\"},{\"@type\":\"ListItem\",\"position\":2,\"name\":\"All our books\",\"item\":\"https:\/\/www.librairieclavreuil.com\/en\/all-our-books\/\"},{\"@type\":\"ListItem\",\"position\":3,\"name\":\"FLAUBERT Gustave Madame Bovary &#8211; M\u0153urs de Province-.\"}]},{\"@type\":\"WebSite\",\"@id\":\"https:\/\/www.librairieclavreuil.com\/#website\",\"url\":\"https:\/\/www.librairieclavreuil.com\/\",\"name\":\"Libairie Clavreuil\",\"description\":\"Livres anciens, manuscrits rares et \u00e9ditions originales \u2013 Librairie Clavreuil\",\"publisher\":{\"@id\":\"https:\/\/www.librairieclavreuil.com\/#organization\"},\"potentialAction\":[{\"@type\":\"SearchAction\",\"target\":{\"@type\":\"EntryPoint\",\"urlTemplate\":\"https:\/\/www.librairieclavreuil.com\/?s={search_term_string}\"},\"query-input\":{\"@type\":\"PropertyValueSpecification\",\"valueRequired\":true,\"valueName\":\"search_term_string\"}}],\"inLanguage\":\"en-US\"},{\"@type\":\"Organization\",\"@id\":\"https:\/\/www.librairieclavreuil.com\/#organization\",\"name\":\"Libairie Clavreuil\",\"url\":\"https:\/\/www.librairieclavreuil.com\/\",\"logo\":{\"@type\":\"ImageObject\",\"inLanguage\":\"en-US\",\"@id\":\"https:\/\/www.librairieclavreuil.com\/#\/schema\/logo\/image\/\",\"url\":\"https:\/\/www.librairieclavreuil.com\/wp-content\/uploads\/2021\/06\/cropped-LOGO_PNG_DATE-_gold-512x512-1.png\",\"contentUrl\":\"https:\/\/www.librairieclavreuil.com\/wp-content\/uploads\/2021\/06\/cropped-LOGO_PNG_DATE-_gold-512x512-1.png\",\"width\":512,\"height\":512,\"caption\":\"Libairie Clavreuil\"},\"image\":{\"@id\":\"https:\/\/www.librairieclavreuil.com\/#\/schema\/logo\/image\/\"},\"sameAs\":[\"https:\/\/www.instagram.com\/librairieclavreuil\/\"]}]}<\/script>\n<!-- \/ Yoast SEO plugin. -->","yoast_head_json":{"title":"FLAUBERT Gustave Madame Bovary - M\u0153urs de Province-. - Libairie Clavreuil","robots":{"index":"index","follow":"follow","max-snippet":"max-snippet:-1","max-image-preview":"max-image-preview:large","max-video-preview":"max-video-preview:-1"},"canonical":"https:\/\/www.librairieclavreuil.com\/en\/flaubert-gustave-madame-bovary-moeurs-de-province\/","og_locale":"en_US","og_type":"article","og_title":"FLAUBERT Gustave Madame Bovary - M\u0153urs de Province-. - Libairie Clavreuil","og_description":"2 in 1 volume, 12mo (177 x 112 mm) 4 nn.ll., pp. [5]-232 for part I; 2 nn.ll., pp. [233]-490, 1 final blank for part II. Light brown morocco, triple gilt filet on covers, spine gilt with raised bands and with inlaid ornamental star alternating in red and black morocco, spine labels in red and black morocco, inner dentelle, gilt edges (David).","og_url":"https:\/\/www.librairieclavreuil.com\/en\/flaubert-gustave-madame-bovary-moeurs-de-province\/","og_site_name":"Libairie Clavreuil","article_modified_time":"2025-02-19T17:11:37+00:00","og_image":[{"width":454,"height":800,"url":"https:\/\/www.librairieclavreuil.com\/wp-content\/uploads\/2025\/02\/gustave-flaubert-madame-bovary-moeurs-de-province-8245-662917c56cc7e.jpg","type":"image\/jpeg"}],"twitter_card":"summary_large_image","twitter_misc":{"Est. reading time":"1 minute"},"schema":{"@context":"https:\/\/schema.org","@graph":[{"@type":"WebPage","@id":"https:\/\/www.librairieclavreuil.com\/en\/flaubert-gustave-madame-bovary-moeurs-de-province\/","url":"https:\/\/www.librairieclavreuil.com\/en\/flaubert-gustave-madame-bovary-moeurs-de-province\/","name":"FLAUBERT Gustave Madame Bovary - M\u0153urs de Province-. - Libairie Clavreuil","isPartOf":{"@id":"https:\/\/www.librairieclavreuil.com\/#website"},"primaryImageOfPage":{"@id":"https:\/\/www.librairieclavreuil.com\/en\/flaubert-gustave-madame-bovary-moeurs-de-province\/#primaryimage"},"image":{"@id":"https:\/\/www.librairieclavreuil.com\/en\/flaubert-gustave-madame-bovary-moeurs-de-province\/#primaryimage"},"thumbnailUrl":"https:\/\/www.librairieclavreuil.com\/wp-content\/uploads\/2025\/02\/gustave-flaubert-madame-bovary-moeurs-de-province-8245-662917c56cc7e.jpg","datePublished":"2025-02-19T17:11:34+00:00","dateModified":"2025-02-19T17:11:37+00:00","breadcrumb":{"@id":"https:\/\/www.librairieclavreuil.com\/en\/flaubert-gustave-madame-bovary-moeurs-de-province\/#breadcrumb"},"inLanguage":"en-US","potentialAction":[{"@type":"ReadAction","target":["https:\/\/www.librairieclavreuil.com\/en\/flaubert-gustave-madame-bovary-moeurs-de-province\/"]}]},{"@type":"ImageObject","inLanguage":"en-US","@id":"https:\/\/www.librairieclavreuil.com\/en\/flaubert-gustave-madame-bovary-moeurs-de-province\/#primaryimage","url":"https:\/\/www.librairieclavreuil.com\/wp-content\/uploads\/2025\/02\/gustave-flaubert-madame-bovary-moeurs-de-province-8245-662917c56cc7e.jpg","contentUrl":"https:\/\/www.librairieclavreuil.com\/wp-content\/uploads\/2025\/02\/gustave-flaubert-madame-bovary-moeurs-de-province-8245-662917c56cc7e.jpg","width":454,"height":800},{"@type":"BreadcrumbList","@id":"https:\/\/www.librairieclavreuil.com\/en\/flaubert-gustave-madame-bovary-moeurs-de-province\/#breadcrumb","itemListElement":[{"@type":"ListItem","position":1,"name":"Accueil","item":"https:\/\/www.librairieclavreuil.com\/"},{"@type":"ListItem","position":2,"name":"All our books","item":"https:\/\/www.librairieclavreuil.com\/en\/all-our-books\/"},{"@type":"ListItem","position":3,"name":"FLAUBERT Gustave Madame Bovary &#8211; M\u0153urs de Province-."}]},{"@type":"WebSite","@id":"https:\/\/www.librairieclavreuil.com\/#website","url":"https:\/\/www.librairieclavreuil.com\/","name":"Libairie Clavreuil","description":"Livres anciens, manuscrits rares et \u00e9ditions originales \u2013 Librairie Clavreuil","publisher":{"@id":"https:\/\/www.librairieclavreuil.com\/#organization"},"potentialAction":[{"@type":"SearchAction","target":{"@type":"EntryPoint","urlTemplate":"https:\/\/www.librairieclavreuil.com\/?s={search_term_string}"},"query-input":{"@type":"PropertyValueSpecification","valueRequired":true,"valueName":"search_term_string"}}],"inLanguage":"en-US"},{"@type":"Organization","@id":"https:\/\/www.librairieclavreuil.com\/#organization","name":"Libairie Clavreuil","url":"https:\/\/www.librairieclavreuil.com\/","logo":{"@type":"ImageObject","inLanguage":"en-US","@id":"https:\/\/www.librairieclavreuil.com\/#\/schema\/logo\/image\/","url":"https:\/\/www.librairieclavreuil.com\/wp-content\/uploads\/2021\/06\/cropped-LOGO_PNG_DATE-_gold-512x512-1.png","contentUrl":"https:\/\/www.librairieclavreuil.com\/wp-content\/uploads\/2021\/06\/cropped-LOGO_PNG_DATE-_gold-512x512-1.png","width":512,"height":512,"caption":"Libairie Clavreuil"},"image":{"@id":"https:\/\/www.librairieclavreuil.com\/#\/schema\/logo\/image\/"},"sameAs":["https:\/\/www.instagram.com\/librairieclavreuil\/"]}]}},"jetpack_sharing_enabled":true,"_links":{"self":[{"href":"https:\/\/www.librairieclavreuil.com\/en\/wp-json\/wp\/v2\/product\/83637","targetHints":{"allow":["GET"]}}],"collection":[{"href":"https:\/\/www.librairieclavreuil.com\/en\/wp-json\/wp\/v2\/product"}],"about":[{"href":"https:\/\/www.librairieclavreuil.com\/en\/wp-json\/wp\/v2\/types\/product"}],"replies":[{"embeddable":true,"href":"https:\/\/www.librairieclavreuil.com\/en\/wp-json\/wp\/v2\/comments?post=83637"}],"wp:featuredmedia":[{"embeddable":true,"href":"https:\/\/www.librairieclavreuil.com\/en\/wp-json\/wp\/v2\/media\/83626"}],"wp:attachment":[{"href":"https:\/\/www.librairieclavreuil.com\/en\/wp-json\/wp\/v2\/media?parent=83637"}],"wp:term":[{"taxonomy":"product_brand","embeddable":true,"href":"https:\/\/www.librairieclavreuil.com\/en\/wp-json\/wp\/v2\/product_brand?post=83637"},{"taxonomy":"product_cat","embeddable":true,"href":"https:\/\/www.librairieclavreuil.com\/en\/wp-json\/wp\/v2\/product_cat?post=83637"},{"taxonomy":"product_tag","embeddable":true,"href":"https:\/\/www.librairieclavreuil.com\/en\/wp-json\/wp\/v2\/product_tag?post=83637"}],"curies":[{"name":"wp","href":"https:\/\/api.w.org\/{rel}","templated":true}]}}