{"id":83597,"date":"2025-02-19T18:01:06","date_gmt":"2025-02-19T17:01:06","guid":{"rendered":"https:\/\/www.librairieclavreuil.com\/ferriol-charles-recueil-de-cent-estampes-representant-differentes-nations-du-levant-tirees-sur-les-tableaux-peints-dapres-nature-en-1707-et-1708-explication-avec-de-nouvelles-estampes-des-cere\/"},"modified":"2025-02-19T18:01:09","modified_gmt":"2025-02-19T17:01:09","slug":"ferriol-charles-recueil-de-cent-estampes-representant-differentes-nations-du-levant-tirees-sur-les-tableaux-peints-dapres-nature-en-1707-et-1708-explication-avec-de-nouvelles-estampes-des-cere","status":"publish","type":"product","link":"https:\/\/www.librairieclavreuil.com\/en\/ferriol-charles-recueil-de-cent-estampes-representant-differentes-nations-du-levant-tirees-sur-les-tableaux-peints-dapres-nature-en-1707-et-1708-explication-avec-de-nouvelles-estampes-des-cere\/","title":{"rendered":"FERRIOL Charles Recueil de cent estampes representant diff\u00e9rentes..."},"content":{"rendered":"<p style=\"text-align:justify\"><i>Atabey, 429; Blackmer, 591; Colas, 391-392; Brunet, III, 947-948; Cohen-de Ricci, 391-392; Lipperheide, 1413-1414 &amp; Lb 26 &#8211; Lb 27 (their copy with 6 added plates, not part of this edition); Ko\u00e7 collection, 105.<\/i><\/p>\n<p style=\"text-align:justify\"><span style=\"font-variant:small-caps\">First edition of one of the most beautiful books about Turkish costumes.<\/span><\/p>\n<p style=\"text-align:justify\">&#8220;The eccentric ambassador Charles, marquis de Ferriol (he had provoked a diplomatic incident by his insistence on wearing a sword for his first audience with the Sultan, whereupon he was denied entrance, and never returned to the Palace), commissioned Jean-Baptiste Van Mour or Vanmour (Valenciennes1671 &#8211; Istanbul 1737) to paint 100 portraits of Turkish officials and other figures, which as published here form the basis of all later costume books and plates, including the handmade ones for the tourist trade&#8221; (Ko\u00e7).<\/p>\n<p style=\"text-align:justify\">This \u2018<i>Recueil de cent estampes<\/i>\u2019 &#8220;repr\u00e9sentant diff\u00e9rentes nations du Levant, qui para\u00eet en France en 1714 quelques ann\u00e9es apr\u00e8s le retour de l\u2019ambassadeur Charles de Ferriol (1652-1722) en mission \u00e0 Constantinople de 1699 \u00e0 1711, est un t\u00e9moignage \u00e9vocateur du nouvel engouement au XVIIIe si\u00e8cle pour l\u2019Orient. Les cent estampes qu\u2019il contient ont \u00e9t\u00e9 r\u00e9alis\u00e9es par G\u00e9rard Scotin (1671-1716) et huit autres graveurs en 1712-1713, \u00e0 partir de tableaux command\u00e9s en 1707 par Ferriol \u00e0 un peintre de sa suite, le valenciennois Jean-Baptiste Van Mour (1671-1737). L\u2019album, commun\u00e9ment appel\u00e9 <i>recueil Ferriol<\/i>, para\u00eet \u00e0 Paris chez Jacques Le Hay et Gaspard Duchange en 1714. Dans ce livre, une attention particuli\u00e8re est accord\u00e9e \u00e0 la repr\u00e9sentation des costumes, pour permettre au \u00ab lecteur savant de trouver dans cette vari\u00e9t\u00e9 d\u2019ajustements, les diff\u00e9rents caract\u00e8res des esprits, sachant que, de tout temps, les Turcs ont distingu\u00e9 les \u00e9tats et dignit\u00e9s par la diff\u00e9rence des habits, mais plus particuli\u00e8rement par celle des turbans et autres ornements de la t\u00eate. De fait, le recueil Ferriol est le premier album grav\u00e9 qui d\u00e9crit avec soin la hi\u00e9rarchie de la soci\u00e9t\u00e9 ottomane, en montrant successivement les costumes des officiers du s\u00e9rail affect\u00e9s au service du sultan, les activit\u00e9s quotidiennes des femmes dans l\u2019intimit\u00e9 du harem, les codes vestimentaires impos\u00e9s aux nombreuses minorit\u00e9s soumises \u00e0 l\u2019autorit\u00e9 imp\u00e9riale. Les auteurs du recueil sont \u00e9galement les premiers \u00e0 revendiquer la sup\u00e9riorit\u00e9 de l\u2019image sur le texte pour rendre compte des observations r\u00e9alis\u00e9es par les voyageurs en Orient. (see&nbsp; : &#8220;Le Recueil Ferriol (1714) et la mode des turqueries?&#8221; by Jeff Moronvalle. Universit\u00e9 de Picardie Jules Verne).<\/p>\n<p style=\"text-align:justify\">Complete copy, with the engraved music for the Dervishes and the 3 double page plates: Turkish Wedding, Turkish Funeral, and the Dervishes in their temple at Pera<\/p>\n<p style=\"text-align:justify\">Some internal occasional thumbing or traces of use ; binding slightly stained and with old restorations to head and foot of spine.<\/p>\n","protected":false},"excerpt":{"rendered":"<p>Large folio (475 x 313 mm) engraved title page dated 1714, 2 nn.ll. (introduction), 1 nn.l. printed title page dated 1715, 26 pp., 1 engraved plate of musical scores, 102 engraved plates (numbered 1 to 100, followed two not numbered). Contemporary German brown sheep, spine gilt with raised bands.<\/p>\n","protected":false},"featured_media":83584,"comment_status":"open","ping_status":"closed","template":"","meta":{"_acf_changed":false},"product_brand":[],"product_cat":[552],"product_tag":[1260,1402],"class_list":{"0":"post-83597","1":"product","2":"type-product","3":"status-publish","4":"has-post-thumbnail","6":"product_cat-travel","7":"product_tag-costumes-2","8":"product_tag-turkey","9":"pa_auteur-ferriol-charles-2","10":"pa_type-de-livre-printed-book","12":"first","13":"instock","14":"shipping-taxable","15":"purchasable","16":"product-type-simple"},"acf":{"artist":" Charles FERRIOL","chapeau":"","adresse_bibliographique":"Paris, Le Hay, Duchange & Collombat, 1714-1715","book_type":"Printed book","provenance":"","afficher_prix":""},"yoast_head":"<!-- This site is optimized with the Yoast SEO plugin v24.7 - https:\/\/yoast.com\/wordpress\/plugins\/seo\/ -->\n<title>FERRIOL Charles Recueil de cent estampes representant diff\u00e9rentes nations du Levant tir\u00e9es sur les tableaux peints d&#039;apr\u00e8s nature en 1707 et 1708.- Explication... avec de nouvelles estampes des c\u00e9r\u00e9monies turques. - Libairie Clavreuil<\/title>\n<meta name=\"robots\" content=\"index, follow, max-snippet:-1, max-image-preview:large, max-video-preview:-1\" \/>\n<link rel=\"canonical\" href=\"https:\/\/www.librairieclavreuil.com\/en\/ferriol-charles-recueil-de-cent-estampes-representant-differentes-nations-du-levant-tirees-sur-les-tableaux-peints-dapres-nature-en-1707-et-1708-explication-avec-de-nouvelles-estampes-des-cere\/\" \/>\n<meta property=\"og:locale\" content=\"en_US\" \/>\n<meta property=\"og:type\" content=\"article\" \/>\n<meta property=\"og:title\" content=\"FERRIOL Charles Recueil de cent estampes representant diff\u00e9rentes nations du Levant tir\u00e9es sur les tableaux peints d&#039;apr\u00e8s nature en 1707 et 1708.- Explication... avec de nouvelles estampes des c\u00e9r\u00e9monies turques. - Libairie Clavreuil\" \/>\n<meta property=\"og:description\" content=\"Large folio (475 x 313 mm) engraved title page dated 1714, 2 nn.ll. (introduction), 1 nn.l. printed title page dated 1715, 26 pp., 1 engraved plate of musical scores, 102 engraved plates (numbered 1 to 100, followed two not numbered). Contemporary German brown sheep, spine gilt with raised bands.\" \/>\n<meta property=\"og:url\" content=\"https:\/\/www.librairieclavreuil.com\/en\/ferriol-charles-recueil-de-cent-estampes-representant-differentes-nations-du-levant-tirees-sur-les-tableaux-peints-dapres-nature-en-1707-et-1708-explication-avec-de-nouvelles-estampes-des-cere\/\" \/>\n<meta property=\"og:site_name\" content=\"Libairie Clavreuil\" \/>\n<meta property=\"article:modified_time\" content=\"2025-02-19T17:01:09+00:00\" \/>\n<meta property=\"og:image\" content=\"https:\/\/www.librairieclavreuil.com\/wp-content\/uploads\/2025\/02\/charles-ferriol-recueil-de-cent-estampes-representant-differentes-nations-du-levant-tirees-sur-les-tableaux-peints-d-apres-nature-en-1707-et-1708-expl.jpg\" \/>\n\t<meta property=\"og:image:width\" content=\"589\" \/>\n\t<meta property=\"og:image:height\" content=\"800\" \/>\n\t<meta property=\"og:image:type\" content=\"image\/jpeg\" \/>\n<meta name=\"twitter:card\" content=\"summary_large_image\" \/>\n<meta name=\"twitter:label1\" content=\"Est. reading time\" \/>\n\t<meta name=\"twitter:data1\" content=\"2 minutes\" \/>\n<script type=\"application\/ld+json\" class=\"yoast-schema-graph\">{\"@context\":\"https:\/\/schema.org\",\"@graph\":[{\"@type\":\"WebPage\",\"@id\":\"https:\/\/www.librairieclavreuil.com\/en\/ferriol-charles-recueil-de-cent-estampes-representant-differentes-nations-du-levant-tirees-sur-les-tableaux-peints-dapres-nature-en-1707-et-1708-explication-avec-de-nouvelles-estampes-des-cere\/\",\"url\":\"https:\/\/www.librairieclavreuil.com\/en\/ferriol-charles-recueil-de-cent-estampes-representant-differentes-nations-du-levant-tirees-sur-les-tableaux-peints-dapres-nature-en-1707-et-1708-explication-avec-de-nouvelles-estampes-des-cere\/\",\"name\":\"FERRIOL Charles Recueil de cent estampes representant diff\u00e9rentes nations du Levant tir\u00e9es sur les tableaux peints d'apr\u00e8s nature en 1707 et 1708.- Explication... avec de nouvelles estampes des c\u00e9r\u00e9monies turques. - Libairie Clavreuil\",\"isPartOf\":{\"@id\":\"https:\/\/www.librairieclavreuil.com\/#website\"},\"primaryImageOfPage\":{\"@id\":\"https:\/\/www.librairieclavreuil.com\/en\/ferriol-charles-recueil-de-cent-estampes-representant-differentes-nations-du-levant-tirees-sur-les-tableaux-peints-dapres-nature-en-1707-et-1708-explication-avec-de-nouvelles-estampes-des-cere\/#primaryimage\"},\"image\":{\"@id\":\"https:\/\/www.librairieclavreuil.com\/en\/ferriol-charles-recueil-de-cent-estampes-representant-differentes-nations-du-levant-tirees-sur-les-tableaux-peints-dapres-nature-en-1707-et-1708-explication-avec-de-nouvelles-estampes-des-cere\/#primaryimage\"},\"thumbnailUrl\":\"https:\/\/www.librairieclavreuil.com\/wp-content\/uploads\/2025\/02\/charles-ferriol-recueil-de-cent-estampes-representant-differentes-nations-du-levant-tirees-sur-les-tableaux-peints-d-apres-nature-en-1707-et-1708-expl.jpg\",\"datePublished\":\"2025-02-19T17:01:06+00:00\",\"dateModified\":\"2025-02-19T17:01:09+00:00\",\"breadcrumb\":{\"@id\":\"https:\/\/www.librairieclavreuil.com\/en\/ferriol-charles-recueil-de-cent-estampes-representant-differentes-nations-du-levant-tirees-sur-les-tableaux-peints-dapres-nature-en-1707-et-1708-explication-avec-de-nouvelles-estampes-des-cere\/#breadcrumb\"},\"inLanguage\":\"en-US\",\"potentialAction\":[{\"@type\":\"ReadAction\",\"target\":[\"https:\/\/www.librairieclavreuil.com\/en\/ferriol-charles-recueil-de-cent-estampes-representant-differentes-nations-du-levant-tirees-sur-les-tableaux-peints-dapres-nature-en-1707-et-1708-explication-avec-de-nouvelles-estampes-des-cere\/\"]}]},{\"@type\":\"ImageObject\",\"inLanguage\":\"en-US\",\"@id\":\"https:\/\/www.librairieclavreuil.com\/en\/ferriol-charles-recueil-de-cent-estampes-representant-differentes-nations-du-levant-tirees-sur-les-tableaux-peints-dapres-nature-en-1707-et-1708-explication-avec-de-nouvelles-estampes-des-cere\/#primaryimage\",\"url\":\"https:\/\/www.librairieclavreuil.com\/wp-content\/uploads\/2025\/02\/charles-ferriol-recueil-de-cent-estampes-representant-differentes-nations-du-levant-tirees-sur-les-tableaux-peints-d-apres-nature-en-1707-et-1708-expl.jpg\",\"contentUrl\":\"https:\/\/www.librairieclavreuil.com\/wp-content\/uploads\/2025\/02\/charles-ferriol-recueil-de-cent-estampes-representant-differentes-nations-du-levant-tirees-sur-les-tableaux-peints-d-apres-nature-en-1707-et-1708-expl.jpg\",\"width\":589,\"height\":800},{\"@type\":\"BreadcrumbList\",\"@id\":\"https:\/\/www.librairieclavreuil.com\/en\/ferriol-charles-recueil-de-cent-estampes-representant-differentes-nations-du-levant-tirees-sur-les-tableaux-peints-dapres-nature-en-1707-et-1708-explication-avec-de-nouvelles-estampes-des-cere\/#breadcrumb\",\"itemListElement\":[{\"@type\":\"ListItem\",\"position\":1,\"name\":\"Accueil\",\"item\":\"https:\/\/www.librairieclavreuil.com\/\"},{\"@type\":\"ListItem\",\"position\":2,\"name\":\"All our books\",\"item\":\"https:\/\/www.librairieclavreuil.com\/en\/all-our-books\/\"},{\"@type\":\"ListItem\",\"position\":3,\"name\":\"FERRIOL Charles Recueil de cent estampes representant diff\u00e9rentes...\"}]},{\"@type\":\"WebSite\",\"@id\":\"https:\/\/www.librairieclavreuil.com\/#website\",\"url\":\"https:\/\/www.librairieclavreuil.com\/\",\"name\":\"Libairie Clavreuil\",\"description\":\"Livres anciens, manuscrits rares et \u00e9ditions originales \u2013 Librairie Clavreuil\",\"publisher\":{\"@id\":\"https:\/\/www.librairieclavreuil.com\/#organization\"},\"potentialAction\":[{\"@type\":\"SearchAction\",\"target\":{\"@type\":\"EntryPoint\",\"urlTemplate\":\"https:\/\/www.librairieclavreuil.com\/?s={search_term_string}\"},\"query-input\":{\"@type\":\"PropertyValueSpecification\",\"valueRequired\":true,\"valueName\":\"search_term_string\"}}],\"inLanguage\":\"en-US\"},{\"@type\":\"Organization\",\"@id\":\"https:\/\/www.librairieclavreuil.com\/#organization\",\"name\":\"Libairie Clavreuil\",\"url\":\"https:\/\/www.librairieclavreuil.com\/\",\"logo\":{\"@type\":\"ImageObject\",\"inLanguage\":\"en-US\",\"@id\":\"https:\/\/www.librairieclavreuil.com\/#\/schema\/logo\/image\/\",\"url\":\"https:\/\/www.librairieclavreuil.com\/wp-content\/uploads\/2021\/06\/cropped-LOGO_PNG_DATE-_gold-512x512-1.png\",\"contentUrl\":\"https:\/\/www.librairieclavreuil.com\/wp-content\/uploads\/2021\/06\/cropped-LOGO_PNG_DATE-_gold-512x512-1.png\",\"width\":512,\"height\":512,\"caption\":\"Libairie Clavreuil\"},\"image\":{\"@id\":\"https:\/\/www.librairieclavreuil.com\/#\/schema\/logo\/image\/\"},\"sameAs\":[\"https:\/\/www.instagram.com\/librairieclavreuil\/\"]}]}<\/script>\n<!-- \/ Yoast SEO plugin. -->","yoast_head_json":{"title":"FERRIOL Charles Recueil de cent estampes representant diff\u00e9rentes nations du Levant tir\u00e9es sur les tableaux peints d'apr\u00e8s nature en 1707 et 1708.- Explication... avec de nouvelles estampes des c\u00e9r\u00e9monies turques. - Libairie Clavreuil","robots":{"index":"index","follow":"follow","max-snippet":"max-snippet:-1","max-image-preview":"max-image-preview:large","max-video-preview":"max-video-preview:-1"},"canonical":"https:\/\/www.librairieclavreuil.com\/en\/ferriol-charles-recueil-de-cent-estampes-representant-differentes-nations-du-levant-tirees-sur-les-tableaux-peints-dapres-nature-en-1707-et-1708-explication-avec-de-nouvelles-estampes-des-cere\/","og_locale":"en_US","og_type":"article","og_title":"FERRIOL Charles Recueil de cent estampes representant diff\u00e9rentes nations du Levant tir\u00e9es sur les tableaux peints d'apr\u00e8s nature en 1707 et 1708.- Explication... avec de nouvelles estampes des c\u00e9r\u00e9monies turques. - Libairie Clavreuil","og_description":"Large folio (475 x 313 mm) engraved title page dated 1714, 2 nn.ll. (introduction), 1 nn.l. printed title page dated 1715, 26 pp., 1 engraved plate of musical scores, 102 engraved plates (numbered 1 to 100, followed two not numbered). Contemporary German brown sheep, spine gilt with raised bands.","og_url":"https:\/\/www.librairieclavreuil.com\/en\/ferriol-charles-recueil-de-cent-estampes-representant-differentes-nations-du-levant-tirees-sur-les-tableaux-peints-dapres-nature-en-1707-et-1708-explication-avec-de-nouvelles-estampes-des-cere\/","og_site_name":"Libairie Clavreuil","article_modified_time":"2025-02-19T17:01:09+00:00","og_image":[{"width":589,"height":800,"url":"https:\/\/www.librairieclavreuil.com\/wp-content\/uploads\/2025\/02\/charles-ferriol-recueil-de-cent-estampes-representant-differentes-nations-du-levant-tirees-sur-les-tableaux-peints-d-apres-nature-en-1707-et-1708-expl.jpg","type":"image\/jpeg"}],"twitter_card":"summary_large_image","twitter_misc":{"Est. reading time":"2 minutes"},"schema":{"@context":"https:\/\/schema.org","@graph":[{"@type":"WebPage","@id":"https:\/\/www.librairieclavreuil.com\/en\/ferriol-charles-recueil-de-cent-estampes-representant-differentes-nations-du-levant-tirees-sur-les-tableaux-peints-dapres-nature-en-1707-et-1708-explication-avec-de-nouvelles-estampes-des-cere\/","url":"https:\/\/www.librairieclavreuil.com\/en\/ferriol-charles-recueil-de-cent-estampes-representant-differentes-nations-du-levant-tirees-sur-les-tableaux-peints-dapres-nature-en-1707-et-1708-explication-avec-de-nouvelles-estampes-des-cere\/","name":"FERRIOL Charles Recueil de cent estampes representant diff\u00e9rentes nations du Levant tir\u00e9es sur les tableaux peints d'apr\u00e8s nature en 1707 et 1708.- Explication... avec de nouvelles estampes des c\u00e9r\u00e9monies turques. - Libairie Clavreuil","isPartOf":{"@id":"https:\/\/www.librairieclavreuil.com\/#website"},"primaryImageOfPage":{"@id":"https:\/\/www.librairieclavreuil.com\/en\/ferriol-charles-recueil-de-cent-estampes-representant-differentes-nations-du-levant-tirees-sur-les-tableaux-peints-dapres-nature-en-1707-et-1708-explication-avec-de-nouvelles-estampes-des-cere\/#primaryimage"},"image":{"@id":"https:\/\/www.librairieclavreuil.com\/en\/ferriol-charles-recueil-de-cent-estampes-representant-differentes-nations-du-levant-tirees-sur-les-tableaux-peints-dapres-nature-en-1707-et-1708-explication-avec-de-nouvelles-estampes-des-cere\/#primaryimage"},"thumbnailUrl":"https:\/\/www.librairieclavreuil.com\/wp-content\/uploads\/2025\/02\/charles-ferriol-recueil-de-cent-estampes-representant-differentes-nations-du-levant-tirees-sur-les-tableaux-peints-d-apres-nature-en-1707-et-1708-expl.jpg","datePublished":"2025-02-19T17:01:06+00:00","dateModified":"2025-02-19T17:01:09+00:00","breadcrumb":{"@id":"https:\/\/www.librairieclavreuil.com\/en\/ferriol-charles-recueil-de-cent-estampes-representant-differentes-nations-du-levant-tirees-sur-les-tableaux-peints-dapres-nature-en-1707-et-1708-explication-avec-de-nouvelles-estampes-des-cere\/#breadcrumb"},"inLanguage":"en-US","potentialAction":[{"@type":"ReadAction","target":["https:\/\/www.librairieclavreuil.com\/en\/ferriol-charles-recueil-de-cent-estampes-representant-differentes-nations-du-levant-tirees-sur-les-tableaux-peints-dapres-nature-en-1707-et-1708-explication-avec-de-nouvelles-estampes-des-cere\/"]}]},{"@type":"ImageObject","inLanguage":"en-US","@id":"https:\/\/www.librairieclavreuil.com\/en\/ferriol-charles-recueil-de-cent-estampes-representant-differentes-nations-du-levant-tirees-sur-les-tableaux-peints-dapres-nature-en-1707-et-1708-explication-avec-de-nouvelles-estampes-des-cere\/#primaryimage","url":"https:\/\/www.librairieclavreuil.com\/wp-content\/uploads\/2025\/02\/charles-ferriol-recueil-de-cent-estampes-representant-differentes-nations-du-levant-tirees-sur-les-tableaux-peints-d-apres-nature-en-1707-et-1708-expl.jpg","contentUrl":"https:\/\/www.librairieclavreuil.com\/wp-content\/uploads\/2025\/02\/charles-ferriol-recueil-de-cent-estampes-representant-differentes-nations-du-levant-tirees-sur-les-tableaux-peints-d-apres-nature-en-1707-et-1708-expl.jpg","width":589,"height":800},{"@type":"BreadcrumbList","@id":"https:\/\/www.librairieclavreuil.com\/en\/ferriol-charles-recueil-de-cent-estampes-representant-differentes-nations-du-levant-tirees-sur-les-tableaux-peints-dapres-nature-en-1707-et-1708-explication-avec-de-nouvelles-estampes-des-cere\/#breadcrumb","itemListElement":[{"@type":"ListItem","position":1,"name":"Accueil","item":"https:\/\/www.librairieclavreuil.com\/"},{"@type":"ListItem","position":2,"name":"All our books","item":"https:\/\/www.librairieclavreuil.com\/en\/all-our-books\/"},{"@type":"ListItem","position":3,"name":"FERRIOL Charles Recueil de cent estampes representant diff\u00e9rentes..."}]},{"@type":"WebSite","@id":"https:\/\/www.librairieclavreuil.com\/#website","url":"https:\/\/www.librairieclavreuil.com\/","name":"Libairie Clavreuil","description":"Livres anciens, manuscrits rares et \u00e9ditions originales \u2013 Librairie Clavreuil","publisher":{"@id":"https:\/\/www.librairieclavreuil.com\/#organization"},"potentialAction":[{"@type":"SearchAction","target":{"@type":"EntryPoint","urlTemplate":"https:\/\/www.librairieclavreuil.com\/?s={search_term_string}"},"query-input":{"@type":"PropertyValueSpecification","valueRequired":true,"valueName":"search_term_string"}}],"inLanguage":"en-US"},{"@type":"Organization","@id":"https:\/\/www.librairieclavreuil.com\/#organization","name":"Libairie Clavreuil","url":"https:\/\/www.librairieclavreuil.com\/","logo":{"@type":"ImageObject","inLanguage":"en-US","@id":"https:\/\/www.librairieclavreuil.com\/#\/schema\/logo\/image\/","url":"https:\/\/www.librairieclavreuil.com\/wp-content\/uploads\/2021\/06\/cropped-LOGO_PNG_DATE-_gold-512x512-1.png","contentUrl":"https:\/\/www.librairieclavreuil.com\/wp-content\/uploads\/2021\/06\/cropped-LOGO_PNG_DATE-_gold-512x512-1.png","width":512,"height":512,"caption":"Libairie Clavreuil"},"image":{"@id":"https:\/\/www.librairieclavreuil.com\/#\/schema\/logo\/image\/"},"sameAs":["https:\/\/www.instagram.com\/librairieclavreuil\/"]}]}},"jetpack_sharing_enabled":true,"_links":{"self":[{"href":"https:\/\/www.librairieclavreuil.com\/en\/wp-json\/wp\/v2\/product\/83597","targetHints":{"allow":["GET"]}}],"collection":[{"href":"https:\/\/www.librairieclavreuil.com\/en\/wp-json\/wp\/v2\/product"}],"about":[{"href":"https:\/\/www.librairieclavreuil.com\/en\/wp-json\/wp\/v2\/types\/product"}],"replies":[{"embeddable":true,"href":"https:\/\/www.librairieclavreuil.com\/en\/wp-json\/wp\/v2\/comments?post=83597"}],"wp:featuredmedia":[{"embeddable":true,"href":"https:\/\/www.librairieclavreuil.com\/en\/wp-json\/wp\/v2\/media\/83584"}],"wp:attachment":[{"href":"https:\/\/www.librairieclavreuil.com\/en\/wp-json\/wp\/v2\/media?parent=83597"}],"wp:term":[{"taxonomy":"product_brand","embeddable":true,"href":"https:\/\/www.librairieclavreuil.com\/en\/wp-json\/wp\/v2\/product_brand?post=83597"},{"taxonomy":"product_cat","embeddable":true,"href":"https:\/\/www.librairieclavreuil.com\/en\/wp-json\/wp\/v2\/product_cat?post=83597"},{"taxonomy":"product_tag","embeddable":true,"href":"https:\/\/www.librairieclavreuil.com\/en\/wp-json\/wp\/v2\/product_tag?post=83597"}],"curies":[{"name":"wp","href":"https:\/\/api.w.org\/{rel}","templated":true}]}}