{"id":83571,"date":"2025-02-19T18:00:50","date_gmt":"2025-02-19T17:00:50","guid":{"rendered":"https:\/\/www.librairieclavreuil.com\/andrasy-emmanuel-les-chasses-et-le-sport-en-hongrie-dapres-loriginal-hongrois-de-mr-mrs-les-comtes-emman-andrasy-maur-sandor-bela-festetits-et-les-barons-bela-orczy-fred-podmaniczky-bel\/"},"modified":"2025-11-26T10:48:52","modified_gmt":"2025-11-26T09:48:52","slug":"andrasy-emmanuel-les-chasses-et-le-sport-en-hongrie-dapres-loriginal-hongrois-de-mr-mrs-les-comtes-emman-andrasy-maur-sandor-bela-festetits-et-les-barons-bela-orczy-fred-podmaniczky-bel","status":"publish","type":"product","link":"https:\/\/www.librairieclavreuil.com\/en\/andrasy-emmanuel-les-chasses-et-le-sport-en-hongrie-dapres-loriginal-hongrois-de-mr-mrs-les-comtes-emman-andrasy-maur-sandor-bela-festetits-et-les-barons-bela-orczy-fred-podmaniczky-bel\/","title":{"rendered":"ANDRASY Emmanuel Les Chasses et le sport en..."},"content":{"rendered":"<p><i>Frank, I, p.34; &nbsp;Jeanson Monaco, 1987 sale, lot 23; Schwerdt, I, 31 ; Thi\u00e9baud, 21 ; Souhart, 13.<\/i><\/p>\n<p style=\"text-align:justify\"><span style=\"font-variant:small-caps\">First edition of the French translation of this magnificent illustrated cynegetic album.<\/span><\/p>\n<p>Translated into French by J.B. Durringer and F.A. Schwiedland.<\/p>\n<p>This beautiful edition is illustrated with 13 full-page plates (including a portrait of the author) detailing the leisure activities practised by Hungarian nobles at the time, with hunting featuring prominently: Historical overview or memories of hunting with hounds in Hungary; bear hunting; greyhound hunting; deer hunting: the hide; fragments from the Journal of Count Maurice Sandor; bustard hunting; races; wolf hunting; fishing in Hungary; wild boar hunting; the Cs\u00e0rda or the steppe inn.<\/p>\n<p>The hunting iconography is complemented by 12 colour lithographed vignettes in the text. The plates are lithographed by Arnz &amp; Company, Eug\u00e8ne Charles Fran\u00e7ois Gu\u00e9rard, Adolphe Jean-Baptiste Bayot and others, based on works by various Hungarian artists. Among the scenes depicted are a beautiful night-time wolf hunt and a bear hunt in the mountains.<\/p>\n<p style=\"text-align:justify\">&#8220;A magnificent book which illustrates every form of sport as practised by the Hungarian nobility in this unrivalled corner of pre-war Europe&#8221; (Schwerdt).<\/p>\n<p style=\"text-align:justify\">Scattered foxing, otherwise a fine copy.<\/p>\n","protected":false},"excerpt":{"rendered":"<p>Folio (595 x 430 mm) de 28 unn.l., 13 lithographed plates. Contemporary half bronze morocco with corners, gilded title on the top cover, raised band.<\/p>\n","protected":false},"featured_media":83546,"comment_status":"open","ping_status":"closed","template":"","meta":{"_acf_changed":false},"product_brand":[],"product_cat":[534],"product_tag":[566],"class_list":{"0":"post-83571","1":"product","2":"type-product","3":"status-publish","4":"has-post-thumbnail","6":"product_cat-hunting","7":"product_tag-hunting","8":"pa_auteur-andrasy-emmanuel-2","9":"pa_type-de-livre-printed-book","11":"first","12":"instock","13":"shipping-taxable","14":"purchasable","15":"product-type-simple"},"acf":{"artist":" Emmanuel ANDRASY","chapeau":"A rare colour plate hunting book","adresse_bibliographique":"Pest, Armand Geibel, 1857","book_type":"Printed book","provenance":"","afficher_prix":""},"yoast_head":"<!-- This site is optimized with the Yoast SEO plugin v24.7 - https:\/\/yoast.com\/wordpress\/plugins\/seo\/ -->\n<title>ANDRASY Emmanuel Les Chasses et le sport en Hongrie d&#039;apr\u00e8s l&#039;original hongrois de Mr. Mrs. les comtes Emman. Andrasy, Maur, Sandor, Bela Festetits, et les barons Bela Orczy, Fr\u00e9d. Podmaniczky, Bela Wenckheim et George Szalbek. Traduit par J.B. Durringer et F.A. Schwiedland. - Libairie Clavreuil<\/title>\n<meta name=\"robots\" content=\"index, follow, max-snippet:-1, max-image-preview:large, max-video-preview:-1\" \/>\n<link rel=\"canonical\" href=\"https:\/\/www.librairieclavreuil.com\/en\/andrasy-emmanuel-les-chasses-et-le-sport-en-hongrie-dapres-loriginal-hongrois-de-mr-mrs-les-comtes-emman-andrasy-maur-sandor-bela-festetits-et-les-barons-bela-orczy-fred-podmaniczky-bel\/\" \/>\n<meta property=\"og:locale\" content=\"en_US\" \/>\n<meta property=\"og:type\" content=\"article\" \/>\n<meta property=\"og:title\" content=\"ANDRASY Emmanuel Les Chasses et le sport en Hongrie d&#039;apr\u00e8s l&#039;original hongrois de Mr. Mrs. les comtes Emman. Andrasy, Maur, Sandor, Bela Festetits, et les barons Bela Orczy, Fr\u00e9d. Podmaniczky, Bela Wenckheim et George Szalbek. Traduit par J.B. Durringer et F.A. Schwiedland. - Libairie Clavreuil\" \/>\n<meta property=\"og:description\" content=\"Folio (595 x 430 mm) de 28 unn.l., 13 lithographed plates. Contemporary half bronze morocco with corners, gilded title on the top cover, raised band.\" \/>\n<meta property=\"og:url\" content=\"https:\/\/www.librairieclavreuil.com\/en\/andrasy-emmanuel-les-chasses-et-le-sport-en-hongrie-dapres-loriginal-hongrois-de-mr-mrs-les-comtes-emman-andrasy-maur-sandor-bela-festetits-et-les-barons-bela-orczy-fred-podmaniczky-bel\/\" \/>\n<meta property=\"og:site_name\" content=\"Libairie Clavreuil\" \/>\n<meta property=\"article:modified_time\" content=\"2025-11-26T09:48:52+00:00\" \/>\n<meta property=\"og:image\" content=\"https:\/\/www.librairieclavreuil.com\/wp-content\/uploads\/2025\/02\/emmanuel-andrasy-les-chasses-et-le-sport-en-hongrie-d-apres-l-original-hongrois-de-mr-mrs-les-comtes-emman-andrasy-maur-sandor-bela-festetits-et-les-b.jpg\" \/>\n\t<meta property=\"og:image:width\" content=\"800\" \/>\n\t<meta property=\"og:image:height\" content=\"594\" \/>\n\t<meta property=\"og:image:type\" content=\"image\/jpeg\" \/>\n<meta name=\"twitter:card\" content=\"summary_large_image\" \/>\n<meta name=\"twitter:label1\" content=\"Est. reading time\" \/>\n\t<meta name=\"twitter:data1\" content=\"1 minute\" \/>\n<script type=\"application\/ld+json\" class=\"yoast-schema-graph\">{\"@context\":\"https:\/\/schema.org\",\"@graph\":[{\"@type\":\"WebPage\",\"@id\":\"https:\/\/www.librairieclavreuil.com\/en\/andrasy-emmanuel-les-chasses-et-le-sport-en-hongrie-dapres-loriginal-hongrois-de-mr-mrs-les-comtes-emman-andrasy-maur-sandor-bela-festetits-et-les-barons-bela-orczy-fred-podmaniczky-bel\/\",\"url\":\"https:\/\/www.librairieclavreuil.com\/en\/andrasy-emmanuel-les-chasses-et-le-sport-en-hongrie-dapres-loriginal-hongrois-de-mr-mrs-les-comtes-emman-andrasy-maur-sandor-bela-festetits-et-les-barons-bela-orczy-fred-podmaniczky-bel\/\",\"name\":\"ANDRASY Emmanuel Les Chasses et le sport en Hongrie d'apr\u00e8s l'original hongrois de Mr. Mrs. les comtes Emman. Andrasy, Maur, Sandor, Bela Festetits, et les barons Bela Orczy, Fr\u00e9d. Podmaniczky, Bela Wenckheim et George Szalbek. Traduit par J.B. Durringer et F.A. Schwiedland. - Libairie Clavreuil\",\"isPartOf\":{\"@id\":\"https:\/\/www.librairieclavreuil.com\/#website\"},\"primaryImageOfPage\":{\"@id\":\"https:\/\/www.librairieclavreuil.com\/en\/andrasy-emmanuel-les-chasses-et-le-sport-en-hongrie-dapres-loriginal-hongrois-de-mr-mrs-les-comtes-emman-andrasy-maur-sandor-bela-festetits-et-les-barons-bela-orczy-fred-podmaniczky-bel\/#primaryimage\"},\"image\":{\"@id\":\"https:\/\/www.librairieclavreuil.com\/en\/andrasy-emmanuel-les-chasses-et-le-sport-en-hongrie-dapres-loriginal-hongrois-de-mr-mrs-les-comtes-emman-andrasy-maur-sandor-bela-festetits-et-les-barons-bela-orczy-fred-podmaniczky-bel\/#primaryimage\"},\"thumbnailUrl\":\"https:\/\/www.librairieclavreuil.com\/wp-content\/uploads\/2025\/02\/emmanuel-andrasy-les-chasses-et-le-sport-en-hongrie-d-apres-l-original-hongrois-de-mr-mrs-les-comtes-emman-andrasy-maur-sandor-bela-festetits-et-les-b.jpg\",\"datePublished\":\"2025-02-19T17:00:50+00:00\",\"dateModified\":\"2025-11-26T09:48:52+00:00\",\"breadcrumb\":{\"@id\":\"https:\/\/www.librairieclavreuil.com\/en\/andrasy-emmanuel-les-chasses-et-le-sport-en-hongrie-dapres-loriginal-hongrois-de-mr-mrs-les-comtes-emman-andrasy-maur-sandor-bela-festetits-et-les-barons-bela-orczy-fred-podmaniczky-bel\/#breadcrumb\"},\"inLanguage\":\"en-US\",\"potentialAction\":[{\"@type\":\"ReadAction\",\"target\":[\"https:\/\/www.librairieclavreuil.com\/en\/andrasy-emmanuel-les-chasses-et-le-sport-en-hongrie-dapres-loriginal-hongrois-de-mr-mrs-les-comtes-emman-andrasy-maur-sandor-bela-festetits-et-les-barons-bela-orczy-fred-podmaniczky-bel\/\"]}]},{\"@type\":\"ImageObject\",\"inLanguage\":\"en-US\",\"@id\":\"https:\/\/www.librairieclavreuil.com\/en\/andrasy-emmanuel-les-chasses-et-le-sport-en-hongrie-dapres-loriginal-hongrois-de-mr-mrs-les-comtes-emman-andrasy-maur-sandor-bela-festetits-et-les-barons-bela-orczy-fred-podmaniczky-bel\/#primaryimage\",\"url\":\"https:\/\/www.librairieclavreuil.com\/wp-content\/uploads\/2025\/02\/emmanuel-andrasy-les-chasses-et-le-sport-en-hongrie-d-apres-l-original-hongrois-de-mr-mrs-les-comtes-emman-andrasy-maur-sandor-bela-festetits-et-les-b.jpg\",\"contentUrl\":\"https:\/\/www.librairieclavreuil.com\/wp-content\/uploads\/2025\/02\/emmanuel-andrasy-les-chasses-et-le-sport-en-hongrie-d-apres-l-original-hongrois-de-mr-mrs-les-comtes-emman-andrasy-maur-sandor-bela-festetits-et-les-b.jpg\",\"width\":800,\"height\":594},{\"@type\":\"BreadcrumbList\",\"@id\":\"https:\/\/www.librairieclavreuil.com\/en\/andrasy-emmanuel-les-chasses-et-le-sport-en-hongrie-dapres-loriginal-hongrois-de-mr-mrs-les-comtes-emman-andrasy-maur-sandor-bela-festetits-et-les-barons-bela-orczy-fred-podmaniczky-bel\/#breadcrumb\",\"itemListElement\":[{\"@type\":\"ListItem\",\"position\":1,\"name\":\"Accueil\",\"item\":\"https:\/\/www.librairieclavreuil.com\/\"},{\"@type\":\"ListItem\",\"position\":2,\"name\":\"All our books\",\"item\":\"https:\/\/www.librairieclavreuil.com\/en\/all-our-books\/\"},{\"@type\":\"ListItem\",\"position\":3,\"name\":\"ANDRASY Emmanuel Les Chasses et le sport en...\"}]},{\"@type\":\"WebSite\",\"@id\":\"https:\/\/www.librairieclavreuil.com\/#website\",\"url\":\"https:\/\/www.librairieclavreuil.com\/\",\"name\":\"Libairie Clavreuil\",\"description\":\"Livres anciens, manuscrits rares et \u00e9ditions originales \u2013 Librairie Clavreuil\",\"publisher\":{\"@id\":\"https:\/\/www.librairieclavreuil.com\/#organization\"},\"potentialAction\":[{\"@type\":\"SearchAction\",\"target\":{\"@type\":\"EntryPoint\",\"urlTemplate\":\"https:\/\/www.librairieclavreuil.com\/?s={search_term_string}\"},\"query-input\":{\"@type\":\"PropertyValueSpecification\",\"valueRequired\":true,\"valueName\":\"search_term_string\"}}],\"inLanguage\":\"en-US\"},{\"@type\":\"Organization\",\"@id\":\"https:\/\/www.librairieclavreuil.com\/#organization\",\"name\":\"Libairie Clavreuil\",\"url\":\"https:\/\/www.librairieclavreuil.com\/\",\"logo\":{\"@type\":\"ImageObject\",\"inLanguage\":\"en-US\",\"@id\":\"https:\/\/www.librairieclavreuil.com\/#\/schema\/logo\/image\/\",\"url\":\"https:\/\/www.librairieclavreuil.com\/wp-content\/uploads\/2021\/06\/cropped-LOGO_PNG_DATE-_gold-512x512-1.png\",\"contentUrl\":\"https:\/\/www.librairieclavreuil.com\/wp-content\/uploads\/2021\/06\/cropped-LOGO_PNG_DATE-_gold-512x512-1.png\",\"width\":512,\"height\":512,\"caption\":\"Libairie Clavreuil\"},\"image\":{\"@id\":\"https:\/\/www.librairieclavreuil.com\/#\/schema\/logo\/image\/\"},\"sameAs\":[\"https:\/\/www.instagram.com\/librairieclavreuil\/\"]}]}<\/script>\n<!-- \/ Yoast SEO plugin. -->","yoast_head_json":{"title":"ANDRASY Emmanuel Les Chasses et le sport en Hongrie d'apr\u00e8s l'original hongrois de Mr. Mrs. les comtes Emman. Andrasy, Maur, Sandor, Bela Festetits, et les barons Bela Orczy, Fr\u00e9d. Podmaniczky, Bela Wenckheim et George Szalbek. Traduit par J.B. Durringer et F.A. Schwiedland. - Libairie Clavreuil","robots":{"index":"index","follow":"follow","max-snippet":"max-snippet:-1","max-image-preview":"max-image-preview:large","max-video-preview":"max-video-preview:-1"},"canonical":"https:\/\/www.librairieclavreuil.com\/en\/andrasy-emmanuel-les-chasses-et-le-sport-en-hongrie-dapres-loriginal-hongrois-de-mr-mrs-les-comtes-emman-andrasy-maur-sandor-bela-festetits-et-les-barons-bela-orczy-fred-podmaniczky-bel\/","og_locale":"en_US","og_type":"article","og_title":"ANDRASY Emmanuel Les Chasses et le sport en Hongrie d'apr\u00e8s l'original hongrois de Mr. Mrs. les comtes Emman. Andrasy, Maur, Sandor, Bela Festetits, et les barons Bela Orczy, Fr\u00e9d. Podmaniczky, Bela Wenckheim et George Szalbek. Traduit par J.B. Durringer et F.A. Schwiedland. - Libairie Clavreuil","og_description":"Folio (595 x 430 mm) de 28 unn.l., 13 lithographed plates. Contemporary half bronze morocco with corners, gilded title on the top cover, raised band.","og_url":"https:\/\/www.librairieclavreuil.com\/en\/andrasy-emmanuel-les-chasses-et-le-sport-en-hongrie-dapres-loriginal-hongrois-de-mr-mrs-les-comtes-emman-andrasy-maur-sandor-bela-festetits-et-les-barons-bela-orczy-fred-podmaniczky-bel\/","og_site_name":"Libairie Clavreuil","article_modified_time":"2025-11-26T09:48:52+00:00","og_image":[{"width":800,"height":594,"url":"https:\/\/www.librairieclavreuil.com\/wp-content\/uploads\/2025\/02\/emmanuel-andrasy-les-chasses-et-le-sport-en-hongrie-d-apres-l-original-hongrois-de-mr-mrs-les-comtes-emman-andrasy-maur-sandor-bela-festetits-et-les-b.jpg","type":"image\/jpeg"}],"twitter_card":"summary_large_image","twitter_misc":{"Est. reading time":"1 minute"},"schema":{"@context":"https:\/\/schema.org","@graph":[{"@type":"WebPage","@id":"https:\/\/www.librairieclavreuil.com\/en\/andrasy-emmanuel-les-chasses-et-le-sport-en-hongrie-dapres-loriginal-hongrois-de-mr-mrs-les-comtes-emman-andrasy-maur-sandor-bela-festetits-et-les-barons-bela-orczy-fred-podmaniczky-bel\/","url":"https:\/\/www.librairieclavreuil.com\/en\/andrasy-emmanuel-les-chasses-et-le-sport-en-hongrie-dapres-loriginal-hongrois-de-mr-mrs-les-comtes-emman-andrasy-maur-sandor-bela-festetits-et-les-barons-bela-orczy-fred-podmaniczky-bel\/","name":"ANDRASY Emmanuel Les Chasses et le sport en Hongrie d'apr\u00e8s l'original hongrois de Mr. Mrs. les comtes Emman. Andrasy, Maur, Sandor, Bela Festetits, et les barons Bela Orczy, Fr\u00e9d. Podmaniczky, Bela Wenckheim et George Szalbek. Traduit par J.B. Durringer et F.A. Schwiedland. - Libairie Clavreuil","isPartOf":{"@id":"https:\/\/www.librairieclavreuil.com\/#website"},"primaryImageOfPage":{"@id":"https:\/\/www.librairieclavreuil.com\/en\/andrasy-emmanuel-les-chasses-et-le-sport-en-hongrie-dapres-loriginal-hongrois-de-mr-mrs-les-comtes-emman-andrasy-maur-sandor-bela-festetits-et-les-barons-bela-orczy-fred-podmaniczky-bel\/#primaryimage"},"image":{"@id":"https:\/\/www.librairieclavreuil.com\/en\/andrasy-emmanuel-les-chasses-et-le-sport-en-hongrie-dapres-loriginal-hongrois-de-mr-mrs-les-comtes-emman-andrasy-maur-sandor-bela-festetits-et-les-barons-bela-orczy-fred-podmaniczky-bel\/#primaryimage"},"thumbnailUrl":"https:\/\/www.librairieclavreuil.com\/wp-content\/uploads\/2025\/02\/emmanuel-andrasy-les-chasses-et-le-sport-en-hongrie-d-apres-l-original-hongrois-de-mr-mrs-les-comtes-emman-andrasy-maur-sandor-bela-festetits-et-les-b.jpg","datePublished":"2025-02-19T17:00:50+00:00","dateModified":"2025-11-26T09:48:52+00:00","breadcrumb":{"@id":"https:\/\/www.librairieclavreuil.com\/en\/andrasy-emmanuel-les-chasses-et-le-sport-en-hongrie-dapres-loriginal-hongrois-de-mr-mrs-les-comtes-emman-andrasy-maur-sandor-bela-festetits-et-les-barons-bela-orczy-fred-podmaniczky-bel\/#breadcrumb"},"inLanguage":"en-US","potentialAction":[{"@type":"ReadAction","target":["https:\/\/www.librairieclavreuil.com\/en\/andrasy-emmanuel-les-chasses-et-le-sport-en-hongrie-dapres-loriginal-hongrois-de-mr-mrs-les-comtes-emman-andrasy-maur-sandor-bela-festetits-et-les-barons-bela-orczy-fred-podmaniczky-bel\/"]}]},{"@type":"ImageObject","inLanguage":"en-US","@id":"https:\/\/www.librairieclavreuil.com\/en\/andrasy-emmanuel-les-chasses-et-le-sport-en-hongrie-dapres-loriginal-hongrois-de-mr-mrs-les-comtes-emman-andrasy-maur-sandor-bela-festetits-et-les-barons-bela-orczy-fred-podmaniczky-bel\/#primaryimage","url":"https:\/\/www.librairieclavreuil.com\/wp-content\/uploads\/2025\/02\/emmanuel-andrasy-les-chasses-et-le-sport-en-hongrie-d-apres-l-original-hongrois-de-mr-mrs-les-comtes-emman-andrasy-maur-sandor-bela-festetits-et-les-b.jpg","contentUrl":"https:\/\/www.librairieclavreuil.com\/wp-content\/uploads\/2025\/02\/emmanuel-andrasy-les-chasses-et-le-sport-en-hongrie-d-apres-l-original-hongrois-de-mr-mrs-les-comtes-emman-andrasy-maur-sandor-bela-festetits-et-les-b.jpg","width":800,"height":594},{"@type":"BreadcrumbList","@id":"https:\/\/www.librairieclavreuil.com\/en\/andrasy-emmanuel-les-chasses-et-le-sport-en-hongrie-dapres-loriginal-hongrois-de-mr-mrs-les-comtes-emman-andrasy-maur-sandor-bela-festetits-et-les-barons-bela-orczy-fred-podmaniczky-bel\/#breadcrumb","itemListElement":[{"@type":"ListItem","position":1,"name":"Accueil","item":"https:\/\/www.librairieclavreuil.com\/"},{"@type":"ListItem","position":2,"name":"All our books","item":"https:\/\/www.librairieclavreuil.com\/en\/all-our-books\/"},{"@type":"ListItem","position":3,"name":"ANDRASY Emmanuel Les Chasses et le sport en..."}]},{"@type":"WebSite","@id":"https:\/\/www.librairieclavreuil.com\/#website","url":"https:\/\/www.librairieclavreuil.com\/","name":"Libairie Clavreuil","description":"Livres anciens, manuscrits rares et \u00e9ditions originales \u2013 Librairie Clavreuil","publisher":{"@id":"https:\/\/www.librairieclavreuil.com\/#organization"},"potentialAction":[{"@type":"SearchAction","target":{"@type":"EntryPoint","urlTemplate":"https:\/\/www.librairieclavreuil.com\/?s={search_term_string}"},"query-input":{"@type":"PropertyValueSpecification","valueRequired":true,"valueName":"search_term_string"}}],"inLanguage":"en-US"},{"@type":"Organization","@id":"https:\/\/www.librairieclavreuil.com\/#organization","name":"Libairie Clavreuil","url":"https:\/\/www.librairieclavreuil.com\/","logo":{"@type":"ImageObject","inLanguage":"en-US","@id":"https:\/\/www.librairieclavreuil.com\/#\/schema\/logo\/image\/","url":"https:\/\/www.librairieclavreuil.com\/wp-content\/uploads\/2021\/06\/cropped-LOGO_PNG_DATE-_gold-512x512-1.png","contentUrl":"https:\/\/www.librairieclavreuil.com\/wp-content\/uploads\/2021\/06\/cropped-LOGO_PNG_DATE-_gold-512x512-1.png","width":512,"height":512,"caption":"Libairie Clavreuil"},"image":{"@id":"https:\/\/www.librairieclavreuil.com\/#\/schema\/logo\/image\/"},"sameAs":["https:\/\/www.instagram.com\/librairieclavreuil\/"]}]}},"jetpack_sharing_enabled":true,"_links":{"self":[{"href":"https:\/\/www.librairieclavreuil.com\/en\/wp-json\/wp\/v2\/product\/83571","targetHints":{"allow":["GET"]}}],"collection":[{"href":"https:\/\/www.librairieclavreuil.com\/en\/wp-json\/wp\/v2\/product"}],"about":[{"href":"https:\/\/www.librairieclavreuil.com\/en\/wp-json\/wp\/v2\/types\/product"}],"replies":[{"embeddable":true,"href":"https:\/\/www.librairieclavreuil.com\/en\/wp-json\/wp\/v2\/comments?post=83571"}],"wp:featuredmedia":[{"embeddable":true,"href":"https:\/\/www.librairieclavreuil.com\/en\/wp-json\/wp\/v2\/media\/83546"}],"wp:attachment":[{"href":"https:\/\/www.librairieclavreuil.com\/en\/wp-json\/wp\/v2\/media?parent=83571"}],"wp:term":[{"taxonomy":"product_brand","embeddable":true,"href":"https:\/\/www.librairieclavreuil.com\/en\/wp-json\/wp\/v2\/product_brand?post=83571"},{"taxonomy":"product_cat","embeddable":true,"href":"https:\/\/www.librairieclavreuil.com\/en\/wp-json\/wp\/v2\/product_cat?post=83571"},{"taxonomy":"product_tag","embeddable":true,"href":"https:\/\/www.librairieclavreuil.com\/en\/wp-json\/wp\/v2\/product_tag?post=83571"}],"curies":[{"name":"wp","href":"https:\/\/api.w.org\/{rel}","templated":true}]}}