{"id":83535,"date":"2025-02-19T16:57:18","date_gmt":"2025-02-19T15:57:18","guid":{"rendered":"https:\/\/www.librairieclavreuil.com\/mariotte-edme-oeuvres-de-m-mariotte-de-lacademie-royale-des-sciences-comprenant-tous-els-tratiez-de-lauteur-revues-corrigees-de-nouveau-nouvelle-edition\/"},"modified":"2025-02-19T16:57:22","modified_gmt":"2025-02-19T15:57:22","slug":"mariotte-edme-oeuvres-de-m-mariotte-de-lacademie-royale-des-sciences-comprenant-tous-els-tratiez-de-lauteur-revues-corrigees-de-nouveau-nouvelle-edition","status":"publish","type":"product","link":"https:\/\/www.librairieclavreuil.com\/en\/mariotte-edme-oeuvres-de-m-mariotte-de-lacademie-royale-des-sciences-comprenant-tous-els-tratiez-de-lauteur-revues-corrigees-de-nouveau-nouvelle-edition\/","title":{"rendered":"MARIOTTE Edme Oeuvres de M. Mariotte de l&#8217;acad\u00e9mie..."},"content":{"rendered":"<p style=\"text-align:justify\"><i>See Roberts &amp; Trent, p. 217 (for the furst edition of the works, Leiden 1717) and DiLaura, 183 (for first edition of La Nature des Couleurs) ; DSB, IX, 114-122.<\/i><\/p>\n<p style=\"text-align:justify\">Re-issue with a new titlepage of the first collected edition of the works. It contains &#8220;most &nbsp;of Mariotte&#8217;s published papers, together with the&nbsp; <i>Trait\u00e9 du mouvement des pendules<\/i>, which Huygens possessed in manuscript form and had given to the University of Leyden&#8221; (Roberts &amp; Trent).<\/p>\n<p style=\"text-align:justify\">Mariotte covered a wide range of subjects, including physics, botany, mechanics, colour theory and logic. &#8220;<i>La nature des couleurs<\/i> presents an extensive catalog of experimental results on refraction, prismatic colors, the composition, shape, and intensity of spectra, and the geometric conditions involved. Using these results, Mariorte examined Descarte&#8217;s proposal of variously rotating particles, Newton&#8217;s proposal of the heterogneity of white light, and the much older idea that light is modified by interaction with material such as water or glass&#8221; (DiLaura). Volume II contains his important study of hydraulics (<i>Trait\u00e9 du mouvement des eaux<\/i>).<\/p>\n<p style=\"text-align:justify\">Good copy, albeit some occasional toning or very light marginal worming.<\/p>\n","protected":false},"excerpt":{"rendered":"<p style=\"text-align:justify\">2 volumes 4to (253 x 193 mm) 5 nn.ll. (no half-title), 320 pp., 13 engraved folding plates (numbered 1-12, and 4bis) for volume I ; 2 nn.ll.,&nbsp; (titrl and index), pp. [321]-701 (pagination of pages 567-599 omitted), 17 nn.ll. (the final leaf with publisher&#8217;s catalogue), 13 engraved folding plates (numbered 13-25) for volume II. Contemporary marbled calf, triple filet in blind on covers, spine gilt with raised bands, red edges (some overall light wear).<\/p>\n","protected":false},"featured_media":83524,"comment_status":"open","ping_status":"closed","template":"","meta":{"_acf_changed":false},"product_brand":[],"product_cat":[550],"product_tag":[590,1323,1339,1335,1315],"class_list":{"0":"post-83535","1":"product","2":"type-product","3":"status-publish","4":"has-post-thumbnail","6":"product_cat-science","7":"product_tag-botanical","8":"product_tag-general-botany","9":"product_tag-general-physics","10":"product_tag-physics","11":"product_tag-science","12":"pa_auteur-mariotte-edme-2","13":"pa_type-de-livre-printed-book","15":"first","16":"instock","17":"shipping-taxable","18":"purchasable","19":"product-type-simple"},"acf":{"artist":" Edme MARIOTTE","chapeau":"","adresse_bibliographique":"La Haye, Jean Neaulme, 1740","book_type":"Printed book","provenance":"","afficher_prix":""},"yoast_head":"<!-- This site is optimized with the Yoast SEO plugin v24.7 - https:\/\/yoast.com\/wordpress\/plugins\/seo\/ -->\n<title>MARIOTTE Edme Oeuvres de M. Mariotte de l&#039;acad\u00e9mie royale des sciences; comprenant tous els tratiez de l&#039;auteur... Revues &amp; corrig\u00e9es de nouveau. Nouvelle \u00e9dition. - Libairie Clavreuil<\/title>\n<meta name=\"robots\" content=\"index, follow, max-snippet:-1, max-image-preview:large, max-video-preview:-1\" \/>\n<link rel=\"canonical\" href=\"https:\/\/www.librairieclavreuil.com\/en\/mariotte-edme-oeuvres-de-m-mariotte-de-lacademie-royale-des-sciences-comprenant-tous-els-tratiez-de-lauteur-revues-corrigees-de-nouveau-nouvelle-edition\/\" \/>\n<meta property=\"og:locale\" content=\"en_US\" \/>\n<meta property=\"og:type\" content=\"article\" \/>\n<meta property=\"og:title\" content=\"MARIOTTE Edme Oeuvres de M. Mariotte de l&#039;acad\u00e9mie royale des sciences; comprenant tous els tratiez de l&#039;auteur... Revues &amp; corrig\u00e9es de nouveau. Nouvelle \u00e9dition. - Libairie Clavreuil\" \/>\n<meta property=\"og:description\" content=\"2 volumes 4to (253 x 193 mm) 5 nn.ll. (no half-title), 320 pp., 13 engraved folding plates (numbered 1-12, and 4bis) for volume I ; 2 nn.ll.,&nbsp; (titrl and index), pp. [321]-701 (pagination of pages 567-599 omitted), 17 nn.ll. (the final leaf with publisher&#039;s catalogue), 13 engraved folding plates (numbered 13-25) for volume II. Contemporary marbled calf, triple filet in blind on covers, spine gilt with raised bands, red edges (some overall light wear).\" \/>\n<meta property=\"og:url\" content=\"https:\/\/www.librairieclavreuil.com\/en\/mariotte-edme-oeuvres-de-m-mariotte-de-lacademie-royale-des-sciences-comprenant-tous-els-tratiez-de-lauteur-revues-corrigees-de-nouveau-nouvelle-edition\/\" \/>\n<meta property=\"og:site_name\" content=\"Libairie Clavreuil\" \/>\n<meta property=\"article:modified_time\" content=\"2025-02-19T15:57:22+00:00\" \/>\n<meta property=\"og:image\" content=\"https:\/\/www.librairieclavreuil.com\/wp-content\/uploads\/2025\/02\/edme-mariotte-oeuvres-de-m-mariotte-de-l-academie-royale-des-sciences-comprenant-tous-els-tratiez-de-l-auteur-revues-corrigees-de-nouveau-no-67b5ff31646dd.jpg\" \/>\n\t<meta property=\"og:image:width\" content=\"622\" \/>\n\t<meta property=\"og:image:height\" content=\"800\" \/>\n\t<meta property=\"og:image:type\" content=\"image\/jpeg\" \/>\n<meta name=\"twitter:card\" content=\"summary_large_image\" \/>\n<meta name=\"twitter:label1\" content=\"Est. reading time\" \/>\n\t<meta name=\"twitter:data1\" content=\"1 minute\" \/>\n<script type=\"application\/ld+json\" class=\"yoast-schema-graph\">{\"@context\":\"https:\/\/schema.org\",\"@graph\":[{\"@type\":\"WebPage\",\"@id\":\"https:\/\/www.librairieclavreuil.com\/en\/mariotte-edme-oeuvres-de-m-mariotte-de-lacademie-royale-des-sciences-comprenant-tous-els-tratiez-de-lauteur-revues-corrigees-de-nouveau-nouvelle-edition\/\",\"url\":\"https:\/\/www.librairieclavreuil.com\/en\/mariotte-edme-oeuvres-de-m-mariotte-de-lacademie-royale-des-sciences-comprenant-tous-els-tratiez-de-lauteur-revues-corrigees-de-nouveau-nouvelle-edition\/\",\"name\":\"MARIOTTE Edme Oeuvres de M. Mariotte de l'acad\u00e9mie royale des sciences; comprenant tous els tratiez de l'auteur... Revues &amp; corrig\u00e9es de nouveau. Nouvelle \u00e9dition. - Libairie Clavreuil\",\"isPartOf\":{\"@id\":\"https:\/\/www.librairieclavreuil.com\/#website\"},\"primaryImageOfPage\":{\"@id\":\"https:\/\/www.librairieclavreuil.com\/en\/mariotte-edme-oeuvres-de-m-mariotte-de-lacademie-royale-des-sciences-comprenant-tous-els-tratiez-de-lauteur-revues-corrigees-de-nouveau-nouvelle-edition\/#primaryimage\"},\"image\":{\"@id\":\"https:\/\/www.librairieclavreuil.com\/en\/mariotte-edme-oeuvres-de-m-mariotte-de-lacademie-royale-des-sciences-comprenant-tous-els-tratiez-de-lauteur-revues-corrigees-de-nouveau-nouvelle-edition\/#primaryimage\"},\"thumbnailUrl\":\"https:\/\/www.librairieclavreuil.com\/wp-content\/uploads\/2025\/02\/edme-mariotte-oeuvres-de-m-mariotte-de-l-academie-royale-des-sciences-comprenant-tous-els-tratiez-de-l-auteur-revues-corrigees-de-nouveau-no-67b5ff31646dd.jpg\",\"datePublished\":\"2025-02-19T15:57:18+00:00\",\"dateModified\":\"2025-02-19T15:57:22+00:00\",\"breadcrumb\":{\"@id\":\"https:\/\/www.librairieclavreuil.com\/en\/mariotte-edme-oeuvres-de-m-mariotte-de-lacademie-royale-des-sciences-comprenant-tous-els-tratiez-de-lauteur-revues-corrigees-de-nouveau-nouvelle-edition\/#breadcrumb\"},\"inLanguage\":\"en-US\",\"potentialAction\":[{\"@type\":\"ReadAction\",\"target\":[\"https:\/\/www.librairieclavreuil.com\/en\/mariotte-edme-oeuvres-de-m-mariotte-de-lacademie-royale-des-sciences-comprenant-tous-els-tratiez-de-lauteur-revues-corrigees-de-nouveau-nouvelle-edition\/\"]}]},{\"@type\":\"ImageObject\",\"inLanguage\":\"en-US\",\"@id\":\"https:\/\/www.librairieclavreuil.com\/en\/mariotte-edme-oeuvres-de-m-mariotte-de-lacademie-royale-des-sciences-comprenant-tous-els-tratiez-de-lauteur-revues-corrigees-de-nouveau-nouvelle-edition\/#primaryimage\",\"url\":\"https:\/\/www.librairieclavreuil.com\/wp-content\/uploads\/2025\/02\/edme-mariotte-oeuvres-de-m-mariotte-de-l-academie-royale-des-sciences-comprenant-tous-els-tratiez-de-l-auteur-revues-corrigees-de-nouveau-no-67b5ff31646dd.jpg\",\"contentUrl\":\"https:\/\/www.librairieclavreuil.com\/wp-content\/uploads\/2025\/02\/edme-mariotte-oeuvres-de-m-mariotte-de-l-academie-royale-des-sciences-comprenant-tous-els-tratiez-de-l-auteur-revues-corrigees-de-nouveau-no-67b5ff31646dd.jpg\",\"width\":622,\"height\":800},{\"@type\":\"BreadcrumbList\",\"@id\":\"https:\/\/www.librairieclavreuil.com\/en\/mariotte-edme-oeuvres-de-m-mariotte-de-lacademie-royale-des-sciences-comprenant-tous-els-tratiez-de-lauteur-revues-corrigees-de-nouveau-nouvelle-edition\/#breadcrumb\",\"itemListElement\":[{\"@type\":\"ListItem\",\"position\":1,\"name\":\"Accueil\",\"item\":\"https:\/\/www.librairieclavreuil.com\/\"},{\"@type\":\"ListItem\",\"position\":2,\"name\":\"All our books\",\"item\":\"https:\/\/www.librairieclavreuil.com\/en\/all-our-books\/\"},{\"@type\":\"ListItem\",\"position\":3,\"name\":\"MARIOTTE Edme Oeuvres de M. Mariotte de l&rsquo;acad\u00e9mie...\"}]},{\"@type\":\"WebSite\",\"@id\":\"https:\/\/www.librairieclavreuil.com\/#website\",\"url\":\"https:\/\/www.librairieclavreuil.com\/\",\"name\":\"Libairie Clavreuil\",\"description\":\"Livres anciens, manuscrits rares et \u00e9ditions originales \u2013 Librairie Clavreuil\",\"publisher\":{\"@id\":\"https:\/\/www.librairieclavreuil.com\/#organization\"},\"potentialAction\":[{\"@type\":\"SearchAction\",\"target\":{\"@type\":\"EntryPoint\",\"urlTemplate\":\"https:\/\/www.librairieclavreuil.com\/?s={search_term_string}\"},\"query-input\":{\"@type\":\"PropertyValueSpecification\",\"valueRequired\":true,\"valueName\":\"search_term_string\"}}],\"inLanguage\":\"en-US\"},{\"@type\":\"Organization\",\"@id\":\"https:\/\/www.librairieclavreuil.com\/#organization\",\"name\":\"Libairie Clavreuil\",\"url\":\"https:\/\/www.librairieclavreuil.com\/\",\"logo\":{\"@type\":\"ImageObject\",\"inLanguage\":\"en-US\",\"@id\":\"https:\/\/www.librairieclavreuil.com\/#\/schema\/logo\/image\/\",\"url\":\"https:\/\/www.librairieclavreuil.com\/wp-content\/uploads\/2021\/06\/cropped-LOGO_PNG_DATE-_gold-512x512-1.png\",\"contentUrl\":\"https:\/\/www.librairieclavreuil.com\/wp-content\/uploads\/2021\/06\/cropped-LOGO_PNG_DATE-_gold-512x512-1.png\",\"width\":512,\"height\":512,\"caption\":\"Libairie Clavreuil\"},\"image\":{\"@id\":\"https:\/\/www.librairieclavreuil.com\/#\/schema\/logo\/image\/\"},\"sameAs\":[\"https:\/\/www.instagram.com\/librairieclavreuil\/\"]}]}<\/script>\n<!-- \/ Yoast SEO plugin. -->","yoast_head_json":{"title":"MARIOTTE Edme Oeuvres de M. Mariotte de l'acad\u00e9mie royale des sciences; comprenant tous els tratiez de l'auteur... Revues &amp; corrig\u00e9es de nouveau. Nouvelle \u00e9dition. - Libairie Clavreuil","robots":{"index":"index","follow":"follow","max-snippet":"max-snippet:-1","max-image-preview":"max-image-preview:large","max-video-preview":"max-video-preview:-1"},"canonical":"https:\/\/www.librairieclavreuil.com\/en\/mariotte-edme-oeuvres-de-m-mariotte-de-lacademie-royale-des-sciences-comprenant-tous-els-tratiez-de-lauteur-revues-corrigees-de-nouveau-nouvelle-edition\/","og_locale":"en_US","og_type":"article","og_title":"MARIOTTE Edme Oeuvres de M. Mariotte de l'acad\u00e9mie royale des sciences; comprenant tous els tratiez de l'auteur... Revues &amp; corrig\u00e9es de nouveau. Nouvelle \u00e9dition. - Libairie Clavreuil","og_description":"2 volumes 4to (253 x 193 mm) 5 nn.ll. (no half-title), 320 pp., 13 engraved folding plates (numbered 1-12, and 4bis) for volume I ; 2 nn.ll.,&nbsp; (titrl and index), pp. [321]-701 (pagination of pages 567-599 omitted), 17 nn.ll. (the final leaf with publisher's catalogue), 13 engraved folding plates (numbered 13-25) for volume II. Contemporary marbled calf, triple filet in blind on covers, spine gilt with raised bands, red edges (some overall light wear).","og_url":"https:\/\/www.librairieclavreuil.com\/en\/mariotte-edme-oeuvres-de-m-mariotte-de-lacademie-royale-des-sciences-comprenant-tous-els-tratiez-de-lauteur-revues-corrigees-de-nouveau-nouvelle-edition\/","og_site_name":"Libairie Clavreuil","article_modified_time":"2025-02-19T15:57:22+00:00","og_image":[{"width":622,"height":800,"url":"https:\/\/www.librairieclavreuil.com\/wp-content\/uploads\/2025\/02\/edme-mariotte-oeuvres-de-m-mariotte-de-l-academie-royale-des-sciences-comprenant-tous-els-tratiez-de-l-auteur-revues-corrigees-de-nouveau-no-67b5ff31646dd.jpg","type":"image\/jpeg"}],"twitter_card":"summary_large_image","twitter_misc":{"Est. reading time":"1 minute"},"schema":{"@context":"https:\/\/schema.org","@graph":[{"@type":"WebPage","@id":"https:\/\/www.librairieclavreuil.com\/en\/mariotte-edme-oeuvres-de-m-mariotte-de-lacademie-royale-des-sciences-comprenant-tous-els-tratiez-de-lauteur-revues-corrigees-de-nouveau-nouvelle-edition\/","url":"https:\/\/www.librairieclavreuil.com\/en\/mariotte-edme-oeuvres-de-m-mariotte-de-lacademie-royale-des-sciences-comprenant-tous-els-tratiez-de-lauteur-revues-corrigees-de-nouveau-nouvelle-edition\/","name":"MARIOTTE Edme Oeuvres de M. Mariotte de l'acad\u00e9mie royale des sciences; comprenant tous els tratiez de l'auteur... Revues &amp; corrig\u00e9es de nouveau. Nouvelle \u00e9dition. - Libairie Clavreuil","isPartOf":{"@id":"https:\/\/www.librairieclavreuil.com\/#website"},"primaryImageOfPage":{"@id":"https:\/\/www.librairieclavreuil.com\/en\/mariotte-edme-oeuvres-de-m-mariotte-de-lacademie-royale-des-sciences-comprenant-tous-els-tratiez-de-lauteur-revues-corrigees-de-nouveau-nouvelle-edition\/#primaryimage"},"image":{"@id":"https:\/\/www.librairieclavreuil.com\/en\/mariotte-edme-oeuvres-de-m-mariotte-de-lacademie-royale-des-sciences-comprenant-tous-els-tratiez-de-lauteur-revues-corrigees-de-nouveau-nouvelle-edition\/#primaryimage"},"thumbnailUrl":"https:\/\/www.librairieclavreuil.com\/wp-content\/uploads\/2025\/02\/edme-mariotte-oeuvres-de-m-mariotte-de-l-academie-royale-des-sciences-comprenant-tous-els-tratiez-de-l-auteur-revues-corrigees-de-nouveau-no-67b5ff31646dd.jpg","datePublished":"2025-02-19T15:57:18+00:00","dateModified":"2025-02-19T15:57:22+00:00","breadcrumb":{"@id":"https:\/\/www.librairieclavreuil.com\/en\/mariotte-edme-oeuvres-de-m-mariotte-de-lacademie-royale-des-sciences-comprenant-tous-els-tratiez-de-lauteur-revues-corrigees-de-nouveau-nouvelle-edition\/#breadcrumb"},"inLanguage":"en-US","potentialAction":[{"@type":"ReadAction","target":["https:\/\/www.librairieclavreuil.com\/en\/mariotte-edme-oeuvres-de-m-mariotte-de-lacademie-royale-des-sciences-comprenant-tous-els-tratiez-de-lauteur-revues-corrigees-de-nouveau-nouvelle-edition\/"]}]},{"@type":"ImageObject","inLanguage":"en-US","@id":"https:\/\/www.librairieclavreuil.com\/en\/mariotte-edme-oeuvres-de-m-mariotte-de-lacademie-royale-des-sciences-comprenant-tous-els-tratiez-de-lauteur-revues-corrigees-de-nouveau-nouvelle-edition\/#primaryimage","url":"https:\/\/www.librairieclavreuil.com\/wp-content\/uploads\/2025\/02\/edme-mariotte-oeuvres-de-m-mariotte-de-l-academie-royale-des-sciences-comprenant-tous-els-tratiez-de-l-auteur-revues-corrigees-de-nouveau-no-67b5ff31646dd.jpg","contentUrl":"https:\/\/www.librairieclavreuil.com\/wp-content\/uploads\/2025\/02\/edme-mariotte-oeuvres-de-m-mariotte-de-l-academie-royale-des-sciences-comprenant-tous-els-tratiez-de-l-auteur-revues-corrigees-de-nouveau-no-67b5ff31646dd.jpg","width":622,"height":800},{"@type":"BreadcrumbList","@id":"https:\/\/www.librairieclavreuil.com\/en\/mariotte-edme-oeuvres-de-m-mariotte-de-lacademie-royale-des-sciences-comprenant-tous-els-tratiez-de-lauteur-revues-corrigees-de-nouveau-nouvelle-edition\/#breadcrumb","itemListElement":[{"@type":"ListItem","position":1,"name":"Accueil","item":"https:\/\/www.librairieclavreuil.com\/"},{"@type":"ListItem","position":2,"name":"All our books","item":"https:\/\/www.librairieclavreuil.com\/en\/all-our-books\/"},{"@type":"ListItem","position":3,"name":"MARIOTTE Edme Oeuvres de M. Mariotte de l&rsquo;acad\u00e9mie..."}]},{"@type":"WebSite","@id":"https:\/\/www.librairieclavreuil.com\/#website","url":"https:\/\/www.librairieclavreuil.com\/","name":"Libairie Clavreuil","description":"Livres anciens, manuscrits rares et \u00e9ditions originales \u2013 Librairie Clavreuil","publisher":{"@id":"https:\/\/www.librairieclavreuil.com\/#organization"},"potentialAction":[{"@type":"SearchAction","target":{"@type":"EntryPoint","urlTemplate":"https:\/\/www.librairieclavreuil.com\/?s={search_term_string}"},"query-input":{"@type":"PropertyValueSpecification","valueRequired":true,"valueName":"search_term_string"}}],"inLanguage":"en-US"},{"@type":"Organization","@id":"https:\/\/www.librairieclavreuil.com\/#organization","name":"Libairie Clavreuil","url":"https:\/\/www.librairieclavreuil.com\/","logo":{"@type":"ImageObject","inLanguage":"en-US","@id":"https:\/\/www.librairieclavreuil.com\/#\/schema\/logo\/image\/","url":"https:\/\/www.librairieclavreuil.com\/wp-content\/uploads\/2021\/06\/cropped-LOGO_PNG_DATE-_gold-512x512-1.png","contentUrl":"https:\/\/www.librairieclavreuil.com\/wp-content\/uploads\/2021\/06\/cropped-LOGO_PNG_DATE-_gold-512x512-1.png","width":512,"height":512,"caption":"Libairie Clavreuil"},"image":{"@id":"https:\/\/www.librairieclavreuil.com\/#\/schema\/logo\/image\/"},"sameAs":["https:\/\/www.instagram.com\/librairieclavreuil\/"]}]}},"jetpack_sharing_enabled":true,"_links":{"self":[{"href":"https:\/\/www.librairieclavreuil.com\/en\/wp-json\/wp\/v2\/product\/83535","targetHints":{"allow":["GET"]}}],"collection":[{"href":"https:\/\/www.librairieclavreuil.com\/en\/wp-json\/wp\/v2\/product"}],"about":[{"href":"https:\/\/www.librairieclavreuil.com\/en\/wp-json\/wp\/v2\/types\/product"}],"replies":[{"embeddable":true,"href":"https:\/\/www.librairieclavreuil.com\/en\/wp-json\/wp\/v2\/comments?post=83535"}],"wp:featuredmedia":[{"embeddable":true,"href":"https:\/\/www.librairieclavreuil.com\/en\/wp-json\/wp\/v2\/media\/83524"}],"wp:attachment":[{"href":"https:\/\/www.librairieclavreuil.com\/en\/wp-json\/wp\/v2\/media?parent=83535"}],"wp:term":[{"taxonomy":"product_brand","embeddable":true,"href":"https:\/\/www.librairieclavreuil.com\/en\/wp-json\/wp\/v2\/product_brand?post=83535"},{"taxonomy":"product_cat","embeddable":true,"href":"https:\/\/www.librairieclavreuil.com\/en\/wp-json\/wp\/v2\/product_cat?post=83535"},{"taxonomy":"product_tag","embeddable":true,"href":"https:\/\/www.librairieclavreuil.com\/en\/wp-json\/wp\/v2\/product_tag?post=83535"}],"curies":[{"name":"wp","href":"https:\/\/api.w.org\/{rel}","templated":true}]}}