{"id":83164,"date":"2025-02-12T17:31:56","date_gmt":"2025-02-12T16:31:56","guid":{"rendered":"https:\/\/www.librairieclavreuil.com\/lieutaud-jacques-connoissance-des-temps-pour-lannee-bissextile-1704-au-meridien-de-paris-publiee-par-ordre-de-lacademie-royale-des-sciences-et-calculee-par-mr-lieutaud\/"},"modified":"2025-02-18T18:04:09","modified_gmt":"2025-02-18T17:04:09","slug":"lieutaud-jacques-connoissance-des-temps-pour-lannee-bissextile-1704-au-meridien-de-paris-publiee-par-ordre-de-lacademie-royale-des-sciences-et-calculee-par-mr-lieutaud","status":"publish","type":"product","link":"https:\/\/www.librairieclavreuil.com\/en\/lieutaud-jacques-connoissance-des-temps-pour-lannee-bissextile-1704-au-meridien-de-paris-publiee-par-ordre-de-lacademie-royale-des-sciences-et-calculee-par-mr-lieutaud\/","title":{"rendered":"LIEUTAUD Jacques Connoissance des temps pour l&#8217;ann\u00e9e bissextile..."},"content":{"rendered":"<p style=\"text-align:justify\"><i>Grand-Carteret, 77.<\/i><\/p>\n<p style=\"text-align:justify\"><span style=\"font-variant:small-caps\">First edition for the year 1704.<\/span><\/p>\n<p style=\"text-align:justify\">Fine complete copy with frontispiece after Le Pautre, and 3 maps (celestial map, map of France, map of the moon). There are details for each day of the year for sunrise and sunset, as well as for the beginning and end of twilight. The work also contains tables for celestial motion, as well as details for finding longitudes and latitudes. All the calculations were made by Jacques Lieutaud (1660-1733), mathematician and astronomer, member of the Acad\u00e9mie royale des Sciences. Lieutaud carried out the calculations between 1702 and 1730 before the work was taken over by Godin, the astronomer sent to Peru with de La Condamine.<\/p>\n<p style=\"text-align:justify\">A fine copy.<\/p>\n","protected":false},"excerpt":{"rendered":"<p style=\"text-align:justify\">8vo (193 x 120 mm) with engraved allegorical frontispiece, 1 f.n.ch. title, 106 pp. 3 folding engraved plates. Contemporary speckled calf, triple gilt fillet, spine ribbed and decorated, inner gilt roulette, gilt edges.<\/p>\n","protected":false},"featured_media":83153,"comment_status":"open","ping_status":"closed","template":"","meta":{"_acf_changed":false},"product_brand":[],"product_cat":[550],"product_tag":[1316,1450,1327],"class_list":{"0":"post-83164","1":"product","2":"type-product","3":"status-publish","4":"has-post-thumbnail","6":"product_cat-science","7":"product_tag-astronomy","8":"product_tag-first-edition","9":"product_tag-history-of-science","10":"pa_auteur-lieutaud-jacques-2","11":"pa_type-de-livre-printed-book","13":"first","14":"outofstock","15":"sale","16":"shipping-taxable","17":"purchasable","18":"product-type-simple"},"acf":{"artist":" Jacques LIEUTAUD","chapeau":"With a map of the moon","adresse_bibliographique":"Paris, Jean Boudot, 1704","book_type":"Printed book","provenance":"","afficher_prix":""},"yoast_head":"<!-- This site is optimized with the Yoast SEO plugin v24.7 - https:\/\/yoast.com\/wordpress\/plugins\/seo\/ -->\n<title>LIEUTAUD Jacques Connoissance des temps pour l&#039;ann\u00e9e bissextile 1704. Au m\u00e9ridien de Paris, publi\u00e9e par ordre de l&#039;Acad\u00e9mie royale des Sciences et calcul\u00e9e par Mr. Lieutaud. - Libairie Clavreuil<\/title>\n<meta name=\"robots\" content=\"index, follow, max-snippet:-1, max-image-preview:large, max-video-preview:-1\" \/>\n<link rel=\"canonical\" href=\"https:\/\/www.librairieclavreuil.com\/en\/lieutaud-jacques-connoissance-des-temps-pour-lannee-bissextile-1704-au-meridien-de-paris-publiee-par-ordre-de-lacademie-royale-des-sciences-et-calculee-par-mr-lieutaud\/\" \/>\n<meta property=\"og:locale\" content=\"en_US\" \/>\n<meta property=\"og:type\" content=\"article\" \/>\n<meta property=\"og:title\" content=\"LIEUTAUD Jacques Connoissance des temps pour l&#039;ann\u00e9e bissextile 1704. Au m\u00e9ridien de Paris, publi\u00e9e par ordre de l&#039;Acad\u00e9mie royale des Sciences et calcul\u00e9e par Mr. Lieutaud. - Libairie Clavreuil\" \/>\n<meta property=\"og:description\" content=\"8vo (193 x 120 mm) with engraved allegorical frontispiece, 1 f.n.ch. title, 106 pp. 3 folding engraved plates. Contemporary speckled calf, triple gilt fillet, spine ribbed and decorated, inner gilt roulette, gilt edges.\" \/>\n<meta property=\"og:url\" content=\"https:\/\/www.librairieclavreuil.com\/en\/lieutaud-jacques-connoissance-des-temps-pour-lannee-bissextile-1704-au-meridien-de-paris-publiee-par-ordre-de-lacademie-royale-des-sciences-et-calculee-par-mr-lieutaud\/\" \/>\n<meta property=\"og:site_name\" content=\"Libairie Clavreuil\" \/>\n<meta property=\"article:modified_time\" content=\"2025-02-18T17:04:09+00:00\" \/>\n<meta property=\"og:image\" content=\"https:\/\/www.librairieclavreuil.com\/wp-content\/uploads\/2025\/02\/jacques-lieutaud-connoissance-des-temps-pour-l-annee-bissextile-1704-au-meridien-de-paris-publiee-par-ordre-de-l-academie-royale-des-science-678fd3df63401.jpg\" \/>\n\t<meta property=\"og:image:width\" content=\"622\" \/>\n\t<meta property=\"og:image:height\" content=\"800\" \/>\n\t<meta property=\"og:image:type\" content=\"image\/jpeg\" \/>\n<meta name=\"twitter:card\" content=\"summary_large_image\" \/>\n<meta name=\"twitter:label1\" content=\"Est. reading time\" \/>\n\t<meta name=\"twitter:data1\" content=\"1 minute\" \/>\n<script type=\"application\/ld+json\" class=\"yoast-schema-graph\">{\"@context\":\"https:\/\/schema.org\",\"@graph\":[{\"@type\":\"WebPage\",\"@id\":\"https:\/\/www.librairieclavreuil.com\/en\/lieutaud-jacques-connoissance-des-temps-pour-lannee-bissextile-1704-au-meridien-de-paris-publiee-par-ordre-de-lacademie-royale-des-sciences-et-calculee-par-mr-lieutaud\/\",\"url\":\"https:\/\/www.librairieclavreuil.com\/en\/lieutaud-jacques-connoissance-des-temps-pour-lannee-bissextile-1704-au-meridien-de-paris-publiee-par-ordre-de-lacademie-royale-des-sciences-et-calculee-par-mr-lieutaud\/\",\"name\":\"LIEUTAUD Jacques Connoissance des temps pour l'ann\u00e9e bissextile 1704. Au m\u00e9ridien de Paris, publi\u00e9e par ordre de l'Acad\u00e9mie royale des Sciences et calcul\u00e9e par Mr. Lieutaud. - Libairie Clavreuil\",\"isPartOf\":{\"@id\":\"https:\/\/www.librairieclavreuil.com\/#website\"},\"primaryImageOfPage\":{\"@id\":\"https:\/\/www.librairieclavreuil.com\/en\/lieutaud-jacques-connoissance-des-temps-pour-lannee-bissextile-1704-au-meridien-de-paris-publiee-par-ordre-de-lacademie-royale-des-sciences-et-calculee-par-mr-lieutaud\/#primaryimage\"},\"image\":{\"@id\":\"https:\/\/www.librairieclavreuil.com\/en\/lieutaud-jacques-connoissance-des-temps-pour-lannee-bissextile-1704-au-meridien-de-paris-publiee-par-ordre-de-lacademie-royale-des-sciences-et-calculee-par-mr-lieutaud\/#primaryimage\"},\"thumbnailUrl\":\"https:\/\/www.librairieclavreuil.com\/wp-content\/uploads\/2025\/02\/jacques-lieutaud-connoissance-des-temps-pour-l-annee-bissextile-1704-au-meridien-de-paris-publiee-par-ordre-de-l-academie-royale-des-science-678fd3df63401.jpg\",\"datePublished\":\"2025-02-12T16:31:56+00:00\",\"dateModified\":\"2025-02-18T17:04:09+00:00\",\"breadcrumb\":{\"@id\":\"https:\/\/www.librairieclavreuil.com\/en\/lieutaud-jacques-connoissance-des-temps-pour-lannee-bissextile-1704-au-meridien-de-paris-publiee-par-ordre-de-lacademie-royale-des-sciences-et-calculee-par-mr-lieutaud\/#breadcrumb\"},\"inLanguage\":\"en-US\",\"potentialAction\":[{\"@type\":\"ReadAction\",\"target\":[\"https:\/\/www.librairieclavreuil.com\/en\/lieutaud-jacques-connoissance-des-temps-pour-lannee-bissextile-1704-au-meridien-de-paris-publiee-par-ordre-de-lacademie-royale-des-sciences-et-calculee-par-mr-lieutaud\/\"]}]},{\"@type\":\"ImageObject\",\"inLanguage\":\"en-US\",\"@id\":\"https:\/\/www.librairieclavreuil.com\/en\/lieutaud-jacques-connoissance-des-temps-pour-lannee-bissextile-1704-au-meridien-de-paris-publiee-par-ordre-de-lacademie-royale-des-sciences-et-calculee-par-mr-lieutaud\/#primaryimage\",\"url\":\"https:\/\/www.librairieclavreuil.com\/wp-content\/uploads\/2025\/02\/jacques-lieutaud-connoissance-des-temps-pour-l-annee-bissextile-1704-au-meridien-de-paris-publiee-par-ordre-de-l-academie-royale-des-science-678fd3df63401.jpg\",\"contentUrl\":\"https:\/\/www.librairieclavreuil.com\/wp-content\/uploads\/2025\/02\/jacques-lieutaud-connoissance-des-temps-pour-l-annee-bissextile-1704-au-meridien-de-paris-publiee-par-ordre-de-l-academie-royale-des-science-678fd3df63401.jpg\",\"width\":622,\"height\":800},{\"@type\":\"BreadcrumbList\",\"@id\":\"https:\/\/www.librairieclavreuil.com\/en\/lieutaud-jacques-connoissance-des-temps-pour-lannee-bissextile-1704-au-meridien-de-paris-publiee-par-ordre-de-lacademie-royale-des-sciences-et-calculee-par-mr-lieutaud\/#breadcrumb\",\"itemListElement\":[{\"@type\":\"ListItem\",\"position\":1,\"name\":\"Accueil\",\"item\":\"https:\/\/www.librairieclavreuil.com\/\"},{\"@type\":\"ListItem\",\"position\":2,\"name\":\"All our books\",\"item\":\"https:\/\/www.librairieclavreuil.com\/en\/all-our-books\/\"},{\"@type\":\"ListItem\",\"position\":3,\"name\":\"LIEUTAUD Jacques Connoissance des temps pour l&rsquo;ann\u00e9e bissextile...\"}]},{\"@type\":\"WebSite\",\"@id\":\"https:\/\/www.librairieclavreuil.com\/#website\",\"url\":\"https:\/\/www.librairieclavreuil.com\/\",\"name\":\"Libairie Clavreuil\",\"description\":\"Livres anciens, manuscrits rares et \u00e9ditions originales \u2013 Librairie Clavreuil\",\"publisher\":{\"@id\":\"https:\/\/www.librairieclavreuil.com\/#organization\"},\"potentialAction\":[{\"@type\":\"SearchAction\",\"target\":{\"@type\":\"EntryPoint\",\"urlTemplate\":\"https:\/\/www.librairieclavreuil.com\/?s={search_term_string}\"},\"query-input\":{\"@type\":\"PropertyValueSpecification\",\"valueRequired\":true,\"valueName\":\"search_term_string\"}}],\"inLanguage\":\"en-US\"},{\"@type\":\"Organization\",\"@id\":\"https:\/\/www.librairieclavreuil.com\/#organization\",\"name\":\"Libairie Clavreuil\",\"url\":\"https:\/\/www.librairieclavreuil.com\/\",\"logo\":{\"@type\":\"ImageObject\",\"inLanguage\":\"en-US\",\"@id\":\"https:\/\/www.librairieclavreuil.com\/#\/schema\/logo\/image\/\",\"url\":\"https:\/\/www.librairieclavreuil.com\/wp-content\/uploads\/2021\/06\/cropped-LOGO_PNG_DATE-_gold-512x512-1.png\",\"contentUrl\":\"https:\/\/www.librairieclavreuil.com\/wp-content\/uploads\/2021\/06\/cropped-LOGO_PNG_DATE-_gold-512x512-1.png\",\"width\":512,\"height\":512,\"caption\":\"Libairie Clavreuil\"},\"image\":{\"@id\":\"https:\/\/www.librairieclavreuil.com\/#\/schema\/logo\/image\/\"},\"sameAs\":[\"https:\/\/www.instagram.com\/librairieclavreuil\/\"]}]}<\/script>\n<!-- \/ Yoast SEO plugin. -->","yoast_head_json":{"title":"LIEUTAUD Jacques Connoissance des temps pour l'ann\u00e9e bissextile 1704. Au m\u00e9ridien de Paris, publi\u00e9e par ordre de l'Acad\u00e9mie royale des Sciences et calcul\u00e9e par Mr. Lieutaud. - Libairie Clavreuil","robots":{"index":"index","follow":"follow","max-snippet":"max-snippet:-1","max-image-preview":"max-image-preview:large","max-video-preview":"max-video-preview:-1"},"canonical":"https:\/\/www.librairieclavreuil.com\/en\/lieutaud-jacques-connoissance-des-temps-pour-lannee-bissextile-1704-au-meridien-de-paris-publiee-par-ordre-de-lacademie-royale-des-sciences-et-calculee-par-mr-lieutaud\/","og_locale":"en_US","og_type":"article","og_title":"LIEUTAUD Jacques Connoissance des temps pour l'ann\u00e9e bissextile 1704. Au m\u00e9ridien de Paris, publi\u00e9e par ordre de l'Acad\u00e9mie royale des Sciences et calcul\u00e9e par Mr. Lieutaud. - Libairie Clavreuil","og_description":"8vo (193 x 120 mm) with engraved allegorical frontispiece, 1 f.n.ch. title, 106 pp. 3 folding engraved plates. Contemporary speckled calf, triple gilt fillet, spine ribbed and decorated, inner gilt roulette, gilt edges.","og_url":"https:\/\/www.librairieclavreuil.com\/en\/lieutaud-jacques-connoissance-des-temps-pour-lannee-bissextile-1704-au-meridien-de-paris-publiee-par-ordre-de-lacademie-royale-des-sciences-et-calculee-par-mr-lieutaud\/","og_site_name":"Libairie Clavreuil","article_modified_time":"2025-02-18T17:04:09+00:00","og_image":[{"width":622,"height":800,"url":"https:\/\/www.librairieclavreuil.com\/wp-content\/uploads\/2025\/02\/jacques-lieutaud-connoissance-des-temps-pour-l-annee-bissextile-1704-au-meridien-de-paris-publiee-par-ordre-de-l-academie-royale-des-science-678fd3df63401.jpg","type":"image\/jpeg"}],"twitter_card":"summary_large_image","twitter_misc":{"Est. reading time":"1 minute"},"schema":{"@context":"https:\/\/schema.org","@graph":[{"@type":"WebPage","@id":"https:\/\/www.librairieclavreuil.com\/en\/lieutaud-jacques-connoissance-des-temps-pour-lannee-bissextile-1704-au-meridien-de-paris-publiee-par-ordre-de-lacademie-royale-des-sciences-et-calculee-par-mr-lieutaud\/","url":"https:\/\/www.librairieclavreuil.com\/en\/lieutaud-jacques-connoissance-des-temps-pour-lannee-bissextile-1704-au-meridien-de-paris-publiee-par-ordre-de-lacademie-royale-des-sciences-et-calculee-par-mr-lieutaud\/","name":"LIEUTAUD Jacques Connoissance des temps pour l'ann\u00e9e bissextile 1704. Au m\u00e9ridien de Paris, publi\u00e9e par ordre de l'Acad\u00e9mie royale des Sciences et calcul\u00e9e par Mr. Lieutaud. - Libairie Clavreuil","isPartOf":{"@id":"https:\/\/www.librairieclavreuil.com\/#website"},"primaryImageOfPage":{"@id":"https:\/\/www.librairieclavreuil.com\/en\/lieutaud-jacques-connoissance-des-temps-pour-lannee-bissextile-1704-au-meridien-de-paris-publiee-par-ordre-de-lacademie-royale-des-sciences-et-calculee-par-mr-lieutaud\/#primaryimage"},"image":{"@id":"https:\/\/www.librairieclavreuil.com\/en\/lieutaud-jacques-connoissance-des-temps-pour-lannee-bissextile-1704-au-meridien-de-paris-publiee-par-ordre-de-lacademie-royale-des-sciences-et-calculee-par-mr-lieutaud\/#primaryimage"},"thumbnailUrl":"https:\/\/www.librairieclavreuil.com\/wp-content\/uploads\/2025\/02\/jacques-lieutaud-connoissance-des-temps-pour-l-annee-bissextile-1704-au-meridien-de-paris-publiee-par-ordre-de-l-academie-royale-des-science-678fd3df63401.jpg","datePublished":"2025-02-12T16:31:56+00:00","dateModified":"2025-02-18T17:04:09+00:00","breadcrumb":{"@id":"https:\/\/www.librairieclavreuil.com\/en\/lieutaud-jacques-connoissance-des-temps-pour-lannee-bissextile-1704-au-meridien-de-paris-publiee-par-ordre-de-lacademie-royale-des-sciences-et-calculee-par-mr-lieutaud\/#breadcrumb"},"inLanguage":"en-US","potentialAction":[{"@type":"ReadAction","target":["https:\/\/www.librairieclavreuil.com\/en\/lieutaud-jacques-connoissance-des-temps-pour-lannee-bissextile-1704-au-meridien-de-paris-publiee-par-ordre-de-lacademie-royale-des-sciences-et-calculee-par-mr-lieutaud\/"]}]},{"@type":"ImageObject","inLanguage":"en-US","@id":"https:\/\/www.librairieclavreuil.com\/en\/lieutaud-jacques-connoissance-des-temps-pour-lannee-bissextile-1704-au-meridien-de-paris-publiee-par-ordre-de-lacademie-royale-des-sciences-et-calculee-par-mr-lieutaud\/#primaryimage","url":"https:\/\/www.librairieclavreuil.com\/wp-content\/uploads\/2025\/02\/jacques-lieutaud-connoissance-des-temps-pour-l-annee-bissextile-1704-au-meridien-de-paris-publiee-par-ordre-de-l-academie-royale-des-science-678fd3df63401.jpg","contentUrl":"https:\/\/www.librairieclavreuil.com\/wp-content\/uploads\/2025\/02\/jacques-lieutaud-connoissance-des-temps-pour-l-annee-bissextile-1704-au-meridien-de-paris-publiee-par-ordre-de-l-academie-royale-des-science-678fd3df63401.jpg","width":622,"height":800},{"@type":"BreadcrumbList","@id":"https:\/\/www.librairieclavreuil.com\/en\/lieutaud-jacques-connoissance-des-temps-pour-lannee-bissextile-1704-au-meridien-de-paris-publiee-par-ordre-de-lacademie-royale-des-sciences-et-calculee-par-mr-lieutaud\/#breadcrumb","itemListElement":[{"@type":"ListItem","position":1,"name":"Accueil","item":"https:\/\/www.librairieclavreuil.com\/"},{"@type":"ListItem","position":2,"name":"All our books","item":"https:\/\/www.librairieclavreuil.com\/en\/all-our-books\/"},{"@type":"ListItem","position":3,"name":"LIEUTAUD Jacques Connoissance des temps pour l&rsquo;ann\u00e9e bissextile..."}]},{"@type":"WebSite","@id":"https:\/\/www.librairieclavreuil.com\/#website","url":"https:\/\/www.librairieclavreuil.com\/","name":"Libairie Clavreuil","description":"Livres anciens, manuscrits rares et \u00e9ditions originales \u2013 Librairie Clavreuil","publisher":{"@id":"https:\/\/www.librairieclavreuil.com\/#organization"},"potentialAction":[{"@type":"SearchAction","target":{"@type":"EntryPoint","urlTemplate":"https:\/\/www.librairieclavreuil.com\/?s={search_term_string}"},"query-input":{"@type":"PropertyValueSpecification","valueRequired":true,"valueName":"search_term_string"}}],"inLanguage":"en-US"},{"@type":"Organization","@id":"https:\/\/www.librairieclavreuil.com\/#organization","name":"Libairie Clavreuil","url":"https:\/\/www.librairieclavreuil.com\/","logo":{"@type":"ImageObject","inLanguage":"en-US","@id":"https:\/\/www.librairieclavreuil.com\/#\/schema\/logo\/image\/","url":"https:\/\/www.librairieclavreuil.com\/wp-content\/uploads\/2021\/06\/cropped-LOGO_PNG_DATE-_gold-512x512-1.png","contentUrl":"https:\/\/www.librairieclavreuil.com\/wp-content\/uploads\/2021\/06\/cropped-LOGO_PNG_DATE-_gold-512x512-1.png","width":512,"height":512,"caption":"Libairie Clavreuil"},"image":{"@id":"https:\/\/www.librairieclavreuil.com\/#\/schema\/logo\/image\/"},"sameAs":["https:\/\/www.instagram.com\/librairieclavreuil\/"]}]}},"jetpack_sharing_enabled":true,"_links":{"self":[{"href":"https:\/\/www.librairieclavreuil.com\/en\/wp-json\/wp\/v2\/product\/83164","targetHints":{"allow":["GET"]}}],"collection":[{"href":"https:\/\/www.librairieclavreuil.com\/en\/wp-json\/wp\/v2\/product"}],"about":[{"href":"https:\/\/www.librairieclavreuil.com\/en\/wp-json\/wp\/v2\/types\/product"}],"replies":[{"embeddable":true,"href":"https:\/\/www.librairieclavreuil.com\/en\/wp-json\/wp\/v2\/comments?post=83164"}],"wp:featuredmedia":[{"embeddable":true,"href":"https:\/\/www.librairieclavreuil.com\/en\/wp-json\/wp\/v2\/media\/83153"}],"wp:attachment":[{"href":"https:\/\/www.librairieclavreuil.com\/en\/wp-json\/wp\/v2\/media?parent=83164"}],"wp:term":[{"taxonomy":"product_brand","embeddable":true,"href":"https:\/\/www.librairieclavreuil.com\/en\/wp-json\/wp\/v2\/product_brand?post=83164"},{"taxonomy":"product_cat","embeddable":true,"href":"https:\/\/www.librairieclavreuil.com\/en\/wp-json\/wp\/v2\/product_cat?post=83164"},{"taxonomy":"product_tag","embeddable":true,"href":"https:\/\/www.librairieclavreuil.com\/en\/wp-json\/wp\/v2\/product_tag?post=83164"}],"curies":[{"name":"wp","href":"https:\/\/api.w.org\/{rel}","templated":true}]}}