{"id":83152,"date":"2025-02-12T17:11:33","date_gmt":"2025-02-12T16:11:33","guid":{"rendered":"https:\/\/www.librairieclavreuil.com\/hamilton-sir-william-les-oeuvres\/"},"modified":"2025-06-03T12:33:48","modified_gmt":"2025-06-03T10:33:48","slug":"hamilton-sir-william-les-oeuvres","status":"publish","type":"product","link":"https:\/\/www.librairieclavreuil.com\/en\/hamilton-sir-william-les-oeuvres\/","title":{"rendered":"HAMILTON Sir William Les \u0152uvres&#8230;"},"content":{"rendered":"<p style=\"text-align:justify\">Finely printed and very handsome small format edition including the following pieces :<\/p>\n<p style=\"text-align:justify\">&#8211; Volume I : Le B\u00e9lier; \u0152uvres m\u00eal\u00e9es en prose et en vers. Po\u00e9sies.<\/p>\n<p style=\"text-align:justify\">&#8211; Volume II : Fleur d&#8217;\u00c9pine, conte; \u0152uvres m\u00eal\u00e9es. Chansons.<\/p>\n<p style=\"text-align:justify\">&#8211; Volume III : Les Quatre Facardins, conte; \u0152uvres m\u00eal\u00e9es. De l&#8217;usage de la vie dans la vieillesse.<\/p>\n<p style=\"text-align:justify\">-Volume IV : \u0152uvres m\u00eal\u00e9es. Lettres et \u00e9pitres.<\/p>\n<p style=\"text-align:justify\">Very nice copy, well preserved in a decorative binding.<\/p>\n","protected":false},"excerpt":{"rendered":"<p style=\"text-align:justify\">4 volumes, 12mo (137 x 80 mm) 2 nn.ll., 335 pp. for volume I; 2 nn.ll., 318 pp. for volume II; 2 nn.ll., 318 pp., 1 blank for volume III; 2 nn.ll.,&nbsp; 383 pp. for volume IV. Contemporary red morocco, gilt filet on covers, spine gilt with raised bands, gilt edges.<\/p>\n","protected":false},"featured_media":83145,"comment_status":"open","ping_status":"closed","template":"","meta":{"_acf_changed":false},"product_brand":[],"product_cat":[544],"product_tag":[1245],"class_list":{"0":"post-83152","1":"product","2":"type-product","3":"status-publish","4":"has-post-thumbnail","6":"product_cat-literature","7":"product_tag-18th-century-literature","8":"pa_auteur-hamilton-sir-william-2","9":"pa_type-de-livre-printed-book","11":"first","12":"instock","13":"shipping-taxable","14":"purchasable","15":"product-type-simple"},"acf":{"artist":" Sir William HAMILTON","chapeau":"","adresse_bibliographique":"Paris, sans nom, 1762","book_type":"Printed book","provenance":"","afficher_prix":""},"yoast_head":"<!-- This site is optimized with the Yoast SEO plugin v24.7 - https:\/\/yoast.com\/wordpress\/plugins\/seo\/ -->\n<title>HAMILTON Sir William Les \u0152uvres... - Libairie Clavreuil<\/title>\n<meta name=\"robots\" content=\"index, follow, max-snippet:-1, max-image-preview:large, max-video-preview:-1\" \/>\n<link rel=\"canonical\" href=\"https:\/\/www.librairieclavreuil.com\/en\/hamilton-sir-william-les-oeuvres\/\" \/>\n<meta property=\"og:locale\" content=\"en_US\" \/>\n<meta property=\"og:type\" content=\"article\" \/>\n<meta property=\"og:title\" content=\"HAMILTON Sir William Les \u0152uvres... - Libairie Clavreuil\" \/>\n<meta property=\"og:description\" content=\"4 volumes, 12mo (137 x 80 mm) 2 nn.ll., 335 pp. for volume I; 2 nn.ll., 318 pp. for volume II; 2 nn.ll., 318 pp., 1 blank for volume III; 2 nn.ll.,&nbsp; 383 pp. for volume IV. Contemporary red morocco, gilt filet on covers, spine gilt with raised bands, gilt edges.\" \/>\n<meta property=\"og:url\" content=\"https:\/\/www.librairieclavreuil.com\/en\/hamilton-sir-william-les-oeuvres\/\" \/>\n<meta property=\"og:site_name\" content=\"Libairie Clavreuil\" \/>\n<meta property=\"article:modified_time\" content=\"2025-06-03T10:33:48+00:00\" \/>\n<meta property=\"og:image\" content=\"https:\/\/www.librairieclavreuil.com\/wp-content\/uploads\/2025\/02\/sir-william-hamilton-les-oeuvres-4325-678fc08837784.jpg\" \/>\n\t<meta property=\"og:image:width\" content=\"622\" \/>\n\t<meta property=\"og:image:height\" content=\"800\" \/>\n\t<meta property=\"og:image:type\" content=\"image\/jpeg\" \/>\n<meta name=\"twitter:card\" content=\"summary_large_image\" \/>\n<script type=\"application\/ld+json\" class=\"yoast-schema-graph\">{\"@context\":\"https:\/\/schema.org\",\"@graph\":[{\"@type\":\"WebPage\",\"@id\":\"https:\/\/www.librairieclavreuil.com\/en\/hamilton-sir-william-les-oeuvres\/\",\"url\":\"https:\/\/www.librairieclavreuil.com\/en\/hamilton-sir-william-les-oeuvres\/\",\"name\":\"HAMILTON Sir William Les \u0152uvres... - Libairie Clavreuil\",\"isPartOf\":{\"@id\":\"https:\/\/www.librairieclavreuil.com\/#website\"},\"primaryImageOfPage\":{\"@id\":\"https:\/\/www.librairieclavreuil.com\/en\/hamilton-sir-william-les-oeuvres\/#primaryimage\"},\"image\":{\"@id\":\"https:\/\/www.librairieclavreuil.com\/en\/hamilton-sir-william-les-oeuvres\/#primaryimage\"},\"thumbnailUrl\":\"https:\/\/www.librairieclavreuil.com\/wp-content\/uploads\/2025\/02\/sir-william-hamilton-les-oeuvres-4325-678fc08837784.jpg\",\"datePublished\":\"2025-02-12T16:11:33+00:00\",\"dateModified\":\"2025-06-03T10:33:48+00:00\",\"breadcrumb\":{\"@id\":\"https:\/\/www.librairieclavreuil.com\/en\/hamilton-sir-william-les-oeuvres\/#breadcrumb\"},\"inLanguage\":\"en-US\",\"potentialAction\":[{\"@type\":\"ReadAction\",\"target\":[\"https:\/\/www.librairieclavreuil.com\/en\/hamilton-sir-william-les-oeuvres\/\"]}]},{\"@type\":\"ImageObject\",\"inLanguage\":\"en-US\",\"@id\":\"https:\/\/www.librairieclavreuil.com\/en\/hamilton-sir-william-les-oeuvres\/#primaryimage\",\"url\":\"https:\/\/www.librairieclavreuil.com\/wp-content\/uploads\/2025\/02\/sir-william-hamilton-les-oeuvres-4325-678fc08837784.jpg\",\"contentUrl\":\"https:\/\/www.librairieclavreuil.com\/wp-content\/uploads\/2025\/02\/sir-william-hamilton-les-oeuvres-4325-678fc08837784.jpg\",\"width\":622,\"height\":800},{\"@type\":\"BreadcrumbList\",\"@id\":\"https:\/\/www.librairieclavreuil.com\/en\/hamilton-sir-william-les-oeuvres\/#breadcrumb\",\"itemListElement\":[{\"@type\":\"ListItem\",\"position\":1,\"name\":\"Accueil\",\"item\":\"https:\/\/www.librairieclavreuil.com\/\"},{\"@type\":\"ListItem\",\"position\":2,\"name\":\"All our books\",\"item\":\"https:\/\/www.librairieclavreuil.com\/en\/all-our-books\/\"},{\"@type\":\"ListItem\",\"position\":3,\"name\":\"HAMILTON Sir William Les \u0152uvres&#8230;\"}]},{\"@type\":\"WebSite\",\"@id\":\"https:\/\/www.librairieclavreuil.com\/#website\",\"url\":\"https:\/\/www.librairieclavreuil.com\/\",\"name\":\"Libairie Clavreuil\",\"description\":\"Livres anciens, manuscrits rares et \u00e9ditions originales \u2013 Librairie Clavreuil\",\"publisher\":{\"@id\":\"https:\/\/www.librairieclavreuil.com\/#organization\"},\"potentialAction\":[{\"@type\":\"SearchAction\",\"target\":{\"@type\":\"EntryPoint\",\"urlTemplate\":\"https:\/\/www.librairieclavreuil.com\/?s={search_term_string}\"},\"query-input\":{\"@type\":\"PropertyValueSpecification\",\"valueRequired\":true,\"valueName\":\"search_term_string\"}}],\"inLanguage\":\"en-US\"},{\"@type\":\"Organization\",\"@id\":\"https:\/\/www.librairieclavreuil.com\/#organization\",\"name\":\"Libairie Clavreuil\",\"url\":\"https:\/\/www.librairieclavreuil.com\/\",\"logo\":{\"@type\":\"ImageObject\",\"inLanguage\":\"en-US\",\"@id\":\"https:\/\/www.librairieclavreuil.com\/#\/schema\/logo\/image\/\",\"url\":\"https:\/\/www.librairieclavreuil.com\/wp-content\/uploads\/2021\/06\/cropped-LOGO_PNG_DATE-_gold-512x512-1.png\",\"contentUrl\":\"https:\/\/www.librairieclavreuil.com\/wp-content\/uploads\/2021\/06\/cropped-LOGO_PNG_DATE-_gold-512x512-1.png\",\"width\":512,\"height\":512,\"caption\":\"Libairie Clavreuil\"},\"image\":{\"@id\":\"https:\/\/www.librairieclavreuil.com\/#\/schema\/logo\/image\/\"},\"sameAs\":[\"https:\/\/www.instagram.com\/librairieclavreuil\/\"]}]}<\/script>\n<!-- \/ Yoast SEO plugin. -->","yoast_head_json":{"title":"HAMILTON Sir William Les \u0152uvres... - Libairie Clavreuil","robots":{"index":"index","follow":"follow","max-snippet":"max-snippet:-1","max-image-preview":"max-image-preview:large","max-video-preview":"max-video-preview:-1"},"canonical":"https:\/\/www.librairieclavreuil.com\/en\/hamilton-sir-william-les-oeuvres\/","og_locale":"en_US","og_type":"article","og_title":"HAMILTON Sir William Les \u0152uvres... - Libairie Clavreuil","og_description":"4 volumes, 12mo (137 x 80 mm) 2 nn.ll., 335 pp. for volume I; 2 nn.ll., 318 pp. for volume II; 2 nn.ll., 318 pp., 1 blank for volume III; 2 nn.ll.,&nbsp; 383 pp. for volume IV. Contemporary red morocco, gilt filet on covers, spine gilt with raised bands, gilt edges.","og_url":"https:\/\/www.librairieclavreuil.com\/en\/hamilton-sir-william-les-oeuvres\/","og_site_name":"Libairie Clavreuil","article_modified_time":"2025-06-03T10:33:48+00:00","og_image":[{"width":622,"height":800,"url":"https:\/\/www.librairieclavreuil.com\/wp-content\/uploads\/2025\/02\/sir-william-hamilton-les-oeuvres-4325-678fc08837784.jpg","type":"image\/jpeg"}],"twitter_card":"summary_large_image","schema":{"@context":"https:\/\/schema.org","@graph":[{"@type":"WebPage","@id":"https:\/\/www.librairieclavreuil.com\/en\/hamilton-sir-william-les-oeuvres\/","url":"https:\/\/www.librairieclavreuil.com\/en\/hamilton-sir-william-les-oeuvres\/","name":"HAMILTON Sir William Les \u0152uvres... - Libairie Clavreuil","isPartOf":{"@id":"https:\/\/www.librairieclavreuil.com\/#website"},"primaryImageOfPage":{"@id":"https:\/\/www.librairieclavreuil.com\/en\/hamilton-sir-william-les-oeuvres\/#primaryimage"},"image":{"@id":"https:\/\/www.librairieclavreuil.com\/en\/hamilton-sir-william-les-oeuvres\/#primaryimage"},"thumbnailUrl":"https:\/\/www.librairieclavreuil.com\/wp-content\/uploads\/2025\/02\/sir-william-hamilton-les-oeuvres-4325-678fc08837784.jpg","datePublished":"2025-02-12T16:11:33+00:00","dateModified":"2025-06-03T10:33:48+00:00","breadcrumb":{"@id":"https:\/\/www.librairieclavreuil.com\/en\/hamilton-sir-william-les-oeuvres\/#breadcrumb"},"inLanguage":"en-US","potentialAction":[{"@type":"ReadAction","target":["https:\/\/www.librairieclavreuil.com\/en\/hamilton-sir-william-les-oeuvres\/"]}]},{"@type":"ImageObject","inLanguage":"en-US","@id":"https:\/\/www.librairieclavreuil.com\/en\/hamilton-sir-william-les-oeuvres\/#primaryimage","url":"https:\/\/www.librairieclavreuil.com\/wp-content\/uploads\/2025\/02\/sir-william-hamilton-les-oeuvres-4325-678fc08837784.jpg","contentUrl":"https:\/\/www.librairieclavreuil.com\/wp-content\/uploads\/2025\/02\/sir-william-hamilton-les-oeuvres-4325-678fc08837784.jpg","width":622,"height":800},{"@type":"BreadcrumbList","@id":"https:\/\/www.librairieclavreuil.com\/en\/hamilton-sir-william-les-oeuvres\/#breadcrumb","itemListElement":[{"@type":"ListItem","position":1,"name":"Accueil","item":"https:\/\/www.librairieclavreuil.com\/"},{"@type":"ListItem","position":2,"name":"All our books","item":"https:\/\/www.librairieclavreuil.com\/en\/all-our-books\/"},{"@type":"ListItem","position":3,"name":"HAMILTON Sir William Les \u0152uvres&#8230;"}]},{"@type":"WebSite","@id":"https:\/\/www.librairieclavreuil.com\/#website","url":"https:\/\/www.librairieclavreuil.com\/","name":"Libairie Clavreuil","description":"Livres anciens, manuscrits rares et \u00e9ditions originales \u2013 Librairie Clavreuil","publisher":{"@id":"https:\/\/www.librairieclavreuil.com\/#organization"},"potentialAction":[{"@type":"SearchAction","target":{"@type":"EntryPoint","urlTemplate":"https:\/\/www.librairieclavreuil.com\/?s={search_term_string}"},"query-input":{"@type":"PropertyValueSpecification","valueRequired":true,"valueName":"search_term_string"}}],"inLanguage":"en-US"},{"@type":"Organization","@id":"https:\/\/www.librairieclavreuil.com\/#organization","name":"Libairie Clavreuil","url":"https:\/\/www.librairieclavreuil.com\/","logo":{"@type":"ImageObject","inLanguage":"en-US","@id":"https:\/\/www.librairieclavreuil.com\/#\/schema\/logo\/image\/","url":"https:\/\/www.librairieclavreuil.com\/wp-content\/uploads\/2021\/06\/cropped-LOGO_PNG_DATE-_gold-512x512-1.png","contentUrl":"https:\/\/www.librairieclavreuil.com\/wp-content\/uploads\/2021\/06\/cropped-LOGO_PNG_DATE-_gold-512x512-1.png","width":512,"height":512,"caption":"Libairie Clavreuil"},"image":{"@id":"https:\/\/www.librairieclavreuil.com\/#\/schema\/logo\/image\/"},"sameAs":["https:\/\/www.instagram.com\/librairieclavreuil\/"]}]}},"jetpack_sharing_enabled":true,"_links":{"self":[{"href":"https:\/\/www.librairieclavreuil.com\/en\/wp-json\/wp\/v2\/product\/83152","targetHints":{"allow":["GET"]}}],"collection":[{"href":"https:\/\/www.librairieclavreuil.com\/en\/wp-json\/wp\/v2\/product"}],"about":[{"href":"https:\/\/www.librairieclavreuil.com\/en\/wp-json\/wp\/v2\/types\/product"}],"replies":[{"embeddable":true,"href":"https:\/\/www.librairieclavreuil.com\/en\/wp-json\/wp\/v2\/comments?post=83152"}],"wp:featuredmedia":[{"embeddable":true,"href":"https:\/\/www.librairieclavreuil.com\/en\/wp-json\/wp\/v2\/media\/83145"}],"wp:attachment":[{"href":"https:\/\/www.librairieclavreuil.com\/en\/wp-json\/wp\/v2\/media?parent=83152"}],"wp:term":[{"taxonomy":"product_brand","embeddable":true,"href":"https:\/\/www.librairieclavreuil.com\/en\/wp-json\/wp\/v2\/product_brand?post=83152"},{"taxonomy":"product_cat","embeddable":true,"href":"https:\/\/www.librairieclavreuil.com\/en\/wp-json\/wp\/v2\/product_cat?post=83152"},{"taxonomy":"product_tag","embeddable":true,"href":"https:\/\/www.librairieclavreuil.com\/en\/wp-json\/wp\/v2\/product_tag?post=83152"}],"curies":[{"name":"wp","href":"https:\/\/api.w.org\/{rel}","templated":true}]}}