{"id":83144,"date":"2025-02-12T17:10:53","date_gmt":"2025-02-12T16:10:53","guid":{"rendered":"https:\/\/www.librairieclavreuil.com\/kriloff-ivan-andrievitch-fables-russes-tirees-du-recueil-de-m-kriloff-et-imitees-en-vers-francais-et-italiens-par-divers-auteurs-precedees-dune-introduction-francaise-de-m-lemontey-et-dune-p\/"},"modified":"2025-06-03T12:36:08","modified_gmt":"2025-06-03T10:36:08","slug":"kriloff-ivan-andrievitch-fables-russes-tirees-du-recueil-de-m-kriloff-et-imitees-en-vers-francais-et-italiens-par-divers-auteurs-precedees-dune-introduction-francaise-de-m-lemontey-et-dune-p","status":"publish","type":"product","link":"https:\/\/www.librairieclavreuil.com\/en\/kriloff-ivan-andrievitch-fables-russes-tirees-du-recueil-de-m-kriloff-et-imitees-en-vers-francais-et-italiens-par-divers-auteurs-precedees-dune-introduction-francaise-de-m-lemontey-et-dune-p\/","title":{"rendered":"KRILOFF Ivan-Andri\u00e9vitch Fables russes tir\u00e9es du recueil de..."},"content":{"rendered":"<p style=\"text-align:justify\"><span style=\"font-variant:small-caps\">First edition of the translations into French and Italian, preceded by the fables in Russian.<\/span><\/p>\n<p style=\"text-align:justify\">&#8220;In 1825, in Paris, Count Grigori V Orlov published a two-volume collection of the Fables of Ivan Krylov, in Russian, French and Italian. This edition was a first serious attempt to bring to western Europe a work of Russian contemporary literature, of which Krylov was thought to be the most characteristic representative. Count Orlov, a member of a notable family, and in possession of considerable wealth, developed an active sponsorship policy. He was not satisfied with simply publishing the text: he organised a complete literary programme to bring the fables to public notice. First of all, he made French and Italian prose translations. In Italy, Orlov read them aloud to poets, whom he asked to interpret them in verse. In France he organised a kind of literary tournament by inviting poets and well know figures to produce versions in poetry of his prose translations of Krylov, the Russian &#8216;La Fontaine&#8217;. Orlov then had them published by Firmin Didot with a type face developed for the particular occasion. The work was ornamented with five engravings, the work of E. Eszterreich, J.-B. Isabey, C. Beyer and Cain. The publication of Krylov&#8217;s Fables resulted in the appearance of critical articles in Russia (by Alexander Pushkin) and in France (by Edme H\u00e9reau), and of a series of editions of the translations off Krylov&#8217;s fables into French, and in the development of French research into Russian literature&#8221; (Anna Markova, in: Bulletin du Bibliophile, 2009, pp. 287-314).<\/p>\n<p style=\"text-align:justify\">&#8220;Ce recueil de fables est vraiement une curiosit\u00e9 litt\u00e9raire ; on y trouve le texte russe, la traduction en vers fran\u00e7ais et italiens de chacune des fables de Kriloff. L&#8217;\u00e9lite des litt\u00e9rateurs des deux nations a concourru \u00e0 les faire passer dans leur langue. La traduction fran\u00e7aise est due \u00e0 MM. S\u00e9gur, Daru, Carion de Nisas, Parceval-Grandmaison, Boissy-d&#8217;Anglas, Amaury-Duval, Arault, Aignan, Jouy, Casimir Delavigne, Lucien Arnault, Viennet, Soumet, Andrieux, Duval, Picard, Vial, Gensoul, Coupigny, De l&#8217;Isle, Le Bailly, Mollevant, Naudet, etc. ; et \u00e0 Mesdames Constance de Salm, Sophie Gay, Joliveau de Segrais, Amable Tastu, M\u00e9rard de Saint-Just, Eulalie de Roucher, La Garde, C\u00e9l\u00e8ste Vien, Ad\u00e8le Le Bailly et \u00e0 mademoiselle Delphine Gay. Un grand nombre de litt\u00e9rateurs italiens, parmi lesquels on remarque Giannone, Monti, Pindemonte, Salfi, Giovanni Battista Niccolini, etc., ont rendu \u00e0 Kriloff le m\u00eame hommage qu&#8217;il a re\u00e7u en France ; chacune de ses fables a son traducteur, soit en italien, soit en fran\u00e7ais. Ce recueil est le premier et le seul qui offre une vari\u00e9t\u00e9 et une r\u00e9union si pr\u00e9cieuse de talents distingu\u00e9s&#8221; (Qu\u00e9rard, IV, 318).<\/p>\n<p style=\"text-align:justify\">A fine copy (spines of the original wrappers renewed), entirely uncut, inscribed on the front fly-leaf to &#8220;<i>M.r Niccolini de la part de l&#8217;auteur<\/i>&#8220;. Giovanni Battista Niccolini is the translator of fable XIII (<i>Il Contadino caduto in miseria<\/i>).<\/p>\n","protected":false},"excerpt":{"rendered":"<p style=\"text-align:justify\">2 volumes, 8vo (220 x 140 mm) 3 nn.ll. (half-title and title in Russian, and a title in French), LXI pp., 1 nn. blanc, 242 pp., 4 nn.ll. (Fable XVII in French, in Italian, and 2 nn.ll. of tables in French and Italian) for volume I; 3 nn.ll. (half-title and title in Russian, and a title in French), 378 pp., 2 nn.ll. (tables) for volume II. Original printed wrappers.<\/p>\n","protected":false},"featured_media":83135,"comment_status":"open","ping_status":"closed","template":"","meta":{"_acf_changed":false},"product_brand":[],"product_cat":[544],"product_tag":[594],"class_list":{"0":"post-83144","1":"product","2":"type-product","3":"status-publish","4":"has-post-thumbnail","6":"product_cat-literature","7":"product_tag-russian","8":"pa_auteur-kriloff-ivan-andrievitch-2","9":"pa_type-de-livre-printed-book","11":"first","12":"instock","13":"shipping-taxable","14":"purchasable","15":"product-type-simple"},"acf":{"artist":" Ivan-Andri\u00e9vitch KRILOFF","chapeau":"By the Russian \"La Fontaine\" Presentation copy, inscribed by the author to Mr Niccolini, translator of Fable XIII","adresse_bibliographique":"Paris, Firmin Didot pour Bossange, 1825","book_type":"Printed book","provenance":"","afficher_prix":""},"yoast_head":"<!-- This site is optimized with the Yoast SEO plugin v24.7 - https:\/\/yoast.com\/wordpress\/plugins\/seo\/ -->\n<title>KRILOFF Ivan-Andri\u00e9vitch Fables russes tir\u00e9es du recueil de M. Kriloff et imit\u00e9es en vers fran\u00e7ais et italiens par divers auteurs ; pr\u00e9c\u00e9d\u00e9es d&#039;une introduction fran\u00e7aise de M. Lemontey, et d&#039;une pr\u00e9face italienne de M. Salfi. Publi\u00e9es par M. le comte Orloff. - Libairie Clavreuil<\/title>\n<meta name=\"robots\" content=\"index, follow, max-snippet:-1, max-image-preview:large, max-video-preview:-1\" \/>\n<link rel=\"canonical\" href=\"https:\/\/www.librairieclavreuil.com\/en\/kriloff-ivan-andrievitch-fables-russes-tirees-du-recueil-de-m-kriloff-et-imitees-en-vers-francais-et-italiens-par-divers-auteurs-precedees-dune-introduction-francaise-de-m-lemontey-et-dune-p\/\" \/>\n<meta property=\"og:locale\" content=\"en_US\" \/>\n<meta property=\"og:type\" content=\"article\" \/>\n<meta property=\"og:title\" content=\"KRILOFF Ivan-Andri\u00e9vitch Fables russes tir\u00e9es du recueil de M. Kriloff et imit\u00e9es en vers fran\u00e7ais et italiens par divers auteurs ; pr\u00e9c\u00e9d\u00e9es d&#039;une introduction fran\u00e7aise de M. Lemontey, et d&#039;une pr\u00e9face italienne de M. Salfi. Publi\u00e9es par M. le comte Orloff. - Libairie Clavreuil\" \/>\n<meta property=\"og:description\" content=\"2 volumes, 8vo (220 x 140 mm) 3 nn.ll. (half-title and title in Russian, and a title in French), LXI pp., 1 nn. blanc, 242 pp., 4 nn.ll. (Fable XVII in French, in Italian, and 2 nn.ll. of tables in French and Italian) for volume I; 3 nn.ll. (half-title and title in Russian, and a title in French), 378 pp., 2 nn.ll. (tables) for volume II. Original printed wrappers.\" \/>\n<meta property=\"og:url\" content=\"https:\/\/www.librairieclavreuil.com\/en\/kriloff-ivan-andrievitch-fables-russes-tirees-du-recueil-de-m-kriloff-et-imitees-en-vers-francais-et-italiens-par-divers-auteurs-precedees-dune-introduction-francaise-de-m-lemontey-et-dune-p\/\" \/>\n<meta property=\"og:site_name\" content=\"Libairie Clavreuil\" \/>\n<meta property=\"article:modified_time\" content=\"2025-06-03T10:36:08+00:00\" \/>\n<meta property=\"og:image\" content=\"https:\/\/www.librairieclavreuil.com\/wp-content\/uploads\/2025\/02\/ivan-andrievitch-kriloff-fables-russes-tirees-du-recueil-de-m-kriloff-et-imitees-en-vers-francais-et-italiens-par-divers-auteurs-precedees-d-une-intro.jpg\" \/>\n\t<meta property=\"og:image:width\" content=\"500\" \/>\n\t<meta property=\"og:image:height\" content=\"800\" \/>\n\t<meta property=\"og:image:type\" content=\"image\/jpeg\" \/>\n<meta name=\"twitter:card\" content=\"summary_large_image\" \/>\n<meta name=\"twitter:label1\" content=\"Est. reading time\" \/>\n\t<meta name=\"twitter:data1\" content=\"2 minutes\" \/>\n<script type=\"application\/ld+json\" class=\"yoast-schema-graph\">{\"@context\":\"https:\/\/schema.org\",\"@graph\":[{\"@type\":\"WebPage\",\"@id\":\"https:\/\/www.librairieclavreuil.com\/en\/kriloff-ivan-andrievitch-fables-russes-tirees-du-recueil-de-m-kriloff-et-imitees-en-vers-francais-et-italiens-par-divers-auteurs-precedees-dune-introduction-francaise-de-m-lemontey-et-dune-p\/\",\"url\":\"https:\/\/www.librairieclavreuil.com\/en\/kriloff-ivan-andrievitch-fables-russes-tirees-du-recueil-de-m-kriloff-et-imitees-en-vers-francais-et-italiens-par-divers-auteurs-precedees-dune-introduction-francaise-de-m-lemontey-et-dune-p\/\",\"name\":\"KRILOFF Ivan-Andri\u00e9vitch Fables russes tir\u00e9es du recueil de M. Kriloff et imit\u00e9es en vers fran\u00e7ais et italiens par divers auteurs ; pr\u00e9c\u00e9d\u00e9es d'une introduction fran\u00e7aise de M. Lemontey, et d'une pr\u00e9face italienne de M. Salfi. Publi\u00e9es par M. le comte Orloff. - Libairie Clavreuil\",\"isPartOf\":{\"@id\":\"https:\/\/www.librairieclavreuil.com\/#website\"},\"primaryImageOfPage\":{\"@id\":\"https:\/\/www.librairieclavreuil.com\/en\/kriloff-ivan-andrievitch-fables-russes-tirees-du-recueil-de-m-kriloff-et-imitees-en-vers-francais-et-italiens-par-divers-auteurs-precedees-dune-introduction-francaise-de-m-lemontey-et-dune-p\/#primaryimage\"},\"image\":{\"@id\":\"https:\/\/www.librairieclavreuil.com\/en\/kriloff-ivan-andrievitch-fables-russes-tirees-du-recueil-de-m-kriloff-et-imitees-en-vers-francais-et-italiens-par-divers-auteurs-precedees-dune-introduction-francaise-de-m-lemontey-et-dune-p\/#primaryimage\"},\"thumbnailUrl\":\"https:\/\/www.librairieclavreuil.com\/wp-content\/uploads\/2025\/02\/ivan-andrievitch-kriloff-fables-russes-tirees-du-recueil-de-m-kriloff-et-imitees-en-vers-francais-et-italiens-par-divers-auteurs-precedees-d-une-intro.jpg\",\"datePublished\":\"2025-02-12T16:10:53+00:00\",\"dateModified\":\"2025-06-03T10:36:08+00:00\",\"breadcrumb\":{\"@id\":\"https:\/\/www.librairieclavreuil.com\/en\/kriloff-ivan-andrievitch-fables-russes-tirees-du-recueil-de-m-kriloff-et-imitees-en-vers-francais-et-italiens-par-divers-auteurs-precedees-dune-introduction-francaise-de-m-lemontey-et-dune-p\/#breadcrumb\"},\"inLanguage\":\"en-US\",\"potentialAction\":[{\"@type\":\"ReadAction\",\"target\":[\"https:\/\/www.librairieclavreuil.com\/en\/kriloff-ivan-andrievitch-fables-russes-tirees-du-recueil-de-m-kriloff-et-imitees-en-vers-francais-et-italiens-par-divers-auteurs-precedees-dune-introduction-francaise-de-m-lemontey-et-dune-p\/\"]}]},{\"@type\":\"ImageObject\",\"inLanguage\":\"en-US\",\"@id\":\"https:\/\/www.librairieclavreuil.com\/en\/kriloff-ivan-andrievitch-fables-russes-tirees-du-recueil-de-m-kriloff-et-imitees-en-vers-francais-et-italiens-par-divers-auteurs-precedees-dune-introduction-francaise-de-m-lemontey-et-dune-p\/#primaryimage\",\"url\":\"https:\/\/www.librairieclavreuil.com\/wp-content\/uploads\/2025\/02\/ivan-andrievitch-kriloff-fables-russes-tirees-du-recueil-de-m-kriloff-et-imitees-en-vers-francais-et-italiens-par-divers-auteurs-precedees-d-une-intro.jpg\",\"contentUrl\":\"https:\/\/www.librairieclavreuil.com\/wp-content\/uploads\/2025\/02\/ivan-andrievitch-kriloff-fables-russes-tirees-du-recueil-de-m-kriloff-et-imitees-en-vers-francais-et-italiens-par-divers-auteurs-precedees-d-une-intro.jpg\",\"width\":500,\"height\":800},{\"@type\":\"BreadcrumbList\",\"@id\":\"https:\/\/www.librairieclavreuil.com\/en\/kriloff-ivan-andrievitch-fables-russes-tirees-du-recueil-de-m-kriloff-et-imitees-en-vers-francais-et-italiens-par-divers-auteurs-precedees-dune-introduction-francaise-de-m-lemontey-et-dune-p\/#breadcrumb\",\"itemListElement\":[{\"@type\":\"ListItem\",\"position\":1,\"name\":\"Accueil\",\"item\":\"https:\/\/www.librairieclavreuil.com\/\"},{\"@type\":\"ListItem\",\"position\":2,\"name\":\"All our books\",\"item\":\"https:\/\/www.librairieclavreuil.com\/en\/all-our-books\/\"},{\"@type\":\"ListItem\",\"position\":3,\"name\":\"KRILOFF Ivan-Andri\u00e9vitch Fables russes tir\u00e9es du recueil de...\"}]},{\"@type\":\"WebSite\",\"@id\":\"https:\/\/www.librairieclavreuil.com\/#website\",\"url\":\"https:\/\/www.librairieclavreuil.com\/\",\"name\":\"Libairie Clavreuil\",\"description\":\"Livres anciens, manuscrits rares et \u00e9ditions originales \u2013 Librairie Clavreuil\",\"publisher\":{\"@id\":\"https:\/\/www.librairieclavreuil.com\/#organization\"},\"potentialAction\":[{\"@type\":\"SearchAction\",\"target\":{\"@type\":\"EntryPoint\",\"urlTemplate\":\"https:\/\/www.librairieclavreuil.com\/?s={search_term_string}\"},\"query-input\":{\"@type\":\"PropertyValueSpecification\",\"valueRequired\":true,\"valueName\":\"search_term_string\"}}],\"inLanguage\":\"en-US\"},{\"@type\":\"Organization\",\"@id\":\"https:\/\/www.librairieclavreuil.com\/#organization\",\"name\":\"Libairie Clavreuil\",\"url\":\"https:\/\/www.librairieclavreuil.com\/\",\"logo\":{\"@type\":\"ImageObject\",\"inLanguage\":\"en-US\",\"@id\":\"https:\/\/www.librairieclavreuil.com\/#\/schema\/logo\/image\/\",\"url\":\"https:\/\/www.librairieclavreuil.com\/wp-content\/uploads\/2021\/06\/cropped-LOGO_PNG_DATE-_gold-512x512-1.png\",\"contentUrl\":\"https:\/\/www.librairieclavreuil.com\/wp-content\/uploads\/2021\/06\/cropped-LOGO_PNG_DATE-_gold-512x512-1.png\",\"width\":512,\"height\":512,\"caption\":\"Libairie Clavreuil\"},\"image\":{\"@id\":\"https:\/\/www.librairieclavreuil.com\/#\/schema\/logo\/image\/\"},\"sameAs\":[\"https:\/\/www.instagram.com\/librairieclavreuil\/\"]}]}<\/script>\n<!-- \/ Yoast SEO plugin. -->","yoast_head_json":{"title":"KRILOFF Ivan-Andri\u00e9vitch Fables russes tir\u00e9es du recueil de M. Kriloff et imit\u00e9es en vers fran\u00e7ais et italiens par divers auteurs ; pr\u00e9c\u00e9d\u00e9es d'une introduction fran\u00e7aise de M. Lemontey, et d'une pr\u00e9face italienne de M. Salfi. Publi\u00e9es par M. le comte Orloff. - Libairie Clavreuil","robots":{"index":"index","follow":"follow","max-snippet":"max-snippet:-1","max-image-preview":"max-image-preview:large","max-video-preview":"max-video-preview:-1"},"canonical":"https:\/\/www.librairieclavreuil.com\/en\/kriloff-ivan-andrievitch-fables-russes-tirees-du-recueil-de-m-kriloff-et-imitees-en-vers-francais-et-italiens-par-divers-auteurs-precedees-dune-introduction-francaise-de-m-lemontey-et-dune-p\/","og_locale":"en_US","og_type":"article","og_title":"KRILOFF Ivan-Andri\u00e9vitch Fables russes tir\u00e9es du recueil de M. Kriloff et imit\u00e9es en vers fran\u00e7ais et italiens par divers auteurs ; pr\u00e9c\u00e9d\u00e9es d'une introduction fran\u00e7aise de M. Lemontey, et d'une pr\u00e9face italienne de M. Salfi. Publi\u00e9es par M. le comte Orloff. - Libairie Clavreuil","og_description":"2 volumes, 8vo (220 x 140 mm) 3 nn.ll. (half-title and title in Russian, and a title in French), LXI pp., 1 nn. blanc, 242 pp., 4 nn.ll. (Fable XVII in French, in Italian, and 2 nn.ll. of tables in French and Italian) for volume I; 3 nn.ll. (half-title and title in Russian, and a title in French), 378 pp., 2 nn.ll. (tables) for volume II. Original printed wrappers.","og_url":"https:\/\/www.librairieclavreuil.com\/en\/kriloff-ivan-andrievitch-fables-russes-tirees-du-recueil-de-m-kriloff-et-imitees-en-vers-francais-et-italiens-par-divers-auteurs-precedees-dune-introduction-francaise-de-m-lemontey-et-dune-p\/","og_site_name":"Libairie Clavreuil","article_modified_time":"2025-06-03T10:36:08+00:00","og_image":[{"width":500,"height":800,"url":"https:\/\/www.librairieclavreuil.com\/wp-content\/uploads\/2025\/02\/ivan-andrievitch-kriloff-fables-russes-tirees-du-recueil-de-m-kriloff-et-imitees-en-vers-francais-et-italiens-par-divers-auteurs-precedees-d-une-intro.jpg","type":"image\/jpeg"}],"twitter_card":"summary_large_image","twitter_misc":{"Est. reading time":"2 minutes"},"schema":{"@context":"https:\/\/schema.org","@graph":[{"@type":"WebPage","@id":"https:\/\/www.librairieclavreuil.com\/en\/kriloff-ivan-andrievitch-fables-russes-tirees-du-recueil-de-m-kriloff-et-imitees-en-vers-francais-et-italiens-par-divers-auteurs-precedees-dune-introduction-francaise-de-m-lemontey-et-dune-p\/","url":"https:\/\/www.librairieclavreuil.com\/en\/kriloff-ivan-andrievitch-fables-russes-tirees-du-recueil-de-m-kriloff-et-imitees-en-vers-francais-et-italiens-par-divers-auteurs-precedees-dune-introduction-francaise-de-m-lemontey-et-dune-p\/","name":"KRILOFF Ivan-Andri\u00e9vitch Fables russes tir\u00e9es du recueil de M. Kriloff et imit\u00e9es en vers fran\u00e7ais et italiens par divers auteurs ; pr\u00e9c\u00e9d\u00e9es d'une introduction fran\u00e7aise de M. Lemontey, et d'une pr\u00e9face italienne de M. Salfi. Publi\u00e9es par M. le comte Orloff. - Libairie Clavreuil","isPartOf":{"@id":"https:\/\/www.librairieclavreuil.com\/#website"},"primaryImageOfPage":{"@id":"https:\/\/www.librairieclavreuil.com\/en\/kriloff-ivan-andrievitch-fables-russes-tirees-du-recueil-de-m-kriloff-et-imitees-en-vers-francais-et-italiens-par-divers-auteurs-precedees-dune-introduction-francaise-de-m-lemontey-et-dune-p\/#primaryimage"},"image":{"@id":"https:\/\/www.librairieclavreuil.com\/en\/kriloff-ivan-andrievitch-fables-russes-tirees-du-recueil-de-m-kriloff-et-imitees-en-vers-francais-et-italiens-par-divers-auteurs-precedees-dune-introduction-francaise-de-m-lemontey-et-dune-p\/#primaryimage"},"thumbnailUrl":"https:\/\/www.librairieclavreuil.com\/wp-content\/uploads\/2025\/02\/ivan-andrievitch-kriloff-fables-russes-tirees-du-recueil-de-m-kriloff-et-imitees-en-vers-francais-et-italiens-par-divers-auteurs-precedees-d-une-intro.jpg","datePublished":"2025-02-12T16:10:53+00:00","dateModified":"2025-06-03T10:36:08+00:00","breadcrumb":{"@id":"https:\/\/www.librairieclavreuil.com\/en\/kriloff-ivan-andrievitch-fables-russes-tirees-du-recueil-de-m-kriloff-et-imitees-en-vers-francais-et-italiens-par-divers-auteurs-precedees-dune-introduction-francaise-de-m-lemontey-et-dune-p\/#breadcrumb"},"inLanguage":"en-US","potentialAction":[{"@type":"ReadAction","target":["https:\/\/www.librairieclavreuil.com\/en\/kriloff-ivan-andrievitch-fables-russes-tirees-du-recueil-de-m-kriloff-et-imitees-en-vers-francais-et-italiens-par-divers-auteurs-precedees-dune-introduction-francaise-de-m-lemontey-et-dune-p\/"]}]},{"@type":"ImageObject","inLanguage":"en-US","@id":"https:\/\/www.librairieclavreuil.com\/en\/kriloff-ivan-andrievitch-fables-russes-tirees-du-recueil-de-m-kriloff-et-imitees-en-vers-francais-et-italiens-par-divers-auteurs-precedees-dune-introduction-francaise-de-m-lemontey-et-dune-p\/#primaryimage","url":"https:\/\/www.librairieclavreuil.com\/wp-content\/uploads\/2025\/02\/ivan-andrievitch-kriloff-fables-russes-tirees-du-recueil-de-m-kriloff-et-imitees-en-vers-francais-et-italiens-par-divers-auteurs-precedees-d-une-intro.jpg","contentUrl":"https:\/\/www.librairieclavreuil.com\/wp-content\/uploads\/2025\/02\/ivan-andrievitch-kriloff-fables-russes-tirees-du-recueil-de-m-kriloff-et-imitees-en-vers-francais-et-italiens-par-divers-auteurs-precedees-d-une-intro.jpg","width":500,"height":800},{"@type":"BreadcrumbList","@id":"https:\/\/www.librairieclavreuil.com\/en\/kriloff-ivan-andrievitch-fables-russes-tirees-du-recueil-de-m-kriloff-et-imitees-en-vers-francais-et-italiens-par-divers-auteurs-precedees-dune-introduction-francaise-de-m-lemontey-et-dune-p\/#breadcrumb","itemListElement":[{"@type":"ListItem","position":1,"name":"Accueil","item":"https:\/\/www.librairieclavreuil.com\/"},{"@type":"ListItem","position":2,"name":"All our books","item":"https:\/\/www.librairieclavreuil.com\/en\/all-our-books\/"},{"@type":"ListItem","position":3,"name":"KRILOFF Ivan-Andri\u00e9vitch Fables russes tir\u00e9es du recueil de..."}]},{"@type":"WebSite","@id":"https:\/\/www.librairieclavreuil.com\/#website","url":"https:\/\/www.librairieclavreuil.com\/","name":"Libairie Clavreuil","description":"Livres anciens, manuscrits rares et \u00e9ditions originales \u2013 Librairie Clavreuil","publisher":{"@id":"https:\/\/www.librairieclavreuil.com\/#organization"},"potentialAction":[{"@type":"SearchAction","target":{"@type":"EntryPoint","urlTemplate":"https:\/\/www.librairieclavreuil.com\/?s={search_term_string}"},"query-input":{"@type":"PropertyValueSpecification","valueRequired":true,"valueName":"search_term_string"}}],"inLanguage":"en-US"},{"@type":"Organization","@id":"https:\/\/www.librairieclavreuil.com\/#organization","name":"Libairie Clavreuil","url":"https:\/\/www.librairieclavreuil.com\/","logo":{"@type":"ImageObject","inLanguage":"en-US","@id":"https:\/\/www.librairieclavreuil.com\/#\/schema\/logo\/image\/","url":"https:\/\/www.librairieclavreuil.com\/wp-content\/uploads\/2021\/06\/cropped-LOGO_PNG_DATE-_gold-512x512-1.png","contentUrl":"https:\/\/www.librairieclavreuil.com\/wp-content\/uploads\/2021\/06\/cropped-LOGO_PNG_DATE-_gold-512x512-1.png","width":512,"height":512,"caption":"Libairie Clavreuil"},"image":{"@id":"https:\/\/www.librairieclavreuil.com\/#\/schema\/logo\/image\/"},"sameAs":["https:\/\/www.instagram.com\/librairieclavreuil\/"]}]}},"jetpack_sharing_enabled":true,"_links":{"self":[{"href":"https:\/\/www.librairieclavreuil.com\/en\/wp-json\/wp\/v2\/product\/83144","targetHints":{"allow":["GET"]}}],"collection":[{"href":"https:\/\/www.librairieclavreuil.com\/en\/wp-json\/wp\/v2\/product"}],"about":[{"href":"https:\/\/www.librairieclavreuil.com\/en\/wp-json\/wp\/v2\/types\/product"}],"replies":[{"embeddable":true,"href":"https:\/\/www.librairieclavreuil.com\/en\/wp-json\/wp\/v2\/comments?post=83144"}],"wp:featuredmedia":[{"embeddable":true,"href":"https:\/\/www.librairieclavreuil.com\/en\/wp-json\/wp\/v2\/media\/83135"}],"wp:attachment":[{"href":"https:\/\/www.librairieclavreuil.com\/en\/wp-json\/wp\/v2\/media?parent=83144"}],"wp:term":[{"taxonomy":"product_brand","embeddable":true,"href":"https:\/\/www.librairieclavreuil.com\/en\/wp-json\/wp\/v2\/product_brand?post=83144"},{"taxonomy":"product_cat","embeddable":true,"href":"https:\/\/www.librairieclavreuil.com\/en\/wp-json\/wp\/v2\/product_cat?post=83144"},{"taxonomy":"product_tag","embeddable":true,"href":"https:\/\/www.librairieclavreuil.com\/en\/wp-json\/wp\/v2\/product_tag?post=83144"}],"curies":[{"name":"wp","href":"https:\/\/api.w.org\/{rel}","templated":true}]}}