{"id":83110,"date":"2025-02-12T17:06:33","date_gmt":"2025-02-12T16:06:33","guid":{"rendered":"https:\/\/www.librairieclavreuil.com\/debray-henri-etude-geologique-archeologique-de-quelques-tourbieres-du-littoral-flamand-et-du-departement-de-la-somme\/"},"modified":"2025-06-03T12:25:45","modified_gmt":"2025-06-03T10:25:45","slug":"debray-henri-etude-geologique-archeologique-de-quelques-tourbieres-du-littoral-flamand-et-du-departement-de-la-somme","status":"publish","type":"product","link":"https:\/\/www.librairieclavreuil.com\/en\/debray-henri-etude-geologique-archeologique-de-quelques-tourbieres-du-littoral-flamand-et-du-departement-de-la-somme\/","title":{"rendered":"DEBRAY Henri \u00c9tude g\u00e9ologique &amp; arch\u00e9ologique de quelques..."},"content":{"rendered":"<p style=\"text-align:justify\"><span style=\"font-variant:small-caps\">First edition of the offprint, taken from the <\/span><i><span style=\"font-variant:small-caps\">M\u00e9moires de la Soci\u00e9t\u00e9 des Sciences, de l&#8217;Agriculture et des Arts de Lille<\/span><\/i><span style=\"font-variant:small-caps\">, 1873.<\/span><\/p>\n<p style=\"text-align:justify\">Important study on the discovery of salt pans in northern France and Belgium, on the territory of the <i>Civitas Menapiorum<\/i> and the <i>Civitas Morinorum<\/i>.<\/p>\n<p style=\"text-align:justify\">&#8220;In the 19th century, many &#8216;Antiquaries&#8217; took an interest in the Noires-Terres site, but paid no attention to Ard\u00e9sian bricks. The exception, not surprisingly coming from a scientist, was Henri Debray. This renowned engineer with a passion for archaeology analysed what he called T-shaped bricks, in documents that have remained unpublished, alongside his <i>\u00c9tudes de quelques tourbi\u00e8res du littoral flamand et de la Somme<\/i>&#8221; (Michel Cabal &amp; Hugo Thoen, in: <i>Revue du Nord<\/i>, 1985, pp. 193 ff, L&#8217;Industrie du sel \u00e0 Ardes \u00e0 l&#8217;\u00e9poque romaine&#8221;).<\/p>\n<p style=\"text-align:justify\">The plates show plans, sections and archaeological objects found during excavations.<\/p>\n<p style=\"text-align:justify\">A very good presentation copy, with an autograph inscription on the title page and on the cover &#8220;a Monsieur Bertin souvenir affectueux, H. Debray&#8221;.<\/p>\n","protected":false},"excerpt":{"rendered":"<p style=\"text-align:justify\">8vo (225 x 140 mm) 2 nn.ll., 53 pp., 1 nn.l., 13 large lithographed and tinted folding plates. Original blue printed wrappers.<\/p>\n","protected":false},"featured_media":83093,"comment_status":"open","ping_status":"closed","template":"","meta":{"_acf_changed":false},"product_brand":[],"product_cat":[540],"product_tag":[1332,578,554],"class_list":{"0":"post-83110","1":"product","2":"type-product","3":"status-publish","4":"has-post-thumbnail","6":"product_cat-natural-history","7":"product_tag-general-mineralogy","8":"product_tag-geology","9":"product_tag-mineralogy","10":"pa_auteur-debray-henri-2","11":"pa_type-de-livre-printed-book","13":"first","14":"instock","15":"shipping-taxable","16":"purchasable","17":"product-type-simple"},"acf":{"artist":" Henri DEBRAY","chapeau":"Presentation copy","adresse_bibliographique":"Paris, J.-B. Dumoulin, 1873","book_type":"Printed book","provenance":"","afficher_prix":""},"yoast_head":"<!-- This site is optimized with the Yoast SEO plugin v24.7 - https:\/\/yoast.com\/wordpress\/plugins\/seo\/ -->\n<title>DEBRAY Henri \u00c9tude g\u00e9ologique &amp; arch\u00e9ologique de quelques tourbi\u00e8res du littoral flamand et du d\u00e9partement de la Somme. - Libairie Clavreuil<\/title>\n<meta name=\"robots\" content=\"index, follow, max-snippet:-1, max-image-preview:large, max-video-preview:-1\" \/>\n<link rel=\"canonical\" href=\"https:\/\/www.librairieclavreuil.com\/en\/debray-henri-etude-geologique-archeologique-de-quelques-tourbieres-du-littoral-flamand-et-du-departement-de-la-somme\/\" \/>\n<meta property=\"og:locale\" content=\"en_US\" \/>\n<meta property=\"og:type\" content=\"article\" \/>\n<meta property=\"og:title\" content=\"DEBRAY Henri \u00c9tude g\u00e9ologique &amp; arch\u00e9ologique de quelques tourbi\u00e8res du littoral flamand et du d\u00e9partement de la Somme. - Libairie Clavreuil\" \/>\n<meta property=\"og:description\" content=\"8vo (225 x 140 mm) 2 nn.ll., 53 pp., 1 nn.l., 13 large lithographed and tinted folding plates. Original blue printed wrappers.\" \/>\n<meta property=\"og:url\" content=\"https:\/\/www.librairieclavreuil.com\/en\/debray-henri-etude-geologique-archeologique-de-quelques-tourbieres-du-littoral-flamand-et-du-departement-de-la-somme\/\" \/>\n<meta property=\"og:site_name\" content=\"Libairie Clavreuil\" \/>\n<meta property=\"article:modified_time\" content=\"2025-06-03T10:25:45+00:00\" \/>\n<meta property=\"og:image\" content=\"https:\/\/www.librairieclavreuil.com\/wp-content\/uploads\/2025\/02\/henri-debray-etude-geologique-archeologique-de-quelques-tourbieres-du-littoral-flamand-et-du-departement-de-la-somme-7399-678fb89ed3eab.jpg\" \/>\n\t<meta property=\"og:image:width\" content=\"622\" \/>\n\t<meta property=\"og:image:height\" content=\"800\" \/>\n\t<meta property=\"og:image:type\" content=\"image\/jpeg\" \/>\n<meta name=\"twitter:card\" content=\"summary_large_image\" \/>\n<meta name=\"twitter:label1\" content=\"Est. reading time\" \/>\n\t<meta name=\"twitter:data1\" content=\"1 minute\" \/>\n<script type=\"application\/ld+json\" class=\"yoast-schema-graph\">{\"@context\":\"https:\/\/schema.org\",\"@graph\":[{\"@type\":\"WebPage\",\"@id\":\"https:\/\/www.librairieclavreuil.com\/en\/debray-henri-etude-geologique-archeologique-de-quelques-tourbieres-du-littoral-flamand-et-du-departement-de-la-somme\/\",\"url\":\"https:\/\/www.librairieclavreuil.com\/en\/debray-henri-etude-geologique-archeologique-de-quelques-tourbieres-du-littoral-flamand-et-du-departement-de-la-somme\/\",\"name\":\"DEBRAY Henri \u00c9tude g\u00e9ologique &amp; arch\u00e9ologique de quelques tourbi\u00e8res du littoral flamand et du d\u00e9partement de la Somme. - Libairie Clavreuil\",\"isPartOf\":{\"@id\":\"https:\/\/www.librairieclavreuil.com\/#website\"},\"primaryImageOfPage\":{\"@id\":\"https:\/\/www.librairieclavreuil.com\/en\/debray-henri-etude-geologique-archeologique-de-quelques-tourbieres-du-littoral-flamand-et-du-departement-de-la-somme\/#primaryimage\"},\"image\":{\"@id\":\"https:\/\/www.librairieclavreuil.com\/en\/debray-henri-etude-geologique-archeologique-de-quelques-tourbieres-du-littoral-flamand-et-du-departement-de-la-somme\/#primaryimage\"},\"thumbnailUrl\":\"https:\/\/www.librairieclavreuil.com\/wp-content\/uploads\/2025\/02\/henri-debray-etude-geologique-archeologique-de-quelques-tourbieres-du-littoral-flamand-et-du-departement-de-la-somme-7399-678fb89ed3eab.jpg\",\"datePublished\":\"2025-02-12T16:06:33+00:00\",\"dateModified\":\"2025-06-03T10:25:45+00:00\",\"breadcrumb\":{\"@id\":\"https:\/\/www.librairieclavreuil.com\/en\/debray-henri-etude-geologique-archeologique-de-quelques-tourbieres-du-littoral-flamand-et-du-departement-de-la-somme\/#breadcrumb\"},\"inLanguage\":\"en-US\",\"potentialAction\":[{\"@type\":\"ReadAction\",\"target\":[\"https:\/\/www.librairieclavreuil.com\/en\/debray-henri-etude-geologique-archeologique-de-quelques-tourbieres-du-littoral-flamand-et-du-departement-de-la-somme\/\"]}]},{\"@type\":\"ImageObject\",\"inLanguage\":\"en-US\",\"@id\":\"https:\/\/www.librairieclavreuil.com\/en\/debray-henri-etude-geologique-archeologique-de-quelques-tourbieres-du-littoral-flamand-et-du-departement-de-la-somme\/#primaryimage\",\"url\":\"https:\/\/www.librairieclavreuil.com\/wp-content\/uploads\/2025\/02\/henri-debray-etude-geologique-archeologique-de-quelques-tourbieres-du-littoral-flamand-et-du-departement-de-la-somme-7399-678fb89ed3eab.jpg\",\"contentUrl\":\"https:\/\/www.librairieclavreuil.com\/wp-content\/uploads\/2025\/02\/henri-debray-etude-geologique-archeologique-de-quelques-tourbieres-du-littoral-flamand-et-du-departement-de-la-somme-7399-678fb89ed3eab.jpg\",\"width\":622,\"height\":800},{\"@type\":\"BreadcrumbList\",\"@id\":\"https:\/\/www.librairieclavreuil.com\/en\/debray-henri-etude-geologique-archeologique-de-quelques-tourbieres-du-littoral-flamand-et-du-departement-de-la-somme\/#breadcrumb\",\"itemListElement\":[{\"@type\":\"ListItem\",\"position\":1,\"name\":\"Accueil\",\"item\":\"https:\/\/www.librairieclavreuil.com\/\"},{\"@type\":\"ListItem\",\"position\":2,\"name\":\"All our books\",\"item\":\"https:\/\/www.librairieclavreuil.com\/en\/all-our-books\/\"},{\"@type\":\"ListItem\",\"position\":3,\"name\":\"DEBRAY Henri \u00c9tude g\u00e9ologique &amp; arch\u00e9ologique de quelques...\"}]},{\"@type\":\"WebSite\",\"@id\":\"https:\/\/www.librairieclavreuil.com\/#website\",\"url\":\"https:\/\/www.librairieclavreuil.com\/\",\"name\":\"Libairie Clavreuil\",\"description\":\"Livres anciens, manuscrits rares et \u00e9ditions originales \u2013 Librairie Clavreuil\",\"publisher\":{\"@id\":\"https:\/\/www.librairieclavreuil.com\/#organization\"},\"potentialAction\":[{\"@type\":\"SearchAction\",\"target\":{\"@type\":\"EntryPoint\",\"urlTemplate\":\"https:\/\/www.librairieclavreuil.com\/?s={search_term_string}\"},\"query-input\":{\"@type\":\"PropertyValueSpecification\",\"valueRequired\":true,\"valueName\":\"search_term_string\"}}],\"inLanguage\":\"en-US\"},{\"@type\":\"Organization\",\"@id\":\"https:\/\/www.librairieclavreuil.com\/#organization\",\"name\":\"Libairie Clavreuil\",\"url\":\"https:\/\/www.librairieclavreuil.com\/\",\"logo\":{\"@type\":\"ImageObject\",\"inLanguage\":\"en-US\",\"@id\":\"https:\/\/www.librairieclavreuil.com\/#\/schema\/logo\/image\/\",\"url\":\"https:\/\/www.librairieclavreuil.com\/wp-content\/uploads\/2021\/06\/cropped-LOGO_PNG_DATE-_gold-512x512-1.png\",\"contentUrl\":\"https:\/\/www.librairieclavreuil.com\/wp-content\/uploads\/2021\/06\/cropped-LOGO_PNG_DATE-_gold-512x512-1.png\",\"width\":512,\"height\":512,\"caption\":\"Libairie Clavreuil\"},\"image\":{\"@id\":\"https:\/\/www.librairieclavreuil.com\/#\/schema\/logo\/image\/\"},\"sameAs\":[\"https:\/\/www.instagram.com\/librairieclavreuil\/\"]}]}<\/script>\n<!-- \/ Yoast SEO plugin. -->","yoast_head_json":{"title":"DEBRAY Henri \u00c9tude g\u00e9ologique &amp; arch\u00e9ologique de quelques tourbi\u00e8res du littoral flamand et du d\u00e9partement de la Somme. - Libairie Clavreuil","robots":{"index":"index","follow":"follow","max-snippet":"max-snippet:-1","max-image-preview":"max-image-preview:large","max-video-preview":"max-video-preview:-1"},"canonical":"https:\/\/www.librairieclavreuil.com\/en\/debray-henri-etude-geologique-archeologique-de-quelques-tourbieres-du-littoral-flamand-et-du-departement-de-la-somme\/","og_locale":"en_US","og_type":"article","og_title":"DEBRAY Henri \u00c9tude g\u00e9ologique &amp; arch\u00e9ologique de quelques tourbi\u00e8res du littoral flamand et du d\u00e9partement de la Somme. - Libairie Clavreuil","og_description":"8vo (225 x 140 mm) 2 nn.ll., 53 pp., 1 nn.l., 13 large lithographed and tinted folding plates. Original blue printed wrappers.","og_url":"https:\/\/www.librairieclavreuil.com\/en\/debray-henri-etude-geologique-archeologique-de-quelques-tourbieres-du-littoral-flamand-et-du-departement-de-la-somme\/","og_site_name":"Libairie Clavreuil","article_modified_time":"2025-06-03T10:25:45+00:00","og_image":[{"width":622,"height":800,"url":"https:\/\/www.librairieclavreuil.com\/wp-content\/uploads\/2025\/02\/henri-debray-etude-geologique-archeologique-de-quelques-tourbieres-du-littoral-flamand-et-du-departement-de-la-somme-7399-678fb89ed3eab.jpg","type":"image\/jpeg"}],"twitter_card":"summary_large_image","twitter_misc":{"Est. reading time":"1 minute"},"schema":{"@context":"https:\/\/schema.org","@graph":[{"@type":"WebPage","@id":"https:\/\/www.librairieclavreuil.com\/en\/debray-henri-etude-geologique-archeologique-de-quelques-tourbieres-du-littoral-flamand-et-du-departement-de-la-somme\/","url":"https:\/\/www.librairieclavreuil.com\/en\/debray-henri-etude-geologique-archeologique-de-quelques-tourbieres-du-littoral-flamand-et-du-departement-de-la-somme\/","name":"DEBRAY Henri \u00c9tude g\u00e9ologique &amp; arch\u00e9ologique de quelques tourbi\u00e8res du littoral flamand et du d\u00e9partement de la Somme. - Libairie Clavreuil","isPartOf":{"@id":"https:\/\/www.librairieclavreuil.com\/#website"},"primaryImageOfPage":{"@id":"https:\/\/www.librairieclavreuil.com\/en\/debray-henri-etude-geologique-archeologique-de-quelques-tourbieres-du-littoral-flamand-et-du-departement-de-la-somme\/#primaryimage"},"image":{"@id":"https:\/\/www.librairieclavreuil.com\/en\/debray-henri-etude-geologique-archeologique-de-quelques-tourbieres-du-littoral-flamand-et-du-departement-de-la-somme\/#primaryimage"},"thumbnailUrl":"https:\/\/www.librairieclavreuil.com\/wp-content\/uploads\/2025\/02\/henri-debray-etude-geologique-archeologique-de-quelques-tourbieres-du-littoral-flamand-et-du-departement-de-la-somme-7399-678fb89ed3eab.jpg","datePublished":"2025-02-12T16:06:33+00:00","dateModified":"2025-06-03T10:25:45+00:00","breadcrumb":{"@id":"https:\/\/www.librairieclavreuil.com\/en\/debray-henri-etude-geologique-archeologique-de-quelques-tourbieres-du-littoral-flamand-et-du-departement-de-la-somme\/#breadcrumb"},"inLanguage":"en-US","potentialAction":[{"@type":"ReadAction","target":["https:\/\/www.librairieclavreuil.com\/en\/debray-henri-etude-geologique-archeologique-de-quelques-tourbieres-du-littoral-flamand-et-du-departement-de-la-somme\/"]}]},{"@type":"ImageObject","inLanguage":"en-US","@id":"https:\/\/www.librairieclavreuil.com\/en\/debray-henri-etude-geologique-archeologique-de-quelques-tourbieres-du-littoral-flamand-et-du-departement-de-la-somme\/#primaryimage","url":"https:\/\/www.librairieclavreuil.com\/wp-content\/uploads\/2025\/02\/henri-debray-etude-geologique-archeologique-de-quelques-tourbieres-du-littoral-flamand-et-du-departement-de-la-somme-7399-678fb89ed3eab.jpg","contentUrl":"https:\/\/www.librairieclavreuil.com\/wp-content\/uploads\/2025\/02\/henri-debray-etude-geologique-archeologique-de-quelques-tourbieres-du-littoral-flamand-et-du-departement-de-la-somme-7399-678fb89ed3eab.jpg","width":622,"height":800},{"@type":"BreadcrumbList","@id":"https:\/\/www.librairieclavreuil.com\/en\/debray-henri-etude-geologique-archeologique-de-quelques-tourbieres-du-littoral-flamand-et-du-departement-de-la-somme\/#breadcrumb","itemListElement":[{"@type":"ListItem","position":1,"name":"Accueil","item":"https:\/\/www.librairieclavreuil.com\/"},{"@type":"ListItem","position":2,"name":"All our books","item":"https:\/\/www.librairieclavreuil.com\/en\/all-our-books\/"},{"@type":"ListItem","position":3,"name":"DEBRAY Henri \u00c9tude g\u00e9ologique &amp; arch\u00e9ologique de quelques..."}]},{"@type":"WebSite","@id":"https:\/\/www.librairieclavreuil.com\/#website","url":"https:\/\/www.librairieclavreuil.com\/","name":"Libairie Clavreuil","description":"Livres anciens, manuscrits rares et \u00e9ditions originales \u2013 Librairie Clavreuil","publisher":{"@id":"https:\/\/www.librairieclavreuil.com\/#organization"},"potentialAction":[{"@type":"SearchAction","target":{"@type":"EntryPoint","urlTemplate":"https:\/\/www.librairieclavreuil.com\/?s={search_term_string}"},"query-input":{"@type":"PropertyValueSpecification","valueRequired":true,"valueName":"search_term_string"}}],"inLanguage":"en-US"},{"@type":"Organization","@id":"https:\/\/www.librairieclavreuil.com\/#organization","name":"Libairie Clavreuil","url":"https:\/\/www.librairieclavreuil.com\/","logo":{"@type":"ImageObject","inLanguage":"en-US","@id":"https:\/\/www.librairieclavreuil.com\/#\/schema\/logo\/image\/","url":"https:\/\/www.librairieclavreuil.com\/wp-content\/uploads\/2021\/06\/cropped-LOGO_PNG_DATE-_gold-512x512-1.png","contentUrl":"https:\/\/www.librairieclavreuil.com\/wp-content\/uploads\/2021\/06\/cropped-LOGO_PNG_DATE-_gold-512x512-1.png","width":512,"height":512,"caption":"Libairie Clavreuil"},"image":{"@id":"https:\/\/www.librairieclavreuil.com\/#\/schema\/logo\/image\/"},"sameAs":["https:\/\/www.instagram.com\/librairieclavreuil\/"]}]}},"jetpack_sharing_enabled":true,"_links":{"self":[{"href":"https:\/\/www.librairieclavreuil.com\/en\/wp-json\/wp\/v2\/product\/83110","targetHints":{"allow":["GET"]}}],"collection":[{"href":"https:\/\/www.librairieclavreuil.com\/en\/wp-json\/wp\/v2\/product"}],"about":[{"href":"https:\/\/www.librairieclavreuil.com\/en\/wp-json\/wp\/v2\/types\/product"}],"replies":[{"embeddable":true,"href":"https:\/\/www.librairieclavreuil.com\/en\/wp-json\/wp\/v2\/comments?post=83110"}],"wp:featuredmedia":[{"embeddable":true,"href":"https:\/\/www.librairieclavreuil.com\/en\/wp-json\/wp\/v2\/media\/83093"}],"wp:attachment":[{"href":"https:\/\/www.librairieclavreuil.com\/en\/wp-json\/wp\/v2\/media?parent=83110"}],"wp:term":[{"taxonomy":"product_brand","embeddable":true,"href":"https:\/\/www.librairieclavreuil.com\/en\/wp-json\/wp\/v2\/product_brand?post=83110"},{"taxonomy":"product_cat","embeddable":true,"href":"https:\/\/www.librairieclavreuil.com\/en\/wp-json\/wp\/v2\/product_cat?post=83110"},{"taxonomy":"product_tag","embeddable":true,"href":"https:\/\/www.librairieclavreuil.com\/en\/wp-json\/wp\/v2\/product_tag?post=83110"}],"curies":[{"name":"wp","href":"https:\/\/api.w.org\/{rel}","templated":true}]}}